{"id":81005,"date":"2024-03-27T10:54:28","date_gmt":"2024-03-27T07:54:28","guid":{"rendered":"https:\/\/xstyle.md\/?post_type=product&#038;p=81005"},"modified":"2026-03-19T16:19:24","modified_gmt":"2026-03-19T13:19:24","slug":"aksessuar-gopro-extension-pole-waterproof-shutter-remote","status":"publish","type":"product","link":"https:\/\/xstyle.md\/ro\/produs\/aksessuar-gopro-extension-pole-waterproof-shutter-remote\/","title":{"rendered":"Accesoriu stativ GoPro Extension Pole + Waterproof Shutter Remote (AGXTS-002-EU)"},"content":{"rendered":"<\/p>\n<p><strong>GoPro Extension Pole + Waterproof Shutter Remote<\/strong> &#8212; stativ extensibil cu telecomand\u0103 pentru filmarea videoclipurilor cu ritm rapid.<\/p>\n<p>Stativ se extinde p\u00e2n\u0103 la 122 cm \u0219i se pliaz\u0103 p\u00e2n\u0103 la 25 cm, oferindu-v\u0103 mai mult\u0103 flexibilitate atunci c\u00e2nd fotografia\u021bi \u00een mi\u0219care. Telecomanda Bluetooth deta\u0219abil\u0103 faciliteaz\u0103 realizarea de fotografii \u0219i pornirea\/oprirea \u00eenregistr\u0103rii atunci c\u00e2nd bastonul este extins \u0219i GoPro este \u00een afara razei de ac\u021biune. Stickul este fabricat din aluminiu u\u0219or \u0219i rezistent \u0219i este rezistent la ap\u0103, astfel \u00eenc\u00e2t s\u0103 pute\u021bi filma activit\u0103\u021bile preferate \u00een condi\u021bii de umiditate sau de usc\u0103ciune, f\u0103r\u0103 a \u00eentrerupe momentul.<\/p>\n<h3>Particularit\u0103\u021bi<\/h3>\n<ul>\n<li>Telecomanda simpl\u0103 cu un singur buton pentru camera Bluetooth v\u0103 permite s\u0103 face\u021bi fotografii \u0219i s\u0103 porni\u021bi\/opri\u021bi \u00eenregistrarea video f\u0103r\u0103 a fi nevoie s\u0103 ajunge\u021bi la camer\u0103<\/li>\n<li>Sec\u021biunile u\u0219oare din aluminiu sunt rezistente \u0219i rigide, concepute pentru o extensie rapid\u0103 \u0219i u\u0219oar\u0103<\/li>\n<li>Suport cu \u0219urub 1\/4-20 \u00een partea de sus a st\u00e2lpului pentru montarea camerei cu ajutorul adaptorului inclus, care se poate roti la 360 \u00b0 \u0219i cu degetul<\/li>\n<li>Telecomanda de declan\u0219are rezistent\u0103 la ap\u0103 poate fi scufundat\u0103 \u00een ap\u0103 p\u00e2n\u0103 la 5 metri ad\u00e2ncime<\/li>\n<li>M\u00e2ner antiderapant premium pentru un control sigur<\/li>\n<li>Inser\u021bie filetat\u0103 1\/4-20 \u00een partea de jos a st\u00e2lpului pentru compatibilitate cu alte monturi standard.<\/li>\n<\/ul>\n<h3>Setul include<\/h3>\n<ul>\n<li>Stativ extensibil<\/li>\n<li>Telecomand\u0103 rezistent\u0103 la ap\u0103 Bluetooth Shutter Remote<\/li>\n<li>Adaptor pentru \u0219tift de montare<\/li>\n<li>Adaptor pentru articula\u021bie sferic\u0103<\/li>\n<li>\u0218nur de \u00eencheietur\u0103 pentru \u00eencheietura m\u00e2inii<\/li>\n<li>\u0218urub pentru degetul mare<\/li>\n<li>Curea pentru telecomand\u0103<\/li>\n<li>Extensie pentru curea de \u00eencheietura m\u00e2inii.<\/li>\n<\/ul>\n<p><\/p>","protected":false},"excerpt":{"rendered":"","protected":false},"featured_media":81089,"comment_status":"open","ping_status":"closed","template":"","meta":{"_acf_changed":false,"inline_featured_image":false},"product_brand":[1307],"product_cat":[909],"product_tag":[],"class_list":{"0":"post-81005","1":"product","2":"type-product","3":"status-publish","4":"has-post-thumbnail","6":"product_brand-gopro","7":"product_cat-monopiede","9":"first","10":"instock","11":"shipping-taxable","12":"purchasable","13":"product-type-simple"},"acf":[],"yoast_head":"<!-- This site is optimized with the Yoast SEO plugin v27.2 - https:\/\/yoast.com\/product\/yoast-seo-wordpress\/ -->\n<title>\u041c\u043e\u043d\u043e\u043f\u043e\u0434 \u0442\u0435\u043b\u0435\u0441\u043a\u043e\u043f\u0438\u0447\u0435\u0441\u043a\u0438\u0439 GoPro Extension Pole + \u0432\u043e\u0434\u043e\u043d\u0435\u043f\u0440\u043e\u043d\u0438\u0446\u0430\u0435\u043c\u044b\u0439 \u043f\u0443\u043b\u044c\u0442 \u0443\u043f\u0440\u0430\u0432\u043b\u0435\u043d\u0438\u044f Waterproof Shutter Remote (AGXTS-002-EU) - \u041c\u0430\u0433\u0430\u0437\u0438\u043d Xstyle<\/title>\n<meta name=\"description\" content=\"\u041a\u0443\u043f\u0438\u0442\u0435 \u0430\u043a\u0441\u0435\u0441\u0441\u0443\u0430\u0440 GoPro \u2013 \u0443\u0434\u043b\u0438\u043d\u0438\u0442\u0435\u043b\u044c \u0438 \u0432\u043e\u0434\u043e\u043d\u0435\u043f\u0440\u043e\u043d\u0438\u0446\u0430\u0435\u043c\u044b\u0439 \u043f\u0443\u043b\u044c\u0442. \u041a\u043e\u043c\u043f\u0430\u043a\u0442\u043d\u044b\u0439,\u4f38 at\u00e9 122 \u0441\u043c, \u0438\u0434\u0435\u0430\u043b\u0435\u043d \u0434\u043b\u044f \u0441\u044a\u0435\u043c\u043a\u0438 \u0434\u0438\u043d\u0430\u043c\u0438\u0447\u043d\u044b\u0445 \u0432\u0438\u0434\u0435\u043e \u0441 \u043b\u0435\u0433\u043a\u043e\u0441\u0442\u044c\u044e.\" \/>\n<meta name=\"robots\" content=\"index, follow, max-snippet:-1, max-image-preview:large, max-video-preview:-1\" \/>\n<link rel=\"canonical\" href=\"https:\/\/xstyle.md\/ro\/produs\/aksessuar-gopro-extension-pole-waterproof-shutter-remote\/\" \/>\n<meta property=\"og:locale\" content=\"ro_RO\" \/>\n<meta property=\"og:type\" content=\"article\" \/>\n<meta property=\"og:title\" content=\"\u041c\u043e\u043d\u043e\u043f\u043e\u0434 \u0442\u0435\u043b\u0435\u0441\u043a\u043e\u043f\u0438\u0447\u0435\u0441\u043a\u0438\u0439 GoPro Extension Pole + \u0432\u043e\u0434\u043e\u043d\u0435\u043f\u0440\u043e\u043d\u0438\u0446\u0430\u0435\u043c\u044b\u0439 \u043f\u0443\u043b\u044c\u0442 \u0443\u043f\u0440\u0430\u0432\u043b\u0435\u043d\u0438\u044f Waterproof Shutter Remote (AGXTS-002-EU) - \u041c\u0430\u0433\u0430\u0437\u0438\u043d Xstyle\" \/>\n<meta property=\"og:description\" content=\"\u041a\u0443\u043f\u0438\u0442\u0435 \u0430\u043a\u0441\u0435\u0441\u0441\u0443\u0430\u0440 GoPro \u2013 \u0443\u0434\u043b\u0438\u043d\u0438\u0442\u0435\u043b\u044c \u0438 \u0432\u043e\u0434\u043e\u043d\u0435\u043f\u0440\u043e\u043d\u0438\u0446\u0430\u0435\u043c\u044b\u0439 \u043f\u0443\u043b\u044c\u0442. \u041a\u043e\u043c\u043f\u0430\u043a\u0442\u043d\u044b\u0439,\u4f38 at\u00e9 122 \u0441\u043c, \u0438\u0434\u0435\u0430\u043b\u0435\u043d \u0434\u043b\u044f \u0441\u044a\u0435\u043c\u043a\u0438 \u0434\u0438\u043d\u0430\u043c\u0438\u0447\u043d\u044b\u0445 \u0432\u0438\u0434\u0435\u043e \u0441 \u043b\u0435\u0433\u043a\u043e\u0441\u0442\u044c\u044e.\" \/>\n<meta property=\"og:url\" content=\"https:\/\/xstyle.md\/ro\/produs\/aksessuar-gopro-extension-pole-waterproof-shutter-remote\/\" \/>\n<meta property=\"og:site_name\" content=\"\u041c\u0430\u0433\u0430\u0437\u0438\u043d Xstyle\" \/>\n<meta property=\"article:publisher\" content=\"https:\/\/www.facebook.com\/xstylemd\" \/>\n<meta property=\"article:modified_time\" content=\"2026-03-19T13:19:24+00:00\" \/>\n<meta property=\"og:image\" content=\"https:\/\/xstyle.md\/wp-content\/uploads\/2024\/03\/gopro-extension-pole-waterproof-shutter-remote.jpg\" \/>\n\t<meta property=\"og:image:width\" content=\"1170\" \/>\n\t<meta property=\"og:image:height\" content=\"1047\" \/>\n\t<meta property=\"og:image:type\" content=\"image\/jpeg\" \/>\n<meta name=\"twitter:card\" content=\"summary_large_image\" \/>\n<meta name=\"twitter:label1\" content=\"Pre\u021b\" \/>\n\t<meta name=\"twitter:data1\" content=\"2.590&nbsp;MDL\" \/>\n\t<meta name=\"twitter:label2\" content=\"Disponibilitate\" \/>\n\t<meta name=\"twitter:data2\" content=\"\u00cen stoc\" \/>\n<script type=\"application\/ld+json\" class=\"yoast-schema-graph\">{\"@context\":\"https:\/\/schema.org\",\"@graph\":[{\"@type\":\"WebPage\",\"@id\":\"https:\/\/xstyle.md\/product\/aksessuar-gopro-extension-pole-waterproof-shutter-remote\/\",\"url\":\"https:\/\/xstyle.md\/product\/aksessuar-gopro-extension-pole-waterproof-shutter-remote\/\",\"name\":\"\u041c\u043e\u043d\u043e\u043f\u043e\u0434 \u0442\u0435\u043b\u0435\u0441\u043a\u043e\u043f\u0438\u0447\u0435\u0441\u043a\u0438\u0439 GoPro Extension Pole + \u0432\u043e\u0434\u043e\u043d\u0435\u043f\u0440\u043e\u043d\u0438\u0446\u0430\u0435\u043c\u044b\u0439 \u043f\u0443\u043b\u044c\u0442 \u0443\u043f\u0440\u0430\u0432\u043b\u0435\u043d\u0438\u044f Waterproof Shutter Remote (AGXTS-002-EU) - \u041c\u0430\u0433\u0430\u0437\u0438\u043d Xstyle\",\"isPartOf\":{\"@id\":\"https:\/\/xstyle.md\/#website\"},\"primaryImageOfPage\":{\"@id\":\"https:\/\/xstyle.md\/product\/aksessuar-gopro-extension-pole-waterproof-shutter-remote\/#primaryimage\"},\"image\":{\"@id\":\"https:\/\/xstyle.md\/product\/aksessuar-gopro-extension-pole-waterproof-shutter-remote\/#primaryimage\"},\"thumbnailUrl\":\"https:\/\/xstyle.md\/wp-content\/uploads\/2024\/03\/gopro-extension-pole-waterproof-shutter-remote.jpg\",\"datePublished\":\"2024-03-27T07:54:28+00:00\",\"dateModified\":\"2026-03-19T13:19:24+00:00\",\"description\":\"\u041a\u0443\u043f\u0438\u0442\u0435 \u0430\u043a\u0441\u0435\u0441\u0441\u0443\u0430\u0440 GoPro \u2013 \u0443\u0434\u043b\u0438\u043d\u0438\u0442\u0435\u043b\u044c \u0438 \u0432\u043e\u0434\u043e\u043d\u0435\u043f\u0440\u043e\u043d\u0438\u0446\u0430\u0435\u043c\u044b\u0439 \u043f\u0443\u043b\u044c\u0442. \u041a\u043e\u043c\u043f\u0430\u043a\u0442\u043d\u044b\u0439,\u4f38 at\u00e9 122 \u0441\u043c, \u0438\u0434\u0435\u0430\u043b\u0435\u043d \u0434\u043b\u044f \u0441\u044a\u0435\u043c\u043a\u0438 \u0434\u0438\u043d\u0430\u043c\u0438\u0447\u043d\u044b\u0445 \u0432\u0438\u0434\u0435\u043e \u0441 \u043b\u0435\u0433\u043a\u043e\u0441\u0442\u044c\u044e.\",\"breadcrumb\":{\"@id\":\"https:\/\/xstyle.md\/product\/aksessuar-gopro-extension-pole-waterproof-shutter-remote\/#breadcrumb\"},\"inLanguage\":\"ro-RO\",\"potentialAction\":[{\"@type\":\"ReadAction\",\"target\":[\"https:\/\/xstyle.md\/product\/aksessuar-gopro-extension-pole-waterproof-shutter-remote\/\"]}]},{\"@type\":\"ImageObject\",\"inLanguage\":\"ro-RO\",\"@id\":\"https:\/\/xstyle.md\/product\/aksessuar-gopro-extension-pole-waterproof-shutter-remote\/#primaryimage\",\"url\":\"https:\/\/xstyle.md\/wp-content\/uploads\/2024\/03\/gopro-extension-pole-waterproof-shutter-remote.jpg\",\"contentUrl\":\"https:\/\/xstyle.md\/wp-content\/uploads\/2024\/03\/gopro-extension-pole-waterproof-shutter-remote.jpg\",\"width\":1170,\"height\":1047,\"caption\":\"\u041c\u043e\u043d\u043e\u043f\u043e\u0434 \u0442\u0435\u043b\u0435\u0441\u043a\u043e\u043f\u0438\u0447\u0435\u0441\u043a\u0438\u0439 \u0434\u043b\u044f \u0430\u043a\u0442\u0438\u0432\u043d\u043e\u0433\u043e \u043e\u0442\u0434\u044b\u0445\u0430 \u0441 \u0432\u043e\u0434\u043e\u043d\u0435\u043f\u0440\u043e\u043d\u0438\u0446\u0430\u0435\u043c\u044b\u043c \u043f\u0443\u043b\u044c\u0442\u043e\u043c \u0443\u043f\u0440\u0430\u0432\u043b\u0435\u043d\u0438\u044f \u0434\u043b\u044f \u0441\u044a\u0435\u043c\u043a\u0438 \u043d\u0430 \u043f\u0440\u0438\u0440\u043e\u0434\u0435, \u043f\u043e\u0445\u043e\u0434\u043e\u0432, \u043f\u0443\u0442\u0435\u0448\u0435\u0441\u0442\u0432\u0438\u0439 \u0438 \u0430\u043a\u0442\u0438\u0432\u043d\u043e\u0439 \u0436\u0438\u0437\u043d\u0438 \u0432 \u0441\u0442\u0438\u043b\u0435 outdoor, \u0441\u043f\u043e\u0440\u0442\u0438\u0432\u043d\u0430\u044f \u044d\u043a\u0438\u043f\u0438\u0440\u043e\u0432\u043a\u0430, \u043e\u0431\u0443\u0432\u044c \u0438 \u0441\u043d\u0430\u0440\u044f\u0436\u0435\u043d\u0438\u0435 \u0434\u043b\u044f \u0430\u043b\u044c\u043f\u0438\u043d\u0438\u0437\u043c\u0430 \u0438 \u0442\u0443\u0440\u0438\u0437\u043c\u0430\"},{\"@type\":\"BreadcrumbList\",\"@id\":\"https:\/\/xstyle.md\/product\/aksessuar-gopro-extension-pole-waterproof-shutter-remote\/#breadcrumb\",\"itemListElement\":[{\"@type\":\"ListItem\",\"position\":1,\"name\":\"\u0413\u043b\u0430\u0432\u043d\u0430\u044f \u0441\u0442\u0440\u0430\u043d\u0438\u0446\u0430\",\"item\":\"https:\/\/xstyle.md\/\"},{\"@type\":\"ListItem\",\"position\":2,\"name\":\"\u041c\u0430\u0433\u0430\u0437\u0438\u043d\",\"item\":\"https:\/\/xstyle.md\/shop\/\"},{\"@type\":\"ListItem\",\"position\":3,\"name\":\"\u041c\u043e\u043d\u043e\u043f\u043e\u0434 \u0442\u0435\u043b\u0435\u0441\u043a\u043e\u043f\u0438\u0447\u0435\u0441\u043a\u0438\u0439 GoPro Extension Pole + \u0432\u043e\u0434\u043e\u043d\u0435\u043f\u0440\u043e\u043d\u0438\u0446\u0430\u0435\u043c\u044b\u0439 \u043f\u0443\u043b\u044c\u0442 \u0443\u043f\u0440\u0430\u0432\u043b\u0435\u043d\u0438\u044f Waterproof Shutter Remote (AGXTS-002-EU)\"}]},{\"@type\":\"WebSite\",\"@id\":\"https:\/\/xstyle.md\/#website\",\"url\":\"https:\/\/xstyle.md\/\",\"name\":\"\u041c\u0430\u0433\u0430\u0437\u0438\u043d Xstyle\",\"description\":\"C\u043d\u0430\u0440\u044f\u0436\u0435\u043d\u0438\u0435 \u0434\u043b\u044f \u0442\u0443\u0440\u0438\u0437\u043c\u0430 \u0438 \u044d\u043a\u0441\u0442\u0440\u0435\u043c\u0430\u043b\u044c\u043d\u044b\u0445 \u0432\u0438\u0434\u043e\u0432 \u0441\u043f\u043e\u0440\u0442\u0430 \u0432 \u041c\u043e\u043b\u0434\u043e\u0432\u0435.. \u0426\u0435\u043d\u044b, \u0444\u043e\u0442\u043e, \u0445\u0430\u0440\u0430\u043a\u0442\u0435\u0440\u0438\u0441\u0442\u0438\u043a\u0438 \u0432 \u041c\u043e\u043b\u0434\u043e\u0432\u0435.\",\"publisher\":{\"@id\":\"https:\/\/xstyle.md\/#organization\"},\"alternateName\":\"X-Style\",\"potentialAction\":[{\"@type\":\"SearchAction\",\"target\":{\"@type\":\"EntryPoint\",\"urlTemplate\":\"https:\/\/xstyle.md\/?s={search_term_string}\"},\"query-input\":{\"@type\":\"PropertyValueSpecification\",\"valueRequired\":true,\"valueName\":\"search_term_string\"}}],\"inLanguage\":\"ro-RO\"},{\"@type\":\"Organization\",\"@id\":\"https:\/\/xstyle.md\/#organization\",\"name\":\"\u041c\u0430\u0433\u0430\u0437\u0438\u043d Xstyle\",\"alternateName\":\"x-style\",\"url\":\"https:\/\/xstyle.md\/\",\"logo\":{\"@type\":\"ImageObject\",\"inLanguage\":\"ro-RO\",\"@id\":\"https:\/\/xstyle.md\/#\/schema\/logo\/image\/\",\"url\":\"https:\/\/xstyle.md\/wp-content\/uploads\/2020\/06\/logoicon.svg\",\"contentUrl\":\"https:\/\/xstyle.md\/wp-content\/uploads\/2020\/06\/logoicon.svg\",\"caption\":\"\u041c\u0430\u0433\u0430\u0437\u0438\u043d Xstyle\"},\"image\":{\"@id\":\"https:\/\/xstyle.md\/#\/schema\/logo\/image\/\"},\"sameAs\":[\"https:\/\/www.facebook.com\/xstylemd\",\"https:\/\/www.instagram.com\/xstyle_md\/\",\"https:\/\/t.me\/xstyle_outdoor\"],\"hasMerchantReturnPolicy\":{\"@type\":\"MerchantReturnPolicy\",\"merchantReturnLink\":\"https:\/\/xstyle.md\/ro\/conditions\/\"}}]}<\/script>\n<meta property=\"product:price:amount\" content=\"2590.00\" \/>\n<meta property=\"product:price:currency\" content=\"MDL\" \/>\n<meta property=\"og:availability\" content=\"instock\" \/>\n<meta property=\"product:availability\" content=\"instock\" \/>\n<meta property=\"product:retailer_item_id\" content=\"810116380091\" \/>\n<meta property=\"product:condition\" content=\"new\" \/>\n<!-- \/ Yoast SEO plugin. -->","yoast_head_json":{"title":"\u041c\u043e\u043d\u043e\u043f\u043e\u0434 \u0442\u0435\u043b\u0435\u0441\u043a\u043e\u043f\u0438\u0447\u0435\u0441\u043a\u0438\u0439 GoPro Extension Pole + \u0432\u043e\u0434\u043e\u043d\u0435\u043f\u0440\u043e\u043d\u0438\u0446\u0430\u0435\u043c\u044b\u0439 \u043f\u0443\u043b\u044c\u0442 \u0443\u043f\u0440\u0430\u0432\u043b\u0435\u043d\u0438\u044f Waterproof Shutter Remote (AGXTS-002-EU) - \u041c\u0430\u0433\u0430\u0437\u0438\u043d Xstyle","description":"Cump\u0103ra\u021bi un accesoriu GoPro \u2013 extensie \u0219i telecomand\u0103 impermeabil\u0103. Compact, se \u00eentinde p\u00e2n\u0103 la 122 cm, ideal pentru a filma videoclipuri dinamice cu u\u0219urin\u021b\u0103.","robots":{"index":"index","follow":"follow","max-snippet":"max-snippet:-1","max-image-preview":"max-image-preview:large","max-video-preview":"max-video-preview:-1"},"canonical":"https:\/\/xstyle.md\/ro\/produs\/aksessuar-gopro-extension-pole-waterproof-shutter-remote\/","og_locale":"ro_RO","og_type":"article","og_title":"\u041c\u043e\u043d\u043e\u043f\u043e\u0434 \u0442\u0435\u043b\u0435\u0441\u043a\u043e\u043f\u0438\u0447\u0435\u0441\u043a\u0438\u0439 GoPro Extension Pole + \u0432\u043e\u0434\u043e\u043d\u0435\u043f\u0440\u043e\u043d\u0438\u0446\u0430\u0435\u043c\u044b\u0439 \u043f\u0443\u043b\u044c\u0442 \u0443\u043f\u0440\u0430\u0432\u043b\u0435\u043d\u0438\u044f Waterproof Shutter Remote (AGXTS-002-EU) - \u041c\u0430\u0433\u0430\u0437\u0438\u043d Xstyle","og_description":"\u041a\u0443\u043f\u0438\u0442\u0435 \u0430\u043a\u0441\u0435\u0441\u0441\u0443\u0430\u0440 GoPro \u2013 \u0443\u0434\u043b\u0438\u043d\u0438\u0442\u0435\u043b\u044c \u0438 \u0432\u043e\u0434\u043e\u043d\u0435\u043f\u0440\u043e\u043d\u0438\u0446\u0430\u0435\u043c\u044b\u0439 \u043f\u0443\u043b\u044c\u0442. \u041a\u043e\u043c\u043f\u0430\u043a\u0442\u043d\u044b\u0439,\u4f38 at\u00e9 122 \u0441\u043c, \u0438\u0434\u0435\u0430\u043b\u0435\u043d \u0434\u043b\u044f \u0441\u044a\u0435\u043c\u043a\u0438 \u0434\u0438\u043d\u0430\u043c\u0438\u0447\u043d\u044b\u0445 \u0432\u0438\u0434\u0435\u043e \u0441 \u043b\u0435\u0433\u043a\u043e\u0441\u0442\u044c\u044e.","og_url":"https:\/\/xstyle.md\/ro\/produs\/aksessuar-gopro-extension-pole-waterproof-shutter-remote\/","og_site_name":"\u041c\u0430\u0433\u0430\u0437\u0438\u043d Xstyle","article_publisher":"https:\/\/www.facebook.com\/xstylemd","article_modified_time":"2026-03-19T13:19:24+00:00","og_image":[{"width":1170,"height":1047,"url":"https:\/\/xstyle.md\/wp-content\/uploads\/2024\/03\/gopro-extension-pole-waterproof-shutter-remote.jpg","type":"image\/jpeg"}],"twitter_card":"summary_large_image","twitter_misc":{"Pre\u021b":"2.590&nbsp;MDL","Disponibilitate":"\u00cen stoc"},"schema":{"@context":"https:\/\/schema.org","@graph":[{"@type":"WebPage","@id":"https:\/\/xstyle.md\/product\/aksessuar-gopro-extension-pole-waterproof-shutter-remote\/","url":"https:\/\/xstyle.md\/product\/aksessuar-gopro-extension-pole-waterproof-shutter-remote\/","name":"\u041c\u043e\u043d\u043e\u043f\u043e\u0434 \u0442\u0435\u043b\u0435\u0441\u043a\u043e\u043f\u0438\u0447\u0435\u0441\u043a\u0438\u0439 GoPro Extension Pole + \u0432\u043e\u0434\u043e\u043d\u0435\u043f\u0440\u043e\u043d\u0438\u0446\u0430\u0435\u043c\u044b\u0439 \u043f\u0443\u043b\u044c\u0442 \u0443\u043f\u0440\u0430\u0432\u043b\u0435\u043d\u0438\u044f Waterproof Shutter Remote (AGXTS-002-EU) - \u041c\u0430\u0433\u0430\u0437\u0438\u043d Xstyle","isPartOf":{"@id":"https:\/\/xstyle.md\/#website"},"primaryImageOfPage":{"@id":"https:\/\/xstyle.md\/product\/aksessuar-gopro-extension-pole-waterproof-shutter-remote\/#primaryimage"},"image":{"@id":"https:\/\/xstyle.md\/product\/aksessuar-gopro-extension-pole-waterproof-shutter-remote\/#primaryimage"},"thumbnailUrl":"https:\/\/xstyle.md\/wp-content\/uploads\/2024\/03\/gopro-extension-pole-waterproof-shutter-remote.jpg","datePublished":"2024-03-27T07:54:28+00:00","dateModified":"2026-03-19T13:19:24+00:00","description":"Cump\u0103ra\u021bi un accesoriu GoPro \u2013 extensie \u0219i telecomand\u0103 impermeabil\u0103. Compact, se \u00eentinde p\u00e2n\u0103 la 122 cm, ideal pentru a filma videoclipuri dinamice cu u\u0219urin\u021b\u0103.","breadcrumb":{"@id":"https:\/\/xstyle.md\/product\/aksessuar-gopro-extension-pole-waterproof-shutter-remote\/#breadcrumb"},"inLanguage":"ro-RO","potentialAction":[{"@type":"ReadAction","target":["https:\/\/xstyle.md\/product\/aksessuar-gopro-extension-pole-waterproof-shutter-remote\/"]}]},{"@type":"ImageObject","inLanguage":"ro-RO","@id":"https:\/\/xstyle.md\/product\/aksessuar-gopro-extension-pole-waterproof-shutter-remote\/#primaryimage","url":"https:\/\/xstyle.md\/wp-content\/uploads\/2024\/03\/gopro-extension-pole-waterproof-shutter-remote.jpg","contentUrl":"https:\/\/xstyle.md\/wp-content\/uploads\/2024\/03\/gopro-extension-pole-waterproof-shutter-remote.jpg","width":1170,"height":1047,"caption":"\u041c\u043e\u043d\u043e\u043f\u043e\u0434 \u0442\u0435\u043b\u0435\u0441\u043a\u043e\u043f\u0438\u0447\u0435\u0441\u043a\u0438\u0439 \u0434\u043b\u044f \u0430\u043a\u0442\u0438\u0432\u043d\u043e\u0433\u043e \u043e\u0442\u0434\u044b\u0445\u0430 \u0441 \u0432\u043e\u0434\u043e\u043d\u0435\u043f\u0440\u043e\u043d\u0438\u0446\u0430\u0435\u043c\u044b\u043c \u043f\u0443\u043b\u044c\u0442\u043e\u043c \u0443\u043f\u0440\u0430\u0432\u043b\u0435\u043d\u0438\u044f \u0434\u043b\u044f \u0441\u044a\u0435\u043c\u043a\u0438 \u043d\u0430 \u043f\u0440\u0438\u0440\u043e\u0434\u0435, \u043f\u043e\u0445\u043e\u0434\u043e\u0432, \u043f\u0443\u0442\u0435\u0448\u0435\u0441\u0442\u0432\u0438\u0439 \u0438 \u0430\u043a\u0442\u0438\u0432\u043d\u043e\u0439 \u0436\u0438\u0437\u043d\u0438 \u0432 \u0441\u0442\u0438\u043b\u0435 outdoor, \u0441\u043f\u043e\u0440\u0442\u0438\u0432\u043d\u0430\u044f \u044d\u043a\u0438\u043f\u0438\u0440\u043e\u0432\u043a\u0430, \u043e\u0431\u0443\u0432\u044c \u0438 \u0441\u043d\u0430\u0440\u044f\u0436\u0435\u043d\u0438\u0435 \u0434\u043b\u044f \u0430\u043b\u044c\u043f\u0438\u043d\u0438\u0437\u043c\u0430 \u0438 \u0442\u0443\u0440\u0438\u0437\u043c\u0430"},{"@type":"BreadcrumbList","@id":"https:\/\/xstyle.md\/product\/aksessuar-gopro-extension-pole-waterproof-shutter-remote\/#breadcrumb","itemListElement":[{"@type":"ListItem","position":1,"name":"\u0413\u043b\u0430\u0432\u043d\u0430\u044f \u0441\u0442\u0440\u0430\u043d\u0438\u0446\u0430","item":"https:\/\/xstyle.md\/"},{"@type":"ListItem","position":2,"name":"\u041c\u0430\u0433\u0430\u0437\u0438\u043d","item":"https:\/\/xstyle.md\/shop\/"},{"@type":"ListItem","position":3,"name":"\u041c\u043e\u043d\u043e\u043f\u043e\u0434 \u0442\u0435\u043b\u0435\u0441\u043a\u043e\u043f\u0438\u0447\u0435\u0441\u043a\u0438\u0439 GoPro Extension Pole + \u0432\u043e\u0434\u043e\u043d\u0435\u043f\u0440\u043e\u043d\u0438\u0446\u0430\u0435\u043c\u044b\u0439 \u043f\u0443\u043b\u044c\u0442 \u0443\u043f\u0440\u0430\u0432\u043b\u0435\u043d\u0438\u044f Waterproof Shutter Remote (AGXTS-002-EU)"}]},{"@type":"WebSite","@id":"https:\/\/xstyle.md\/#website","url":"https:\/\/xstyle.md\/","name":"Magazinul X-Style","description":"Echipamente pentru turism \u0219i sporturi extreme \u00een Moldova. Pre\u021buri, fotografii, caracteristici \u00een Moldova.","publisher":{"@id":"https:\/\/xstyle.md\/#organization"},"alternateName":"X-Style","potentialAction":[{"@type":"SearchAction","target":{"@type":"EntryPoint","urlTemplate":"https:\/\/xstyle.md\/?s={search_term_string}"},"query-input":{"@type":"PropertyValueSpecification","valueRequired":true,"valueName":"search_term_string"}}],"inLanguage":"ro-RO"},{"@type":"Organization","@id":"https:\/\/xstyle.md\/#organization","name":"Magazinul X-Style","alternateName":"x-style","url":"https:\/\/xstyle.md\/","logo":{"@type":"ImageObject","inLanguage":"ro-RO","@id":"https:\/\/xstyle.md\/#\/schema\/logo\/image\/","url":"https:\/\/xstyle.md\/wp-content\/uploads\/2020\/06\/logoicon.svg","contentUrl":"https:\/\/xstyle.md\/wp-content\/uploads\/2020\/06\/logoicon.svg","caption":"\u041c\u0430\u0433\u0430\u0437\u0438\u043d Xstyle"},"image":{"@id":"https:\/\/xstyle.md\/#\/schema\/logo\/image\/"},"sameAs":["https:\/\/www.facebook.com\/xstylemd","https:\/\/www.instagram.com\/xstyle_md\/","https:\/\/t.me\/xstyle_outdoor"],"hasMerchantReturnPolicy":{"@type":"MerchantReturnPolicy","merchantReturnLink":"https:\/\/xstyle.md\/ro\/conditions\/"}}]},"product_price_amount":"2590.00","product_price_currency":"MDL","og_availability":"instock","product_availability":"instock","product_retailer_item_id":"810116380091","product_condition":"new"},"post_mailing_queue_ids":[],"_links":{"self":[{"href":"https:\/\/xstyle.md\/ro\/wp-json\/wp\/v2\/product\/81005","targetHints":{"allow":["GET"]}}],"collection":[{"href":"https:\/\/xstyle.md\/ro\/wp-json\/wp\/v2\/product"}],"about":[{"href":"https:\/\/xstyle.md\/ro\/wp-json\/wp\/v2\/types\/product"}],"replies":[{"embeddable":true,"href":"https:\/\/xstyle.md\/ro\/wp-json\/wp\/v2\/comments?post=81005"}],"wp:featuredmedia":[{"embeddable":true,"href":"https:\/\/xstyle.md\/ro\/wp-json\/wp\/v2\/media\/81089"}],"wp:attachment":[{"href":"https:\/\/xstyle.md\/ro\/wp-json\/wp\/v2\/media?parent=81005"}],"wp:term":[{"taxonomy":"product_brand","embeddable":true,"href":"https:\/\/xstyle.md\/ro\/wp-json\/wp\/v2\/product_brand?post=81005"},{"taxonomy":"product_cat","embeddable":true,"href":"https:\/\/xstyle.md\/ro\/wp-json\/wp\/v2\/product_cat?post=81005"},{"taxonomy":"product_tag","embeddable":true,"href":"https:\/\/xstyle.md\/ro\/wp-json\/wp\/v2\/product_tag?post=81005"}],"curies":[{"name":"wp","href":"https:\/\/api.w.org\/{rel}","templated":true}]}}