{"id":80845,"date":"2024-03-20T18:09:40","date_gmt":"2024-03-20T15:09:40","guid":{"rendered":"https:\/\/xstyle.md\/?post_type=product&#038;p=80845"},"modified":"2026-01-21T14:16:11","modified_gmt":"2026-01-21T11:16:11","slug":"zhidkost-dlya-zazhigalki-zippo-lighter-fluid-125-ml","status":"publish","type":"product","link":"https:\/\/xstyle.md\/ro\/produs\/zhidkost-dlya-zazhigalki-zippo-lighter-fluid-125-ml\/","title":{"rendered":"Combustibil Zippo Lighter Fluid 125 ml"},"content":{"rendered":"<p><strong>Zippo Lighter Fluid 125 ml<\/strong> &#8212; \u043e\u0440\u0438\u0433\u0438\u043d\u0430\u043b\u044c\u043d\u043e\u0435 \u0442\u043e\u043f\u043b\u0438\u0432\u043e Zippo \u0434\u043b\u044f \u044d\u0444\u0444\u0435\u043a\u0442\u0438\u0432\u043d\u043e\u0433\u043e \u0444\u0443\u043d\u043a\u0446\u0438\u043e\u043d\u0438\u0440\u043e\u0432\u0430\u043d\u0438\u044f \u0432\u0435\u0442\u0440\u043e\u0443\u0441\u0442\u043e\u0439\u0447\u0438\u0432\u044b\u0445 \u0437\u0430\u0436\u0438\u0433\u0430\u043b\u043e\u043a \u0438 \u0433\u0440\u0435\u043b\u043e\u043a \u0434\u043b\u044f \u0440\u0443\u043a Zippo. \u041f\u043e\u0441\u0442\u0430\u0432\u043b\u044f\u0435\u0442\u0441\u044f \u0432 \u0438\u043d\u0434\u0438\u0432\u0438\u0434\u0443\u0430\u043b\u044c\u043d\u043e\u0439 \u043c\u0435\u0442\u0430\u043b\u043b\u0438\u0447\u0435\u0441\u043a\u043e\u0439 \u043a\u0430\u043d\u0438\u0441\u0442\u0440\u0435 \u043e\u0431\u044a\u0451\u043c\u043e\u043c 125 \u043c\u043b. \u0423\u0434\u043e\u0431\u043d\u0430\u044f \u043a\u0440\u044b\u0448\u043a\u0430 \u0441\u043e \u0441\u043f\u0435\u0446\u0438\u0430\u043b\u044c\u043d\u044b\u043c \u043d\u043e\u0441\u0438\u043a\u043e\u043c \u043f\u043e\u0437\u0432\u043e\u043b\u044f\u0435\u0442 \u043d\u0435 \u043f\u0440\u043e\u043b\u0438\u0432\u0430\u044f \u0442\u043e\u043f\u043b\u0438\u0432\u043e \u0437\u0430\u043f\u0440\u0430\u0432\u043b\u044f\u0442\u044c \u0437\u0430\u0436\u0438\u0433\u0430\u043b\u043a\u0443, \u0430 \u043f\u0440\u0438 \u0445\u0440\u0430\u043d\u0435\u043d\u0438\u0438 \u0438\u0437 \u0431\u0430\u043b\u043b\u043e\u043d\u0447\u0438\u043a\u0430 \u043d\u0438\u0447\u0435\u0433\u043e \u043d\u0435 \u0432\u044b\u0432\u0435\u0442\u0440\u0438\u0432\u0430\u0435\u0442\u0441\u044f.<\/p>\n<p>\u0412\u0441\u0435 \u0437\u0430\u0436\u0438\u0433\u0430\u043b\u043a\u0438 Zippo \u043f\u043e\u0441\u0442\u0430\u0432\u043b\u044f\u044e\u0442\u0441\u044f \u043d\u0435\u0437\u0430\u043f\u0440\u0430\u0432\u043b\u0435\u043d\u043d\u044b\u043c\u0438, \u043f\u043e\u044d\u0442\u043e\u043c\u0443 \u043d\u0435 \u0441\u0442\u043e\u0438\u0442 \u043f\u0440\u0438\u043c\u0435\u043d\u044f\u0442\u044c \u0434\u0440\u0443\u0433\u043e\u0435 \u0442\u043e\u043f\u043b\u0438\u0432\u043e, \u0447\u0435\u043c \u043f\u043e\u0434\u043b\u0438\u043d\u043d\u043e\u0435. \u0422\u043e\u043b\u044c\u043a\u043e \u043f\u0440\u0438\u043c\u0435\u043d\u0435\u043d\u0438\u0435 \u043e\u0440\u0438\u0433\u0438\u043d\u0430\u043b\u044c\u043d\u043e\u0433\u043e \u0442\u043e\u043f\u043b\u0438\u0432\u0430 Zippo \u0433\u0430\u0440\u0430\u043d\u0442\u0438\u0440\u0443\u0435\u0442 \u0431\u0435\u0437\u043e\u0442\u043a\u0430\u0437\u043d\u0443\u044e \u0440\u0430\u0431\u043e\u0442\u0443 \u0437\u0430\u0436\u0438\u0433\u0430\u043b\u043e\u043a, \u0430 \u0442\u0430\u043a \u0436\u0435 \u043b\u0435\u0433\u0435\u043d\u0434\u0430\u0440\u043d\u043e\u0435 \u043d\u0435 \u0437\u0430\u0442\u0443\u0445\u0430\u043d\u0438\u0435 \u043f\u043b\u0430\u043c\u0435\u043d\u0438 \u043d\u0430 \u0432\u0435\u0442\u0440\u0443.<\/p>\n<h3>Caracteristici<\/h3>\n<ul>\n<li>\u0421\u043e\u0441\u0442\u0430\u0432 &#8212; \u0431\u0435\u043d\u0437\u0438\u043d \u0432\u044b\u0441\u043e\u043a\u043e\u0439 \u043e\u0447\u0438\u0441\u0442\u043a\u0438<\/li>\n<li>\u041e\u0431\u044a\u0435\u043c &#8212; 125 \u043c\u043b<\/li>\n<li>\u0412\u0435\u0441 &#8212; 100 \u0433<\/li>\n<\/ul>","protected":false},"excerpt":{"rendered":"<p>Zippo Lighter Fluid 125 ml &#8212; \u043e\u0440\u0438\u0433\u0438\u043d\u0430\u043b\u044c\u043d\u043e\u0435 \u0442\u043e\u043f\u043b\u0438\u0432\u043e Zippo \u0434\u043b\u044f \u044d\u0444\u0444\u0435\u043a\u0442\u0438\u0432\u043d\u043e\u0433\u043e \u0444\u0443\u043d\u043a\u0446\u0438\u043e\u043d\u0438\u0440\u043e\u0432\u0430\u043d\u0438\u044f \u0432\u0435\u0442\u0440\u043e\u0443\u0441\u0442\u043e\u0439\u0447\u0438\u0432\u044b\u0445 \u0437\u0430\u0436\u0438\u0433\u0430\u043b\u043e\u043a \u0438 \u0433\u0440\u0435\u043b\u043e\u043a \u0434\u043b\u044f \u0440\u0443\u043a Zippo. \u041f\u043e\u0441\u0442\u0430\u0432\u043b\u044f\u0435\u0442\u0441\u044f \u0432 \u0438\u043d\u0434\u0438\u0432\u0438\u0434\u0443\u0430\u043b\u044c\u043d\u043e\u0439 \u043c\u0435\u0442\u0430\u043b\u043b\u0438\u0447\u0435\u0441\u043a\u043e\u0439 \u043a\u0430\u043d\u0438\u0441\u0442\u0440\u0435 \u043e\u0431\u044a\u0451\u043c\u043e\u043c 125 \u043c\u043b. \u0423\u0434\u043e\u0431\u043d\u0430\u044f \u043a\u0440\u044b\u0448\u043a\u0430 \u0441\u043e \u0441\u043f\u0435\u0446\u0438\u0430\u043b\u044c\u043d\u044b\u043c \u043d\u043e\u0441\u0438\u043a\u043e\u043c \u043f\u043e\u0437\u0432\u043e\u043b\u044f\u0435\u0442 \u043d\u0435 \u043f\u0440\u043e\u043b\u0438\u0432\u0430\u044f \u0442\u043e\u043f\u043b\u0438\u0432\u043e \u0437\u0430\u043f\u0440\u0430\u0432\u043b\u044f\u0442\u044c \u0437\u0430\u0436\u0438\u0433\u0430\u043b\u043a\u0443, \u0430 \u043f\u0440\u0438 \u0445\u0440\u0430\u043d\u0435\u043d\u0438\u0438 \u0438\u0437 \u0431\u0430\u043b\u043b\u043e\u043d\u0447\u0438\u043a\u0430 \u043d\u0438\u0447\u0435\u0433\u043e \u043d\u0435 \u0432\u044b\u0432\u0435\u0442\u0440\u0438\u0432\u0430\u0435\u0442\u0441\u044f. \u0412\u0441\u0435 \u0437\u0430\u0436\u0438\u0433\u0430\u043b\u043a\u0438 Zippo \u043f\u043e\u0441\u0442\u0430\u0432\u043b\u044f\u044e\u0442\u0441\u044f \u043d\u0435\u0437\u0430\u043f\u0440\u0430\u0432\u043b\u0435\u043d\u043d\u044b\u043c\u0438, \u043f\u043e\u044d\u0442\u043e\u043c\u0443 \u043d\u0435 \u0441\u0442\u043e\u0438\u0442 \u043f\u0440\u0438\u043c\u0435\u043d\u044f\u0442\u044c [&hellip;]<\/p>\n","protected":false},"featured_media":80951,"comment_status":"open","ping_status":"closed","template":"","meta":{"_acf_changed":false,"inline_featured_image":false},"product_brand":[1327],"product_cat":[87],"product_tag":[],"class_list":{"0":"post-80845","1":"product","2":"type-product","3":"status-publish","4":"has-post-thumbnail","6":"product_brand-victorinox","7":"product_cat-flint","9":"first","10":"outofstock","11":"shipping-taxable","12":"product-type-simple"},"acf":[],"yoast_head":"<!-- This site is optimized with the Yoast SEO plugin v27.4 - https:\/\/yoast.com\/product\/yoast-seo-wordpress\/ -->\n<title>\u0416\u0438\u0434\u043a\u043e\u0441\u0442\u044c \u0434\u043b\u044f \u0437\u0430\u0436\u0438\u0433\u0430\u043b\u043a\u0438 Zippo Lighter Fluid 125 ml - \u041c\u0430\u0433\u0430\u0437\u0438\u043d Xstyle<\/title>\n<meta name=\"description\" content=\"\u041a\u0443\u043f\u0438\u0442\u044c \u0436\u0438\u0434\u043a\u043e\u0441\u0442\u044c \u0434\u043b\u044f \u0437\u0430\u0436\u0438\u0433\u0430\u043b\u043e\u043a Zippo Lighter Fluid 125 \u043c\u043b. \u041e\u0431\u0435\u0441\u043f\u0435\u0447\u0438\u0432\u0430\u0435\u0442 \u043d\u0430\u0434\u0435\u0436\u043d\u044b\u0439 \u0438 \u0434\u043b\u0438\u0442\u0435\u043b\u044c\u043d\u044b\u0439 \u043e\u0433\u043e\u043d\u044c. \u0418\u0434\u0435\u0430\u043b\u044c\u043d\u043e \u0434\u043b\u044f \u043b\u044e\u0431\u0438\u0442\u0435\u043b\u0435\u0439 \u0430\u043a\u0442\u0438\u0432\u043d\u043e\u0433\u043e \u043e\u0442\u0434\u044b\u0445\u0430!\" \/>\n<meta name=\"robots\" content=\"index, follow, max-snippet:-1, max-image-preview:large, max-video-preview:-1\" \/>\n<link rel=\"canonical\" href=\"https:\/\/xstyle.md\/ro\/produs\/zhidkost-dlya-zazhigalki-zippo-lighter-fluid-125-ml\/\" \/>\n<meta property=\"og:locale\" content=\"ro_RO\" \/>\n<meta property=\"og:type\" content=\"article\" \/>\n<meta property=\"og:title\" content=\"\u0416\u0438\u0434\u043a\u043e\u0441\u0442\u044c \u0434\u043b\u044f \u0437\u0430\u0436\u0438\u0433\u0430\u043b\u043a\u0438 Zippo Lighter Fluid 125 ml - \u041c\u0430\u0433\u0430\u0437\u0438\u043d Xstyle\" \/>\n<meta property=\"og:description\" content=\"\u041a\u0443\u043f\u0438\u0442\u044c \u0436\u0438\u0434\u043a\u043e\u0441\u0442\u044c \u0434\u043b\u044f \u0437\u0430\u0436\u0438\u0433\u0430\u043b\u043e\u043a Zippo Lighter Fluid 125 \u043c\u043b. \u041e\u0431\u0435\u0441\u043f\u0435\u0447\u0438\u0432\u0430\u0435\u0442 \u043d\u0430\u0434\u0435\u0436\u043d\u044b\u0439 \u0438 \u0434\u043b\u0438\u0442\u0435\u043b\u044c\u043d\u044b\u0439 \u043e\u0433\u043e\u043d\u044c. \u0418\u0434\u0435\u0430\u043b\u044c\u043d\u043e \u0434\u043b\u044f \u043b\u044e\u0431\u0438\u0442\u0435\u043b\u0435\u0439 \u0430\u043a\u0442\u0438\u0432\u043d\u043e\u0433\u043e \u043e\u0442\u0434\u044b\u0445\u0430!\" \/>\n<meta property=\"og:url\" content=\"https:\/\/xstyle.md\/ro\/produs\/zhidkost-dlya-zazhigalki-zippo-lighter-fluid-125-ml\/\" \/>\n<meta property=\"og:site_name\" content=\"\u041c\u0430\u0433\u0430\u0437\u0438\u043d Xstyle\" \/>\n<meta property=\"article:publisher\" content=\"https:\/\/www.facebook.com\/xstylemd\" \/>\n<meta property=\"article:modified_time\" content=\"2026-01-21T11:16:11+00:00\" \/>\n<meta property=\"og:image\" content=\"https:\/\/xstyle.md\/wp-content\/uploads\/2024\/03\/zippo-lighter-fluid-125-ml.jpg\" \/>\n\t<meta property=\"og:image:width\" content=\"2000\" \/>\n\t<meta property=\"og:image:height\" content=\"2000\" \/>\n\t<meta property=\"og:image:type\" content=\"image\/jpeg\" \/>\n<meta name=\"twitter:card\" content=\"summary_large_image\" \/>\n<meta name=\"twitter:label1\" content=\"Pre\u021b\" \/>\n\t<meta name=\"twitter:data1\" content=\"115&nbsp;MDL\" \/>\n\t<meta name=\"twitter:label2\" content=\"Disponibilitate\" \/>\n\t<meta name=\"twitter:data2\" content=\"Stoc epuizat\" \/>\n<script type=\"application\/ld+json\" class=\"yoast-schema-graph\">{\"@context\":\"https:\\\/\\\/schema.org\",\"@graph\":[{\"@type\":\"WebPage\",\"@id\":\"https:\\\/\\\/xstyle.md\\\/product\\\/zhidkost-dlya-zazhigalki-zippo-lighter-fluid-125-ml\\\/\",\"url\":\"https:\\\/\\\/xstyle.md\\\/product\\\/zhidkost-dlya-zazhigalki-zippo-lighter-fluid-125-ml\\\/\",\"name\":\"\u0416\u0438\u0434\u043a\u043e\u0441\u0442\u044c \u0434\u043b\u044f \u0437\u0430\u0436\u0438\u0433\u0430\u043b\u043a\u0438 Zippo Lighter Fluid 125 ml - \u041c\u0430\u0433\u0430\u0437\u0438\u043d Xstyle\",\"isPartOf\":{\"@id\":\"https:\\\/\\\/xstyle.md\\\/#website\"},\"primaryImageOfPage\":{\"@id\":\"https:\\\/\\\/xstyle.md\\\/product\\\/zhidkost-dlya-zazhigalki-zippo-lighter-fluid-125-ml\\\/#primaryimage\"},\"image\":{\"@id\":\"https:\\\/\\\/xstyle.md\\\/product\\\/zhidkost-dlya-zazhigalki-zippo-lighter-fluid-125-ml\\\/#primaryimage\"},\"thumbnailUrl\":\"https:\\\/\\\/xstyle.md\\\/wp-content\\\/uploads\\\/2024\\\/03\\\/zippo-lighter-fluid-125-ml.jpg\",\"datePublished\":\"2024-03-20T15:09:40+00:00\",\"dateModified\":\"2026-01-21T11:16:11+00:00\",\"description\":\"\u041a\u0443\u043f\u0438\u0442\u044c \u0436\u0438\u0434\u043a\u043e\u0441\u0442\u044c \u0434\u043b\u044f \u0437\u0430\u0436\u0438\u0433\u0430\u043b\u043e\u043a Zippo Lighter Fluid 125 \u043c\u043b. \u041e\u0431\u0435\u0441\u043f\u0435\u0447\u0438\u0432\u0430\u0435\u0442 \u043d\u0430\u0434\u0435\u0436\u043d\u044b\u0439 \u0438 \u0434\u043b\u0438\u0442\u0435\u043b\u044c\u043d\u044b\u0439 \u043e\u0433\u043e\u043d\u044c. \u0418\u0434\u0435\u0430\u043b\u044c\u043d\u043e \u0434\u043b\u044f \u043b\u044e\u0431\u0438\u0442\u0435\u043b\u0435\u0439 \u0430\u043a\u0442\u0438\u0432\u043d\u043e\u0433\u043e \u043e\u0442\u0434\u044b\u0445\u0430!\",\"breadcrumb\":{\"@id\":\"https:\\\/\\\/xstyle.md\\\/product\\\/zhidkost-dlya-zazhigalki-zippo-lighter-fluid-125-ml\\\/#breadcrumb\"},\"inLanguage\":\"ro-RO\",\"potentialAction\":[{\"@type\":\"ReadAction\",\"target\":[\"https:\\\/\\\/xstyle.md\\\/product\\\/zhidkost-dlya-zazhigalki-zippo-lighter-fluid-125-ml\\\/\"]}]},{\"@type\":\"ImageObject\",\"inLanguage\":\"ro-RO\",\"@id\":\"https:\\\/\\\/xstyle.md\\\/product\\\/zhidkost-dlya-zazhigalki-zippo-lighter-fluid-125-ml\\\/#primaryimage\",\"url\":\"https:\\\/\\\/xstyle.md\\\/wp-content\\\/uploads\\\/2024\\\/03\\\/zippo-lighter-fluid-125-ml.jpg\",\"contentUrl\":\"https:\\\/\\\/xstyle.md\\\/wp-content\\\/uploads\\\/2024\\\/03\\\/zippo-lighter-fluid-125-ml.jpg\",\"width\":2000,\"height\":2000,\"caption\":\"\u0416\u0438\u0434\u043a\u043e\u0441\u0442\u044c \u0434\u043b\u044f \u0437\u0430\u0436\u0438\u0433\u0430\u043b\u043a\u0438 Zippo 125 \u043c\u043b \u043d\u0430 \u0444\u043e\u043d\u0435 \u0430\u043a\u0442\u0438\u0432\u043d\u043e\u0439 \u0442\u0443\u0440\u0438\u0441\u0442\u0438\u0447\u0435\u0441\u043a\u043e\u0439 \u044d\u043a\u0438\u043f\u0438\u0440\u043e\u0432\u043a\u0438 \u043e\u0431\u0443\u0432\u0438 \u0438 \u043e\u0434\u0435\u0436\u0434\u044b \u0434\u043b\u044f \u043f\u0443\u0442\u0435\u0448\u0435\u0441\u0442\u0432\u0438\u0439, \u043f\u043e\u0445\u043e\u0434\u043e\u0432 \u0438 \u0430\u043b\u044c\u043f\u0438\u043d\u0438\u0437\u043c\u0430 \u0432 \u043e\u043d\u043b\u0430\u0439\u043d \u043c\u0430\u0433\u0430\u0437\u0438\u043d\u0435 \u0430\u043a\u0442\u0438\u0432\u043d\u043e\u0439 \u0436\u0438\u0437\u043d\u0438\"},{\"@type\":\"BreadcrumbList\",\"@id\":\"https:\\\/\\\/xstyle.md\\\/product\\\/zhidkost-dlya-zazhigalki-zippo-lighter-fluid-125-ml\\\/#breadcrumb\",\"itemListElement\":[{\"@type\":\"ListItem\",\"position\":1,\"name\":\"\u0413\u043b\u0430\u0432\u043d\u0430\u044f \u0441\u0442\u0440\u0430\u043d\u0438\u0446\u0430\",\"item\":\"https:\\\/\\\/xstyle.md\\\/\"},{\"@type\":\"ListItem\",\"position\":2,\"name\":\"\u041c\u0430\u0433\u0430\u0437\u0438\u043d\",\"item\":\"https:\\\/\\\/xstyle.md\\\/shop\\\/\"},{\"@type\":\"ListItem\",\"position\":3,\"name\":\"\u0416\u0438\u0434\u043a\u043e\u0441\u0442\u044c \u0434\u043b\u044f \u0437\u0430\u0436\u0438\u0433\u0430\u043b\u043a\u0438 Zippo Lighter Fluid 125 ml\"}]},{\"@type\":\"WebSite\",\"@id\":\"https:\\\/\\\/xstyle.md\\\/#website\",\"url\":\"https:\\\/\\\/xstyle.md\\\/\",\"name\":\"\u041c\u0430\u0433\u0430\u0437\u0438\u043d Xstyle\",\"description\":\"C\u043d\u0430\u0440\u044f\u0436\u0435\u043d\u0438\u0435 \u0434\u043b\u044f \u0442\u0443\u0440\u0438\u0437\u043c\u0430 \u0438 \u044d\u043a\u0441\u0442\u0440\u0435\u043c\u0430\u043b\u044c\u043d\u044b\u0445 \u0432\u0438\u0434\u043e\u0432 \u0441\u043f\u043e\u0440\u0442\u0430 \u0432 \u041c\u043e\u043b\u0434\u043e\u0432\u0435.. \u0426\u0435\u043d\u044b, \u0444\u043e\u0442\u043e, \u0445\u0430\u0440\u0430\u043a\u0442\u0435\u0440\u0438\u0441\u0442\u0438\u043a\u0438 \u0432 \u041c\u043e\u043b\u0434\u043e\u0432\u0435.\",\"publisher\":{\"@id\":\"https:\\\/\\\/xstyle.md\\\/#organization\"},\"alternateName\":\"X-Style\",\"potentialAction\":[{\"@type\":\"SearchAction\",\"target\":{\"@type\":\"EntryPoint\",\"urlTemplate\":\"https:\\\/\\\/xstyle.md\\\/?s={search_term_string}\"},\"query-input\":{\"@type\":\"PropertyValueSpecification\",\"valueRequired\":true,\"valueName\":\"search_term_string\"}}],\"inLanguage\":\"ro-RO\"},{\"@type\":\"Organization\",\"@id\":\"https:\\\/\\\/xstyle.md\\\/#organization\",\"name\":\"\u041c\u0430\u0433\u0430\u0437\u0438\u043d Xstyle\",\"alternateName\":\"x-style\",\"url\":\"https:\\\/\\\/xstyle.md\\\/\",\"logo\":{\"@type\":\"ImageObject\",\"inLanguage\":\"ro-RO\",\"@id\":\"https:\\\/\\\/xstyle.md\\\/#\\\/schema\\\/logo\\\/image\\\/\",\"url\":\"https:\\\/\\\/xstyle.md\\\/wp-content\\\/uploads\\\/2020\\\/06\\\/logoicon.svg\",\"contentUrl\":\"https:\\\/\\\/xstyle.md\\\/wp-content\\\/uploads\\\/2020\\\/06\\\/logoicon.svg\",\"caption\":\"\u041c\u0430\u0433\u0430\u0437\u0438\u043d Xstyle\"},\"image\":{\"@id\":\"https:\\\/\\\/xstyle.md\\\/#\\\/schema\\\/logo\\\/image\\\/\"},\"sameAs\":[\"https:\\\/\\\/www.facebook.com\\\/xstylemd\",\"https:\\\/\\\/www.instagram.com\\\/xstyle_md\\\/\",\"https:\\\/\\\/t.me\\\/xstyle_outdoor\"],\"hasMerchantReturnPolicy\":{\"@type\":\"MerchantReturnPolicy\",\"merchantReturnLink\":\"https:\\\/\\\/xstyle.md\\\/ro\\\/conditions\\\/\"}}]}<\/script>\n<meta property=\"product:price:amount\" content=\"115.00\" \/>\n<meta property=\"product:price:currency\" content=\"MDL\" \/>\n<meta property=\"og:availability\" content=\"out of stock\" \/>\n<meta property=\"product:availability\" content=\"out of stock\" \/>\n<meta property=\"product:retailer_item_id\" content=\"2000999769870\" \/>\n<meta property=\"product:condition\" content=\"new\" \/>\n<!-- \/ Yoast SEO plugin. -->","yoast_head_json":{"title":"Lichid pentru brichet\u0103 Zippo Lighter Fluid 125 ml - Magazin Xstyle","description":"Cump\u0103r\u0103 lichid pentru brichete Zippo Lighter Fluid 125 ml. Ofer\u0103 o flac\u0103r\u0103 fiabil\u0103 \u0219i de lung\u0103 durat\u0103. Ideal pentru iubitorii de activit\u0103\u021bi \u00een aer liber!","robots":{"index":"index","follow":"follow","max-snippet":"max-snippet:-1","max-image-preview":"max-image-preview:large","max-video-preview":"max-video-preview:-1"},"canonical":"https:\/\/xstyle.md\/ro\/produs\/zhidkost-dlya-zazhigalki-zippo-lighter-fluid-125-ml\/","og_locale":"ro_RO","og_type":"article","og_title":"\u0416\u0438\u0434\u043a\u043e\u0441\u0442\u044c \u0434\u043b\u044f \u0437\u0430\u0436\u0438\u0433\u0430\u043b\u043a\u0438 Zippo Lighter Fluid 125 ml - \u041c\u0430\u0433\u0430\u0437\u0438\u043d Xstyle","og_description":"\u041a\u0443\u043f\u0438\u0442\u044c \u0436\u0438\u0434\u043a\u043e\u0441\u0442\u044c \u0434\u043b\u044f \u0437\u0430\u0436\u0438\u0433\u0430\u043b\u043e\u043a Zippo Lighter Fluid 125 \u043c\u043b. \u041e\u0431\u0435\u0441\u043f\u0435\u0447\u0438\u0432\u0430\u0435\u0442 \u043d\u0430\u0434\u0435\u0436\u043d\u044b\u0439 \u0438 \u0434\u043b\u0438\u0442\u0435\u043b\u044c\u043d\u044b\u0439 \u043e\u0433\u043e\u043d\u044c. \u0418\u0434\u0435\u0430\u043b\u044c\u043d\u043e \u0434\u043b\u044f \u043b\u044e\u0431\u0438\u0442\u0435\u043b\u0435\u0439 \u0430\u043a\u0442\u0438\u0432\u043d\u043e\u0433\u043e \u043e\u0442\u0434\u044b\u0445\u0430!","og_url":"https:\/\/xstyle.md\/ro\/produs\/zhidkost-dlya-zazhigalki-zippo-lighter-fluid-125-ml\/","og_site_name":"\u041c\u0430\u0433\u0430\u0437\u0438\u043d Xstyle","article_publisher":"https:\/\/www.facebook.com\/xstylemd","article_modified_time":"2026-01-21T11:16:11+00:00","og_image":[{"width":2000,"height":2000,"url":"https:\/\/xstyle.md\/wp-content\/uploads\/2024\/03\/zippo-lighter-fluid-125-ml.jpg","type":"image\/jpeg"}],"twitter_card":"summary_large_image","twitter_misc":{"Pre\u021b":"115&nbsp;MDL","Disponibilitate":"Stoc epuizat"},"schema":{"@context":"https:\/\/schema.org","@graph":[{"@type":"WebPage","@id":"https:\/\/xstyle.md\/product\/zhidkost-dlya-zazhigalki-zippo-lighter-fluid-125-ml\/","url":"https:\/\/xstyle.md\/product\/zhidkost-dlya-zazhigalki-zippo-lighter-fluid-125-ml\/","name":"Lichid pentru brichet\u0103 Zippo Lighter Fluid 125 ml - Magazin Xstyle","isPartOf":{"@id":"https:\/\/xstyle.md\/#website"},"primaryImageOfPage":{"@id":"https:\/\/xstyle.md\/product\/zhidkost-dlya-zazhigalki-zippo-lighter-fluid-125-ml\/#primaryimage"},"image":{"@id":"https:\/\/xstyle.md\/product\/zhidkost-dlya-zazhigalki-zippo-lighter-fluid-125-ml\/#primaryimage"},"thumbnailUrl":"https:\/\/xstyle.md\/wp-content\/uploads\/2024\/03\/zippo-lighter-fluid-125-ml.jpg","datePublished":"2024-03-20T15:09:40+00:00","dateModified":"2026-01-21T11:16:11+00:00","description":"Cump\u0103r\u0103 lichid pentru brichete Zippo Lighter Fluid 125 ml. Ofer\u0103 o flac\u0103r\u0103 fiabil\u0103 \u0219i de lung\u0103 durat\u0103. Ideal pentru iubitorii de activit\u0103\u021bi \u00een aer liber!","breadcrumb":{"@id":"https:\/\/xstyle.md\/product\/zhidkost-dlya-zazhigalki-zippo-lighter-fluid-125-ml\/#breadcrumb"},"inLanguage":"ro-RO","potentialAction":[{"@type":"ReadAction","target":["https:\/\/xstyle.md\/product\/zhidkost-dlya-zazhigalki-zippo-lighter-fluid-125-ml\/"]}]},{"@type":"ImageObject","inLanguage":"ro-RO","@id":"https:\/\/xstyle.md\/product\/zhidkost-dlya-zazhigalki-zippo-lighter-fluid-125-ml\/#primaryimage","url":"https:\/\/xstyle.md\/wp-content\/uploads\/2024\/03\/zippo-lighter-fluid-125-ml.jpg","contentUrl":"https:\/\/xstyle.md\/wp-content\/uploads\/2024\/03\/zippo-lighter-fluid-125-ml.jpg","width":2000,"height":2000,"caption":"\u0416\u0438\u0434\u043a\u043e\u0441\u0442\u044c \u0434\u043b\u044f \u0437\u0430\u0436\u0438\u0433\u0430\u043b\u043a\u0438 Zippo 125 \u043c\u043b \u043d\u0430 \u0444\u043e\u043d\u0435 \u0430\u043a\u0442\u0438\u0432\u043d\u043e\u0439 \u0442\u0443\u0440\u0438\u0441\u0442\u0438\u0447\u0435\u0441\u043a\u043e\u0439 \u044d\u043a\u0438\u043f\u0438\u0440\u043e\u0432\u043a\u0438 \u043e\u0431\u0443\u0432\u0438 \u0438 \u043e\u0434\u0435\u0436\u0434\u044b \u0434\u043b\u044f \u043f\u0443\u0442\u0435\u0448\u0435\u0441\u0442\u0432\u0438\u0439, \u043f\u043e\u0445\u043e\u0434\u043e\u0432 \u0438 \u0430\u043b\u044c\u043f\u0438\u043d\u0438\u0437\u043c\u0430 \u0432 \u043e\u043d\u043b\u0430\u0439\u043d \u043c\u0430\u0433\u0430\u0437\u0438\u043d\u0435 \u0430\u043a\u0442\u0438\u0432\u043d\u043e\u0439 \u0436\u0438\u0437\u043d\u0438"},{"@type":"BreadcrumbList","@id":"https:\/\/xstyle.md\/product\/zhidkost-dlya-zazhigalki-zippo-lighter-fluid-125-ml\/#breadcrumb","itemListElement":[{"@type":"ListItem","position":1,"name":"\u0413\u043b\u0430\u0432\u043d\u0430\u044f \u0441\u0442\u0440\u0430\u043d\u0438\u0446\u0430","item":"https:\/\/xstyle.md\/"},{"@type":"ListItem","position":2,"name":"\u041c\u0430\u0433\u0430\u0437\u0438\u043d","item":"https:\/\/xstyle.md\/shop\/"},{"@type":"ListItem","position":3,"name":"\u0416\u0438\u0434\u043a\u043e\u0441\u0442\u044c \u0434\u043b\u044f \u0437\u0430\u0436\u0438\u0433\u0430\u043b\u043a\u0438 Zippo Lighter Fluid 125 ml"}]},{"@type":"WebSite","@id":"https:\/\/xstyle.md\/#website","url":"https:\/\/xstyle.md\/","name":"Magazinul X-Style","description":"Echipamente pentru turism \u0219i sporturi extreme \u00een Moldova. Pre\u021buri, fotografii, caracteristici \u00een Moldova.","publisher":{"@id":"https:\/\/xstyle.md\/#organization"},"alternateName":"X-Style","potentialAction":[{"@type":"SearchAction","target":{"@type":"EntryPoint","urlTemplate":"https:\/\/xstyle.md\/?s={search_term_string}"},"query-input":{"@type":"PropertyValueSpecification","valueRequired":true,"valueName":"search_term_string"}}],"inLanguage":"ro-RO"},{"@type":"Organization","@id":"https:\/\/xstyle.md\/#organization","name":"Magazinul X-Style","alternateName":"x-style","url":"https:\/\/xstyle.md\/","logo":{"@type":"ImageObject","inLanguage":"ro-RO","@id":"https:\/\/xstyle.md\/#\/schema\/logo\/image\/","url":"https:\/\/xstyle.md\/wp-content\/uploads\/2020\/06\/logoicon.svg","contentUrl":"https:\/\/xstyle.md\/wp-content\/uploads\/2020\/06\/logoicon.svg","caption":"\u041c\u0430\u0433\u0430\u0437\u0438\u043d Xstyle"},"image":{"@id":"https:\/\/xstyle.md\/#\/schema\/logo\/image\/"},"sameAs":["https:\/\/www.facebook.com\/xstylemd","https:\/\/www.instagram.com\/xstyle_md\/","https:\/\/t.me\/xstyle_outdoor"],"hasMerchantReturnPolicy":{"@type":"MerchantReturnPolicy","merchantReturnLink":"https:\/\/xstyle.md\/ro\/conditions\/"}}]},"product_price_amount":"115.00","product_price_currency":"MDL","og_availability":"out of stock","product_availability":"out of stock","product_retailer_item_id":"2000999769870","product_condition":"new"},"post_mailing_queue_ids":[],"_links":{"self":[{"href":"https:\/\/xstyle.md\/ro\/wp-json\/wp\/v2\/product\/80845","targetHints":{"allow":["GET"]}}],"collection":[{"href":"https:\/\/xstyle.md\/ro\/wp-json\/wp\/v2\/product"}],"about":[{"href":"https:\/\/xstyle.md\/ro\/wp-json\/wp\/v2\/types\/product"}],"replies":[{"embeddable":true,"href":"https:\/\/xstyle.md\/ro\/wp-json\/wp\/v2\/comments?post=80845"}],"wp:featuredmedia":[{"embeddable":true,"href":"https:\/\/xstyle.md\/ro\/wp-json\/wp\/v2\/media\/80951"}],"wp:attachment":[{"href":"https:\/\/xstyle.md\/ro\/wp-json\/wp\/v2\/media?parent=80845"}],"wp:term":[{"taxonomy":"product_brand","embeddable":true,"href":"https:\/\/xstyle.md\/ro\/wp-json\/wp\/v2\/product_brand?post=80845"},{"taxonomy":"product_cat","embeddable":true,"href":"https:\/\/xstyle.md\/ro\/wp-json\/wp\/v2\/product_cat?post=80845"},{"taxonomy":"product_tag","embeddable":true,"href":"https:\/\/xstyle.md\/ro\/wp-json\/wp\/v2\/product_tag?post=80845"}],"curies":[{"name":"wp","href":"https:\/\/api.w.org\/{rel}","templated":true}]}}