{"id":80841,"date":"2024-03-20T18:09:40","date_gmt":"2024-03-20T15:09:40","guid":{"rendered":"https:\/\/xstyle.md\/?post_type=product&#038;p=80841"},"modified":"2025-10-24T13:09:28","modified_gmt":"2025-10-24T10:09:28","slug":"nozh-sog-terminus-od-green","status":"publish","type":"product","link":"https:\/\/xstyle.md\/ro\/produs\/nozh-sog-terminus-od-green\/","title":{"rendered":"Cu\u021bit SOG Terminus OD Green"},"content":{"rendered":"<\/p>\n<p><strong>SOG Terminus OD Green<\/strong> &#8212;\u00a0cu\u021bit pliabil versatil, are o lam\u0103 de calitate de 75 mm din o\u021bel inoxidabil D2 \u0219i un m\u00e2ner G10. Cu\u021bitul are o balama glisant\u0103 \u0219i este mai u\u0219or de cur\u0103\u021bat, de \u00eentre\u021binut \u0219i are mai pu\u021bine piese mecanice care se pot murd\u0103ri \u0219i pot cauza probleme. Lama versatil\u0103 BD1 clip point cu muchie dreapt\u0103 din o\u021bel D2 este foarte durabil\u0103 \u0219i rezistent\u0103 la uzur\u0103. M\u00e2nerul din G10 texturat \u0219i crest\u0103tura de pe v\u00e2rful lamei ofer\u0103 un suport pentru degetul mare \u0219i un control \u00eembun\u0103t\u0103\u021bit \u00een timpul utiliz\u0103rii. O mic\u0103 aripioar\u0103 de garda de pe lam\u0103 v\u0103 permite s\u0103 deschide\u021bi, \u00eempiedic\u00e2nd \u00een acela\u0219i timp \u00eenchiderea accidental\u0103 a lamei de c\u0103tre degete. Profilul s\u0103u sub\u021bire \u00eel face u\u0219or de transportat cu un clip cu dou\u0103 fe\u021be \u00een buzunarul pantalonilor. Mecanismul de blocare XR func\u021bioneaz\u0103 rapid \u0219i este reglabil pe toat\u0103 durata de via\u021b\u0103 a cu\u021bitului. Cu\u021bitul este complet cu dou\u0103 fe\u021be, cu o clem\u0103 de centur\u0103 interschimbabil\u0103 pentru a fi purtat \u00een st\u00e2nga sau \u00een dreapta. Trei metode diferite de deschidere: pinten \u0219i degetul mare, blocare XR \u0219i aripioara de protec\u021bie.<\/p>\n<p>Sistemul XR Lock\u00ae de la SOG asigur\u0103 o deschidere lin\u0103 \u0219i controlat\u0103 cu o singur\u0103 m\u00e2n\u0103, folosind orificiul prev\u0103zut pentru degetul mare din lam\u0103 sau prin \u021binerea \u00eencuietoarei \u0219i aruncarea lamei cu o mi\u0219care a m\u00e2inii. Ofer\u0103 o securitate maxim\u0103 \u00eencorporat\u0103 de blocare a lamei atunci c\u00e2nd este deschis\u0103, capabil\u0103 s\u0103 reziste la o for\u021b\u0103 de 680 kg.<\/p>\n<h3>Caracteristici<\/h3>\n<ul>\n<li>Tip cu\u021bit: pliabil<\/li>\n<li>Tip de t\u0103i\u0219: regulat<\/li>\n<li>Tip de \u00eencuietoare: XR Lock<\/li>\n<li>Lungime total\u0103: 18,3 cm<\/li>\n<li>Lungimea lamei: 10,8 cm<\/li>\n<li>Material m\u00e2ner: G-10<\/li>\n<li>Duritatea o\u021belului: 56-58 HRC<\/li>\n<li>Grad de o\u021bel: D2<\/li>\n<li>Greutate: 91 g<\/li>\n<\/ul>\n<h3>Marca<\/h3>\n<p>SOG este o companie renumit\u0103 care produce cu\u021bite pliabile, de v\u00e2n\u0103toare \u0219i speciale de foarte bun\u0103 calitate, fiabile \u0219i convenabile, precum \u0219i unelte multifunc\u021bionale. Fiecare model este dezvoltat de c\u0103tre fondatorul \u0219i inginerul \u0219ef al companiei Spencer Frazer (Spencer Frazer). Proiectele sale patentate, unice \u0219i futuriste au adus numeroase premii SOG \u0219i l-au f\u0103cut pe Frazer celebru ca designer progresist.<\/p>\n<p>Numele companiei este un acronim de la Studies and Observation Group (Grupul de studii \u0219i observare), o unitate militar\u0103 de elit\u0103 creat\u0103 pentru opera\u021biuni secrete \u00een timpul r\u0103zboiului din Vietnam. La treisprezece ani dup\u0103 ce unitatea de elit\u0103 a fost desfiin\u021bat\u0103, \u00een 1986, a fost fondat\u0103 SOG Specialty Knives. De atunci, SOG \u0219i-a v\u00e2ndut cu succes produsele \u00een \u00eentreaga lume \u0219i este recunoscut\u0103 pe scar\u0103 larg\u0103 pentru stilul s\u0103u unic \u0219i angajamentul de a crea modelele perfecte.<\/p>\n<p><\/p>","protected":false},"excerpt":{"rendered":"","protected":false},"featured_media":80923,"comment_status":"open","ping_status":"closed","template":"","meta":{"_acf_changed":false,"inline_featured_image":false},"product_brand":[1458],"product_cat":[169],"product_tag":[],"class_list":{"0":"post-80841","1":"product","2":"type-product","3":"status-publish","4":"has-post-thumbnail","6":"product_brand-sog","7":"product_cat-knives","9":"first","10":"instock","11":"shipping-taxable","12":"purchasable","13":"product-type-simple"},"acf":[],"yoast_head":"<!-- This site is optimized with the Yoast SEO plugin v27.4 - https:\/\/yoast.com\/product\/yoast-seo-wordpress\/ -->\n<title>\u041d\u043e\u0436 SOG Terminus OD Green - \u041c\u0430\u0433\u0430\u0437\u0438\u043d Xstyle<\/title>\n<meta name=\"description\" content=\"\u041a\u0443\u043f\u0438\u0442\u0435 \u0441\u043a\u043b\u0430\u0434\u043d\u043e\u0439 \u043d\u043e\u0436 SOG Terminus OD Green \u0441 \u043b\u0435\u0437\u0432\u0438\u0435\u043c \u0438\u0437 \u043d\u0435\u0440\u0436\u0430\u0432\u0435\u044e\u0449\u0435\u0439 \u0441\u0442\u0430\u043b\u0438 D2 \u0438 \u0440\u0443\u0447\u043a\u043e\u0439 G10. \u0423\u0434\u043e\u0431\u043d\u044b\u0439, \u043b\u0435\u0433\u043a\u0438\u0439 \u0432 \u043e\u0431\u0441\u043b\u0443\u0436\u0438\u0432\u0430\u043d\u0438\u0438 \u0438 \u043d\u0430\u0434\u0435\u0436\u043d\u044b\u0439!\" \/>\n<meta name=\"robots\" content=\"index, follow, max-snippet:-1, max-image-preview:large, max-video-preview:-1\" \/>\n<link rel=\"canonical\" href=\"https:\/\/xstyle.md\/ro\/produs\/nozh-sog-terminus-od-green\/\" \/>\n<meta property=\"og:locale\" content=\"ro_RO\" \/>\n<meta property=\"og:type\" content=\"article\" \/>\n<meta property=\"og:title\" content=\"\u041d\u043e\u0436 SOG Terminus OD Green - \u041c\u0430\u0433\u0430\u0437\u0438\u043d Xstyle\" \/>\n<meta property=\"og:description\" content=\"\u041a\u0443\u043f\u0438\u0442\u0435 \u0441\u043a\u043b\u0430\u0434\u043d\u043e\u0439 \u043d\u043e\u0436 SOG Terminus OD Green \u0441 \u043b\u0435\u0437\u0432\u0438\u0435\u043c \u0438\u0437 \u043d\u0435\u0440\u0436\u0430\u0432\u0435\u044e\u0449\u0435\u0439 \u0441\u0442\u0430\u043b\u0438 D2 \u0438 \u0440\u0443\u0447\u043a\u043e\u0439 G10. \u0423\u0434\u043e\u0431\u043d\u044b\u0439, \u043b\u0435\u0433\u043a\u0438\u0439 \u0432 \u043e\u0431\u0441\u043b\u0443\u0436\u0438\u0432\u0430\u043d\u0438\u0438 \u0438 \u043d\u0430\u0434\u0435\u0436\u043d\u044b\u0439!\" \/>\n<meta property=\"og:url\" content=\"https:\/\/xstyle.md\/ro\/produs\/nozh-sog-terminus-od-green\/\" \/>\n<meta property=\"og:site_name\" content=\"\u041c\u0430\u0433\u0430\u0437\u0438\u043d Xstyle\" \/>\n<meta property=\"article:publisher\" content=\"https:\/\/www.facebook.com\/xstylemd\" \/>\n<meta property=\"article:modified_time\" content=\"2025-10-24T10:09:28+00:00\" \/>\n<meta property=\"og:image\" content=\"https:\/\/xstyle.md\/wp-content\/uploads\/2024\/03\/sog-terminus-od-green.jpg\" \/>\n\t<meta property=\"og:image:width\" content=\"1234\" \/>\n\t<meta property=\"og:image:height\" content=\"1239\" \/>\n\t<meta property=\"og:image:type\" content=\"image\/jpeg\" \/>\n<meta name=\"twitter:card\" content=\"summary_large_image\" \/>\n<meta name=\"twitter:label1\" content=\"Pre\u021b\" \/>\n\t<meta name=\"twitter:data1\" content=\"1.650&nbsp;MDL\" \/>\n\t<meta name=\"twitter:label2\" content=\"Disponibilitate\" \/>\n\t<meta name=\"twitter:data2\" content=\"\u00cen stoc\" \/>\n<script type=\"application\/ld+json\" class=\"yoast-schema-graph\">{\"@context\":\"https:\\\/\\\/schema.org\",\"@graph\":[{\"@type\":\"WebPage\",\"@id\":\"https:\\\/\\\/xstyle.md\\\/product\\\/nozh-sog-terminus-od-green\\\/\",\"url\":\"https:\\\/\\\/xstyle.md\\\/product\\\/nozh-sog-terminus-od-green\\\/\",\"name\":\"\u041d\u043e\u0436 SOG Terminus OD Green - \u041c\u0430\u0433\u0430\u0437\u0438\u043d Xstyle\",\"isPartOf\":{\"@id\":\"https:\\\/\\\/xstyle.md\\\/#website\"},\"primaryImageOfPage\":{\"@id\":\"https:\\\/\\\/xstyle.md\\\/product\\\/nozh-sog-terminus-od-green\\\/#primaryimage\"},\"image\":{\"@id\":\"https:\\\/\\\/xstyle.md\\\/product\\\/nozh-sog-terminus-od-green\\\/#primaryimage\"},\"thumbnailUrl\":\"https:\\\/\\\/xstyle.md\\\/wp-content\\\/uploads\\\/2024\\\/03\\\/sog-terminus-od-green.jpg\",\"datePublished\":\"2024-03-20T15:09:40+00:00\",\"dateModified\":\"2025-10-24T10:09:28+00:00\",\"description\":\"\u041a\u0443\u043f\u0438\u0442\u0435 \u0441\u043a\u043b\u0430\u0434\u043d\u043e\u0439 \u043d\u043e\u0436 SOG Terminus OD Green \u0441 \u043b\u0435\u0437\u0432\u0438\u0435\u043c \u0438\u0437 \u043d\u0435\u0440\u0436\u0430\u0432\u0435\u044e\u0449\u0435\u0439 \u0441\u0442\u0430\u043b\u0438 D2 \u0438 \u0440\u0443\u0447\u043a\u043e\u0439 G10. \u0423\u0434\u043e\u0431\u043d\u044b\u0439, \u043b\u0435\u0433\u043a\u0438\u0439 \u0432 \u043e\u0431\u0441\u043b\u0443\u0436\u0438\u0432\u0430\u043d\u0438\u0438 \u0438 \u043d\u0430\u0434\u0435\u0436\u043d\u044b\u0439!\",\"breadcrumb\":{\"@id\":\"https:\\\/\\\/xstyle.md\\\/product\\\/nozh-sog-terminus-od-green\\\/#breadcrumb\"},\"inLanguage\":\"ro-RO\",\"potentialAction\":[{\"@type\":\"ReadAction\",\"target\":[\"https:\\\/\\\/xstyle.md\\\/product\\\/nozh-sog-terminus-od-green\\\/\"]}]},{\"@type\":\"ImageObject\",\"inLanguage\":\"ro-RO\",\"@id\":\"https:\\\/\\\/xstyle.md\\\/product\\\/nozh-sog-terminus-od-green\\\/#primaryimage\",\"url\":\"https:\\\/\\\/xstyle.md\\\/wp-content\\\/uploads\\\/2024\\\/03\\\/sog-terminus-od-green.jpg\",\"contentUrl\":\"https:\\\/\\\/xstyle.md\\\/wp-content\\\/uploads\\\/2024\\\/03\\\/sog-terminus-od-green.jpg\",\"width\":1234,\"height\":1239,\"caption\":\"\u0422\u043e\u0432\u0430\u0440 \u0434\u043b\u044f \u0430\u043a\u0442\u0438\u0432\u043d\u043e\u0433\u043e \u043e\u0442\u0434\u044b\u0445\u0430 \u043d\u043e\u0436 SOG Terminus OD Green \u0434\u043b\u044f \u043f\u043e\u0445\u043e\u0434\u043e\u0432 \u0442\u0443\u0440\u0438\u0437\u043c\u0430 \u0438 \u0430\u043b\u044c\u043f\u0438\u043d\u0438\u0437\u043c\u0430 \u0432 \u043c\u0430\u0433\u0430\u0437\u0438\u043d\u0435 \u0430\u043a\u0441\u0435\u0441\u0441\u0443\u0430\u0440\u043e\u0432 \u0434\u043b\u044f \u0430\u043a\u0442\u0438\u0432\u043d\u043e\u0433\u043e \u043e\u0431\u0440\u0430\u0437\u0430 \u0436\u0438\u0437\u043d\u0438\"},{\"@type\":\"BreadcrumbList\",\"@id\":\"https:\\\/\\\/xstyle.md\\\/product\\\/nozh-sog-terminus-od-green\\\/#breadcrumb\",\"itemListElement\":[{\"@type\":\"ListItem\",\"position\":1,\"name\":\"\u0413\u043b\u0430\u0432\u043d\u0430\u044f \u0441\u0442\u0440\u0430\u043d\u0438\u0446\u0430\",\"item\":\"https:\\\/\\\/xstyle.md\\\/\"},{\"@type\":\"ListItem\",\"position\":2,\"name\":\"\u041c\u0430\u0433\u0430\u0437\u0438\u043d\",\"item\":\"https:\\\/\\\/xstyle.md\\\/shop\\\/\"},{\"@type\":\"ListItem\",\"position\":3,\"name\":\"\u041d\u043e\u0436 SOG Terminus OD Green\"}]},{\"@type\":\"WebSite\",\"@id\":\"https:\\\/\\\/xstyle.md\\\/#website\",\"url\":\"https:\\\/\\\/xstyle.md\\\/\",\"name\":\"\u041c\u0430\u0433\u0430\u0437\u0438\u043d Xstyle\",\"description\":\"C\u043d\u0430\u0440\u044f\u0436\u0435\u043d\u0438\u0435 \u0434\u043b\u044f \u0442\u0443\u0440\u0438\u0437\u043c\u0430 \u0438 \u044d\u043a\u0441\u0442\u0440\u0435\u043c\u0430\u043b\u044c\u043d\u044b\u0445 \u0432\u0438\u0434\u043e\u0432 \u0441\u043f\u043e\u0440\u0442\u0430 \u0432 \u041c\u043e\u043b\u0434\u043e\u0432\u0435.. \u0426\u0435\u043d\u044b, \u0444\u043e\u0442\u043e, \u0445\u0430\u0440\u0430\u043a\u0442\u0435\u0440\u0438\u0441\u0442\u0438\u043a\u0438 \u0432 \u041c\u043e\u043b\u0434\u043e\u0432\u0435.\",\"publisher\":{\"@id\":\"https:\\\/\\\/xstyle.md\\\/#organization\"},\"alternateName\":\"X-Style\",\"potentialAction\":[{\"@type\":\"SearchAction\",\"target\":{\"@type\":\"EntryPoint\",\"urlTemplate\":\"https:\\\/\\\/xstyle.md\\\/?s={search_term_string}\"},\"query-input\":{\"@type\":\"PropertyValueSpecification\",\"valueRequired\":true,\"valueName\":\"search_term_string\"}}],\"inLanguage\":\"ro-RO\"},{\"@type\":\"Organization\",\"@id\":\"https:\\\/\\\/xstyle.md\\\/#organization\",\"name\":\"\u041c\u0430\u0433\u0430\u0437\u0438\u043d Xstyle\",\"alternateName\":\"x-style\",\"url\":\"https:\\\/\\\/xstyle.md\\\/\",\"logo\":{\"@type\":\"ImageObject\",\"inLanguage\":\"ro-RO\",\"@id\":\"https:\\\/\\\/xstyle.md\\\/#\\\/schema\\\/logo\\\/image\\\/\",\"url\":\"https:\\\/\\\/xstyle.md\\\/wp-content\\\/uploads\\\/2020\\\/06\\\/logoicon.svg\",\"contentUrl\":\"https:\\\/\\\/xstyle.md\\\/wp-content\\\/uploads\\\/2020\\\/06\\\/logoicon.svg\",\"caption\":\"\u041c\u0430\u0433\u0430\u0437\u0438\u043d Xstyle\"},\"image\":{\"@id\":\"https:\\\/\\\/xstyle.md\\\/#\\\/schema\\\/logo\\\/image\\\/\"},\"sameAs\":[\"https:\\\/\\\/www.facebook.com\\\/xstylemd\",\"https:\\\/\\\/www.instagram.com\\\/xstyle_md\\\/\",\"https:\\\/\\\/t.me\\\/xstyle_outdoor\"],\"hasMerchantReturnPolicy\":{\"@type\":\"MerchantReturnPolicy\",\"merchantReturnLink\":\"https:\\\/\\\/xstyle.md\\\/ro\\\/conditions\\\/\"}}]}<\/script>\n<meta property=\"product:price:amount\" content=\"1650.00\" \/>\n<meta property=\"product:price:currency\" content=\"MDL\" \/>\n<meta property=\"og:availability\" content=\"instock\" \/>\n<meta property=\"product:availability\" content=\"instock\" \/>\n<meta property=\"product:retailer_item_id\" content=\"729857013314\" \/>\n<meta property=\"product:condition\" content=\"new\" \/>\n<!-- \/ Yoast SEO plugin. -->","yoast_head_json":{"title":"Cu\u021bit SOG Terminus OD Green - Magazin Xstyle","description":"Cump\u0103ra\u021bi cu\u021bitul pliabil SOG Terminus OD Green cu lam\u0103 din o\u021bel inoxidabil D2 \u0219i m\u00e2nere din G10. Convenabil, u\u0219or de \u00eentre\u021binut \u0219i fiabil!","robots":{"index":"index","follow":"follow","max-snippet":"max-snippet:-1","max-image-preview":"max-image-preview:large","max-video-preview":"max-video-preview:-1"},"canonical":"https:\/\/xstyle.md\/ro\/produs\/nozh-sog-terminus-od-green\/","og_locale":"ro_RO","og_type":"article","og_title":"\u041d\u043e\u0436 SOG Terminus OD Green - \u041c\u0430\u0433\u0430\u0437\u0438\u043d Xstyle","og_description":"\u041a\u0443\u043f\u0438\u0442\u0435 \u0441\u043a\u043b\u0430\u0434\u043d\u043e\u0439 \u043d\u043e\u0436 SOG Terminus OD Green \u0441 \u043b\u0435\u0437\u0432\u0438\u0435\u043c \u0438\u0437 \u043d\u0435\u0440\u0436\u0430\u0432\u0435\u044e\u0449\u0435\u0439 \u0441\u0442\u0430\u043b\u0438 D2 \u0438 \u0440\u0443\u0447\u043a\u043e\u0439 G10. \u0423\u0434\u043e\u0431\u043d\u044b\u0439, \u043b\u0435\u0433\u043a\u0438\u0439 \u0432 \u043e\u0431\u0441\u043b\u0443\u0436\u0438\u0432\u0430\u043d\u0438\u0438 \u0438 \u043d\u0430\u0434\u0435\u0436\u043d\u044b\u0439!","og_url":"https:\/\/xstyle.md\/ro\/produs\/nozh-sog-terminus-od-green\/","og_site_name":"\u041c\u0430\u0433\u0430\u0437\u0438\u043d Xstyle","article_publisher":"https:\/\/www.facebook.com\/xstylemd","article_modified_time":"2025-10-24T10:09:28+00:00","og_image":[{"width":1234,"height":1239,"url":"https:\/\/xstyle.md\/wp-content\/uploads\/2024\/03\/sog-terminus-od-green.jpg","type":"image\/jpeg"}],"twitter_card":"summary_large_image","twitter_misc":{"Pre\u021b":"1.650&nbsp;MDL","Disponibilitate":"\u00cen stoc"},"schema":{"@context":"https:\/\/schema.org","@graph":[{"@type":"WebPage","@id":"https:\/\/xstyle.md\/product\/nozh-sog-terminus-od-green\/","url":"https:\/\/xstyle.md\/product\/nozh-sog-terminus-od-green\/","name":"Cu\u021bit SOG Terminus OD Green - Magazin Xstyle","isPartOf":{"@id":"https:\/\/xstyle.md\/#website"},"primaryImageOfPage":{"@id":"https:\/\/xstyle.md\/product\/nozh-sog-terminus-od-green\/#primaryimage"},"image":{"@id":"https:\/\/xstyle.md\/product\/nozh-sog-terminus-od-green\/#primaryimage"},"thumbnailUrl":"https:\/\/xstyle.md\/wp-content\/uploads\/2024\/03\/sog-terminus-od-green.jpg","datePublished":"2024-03-20T15:09:40+00:00","dateModified":"2025-10-24T10:09:28+00:00","description":"Cump\u0103ra\u021bi cu\u021bitul pliabil SOG Terminus OD Green cu lam\u0103 din o\u021bel inoxidabil D2 \u0219i m\u00e2nere din G10. Convenabil, u\u0219or de \u00eentre\u021binut \u0219i fiabil!","breadcrumb":{"@id":"https:\/\/xstyle.md\/product\/nozh-sog-terminus-od-green\/#breadcrumb"},"inLanguage":"ro-RO","potentialAction":[{"@type":"ReadAction","target":["https:\/\/xstyle.md\/product\/nozh-sog-terminus-od-green\/"]}]},{"@type":"ImageObject","inLanguage":"ro-RO","@id":"https:\/\/xstyle.md\/product\/nozh-sog-terminus-od-green\/#primaryimage","url":"https:\/\/xstyle.md\/wp-content\/uploads\/2024\/03\/sog-terminus-od-green.jpg","contentUrl":"https:\/\/xstyle.md\/wp-content\/uploads\/2024\/03\/sog-terminus-od-green.jpg","width":1234,"height":1239,"caption":"\u0422\u043e\u0432\u0430\u0440 \u0434\u043b\u044f \u0430\u043a\u0442\u0438\u0432\u043d\u043e\u0433\u043e \u043e\u0442\u0434\u044b\u0445\u0430 \u043d\u043e\u0436 SOG Terminus OD Green \u0434\u043b\u044f \u043f\u043e\u0445\u043e\u0434\u043e\u0432 \u0442\u0443\u0440\u0438\u0437\u043c\u0430 \u0438 \u0430\u043b\u044c\u043f\u0438\u043d\u0438\u0437\u043c\u0430 \u0432 \u043c\u0430\u0433\u0430\u0437\u0438\u043d\u0435 \u0430\u043a\u0441\u0435\u0441\u0441\u0443\u0430\u0440\u043e\u0432 \u0434\u043b\u044f \u0430\u043a\u0442\u0438\u0432\u043d\u043e\u0433\u043e \u043e\u0431\u0440\u0430\u0437\u0430 \u0436\u0438\u0437\u043d\u0438"},{"@type":"BreadcrumbList","@id":"https:\/\/xstyle.md\/product\/nozh-sog-terminus-od-green\/#breadcrumb","itemListElement":[{"@type":"ListItem","position":1,"name":"\u0413\u043b\u0430\u0432\u043d\u0430\u044f \u0441\u0442\u0440\u0430\u043d\u0438\u0446\u0430","item":"https:\/\/xstyle.md\/"},{"@type":"ListItem","position":2,"name":"\u041c\u0430\u0433\u0430\u0437\u0438\u043d","item":"https:\/\/xstyle.md\/shop\/"},{"@type":"ListItem","position":3,"name":"\u041d\u043e\u0436 SOG Terminus OD Green"}]},{"@type":"WebSite","@id":"https:\/\/xstyle.md\/#website","url":"https:\/\/xstyle.md\/","name":"Magazinul X-Style","description":"Echipamente pentru turism \u0219i sporturi extreme \u00een Moldova. Pre\u021buri, fotografii, caracteristici \u00een Moldova.","publisher":{"@id":"https:\/\/xstyle.md\/#organization"},"alternateName":"X-Style","potentialAction":[{"@type":"SearchAction","target":{"@type":"EntryPoint","urlTemplate":"https:\/\/xstyle.md\/?s={search_term_string}"},"query-input":{"@type":"PropertyValueSpecification","valueRequired":true,"valueName":"search_term_string"}}],"inLanguage":"ro-RO"},{"@type":"Organization","@id":"https:\/\/xstyle.md\/#organization","name":"Magazinul X-Style","alternateName":"x-style","url":"https:\/\/xstyle.md\/","logo":{"@type":"ImageObject","inLanguage":"ro-RO","@id":"https:\/\/xstyle.md\/#\/schema\/logo\/image\/","url":"https:\/\/xstyle.md\/wp-content\/uploads\/2020\/06\/logoicon.svg","contentUrl":"https:\/\/xstyle.md\/wp-content\/uploads\/2020\/06\/logoicon.svg","caption":"\u041c\u0430\u0433\u0430\u0437\u0438\u043d Xstyle"},"image":{"@id":"https:\/\/xstyle.md\/#\/schema\/logo\/image\/"},"sameAs":["https:\/\/www.facebook.com\/xstylemd","https:\/\/www.instagram.com\/xstyle_md\/","https:\/\/t.me\/xstyle_outdoor"],"hasMerchantReturnPolicy":{"@type":"MerchantReturnPolicy","merchantReturnLink":"https:\/\/xstyle.md\/ro\/conditions\/"}}]},"product_price_amount":"1650.00","product_price_currency":"MDL","og_availability":"instock","product_availability":"instock","product_retailer_item_id":"729857013314","product_condition":"new"},"_links":{"self":[{"href":"https:\/\/xstyle.md\/ro\/wp-json\/wp\/v2\/product\/80841","targetHints":{"allow":["GET"]}}],"collection":[{"href":"https:\/\/xstyle.md\/ro\/wp-json\/wp\/v2\/product"}],"about":[{"href":"https:\/\/xstyle.md\/ro\/wp-json\/wp\/v2\/types\/product"}],"replies":[{"embeddable":true,"href":"https:\/\/xstyle.md\/ro\/wp-json\/wp\/v2\/comments?post=80841"}],"wp:featuredmedia":[{"embeddable":true,"href":"https:\/\/xstyle.md\/ro\/wp-json\/wp\/v2\/media\/80923"}],"wp:attachment":[{"href":"https:\/\/xstyle.md\/ro\/wp-json\/wp\/v2\/media?parent=80841"}],"wp:term":[{"taxonomy":"product_brand","embeddable":true,"href":"https:\/\/xstyle.md\/ro\/wp-json\/wp\/v2\/product_brand?post=80841"},{"taxonomy":"product_cat","embeddable":true,"href":"https:\/\/xstyle.md\/ro\/wp-json\/wp\/v2\/product_cat?post=80841"},{"taxonomy":"product_tag","embeddable":true,"href":"https:\/\/xstyle.md\/ro\/wp-json\/wp\/v2\/product_tag?post=80841"}],"curies":[{"name":"wp","href":"https:\/\/api.w.org\/{rel}","templated":true}]}}