{"id":80827,"date":"2024-03-20T18:09:34","date_gmt":"2024-03-20T15:09:34","guid":{"rendered":"https:\/\/xstyle.md\/?post_type=product&#038;p=80827"},"modified":"2026-03-19T17:18:38","modified_gmt":"2026-03-19T14:18:38","slug":"botinki-la-sportiva-aequilibrium-trek-gtx-carbon-yellow","status":"publish","type":"product","link":"https:\/\/xstyle.md\/ro\/produs\/botinki-la-sportiva-aequilibrium-trek-gtx-carbon-yellow\/","title":{"rendered":"Bocanci La Sportiva Aequilibrium Trek Gtx carbon\/yellow"},"content":{"rendered":"<\/p>\n<p><strong>La Sportiva Aequilibrium Trek Gtx<\/strong> &#8212; bocanci pentru drume\u021bii combin\u0103 protec\u021bia \u0219i sus\u021binerea, precum \u0219i durabilitatea excelent\u0103 \u0219i libertatea de mi\u0219care, chiar \u0219i pe cele mai solicitante terenuri din punct de vedere tehnic. Know-how-ul La Sportiva \u0219i tehnologiile din lumea alpinismului au fost folosite pentru a dezvolta cizma ideal\u0103 pentru drume\u021bii lungi \u0219i expedi\u021bii cu rucsacul \u00een spate: compromisul perfect \u00eentre performan\u021ba tehnic\u0103 \u0219i confort. Alergarea lin\u0103 \u0219i sus\u021binerea natural\u0103 a piciorului sunt asigurate de designul t\u0103lpii Double Heel\u2122, \u00een timp ce aderen\u021ba maxim\u0103 pe urc\u0103ri \u0219i controlul for\u021bei de fr\u00e2nare pe cobor\u00e2ri sunt asigurate de sistemul Impact Brake System\u2122. Banda de rulare cu model interschimbabil prelunge\u0219te durata de via\u021b\u0103 a produsului \u0219i asigur\u0103 longevitatea t\u0103lpii exterioare. Partea superioar\u0103 din piele rezistent\u0103 la abraziune se muleaz\u0103 pe forma piciorului, f\u0103c\u00e2nd aceste cizme ideale pentru orice aventur\u0103. Talp\u0103 Vibram\u00ae SpringLug Tech cu Impact Brake System pentru o mai bun\u0103 adaptare la suprafe\u021bele st\u00e2ncoase dure.<\/p>\n<h3>Particularit\u0103\u021bi<\/h3>\n<ul>\n<li>Talp\u0103 interioar\u0103 confec\u021bionat\u0103 din \u021bes\u0103tur\u0103 rezistent\u0103 la abraziune<\/li>\n<li>Talp\u0103 cu inser\u021bii interne din spum\u0103 pentru amortizare sporit\u0103 \u0219i greutate redus\u0103 datorit\u0103 num\u0103rului mai mic de straturi de cauciuc<\/li>\n<li>Tupeu din piele hidrofug\u0103, membran\u0103 GORE-TEX certificat\u0103 \u0219i talp\u0103 rezistent\u0103 la abraziune pentru a face fa\u021b\u0103 tuturor terenurilor \u0219i condi\u021biilor meteorologice extreme.<\/li>\n<li>Trac\u021biune excep\u021bional\u0103 datorit\u0103 designului inovator al c\u0103lc\u00e2iului Double Heel\u2122: geometria spate dubl\u0103 pronun\u021bat\u0103 cre\u0219te eficien\u021ba fr\u00e2n\u0103rii pe cobor\u00e2ri \u0219i asigur\u0103 o rulare mai lin\u0103, reduc\u00e2nd oboseala muscular\u0103.<\/li>\n<li>Articula\u021bia direc\u021bional\u0103 3D Flex System Evo\u2122 cu glezn\u0103 turnat\u0103 \u0219i rezisten\u021b\u0103 la abraziune, permite un control mai bun al sprijinului \u0219i o mobilitate ideal\u0103 a gleznei.<\/li>\n<li>Aderen\u021b\u0103 \u0219i control excelente la urcare \u0219i cobor\u00e2re datorit\u0103 suprapunerilor Impact Brake System\u2122<\/li>\n<\/ul>\n<h3>Caracteristici<\/h3>\n<ul>\n<li>Material superior &#8212; Piele hidrofug\u0103 Hydro-Perwanger\u00ae 1.6 mm<\/li>\n<li>C\u0103ptu\u0219eal\u0103 &#8212; Gore-Tex Performance Comfort<\/li>\n<li>Talp\u0103 interioar\u0103 &#8212; spum\u0103 poliuretanic\u0103 cu folie TPU anti-abraziune<\/li>\n<li>Talp\u0103 exterioar\u0103 &#8212; Vibram\u00ae SpringLug Tech<\/li>\n<li>Destina\u021bie &#8212; trekking\/ drume\u021bie<\/li>\n<li>Greutate &#8212; 540 g<\/li>\n<\/ul>\n<h3>Tehnologie<\/h3>\n<ul>\n<li>Gore-Tex\u00ae Performance Comfort este o membran\u0103 de la GORE-TEX\u00ae care se comport\u0103 bine \u00eentr-o gam\u0103 larg\u0103 de temperaturi, at\u00e2t calde, c\u00e2t \u0219i reci, \u0219i asigur\u0103 microclimatul potrivit \u00een cizm\u0103, re\u021bin\u00e2nd cantitatea potrivit\u0103 de c\u0103ldur\u0103 \u0219i oferind protec\u021bie \u00eempotriva umezelii.<\/li>\n<\/ul>\n<h3>Marca<\/h3>\n<p>Compania italian\u0103 este cunoscut\u0103 de to\u021bi alpini\u0219tii \u0219i alpini\u0219tii &#8212; pantofii de rock \u0219i cizmele de mare altitudine La Sportiva sunt considerate cele mai bune din lume. Istoria m\u0103rcii a \u00eenceput cu fabricarea de sabo\u021bi din lemn, iar acum este unul dintre liderii mondiali \u00een produc\u021bia de \u00eenc\u0103l\u021b\u0103minte pentru munte. Toate \u00eenc\u0103l\u021b\u0103mintea sunt \u00eenc\u0103 cusute manual \u0219i numai din materiale de calitate, sunt confortabile, fiabile \u0219i durabile. Al\u0103turi de \u00eenc\u0103l\u021b\u0103minte, compania produce \u00eembr\u0103c\u0103minte de \u00eenalt\u0103 tehnologie pentru pasiona\u021bii de alpinism \u0219i escalad\u0103. Standardele \u00eenalte de calitate ale m\u0103rcii \u0219i tehnologiile \u00eembun\u0103t\u0103\u021bite au ajutat La Sportiva s\u0103 devin\u0103 unul dintre liderii mondiali \u00een produc\u021bia de \u00eenc\u0103l\u021b\u0103minte \u0219i \u00eembr\u0103c\u0103minte.<\/p>\n<p><\/p>","protected":false},"excerpt":{"rendered":"","protected":false},"featured_media":80881,"comment_status":"open","ping_status":"closed","template":"","meta":{"_acf_changed":false,"inline_featured_image":false},"product_brand":[1410],"product_cat":[143],"product_tag":[],"class_list":{"0":"post-80827","1":"product","2":"type-product","3":"status-publish","4":"has-post-thumbnail","6":"product_brand-la-sportiva","7":"product_cat-trekking","9":"first","10":"instock","11":"shipping-taxable","12":"purchasable","13":"product-type-simple"},"acf":[],"yoast_head":"<!-- This site is optimized with the Yoast SEO plugin v27.2 - https:\/\/yoast.com\/product\/yoast-seo-wordpress\/ -->\n<title>\u0411\u043e\u0442\u0438\u043d\u043a\u0438 La Sportiva Aequilibrium Trek Gtx carbon\/yellow - \u041c\u0430\u0433\u0430\u0437\u0438\u043d Xstyle<\/title>\n<meta name=\"description\" content=\"\u0411\u043e\u0442\u0438\u043d\u043a\u0438 La Sportiva Aequilibrium Trek Gtx: \u0438\u0434\u0435\u0430\u043b\u044c\u043d\u044be \u0434\u043b\u044f \u043f\u043e\u0445\u043e\u0434\u043e\u0432, \u0441 \u0441\u0438\u0441\u0442\u0435\u043c\u043e\u0439 \u0430\u043c\u043e\u0440\u0442\u0438\u0437\u0430\u0446\u0438\u0438, \u0432\u043e\u0434\u043e\u043e\u0442\u0442\u0430\u043b\u043a\u0438\u0432\u0430\u044e\u0449\u0435\u0439 \u043a\u043e\u0436\u0435\u0439 \u0438 Gore-Tex \u0434\u043b\u044f \u043a\u043e\u043c\u0444\u043e\u0440\u0442\u0430 \u0438 \u0437\u0430\u0449\u0438\u0442\u044b.\" \/>\n<meta name=\"robots\" content=\"index, follow, max-snippet:-1, max-image-preview:large, max-video-preview:-1\" \/>\n<link rel=\"canonical\" href=\"https:\/\/xstyle.md\/ro\/produs\/botinki-la-sportiva-aequilibrium-trek-gtx-carbon-yellow\/\" \/>\n<meta property=\"og:locale\" content=\"ro_RO\" \/>\n<meta property=\"og:type\" content=\"article\" \/>\n<meta property=\"og:title\" content=\"\u0411\u043e\u0442\u0438\u043d\u043a\u0438 La Sportiva Aequilibrium Trek Gtx carbon\/yellow - \u041c\u0430\u0433\u0430\u0437\u0438\u043d Xstyle\" \/>\n<meta property=\"og:description\" content=\"\u0411\u043e\u0442\u0438\u043d\u043a\u0438 La Sportiva Aequilibrium Trek Gtx: \u0438\u0434\u0435\u0430\u043b\u044c\u043d\u044be \u0434\u043b\u044f \u043f\u043e\u0445\u043e\u0434\u043e\u0432, \u0441 \u0441\u0438\u0441\u0442\u0435\u043c\u043e\u0439 \u0430\u043c\u043e\u0440\u0442\u0438\u0437\u0430\u0446\u0438\u0438, \u0432\u043e\u0434\u043e\u043e\u0442\u0442\u0430\u043b\u043a\u0438\u0432\u0430\u044e\u0449\u0435\u0439 \u043a\u043e\u0436\u0435\u0439 \u0438 Gore-Tex \u0434\u043b\u044f \u043a\u043e\u043c\u0444\u043e\u0440\u0442\u0430 \u0438 \u0437\u0430\u0449\u0438\u0442\u044b.\" \/>\n<meta property=\"og:url\" content=\"https:\/\/xstyle.md\/ro\/produs\/botinki-la-sportiva-aequilibrium-trek-gtx-carbon-yellow\/\" \/>\n<meta property=\"og:site_name\" content=\"\u041c\u0430\u0433\u0430\u0437\u0438\u043d Xstyle\" \/>\n<meta property=\"article:publisher\" content=\"https:\/\/www.facebook.com\/xstylemd\" \/>\n<meta property=\"article:modified_time\" content=\"2026-03-19T14:18:38+00:00\" \/>\n<meta property=\"og:image\" content=\"https:\/\/xstyle.md\/wp-content\/uploads\/2024\/03\/la-sportiva-aequilibrium-trek-gtx-carbon-yellow.jpg\" \/>\n\t<meta property=\"og:image:width\" content=\"500\" \/>\n\t<meta property=\"og:image:height\" content=\"500\" \/>\n\t<meta property=\"og:image:type\" content=\"image\/jpeg\" \/>\n<meta name=\"twitter:card\" content=\"summary_large_image\" \/>\n<meta name=\"twitter:label1\" content=\"Pre\u021b\" \/>\n\t<meta name=\"twitter:data1\" content=\"5.890&nbsp;MDL\" \/>\n\t<meta name=\"twitter:label2\" content=\"Disponibilitate\" \/>\n\t<meta name=\"twitter:data2\" content=\"\u00cen stoc\" \/>\n<script type=\"application\/ld+json\" class=\"yoast-schema-graph\">{\"@context\":\"https:\/\/schema.org\",\"@graph\":[{\"@type\":\"WebPage\",\"@id\":\"https:\/\/xstyle.md\/product\/botinki-la-sportiva-aequilibrium-trek-gtx-carbon-yellow\/\",\"url\":\"https:\/\/xstyle.md\/product\/botinki-la-sportiva-aequilibrium-trek-gtx-carbon-yellow\/\",\"name\":\"\u0411\u043e\u0442\u0438\u043d\u043a\u0438 La Sportiva Aequilibrium Trek Gtx carbon\/yellow - \u041c\u0430\u0433\u0430\u0437\u0438\u043d Xstyle\",\"isPartOf\":{\"@id\":\"https:\/\/xstyle.md\/#website\"},\"primaryImageOfPage\":{\"@id\":\"https:\/\/xstyle.md\/product\/botinki-la-sportiva-aequilibrium-trek-gtx-carbon-yellow\/#primaryimage\"},\"image\":{\"@id\":\"https:\/\/xstyle.md\/product\/botinki-la-sportiva-aequilibrium-trek-gtx-carbon-yellow\/#primaryimage\"},\"thumbnailUrl\":\"https:\/\/xstyle.md\/wp-content\/uploads\/2024\/03\/la-sportiva-aequilibrium-trek-gtx-carbon-yellow.jpg\",\"datePublished\":\"2024-03-20T15:09:34+00:00\",\"dateModified\":\"2026-03-19T14:18:38+00:00\",\"description\":\"\u0411\u043e\u0442\u0438\u043d\u043a\u0438 La Sportiva Aequilibrium Trek Gtx: \u0438\u0434\u0435\u0430\u043b\u044c\u043d\u044be \u0434\u043b\u044f \u043f\u043e\u0445\u043e\u0434\u043e\u0432, \u0441 \u0441\u0438\u0441\u0442\u0435\u043c\u043e\u0439 \u0430\u043c\u043e\u0440\u0442\u0438\u0437\u0430\u0446\u0438\u0438, \u0432\u043e\u0434\u043e\u043e\u0442\u0442\u0430\u043b\u043a\u0438\u0432\u0430\u044e\u0449\u0435\u0439 \u043a\u043e\u0436\u0435\u0439 \u0438 Gore-Tex \u0434\u043b\u044f \u043a\u043e\u043c\u0444\u043e\u0440\u0442\u0430 \u0438 \u0437\u0430\u0449\u0438\u0442\u044b.\",\"breadcrumb\":{\"@id\":\"https:\/\/xstyle.md\/product\/botinki-la-sportiva-aequilibrium-trek-gtx-carbon-yellow\/#breadcrumb\"},\"inLanguage\":\"ro-RO\",\"potentialAction\":[{\"@type\":\"ReadAction\",\"target\":[\"https:\/\/xstyle.md\/product\/botinki-la-sportiva-aequilibrium-trek-gtx-carbon-yellow\/\"]}]},{\"@type\":\"ImageObject\",\"inLanguage\":\"ro-RO\",\"@id\":\"https:\/\/xstyle.md\/product\/botinki-la-sportiva-aequilibrium-trek-gtx-carbon-yellow\/#primaryimage\",\"url\":\"https:\/\/xstyle.md\/wp-content\/uploads\/2024\/03\/la-sportiva-aequilibrium-trek-gtx-carbon-yellow.jpg\",\"contentUrl\":\"https:\/\/xstyle.md\/wp-content\/uploads\/2024\/03\/la-sportiva-aequilibrium-trek-gtx-carbon-yellow.jpg\",\"width\":500,\"height\":500,\"caption\":\"\u0411\u043e\u0442\u0438\u043d\u043a\u0438 La Sportiva Aequilibrium Trek Gtx \u043a\u0430\u0440\u0431\u043e\u043d \u0436\u0451\u043b\u0442\u044b\u0435 \u0434\u043b\u044f \u0430\u043a\u0442\u0438\u0432\u043d\u043e\u0433\u043e \u043e\u0442\u0434\u044b\u0445\u0430 \u043e\u0431\u0443\u0432\u044c \u0434\u043b\u044f \u043f\u043e\u0445\u043e\u0434\u043e\u0432 \u0430\u043b\u044c\u043f\u0438\u043d\u0438\u0437\u043c\u0430 \u0438 \u043f\u0443\u0442\u0435\u0448\u0435\u0441\u0442\u0432\u0438\u0439 \u043d\u0430 \u0441\u0430\u0439\u0442\u0435 \u0438\u043d\u0442\u0435\u0440\u043d\u0435\u0442-\u043c\u0430\u0433\u0430\u0437\u0438\u043d\u0430 \u0442\u043e\u0432\u0430\u0440\u043e\u0432 \u0434\u043b\u044f \u0430\u043a\u0442\u0438\u0432\u043d\u043e\u0433\u043e \u043e\u0431\u0440\u0430\u0437\u0430 \u0436\u0438\u0437\u043d\u0438\"},{\"@type\":\"BreadcrumbList\",\"@id\":\"https:\/\/xstyle.md\/product\/botinki-la-sportiva-aequilibrium-trek-gtx-carbon-yellow\/#breadcrumb\",\"itemListElement\":[{\"@type\":\"ListItem\",\"position\":1,\"name\":\"\u0413\u043b\u0430\u0432\u043d\u0430\u044f \u0441\u0442\u0440\u0430\u043d\u0438\u0446\u0430\",\"item\":\"https:\/\/xstyle.md\/\"},{\"@type\":\"ListItem\",\"position\":2,\"name\":\"\u041c\u0430\u0433\u0430\u0437\u0438\u043d\",\"item\":\"https:\/\/xstyle.md\/shop\/\"},{\"@type\":\"ListItem\",\"position\":3,\"name\":\"\u0411\u043e\u0442\u0438\u043d\u043a\u0438 La Sportiva Aequilibrium Trek Gtx carbon\/yellow\"}]},{\"@type\":\"WebSite\",\"@id\":\"https:\/\/xstyle.md\/#website\",\"url\":\"https:\/\/xstyle.md\/\",\"name\":\"\u041c\u0430\u0433\u0430\u0437\u0438\u043d Xstyle\",\"description\":\"C\u043d\u0430\u0440\u044f\u0436\u0435\u043d\u0438\u0435 \u0434\u043b\u044f \u0442\u0443\u0440\u0438\u0437\u043c\u0430 \u0438 \u044d\u043a\u0441\u0442\u0440\u0435\u043c\u0430\u043b\u044c\u043d\u044b\u0445 \u0432\u0438\u0434\u043e\u0432 \u0441\u043f\u043e\u0440\u0442\u0430 \u0432 \u041c\u043e\u043b\u0434\u043e\u0432\u0435.. \u0426\u0435\u043d\u044b, \u0444\u043e\u0442\u043e, \u0445\u0430\u0440\u0430\u043a\u0442\u0435\u0440\u0438\u0441\u0442\u0438\u043a\u0438 \u0432 \u041c\u043e\u043b\u0434\u043e\u0432\u0435.\",\"publisher\":{\"@id\":\"https:\/\/xstyle.md\/#organization\"},\"alternateName\":\"X-Style\",\"potentialAction\":[{\"@type\":\"SearchAction\",\"target\":{\"@type\":\"EntryPoint\",\"urlTemplate\":\"https:\/\/xstyle.md\/?s={search_term_string}\"},\"query-input\":{\"@type\":\"PropertyValueSpecification\",\"valueRequired\":true,\"valueName\":\"search_term_string\"}}],\"inLanguage\":\"ro-RO\"},{\"@type\":\"Organization\",\"@id\":\"https:\/\/xstyle.md\/#organization\",\"name\":\"\u041c\u0430\u0433\u0430\u0437\u0438\u043d Xstyle\",\"alternateName\":\"x-style\",\"url\":\"https:\/\/xstyle.md\/\",\"logo\":{\"@type\":\"ImageObject\",\"inLanguage\":\"ro-RO\",\"@id\":\"https:\/\/xstyle.md\/#\/schema\/logo\/image\/\",\"url\":\"https:\/\/xstyle.md\/wp-content\/uploads\/2020\/06\/logoicon.svg\",\"contentUrl\":\"https:\/\/xstyle.md\/wp-content\/uploads\/2020\/06\/logoicon.svg\",\"caption\":\"\u041c\u0430\u0433\u0430\u0437\u0438\u043d Xstyle\"},\"image\":{\"@id\":\"https:\/\/xstyle.md\/#\/schema\/logo\/image\/\"},\"sameAs\":[\"https:\/\/www.facebook.com\/xstylemd\",\"https:\/\/www.instagram.com\/xstyle_md\/\",\"https:\/\/t.me\/xstyle_outdoor\"],\"hasMerchantReturnPolicy\":{\"@type\":\"MerchantReturnPolicy\",\"merchantReturnLink\":\"https:\/\/xstyle.md\/ro\/conditions\/\"}}]}<\/script>\n<meta property=\"product:price:amount\" content=\"5890.00\" \/>\n<meta property=\"product:price:currency\" content=\"MDL\" \/>\n<meta property=\"og:availability\" content=\"instock\" \/>\n<meta property=\"product:availability\" content=\"instock\" \/>\n<meta property=\"product:retailer_item_id\" content=\"8058428059515\" \/>\n<meta property=\"product:condition\" content=\"new\" \/>\n<!-- \/ Yoast SEO plugin. -->","yoast_head_json":{"title":"Bocanci La Sportiva Aequilibrium Trek Gtx carbon\/yellow - Magazin Xstyle","description":"Boti\u0219ii La Sportiva Aequilibrium Trek Gtx: ideali pentru drume\u021bii, cu sistem de amortizare, piele rezistent\u0103 la ap\u0103 \u0219i Gore-Tex pentru confort \u0219i protec\u021bie.","robots":{"index":"index","follow":"follow","max-snippet":"max-snippet:-1","max-image-preview":"max-image-preview:large","max-video-preview":"max-video-preview:-1"},"canonical":"https:\/\/xstyle.md\/ro\/produs\/botinki-la-sportiva-aequilibrium-trek-gtx-carbon-yellow\/","og_locale":"ro_RO","og_type":"article","og_title":"\u0411\u043e\u0442\u0438\u043d\u043a\u0438 La Sportiva Aequilibrium Trek Gtx carbon\/yellow - \u041c\u0430\u0433\u0430\u0437\u0438\u043d Xstyle","og_description":"\u0411\u043e\u0442\u0438\u043d\u043a\u0438 La Sportiva Aequilibrium Trek Gtx: \u0438\u0434\u0435\u0430\u043b\u044c\u043d\u044be \u0434\u043b\u044f \u043f\u043e\u0445\u043e\u0434\u043e\u0432, \u0441 \u0441\u0438\u0441\u0442\u0435\u043c\u043e\u0439 \u0430\u043c\u043e\u0440\u0442\u0438\u0437\u0430\u0446\u0438\u0438, \u0432\u043e\u0434\u043e\u043e\u0442\u0442\u0430\u043b\u043a\u0438\u0432\u0430\u044e\u0449\u0435\u0439 \u043a\u043e\u0436\u0435\u0439 \u0438 Gore-Tex \u0434\u043b\u044f \u043a\u043e\u043c\u0444\u043e\u0440\u0442\u0430 \u0438 \u0437\u0430\u0449\u0438\u0442\u044b.","og_url":"https:\/\/xstyle.md\/ro\/produs\/botinki-la-sportiva-aequilibrium-trek-gtx-carbon-yellow\/","og_site_name":"\u041c\u0430\u0433\u0430\u0437\u0438\u043d Xstyle","article_publisher":"https:\/\/www.facebook.com\/xstylemd","article_modified_time":"2026-03-19T14:18:38+00:00","og_image":[{"width":500,"height":500,"url":"https:\/\/xstyle.md\/wp-content\/uploads\/2024\/03\/la-sportiva-aequilibrium-trek-gtx-carbon-yellow.jpg","type":"image\/jpeg"}],"twitter_card":"summary_large_image","twitter_misc":{"Pre\u021b":"5.890&nbsp;MDL","Disponibilitate":"\u00cen stoc"},"schema":{"@context":"https:\/\/schema.org","@graph":[{"@type":"WebPage","@id":"https:\/\/xstyle.md\/product\/botinki-la-sportiva-aequilibrium-trek-gtx-carbon-yellow\/","url":"https:\/\/xstyle.md\/product\/botinki-la-sportiva-aequilibrium-trek-gtx-carbon-yellow\/","name":"Bocanci La Sportiva Aequilibrium Trek Gtx carbon\/yellow - Magazin Xstyle","isPartOf":{"@id":"https:\/\/xstyle.md\/#website"},"primaryImageOfPage":{"@id":"https:\/\/xstyle.md\/product\/botinki-la-sportiva-aequilibrium-trek-gtx-carbon-yellow\/#primaryimage"},"image":{"@id":"https:\/\/xstyle.md\/product\/botinki-la-sportiva-aequilibrium-trek-gtx-carbon-yellow\/#primaryimage"},"thumbnailUrl":"https:\/\/xstyle.md\/wp-content\/uploads\/2024\/03\/la-sportiva-aequilibrium-trek-gtx-carbon-yellow.jpg","datePublished":"2024-03-20T15:09:34+00:00","dateModified":"2026-03-19T14:18:38+00:00","description":"Boti\u0219ii La Sportiva Aequilibrium Trek Gtx: ideali pentru drume\u021bii, cu sistem de amortizare, piele rezistent\u0103 la ap\u0103 \u0219i Gore-Tex pentru confort \u0219i protec\u021bie.","breadcrumb":{"@id":"https:\/\/xstyle.md\/product\/botinki-la-sportiva-aequilibrium-trek-gtx-carbon-yellow\/#breadcrumb"},"inLanguage":"ro-RO","potentialAction":[{"@type":"ReadAction","target":["https:\/\/xstyle.md\/product\/botinki-la-sportiva-aequilibrium-trek-gtx-carbon-yellow\/"]}]},{"@type":"ImageObject","inLanguage":"ro-RO","@id":"https:\/\/xstyle.md\/product\/botinki-la-sportiva-aequilibrium-trek-gtx-carbon-yellow\/#primaryimage","url":"https:\/\/xstyle.md\/wp-content\/uploads\/2024\/03\/la-sportiva-aequilibrium-trek-gtx-carbon-yellow.jpg","contentUrl":"https:\/\/xstyle.md\/wp-content\/uploads\/2024\/03\/la-sportiva-aequilibrium-trek-gtx-carbon-yellow.jpg","width":500,"height":500,"caption":"\u0411\u043e\u0442\u0438\u043d\u043a\u0438 La Sportiva Aequilibrium Trek Gtx \u043a\u0430\u0440\u0431\u043e\u043d \u0436\u0451\u043b\u0442\u044b\u0435 \u0434\u043b\u044f \u0430\u043a\u0442\u0438\u0432\u043d\u043e\u0433\u043e \u043e\u0442\u0434\u044b\u0445\u0430 \u043e\u0431\u0443\u0432\u044c \u0434\u043b\u044f \u043f\u043e\u0445\u043e\u0434\u043e\u0432 \u0430\u043b\u044c\u043f\u0438\u043d\u0438\u0437\u043c\u0430 \u0438 \u043f\u0443\u0442\u0435\u0448\u0435\u0441\u0442\u0432\u0438\u0439 \u043d\u0430 \u0441\u0430\u0439\u0442\u0435 \u0438\u043d\u0442\u0435\u0440\u043d\u0435\u0442-\u043c\u0430\u0433\u0430\u0437\u0438\u043d\u0430 \u0442\u043e\u0432\u0430\u0440\u043e\u0432 \u0434\u043b\u044f \u0430\u043a\u0442\u0438\u0432\u043d\u043e\u0433\u043e \u043e\u0431\u0440\u0430\u0437\u0430 \u0436\u0438\u0437\u043d\u0438"},{"@type":"BreadcrumbList","@id":"https:\/\/xstyle.md\/product\/botinki-la-sportiva-aequilibrium-trek-gtx-carbon-yellow\/#breadcrumb","itemListElement":[{"@type":"ListItem","position":1,"name":"\u0413\u043b\u0430\u0432\u043d\u0430\u044f \u0441\u0442\u0440\u0430\u043d\u0438\u0446\u0430","item":"https:\/\/xstyle.md\/"},{"@type":"ListItem","position":2,"name":"\u041c\u0430\u0433\u0430\u0437\u0438\u043d","item":"https:\/\/xstyle.md\/shop\/"},{"@type":"ListItem","position":3,"name":"\u0411\u043e\u0442\u0438\u043d\u043a\u0438 La Sportiva Aequilibrium Trek Gtx carbon\/yellow"}]},{"@type":"WebSite","@id":"https:\/\/xstyle.md\/#website","url":"https:\/\/xstyle.md\/","name":"Magazinul X-Style","description":"Echipamente pentru turism \u0219i sporturi extreme \u00een Moldova. Pre\u021buri, fotografii, caracteristici \u00een Moldova.","publisher":{"@id":"https:\/\/xstyle.md\/#organization"},"alternateName":"X-Style","potentialAction":[{"@type":"SearchAction","target":{"@type":"EntryPoint","urlTemplate":"https:\/\/xstyle.md\/?s={search_term_string}"},"query-input":{"@type":"PropertyValueSpecification","valueRequired":true,"valueName":"search_term_string"}}],"inLanguage":"ro-RO"},{"@type":"Organization","@id":"https:\/\/xstyle.md\/#organization","name":"Magazinul X-Style","alternateName":"x-style","url":"https:\/\/xstyle.md\/","logo":{"@type":"ImageObject","inLanguage":"ro-RO","@id":"https:\/\/xstyle.md\/#\/schema\/logo\/image\/","url":"https:\/\/xstyle.md\/wp-content\/uploads\/2020\/06\/logoicon.svg","contentUrl":"https:\/\/xstyle.md\/wp-content\/uploads\/2020\/06\/logoicon.svg","caption":"\u041c\u0430\u0433\u0430\u0437\u0438\u043d Xstyle"},"image":{"@id":"https:\/\/xstyle.md\/#\/schema\/logo\/image\/"},"sameAs":["https:\/\/www.facebook.com\/xstylemd","https:\/\/www.instagram.com\/xstyle_md\/","https:\/\/t.me\/xstyle_outdoor"],"hasMerchantReturnPolicy":{"@type":"MerchantReturnPolicy","merchantReturnLink":"https:\/\/xstyle.md\/ro\/conditions\/"}}]},"product_price_amount":"5890.00","product_price_currency":"MDL","og_availability":"instock","product_availability":"instock","product_retailer_item_id":"8058428059515","product_condition":"new"},"post_mailing_queue_ids":[],"_links":{"self":[{"href":"https:\/\/xstyle.md\/ro\/wp-json\/wp\/v2\/product\/80827","targetHints":{"allow":["GET"]}}],"collection":[{"href":"https:\/\/xstyle.md\/ro\/wp-json\/wp\/v2\/product"}],"about":[{"href":"https:\/\/xstyle.md\/ro\/wp-json\/wp\/v2\/types\/product"}],"replies":[{"embeddable":true,"href":"https:\/\/xstyle.md\/ro\/wp-json\/wp\/v2\/comments?post=80827"}],"wp:featuredmedia":[{"embeddable":true,"href":"https:\/\/xstyle.md\/ro\/wp-json\/wp\/v2\/media\/80881"}],"wp:attachment":[{"href":"https:\/\/xstyle.md\/ro\/wp-json\/wp\/v2\/media?parent=80827"}],"wp:term":[{"taxonomy":"product_brand","embeddable":true,"href":"https:\/\/xstyle.md\/ro\/wp-json\/wp\/v2\/product_brand?post=80827"},{"taxonomy":"product_cat","embeddable":true,"href":"https:\/\/xstyle.md\/ro\/wp-json\/wp\/v2\/product_cat?post=80827"},{"taxonomy":"product_tag","embeddable":true,"href":"https:\/\/xstyle.md\/ro\/wp-json\/wp\/v2\/product_tag?post=80827"}],"curies":[{"name":"wp","href":"https:\/\/api.w.org\/{rel}","templated":true}]}}