{"id":80824,"date":"2024-03-20T18:09:34","date_gmt":"2024-03-20T15:09:34","guid":{"rendered":"https:\/\/xstyle.md\/?post_type=product&#038;p=80824"},"modified":"2024-10-21T09:19:00","modified_gmt":"2024-10-21T06:19:00","slug":"myagkaya-flyaga-hydrapak-stow-mountains-500-ml","status":"publish","type":"product","link":"https:\/\/xstyle.md\/ro\/produs\/myagkaya-flyaga-hydrapak-stow-mountains-500-ml\/","title":{"rendered":"Flacon moale HydraPak Stow Mountains 500 ml"},"content":{"rendered":"<\/p>\n<p><strong>HydraPak Stow Mountains 500 ml<\/strong> &#8212; balon moale ultrau\u0219or \u0219i minimalist, cu un nou design inspirat de munte, care v\u0103 va \u00eenso\u021bi constant \u00een c\u0103l\u0103torii \u0219i v\u0103 va ajuta s\u0103 profita\u021bi la maximum de ele.<\/p>\n<p>Supapa ingenioas\u0103 asigur\u0103 un debit puternic de ap\u0103 \u0219i nu se va scurge atunci c\u00e2nd transporta\u021bi balonul. Stow are un m\u00e2ner robust din plastic pentru a fi transportat cu u\u0219urin\u021b\u0103 \u0219i pentru a fi ata\u0219at la rucsac cu un carabinier. De asemenea, acesta fixeaz\u0103 balonul atunci c\u00e2nd este pliat.<\/p>\n<p>Cu 80% mai u\u0219or dec\u00e2t majoritatea baloanelor rigide \u0219i a sticlelor de ap\u0103 reutilizabile &#8212; excelent pentru depozitare \u00een buzunar. Chiar \u0219i \u00eentr-un rucsac aglomerat, exist\u0103 \u00eentotdeauna loc pentru HydraPak Mountain Stow, datorit\u0103 pere\u021bilor s\u0103i c\u0103ptu\u0219ite, designului minimalist \u0219i construc\u021biei robuste. Acesta nu va func\u021biona cu flacoanele rigide conven\u021bionale.<\/p>\n<h3>Particularit\u0103\u021bi<\/h3>\n<ul>\n<li>Incredibil de compact: \u00eenf\u0103\u0219ura\u021bi flaconul gol \u00eentr-o rol\u0103 mic\u0103, fixa\u021bi-l cu m\u00e2nerul din plastic \u0219i nu ocup\u0103 practic niciun spa\u021biu.<\/li>\n<li>Buzunarul de b\u0103ut, practic \u0219i rezistent la scurgeri, asigur\u0103 un debit puternic de ap\u0103.<\/li>\n<li>G\u00e2tul cu diametrul de 28 mm este suficient de larg pentru o umplere confortabil\u0103.<\/li>\n<li>M\u00e2nerul flexibil din plastic faciliteaz\u0103 transportul \u0219i v\u0103 permite s\u0103 ata\u0219a\u021bi balonul la rucsac cu un carabinier.<\/li>\n<li>Scala de m\u0103surare extern\u0103 v\u0103 permite s\u0103 v\u0103 monitoriza\u021bi rezerva de ap\u0103.<\/li>\n<li>Balonul este fabricat din poliuretan termoplastic (TPU) ultra-puternic \u0219i rezistent la abraziune. Sudarea prin radiofrecven\u021b\u0103 asigur\u0103 cus\u0103turi elastice fiabile \u0219i etan\u0219e la scurgeri.<\/li>\n<li>Potrivit pentru ap\u0103 rece \u0219i cald\u0103 (temperatur\u0103 maxim\u0103 de 60\u00b0C).<\/li>\n<li>Materiale f\u0103r\u0103 bisfenol A \u0219i PVC, sigure pentru s\u0103n\u0103tate.<\/li>\n<\/ul>\n<h3>Caracteristici<\/h3>\n<ul>\n<li>Materiale &#8212; TPU, PP, silicon<\/li>\n<li>Dimensiuni &#8212; 175 x 102 mm<\/li>\n<li>Volum &#8212; 500 ml<\/li>\n<li>Greutate &#8212; 43 g<\/li>\n<\/ul>\n<h3>Marca<\/h3>\n<p>HydraPak este un brand californian care a introdus \u00een lume flacoanele moi pentru activit\u0103\u021bi \u0219i sporturi \u00een aer liber. Compania a fost \u00eenfiin\u021bat\u0103 \u00een 2001 pentru a r\u0103spunde cererii cicli\u0219tilor pentru sisteme \u0219i recipiente de ap\u0103. \u00cen prezent, este lider \u00een produc\u021bia de sisteme de b\u0103utur\u0103, hidratante, flacoane, sticle pentru pescuit, v\u00e2n\u0103toare, sport \u0219i condi\u021bii extreme. Produce rezervoare pentru o varietate de aplica\u021bii, de la recipiente ultrau\u0219oare pentru nutri\u021bie sportiv\u0103 la sisteme de b\u0103utur\u0103 tactice pentru armat\u0103. Furnizeaz\u0103 hidratan\u021bi pentru rucsaci \u0219i gen\u021bi de sport ale m\u0103rcilor de renume mondial Salomon, Osprey, Dakine. A creat rezervorul moale pentru filtrul elve\u021bian Katadyn BeFree, care v\u0103 permite s\u0103 be\u021bi \u00een siguran\u021b\u0103 ap\u0103 din lacuri \u0219i r\u00e2uri. Produsele proprii HydraPak, inclusiv canistrele Seeker, sunt, de asemenea, compatibile cu cartu\u0219ul de la acest filtru.<\/p>\n<p>Toate vasele de g\u0103tit HydraPak sunt fabricate din materiale rezistente, rezistente \u0219i sigure pentru s\u0103n\u0103tate. Rezervoarele moi sunt fabricate din poliuretan termoplastic cu tehnologie brevetat\u0103 de sudare a cus\u0103turilor prin radiofrecven\u021b\u0103. HydraPak se bazeaz\u0103 pe ideea de design axat pe performan\u021b\u0103 &#8212; crearea de produse care s\u0103 \u00eembun\u0103t\u0103\u021beasc\u0103 performan\u021ba sportiv\u0103 \u0219i care s\u0103 nu v\u0103 dezam\u0103geasc\u0103 \u00een cele mai solicitante condi\u021bii.<\/p>\n<p><\/p>","protected":false},"excerpt":{"rendered":"","protected":false},"featured_media":80991,"comment_status":"open","ping_status":"closed","template":"","meta":{"_acf_changed":false,"inline_featured_image":false},"product_brand":[1479],"product_cat":[885],"product_tag":[],"class_list":{"0":"post-80824","1":"product","2":"type-product","3":"status-publish","4":"has-post-thumbnail","6":"product_brand-hydrapak","7":"product_cat-bottle","9":"first","10":"instock","11":"shipping-taxable","12":"purchasable","13":"product-type-simple"},"acf":[],"yoast_head":"<!-- This site is optimized with the Yoast SEO plugin v27.2 - https:\/\/yoast.com\/product\/yoast-seo-wordpress\/ -->\n<title>\u041c\u044f\u0433\u043a\u0430\u044f \u0444\u043b\u044f\u0433\u0430 HydraPak Stow Mountains 500 ml - \u041c\u0430\u0433\u0430\u0437\u0438\u043d Xstyle<\/title>\n<meta name=\"description\" content=\"\u041b\u0435\u0433\u043a\u0430\u044f \u0444\u043b\u044f\u0433\u0430 HydraPak Stow Mountains 500 \u043c\u043b - \u0438\u0434\u0435\u0430\u043b\u044c\u043d\u044b\u0439 \u0441\u043f\u0443\u0442\u043d\u0438\u043a \u0434\u043b\u044f \u043f\u0443\u0442\u0435\u0448\u0435\u0441\u0442\u0432\u0438\u0439. \u0423\u0434\u043e\u0431\u043d\u044b\u0439 \u0434\u0438\u0437\u0430\u0439\u043d \u0438 \u043e\u0442\u0441\u0443\u0442\u0441\u0442\u0432\u0438\u0435 BPA \u0433\u0430\u0440\u0430\u043d\u0442\u0438\u0440\u0443\u044e\u0442 \u0431\u0435\u0437\u043e\u043f\u0430\u0441\u043d\u043e\u0441\u0442\u044c \u0438 \u043a\u043e\u043c\u0444\u043e\u0440\u0442.\" \/>\n<meta name=\"robots\" content=\"index, follow, max-snippet:-1, max-image-preview:large, max-video-preview:-1\" \/>\n<link rel=\"canonical\" href=\"https:\/\/xstyle.md\/ro\/produs\/myagkaya-flyaga-hydrapak-stow-mountains-500-ml\/\" \/>\n<meta property=\"og:locale\" content=\"ro_RO\" \/>\n<meta property=\"og:type\" content=\"article\" \/>\n<meta property=\"og:title\" content=\"\u041c\u044f\u0433\u043a\u0430\u044f \u0444\u043b\u044f\u0433\u0430 HydraPak Stow Mountains 500 ml - \u041c\u0430\u0433\u0430\u0437\u0438\u043d Xstyle\" \/>\n<meta property=\"og:description\" content=\"\u041b\u0435\u0433\u043a\u0430\u044f \u0444\u043b\u044f\u0433\u0430 HydraPak Stow Mountains 500 \u043c\u043b - \u0438\u0434\u0435\u0430\u043b\u044c\u043d\u044b\u0439 \u0441\u043f\u0443\u0442\u043d\u0438\u043a \u0434\u043b\u044f \u043f\u0443\u0442\u0435\u0448\u0435\u0441\u0442\u0432\u0438\u0439. \u0423\u0434\u043e\u0431\u043d\u044b\u0439 \u0434\u0438\u0437\u0430\u0439\u043d \u0438 \u043e\u0442\u0441\u0443\u0442\u0441\u0442\u0432\u0438\u0435 BPA \u0433\u0430\u0440\u0430\u043d\u0442\u0438\u0440\u0443\u044e\u0442 \u0431\u0435\u0437\u043e\u043f\u0430\u0441\u043d\u043e\u0441\u0442\u044c \u0438 \u043a\u043e\u043c\u0444\u043e\u0440\u0442.\" \/>\n<meta property=\"og:url\" content=\"https:\/\/xstyle.md\/ro\/produs\/myagkaya-flyaga-hydrapak-stow-mountains-500-ml\/\" \/>\n<meta property=\"og:site_name\" content=\"\u041c\u0430\u0433\u0430\u0437\u0438\u043d Xstyle\" \/>\n<meta property=\"article:publisher\" content=\"https:\/\/www.facebook.com\/xstylemd\" \/>\n<meta property=\"article:modified_time\" content=\"2024-10-21T06:19:00+00:00\" \/>\n<meta property=\"og:image\" content=\"https:\/\/xstyle.md\/wp-content\/uploads\/2024\/03\/hydrapak-stow-mountains-500-ml-mammoth-grey.jpg\" \/>\n\t<meta property=\"og:image:width\" content=\"650\" \/>\n\t<meta property=\"og:image:height\" content=\"650\" \/>\n\t<meta property=\"og:image:type\" content=\"image\/jpeg\" \/>\n<meta name=\"twitter:card\" content=\"summary_large_image\" \/>\n<meta name=\"twitter:label1\" content=\"Pre\u021b\" \/>\n\t<meta name=\"twitter:data1\" content=\"390&nbsp;MDL\" \/>\n\t<meta name=\"twitter:label2\" content=\"Disponibilitate\" \/>\n\t<meta name=\"twitter:data2\" content=\"\u00cen stoc\" \/>\n<script type=\"application\/ld+json\" class=\"yoast-schema-graph\">{\"@context\":\"https:\/\/schema.org\",\"@graph\":[{\"@type\":\"WebPage\",\"@id\":\"https:\/\/xstyle.md\/product\/myagkaya-flyaga-hydrapak-stow-mountains-500-ml\/\",\"url\":\"https:\/\/xstyle.md\/product\/myagkaya-flyaga-hydrapak-stow-mountains-500-ml\/\",\"name\":\"\u041c\u044f\u0433\u043a\u0430\u044f \u0444\u043b\u044f\u0433\u0430 HydraPak Stow Mountains 500 ml - \u041c\u0430\u0433\u0430\u0437\u0438\u043d Xstyle\",\"isPartOf\":{\"@id\":\"https:\/\/xstyle.md\/#website\"},\"primaryImageOfPage\":{\"@id\":\"https:\/\/xstyle.md\/product\/myagkaya-flyaga-hydrapak-stow-mountains-500-ml\/#primaryimage\"},\"image\":{\"@id\":\"https:\/\/xstyle.md\/product\/myagkaya-flyaga-hydrapak-stow-mountains-500-ml\/#primaryimage\"},\"thumbnailUrl\":\"https:\/\/xstyle.md\/wp-content\/uploads\/2024\/03\/hydrapak-stow-mountains-500-ml-mammoth-grey.jpg\",\"datePublished\":\"2024-03-20T15:09:34+00:00\",\"dateModified\":\"2024-10-21T06:19:00+00:00\",\"description\":\"\u041b\u0435\u0433\u043a\u0430\u044f \u0444\u043b\u044f\u0433\u0430 HydraPak Stow Mountains 500 \u043c\u043b - \u0438\u0434\u0435\u0430\u043b\u044c\u043d\u044b\u0439 \u0441\u043f\u0443\u0442\u043d\u0438\u043a \u0434\u043b\u044f \u043f\u0443\u0442\u0435\u0448\u0435\u0441\u0442\u0432\u0438\u0439. \u0423\u0434\u043e\u0431\u043d\u044b\u0439 \u0434\u0438\u0437\u0430\u0439\u043d \u0438 \u043e\u0442\u0441\u0443\u0442\u0441\u0442\u0432\u0438\u0435 BPA \u0433\u0430\u0440\u0430\u043d\u0442\u0438\u0440\u0443\u044e\u0442 \u0431\u0435\u0437\u043e\u043f\u0430\u0441\u043d\u043e\u0441\u0442\u044c \u0438 \u043a\u043e\u043c\u0444\u043e\u0440\u0442.\",\"breadcrumb\":{\"@id\":\"https:\/\/xstyle.md\/product\/myagkaya-flyaga-hydrapak-stow-mountains-500-ml\/#breadcrumb\"},\"inLanguage\":\"ro-RO\",\"potentialAction\":[{\"@type\":\"ReadAction\",\"target\":[\"https:\/\/xstyle.md\/product\/myagkaya-flyaga-hydrapak-stow-mountains-500-ml\/\"]}]},{\"@type\":\"ImageObject\",\"inLanguage\":\"ro-RO\",\"@id\":\"https:\/\/xstyle.md\/product\/myagkaya-flyaga-hydrapak-stow-mountains-500-ml\/#primaryimage\",\"url\":\"https:\/\/xstyle.md\/wp-content\/uploads\/2024\/03\/hydrapak-stow-mountains-500-ml-mammoth-grey.jpg\",\"contentUrl\":\"https:\/\/xstyle.md\/wp-content\/uploads\/2024\/03\/hydrapak-stow-mountains-500-ml-mammoth-grey.jpg\",\"width\":650,\"height\":650,\"caption\":\"\u041c\u044f\u0433\u043a\u0430\u044f \u0444\u043b\u044f\u0433\u0430 HydraPak Stow Mountains 500 \u043c\u043b \u0434\u043b\u044f \u0430\u043a\u0442\u0438\u0432\u043d\u043e\u0433\u043e \u043e\u0442\u0434\u044b\u0445\u0430 \u043f\u043e\u0445\u043e\u0434\u043e\u0432 \u0438 \u043f\u0443\u0442\u0435\u0448\u0435\u0441\u0442\u0432\u0438\u0439 \u044d\u043a\u0438\u043f\u0438\u0440\u043e\u0432\u043a\u0430 \u0434\u043b\u044f \u0430\u043b\u044c\u043f\u0438\u043d\u0438\u0437\u043c\u0430 \u0438 \u0442\u0443\u0440\u0438\u0437\u043c\u0430 \u043d\u0430 \u043e\u043d\u043b\u0430\u0439\u043d \u043c\u0430\u0433\u0430\u0437\u0438\u043d\u0435 \u0442\u043e\u0432\u0430\u0440\u043e\u0432 \u0434\u043b\u044f \u0430\u043a\u0442\u0438\u0432\u043d\u043e\u0439 \u0436\u0438\u0437\u043d\u0438\"},{\"@type\":\"BreadcrumbList\",\"@id\":\"https:\/\/xstyle.md\/product\/myagkaya-flyaga-hydrapak-stow-mountains-500-ml\/#breadcrumb\",\"itemListElement\":[{\"@type\":\"ListItem\",\"position\":1,\"name\":\"\u0413\u043b\u0430\u0432\u043d\u0430\u044f \u0441\u0442\u0440\u0430\u043d\u0438\u0446\u0430\",\"item\":\"https:\/\/xstyle.md\/\"},{\"@type\":\"ListItem\",\"position\":2,\"name\":\"\u041c\u0430\u0433\u0430\u0437\u0438\u043d\",\"item\":\"https:\/\/xstyle.md\/shop\/\"},{\"@type\":\"ListItem\",\"position\":3,\"name\":\"\u041c\u044f\u0433\u043a\u0430\u044f \u0444\u043b\u044f\u0433\u0430 HydraPak Stow Mountains 500 ml\"}]},{\"@type\":\"WebSite\",\"@id\":\"https:\/\/xstyle.md\/#website\",\"url\":\"https:\/\/xstyle.md\/\",\"name\":\"\u041c\u0430\u0433\u0430\u0437\u0438\u043d Xstyle\",\"description\":\"C\u043d\u0430\u0440\u044f\u0436\u0435\u043d\u0438\u0435 \u0434\u043b\u044f \u0442\u0443\u0440\u0438\u0437\u043c\u0430 \u0438 \u044d\u043a\u0441\u0442\u0440\u0435\u043c\u0430\u043b\u044c\u043d\u044b\u0445 \u0432\u0438\u0434\u043e\u0432 \u0441\u043f\u043e\u0440\u0442\u0430 \u0432 \u041c\u043e\u043b\u0434\u043e\u0432\u0435.. \u0426\u0435\u043d\u044b, \u0444\u043e\u0442\u043e, \u0445\u0430\u0440\u0430\u043a\u0442\u0435\u0440\u0438\u0441\u0442\u0438\u043a\u0438 \u0432 \u041c\u043e\u043b\u0434\u043e\u0432\u0435.\",\"publisher\":{\"@id\":\"https:\/\/xstyle.md\/#organization\"},\"alternateName\":\"X-Style\",\"potentialAction\":[{\"@type\":\"SearchAction\",\"target\":{\"@type\":\"EntryPoint\",\"urlTemplate\":\"https:\/\/xstyle.md\/?s={search_term_string}\"},\"query-input\":{\"@type\":\"PropertyValueSpecification\",\"valueRequired\":true,\"valueName\":\"search_term_string\"}}],\"inLanguage\":\"ro-RO\"},{\"@type\":\"Organization\",\"@id\":\"https:\/\/xstyle.md\/#organization\",\"name\":\"\u041c\u0430\u0433\u0430\u0437\u0438\u043d Xstyle\",\"alternateName\":\"x-style\",\"url\":\"https:\/\/xstyle.md\/\",\"logo\":{\"@type\":\"ImageObject\",\"inLanguage\":\"ro-RO\",\"@id\":\"https:\/\/xstyle.md\/#\/schema\/logo\/image\/\",\"url\":\"https:\/\/xstyle.md\/wp-content\/uploads\/2020\/06\/logoicon.svg\",\"contentUrl\":\"https:\/\/xstyle.md\/wp-content\/uploads\/2020\/06\/logoicon.svg\",\"caption\":\"\u041c\u0430\u0433\u0430\u0437\u0438\u043d Xstyle\"},\"image\":{\"@id\":\"https:\/\/xstyle.md\/#\/schema\/logo\/image\/\"},\"sameAs\":[\"https:\/\/www.facebook.com\/xstylemd\",\"https:\/\/www.instagram.com\/xstyle_md\/\",\"https:\/\/t.me\/xstyle_outdoor\"],\"hasMerchantReturnPolicy\":{\"@type\":\"MerchantReturnPolicy\",\"merchantReturnLink\":\"https:\/\/xstyle.md\/ro\/conditions\/\"}}]}<\/script>\n<meta property=\"product:price:amount\" content=\"390.00\" \/>\n<meta property=\"product:price:currency\" content=\"MDL\" \/>\n<meta property=\"og:availability\" content=\"instock\" \/>\n<meta property=\"product:availability\" content=\"instock\" \/>\n<meta property=\"product:retailer_item_id\" content=\"834456003649\" \/>\n<meta property=\"product:condition\" content=\"new\" \/>\n<!-- \/ Yoast SEO plugin. -->","yoast_head_json":{"title":"Flacon moale HydraPak Stow Mountains 500 ml - Magazin Xstyle","description":"Flacon u\u0219or HydraPak Stow Mountains de 500 ml - companionul ideal pentru c\u0103l\u0103torii. Designul comod \u0219i absen\u021ba BPA garanteaz\u0103 siguran\u021ba \u0219i confortul.","robots":{"index":"index","follow":"follow","max-snippet":"max-snippet:-1","max-image-preview":"max-image-preview:large","max-video-preview":"max-video-preview:-1"},"canonical":"https:\/\/xstyle.md\/ro\/produs\/myagkaya-flyaga-hydrapak-stow-mountains-500-ml\/","og_locale":"ro_RO","og_type":"article","og_title":"\u041c\u044f\u0433\u043a\u0430\u044f \u0444\u043b\u044f\u0433\u0430 HydraPak Stow Mountains 500 ml - \u041c\u0430\u0433\u0430\u0437\u0438\u043d Xstyle","og_description":"\u041b\u0435\u0433\u043a\u0430\u044f \u0444\u043b\u044f\u0433\u0430 HydraPak Stow Mountains 500 \u043c\u043b - \u0438\u0434\u0435\u0430\u043b\u044c\u043d\u044b\u0439 \u0441\u043f\u0443\u0442\u043d\u0438\u043a \u0434\u043b\u044f \u043f\u0443\u0442\u0435\u0448\u0435\u0441\u0442\u0432\u0438\u0439. \u0423\u0434\u043e\u0431\u043d\u044b\u0439 \u0434\u0438\u0437\u0430\u0439\u043d \u0438 \u043e\u0442\u0441\u0443\u0442\u0441\u0442\u0432\u0438\u0435 BPA \u0433\u0430\u0440\u0430\u043d\u0442\u0438\u0440\u0443\u044e\u0442 \u0431\u0435\u0437\u043e\u043f\u0430\u0441\u043d\u043e\u0441\u0442\u044c \u0438 \u043a\u043e\u043c\u0444\u043e\u0440\u0442.","og_url":"https:\/\/xstyle.md\/ro\/produs\/myagkaya-flyaga-hydrapak-stow-mountains-500-ml\/","og_site_name":"\u041c\u0430\u0433\u0430\u0437\u0438\u043d Xstyle","article_publisher":"https:\/\/www.facebook.com\/xstylemd","article_modified_time":"2024-10-21T06:19:00+00:00","og_image":[{"width":650,"height":650,"url":"https:\/\/xstyle.md\/wp-content\/uploads\/2024\/03\/hydrapak-stow-mountains-500-ml-mammoth-grey.jpg","type":"image\/jpeg"}],"twitter_card":"summary_large_image","twitter_misc":{"Pre\u021b":"390&nbsp;MDL","Disponibilitate":"\u00cen stoc"},"schema":{"@context":"https:\/\/schema.org","@graph":[{"@type":"WebPage","@id":"https:\/\/xstyle.md\/product\/myagkaya-flyaga-hydrapak-stow-mountains-500-ml\/","url":"https:\/\/xstyle.md\/product\/myagkaya-flyaga-hydrapak-stow-mountains-500-ml\/","name":"Flacon moale HydraPak Stow Mountains 500 ml - Magazin Xstyle","isPartOf":{"@id":"https:\/\/xstyle.md\/#website"},"primaryImageOfPage":{"@id":"https:\/\/xstyle.md\/product\/myagkaya-flyaga-hydrapak-stow-mountains-500-ml\/#primaryimage"},"image":{"@id":"https:\/\/xstyle.md\/product\/myagkaya-flyaga-hydrapak-stow-mountains-500-ml\/#primaryimage"},"thumbnailUrl":"https:\/\/xstyle.md\/wp-content\/uploads\/2024\/03\/hydrapak-stow-mountains-500-ml-mammoth-grey.jpg","datePublished":"2024-03-20T15:09:34+00:00","dateModified":"2024-10-21T06:19:00+00:00","description":"Flacon u\u0219or HydraPak Stow Mountains de 500 ml - companionul ideal pentru c\u0103l\u0103torii. Designul comod \u0219i absen\u021ba BPA garanteaz\u0103 siguran\u021ba \u0219i confortul.","breadcrumb":{"@id":"https:\/\/xstyle.md\/product\/myagkaya-flyaga-hydrapak-stow-mountains-500-ml\/#breadcrumb"},"inLanguage":"ro-RO","potentialAction":[{"@type":"ReadAction","target":["https:\/\/xstyle.md\/product\/myagkaya-flyaga-hydrapak-stow-mountains-500-ml\/"]}]},{"@type":"ImageObject","inLanguage":"ro-RO","@id":"https:\/\/xstyle.md\/product\/myagkaya-flyaga-hydrapak-stow-mountains-500-ml\/#primaryimage","url":"https:\/\/xstyle.md\/wp-content\/uploads\/2024\/03\/hydrapak-stow-mountains-500-ml-mammoth-grey.jpg","contentUrl":"https:\/\/xstyle.md\/wp-content\/uploads\/2024\/03\/hydrapak-stow-mountains-500-ml-mammoth-grey.jpg","width":650,"height":650,"caption":"\u041c\u044f\u0433\u043a\u0430\u044f \u0444\u043b\u044f\u0433\u0430 HydraPak Stow Mountains 500 \u043c\u043b \u0434\u043b\u044f \u0430\u043a\u0442\u0438\u0432\u043d\u043e\u0433\u043e \u043e\u0442\u0434\u044b\u0445\u0430 \u043f\u043e\u0445\u043e\u0434\u043e\u0432 \u0438 \u043f\u0443\u0442\u0435\u0448\u0435\u0441\u0442\u0432\u0438\u0439 \u044d\u043a\u0438\u043f\u0438\u0440\u043e\u0432\u043a\u0430 \u0434\u043b\u044f \u0430\u043b\u044c\u043f\u0438\u043d\u0438\u0437\u043c\u0430 \u0438 \u0442\u0443\u0440\u0438\u0437\u043c\u0430 \u043d\u0430 \u043e\u043d\u043b\u0430\u0439\u043d \u043c\u0430\u0433\u0430\u0437\u0438\u043d\u0435 \u0442\u043e\u0432\u0430\u0440\u043e\u0432 \u0434\u043b\u044f \u0430\u043a\u0442\u0438\u0432\u043d\u043e\u0439 \u0436\u0438\u0437\u043d\u0438"},{"@type":"BreadcrumbList","@id":"https:\/\/xstyle.md\/product\/myagkaya-flyaga-hydrapak-stow-mountains-500-ml\/#breadcrumb","itemListElement":[{"@type":"ListItem","position":1,"name":"\u0413\u043b\u0430\u0432\u043d\u0430\u044f \u0441\u0442\u0440\u0430\u043d\u0438\u0446\u0430","item":"https:\/\/xstyle.md\/"},{"@type":"ListItem","position":2,"name":"\u041c\u0430\u0433\u0430\u0437\u0438\u043d","item":"https:\/\/xstyle.md\/shop\/"},{"@type":"ListItem","position":3,"name":"\u041c\u044f\u0433\u043a\u0430\u044f \u0444\u043b\u044f\u0433\u0430 HydraPak Stow Mountains 500 ml"}]},{"@type":"WebSite","@id":"https:\/\/xstyle.md\/#website","url":"https:\/\/xstyle.md\/","name":"Magazinul X-Style","description":"Echipamente pentru turism \u0219i sporturi extreme \u00een Moldova. Pre\u021buri, fotografii, caracteristici \u00een Moldova.","publisher":{"@id":"https:\/\/xstyle.md\/#organization"},"alternateName":"X-Style","potentialAction":[{"@type":"SearchAction","target":{"@type":"EntryPoint","urlTemplate":"https:\/\/xstyle.md\/?s={search_term_string}"},"query-input":{"@type":"PropertyValueSpecification","valueRequired":true,"valueName":"search_term_string"}}],"inLanguage":"ro-RO"},{"@type":"Organization","@id":"https:\/\/xstyle.md\/#organization","name":"Magazinul X-Style","alternateName":"x-style","url":"https:\/\/xstyle.md\/","logo":{"@type":"ImageObject","inLanguage":"ro-RO","@id":"https:\/\/xstyle.md\/#\/schema\/logo\/image\/","url":"https:\/\/xstyle.md\/wp-content\/uploads\/2020\/06\/logoicon.svg","contentUrl":"https:\/\/xstyle.md\/wp-content\/uploads\/2020\/06\/logoicon.svg","caption":"\u041c\u0430\u0433\u0430\u0437\u0438\u043d Xstyle"},"image":{"@id":"https:\/\/xstyle.md\/#\/schema\/logo\/image\/"},"sameAs":["https:\/\/www.facebook.com\/xstylemd","https:\/\/www.instagram.com\/xstyle_md\/","https:\/\/t.me\/xstyle_outdoor"],"hasMerchantReturnPolicy":{"@type":"MerchantReturnPolicy","merchantReturnLink":"https:\/\/xstyle.md\/ro\/conditions\/"}}]},"product_price_amount":"390.00","product_price_currency":"MDL","og_availability":"instock","product_availability":"instock","product_retailer_item_id":"834456003649","product_condition":"new"},"post_mailing_queue_ids":[],"_links":{"self":[{"href":"https:\/\/xstyle.md\/ro\/wp-json\/wp\/v2\/product\/80824","targetHints":{"allow":["GET"]}}],"collection":[{"href":"https:\/\/xstyle.md\/ro\/wp-json\/wp\/v2\/product"}],"about":[{"href":"https:\/\/xstyle.md\/ro\/wp-json\/wp\/v2\/types\/product"}],"replies":[{"embeddable":true,"href":"https:\/\/xstyle.md\/ro\/wp-json\/wp\/v2\/comments?post=80824"}],"wp:featuredmedia":[{"embeddable":true,"href":"https:\/\/xstyle.md\/ro\/wp-json\/wp\/v2\/media\/80991"}],"wp:attachment":[{"href":"https:\/\/xstyle.md\/ro\/wp-json\/wp\/v2\/media?parent=80824"}],"wp:term":[{"taxonomy":"product_brand","embeddable":true,"href":"https:\/\/xstyle.md\/ro\/wp-json\/wp\/v2\/product_brand?post=80824"},{"taxonomy":"product_cat","embeddable":true,"href":"https:\/\/xstyle.md\/ro\/wp-json\/wp\/v2\/product_cat?post=80824"},{"taxonomy":"product_tag","embeddable":true,"href":"https:\/\/xstyle.md\/ro\/wp-json\/wp\/v2\/product_tag?post=80824"}],"curies":[{"name":"wp","href":"https:\/\/api.w.org\/{rel}","templated":true}]}}