{"id":80823,"date":"2024-03-20T18:09:33","date_gmt":"2024-03-20T15:09:33","guid":{"rendered":"https:\/\/xstyle.md\/?post_type=product&#038;p=80823"},"modified":"2025-07-28T19:01:44","modified_gmt":"2025-07-28T16:01:44","slug":"emkost-dlya-vody-hydrapak-stow-1l","status":"publish","type":"product","link":"https:\/\/xstyle.md\/ro\/produs\/emkost-dlya-vody-hydrapak-stow-1l\/","title":{"rendered":"Rezervor de ap\u0103 HydraPak Stow 1l"},"content":{"rendered":"<\/p>\n<p>Rezervor de ap\u0103 <strong>HydraPak Stow 1l<\/strong> &#8212; flaconul are o pies\u0103 transversal\u0103 intern\u0103 care \u00eei confer\u0103 o form\u0103 confortabil\u0103 \u0219i plat\u0103. Designul minimalist \u0219i construc\u021bia durabil\u0103 v\u0103 permit s\u0103 depozita\u021bi balonul acolo unde majoritatea sticlelor nu \u00eencap.<\/p>\n<h3>Particularit\u0103\u021bi<\/h3>\n<ul>\n<li>Designul minimalist \u0219i construc\u021bia robust\u0103 v\u0103 permit s\u0103 aplatiza\u021bi \u0219i s\u0103 rostogoli\u021bi flaconul atunci c\u00e2nd este gol \u0219i s\u0103 \u00eel depozita\u021bi \u00een m\u00e2nerul de transport.<\/li>\n<li>Capacul u\u0219or de deschis \u0219i duza de silicon cu \u00eenchidere automat\u0103 v\u0103 permit s\u0103 be\u021bi \u00een timpul activit\u0103\u021bilor \u00een aer liber.<\/li>\n<li>Se ata\u0219eaz\u0103 la majoritatea filtrelor de ap\u0103 cu filet de 28 mm.<\/li>\n<li>M\u00e2ner flexibil pentru transport u\u0219or, fixare rapid\u0103 \u0219i umplere \u00een lac sau r\u00e2u.<\/li>\n<li>Duza de silicon cu \u00eenchidere automat\u0103 faciliteaz\u0103 consumul din sticl\u0103, capacul cu balamale protejeaz\u0103 de factorii externi.<\/li>\n<li>Indicatorul extern de capacitate v\u0103 permite s\u0103 urm\u0103ri\u021bi consumul de ap\u0103 sau s\u0103 m\u0103sura\u021bi con\u021binutul.<\/li>\n<li>Fabricat\u0103 din TPU robust, rezistent la abraziune \u0219i cus\u0103turi sudate RF pentru rezisten\u021b\u0103 \u0219i elasticitate superioar\u0103.<\/li>\n<li>Poate fi \u00eenghe\u021bat\u0103 sau umplut\u0103 cu ap\u0103 fierbinte (temperatur\u0103 maxim\u0103 60\u00b0 C \/ 140\u00b0 F).<\/li>\n<\/ul>\n<h3>Caracteristici<\/h3>\n<ul>\n<li>Materiale &#8212; poliuretan termoplastic de \u00eenalt\u0103 rezisten\u021b\u0103 (TPU), polietilen\u0103 de \u00eenalt\u0103 densitate (HDPE)<\/li>\n<li>Dimensiuni &#8212; 42 x 15 cm<\/li>\n<li>Volum &#8212; 1 litru<\/li>\n<li>Greutate &#8212; 55 g<\/li>\n<\/ul>\n<h3>Tehnologie<\/h3>\n<ul>\n<li><strong>BPA<\/strong> &#8212; este un compus chimic organic \u0219i este utilizat pentru fabricarea materialelor plastice, a policarbonatului \u0219i a r\u0103\u0219inii epoxidice. De asemenea, este ad\u0103ugat la produsele din plastic \u0219i la conservele alimentare. Principalele propriet\u0103\u021bi ale bisfenolului-A sunt propriet\u0103\u021bile de \u00eent\u0103rire \u0219i antioxidante. BPA este capabil s\u0103 p\u0103trund\u0103 \u00een corpul uman nu numai cu ajutorul alimentelor \u0219i al apei, ci \u0219i prin piele \u0219i pl\u0103m\u00e2ni. Contactul prelungit al lichidelor \u0219i al alimentelor umede cu materiale plastice care con\u021bin bisfenol-A contribuie la eliberarea acestei substan\u021be \u00een alimente. \u00cenc\u0103lzirea unor astfel de recipiente accelereaz\u0103 semnificativ eliberarea de bisfenol-A. Aceast\u0103 sticl\u0103 de ap\u0103 este etichetat\u0103<em> bpa fre\u0435<\/em>, ceea ce indic\u0103 faptul c\u0103 bisfenolul-A nu a fost utilizat la fabricarea acestui recipient.<\/li>\n<\/ul>\n<h3>Marca<\/h3>\n<p>HydraPak este un brand californian care a introdus \u00een lume flacoanele moi pentru activit\u0103\u021bi \u0219i sporturi \u00een aer liber. Compania a fost \u00eenfiin\u021bat\u0103 \u00een 2001 pentru a r\u0103spunde cererii cicli\u0219tilor pentru sisteme \u0219i recipiente de ap\u0103. \u00cen prezent, este lider \u00een produc\u021bia de sisteme de b\u0103utur\u0103, hidratante, flacoane, sticle pentru pescuit, v\u00e2n\u0103toare, sport \u0219i condi\u021bii extreme. Produce rezervoare pentru o varietate de aplica\u021bii, de la recipiente ultrau\u0219oare pentru nutri\u021bie sportiv\u0103 la sisteme de b\u0103utur\u0103 tactice pentru armat\u0103. Furnizeaz\u0103 hidratan\u021bi pentru rucsaci \u0219i gen\u021bi de sport ale m\u0103rcilor de renume mondial Salomon, Osprey, Dakine. A creat rezervorul moale pentru filtrul elve\u021bian Katadyn BeFree, care v\u0103 permite s\u0103 be\u021bi \u00een siguran\u021b\u0103 ap\u0103 din lacuri \u0219i r\u00e2uri. Produsele proprii HydraPak, inclusiv canistrele Seeker, sunt, de asemenea, compatibile cu cartu\u0219ul de la acest filtru.<\/p>\n<p>Toate vasele de g\u0103tit HydraPak sunt fabricate din materiale rezistente, rezistente \u0219i sigure pentru s\u0103n\u0103tate. Rezervoarele moi sunt fabricate din poliuretan termoplastic cu tehnologie brevetat\u0103 de sudare a cus\u0103turilor prin radiofrecven\u021b\u0103. HydraPak se bazeaz\u0103 pe ideea de design axat pe performan\u021b\u0103 &#8212; crearea de produse care s\u0103 \u00eembun\u0103t\u0103\u021beasc\u0103 performan\u021ba sportiv\u0103 \u0219i care s\u0103 nu v\u0103 dezam\u0103geasc\u0103 \u00een cele mai solicitante condi\u021bii.<\/p>\n<p><\/p>","protected":false},"excerpt":{"rendered":"","protected":false},"featured_media":80980,"comment_status":"open","ping_status":"closed","template":"","meta":{"_acf_changed":false,"inline_featured_image":false},"product_brand":[1479],"product_cat":[885],"product_tag":[],"class_list":{"0":"post-80823","1":"product","2":"type-product","3":"status-publish","4":"has-post-thumbnail","6":"product_brand-hydrapak","7":"product_cat-bottle","9":"first","10":"instock","11":"shipping-taxable","12":"purchasable","13":"product-type-simple"},"acf":[],"yoast_head":"<!-- This site is optimized with the Yoast SEO plugin v27.2 - https:\/\/yoast.com\/product\/yoast-seo-wordpress\/ -->\n<title>\u0415\u043c\u043a\u043e\u0441\u0442\u044c \u0434\u043b\u044f \u0432\u043e\u0434\u044b HydraPak Stow 1l - \u041c\u0430\u0433\u0430\u0437\u0438\u043d Xstyle<\/title>\n<meta name=\"description\" content=\"\u0415\u043c\u043a\u043e\u0441\u0442\u044c \u0434\u043b\u044f \u0432\u043e\u0434\u044b HydraPak Stow 1\u043b: \u043b\u0435\u0433\u043a\u0430\u044f, \u043f\u0440\u043e\u0447\u043d\u0430\u044f \u0438 \u0443\u0434\u043e\u0431\u043d\u0430\u044f. \u0418\u0434\u0435\u0430\u043b\u044c\u043d\u043e \u043f\u043e\u0434\u0445\u043e\u0434\u0438\u0442 \u0434\u043b\u044f \u0430\u043a\u0442\u0438\u0432\u043d\u043e\u0433\u043e \u043e\u0442\u0434\u044b\u0445\u0430. \u0411\u0435\u0437 BPA, \u0432\u044b\u0441\u043e\u043a\u043e\u043a\u0430\u0447\u0435\u0441\u0442\u0432\u0435\u043d\u043d\u044b\u0439 TPU \u0434\u043b\u044f \u043d\u0430\u0434\u0435\u0436\u043d\u043e\u0441\u0442\u0438.\" \/>\n<meta name=\"robots\" content=\"index, follow, max-snippet:-1, max-image-preview:large, max-video-preview:-1\" \/>\n<link rel=\"canonical\" href=\"https:\/\/xstyle.md\/ro\/produs\/emkost-dlya-vody-hydrapak-stow-1l\/\" \/>\n<meta property=\"og:locale\" content=\"ro_RO\" \/>\n<meta property=\"og:type\" content=\"article\" \/>\n<meta property=\"og:title\" content=\"\u0415\u043c\u043a\u043e\u0441\u0442\u044c \u0434\u043b\u044f \u0432\u043e\u0434\u044b HydraPak Stow 1l - \u041c\u0430\u0433\u0430\u0437\u0438\u043d Xstyle\" \/>\n<meta property=\"og:description\" content=\"\u0415\u043c\u043a\u043e\u0441\u0442\u044c \u0434\u043b\u044f \u0432\u043e\u0434\u044b HydraPak Stow 1\u043b: \u043b\u0435\u0433\u043a\u0430\u044f, \u043f\u0440\u043e\u0447\u043d\u0430\u044f \u0438 \u0443\u0434\u043e\u0431\u043d\u0430\u044f. \u0418\u0434\u0435\u0430\u043b\u044c\u043d\u043e \u043f\u043e\u0434\u0445\u043e\u0434\u0438\u0442 \u0434\u043b\u044f \u0430\u043a\u0442\u0438\u0432\u043d\u043e\u0433\u043e \u043e\u0442\u0434\u044b\u0445\u0430. \u0411\u0435\u0437 BPA, \u0432\u044b\u0441\u043e\u043a\u043e\u043a\u0430\u0447\u0435\u0441\u0442\u0432\u0435\u043d\u043d\u044b\u0439 TPU \u0434\u043b\u044f \u043d\u0430\u0434\u0435\u0436\u043d\u043e\u0441\u0442\u0438.\" \/>\n<meta property=\"og:url\" content=\"https:\/\/xstyle.md\/ro\/produs\/emkost-dlya-vody-hydrapak-stow-1l\/\" \/>\n<meta property=\"og:site_name\" content=\"\u041c\u0430\u0433\u0430\u0437\u0438\u043d Xstyle\" \/>\n<meta property=\"article:publisher\" content=\"https:\/\/www.facebook.com\/xstylemd\" \/>\n<meta property=\"article:modified_time\" content=\"2025-07-28T16:01:44+00:00\" \/>\n<meta property=\"og:image\" content=\"https:\/\/xstyle.md\/wp-content\/uploads\/2024\/03\/hydrapak-stow-1-l-mammoth.jpg\" \/>\n\t<meta property=\"og:image:width\" content=\"665\" \/>\n\t<meta property=\"og:image:height\" content=\"677\" \/>\n\t<meta property=\"og:image:type\" content=\"image\/jpeg\" \/>\n<meta name=\"twitter:card\" content=\"summary_large_image\" \/>\n<meta name=\"twitter:label1\" content=\"Pre\u021b\" \/>\n\t<meta name=\"twitter:data1\" content=\"430&nbsp;MDL\" \/>\n\t<meta name=\"twitter:label2\" content=\"Disponibilitate\" \/>\n\t<meta name=\"twitter:data2\" content=\"\u00cen stoc\" \/>\n<script type=\"application\/ld+json\" class=\"yoast-schema-graph\">{\"@context\":\"https:\/\/schema.org\",\"@graph\":[{\"@type\":\"WebPage\",\"@id\":\"https:\/\/xstyle.md\/product\/emkost-dlya-vody-hydrapak-stow-1l\/\",\"url\":\"https:\/\/xstyle.md\/product\/emkost-dlya-vody-hydrapak-stow-1l\/\",\"name\":\"\u0415\u043c\u043a\u043e\u0441\u0442\u044c \u0434\u043b\u044f \u0432\u043e\u0434\u044b HydraPak Stow 1l - \u041c\u0430\u0433\u0430\u0437\u0438\u043d Xstyle\",\"isPartOf\":{\"@id\":\"https:\/\/xstyle.md\/#website\"},\"primaryImageOfPage\":{\"@id\":\"https:\/\/xstyle.md\/product\/emkost-dlya-vody-hydrapak-stow-1l\/#primaryimage\"},\"image\":{\"@id\":\"https:\/\/xstyle.md\/product\/emkost-dlya-vody-hydrapak-stow-1l\/#primaryimage\"},\"thumbnailUrl\":\"https:\/\/xstyle.md\/wp-content\/uploads\/2024\/03\/hydrapak-stow-1-l-mammoth.jpg\",\"datePublished\":\"2024-03-20T15:09:33+00:00\",\"dateModified\":\"2025-07-28T16:01:44+00:00\",\"description\":\"\u0415\u043c\u043a\u043e\u0441\u0442\u044c \u0434\u043b\u044f \u0432\u043e\u0434\u044b HydraPak Stow 1\u043b: \u043b\u0435\u0433\u043a\u0430\u044f, \u043f\u0440\u043e\u0447\u043d\u0430\u044f \u0438 \u0443\u0434\u043e\u0431\u043d\u0430\u044f. \u0418\u0434\u0435\u0430\u043b\u044c\u043d\u043e \u043f\u043e\u0434\u0445\u043e\u0434\u0438\u0442 \u0434\u043b\u044f \u0430\u043a\u0442\u0438\u0432\u043d\u043e\u0433\u043e \u043e\u0442\u0434\u044b\u0445\u0430. \u0411\u0435\u0437 BPA, \u0432\u044b\u0441\u043e\u043a\u043e\u043a\u0430\u0447\u0435\u0441\u0442\u0432\u0435\u043d\u043d\u044b\u0439 TPU \u0434\u043b\u044f \u043d\u0430\u0434\u0435\u0436\u043d\u043e\u0441\u0442\u0438.\",\"breadcrumb\":{\"@id\":\"https:\/\/xstyle.md\/product\/emkost-dlya-vody-hydrapak-stow-1l\/#breadcrumb\"},\"inLanguage\":\"ro-RO\",\"potentialAction\":[{\"@type\":\"ReadAction\",\"target\":[\"https:\/\/xstyle.md\/product\/emkost-dlya-vody-hydrapak-stow-1l\/\"]}]},{\"@type\":\"ImageObject\",\"inLanguage\":\"ro-RO\",\"@id\":\"https:\/\/xstyle.md\/product\/emkost-dlya-vody-hydrapak-stow-1l\/#primaryimage\",\"url\":\"https:\/\/xstyle.md\/wp-content\/uploads\/2024\/03\/hydrapak-stow-1-l-mammoth.jpg\",\"contentUrl\":\"https:\/\/xstyle.md\/wp-content\/uploads\/2024\/03\/hydrapak-stow-1-l-mammoth.jpg\",\"width\":665,\"height\":677,\"caption\":\"\u0422\u0430\u043c\u043f\u043e\u043f\u0430\u0434 \u0434\u043b\u044f \u0432\u043e\u0434\u044b HydraPak Stow 1\u043b \u0434\u043b\u044f \u0430\u043a\u0442\u0438\u0432\u043d\u043e\u0433\u043e \u043e\u0442\u0434\u044b\u0445\u0430, \u0430\u043b\u044c\u043f\u0438\u043d\u0438\u0437\u043c\u0430, \u043f\u043e\u0445\u043e\u0434\u043e\u0432 \u0438 \u043f\u0443\u0442\u0435\u0448\u0435\u0441\u0442\u0432\u0438\u0439 \u0432 \u0438\u043d\u0442\u0435\u0440\u043d\u0435\u0442-\u043c\u0430\u0433\u0430\u0437\u0438\u043d\u0435 \u0441\u043f\u043e\u0440\u0442\u0438\u0432\u043d\u043e\u0439 \u043e\u0434\u0435\u0436\u0434\u044b \u0438 \u043e\u0431\u0443\u0432\u0438\"},{\"@type\":\"BreadcrumbList\",\"@id\":\"https:\/\/xstyle.md\/product\/emkost-dlya-vody-hydrapak-stow-1l\/#breadcrumb\",\"itemListElement\":[{\"@type\":\"ListItem\",\"position\":1,\"name\":\"\u0413\u043b\u0430\u0432\u043d\u0430\u044f \u0441\u0442\u0440\u0430\u043d\u0438\u0446\u0430\",\"item\":\"https:\/\/xstyle.md\/\"},{\"@type\":\"ListItem\",\"position\":2,\"name\":\"\u041c\u0430\u0433\u0430\u0437\u0438\u043d\",\"item\":\"https:\/\/xstyle.md\/shop\/\"},{\"@type\":\"ListItem\",\"position\":3,\"name\":\"\u0415\u043c\u043a\u043e\u0441\u0442\u044c \u0434\u043b\u044f \u0432\u043e\u0434\u044b HydraPak Stow 1l\"}]},{\"@type\":\"WebSite\",\"@id\":\"https:\/\/xstyle.md\/#website\",\"url\":\"https:\/\/xstyle.md\/\",\"name\":\"\u041c\u0430\u0433\u0430\u0437\u0438\u043d Xstyle\",\"description\":\"C\u043d\u0430\u0440\u044f\u0436\u0435\u043d\u0438\u0435 \u0434\u043b\u044f \u0442\u0443\u0440\u0438\u0437\u043c\u0430 \u0438 \u044d\u043a\u0441\u0442\u0440\u0435\u043c\u0430\u043b\u044c\u043d\u044b\u0445 \u0432\u0438\u0434\u043e\u0432 \u0441\u043f\u043e\u0440\u0442\u0430 \u0432 \u041c\u043e\u043b\u0434\u043e\u0432\u0435.. \u0426\u0435\u043d\u044b, \u0444\u043e\u0442\u043e, \u0445\u0430\u0440\u0430\u043a\u0442\u0435\u0440\u0438\u0441\u0442\u0438\u043a\u0438 \u0432 \u041c\u043e\u043b\u0434\u043e\u0432\u0435.\",\"publisher\":{\"@id\":\"https:\/\/xstyle.md\/#organization\"},\"alternateName\":\"X-Style\",\"potentialAction\":[{\"@type\":\"SearchAction\",\"target\":{\"@type\":\"EntryPoint\",\"urlTemplate\":\"https:\/\/xstyle.md\/?s={search_term_string}\"},\"query-input\":{\"@type\":\"PropertyValueSpecification\",\"valueRequired\":true,\"valueName\":\"search_term_string\"}}],\"inLanguage\":\"ro-RO\"},{\"@type\":\"Organization\",\"@id\":\"https:\/\/xstyle.md\/#organization\",\"name\":\"\u041c\u0430\u0433\u0430\u0437\u0438\u043d Xstyle\",\"alternateName\":\"x-style\",\"url\":\"https:\/\/xstyle.md\/\",\"logo\":{\"@type\":\"ImageObject\",\"inLanguage\":\"ro-RO\",\"@id\":\"https:\/\/xstyle.md\/#\/schema\/logo\/image\/\",\"url\":\"https:\/\/xstyle.md\/wp-content\/uploads\/2020\/06\/logoicon.svg\",\"contentUrl\":\"https:\/\/xstyle.md\/wp-content\/uploads\/2020\/06\/logoicon.svg\",\"caption\":\"\u041c\u0430\u0433\u0430\u0437\u0438\u043d Xstyle\"},\"image\":{\"@id\":\"https:\/\/xstyle.md\/#\/schema\/logo\/image\/\"},\"sameAs\":[\"https:\/\/www.facebook.com\/xstylemd\",\"https:\/\/www.instagram.com\/xstyle_md\/\",\"https:\/\/t.me\/xstyle_outdoor\"],\"hasMerchantReturnPolicy\":{\"@type\":\"MerchantReturnPolicy\",\"merchantReturnLink\":\"https:\/\/xstyle.md\/ro\/conditions\/\"}}]}<\/script>\n<meta property=\"product:price:amount\" content=\"430.00\" \/>\n<meta property=\"product:price:currency\" content=\"MDL\" \/>\n<meta property=\"og:availability\" content=\"instock\" \/>\n<meta property=\"product:availability\" content=\"instock\" \/>\n<meta property=\"product:retailer_item_id\" content=\"834456002437\" \/>\n<meta property=\"product:condition\" content=\"new\" \/>\n<!-- \/ Yoast SEO plugin. -->","yoast_head_json":{"title":"Rezervor de ap\u0103 HydraPak Stow 1l - Magazin Xstyle","description":"Recipient pentru ap\u0103 HydraPak Stow 1l: u\u0219or, rezistent \u0219i comod. Ideal pentru activit\u0103\u021bi \u00een aer liber. F\u0103r\u0103 BPA, TPU de \u00eenalt\u0103 calitate pentru fiabilitate.","robots":{"index":"index","follow":"follow","max-snippet":"max-snippet:-1","max-image-preview":"max-image-preview:large","max-video-preview":"max-video-preview:-1"},"canonical":"https:\/\/xstyle.md\/ro\/produs\/emkost-dlya-vody-hydrapak-stow-1l\/","og_locale":"ro_RO","og_type":"article","og_title":"\u0415\u043c\u043a\u043e\u0441\u0442\u044c \u0434\u043b\u044f \u0432\u043e\u0434\u044b HydraPak Stow 1l - \u041c\u0430\u0433\u0430\u0437\u0438\u043d Xstyle","og_description":"\u0415\u043c\u043a\u043e\u0441\u0442\u044c \u0434\u043b\u044f \u0432\u043e\u0434\u044b HydraPak Stow 1\u043b: \u043b\u0435\u0433\u043a\u0430\u044f, \u043f\u0440\u043e\u0447\u043d\u0430\u044f \u0438 \u0443\u0434\u043e\u0431\u043d\u0430\u044f. \u0418\u0434\u0435\u0430\u043b\u044c\u043d\u043e \u043f\u043e\u0434\u0445\u043e\u0434\u0438\u0442 \u0434\u043b\u044f \u0430\u043a\u0442\u0438\u0432\u043d\u043e\u0433\u043e \u043e\u0442\u0434\u044b\u0445\u0430. \u0411\u0435\u0437 BPA, \u0432\u044b\u0441\u043e\u043a\u043e\u043a\u0430\u0447\u0435\u0441\u0442\u0432\u0435\u043d\u043d\u044b\u0439 TPU \u0434\u043b\u044f \u043d\u0430\u0434\u0435\u0436\u043d\u043e\u0441\u0442\u0438.","og_url":"https:\/\/xstyle.md\/ro\/produs\/emkost-dlya-vody-hydrapak-stow-1l\/","og_site_name":"\u041c\u0430\u0433\u0430\u0437\u0438\u043d Xstyle","article_publisher":"https:\/\/www.facebook.com\/xstylemd","article_modified_time":"2025-07-28T16:01:44+00:00","og_image":[{"width":665,"height":677,"url":"https:\/\/xstyle.md\/wp-content\/uploads\/2024\/03\/hydrapak-stow-1-l-mammoth.jpg","type":"image\/jpeg"}],"twitter_card":"summary_large_image","twitter_misc":{"Pre\u021b":"430&nbsp;MDL","Disponibilitate":"\u00cen stoc"},"schema":{"@context":"https:\/\/schema.org","@graph":[{"@type":"WebPage","@id":"https:\/\/xstyle.md\/product\/emkost-dlya-vody-hydrapak-stow-1l\/","url":"https:\/\/xstyle.md\/product\/emkost-dlya-vody-hydrapak-stow-1l\/","name":"Rezervor de ap\u0103 HydraPak Stow 1l - Magazin Xstyle","isPartOf":{"@id":"https:\/\/xstyle.md\/#website"},"primaryImageOfPage":{"@id":"https:\/\/xstyle.md\/product\/emkost-dlya-vody-hydrapak-stow-1l\/#primaryimage"},"image":{"@id":"https:\/\/xstyle.md\/product\/emkost-dlya-vody-hydrapak-stow-1l\/#primaryimage"},"thumbnailUrl":"https:\/\/xstyle.md\/wp-content\/uploads\/2024\/03\/hydrapak-stow-1-l-mammoth.jpg","datePublished":"2024-03-20T15:09:33+00:00","dateModified":"2025-07-28T16:01:44+00:00","description":"Recipient pentru ap\u0103 HydraPak Stow 1l: u\u0219or, rezistent \u0219i comod. Ideal pentru activit\u0103\u021bi \u00een aer liber. F\u0103r\u0103 BPA, TPU de \u00eenalt\u0103 calitate pentru fiabilitate.","breadcrumb":{"@id":"https:\/\/xstyle.md\/product\/emkost-dlya-vody-hydrapak-stow-1l\/#breadcrumb"},"inLanguage":"ro-RO","potentialAction":[{"@type":"ReadAction","target":["https:\/\/xstyle.md\/product\/emkost-dlya-vody-hydrapak-stow-1l\/"]}]},{"@type":"ImageObject","inLanguage":"ro-RO","@id":"https:\/\/xstyle.md\/product\/emkost-dlya-vody-hydrapak-stow-1l\/#primaryimage","url":"https:\/\/xstyle.md\/wp-content\/uploads\/2024\/03\/hydrapak-stow-1-l-mammoth.jpg","contentUrl":"https:\/\/xstyle.md\/wp-content\/uploads\/2024\/03\/hydrapak-stow-1-l-mammoth.jpg","width":665,"height":677,"caption":"\u0422\u0430\u043c\u043f\u043e\u043f\u0430\u0434 \u0434\u043b\u044f \u0432\u043e\u0434\u044b HydraPak Stow 1\u043b \u0434\u043b\u044f \u0430\u043a\u0442\u0438\u0432\u043d\u043e\u0433\u043e \u043e\u0442\u0434\u044b\u0445\u0430, \u0430\u043b\u044c\u043f\u0438\u043d\u0438\u0437\u043c\u0430, \u043f\u043e\u0445\u043e\u0434\u043e\u0432 \u0438 \u043f\u0443\u0442\u0435\u0448\u0435\u0441\u0442\u0432\u0438\u0439 \u0432 \u0438\u043d\u0442\u0435\u0440\u043d\u0435\u0442-\u043c\u0430\u0433\u0430\u0437\u0438\u043d\u0435 \u0441\u043f\u043e\u0440\u0442\u0438\u0432\u043d\u043e\u0439 \u043e\u0434\u0435\u0436\u0434\u044b \u0438 \u043e\u0431\u0443\u0432\u0438"},{"@type":"BreadcrumbList","@id":"https:\/\/xstyle.md\/product\/emkost-dlya-vody-hydrapak-stow-1l\/#breadcrumb","itemListElement":[{"@type":"ListItem","position":1,"name":"\u0413\u043b\u0430\u0432\u043d\u0430\u044f \u0441\u0442\u0440\u0430\u043d\u0438\u0446\u0430","item":"https:\/\/xstyle.md\/"},{"@type":"ListItem","position":2,"name":"\u041c\u0430\u0433\u0430\u0437\u0438\u043d","item":"https:\/\/xstyle.md\/shop\/"},{"@type":"ListItem","position":3,"name":"\u0415\u043c\u043a\u043e\u0441\u0442\u044c \u0434\u043b\u044f \u0432\u043e\u0434\u044b HydraPak Stow 1l"}]},{"@type":"WebSite","@id":"https:\/\/xstyle.md\/#website","url":"https:\/\/xstyle.md\/","name":"Magazinul X-Style","description":"Echipamente pentru turism \u0219i sporturi extreme \u00een Moldova. Pre\u021buri, fotografii, caracteristici \u00een Moldova.","publisher":{"@id":"https:\/\/xstyle.md\/#organization"},"alternateName":"X-Style","potentialAction":[{"@type":"SearchAction","target":{"@type":"EntryPoint","urlTemplate":"https:\/\/xstyle.md\/?s={search_term_string}"},"query-input":{"@type":"PropertyValueSpecification","valueRequired":true,"valueName":"search_term_string"}}],"inLanguage":"ro-RO"},{"@type":"Organization","@id":"https:\/\/xstyle.md\/#organization","name":"Magazinul X-Style","alternateName":"x-style","url":"https:\/\/xstyle.md\/","logo":{"@type":"ImageObject","inLanguage":"ro-RO","@id":"https:\/\/xstyle.md\/#\/schema\/logo\/image\/","url":"https:\/\/xstyle.md\/wp-content\/uploads\/2020\/06\/logoicon.svg","contentUrl":"https:\/\/xstyle.md\/wp-content\/uploads\/2020\/06\/logoicon.svg","caption":"\u041c\u0430\u0433\u0430\u0437\u0438\u043d Xstyle"},"image":{"@id":"https:\/\/xstyle.md\/#\/schema\/logo\/image\/"},"sameAs":["https:\/\/www.facebook.com\/xstylemd","https:\/\/www.instagram.com\/xstyle_md\/","https:\/\/t.me\/xstyle_outdoor"],"hasMerchantReturnPolicy":{"@type":"MerchantReturnPolicy","merchantReturnLink":"https:\/\/xstyle.md\/ro\/conditions\/"}}]},"product_price_amount":"430.00","product_price_currency":"MDL","og_availability":"instock","product_availability":"instock","product_retailer_item_id":"834456002437","product_condition":"new"},"post_mailing_queue_ids":[],"_links":{"self":[{"href":"https:\/\/xstyle.md\/ro\/wp-json\/wp\/v2\/product\/80823","targetHints":{"allow":["GET"]}}],"collection":[{"href":"https:\/\/xstyle.md\/ro\/wp-json\/wp\/v2\/product"}],"about":[{"href":"https:\/\/xstyle.md\/ro\/wp-json\/wp\/v2\/types\/product"}],"replies":[{"embeddable":true,"href":"https:\/\/xstyle.md\/ro\/wp-json\/wp\/v2\/comments?post=80823"}],"wp:featuredmedia":[{"embeddable":true,"href":"https:\/\/xstyle.md\/ro\/wp-json\/wp\/v2\/media\/80980"}],"wp:attachment":[{"href":"https:\/\/xstyle.md\/ro\/wp-json\/wp\/v2\/media?parent=80823"}],"wp:term":[{"taxonomy":"product_brand","embeddable":true,"href":"https:\/\/xstyle.md\/ro\/wp-json\/wp\/v2\/product_brand?post=80823"},{"taxonomy":"product_cat","embeddable":true,"href":"https:\/\/xstyle.md\/ro\/wp-json\/wp\/v2\/product_cat?post=80823"},{"taxonomy":"product_tag","embeddable":true,"href":"https:\/\/xstyle.md\/ro\/wp-json\/wp\/v2\/product_tag?post=80823"}],"curies":[{"name":"wp","href":"https:\/\/api.w.org\/{rel}","templated":true}]}}