{"id":80821,"date":"2024-03-20T18:09:33","date_gmt":"2024-03-20T15:09:33","guid":{"rendered":"https:\/\/xstyle.md\/?post_type=product&#038;p=80821"},"modified":"2026-04-07T15:27:12","modified_gmt":"2026-04-07T12:27:12","slug":"emkost-dlya-vody-hydrapak-flux-750-ml","status":"publish","type":"product","link":"https:\/\/xstyle.md\/ro\/produs\/emkost-dlya-vody-hydrapak-flux-750-ml\/","title":{"rendered":"Rezervor de ap\u0103 HydraPak Flux 750 ml"},"content":{"rendered":"<\/p>\n<p><strong>HydraPak Flux 750 ml<\/strong> &#8212; are forma unei sticle rigide, dar se comprim\u0103 ca un flacon moale, reduc\u00e2nd volumul cu 50%, ceea ce \u00eel face u\u0219or de transportat \u00eentr-un rucsac sau \u00een buzunar.<\/p>\n<p>Partea de sus a sticlei are un capac antipraf cu o duz\u0103 practic\u0103 pentru a bea din mers \u0219i un m\u00e2ner transversal pentru a \u021bine \u00een siguran\u021b\u0103 sticla \u00een m\u00e2n\u0103, pentru a o \u021bine goal\u0103 sau pentru a o ata\u0219a la un rucsac.<\/p>\n<p>Flux arat\u0103 ca o sticl\u0103 rigid\u0103 obi\u0219nuit\u0103, dar c\u00e2nd r\u0103m\u00e2ne f\u0103r\u0103 ap\u0103, se mic\u0219oreaz\u0103 p\u00e2n\u0103 la dimensiunea buzunarului dvs.<\/p>\n<h3>Particularit\u0103\u021bi<\/h3>\n<ul>\n<li>Twist to Drink v\u0103 permite s\u0103 be\u021bi ca o sticl\u0103 tradi\u021bional\u0103 cu gur\u0103 larg\u0103, dar cu mai mult debit \u0219i mai pu\u021bine stropiri.<\/li>\n<li>Capacul antipraf previne p\u0103trunderea prafului \u00een recipientul de b\u0103utur\u0103. Duza se deschide \u0219i se \u00eenchide rapid cu o mi\u0219care u\u0219oar\u0103 cu un singur deget \u0219i previne contactul direct cu m\u00e2inile murdare<\/li>\n<li>M\u00e2ner flexibil pentru o transportare u\u0219oar\u0103, fixare rapid\u0103 \u0219i securizare a sticlei spiralate<\/li>\n<li>Se potrive\u0219te cu u\u0219urin\u021b\u0103 \u00een buzunarele rucsacului atunci c\u00e2nd este plin\u0103 \u0219i c\u00e2nd este goal\u0103, pentru a economisi spa\u021biu atunci c\u00e2nd o depozita\u021bi \u0219i o transporta\u021bi \u00een timpul unei drume\u021bii<\/li>\n<li>Se comprim\u0103 ca un flacon moale, reduc\u00e2ndu-\u0219i volumul cu 50%, ceea ce \u00eel face u\u0219or de transportat \u00een buzunar.<\/li>\n<li>Construc\u021bie laminat\u0103 \u00een dou\u0103 straturi pentru o durabilitate sporit\u0103<\/li>\n<li>Sticla este fabricat\u0103 din material TPU ultradurabil \u0219i rezistent la abraziune<\/li>\n<li>Cus\u0103turi sudate prin radiofrecven\u021b\u0103 pentru un plus de rezisten\u021b\u0103 \u0219i elasticitate<\/li>\n<li>100% f\u0103r\u0103 BPA \u0219i PVC, gam\u0103 larg\u0103 de temperaturi de func\u021bionare (congelabil\u0103, temperatur\u0103 maxim\u0103 de 60\u00b0C)<\/li>\n<\/ul>\n<h3>Caracteristici<\/h3>\n<ul>\n<li>Materiale &#8212; TPU, POM (100% f\u0103r\u0103 BPA \u0219i PVC)<\/li>\n<li>Dimensiuni &#8212; 85 x 200 mm<\/li>\n<li>Volum &#8212; 750 ml<\/li>\n<li>Greutate &#8212; 92 g<\/li>\n<\/ul>\n<h3>Tehnologie<\/h3>\n<ul>\n<li><strong>BPA<\/strong> &#8212; este un compus chimic organic \u0219i este utilizat pentru fabricarea materialelor plastice, a policarbonatului \u0219i a r\u0103\u0219inii epoxidice. De asemenea, este ad\u0103ugat la produsele din plastic \u0219i la conservele alimentare. Principalele propriet\u0103\u021bi ale bisfenolului-A sunt propriet\u0103\u021bile de \u00eent\u0103rire \u0219i antioxidante. BPA este capabil s\u0103 p\u0103trund\u0103 \u00een corpul uman nu numai cu ajutorul alimentelor \u0219i al apei, ci \u0219i prin piele \u0219i pl\u0103m\u00e2ni. Contactul prelungit al lichidelor \u0219i al alimentelor umede cu materiale plastice care con\u021bin bisfenol-A contribuie la eliberarea acestei substan\u021be \u00een alimente. \u00cenc\u0103lzirea unor astfel de recipiente accelereaz\u0103 semnificativ eliberarea de bisfenol-A. Aceast\u0103 sticl\u0103 de ap\u0103 este etichetat\u0103<em> bpa fre\u0435<\/em>, ceea ce indic\u0103 faptul c\u0103 bisfenolul-A nu a fost utilizat la fabricarea acestui recipient.<\/li>\n<\/ul>\n<h3>Marca<\/h3>\n<p>HydraPak este un brand californian care a introdus \u00een lume flacoanele moi pentru activit\u0103\u021bi \u0219i sporturi \u00een aer liber. Compania a fost \u00eenfiin\u021bat\u0103 \u00een 2001 pentru a r\u0103spunde cererii cicli\u0219tilor pentru sisteme \u0219i recipiente de ap\u0103. \u00cen prezent, este lider \u00een produc\u021bia de sisteme de b\u0103utur\u0103, hidratante, flacoane, sticle pentru pescuit, v\u00e2n\u0103toare, sport \u0219i condi\u021bii extreme. Produce rezervoare pentru o varietate de aplica\u021bii, de la recipiente ultrau\u0219oare pentru nutri\u021bie sportiv\u0103 la sisteme de b\u0103utur\u0103 tactice pentru armat\u0103. Furnizeaz\u0103 hidratan\u021bi pentru rucsaci \u0219i gen\u021bi de sport ale m\u0103rcilor de renume mondial Salomon, Osprey, Dakine. A creat rezervorul moale pentru filtrul elve\u021bian Katadyn BeFree, care v\u0103 permite s\u0103 be\u021bi \u00een siguran\u021b\u0103 ap\u0103 din lacuri \u0219i r\u00e2uri. Produsele proprii HydraPak, inclusiv canistrele Seeker, sunt, de asemenea, compatibile cu cartu\u0219ul de la acest filtru.<\/p>\n<p>Toate vasele de g\u0103tit HydraPak sunt fabricate din materiale rezistente, rezistente \u0219i sigure pentru s\u0103n\u0103tate. Rezervoarele moi sunt fabricate din poliuretan termoplastic cu tehnologie brevetat\u0103 de sudare a cus\u0103turilor prin radiofrecven\u021b\u0103. HydraPak se bazeaz\u0103 pe ideea de design axat pe performan\u021b\u0103 &#8212; crearea de produse care s\u0103 \u00eembun\u0103t\u0103\u021beasc\u0103 performan\u021ba sportiv\u0103 \u0219i care s\u0103 nu v\u0103 dezam\u0103geasc\u0103 \u00een cele mai solicitante condi\u021bii.<\/p>\n<p><\/p>","protected":false},"excerpt":{"rendered":"","protected":false},"featured_media":80957,"comment_status":"open","ping_status":"closed","template":"","meta":{"_acf_changed":false,"inline_featured_image":false},"product_brand":[1479],"product_cat":[885],"product_tag":[],"class_list":{"0":"post-80821","1":"product","2":"type-product","3":"status-publish","4":"has-post-thumbnail","6":"product_brand-hydrapak","7":"product_cat-bottle","9":"first","10":"outofstock","11":"shipping-taxable","12":"product-type-simple"},"acf":[],"yoast_head":"<!-- This site is optimized with the Yoast SEO plugin v27.4 - https:\/\/yoast.com\/product\/yoast-seo-wordpress\/ -->\n<title>\u0415\u043c\u043a\u043e\u0441\u0442\u044c \u0434\u043b\u044f \u0432\u043e\u0434\u044b HydraPak Flux 750 ml - \u041c\u0430\u0433\u0430\u0437\u0438\u043d Xstyle<\/title>\n<meta name=\"description\" content=\"\u0415\u043c\u043a\u043e\u0441\u0442\u044c \u0434\u043b\u044f \u0432\u043e\u0434\u044b HydraPak Flux 750 \u043c\u043b: \u043b\u0435\u0433\u043a\u0430\u044f, \u043a\u043e\u043c\u043f\u0430\u043a\u0442\u043d\u0430\u044f, \u0441 \u0444\u0443\u043d\u043a\u0446\u0438\u0435\u0439 Twist to Drink. \u0418\u0437\u0433\u043e\u0442\u043e\u0432\u043b\u0435\u043d\u0430 \u0438\u0437 \u0431\u0435\u0437\u043e\u043f\u0430\u0441\u043d\u044b\u0445 \u043c\u0430\u0442\u0435\u0440\u0438\u0430\u043b\u043e\u0432, \u0438\u0434\u0435\u0430\u043b\u044c\u043d\u0430 \u0434\u043b\u044f \u043f\u043e\u0445\u043e\u0434\u043e\u0432!\" \/>\n<meta name=\"robots\" content=\"index, follow, max-snippet:-1, max-image-preview:large, max-video-preview:-1\" \/>\n<link rel=\"canonical\" href=\"https:\/\/xstyle.md\/ro\/produs\/emkost-dlya-vody-hydrapak-flux-750-ml\/\" \/>\n<meta property=\"og:locale\" content=\"ro_RO\" \/>\n<meta property=\"og:type\" content=\"article\" \/>\n<meta property=\"og:title\" content=\"\u0415\u043c\u043a\u043e\u0441\u0442\u044c \u0434\u043b\u044f \u0432\u043e\u0434\u044b HydraPak Flux 750 ml - \u041c\u0430\u0433\u0430\u0437\u0438\u043d Xstyle\" \/>\n<meta property=\"og:description\" content=\"\u0415\u043c\u043a\u043e\u0441\u0442\u044c \u0434\u043b\u044f \u0432\u043e\u0434\u044b HydraPak Flux 750 \u043c\u043b: \u043b\u0435\u0433\u043a\u0430\u044f, \u043a\u043e\u043c\u043f\u0430\u043a\u0442\u043d\u0430\u044f, \u0441 \u0444\u0443\u043d\u043a\u0446\u0438\u0435\u0439 Twist to Drink. \u0418\u0437\u0433\u043e\u0442\u043e\u0432\u043b\u0435\u043d\u0430 \u0438\u0437 \u0431\u0435\u0437\u043e\u043f\u0430\u0441\u043d\u044b\u0445 \u043c\u0430\u0442\u0435\u0440\u0438\u0430\u043b\u043e\u0432, \u0438\u0434\u0435\u0430\u043b\u044c\u043d\u0430 \u0434\u043b\u044f \u043f\u043e\u0445\u043e\u0434\u043e\u0432!\" \/>\n<meta property=\"og:url\" content=\"https:\/\/xstyle.md\/ro\/produs\/emkost-dlya-vody-hydrapak-flux-750-ml\/\" \/>\n<meta property=\"og:site_name\" content=\"\u041c\u0430\u0433\u0430\u0437\u0438\u043d Xstyle\" \/>\n<meta property=\"article:publisher\" content=\"https:\/\/www.facebook.com\/xstylemd\" \/>\n<meta property=\"article:modified_time\" content=\"2026-04-07T12:27:12+00:00\" \/>\n<meta property=\"og:image\" content=\"https:\/\/xstyle.md\/wp-content\/uploads\/2024\/03\/hydrapak-flux-750-ml-tahoe-blue.jpg\" \/>\n\t<meta property=\"og:image:width\" content=\"786\" \/>\n\t<meta property=\"og:image:height\" content=\"766\" \/>\n\t<meta property=\"og:image:type\" content=\"image\/jpeg\" \/>\n<meta name=\"twitter:card\" content=\"summary_large_image\" \/>\n<meta name=\"twitter:label1\" content=\"Pre\u021b\" \/>\n\t<meta name=\"twitter:data1\" content=\"520&nbsp;MDL\" \/>\n\t<meta name=\"twitter:label2\" content=\"Disponibilitate\" \/>\n\t<meta name=\"twitter:data2\" content=\"Stoc epuizat\" \/>\n<script type=\"application\/ld+json\" class=\"yoast-schema-graph\">{\"@context\":\"https:\\\/\\\/schema.org\",\"@graph\":[{\"@type\":\"WebPage\",\"@id\":\"https:\\\/\\\/xstyle.md\\\/product\\\/emkost-dlya-vody-hydrapak-flux-750-ml\\\/\",\"url\":\"https:\\\/\\\/xstyle.md\\\/product\\\/emkost-dlya-vody-hydrapak-flux-750-ml\\\/\",\"name\":\"\u0415\u043c\u043a\u043e\u0441\u0442\u044c \u0434\u043b\u044f \u0432\u043e\u0434\u044b HydraPak Flux 750 ml - \u041c\u0430\u0433\u0430\u0437\u0438\u043d Xstyle\",\"isPartOf\":{\"@id\":\"https:\\\/\\\/xstyle.md\\\/#website\"},\"primaryImageOfPage\":{\"@id\":\"https:\\\/\\\/xstyle.md\\\/product\\\/emkost-dlya-vody-hydrapak-flux-750-ml\\\/#primaryimage\"},\"image\":{\"@id\":\"https:\\\/\\\/xstyle.md\\\/product\\\/emkost-dlya-vody-hydrapak-flux-750-ml\\\/#primaryimage\"},\"thumbnailUrl\":\"https:\\\/\\\/xstyle.md\\\/wp-content\\\/uploads\\\/2024\\\/03\\\/hydrapak-flux-750-ml-tahoe-blue.jpg\",\"datePublished\":\"2024-03-20T15:09:33+00:00\",\"dateModified\":\"2026-04-07T12:27:12+00:00\",\"description\":\"\u0415\u043c\u043a\u043e\u0441\u0442\u044c \u0434\u043b\u044f \u0432\u043e\u0434\u044b HydraPak Flux 750 \u043c\u043b: \u043b\u0435\u0433\u043a\u0430\u044f, \u043a\u043e\u043c\u043f\u0430\u043a\u0442\u043d\u0430\u044f, \u0441 \u0444\u0443\u043d\u043a\u0446\u0438\u0435\u0439 Twist to Drink. \u0418\u0437\u0433\u043e\u0442\u043e\u0432\u043b\u0435\u043d\u0430 \u0438\u0437 \u0431\u0435\u0437\u043e\u043f\u0430\u0441\u043d\u044b\u0445 \u043c\u0430\u0442\u0435\u0440\u0438\u0430\u043b\u043e\u0432, \u0438\u0434\u0435\u0430\u043b\u044c\u043d\u0430 \u0434\u043b\u044f \u043f\u043e\u0445\u043e\u0434\u043e\u0432!\",\"breadcrumb\":{\"@id\":\"https:\\\/\\\/xstyle.md\\\/product\\\/emkost-dlya-vody-hydrapak-flux-750-ml\\\/#breadcrumb\"},\"inLanguage\":\"ro-RO\",\"potentialAction\":[{\"@type\":\"ReadAction\",\"target\":[\"https:\\\/\\\/xstyle.md\\\/product\\\/emkost-dlya-vody-hydrapak-flux-750-ml\\\/\"]}]},{\"@type\":\"ImageObject\",\"inLanguage\":\"ro-RO\",\"@id\":\"https:\\\/\\\/xstyle.md\\\/product\\\/emkost-dlya-vody-hydrapak-flux-750-ml\\\/#primaryimage\",\"url\":\"https:\\\/\\\/xstyle.md\\\/wp-content\\\/uploads\\\/2024\\\/03\\\/hydrapak-flux-750-ml-tahoe-blue.jpg\",\"contentUrl\":\"https:\\\/\\\/xstyle.md\\\/wp-content\\\/uploads\\\/2024\\\/03\\\/hydrapak-flux-750-ml-tahoe-blue.jpg\",\"width\":786,\"height\":766,\"caption\":\"\u0422\u043e\u0432\u0430\u0440 \u0434\u043b\u044f \u0430\u043a\u0442\u0438\u0432\u043d\u043e\u0433\u043e \u043e\u0442\u0434\u044b\u0445\u0430: \u0435\u043c\u043a\u043e\u0441\u0442\u044c \u0434\u043b\u044f \u0432\u043e\u0434\u044b HydraPak Flux 750 \u043c\u043b \u0434\u043b\u044f \u0442\u0443\u0440\u0438\u0437\u043c\u0430, \u0430\u043b\u044c\u043f\u0438\u043d\u0438\u0437\u043c\u0430, \u0442\u0440\u0435\u043a\u0438\u043d\u0433\u0430, \u043f\u0443\u0442\u0435\u0448\u0435\u0441\u0442\u0432\u0438\u0439, \u0441\u043f\u043e\u0440\u0442\u0438\u0432\u043d\u043e\u0439 \u043e\u0434\u0435\u0436\u0434\u044b \u0438 \u043e\u0431\u0443\u0432\u0438 \u0434\u043b\u044f \u043b\u044e\u0431\u0438\u0442\u0435\u043b\u0435\u0439 \u0430\u043a\u0442\u0438\u0432\u043d\u043e\u0433\u043e \u043e\u0431\u0440\u0430\u0437\u0430 \u0436\u0438\u0437\u043d\u0438\"},{\"@type\":\"BreadcrumbList\",\"@id\":\"https:\\\/\\\/xstyle.md\\\/product\\\/emkost-dlya-vody-hydrapak-flux-750-ml\\\/#breadcrumb\",\"itemListElement\":[{\"@type\":\"ListItem\",\"position\":1,\"name\":\"\u0413\u043b\u0430\u0432\u043d\u0430\u044f \u0441\u0442\u0440\u0430\u043d\u0438\u0446\u0430\",\"item\":\"https:\\\/\\\/xstyle.md\\\/\"},{\"@type\":\"ListItem\",\"position\":2,\"name\":\"\u041c\u0430\u0433\u0430\u0437\u0438\u043d\",\"item\":\"https:\\\/\\\/xstyle.md\\\/shop\\\/\"},{\"@type\":\"ListItem\",\"position\":3,\"name\":\"\u0415\u043c\u043a\u043e\u0441\u0442\u044c \u0434\u043b\u044f \u0432\u043e\u0434\u044b HydraPak Flux 750 ml\"}]},{\"@type\":\"WebSite\",\"@id\":\"https:\\\/\\\/xstyle.md\\\/#website\",\"url\":\"https:\\\/\\\/xstyle.md\\\/\",\"name\":\"\u041c\u0430\u0433\u0430\u0437\u0438\u043d Xstyle\",\"description\":\"C\u043d\u0430\u0440\u044f\u0436\u0435\u043d\u0438\u0435 \u0434\u043b\u044f \u0442\u0443\u0440\u0438\u0437\u043c\u0430 \u0438 \u044d\u043a\u0441\u0442\u0440\u0435\u043c\u0430\u043b\u044c\u043d\u044b\u0445 \u0432\u0438\u0434\u043e\u0432 \u0441\u043f\u043e\u0440\u0442\u0430 \u0432 \u041c\u043e\u043b\u0434\u043e\u0432\u0435.. \u0426\u0435\u043d\u044b, \u0444\u043e\u0442\u043e, \u0445\u0430\u0440\u0430\u043a\u0442\u0435\u0440\u0438\u0441\u0442\u0438\u043a\u0438 \u0432 \u041c\u043e\u043b\u0434\u043e\u0432\u0435.\",\"publisher\":{\"@id\":\"https:\\\/\\\/xstyle.md\\\/#organization\"},\"alternateName\":\"X-Style\",\"potentialAction\":[{\"@type\":\"SearchAction\",\"target\":{\"@type\":\"EntryPoint\",\"urlTemplate\":\"https:\\\/\\\/xstyle.md\\\/?s={search_term_string}\"},\"query-input\":{\"@type\":\"PropertyValueSpecification\",\"valueRequired\":true,\"valueName\":\"search_term_string\"}}],\"inLanguage\":\"ro-RO\"},{\"@type\":\"Organization\",\"@id\":\"https:\\\/\\\/xstyle.md\\\/#organization\",\"name\":\"\u041c\u0430\u0433\u0430\u0437\u0438\u043d Xstyle\",\"alternateName\":\"x-style\",\"url\":\"https:\\\/\\\/xstyle.md\\\/\",\"logo\":{\"@type\":\"ImageObject\",\"inLanguage\":\"ro-RO\",\"@id\":\"https:\\\/\\\/xstyle.md\\\/#\\\/schema\\\/logo\\\/image\\\/\",\"url\":\"https:\\\/\\\/xstyle.md\\\/wp-content\\\/uploads\\\/2020\\\/06\\\/logoicon.svg\",\"contentUrl\":\"https:\\\/\\\/xstyle.md\\\/wp-content\\\/uploads\\\/2020\\\/06\\\/logoicon.svg\",\"caption\":\"\u041c\u0430\u0433\u0430\u0437\u0438\u043d Xstyle\"},\"image\":{\"@id\":\"https:\\\/\\\/xstyle.md\\\/#\\\/schema\\\/logo\\\/image\\\/\"},\"sameAs\":[\"https:\\\/\\\/www.facebook.com\\\/xstylemd\",\"https:\\\/\\\/www.instagram.com\\\/xstyle_md\\\/\",\"https:\\\/\\\/t.me\\\/xstyle_outdoor\"],\"hasMerchantReturnPolicy\":{\"@type\":\"MerchantReturnPolicy\",\"merchantReturnLink\":\"https:\\\/\\\/xstyle.md\\\/ro\\\/conditions\\\/\"}}]}<\/script>\n<meta property=\"product:price:amount\" content=\"520.00\" \/>\n<meta property=\"product:price:currency\" content=\"MDL\" \/>\n<meta property=\"og:availability\" content=\"out of stock\" \/>\n<meta property=\"product:availability\" content=\"out of stock\" \/>\n<meta property=\"product:retailer_item_id\" content=\"834456003014\" \/>\n<meta property=\"product:condition\" content=\"new\" \/>\n<!-- \/ Yoast SEO plugin. -->","yoast_head_json":{"title":"Rezervor de ap\u0103 HydraPak Flux 750 ml - Magazin Xstyle","description":"Recipient: Recipient water container HydraPak Flux 750 ml: u\u0219oar\u0103, compact\u0103, cu func\u021bia Twist to Drink. Fabricat\u0103 din materiale sigure, ideal\u0103 pentru drume\u021bii!","robots":{"index":"index","follow":"follow","max-snippet":"max-snippet:-1","max-image-preview":"max-image-preview:large","max-video-preview":"max-video-preview:-1"},"canonical":"https:\/\/xstyle.md\/ro\/produs\/emkost-dlya-vody-hydrapak-flux-750-ml\/","og_locale":"ro_RO","og_type":"article","og_title":"\u0415\u043c\u043a\u043e\u0441\u0442\u044c \u0434\u043b\u044f \u0432\u043e\u0434\u044b HydraPak Flux 750 ml - \u041c\u0430\u0433\u0430\u0437\u0438\u043d Xstyle","og_description":"\u0415\u043c\u043a\u043e\u0441\u0442\u044c \u0434\u043b\u044f \u0432\u043e\u0434\u044b HydraPak Flux 750 \u043c\u043b: \u043b\u0435\u0433\u043a\u0430\u044f, \u043a\u043e\u043c\u043f\u0430\u043a\u0442\u043d\u0430\u044f, \u0441 \u0444\u0443\u043d\u043a\u0446\u0438\u0435\u0439 Twist to Drink. \u0418\u0437\u0433\u043e\u0442\u043e\u0432\u043b\u0435\u043d\u0430 \u0438\u0437 \u0431\u0435\u0437\u043e\u043f\u0430\u0441\u043d\u044b\u0445 \u043c\u0430\u0442\u0435\u0440\u0438\u0430\u043b\u043e\u0432, \u0438\u0434\u0435\u0430\u043b\u044c\u043d\u0430 \u0434\u043b\u044f \u043f\u043e\u0445\u043e\u0434\u043e\u0432!","og_url":"https:\/\/xstyle.md\/ro\/produs\/emkost-dlya-vody-hydrapak-flux-750-ml\/","og_site_name":"\u041c\u0430\u0433\u0430\u0437\u0438\u043d Xstyle","article_publisher":"https:\/\/www.facebook.com\/xstylemd","article_modified_time":"2026-04-07T12:27:12+00:00","og_image":[{"width":786,"height":766,"url":"https:\/\/xstyle.md\/wp-content\/uploads\/2024\/03\/hydrapak-flux-750-ml-tahoe-blue.jpg","type":"image\/jpeg"}],"twitter_card":"summary_large_image","twitter_misc":{"Pre\u021b":"520&nbsp;MDL","Disponibilitate":"Stoc epuizat"},"schema":{"@context":"https:\/\/schema.org","@graph":[{"@type":"WebPage","@id":"https:\/\/xstyle.md\/product\/emkost-dlya-vody-hydrapak-flux-750-ml\/","url":"https:\/\/xstyle.md\/product\/emkost-dlya-vody-hydrapak-flux-750-ml\/","name":"Rezervor de ap\u0103 HydraPak Flux 750 ml - Magazin Xstyle","isPartOf":{"@id":"https:\/\/xstyle.md\/#website"},"primaryImageOfPage":{"@id":"https:\/\/xstyle.md\/product\/emkost-dlya-vody-hydrapak-flux-750-ml\/#primaryimage"},"image":{"@id":"https:\/\/xstyle.md\/product\/emkost-dlya-vody-hydrapak-flux-750-ml\/#primaryimage"},"thumbnailUrl":"https:\/\/xstyle.md\/wp-content\/uploads\/2024\/03\/hydrapak-flux-750-ml-tahoe-blue.jpg","datePublished":"2024-03-20T15:09:33+00:00","dateModified":"2026-04-07T12:27:12+00:00","description":"Recipient: Recipient water container HydraPak Flux 750 ml: u\u0219oar\u0103, compact\u0103, cu func\u021bia Twist to Drink. Fabricat\u0103 din materiale sigure, ideal\u0103 pentru drume\u021bii!","breadcrumb":{"@id":"https:\/\/xstyle.md\/product\/emkost-dlya-vody-hydrapak-flux-750-ml\/#breadcrumb"},"inLanguage":"ro-RO","potentialAction":[{"@type":"ReadAction","target":["https:\/\/xstyle.md\/product\/emkost-dlya-vody-hydrapak-flux-750-ml\/"]}]},{"@type":"ImageObject","inLanguage":"ro-RO","@id":"https:\/\/xstyle.md\/product\/emkost-dlya-vody-hydrapak-flux-750-ml\/#primaryimage","url":"https:\/\/xstyle.md\/wp-content\/uploads\/2024\/03\/hydrapak-flux-750-ml-tahoe-blue.jpg","contentUrl":"https:\/\/xstyle.md\/wp-content\/uploads\/2024\/03\/hydrapak-flux-750-ml-tahoe-blue.jpg","width":786,"height":766,"caption":"\u0422\u043e\u0432\u0430\u0440 \u0434\u043b\u044f \u0430\u043a\u0442\u0438\u0432\u043d\u043e\u0433\u043e \u043e\u0442\u0434\u044b\u0445\u0430: \u0435\u043c\u043a\u043e\u0441\u0442\u044c \u0434\u043b\u044f \u0432\u043e\u0434\u044b HydraPak Flux 750 \u043c\u043b \u0434\u043b\u044f \u0442\u0443\u0440\u0438\u0437\u043c\u0430, \u0430\u043b\u044c\u043f\u0438\u043d\u0438\u0437\u043c\u0430, \u0442\u0440\u0435\u043a\u0438\u043d\u0433\u0430, \u043f\u0443\u0442\u0435\u0448\u0435\u0441\u0442\u0432\u0438\u0439, \u0441\u043f\u043e\u0440\u0442\u0438\u0432\u043d\u043e\u0439 \u043e\u0434\u0435\u0436\u0434\u044b \u0438 \u043e\u0431\u0443\u0432\u0438 \u0434\u043b\u044f \u043b\u044e\u0431\u0438\u0442\u0435\u043b\u0435\u0439 \u0430\u043a\u0442\u0438\u0432\u043d\u043e\u0433\u043e \u043e\u0431\u0440\u0430\u0437\u0430 \u0436\u0438\u0437\u043d\u0438"},{"@type":"BreadcrumbList","@id":"https:\/\/xstyle.md\/product\/emkost-dlya-vody-hydrapak-flux-750-ml\/#breadcrumb","itemListElement":[{"@type":"ListItem","position":1,"name":"\u0413\u043b\u0430\u0432\u043d\u0430\u044f \u0441\u0442\u0440\u0430\u043d\u0438\u0446\u0430","item":"https:\/\/xstyle.md\/"},{"@type":"ListItem","position":2,"name":"\u041c\u0430\u0433\u0430\u0437\u0438\u043d","item":"https:\/\/xstyle.md\/shop\/"},{"@type":"ListItem","position":3,"name":"\u0415\u043c\u043a\u043e\u0441\u0442\u044c \u0434\u043b\u044f \u0432\u043e\u0434\u044b HydraPak Flux 750 ml"}]},{"@type":"WebSite","@id":"https:\/\/xstyle.md\/#website","url":"https:\/\/xstyle.md\/","name":"Magazinul X-Style","description":"Echipamente pentru turism \u0219i sporturi extreme \u00een Moldova. Pre\u021buri, fotografii, caracteristici \u00een Moldova.","publisher":{"@id":"https:\/\/xstyle.md\/#organization"},"alternateName":"X-Style","potentialAction":[{"@type":"SearchAction","target":{"@type":"EntryPoint","urlTemplate":"https:\/\/xstyle.md\/?s={search_term_string}"},"query-input":{"@type":"PropertyValueSpecification","valueRequired":true,"valueName":"search_term_string"}}],"inLanguage":"ro-RO"},{"@type":"Organization","@id":"https:\/\/xstyle.md\/#organization","name":"Magazinul X-Style","alternateName":"x-style","url":"https:\/\/xstyle.md\/","logo":{"@type":"ImageObject","inLanguage":"ro-RO","@id":"https:\/\/xstyle.md\/#\/schema\/logo\/image\/","url":"https:\/\/xstyle.md\/wp-content\/uploads\/2020\/06\/logoicon.svg","contentUrl":"https:\/\/xstyle.md\/wp-content\/uploads\/2020\/06\/logoicon.svg","caption":"\u041c\u0430\u0433\u0430\u0437\u0438\u043d Xstyle"},"image":{"@id":"https:\/\/xstyle.md\/#\/schema\/logo\/image\/"},"sameAs":["https:\/\/www.facebook.com\/xstylemd","https:\/\/www.instagram.com\/xstyle_md\/","https:\/\/t.me\/xstyle_outdoor"],"hasMerchantReturnPolicy":{"@type":"MerchantReturnPolicy","merchantReturnLink":"https:\/\/xstyle.md\/ro\/conditions\/"}}]},"product_price_amount":"520.00","product_price_currency":"MDL","og_availability":"out of stock","product_availability":"out of stock","product_retailer_item_id":"834456003014","product_condition":"new"},"post_mailing_queue_ids":[],"_links":{"self":[{"href":"https:\/\/xstyle.md\/ro\/wp-json\/wp\/v2\/product\/80821","targetHints":{"allow":["GET"]}}],"collection":[{"href":"https:\/\/xstyle.md\/ro\/wp-json\/wp\/v2\/product"}],"about":[{"href":"https:\/\/xstyle.md\/ro\/wp-json\/wp\/v2\/types\/product"}],"replies":[{"embeddable":true,"href":"https:\/\/xstyle.md\/ro\/wp-json\/wp\/v2\/comments?post=80821"}],"wp:featuredmedia":[{"embeddable":true,"href":"https:\/\/xstyle.md\/ro\/wp-json\/wp\/v2\/media\/80957"}],"wp:attachment":[{"href":"https:\/\/xstyle.md\/ro\/wp-json\/wp\/v2\/media?parent=80821"}],"wp:term":[{"taxonomy":"product_brand","embeddable":true,"href":"https:\/\/xstyle.md\/ro\/wp-json\/wp\/v2\/product_brand?post=80821"},{"taxonomy":"product_cat","embeddable":true,"href":"https:\/\/xstyle.md\/ro\/wp-json\/wp\/v2\/product_cat?post=80821"},{"taxonomy":"product_tag","embeddable":true,"href":"https:\/\/xstyle.md\/ro\/wp-json\/wp\/v2\/product_tag?post=80821"}],"curies":[{"name":"wp","href":"https:\/\/api.w.org\/{rel}","templated":true}]}}