{"id":80815,"date":"2024-03-20T18:09:15","date_gmt":"2024-03-20T15:09:15","guid":{"rendered":"https:\/\/xstyle.md\/?post_type=product&#038;p=80815"},"modified":"2024-10-21T22:30:10","modified_gmt":"2024-10-21T19:30:10","slug":"magneziya-black-diamond-black-gold-loose-chalk-200g","status":"publish","type":"product","link":"https:\/\/xstyle.md\/ro\/produs\/magneziya-black-diamond-black-gold-loose-chalk-200g\/","title":{"rendered":"Magneziu Black Diamond Black Gold Loose Chalk 200g"},"content":{"rendered":"<\/p>\n<p><strong>Black Diamond Black Gold Loose Chalk 200g<\/strong> &#8212; magnezie avansat\u0103 sub form\u0103 de pudr\u0103. Magnesia con\u021bine 10% pulbere de aur pur, care con\u021bine substan\u021ba Apsalite, care absoarbe transpira\u021bia de dou\u0103 ori mai bine dec\u00e2t alte tipuri de magnezie. Potrivit pentru utilizare \u00een alpinism, escalad\u0103, piloni \u0219i sesiuni de gimnastic\u0103. Magnezia este distribuit\u0103 uniform \u00een toat\u0103 palma, reduc\u00e2nd costurile.<\/p>\n<h3>Particularit\u0103\u021bi<\/h3>\n<ul>\n<li>Magnezie ecologic\u0103, de \u00eenalt\u0103 calitate, pentru alpinism \u0219i sport<\/li>\n<li>Absorb\u021bie excelent\u0103 a umidit\u0103\u021bii \u0219i a transpira\u021biei<\/li>\n<li>Ofer\u0103 o aderen\u021b\u0103 bun\u0103 \u00eentre degete \u0219i st\u00e2nc\u0103<\/li>\n<li>Economic\u0103, suficient\u0103 pentru mai multe utiliz\u0103ri<\/li>\n<\/ul>\n<h3>Caracteristici<\/h3>\n<ul>\n<li>Greutate &#8212; 200 g<\/li>\n<li>Ambalare &#8212; zip-pack<\/li>\n<\/ul>\n<h3>Marca<\/h3>\n<p>Black Diamond este un produc\u0103tor american de echipamente sportive \u0219i turistice de \u00eenalt\u0103 tehnologie, un dezvoltator legendar \u0219i &#171;revolu\u021bionar&#187;, una dintre cele mai faimoase \u0219i reputate m\u0103rci existente ast\u0103zi pe pia\u021ba global\u0103 de activit\u0103\u021bi \u00een aer liber. Produsele companiei sunt reprezentate pe scar\u0103 larg\u0103 \u00een domenii precum alpinismul, alpinismul \u0219i schiatul: &#171;fier&#187; \u0219i carabiniere, echipamente pentru ghea\u021b\u0103, sisteme de siguran\u021b\u0103, c\u0103\u0219ti, rucsacuri, corturi, lanterne, be\u021be telescopice, schiuri, bocanci, \u00eembr\u0103c\u0103minte &#8212; toate acestea, timp de mai multe decenii, au fost produse sub logo-ul Black Diamond, care reprezint\u0103 tehnologia avansat\u0103 \u0219i este o garan\u021bie a celei mai \u00eenalte calit\u0103\u021bi, a fiabilit\u0103\u021bii maxime \u0219i a confortului \u00een utilizare.<\/p>\n<p><\/p>","protected":false},"excerpt":{"rendered":"","protected":false},"featured_media":80898,"comment_status":"open","ping_status":"closed","template":"","meta":{"_acf_changed":false,"inline_featured_image":false},"product_brand":[1306],"product_cat":[296],"product_tag":[],"class_list":{"0":"post-80815","1":"product","2":"type-product","3":"status-publish","4":"has-post-thumbnail","6":"product_brand-black-diamond","7":"product_cat-chalk-and-bags","9":"first","10":"outofstock","11":"shipping-taxable","12":"product-type-simple"},"acf":[],"yoast_head":"<!-- This site is optimized with the Yoast SEO plugin v27.2 - https:\/\/yoast.com\/product\/yoast-seo-wordpress\/ -->\n<title>\u041c\u0430\u0433\u043d\u0435\u0437\u0438\u044f Black Diamond Black Gold Loose Chalk 200g - \u041c\u0430\u0433\u0430\u0437\u0438\u043d Xstyle<\/title>\n<meta name=\"description\" content=\"\u041c\u0430\u0433\u043d\u0435\u0437\u0438\u044f Black Diamond Black Gold 200g \u2013 \u0438\u0434\u0435\u0430\u043b\u044c\u043d\u044b\u0439 \u0432\u044b\u0431\u043e\u0440 \u0434\u043b\u044f \u0430\u043b\u044c\u043f\u0438\u043d\u0438\u0437\u043c\u0430 \u0438 \u0433\u0438\u043c\u043d\u0430\u0441\u0442\u0438\u043a\u0438. \u0421\u043e\u0434\u0435\u0440\u0436\u0438\u0442 10% \u0447\u0438\u0441\u0442\u043e\u0433\u043e \u0437\u043e\u043b\u043e\u0442\u0430 \u0434\u043b\u044f \u043b\u0443\u0447\u0448\u0435\u0433\u043e \u0430\u0431\u0441\u043e\u0440\u0431\u0438\u0440\u043e\u0432\u0430\u043d\u0438\u044f \u043f\u043e\u0442\u0430.\" \/>\n<meta name=\"robots\" content=\"index, follow, max-snippet:-1, max-image-preview:large, max-video-preview:-1\" \/>\n<link rel=\"canonical\" href=\"https:\/\/xstyle.md\/ro\/produs\/magneziya-black-diamond-black-gold-loose-chalk-200g\/\" \/>\n<meta property=\"og:locale\" content=\"ro_RO\" \/>\n<meta property=\"og:type\" content=\"article\" \/>\n<meta property=\"og:title\" content=\"\u041c\u0430\u0433\u043d\u0435\u0437\u0438\u044f Black Diamond Black Gold Loose Chalk 200g - \u041c\u0430\u0433\u0430\u0437\u0438\u043d Xstyle\" \/>\n<meta property=\"og:description\" content=\"\u041c\u0430\u0433\u043d\u0435\u0437\u0438\u044f Black Diamond Black Gold 200g \u2013 \u0438\u0434\u0435\u0430\u043b\u044c\u043d\u044b\u0439 \u0432\u044b\u0431\u043e\u0440 \u0434\u043b\u044f \u0430\u043b\u044c\u043f\u0438\u043d\u0438\u0437\u043c\u0430 \u0438 \u0433\u0438\u043c\u043d\u0430\u0441\u0442\u0438\u043a\u0438. \u0421\u043e\u0434\u0435\u0440\u0436\u0438\u0442 10% \u0447\u0438\u0441\u0442\u043e\u0433\u043e \u0437\u043e\u043b\u043e\u0442\u0430 \u0434\u043b\u044f \u043b\u0443\u0447\u0448\u0435\u0433\u043e \u0430\u0431\u0441\u043e\u0440\u0431\u0438\u0440\u043e\u0432\u0430\u043d\u0438\u044f \u043f\u043e\u0442\u0430.\" \/>\n<meta property=\"og:url\" content=\"https:\/\/xstyle.md\/ro\/produs\/magneziya-black-diamond-black-gold-loose-chalk-200g\/\" \/>\n<meta property=\"og:site_name\" content=\"\u041c\u0430\u0433\u0430\u0437\u0438\u043d Xstyle\" \/>\n<meta property=\"article:publisher\" content=\"https:\/\/www.facebook.com\/xstylemd\" \/>\n<meta property=\"article:modified_time\" content=\"2024-10-21T19:30:10+00:00\" \/>\n<meta property=\"og:image\" content=\"https:\/\/xstyle.md\/wp-content\/uploads\/2024\/03\/black-diamond-black-gold-loose-chalk-200g.jpg\" \/>\n\t<meta property=\"og:image:width\" content=\"800\" \/>\n\t<meta property=\"og:image:height\" content=\"800\" \/>\n\t<meta property=\"og:image:type\" content=\"image\/jpeg\" \/>\n<meta name=\"twitter:card\" content=\"summary_large_image\" \/>\n<meta name=\"twitter:label1\" content=\"Pre\u021b\" \/>\n\t<meta name=\"twitter:data1\" content=\"480&nbsp;MDL\" \/>\n\t<meta name=\"twitter:label2\" content=\"Disponibilitate\" \/>\n\t<meta name=\"twitter:data2\" content=\"Stoc epuizat\" \/>\n<script type=\"application\/ld+json\" class=\"yoast-schema-graph\">{\"@context\":\"https:\/\/schema.org\",\"@graph\":[{\"@type\":\"WebPage\",\"@id\":\"https:\/\/xstyle.md\/product\/magneziya-black-diamond-black-gold-loose-chalk-200g\/\",\"url\":\"https:\/\/xstyle.md\/product\/magneziya-black-diamond-black-gold-loose-chalk-200g\/\",\"name\":\"\u041c\u0430\u0433\u043d\u0435\u0437\u0438\u044f Black Diamond Black Gold Loose Chalk 200g - \u041c\u0430\u0433\u0430\u0437\u0438\u043d Xstyle\",\"isPartOf\":{\"@id\":\"https:\/\/xstyle.md\/#website\"},\"primaryImageOfPage\":{\"@id\":\"https:\/\/xstyle.md\/product\/magneziya-black-diamond-black-gold-loose-chalk-200g\/#primaryimage\"},\"image\":{\"@id\":\"https:\/\/xstyle.md\/product\/magneziya-black-diamond-black-gold-loose-chalk-200g\/#primaryimage\"},\"thumbnailUrl\":\"https:\/\/xstyle.md\/wp-content\/uploads\/2024\/03\/black-diamond-black-gold-loose-chalk-200g.jpg\",\"datePublished\":\"2024-03-20T15:09:15+00:00\",\"dateModified\":\"2024-10-21T19:30:10+00:00\",\"description\":\"\u041c\u0430\u0433\u043d\u0435\u0437\u0438\u044f Black Diamond Black Gold 200g \u2013 \u0438\u0434\u0435\u0430\u043b\u044c\u043d\u044b\u0439 \u0432\u044b\u0431\u043e\u0440 \u0434\u043b\u044f \u0430\u043b\u044c\u043f\u0438\u043d\u0438\u0437\u043c\u0430 \u0438 \u0433\u0438\u043c\u043d\u0430\u0441\u0442\u0438\u043a\u0438. \u0421\u043e\u0434\u0435\u0440\u0436\u0438\u0442 10% \u0447\u0438\u0441\u0442\u043e\u0433\u043e \u0437\u043e\u043b\u043e\u0442\u0430 \u0434\u043b\u044f \u043b\u0443\u0447\u0448\u0435\u0433\u043e \u0430\u0431\u0441\u043e\u0440\u0431\u0438\u0440\u043e\u0432\u0430\u043d\u0438\u044f \u043f\u043e\u0442\u0430.\",\"breadcrumb\":{\"@id\":\"https:\/\/xstyle.md\/product\/magneziya-black-diamond-black-gold-loose-chalk-200g\/#breadcrumb\"},\"inLanguage\":\"ro-RO\",\"potentialAction\":[{\"@type\":\"ReadAction\",\"target\":[\"https:\/\/xstyle.md\/product\/magneziya-black-diamond-black-gold-loose-chalk-200g\/\"]}]},{\"@type\":\"ImageObject\",\"inLanguage\":\"ro-RO\",\"@id\":\"https:\/\/xstyle.md\/product\/magneziya-black-diamond-black-gold-loose-chalk-200g\/#primaryimage\",\"url\":\"https:\/\/xstyle.md\/wp-content\/uploads\/2024\/03\/black-diamond-black-gold-loose-chalk-200g.jpg\",\"contentUrl\":\"https:\/\/xstyle.md\/wp-content\/uploads\/2024\/03\/black-diamond-black-gold-loose-chalk-200g.jpg\",\"width\":800,\"height\":800,\"caption\":\"\u041c\u0430\u0433\u043d\u0435\u0437\u0438\u044f Black Diamond Black Gold Loose Chalk 200\u0433 \u0434\u043b\u044f \u0430\u043a\u0442\u0438\u0432\u043d\u043e\u0433\u043e \u043e\u0442\u0434\u044b\u0445\u0430 \u0438 \u0441\u043a\u0430\u043b\u043e\u043b\u0430\u0437\u0430\u043d\u0438\u044f \u043d\u0430 \u043e\u043d\u043b\u0430\u0439\u043d \u043c\u0430\u0433\u0430\u0437\u0438\u043d\u0435 \u043e\u0434\u0435\u0436\u0434\u044b \u043e\u0431\u0443\u0432\u0438 \u0434\u043b\u044f \u043f\u0443\u0442\u0435\u0448\u0435\u0441\u0442\u0432\u0438\u0439 \u0445\u0430\u0439\u043a\u0438\u043d\u0433\u0430 \u0438 \u0430\u043b\u044c\u043f\u0438\u043d\u0438\u0437\u043c\u0430\"},{\"@type\":\"BreadcrumbList\",\"@id\":\"https:\/\/xstyle.md\/product\/magneziya-black-diamond-black-gold-loose-chalk-200g\/#breadcrumb\",\"itemListElement\":[{\"@type\":\"ListItem\",\"position\":1,\"name\":\"\u0413\u043b\u0430\u0432\u043d\u0430\u044f \u0441\u0442\u0440\u0430\u043d\u0438\u0446\u0430\",\"item\":\"https:\/\/xstyle.md\/\"},{\"@type\":\"ListItem\",\"position\":2,\"name\":\"\u041c\u0430\u0433\u0430\u0437\u0438\u043d\",\"item\":\"https:\/\/xstyle.md\/shop\/\"},{\"@type\":\"ListItem\",\"position\":3,\"name\":\"\u041c\u0430\u0433\u043d\u0435\u0437\u0438\u044f Black Diamond Black Gold Loose Chalk 200g\"}]},{\"@type\":\"WebSite\",\"@id\":\"https:\/\/xstyle.md\/#website\",\"url\":\"https:\/\/xstyle.md\/\",\"name\":\"\u041c\u0430\u0433\u0430\u0437\u0438\u043d Xstyle\",\"description\":\"C\u043d\u0430\u0440\u044f\u0436\u0435\u043d\u0438\u0435 \u0434\u043b\u044f \u0442\u0443\u0440\u0438\u0437\u043c\u0430 \u0438 \u044d\u043a\u0441\u0442\u0440\u0435\u043c\u0430\u043b\u044c\u043d\u044b\u0445 \u0432\u0438\u0434\u043e\u0432 \u0441\u043f\u043e\u0440\u0442\u0430 \u0432 \u041c\u043e\u043b\u0434\u043e\u0432\u0435.. \u0426\u0435\u043d\u044b, \u0444\u043e\u0442\u043e, \u0445\u0430\u0440\u0430\u043a\u0442\u0435\u0440\u0438\u0441\u0442\u0438\u043a\u0438 \u0432 \u041c\u043e\u043b\u0434\u043e\u0432\u0435.\",\"publisher\":{\"@id\":\"https:\/\/xstyle.md\/#organization\"},\"alternateName\":\"X-Style\",\"potentialAction\":[{\"@type\":\"SearchAction\",\"target\":{\"@type\":\"EntryPoint\",\"urlTemplate\":\"https:\/\/xstyle.md\/?s={search_term_string}\"},\"query-input\":{\"@type\":\"PropertyValueSpecification\",\"valueRequired\":true,\"valueName\":\"search_term_string\"}}],\"inLanguage\":\"ro-RO\"},{\"@type\":\"Organization\",\"@id\":\"https:\/\/xstyle.md\/#organization\",\"name\":\"\u041c\u0430\u0433\u0430\u0437\u0438\u043d Xstyle\",\"alternateName\":\"x-style\",\"url\":\"https:\/\/xstyle.md\/\",\"logo\":{\"@type\":\"ImageObject\",\"inLanguage\":\"ro-RO\",\"@id\":\"https:\/\/xstyle.md\/#\/schema\/logo\/image\/\",\"url\":\"https:\/\/xstyle.md\/wp-content\/uploads\/2020\/06\/logoicon.svg\",\"contentUrl\":\"https:\/\/xstyle.md\/wp-content\/uploads\/2020\/06\/logoicon.svg\",\"caption\":\"\u041c\u0430\u0433\u0430\u0437\u0438\u043d Xstyle\"},\"image\":{\"@id\":\"https:\/\/xstyle.md\/#\/schema\/logo\/image\/\"},\"sameAs\":[\"https:\/\/www.facebook.com\/xstylemd\",\"https:\/\/www.instagram.com\/xstyle_md\/\",\"https:\/\/t.me\/xstyle_outdoor\"],\"hasMerchantReturnPolicy\":{\"@type\":\"MerchantReturnPolicy\",\"merchantReturnLink\":\"https:\/\/xstyle.md\/ro\/conditions\/\"}}]}<\/script>\n<meta property=\"product:price:amount\" content=\"480.00\" \/>\n<meta property=\"product:price:currency\" content=\"MDL\" \/>\n<meta property=\"og:availability\" content=\"out of stock\" \/>\n<meta property=\"product:availability\" content=\"out of stock\" \/>\n<meta property=\"product:retailer_item_id\" content=\"793661368403\" \/>\n<meta property=\"product:condition\" content=\"new\" \/>\n<!-- \/ Yoast SEO plugin. -->","yoast_head_json":{"title":"Magneziu Black Diamond Black Gold Loose Chalk 200g - Magazin Xstyle","description":"Magnesia Black Diamond Black Gold 200g \u2013 alegerea ideal\u0103 pentru alpinism \u0219i gimnastic\u0103. Con\u021bine 10% aur pur pentru o mai bun\u0103 absorb\u021bie a transpira\u021biei.","robots":{"index":"index","follow":"follow","max-snippet":"max-snippet:-1","max-image-preview":"max-image-preview:large","max-video-preview":"max-video-preview:-1"},"canonical":"https:\/\/xstyle.md\/ro\/produs\/magneziya-black-diamond-black-gold-loose-chalk-200g\/","og_locale":"ro_RO","og_type":"article","og_title":"\u041c\u0430\u0433\u043d\u0435\u0437\u0438\u044f Black Diamond Black Gold Loose Chalk 200g - \u041c\u0430\u0433\u0430\u0437\u0438\u043d Xstyle","og_description":"\u041c\u0430\u0433\u043d\u0435\u0437\u0438\u044f Black Diamond Black Gold 200g \u2013 \u0438\u0434\u0435\u0430\u043b\u044c\u043d\u044b\u0439 \u0432\u044b\u0431\u043e\u0440 \u0434\u043b\u044f \u0430\u043b\u044c\u043f\u0438\u043d\u0438\u0437\u043c\u0430 \u0438 \u0433\u0438\u043c\u043d\u0430\u0441\u0442\u0438\u043a\u0438. \u0421\u043e\u0434\u0435\u0440\u0436\u0438\u0442 10% \u0447\u0438\u0441\u0442\u043e\u0433\u043e \u0437\u043e\u043b\u043e\u0442\u0430 \u0434\u043b\u044f \u043b\u0443\u0447\u0448\u0435\u0433\u043e \u0430\u0431\u0441\u043e\u0440\u0431\u0438\u0440\u043e\u0432\u0430\u043d\u0438\u044f \u043f\u043e\u0442\u0430.","og_url":"https:\/\/xstyle.md\/ro\/produs\/magneziya-black-diamond-black-gold-loose-chalk-200g\/","og_site_name":"\u041c\u0430\u0433\u0430\u0437\u0438\u043d Xstyle","article_publisher":"https:\/\/www.facebook.com\/xstylemd","article_modified_time":"2024-10-21T19:30:10+00:00","og_image":[{"width":800,"height":800,"url":"https:\/\/xstyle.md\/wp-content\/uploads\/2024\/03\/black-diamond-black-gold-loose-chalk-200g.jpg","type":"image\/jpeg"}],"twitter_card":"summary_large_image","twitter_misc":{"Pre\u021b":"480&nbsp;MDL","Disponibilitate":"Stoc epuizat"},"schema":{"@context":"https:\/\/schema.org","@graph":[{"@type":"WebPage","@id":"https:\/\/xstyle.md\/product\/magneziya-black-diamond-black-gold-loose-chalk-200g\/","url":"https:\/\/xstyle.md\/product\/magneziya-black-diamond-black-gold-loose-chalk-200g\/","name":"Magneziu Black Diamond Black Gold Loose Chalk 200g - Magazin Xstyle","isPartOf":{"@id":"https:\/\/xstyle.md\/#website"},"primaryImageOfPage":{"@id":"https:\/\/xstyle.md\/product\/magneziya-black-diamond-black-gold-loose-chalk-200g\/#primaryimage"},"image":{"@id":"https:\/\/xstyle.md\/product\/magneziya-black-diamond-black-gold-loose-chalk-200g\/#primaryimage"},"thumbnailUrl":"https:\/\/xstyle.md\/wp-content\/uploads\/2024\/03\/black-diamond-black-gold-loose-chalk-200g.jpg","datePublished":"2024-03-20T15:09:15+00:00","dateModified":"2024-10-21T19:30:10+00:00","description":"Magnesia Black Diamond Black Gold 200g \u2013 alegerea ideal\u0103 pentru alpinism \u0219i gimnastic\u0103. Con\u021bine 10% aur pur pentru o mai bun\u0103 absorb\u021bie a transpira\u021biei.","breadcrumb":{"@id":"https:\/\/xstyle.md\/product\/magneziya-black-diamond-black-gold-loose-chalk-200g\/#breadcrumb"},"inLanguage":"ro-RO","potentialAction":[{"@type":"ReadAction","target":["https:\/\/xstyle.md\/product\/magneziya-black-diamond-black-gold-loose-chalk-200g\/"]}]},{"@type":"ImageObject","inLanguage":"ro-RO","@id":"https:\/\/xstyle.md\/product\/magneziya-black-diamond-black-gold-loose-chalk-200g\/#primaryimage","url":"https:\/\/xstyle.md\/wp-content\/uploads\/2024\/03\/black-diamond-black-gold-loose-chalk-200g.jpg","contentUrl":"https:\/\/xstyle.md\/wp-content\/uploads\/2024\/03\/black-diamond-black-gold-loose-chalk-200g.jpg","width":800,"height":800,"caption":"\u041c\u0430\u0433\u043d\u0435\u0437\u0438\u044f Black Diamond Black Gold Loose Chalk 200\u0433 \u0434\u043b\u044f \u0430\u043a\u0442\u0438\u0432\u043d\u043e\u0433\u043e \u043e\u0442\u0434\u044b\u0445\u0430 \u0438 \u0441\u043a\u0430\u043b\u043e\u043b\u0430\u0437\u0430\u043d\u0438\u044f \u043d\u0430 \u043e\u043d\u043b\u0430\u0439\u043d \u043c\u0430\u0433\u0430\u0437\u0438\u043d\u0435 \u043e\u0434\u0435\u0436\u0434\u044b \u043e\u0431\u0443\u0432\u0438 \u0434\u043b\u044f \u043f\u0443\u0442\u0435\u0448\u0435\u0441\u0442\u0432\u0438\u0439 \u0445\u0430\u0439\u043a\u0438\u043d\u0433\u0430 \u0438 \u0430\u043b\u044c\u043f\u0438\u043d\u0438\u0437\u043c\u0430"},{"@type":"BreadcrumbList","@id":"https:\/\/xstyle.md\/product\/magneziya-black-diamond-black-gold-loose-chalk-200g\/#breadcrumb","itemListElement":[{"@type":"ListItem","position":1,"name":"\u0413\u043b\u0430\u0432\u043d\u0430\u044f \u0441\u0442\u0440\u0430\u043d\u0438\u0446\u0430","item":"https:\/\/xstyle.md\/"},{"@type":"ListItem","position":2,"name":"\u041c\u0430\u0433\u0430\u0437\u0438\u043d","item":"https:\/\/xstyle.md\/shop\/"},{"@type":"ListItem","position":3,"name":"\u041c\u0430\u0433\u043d\u0435\u0437\u0438\u044f Black Diamond Black Gold Loose Chalk 200g"}]},{"@type":"WebSite","@id":"https:\/\/xstyle.md\/#website","url":"https:\/\/xstyle.md\/","name":"Magazinul X-Style","description":"Echipamente pentru turism \u0219i sporturi extreme \u00een Moldova. Pre\u021buri, fotografii, caracteristici \u00een Moldova.","publisher":{"@id":"https:\/\/xstyle.md\/#organization"},"alternateName":"X-Style","potentialAction":[{"@type":"SearchAction","target":{"@type":"EntryPoint","urlTemplate":"https:\/\/xstyle.md\/?s={search_term_string}"},"query-input":{"@type":"PropertyValueSpecification","valueRequired":true,"valueName":"search_term_string"}}],"inLanguage":"ro-RO"},{"@type":"Organization","@id":"https:\/\/xstyle.md\/#organization","name":"Magazinul X-Style","alternateName":"x-style","url":"https:\/\/xstyle.md\/","logo":{"@type":"ImageObject","inLanguage":"ro-RO","@id":"https:\/\/xstyle.md\/#\/schema\/logo\/image\/","url":"https:\/\/xstyle.md\/wp-content\/uploads\/2020\/06\/logoicon.svg","contentUrl":"https:\/\/xstyle.md\/wp-content\/uploads\/2020\/06\/logoicon.svg","caption":"\u041c\u0430\u0433\u0430\u0437\u0438\u043d Xstyle"},"image":{"@id":"https:\/\/xstyle.md\/#\/schema\/logo\/image\/"},"sameAs":["https:\/\/www.facebook.com\/xstylemd","https:\/\/www.instagram.com\/xstyle_md\/","https:\/\/t.me\/xstyle_outdoor"],"hasMerchantReturnPolicy":{"@type":"MerchantReturnPolicy","merchantReturnLink":"https:\/\/xstyle.md\/ro\/conditions\/"}}]},"product_price_amount":"480.00","product_price_currency":"MDL","og_availability":"out of stock","product_availability":"out of stock","product_retailer_item_id":"793661368403","product_condition":"new"},"post_mailing_queue_ids":[],"_links":{"self":[{"href":"https:\/\/xstyle.md\/ro\/wp-json\/wp\/v2\/product\/80815","targetHints":{"allow":["GET"]}}],"collection":[{"href":"https:\/\/xstyle.md\/ro\/wp-json\/wp\/v2\/product"}],"about":[{"href":"https:\/\/xstyle.md\/ro\/wp-json\/wp\/v2\/types\/product"}],"replies":[{"embeddable":true,"href":"https:\/\/xstyle.md\/ro\/wp-json\/wp\/v2\/comments?post=80815"}],"wp:featuredmedia":[{"embeddable":true,"href":"https:\/\/xstyle.md\/ro\/wp-json\/wp\/v2\/media\/80898"}],"wp:attachment":[{"href":"https:\/\/xstyle.md\/ro\/wp-json\/wp\/v2\/media?parent=80815"}],"wp:term":[{"taxonomy":"product_brand","embeddable":true,"href":"https:\/\/xstyle.md\/ro\/wp-json\/wp\/v2\/product_brand?post=80815"},{"taxonomy":"product_cat","embeddable":true,"href":"https:\/\/xstyle.md\/ro\/wp-json\/wp\/v2\/product_cat?post=80815"},{"taxonomy":"product_tag","embeddable":true,"href":"https:\/\/xstyle.md\/ro\/wp-json\/wp\/v2\/product_tag?post=80815"}],"curies":[{"name":"wp","href":"https:\/\/api.w.org\/{rel}","templated":true}]}}