{"id":8053,"date":"2020-07-16T23:20:07","date_gmt":"2020-07-16T20:20:07","guid":{"rendered":"https:\/\/xstyle.md\/product\/ochki-dlja-plavanija-agualung-seal-kid"},"modified":"2026-03-14T21:48:03","modified_gmt":"2026-03-14T18:48:03","slug":"ochki-dlja-plavanija-agualung-seal-kid","status":"publish","type":"product","link":"https:\/\/xstyle.md\/ro\/produs\/ochki-dlja-plavanija-agualung-seal-kid\/","title":{"rendered":"Ochelari de \u00eenot Aqua Sphere Seal Kid"},"content":{"rendered":"<\/p>\n<p><strong>Aqua Sphere Seal Kid<\/strong> &#8212; ochelarii de \u00eenot ofer\u0103 o protec\u021bie excelent\u0103 a ochilor \u00eempotriva apei \u0219i sunt concepu\u021bi special pentru copiii cu v\u00e2rsta de 3 ani \u0219i mai mult. De asemenea, sunt potrivite pentru acei adul\u021bi care au nevoie de ochelari de dimensiuni mici. Lentilele curbate anatomic sunt realizate din materialul exclusiv din policarbonat Plexisol \u0219i ofer\u0103 o viziune c\u00e2t mai larg\u0103 de 180\u00b0, precum \u0219i protec\u021bie 100% UVA \u0219i UVB. Un strat special de acoperire a lentilelor previne zg\u00e2rieturile la exterior \u0219i aburirea lentilelor la interior.<\/p>\n<p>O ram\u0103 elastic\u0103, o potrivire confortabil\u0103 \u0219i moale pe fa\u021b\u0103 \u0219i curele u\u0219or de reglat, care pot fi manevrate de orice copil, au f\u0103cut din ochelarii Seal Kid cel mai confortabil \u0219i sigur model pentru copii de pe pia\u021ba echipamentelor pentru sporturi nautice.<\/p>\n<p>Ochelarii sunt confec\u021biona\u021bi din material moale hipoalergenic Softeril \u0219i nu \u00ee\u0219i pierd elasticitatea \u0219i forma nici dup\u0103 mul\u021bi ani.<\/p>\n<h3>Particularit\u0103\u021bi<\/h3>\n<ul>\n<li>Acoperirea special\u0103 protejeaz\u0103 \u00eempotriva zg\u00e2rieturilor<\/li>\n<li>100% protec\u021bie UVA \u0219i UVB<\/li>\n<li>Sistem de catarame u\u0219or de reglat<\/li>\n<li>Vizibilitate de 180 de grade<\/li>\n<li>Disponibil cu lentile transparente \u0219i albastre.<\/li>\n<\/ul>\n<h3>Caracteristici<\/h3>\n<ul>\n<li>Material &#8212; Plexisol\u00ae, silicon<\/li>\n<li>Destina\u021bie &#8212; antrenament \/ \u00eenot \/ piscin\u0103<\/li>\n<li>Model &#8212; pentru copii.<\/li>\n<\/ul>\n<h3>Marca<\/h3>\n<p>AquaLung este un brand legendar \u00een lumea scufund\u0103rilor, av\u00e2nd ca fondatori pe Jacques-Yves Cousteau \u0219i Emile Gagnan. De mai bine de 80 de ani de existen\u021b\u0103, compania a devenit cel mai mare produc\u0103tor de echipamente de scufund\u0103ri, cu cea mai larg\u0103 gam\u0103 de modele din industrie. Varietatea de produse moderne ale companiei v\u0103 permite s\u0103 g\u0103si\u021bi ceea ce ave\u021bi nevoie at\u00e2t pentru \u00eencep\u0103torii amatori, c\u00e2t \u0219i pentru profesioni\u0219ti. Gama larg\u0103 include: m\u0103\u0219ti, aripioare, tuburi de snorkeling, costume de neopren umede \u0219i uscate, regulatoare \u0219i caracati\u021be, diverse dispozitive de \u00eenalt\u0103 tehnologie, \u00eembr\u0103c\u0103minte \u0219i \u00eenc\u0103l\u021b\u0103minte, gen\u021bi \u0219i multe alte accesorii. Datorit\u0103 unei re\u021bele puternice de distribu\u021bie, produsele AquaLung pot fi achizi\u021bionate \u00een peste 90 de \u021b\u0103ri de pe toate continentele.<\/p>\n<p><\/p>","protected":false},"excerpt":{"rendered":"<p>Ochelari de \u00eenot Aqua Sphere Seal Kid<\/p>","protected":false},"featured_media":41475,"comment_status":"open","ping_status":"closed","template":"","meta":{"_acf_changed":false,"inline_featured_image":false},"product_brand":[1284],"product_cat":[191],"product_tag":[],"class_list":{"0":"post-8053","1":"product","2":"type-product","3":"status-publish","4":"has-post-thumbnail","6":"product_brand-aqualung","7":"product_cat-glasses","9":"first","10":"outofstock","11":"shipping-taxable","12":"product-type-simple"},"acf":[],"yoast_head":"<!-- This site is optimized with the Yoast SEO plugin v27.4 - https:\/\/yoast.com\/product\/yoast-seo-wordpress\/ -->\n<title>\u041e\u0447\u043a\u0438 \u0434\u043b\u044f \u043f\u043b\u0430\u0432\u0430\u043d\u0438\u044f Aqua Sphere Seal Kid - \u041c\u0430\u0433\u0430\u0437\u0438\u043d Xstyle<\/title>\n<meta name=\"description\" content=\"\u041e\u0447\u043a\u0438 \u0434\u043b\u044f \u043f\u043b\u0430\u0432\u0430\u043d\u0438\u044f Aqua Sphere Seal Kid \u043e\u0431\u0435\u0441\u043f\u0435\u0447\u0438\u0432\u0430\u044e\u0442 \u043e\u0442\u043b\u0438\u0447\u043d\u0443\u044e \u0437\u0430\u0449\u0438\u0442\u0443 \u0433\u043b\u0430\u0437 \u0434\u043b\u044f \u0434\u0435\u0442\u0435\u0439 \u043e\u0442 3 \u043b\u0435\u0442 \u0438 \u0432\u0437\u0440\u043e\u0441\u043b\u044b\u0445 \u0441 \u043c\u0430\u043b\u0435\u043d\u044c\u043a\u0438\u043c \u0440\u0430\u0437\u043c\u0435\u0440\u043e\u043c. \u0423\u0434\u043e\u0431\u0441\u0442\u0432\u043e \u0438 \u0441\u0442\u0438\u043b\u044c!\" \/>\n<meta name=\"robots\" content=\"index, follow, max-snippet:-1, max-image-preview:large, max-video-preview:-1\" \/>\n<link rel=\"canonical\" href=\"https:\/\/xstyle.md\/ro\/produs\/ochki-dlja-plavanija-agualung-seal-kid\/\" \/>\n<meta property=\"og:locale\" content=\"ro_RO\" \/>\n<meta property=\"og:type\" content=\"article\" \/>\n<meta property=\"og:title\" content=\"\u041e\u0447\u043a\u0438 \u0434\u043b\u044f \u043f\u043b\u0430\u0432\u0430\u043d\u0438\u044f Aqua Sphere Seal Kid - \u041c\u0430\u0433\u0430\u0437\u0438\u043d Xstyle\" \/>\n<meta property=\"og:description\" content=\"\u041e\u0447\u043a\u0438 \u0434\u043b\u044f \u043f\u043b\u0430\u0432\u0430\u043d\u0438\u044f Aqua Sphere Seal Kid \u043e\u0431\u0435\u0441\u043f\u0435\u0447\u0438\u0432\u0430\u044e\u0442 \u043e\u0442\u043b\u0438\u0447\u043d\u0443\u044e \u0437\u0430\u0449\u0438\u0442\u0443 \u0433\u043b\u0430\u0437 \u0434\u043b\u044f \u0434\u0435\u0442\u0435\u0439 \u043e\u0442 3 \u043b\u0435\u0442 \u0438 \u0432\u0437\u0440\u043e\u0441\u043b\u044b\u0445 \u0441 \u043c\u0430\u043b\u0435\u043d\u044c\u043a\u0438\u043c \u0440\u0430\u0437\u043c\u0435\u0440\u043e\u043c. \u0423\u0434\u043e\u0431\u0441\u0442\u0432\u043e \u0438 \u0441\u0442\u0438\u043b\u044c!\" \/>\n<meta property=\"og:url\" content=\"https:\/\/xstyle.md\/ro\/produs\/ochki-dlja-plavanija-agualung-seal-kid\/\" \/>\n<meta property=\"og:site_name\" content=\"\u041c\u0430\u0433\u0430\u0437\u0438\u043d Xstyle\" \/>\n<meta property=\"article:publisher\" content=\"https:\/\/www.facebook.com\/xstylemd\" \/>\n<meta property=\"article:modified_time\" content=\"2026-03-14T18:48:03+00:00\" \/>\n<meta property=\"og:image\" content=\"https:\/\/xstyle.md\/wp-content\/uploads\/2020\/07\/Aqua-Sphere-Seal-Kid.jpg\" \/>\n\t<meta property=\"og:image:width\" content=\"1500\" \/>\n\t<meta property=\"og:image:height\" content=\"1049\" \/>\n\t<meta property=\"og:image:type\" content=\"image\/jpeg\" \/>\n<meta name=\"twitter:card\" content=\"summary_large_image\" \/>\n<meta name=\"twitter:label1\" content=\"Pre\u021b\" \/>\n\t<meta name=\"twitter:data1\" content=\"490&nbsp;MDL\" \/>\n\t<meta name=\"twitter:label2\" content=\"Disponibilitate\" \/>\n\t<meta name=\"twitter:data2\" content=\"Stoc epuizat\" \/>\n<script type=\"application\/ld+json\" class=\"yoast-schema-graph\">{\"@context\":\"https:\\\/\\\/schema.org\",\"@graph\":[{\"@type\":\"WebPage\",\"@id\":\"https:\\\/\\\/xstyle.md\\\/product\\\/ochki-dlja-plavanija-agualung-seal-kid\\\/\",\"url\":\"https:\\\/\\\/xstyle.md\\\/product\\\/ochki-dlja-plavanija-agualung-seal-kid\\\/\",\"name\":\"\u041e\u0447\u043a\u0438 \u0434\u043b\u044f \u043f\u043b\u0430\u0432\u0430\u043d\u0438\u044f Aqua Sphere Seal Kid - \u041c\u0430\u0433\u0430\u0437\u0438\u043d Xstyle\",\"isPartOf\":{\"@id\":\"https:\\\/\\\/xstyle.md\\\/#website\"},\"primaryImageOfPage\":{\"@id\":\"https:\\\/\\\/xstyle.md\\\/product\\\/ochki-dlja-plavanija-agualung-seal-kid\\\/#primaryimage\"},\"image\":{\"@id\":\"https:\\\/\\\/xstyle.md\\\/product\\\/ochki-dlja-plavanija-agualung-seal-kid\\\/#primaryimage\"},\"thumbnailUrl\":\"https:\\\/\\\/xstyle.md\\\/wp-content\\\/uploads\\\/2020\\\/07\\\/Aqua-Sphere-Seal-Kid.jpg\",\"datePublished\":\"2020-07-16T20:20:07+00:00\",\"dateModified\":\"2026-03-14T18:48:03+00:00\",\"description\":\"\u041e\u0447\u043a\u0438 \u0434\u043b\u044f \u043f\u043b\u0430\u0432\u0430\u043d\u0438\u044f Aqua Sphere Seal Kid \u043e\u0431\u0435\u0441\u043f\u0435\u0447\u0438\u0432\u0430\u044e\u0442 \u043e\u0442\u043b\u0438\u0447\u043d\u0443\u044e \u0437\u0430\u0449\u0438\u0442\u0443 \u0433\u043b\u0430\u0437 \u0434\u043b\u044f \u0434\u0435\u0442\u0435\u0439 \u043e\u0442 3 \u043b\u0435\u0442 \u0438 \u0432\u0437\u0440\u043e\u0441\u043b\u044b\u0445 \u0441 \u043c\u0430\u043b\u0435\u043d\u044c\u043a\u0438\u043c \u0440\u0430\u0437\u043c\u0435\u0440\u043e\u043c. \u0423\u0434\u043e\u0431\u0441\u0442\u0432\u043e \u0438 \u0441\u0442\u0438\u043b\u044c!\",\"breadcrumb\":{\"@id\":\"https:\\\/\\\/xstyle.md\\\/product\\\/ochki-dlja-plavanija-agualung-seal-kid\\\/#breadcrumb\"},\"inLanguage\":\"ro-RO\",\"potentialAction\":[{\"@type\":\"ReadAction\",\"target\":[\"https:\\\/\\\/xstyle.md\\\/product\\\/ochki-dlja-plavanija-agualung-seal-kid\\\/\"]}]},{\"@type\":\"ImageObject\",\"inLanguage\":\"ro-RO\",\"@id\":\"https:\\\/\\\/xstyle.md\\\/product\\\/ochki-dlja-plavanija-agualung-seal-kid\\\/#primaryimage\",\"url\":\"https:\\\/\\\/xstyle.md\\\/wp-content\\\/uploads\\\/2020\\\/07\\\/Aqua-Sphere-Seal-Kid.jpg\",\"contentUrl\":\"https:\\\/\\\/xstyle.md\\\/wp-content\\\/uploads\\\/2020\\\/07\\\/Aqua-Sphere-Seal-Kid.jpg\",\"width\":1500,\"height\":1049,\"caption\":\"\u0414\u0435\u0442\u0441\u043a\u0438\u0435 \u043f\u043b\u0430\u0432\u0430\u0442\u0435\u043b\u044c\u043d\u044b\u0435 \u043e\u0447\u043a\u0438 Aqua Sphere Seal Kid \u0434\u043b\u044f \u0430\u043a\u0442\u0438\u0432\u043d\u043e\u0433\u043e \u043e\u0442\u0434\u044b\u0445\u0430, \u043f\u043e\u0445\u043e\u0434\u043e\u0432 \u0438 \u043f\u0443\u0442\u0435\u0448\u0435\u0441\u0442\u0432\u0438\u0439 \u0432 \u043e\u043d\u043b\u0430\u0439\u043d \u043c\u0430\u0433\u0430\u0437\u0438\u043d\u0435 \u043e\u0434\u0435\u0436\u0434\u044b \u0438 \u0441\u043d\u0430\u0440\u044f\u0436\u0435\u043d\u0438\u044f \u0434\u043b\u044f \u0430\u043a\u0442\u0438\u0432\u043d\u043e\u0439 \u0436\u0438\u0437\u043d\u0438\"},{\"@type\":\"BreadcrumbList\",\"@id\":\"https:\\\/\\\/xstyle.md\\\/product\\\/ochki-dlja-plavanija-agualung-seal-kid\\\/#breadcrumb\",\"itemListElement\":[{\"@type\":\"ListItem\",\"position\":1,\"name\":\"\u0413\u043b\u0430\u0432\u043d\u0430\u044f \u0441\u0442\u0440\u0430\u043d\u0438\u0446\u0430\",\"item\":\"https:\\\/\\\/xstyle.md\\\/\"},{\"@type\":\"ListItem\",\"position\":2,\"name\":\"\u041c\u0430\u0433\u0430\u0437\u0438\u043d\",\"item\":\"https:\\\/\\\/xstyle.md\\\/shop\\\/\"},{\"@type\":\"ListItem\",\"position\":3,\"name\":\"\u041e\u0447\u043a\u0438 \u0434\u043b\u044f \u043f\u043b\u0430\u0432\u0430\u043d\u0438\u044f Aqua Sphere Seal Kid\"}]},{\"@type\":\"WebSite\",\"@id\":\"https:\\\/\\\/xstyle.md\\\/#website\",\"url\":\"https:\\\/\\\/xstyle.md\\\/\",\"name\":\"\u041c\u0430\u0433\u0430\u0437\u0438\u043d Xstyle\",\"description\":\"C\u043d\u0430\u0440\u044f\u0436\u0435\u043d\u0438\u0435 \u0434\u043b\u044f \u0442\u0443\u0440\u0438\u0437\u043c\u0430 \u0438 \u044d\u043a\u0441\u0442\u0440\u0435\u043c\u0430\u043b\u044c\u043d\u044b\u0445 \u0432\u0438\u0434\u043e\u0432 \u0441\u043f\u043e\u0440\u0442\u0430 \u0432 \u041c\u043e\u043b\u0434\u043e\u0432\u0435.. \u0426\u0435\u043d\u044b, \u0444\u043e\u0442\u043e, \u0445\u0430\u0440\u0430\u043a\u0442\u0435\u0440\u0438\u0441\u0442\u0438\u043a\u0438 \u0432 \u041c\u043e\u043b\u0434\u043e\u0432\u0435.\",\"publisher\":{\"@id\":\"https:\\\/\\\/xstyle.md\\\/#organization\"},\"alternateName\":\"X-Style\",\"potentialAction\":[{\"@type\":\"SearchAction\",\"target\":{\"@type\":\"EntryPoint\",\"urlTemplate\":\"https:\\\/\\\/xstyle.md\\\/?s={search_term_string}\"},\"query-input\":{\"@type\":\"PropertyValueSpecification\",\"valueRequired\":true,\"valueName\":\"search_term_string\"}}],\"inLanguage\":\"ro-RO\"},{\"@type\":\"Organization\",\"@id\":\"https:\\\/\\\/xstyle.md\\\/#organization\",\"name\":\"\u041c\u0430\u0433\u0430\u0437\u0438\u043d Xstyle\",\"alternateName\":\"x-style\",\"url\":\"https:\\\/\\\/xstyle.md\\\/\",\"logo\":{\"@type\":\"ImageObject\",\"inLanguage\":\"ro-RO\",\"@id\":\"https:\\\/\\\/xstyle.md\\\/#\\\/schema\\\/logo\\\/image\\\/\",\"url\":\"https:\\\/\\\/xstyle.md\\\/wp-content\\\/uploads\\\/2020\\\/06\\\/logoicon.svg\",\"contentUrl\":\"https:\\\/\\\/xstyle.md\\\/wp-content\\\/uploads\\\/2020\\\/06\\\/logoicon.svg\",\"caption\":\"\u041c\u0430\u0433\u0430\u0437\u0438\u043d Xstyle\"},\"image\":{\"@id\":\"https:\\\/\\\/xstyle.md\\\/#\\\/schema\\\/logo\\\/image\\\/\"},\"sameAs\":[\"https:\\\/\\\/www.facebook.com\\\/xstylemd\",\"https:\\\/\\\/www.instagram.com\\\/xstyle_md\\\/\",\"https:\\\/\\\/t.me\\\/xstyle_outdoor\"],\"hasMerchantReturnPolicy\":{\"@type\":\"MerchantReturnPolicy\",\"merchantReturnLink\":\"https:\\\/\\\/xstyle.md\\\/ro\\\/conditions\\\/\"}}]}<\/script>\n<meta property=\"product:price:amount\" content=\"490.00\" \/>\n<meta property=\"product:price:currency\" content=\"MDL\" \/>\n<meta property=\"og:availability\" content=\"out of stock\" \/>\n<meta property=\"product:availability\" content=\"out of stock\" \/>\n<meta property=\"product:retailer_item_id\" content=\"8032621394802\" \/>\n<meta property=\"product:condition\" content=\"new\" \/>\n<!-- \/ Yoast SEO plugin. -->","yoast_head_json":{"title":"Ochelari pentru \u00eenot Aqua Sphere Seal Kid - Magazin Xstyle","description":"Ochelarii de \u00eenot Aqua Sphere Seal Kid ofer\u0103 o protec\u021bie excelent\u0103 a ochilor pentru copii de 3 ani \u0219i pentru adul\u021bi cu dimensiuni mai mici. Confort \u0219i stil!","robots":{"index":"index","follow":"follow","max-snippet":"max-snippet:-1","max-image-preview":"max-image-preview:large","max-video-preview":"max-video-preview:-1"},"canonical":"https:\/\/xstyle.md\/ro\/produs\/ochki-dlja-plavanija-agualung-seal-kid\/","og_locale":"ro_RO","og_type":"article","og_title":"\u041e\u0447\u043a\u0438 \u0434\u043b\u044f \u043f\u043b\u0430\u0432\u0430\u043d\u0438\u044f Aqua Sphere Seal Kid - \u041c\u0430\u0433\u0430\u0437\u0438\u043d Xstyle","og_description":"\u041e\u0447\u043a\u0438 \u0434\u043b\u044f \u043f\u043b\u0430\u0432\u0430\u043d\u0438\u044f Aqua Sphere Seal Kid \u043e\u0431\u0435\u0441\u043f\u0435\u0447\u0438\u0432\u0430\u044e\u0442 \u043e\u0442\u043b\u0438\u0447\u043d\u0443\u044e \u0437\u0430\u0449\u0438\u0442\u0443 \u0433\u043b\u0430\u0437 \u0434\u043b\u044f \u0434\u0435\u0442\u0435\u0439 \u043e\u0442 3 \u043b\u0435\u0442 \u0438 \u0432\u0437\u0440\u043e\u0441\u043b\u044b\u0445 \u0441 \u043c\u0430\u043b\u0435\u043d\u044c\u043a\u0438\u043c \u0440\u0430\u0437\u043c\u0435\u0440\u043e\u043c. \u0423\u0434\u043e\u0431\u0441\u0442\u0432\u043e \u0438 \u0441\u0442\u0438\u043b\u044c!","og_url":"https:\/\/xstyle.md\/ro\/produs\/ochki-dlja-plavanija-agualung-seal-kid\/","og_site_name":"\u041c\u0430\u0433\u0430\u0437\u0438\u043d Xstyle","article_publisher":"https:\/\/www.facebook.com\/xstylemd","article_modified_time":"2026-03-14T18:48:03+00:00","og_image":[{"width":1500,"height":1049,"url":"https:\/\/xstyle.md\/wp-content\/uploads\/2020\/07\/Aqua-Sphere-Seal-Kid.jpg","type":"image\/jpeg"}],"twitter_card":"summary_large_image","twitter_misc":{"Pre\u021b":"490&nbsp;MDL","Disponibilitate":"Stoc epuizat"},"schema":{"@context":"https:\/\/schema.org","@graph":[{"@type":"WebPage","@id":"https:\/\/xstyle.md\/product\/ochki-dlja-plavanija-agualung-seal-kid\/","url":"https:\/\/xstyle.md\/product\/ochki-dlja-plavanija-agualung-seal-kid\/","name":"Ochelari pentru \u00eenot Aqua Sphere Seal Kid - Magazin Xstyle","isPartOf":{"@id":"https:\/\/xstyle.md\/#website"},"primaryImageOfPage":{"@id":"https:\/\/xstyle.md\/product\/ochki-dlja-plavanija-agualung-seal-kid\/#primaryimage"},"image":{"@id":"https:\/\/xstyle.md\/product\/ochki-dlja-plavanija-agualung-seal-kid\/#primaryimage"},"thumbnailUrl":"https:\/\/xstyle.md\/wp-content\/uploads\/2020\/07\/Aqua-Sphere-Seal-Kid.jpg","datePublished":"2020-07-16T20:20:07+00:00","dateModified":"2026-03-14T18:48:03+00:00","description":"Ochelarii de \u00eenot Aqua Sphere Seal Kid ofer\u0103 o protec\u021bie excelent\u0103 a ochilor pentru copii de 3 ani \u0219i pentru adul\u021bi cu dimensiuni mai mici. Confort \u0219i stil!","breadcrumb":{"@id":"https:\/\/xstyle.md\/product\/ochki-dlja-plavanija-agualung-seal-kid\/#breadcrumb"},"inLanguage":"ro-RO","potentialAction":[{"@type":"ReadAction","target":["https:\/\/xstyle.md\/product\/ochki-dlja-plavanija-agualung-seal-kid\/"]}]},{"@type":"ImageObject","inLanguage":"ro-RO","@id":"https:\/\/xstyle.md\/product\/ochki-dlja-plavanija-agualung-seal-kid\/#primaryimage","url":"https:\/\/xstyle.md\/wp-content\/uploads\/2020\/07\/Aqua-Sphere-Seal-Kid.jpg","contentUrl":"https:\/\/xstyle.md\/wp-content\/uploads\/2020\/07\/Aqua-Sphere-Seal-Kid.jpg","width":1500,"height":1049,"caption":"\u0414\u0435\u0442\u0441\u043a\u0438\u0435 \u043f\u043b\u0430\u0432\u0430\u0442\u0435\u043b\u044c\u043d\u044b\u0435 \u043e\u0447\u043a\u0438 Aqua Sphere Seal Kid \u0434\u043b\u044f \u0430\u043a\u0442\u0438\u0432\u043d\u043e\u0433\u043e \u043e\u0442\u0434\u044b\u0445\u0430, \u043f\u043e\u0445\u043e\u0434\u043e\u0432 \u0438 \u043f\u0443\u0442\u0435\u0448\u0435\u0441\u0442\u0432\u0438\u0439 \u0432 \u043e\u043d\u043b\u0430\u0439\u043d \u043c\u0430\u0433\u0430\u0437\u0438\u043d\u0435 \u043e\u0434\u0435\u0436\u0434\u044b \u0438 \u0441\u043d\u0430\u0440\u044f\u0436\u0435\u043d\u0438\u044f \u0434\u043b\u044f \u0430\u043a\u0442\u0438\u0432\u043d\u043e\u0439 \u0436\u0438\u0437\u043d\u0438"},{"@type":"BreadcrumbList","@id":"https:\/\/xstyle.md\/product\/ochki-dlja-plavanija-agualung-seal-kid\/#breadcrumb","itemListElement":[{"@type":"ListItem","position":1,"name":"\u0413\u043b\u0430\u0432\u043d\u0430\u044f \u0441\u0442\u0440\u0430\u043d\u0438\u0446\u0430","item":"https:\/\/xstyle.md\/"},{"@type":"ListItem","position":2,"name":"\u041c\u0430\u0433\u0430\u0437\u0438\u043d","item":"https:\/\/xstyle.md\/shop\/"},{"@type":"ListItem","position":3,"name":"\u041e\u0447\u043a\u0438 \u0434\u043b\u044f \u043f\u043b\u0430\u0432\u0430\u043d\u0438\u044f Aqua Sphere Seal Kid"}]},{"@type":"WebSite","@id":"https:\/\/xstyle.md\/#website","url":"https:\/\/xstyle.md\/","name":"Magazinul X-Style","description":"Echipamente pentru turism \u0219i sporturi extreme \u00een Moldova. Pre\u021buri, fotografii, caracteristici \u00een Moldova.","publisher":{"@id":"https:\/\/xstyle.md\/#organization"},"alternateName":"X-Style","potentialAction":[{"@type":"SearchAction","target":{"@type":"EntryPoint","urlTemplate":"https:\/\/xstyle.md\/?s={search_term_string}"},"query-input":{"@type":"PropertyValueSpecification","valueRequired":true,"valueName":"search_term_string"}}],"inLanguage":"ro-RO"},{"@type":"Organization","@id":"https:\/\/xstyle.md\/#organization","name":"Magazinul X-Style","alternateName":"x-style","url":"https:\/\/xstyle.md\/","logo":{"@type":"ImageObject","inLanguage":"ro-RO","@id":"https:\/\/xstyle.md\/#\/schema\/logo\/image\/","url":"https:\/\/xstyle.md\/wp-content\/uploads\/2020\/06\/logoicon.svg","contentUrl":"https:\/\/xstyle.md\/wp-content\/uploads\/2020\/06\/logoicon.svg","caption":"\u041c\u0430\u0433\u0430\u0437\u0438\u043d Xstyle"},"image":{"@id":"https:\/\/xstyle.md\/#\/schema\/logo\/image\/"},"sameAs":["https:\/\/www.facebook.com\/xstylemd","https:\/\/www.instagram.com\/xstyle_md\/","https:\/\/t.me\/xstyle_outdoor"],"hasMerchantReturnPolicy":{"@type":"MerchantReturnPolicy","merchantReturnLink":"https:\/\/xstyle.md\/ro\/conditions\/"}}]},"product_price_amount":"490.00","product_price_currency":"MDL","og_availability":"out of stock","product_availability":"out of stock","product_retailer_item_id":"8032621394802","product_condition":"new"},"post_mailing_queue_ids":[],"_links":{"self":[{"href":"https:\/\/xstyle.md\/ro\/wp-json\/wp\/v2\/product\/8053","targetHints":{"allow":["GET"]}}],"collection":[{"href":"https:\/\/xstyle.md\/ro\/wp-json\/wp\/v2\/product"}],"about":[{"href":"https:\/\/xstyle.md\/ro\/wp-json\/wp\/v2\/types\/product"}],"replies":[{"embeddable":true,"href":"https:\/\/xstyle.md\/ro\/wp-json\/wp\/v2\/comments?post=8053"}],"wp:featuredmedia":[{"embeddable":true,"href":"https:\/\/xstyle.md\/ro\/wp-json\/wp\/v2\/media\/41475"}],"wp:attachment":[{"href":"https:\/\/xstyle.md\/ro\/wp-json\/wp\/v2\/media?parent=8053"}],"wp:term":[{"taxonomy":"product_brand","embeddable":true,"href":"https:\/\/xstyle.md\/ro\/wp-json\/wp\/v2\/product_brand?post=8053"},{"taxonomy":"product_cat","embeddable":true,"href":"https:\/\/xstyle.md\/ro\/wp-json\/wp\/v2\/product_cat?post=8053"},{"taxonomy":"product_tag","embeddable":true,"href":"https:\/\/xstyle.md\/ro\/wp-json\/wp\/v2\/product_tag?post=8053"}],"curies":[{"name":"wp","href":"https:\/\/api.w.org\/{rel}","templated":true}]}}