{"id":80194,"date":"2024-02-16T15:28:36","date_gmt":"2024-02-16T12:28:36","guid":{"rendered":"https:\/\/xstyle.md\/?post_type=product&#038;p=80194"},"modified":"2026-01-28T18:48:09","modified_gmt":"2026-01-28T15:48:09","slug":"tapochki-spokey-aqua-speed-florida","status":"publish","type":"product","link":"https:\/\/xstyle.md\/ro\/produs\/tapochki-spokey-aqua-speed-florida\/","title":{"rendered":"Papuci Spokey Aqua Speed Florida"},"content":{"rendered":"<\/p>\n<p><strong>Spokey Aqua Speed Florida<\/strong> &#8212; slapii de piscin\u0103 sunt excelen\u021bi pentru a fi \u00eenc\u0103l\u021ba\u021bi dup\u0103 antrenamentul de \u00eenot sau pentru a merge \u00een vacan\u021b\u0103 \u0219i a fi purta\u021bi l\u00e2ng\u0103 piscina hotelului sau pe plaj\u0103. Talpa lor interioar\u0103 \u0219i exterioar\u0103 canelat\u0103 ofer\u0103 confort \u0219i trac\u021biune \u0219i sunt concepute pentru a v\u0103 \u00eempiedica s\u0103 v\u0103 pierde\u021bi echilibrul \u00een piscin\u0103. Materialul EVA de \u00eenalt\u0103 calitate face ca pantofii de piscin\u0103 Florida s\u0103 fie extrem de u\u0219ori \u0219i rezisten\u021bi. G\u0103urile de scurgere din talp\u0103 permit scurgerea apei din pantof pentru a v\u0103 men\u021bine picioarele confortabile.<\/p>\n<h3>Caracteristici<\/h3>\n<ul>\n<li>Material &#8212; EVA<\/li>\n<li>Model &#8212; unisex<\/li>\n<\/ul>\n<h3>Tehnologie<\/h3>\n<ul>\n<li><b>EVA<\/b> \u2013 este un material polimeric compozit etilen-acetat de vinil. Este un material modern, ecologic \u0219i igienic, care \u0219i-a g\u0103sit o larg\u0103 aplicare \u00een diferite sfere ale vie\u021bii, inclusiv \u00een produc\u021bia de \u00eenc\u0103l\u021b\u0103minte. Avantajul acestui material este u\u0219urin\u021ba sa, este mai u\u0219or chiar dec\u00e2t cauciucul sau PVC-ul. De asemenea, nu provoac\u0103 alergii, este impermeabil, elastic \u0219i rezilient, are propriet\u0103\u021bi de absorb\u021bie a \u0219ocurilor \u0219i de izolare termic\u0103.<\/li>\n<\/ul>\n<p><\/p>","protected":false},"excerpt":{"rendered":"","protected":false},"featured_media":80359,"comment_status":"open","ping_status":"closed","template":"","meta":{"_acf_changed":false,"inline_featured_image":false},"product_brand":[1425],"product_cat":[532],"product_tag":[],"class_list":{"0":"post-80194","1":"product","2":"type-product","3":"status-publish","4":"has-post-thumbnail","6":"product_brand-spokey","7":"product_cat-slippers","9":"first","10":"instock","11":"shipping-taxable","12":"purchasable","13":"product-type-simple"},"acf":[],"yoast_head":"<!-- This site is optimized with the Yoast SEO plugin v27.2 - https:\/\/yoast.com\/product\/yoast-seo-wordpress\/ -->\n<title>\u0422\u0430\u043f\u043e\u0447\u043a\u0438 Spokey Aqua Speed Florida - \u041c\u0430\u0433\u0430\u0437\u0438\u043d Xstyle<\/title>\n<meta name=\"description\" content=\"\u0422\u0430\u043f\u043e\u0447\u043a\u0438 Spokey Aqua Speed Florida - \u0438\u0434\u0435\u0430\u043b\u044c\u043d\u044b \u0434\u043b\u044f \u043f\u043b\u0430\u0432\u0430\u043d\u0438\u044f \u0438 \u043e\u0442\u0434\u044b\u0445\u0430. \u0423\u0434\u043e\u0431\u043d\u044b\u0435, \u043b\u0435\u0433\u043a\u0438\u0435, \u0441 \u043d\u0430\u0431\u043e\u0440\u043e\u043c \u0430\u043c\u043e\u0440\u0442\u0438\u0437\u0430\u0446\u0438\u0438 \u0438 \u0445\u043e\u0440\u043e\u0448\u0438\u043c \u0441\u0446\u0435\u043f\u043b\u0435\u043d\u0438\u0435\u043c. \u041e\u0442\u043b\u0438\u0447\u043d\u044b\u0439 \u0432\u044b\u0431\u043e\u0440 \u0434\u043b\u044f \u043e\u0442\u043f\u0443\u0441\u043a\u0430!\" \/>\n<meta name=\"robots\" content=\"index, follow, max-snippet:-1, max-image-preview:large, max-video-preview:-1\" \/>\n<link rel=\"canonical\" href=\"https:\/\/xstyle.md\/ro\/produs\/tapochki-spokey-aqua-speed-florida\/\" \/>\n<meta property=\"og:locale\" content=\"ro_RO\" \/>\n<meta property=\"og:type\" content=\"article\" \/>\n<meta property=\"og:title\" content=\"\u0422\u0430\u043f\u043e\u0447\u043a\u0438 Spokey Aqua Speed Florida - \u041c\u0430\u0433\u0430\u0437\u0438\u043d Xstyle\" \/>\n<meta property=\"og:description\" content=\"\u0422\u0430\u043f\u043e\u0447\u043a\u0438 Spokey Aqua Speed Florida - \u0438\u0434\u0435\u0430\u043b\u044c\u043d\u044b \u0434\u043b\u044f \u043f\u043b\u0430\u0432\u0430\u043d\u0438\u044f \u0438 \u043e\u0442\u0434\u044b\u0445\u0430. \u0423\u0434\u043e\u0431\u043d\u044b\u0435, \u043b\u0435\u0433\u043a\u0438\u0435, \u0441 \u043d\u0430\u0431\u043e\u0440\u043e\u043c \u0430\u043c\u043e\u0440\u0442\u0438\u0437\u0430\u0446\u0438\u0438 \u0438 \u0445\u043e\u0440\u043e\u0448\u0438\u043c \u0441\u0446\u0435\u043f\u043b\u0435\u043d\u0438\u0435\u043c. \u041e\u0442\u043b\u0438\u0447\u043d\u044b\u0439 \u0432\u044b\u0431\u043e\u0440 \u0434\u043b\u044f \u043e\u0442\u043f\u0443\u0441\u043a\u0430!\" \/>\n<meta property=\"og:url\" content=\"https:\/\/xstyle.md\/ro\/produs\/tapochki-spokey-aqua-speed-florida\/\" \/>\n<meta property=\"og:site_name\" content=\"\u041c\u0430\u0433\u0430\u0437\u0438\u043d Xstyle\" \/>\n<meta property=\"article:publisher\" content=\"https:\/\/www.facebook.com\/xstylemd\" \/>\n<meta property=\"article:modified_time\" content=\"2026-01-28T15:48:09+00:00\" \/>\n<meta property=\"og:image\" content=\"https:\/\/xstyle.md\/wp-content\/uploads\/2024\/02\/spokey-aqua-speed-florida.jpg\" \/>\n\t<meta property=\"og:image:width\" content=\"500\" \/>\n\t<meta property=\"og:image:height\" content=\"500\" \/>\n\t<meta property=\"og:image:type\" content=\"image\/jpeg\" \/>\n<meta name=\"twitter:card\" content=\"summary_large_image\" \/>\n<meta name=\"twitter:label1\" content=\"Pre\u021b\" \/>\n\t<meta name=\"twitter:data1\" content=\"395&nbsp;MDL\" \/>\n\t<meta name=\"twitter:label2\" content=\"Disponibilitate\" \/>\n\t<meta name=\"twitter:data2\" content=\"\u00cen stoc\" \/>\n<script type=\"application\/ld+json\" class=\"yoast-schema-graph\">{\"@context\":\"https:\/\/schema.org\",\"@graph\":[{\"@type\":\"WebPage\",\"@id\":\"https:\/\/xstyle.md\/product\/tapochki-spokey-aqua-speed-florida\/\",\"url\":\"https:\/\/xstyle.md\/product\/tapochki-spokey-aqua-speed-florida\/\",\"name\":\"\u0422\u0430\u043f\u043e\u0447\u043a\u0438 Spokey Aqua Speed Florida - \u041c\u0430\u0433\u0430\u0437\u0438\u043d Xstyle\",\"isPartOf\":{\"@id\":\"https:\/\/xstyle.md\/#website\"},\"primaryImageOfPage\":{\"@id\":\"https:\/\/xstyle.md\/product\/tapochki-spokey-aqua-speed-florida\/#primaryimage\"},\"image\":{\"@id\":\"https:\/\/xstyle.md\/product\/tapochki-spokey-aqua-speed-florida\/#primaryimage\"},\"thumbnailUrl\":\"https:\/\/xstyle.md\/wp-content\/uploads\/2024\/02\/spokey-aqua-speed-florida.jpg\",\"datePublished\":\"2024-02-16T12:28:36+00:00\",\"dateModified\":\"2026-01-28T15:48:09+00:00\",\"description\":\"\u0422\u0430\u043f\u043e\u0447\u043a\u0438 Spokey Aqua Speed Florida - \u0438\u0434\u0435\u0430\u043b\u044c\u043d\u044b \u0434\u043b\u044f \u043f\u043b\u0430\u0432\u0430\u043d\u0438\u044f \u0438 \u043e\u0442\u0434\u044b\u0445\u0430. \u0423\u0434\u043e\u0431\u043d\u044b\u0435, \u043b\u0435\u0433\u043a\u0438\u0435, \u0441 \u043d\u0430\u0431\u043e\u0440\u043e\u043c \u0430\u043c\u043e\u0440\u0442\u0438\u0437\u0430\u0446\u0438\u0438 \u0438 \u0445\u043e\u0440\u043e\u0448\u0438\u043c \u0441\u0446\u0435\u043f\u043b\u0435\u043d\u0438\u0435\u043c. \u041e\u0442\u043b\u0438\u0447\u043d\u044b\u0439 \u0432\u044b\u0431\u043e\u0440 \u0434\u043b\u044f \u043e\u0442\u043f\u0443\u0441\u043a\u0430!\",\"breadcrumb\":{\"@id\":\"https:\/\/xstyle.md\/product\/tapochki-spokey-aqua-speed-florida\/#breadcrumb\"},\"inLanguage\":\"ro-RO\",\"potentialAction\":[{\"@type\":\"ReadAction\",\"target\":[\"https:\/\/xstyle.md\/product\/tapochki-spokey-aqua-speed-florida\/\"]}]},{\"@type\":\"ImageObject\",\"inLanguage\":\"ro-RO\",\"@id\":\"https:\/\/xstyle.md\/product\/tapochki-spokey-aqua-speed-florida\/#primaryimage\",\"url\":\"https:\/\/xstyle.md\/wp-content\/uploads\/2024\/02\/spokey-aqua-speed-florida.jpg\",\"contentUrl\":\"https:\/\/xstyle.md\/wp-content\/uploads\/2024\/02\/spokey-aqua-speed-florida.jpg\",\"width\":500,\"height\":500,\"caption\":\"\u0422\u0430\u043f\u043e\u0447\u043a\u0438 Spokey Aqua Speed Florida \u0434\u043b\u044f \u0430\u043a\u0442\u0438\u0432\u043d\u043e\u0433\u043e \u043e\u0442\u0434\u044b\u0445\u0430, \u043f\u043e\u0445\u043e\u0434\u043e\u0432, \u043f\u0443\u0442\u0435\u0448\u0435\u0441\u0442\u0432\u0438\u0439 \u0438 \u0441\u043f\u043e\u0440\u0442\u0438\u0432\u043d\u043e\u0439 \u043e\u0434\u0435\u0436\u0434\u044b \u0434\u043b\u044f \u043e\u043d\u043b\u0430\u0439\u043d-\u043c\u0430\u0433\u0430\u0437\u0438\u043d\u0430 \u0442\u043e\u0432\u0430\u0440\u043e\u0432 \u0434\u043b\u044f \u0430\u043a\u0442\u0438\u0432\u043d\u043e\u0433\u043e \u043e\u0431\u0440\u0430\u0437\u0430 \u0436\u0438\u0437\u043d\u0438\"},{\"@type\":\"BreadcrumbList\",\"@id\":\"https:\/\/xstyle.md\/product\/tapochki-spokey-aqua-speed-florida\/#breadcrumb\",\"itemListElement\":[{\"@type\":\"ListItem\",\"position\":1,\"name\":\"\u0413\u043b\u0430\u0432\u043d\u0430\u044f \u0441\u0442\u0440\u0430\u043d\u0438\u0446\u0430\",\"item\":\"https:\/\/xstyle.md\/\"},{\"@type\":\"ListItem\",\"position\":2,\"name\":\"\u041c\u0430\u0433\u0430\u0437\u0438\u043d\",\"item\":\"https:\/\/xstyle.md\/shop\/\"},{\"@type\":\"ListItem\",\"position\":3,\"name\":\"\u0422\u0430\u043f\u043e\u0447\u043a\u0438 Spokey Aqua Speed Florida\"}]},{\"@type\":\"WebSite\",\"@id\":\"https:\/\/xstyle.md\/#website\",\"url\":\"https:\/\/xstyle.md\/\",\"name\":\"\u041c\u0430\u0433\u0430\u0437\u0438\u043d Xstyle\",\"description\":\"C\u043d\u0430\u0440\u044f\u0436\u0435\u043d\u0438\u0435 \u0434\u043b\u044f \u0442\u0443\u0440\u0438\u0437\u043c\u0430 \u0438 \u044d\u043a\u0441\u0442\u0440\u0435\u043c\u0430\u043b\u044c\u043d\u044b\u0445 \u0432\u0438\u0434\u043e\u0432 \u0441\u043f\u043e\u0440\u0442\u0430 \u0432 \u041c\u043e\u043b\u0434\u043e\u0432\u0435.. \u0426\u0435\u043d\u044b, \u0444\u043e\u0442\u043e, \u0445\u0430\u0440\u0430\u043a\u0442\u0435\u0440\u0438\u0441\u0442\u0438\u043a\u0438 \u0432 \u041c\u043e\u043b\u0434\u043e\u0432\u0435.\",\"publisher\":{\"@id\":\"https:\/\/xstyle.md\/#organization\"},\"alternateName\":\"X-Style\",\"potentialAction\":[{\"@type\":\"SearchAction\",\"target\":{\"@type\":\"EntryPoint\",\"urlTemplate\":\"https:\/\/xstyle.md\/?s={search_term_string}\"},\"query-input\":{\"@type\":\"PropertyValueSpecification\",\"valueRequired\":true,\"valueName\":\"search_term_string\"}}],\"inLanguage\":\"ro-RO\"},{\"@type\":\"Organization\",\"@id\":\"https:\/\/xstyle.md\/#organization\",\"name\":\"\u041c\u0430\u0433\u0430\u0437\u0438\u043d Xstyle\",\"alternateName\":\"x-style\",\"url\":\"https:\/\/xstyle.md\/\",\"logo\":{\"@type\":\"ImageObject\",\"inLanguage\":\"ro-RO\",\"@id\":\"https:\/\/xstyle.md\/#\/schema\/logo\/image\/\",\"url\":\"https:\/\/xstyle.md\/wp-content\/uploads\/2020\/06\/logoicon.svg\",\"contentUrl\":\"https:\/\/xstyle.md\/wp-content\/uploads\/2020\/06\/logoicon.svg\",\"caption\":\"\u041c\u0430\u0433\u0430\u0437\u0438\u043d Xstyle\"},\"image\":{\"@id\":\"https:\/\/xstyle.md\/#\/schema\/logo\/image\/\"},\"sameAs\":[\"https:\/\/www.facebook.com\/xstylemd\",\"https:\/\/www.instagram.com\/xstyle_md\/\",\"https:\/\/t.me\/xstyle_outdoor\"],\"hasMerchantReturnPolicy\":{\"@type\":\"MerchantReturnPolicy\",\"merchantReturnLink\":\"https:\/\/xstyle.md\/ro\/conditions\/\"}}]}<\/script>\n<meta property=\"product:price:amount\" content=\"395.00\" \/>\n<meta property=\"product:price:currency\" content=\"MDL\" \/>\n<meta property=\"og:availability\" content=\"instock\" \/>\n<meta property=\"product:availability\" content=\"instock\" \/>\n<meta property=\"product:retailer_item_id\" content=\"5908217660312\" \/>\n<meta property=\"product:condition\" content=\"new\" \/>\n<!-- \/ Yoast SEO plugin. -->","yoast_head_json":{"title":"Papuci Spokey Aqua Speed Florida - Magazin Xstyle","description":"Tapi\u021be Spokey Aqua Speed Florida - ideale pentru \u00eenot \u0219i relaxare. Confortabile, u\u0219oare, cu un set de amortizare \u0219i o bun\u0103 aderen\u021b\u0103. O alegere excelent\u0103 pentru vacan\u021b\u0103!","robots":{"index":"index","follow":"follow","max-snippet":"max-snippet:-1","max-image-preview":"max-image-preview:large","max-video-preview":"max-video-preview:-1"},"canonical":"https:\/\/xstyle.md\/ro\/produs\/tapochki-spokey-aqua-speed-florida\/","og_locale":"ro_RO","og_type":"article","og_title":"\u0422\u0430\u043f\u043e\u0447\u043a\u0438 Spokey Aqua Speed Florida - \u041c\u0430\u0433\u0430\u0437\u0438\u043d Xstyle","og_description":"\u0422\u0430\u043f\u043e\u0447\u043a\u0438 Spokey Aqua Speed Florida - \u0438\u0434\u0435\u0430\u043b\u044c\u043d\u044b \u0434\u043b\u044f \u043f\u043b\u0430\u0432\u0430\u043d\u0438\u044f \u0438 \u043e\u0442\u0434\u044b\u0445\u0430. \u0423\u0434\u043e\u0431\u043d\u044b\u0435, \u043b\u0435\u0433\u043a\u0438\u0435, \u0441 \u043d\u0430\u0431\u043e\u0440\u043e\u043c \u0430\u043c\u043e\u0440\u0442\u0438\u0437\u0430\u0446\u0438\u0438 \u0438 \u0445\u043e\u0440\u043e\u0448\u0438\u043c \u0441\u0446\u0435\u043f\u043b\u0435\u043d\u0438\u0435\u043c. \u041e\u0442\u043b\u0438\u0447\u043d\u044b\u0439 \u0432\u044b\u0431\u043e\u0440 \u0434\u043b\u044f \u043e\u0442\u043f\u0443\u0441\u043a\u0430!","og_url":"https:\/\/xstyle.md\/ro\/produs\/tapochki-spokey-aqua-speed-florida\/","og_site_name":"\u041c\u0430\u0433\u0430\u0437\u0438\u043d Xstyle","article_publisher":"https:\/\/www.facebook.com\/xstylemd","article_modified_time":"2026-01-28T15:48:09+00:00","og_image":[{"width":500,"height":500,"url":"https:\/\/xstyle.md\/wp-content\/uploads\/2024\/02\/spokey-aqua-speed-florida.jpg","type":"image\/jpeg"}],"twitter_card":"summary_large_image","twitter_misc":{"Pre\u021b":"395&nbsp;MDL","Disponibilitate":"\u00cen stoc"},"schema":{"@context":"https:\/\/schema.org","@graph":[{"@type":"WebPage","@id":"https:\/\/xstyle.md\/product\/tapochki-spokey-aqua-speed-florida\/","url":"https:\/\/xstyle.md\/product\/tapochki-spokey-aqua-speed-florida\/","name":"Papuci Spokey Aqua Speed Florida - Magazin Xstyle","isPartOf":{"@id":"https:\/\/xstyle.md\/#website"},"primaryImageOfPage":{"@id":"https:\/\/xstyle.md\/product\/tapochki-spokey-aqua-speed-florida\/#primaryimage"},"image":{"@id":"https:\/\/xstyle.md\/product\/tapochki-spokey-aqua-speed-florida\/#primaryimage"},"thumbnailUrl":"https:\/\/xstyle.md\/wp-content\/uploads\/2024\/02\/spokey-aqua-speed-florida.jpg","datePublished":"2024-02-16T12:28:36+00:00","dateModified":"2026-01-28T15:48:09+00:00","description":"Tapi\u021be Spokey Aqua Speed Florida - ideale pentru \u00eenot \u0219i relaxare. Confortabile, u\u0219oare, cu un set de amortizare \u0219i o bun\u0103 aderen\u021b\u0103. O alegere excelent\u0103 pentru vacan\u021b\u0103!","breadcrumb":{"@id":"https:\/\/xstyle.md\/product\/tapochki-spokey-aqua-speed-florida\/#breadcrumb"},"inLanguage":"ro-RO","potentialAction":[{"@type":"ReadAction","target":["https:\/\/xstyle.md\/product\/tapochki-spokey-aqua-speed-florida\/"]}]},{"@type":"ImageObject","inLanguage":"ro-RO","@id":"https:\/\/xstyle.md\/product\/tapochki-spokey-aqua-speed-florida\/#primaryimage","url":"https:\/\/xstyle.md\/wp-content\/uploads\/2024\/02\/spokey-aqua-speed-florida.jpg","contentUrl":"https:\/\/xstyle.md\/wp-content\/uploads\/2024\/02\/spokey-aqua-speed-florida.jpg","width":500,"height":500,"caption":"\u0422\u0430\u043f\u043e\u0447\u043a\u0438 Spokey Aqua Speed Florida \u0434\u043b\u044f \u0430\u043a\u0442\u0438\u0432\u043d\u043e\u0433\u043e \u043e\u0442\u0434\u044b\u0445\u0430, \u043f\u043e\u0445\u043e\u0434\u043e\u0432, \u043f\u0443\u0442\u0435\u0448\u0435\u0441\u0442\u0432\u0438\u0439 \u0438 \u0441\u043f\u043e\u0440\u0442\u0438\u0432\u043d\u043e\u0439 \u043e\u0434\u0435\u0436\u0434\u044b \u0434\u043b\u044f \u043e\u043d\u043b\u0430\u0439\u043d-\u043c\u0430\u0433\u0430\u0437\u0438\u043d\u0430 \u0442\u043e\u0432\u0430\u0440\u043e\u0432 \u0434\u043b\u044f \u0430\u043a\u0442\u0438\u0432\u043d\u043e\u0433\u043e \u043e\u0431\u0440\u0430\u0437\u0430 \u0436\u0438\u0437\u043d\u0438"},{"@type":"BreadcrumbList","@id":"https:\/\/xstyle.md\/product\/tapochki-spokey-aqua-speed-florida\/#breadcrumb","itemListElement":[{"@type":"ListItem","position":1,"name":"\u0413\u043b\u0430\u0432\u043d\u0430\u044f \u0441\u0442\u0440\u0430\u043d\u0438\u0446\u0430","item":"https:\/\/xstyle.md\/"},{"@type":"ListItem","position":2,"name":"\u041c\u0430\u0433\u0430\u0437\u0438\u043d","item":"https:\/\/xstyle.md\/shop\/"},{"@type":"ListItem","position":3,"name":"\u0422\u0430\u043f\u043e\u0447\u043a\u0438 Spokey Aqua Speed Florida"}]},{"@type":"WebSite","@id":"https:\/\/xstyle.md\/#website","url":"https:\/\/xstyle.md\/","name":"Magazinul X-Style","description":"Echipamente pentru turism \u0219i sporturi extreme \u00een Moldova. Pre\u021buri, fotografii, caracteristici \u00een Moldova.","publisher":{"@id":"https:\/\/xstyle.md\/#organization"},"alternateName":"X-Style","potentialAction":[{"@type":"SearchAction","target":{"@type":"EntryPoint","urlTemplate":"https:\/\/xstyle.md\/?s={search_term_string}"},"query-input":{"@type":"PropertyValueSpecification","valueRequired":true,"valueName":"search_term_string"}}],"inLanguage":"ro-RO"},{"@type":"Organization","@id":"https:\/\/xstyle.md\/#organization","name":"Magazinul X-Style","alternateName":"x-style","url":"https:\/\/xstyle.md\/","logo":{"@type":"ImageObject","inLanguage":"ro-RO","@id":"https:\/\/xstyle.md\/#\/schema\/logo\/image\/","url":"https:\/\/xstyle.md\/wp-content\/uploads\/2020\/06\/logoicon.svg","contentUrl":"https:\/\/xstyle.md\/wp-content\/uploads\/2020\/06\/logoicon.svg","caption":"\u041c\u0430\u0433\u0430\u0437\u0438\u043d Xstyle"},"image":{"@id":"https:\/\/xstyle.md\/#\/schema\/logo\/image\/"},"sameAs":["https:\/\/www.facebook.com\/xstylemd","https:\/\/www.instagram.com\/xstyle_md\/","https:\/\/t.me\/xstyle_outdoor"],"hasMerchantReturnPolicy":{"@type":"MerchantReturnPolicy","merchantReturnLink":"https:\/\/xstyle.md\/ro\/conditions\/"}}]},"product_price_amount":"395.00","product_price_currency":"MDL","og_availability":"instock","product_availability":"instock","product_retailer_item_id":"5908217660312","product_condition":"new"},"post_mailing_queue_ids":[],"_links":{"self":[{"href":"https:\/\/xstyle.md\/ro\/wp-json\/wp\/v2\/product\/80194","targetHints":{"allow":["GET"]}}],"collection":[{"href":"https:\/\/xstyle.md\/ro\/wp-json\/wp\/v2\/product"}],"about":[{"href":"https:\/\/xstyle.md\/ro\/wp-json\/wp\/v2\/types\/product"}],"replies":[{"embeddable":true,"href":"https:\/\/xstyle.md\/ro\/wp-json\/wp\/v2\/comments?post=80194"}],"wp:featuredmedia":[{"embeddable":true,"href":"https:\/\/xstyle.md\/ro\/wp-json\/wp\/v2\/media\/80359"}],"wp:attachment":[{"href":"https:\/\/xstyle.md\/ro\/wp-json\/wp\/v2\/media?parent=80194"}],"wp:term":[{"taxonomy":"product_brand","embeddable":true,"href":"https:\/\/xstyle.md\/ro\/wp-json\/wp\/v2\/product_brand?post=80194"},{"taxonomy":"product_cat","embeddable":true,"href":"https:\/\/xstyle.md\/ro\/wp-json\/wp\/v2\/product_cat?post=80194"},{"taxonomy":"product_tag","embeddable":true,"href":"https:\/\/xstyle.md\/ro\/wp-json\/wp\/v2\/product_tag?post=80194"}],"curies":[{"name":"wp","href":"https:\/\/api.w.org\/{rel}","templated":true}]}}