{"id":7984,"date":"2020-07-16T23:15:48","date_gmt":"2020-07-16T20:15:48","guid":{"rendered":"https:\/\/xstyle.md\/product\/tapochki-aqualung-asone-jr"},"modified":"2026-04-07T15:22:49","modified_gmt":"2026-04-07T12:22:49","slug":"tapochki-aqualung-asone-jr","status":"publish","type":"product","link":"https:\/\/xstyle.md\/ro\/produs\/tapochki-aqualung-asone-jr\/","title":{"rendered":"\u0218lapi Aqualung ASONE JR"},"content":{"rendered":"<\/p>\n<p data-reader-unique-id=\"15\"><strong>Aqualung Asone JR &#8212;\u00a0<\/strong>papuci pentru copii cu talp\u0103 anti-alunecare. Bran\u021bul are o form\u0103 ergonomic\u0103, astfel \u00eenc\u00e2t picioarele copiilor Dumneavoastr\u0103 s\u0103 fie \u00een confort.<\/p>\n<h3>Particularit\u0103\u021bi<\/h3>\n<ul>\n<li>Model anti-alunecare pe talp\u0103, are suport lateral pentru picior;<\/li>\n<li>Talpa anatomic\u0103 este realizat\u0103 dintr-un material special antibacterian \u0219i foarte u\u0219or din spum\u0103;<\/li>\n<li>Structura anatomic\u0103 a t\u0103lpii interioare este aerisit\u0103 de canale de aer \u0219i nu alunec\u0103;<\/li>\n<li>Greutate redus\u0103, perfect pentru bagaje.<\/li>\n<\/ul>\n<h3>Caracteristici<\/h3>\n<ul>\n<li>Talp\u0103 &#8212; spum\u0103 EVA;<\/li>\n<li>Model &#8212; pentru copii.<\/li>\n<\/ul>\n<h3 class=\"clear\" data-reader-unique-id=\"15\">Marca<\/h3>\n<p data-reader-unique-id=\"16\">AquaLung \u2014 este\u00a0un brand legendar \u00een lumea scufund\u0103rilor, care a fost fondat de Jacques-Yves Cousteau \u0219i Emile Gagnan. De peste 80 de ani de existen\u021b\u0103, compania a devenit cel mai mare produc\u0103tor de echipamente de scufundare cu cea mai larg\u0103 gam\u0103 de modele din industrie. Varietatea de produse moderne ale companiei v\u0103 permite s\u0103 alege\u021bi ceea ce ave\u021bi nevoie at\u00e2t pentru un \u00eencep\u0103tor, c\u00e2t \u0219i pentru un profesionist. Gama larg\u0103 include: m\u0103\u0219ti, aripioare, snorkele, costume de neopren de tip umed \u0219i uscat, regulatoare \u0219i caracati\u021be, diverse dispozitive high-tech, haine \u0219i \u00eenc\u0103l\u021b\u0103minte, gen\u021bi \u0219i multe accesorii diferite. Datorit\u0103 unei re\u021bele de distribu\u021bie puternice, produsele AquaLung pot fi achizi\u021bionate \u00een peste 90 de \u021b\u0103ri pe toate continentele.<\/p>\n<p><\/p>","protected":false},"excerpt":{"rendered":"<p>\u0218lapi Aqualung ASONE JR<\/p>","protected":false},"featured_media":7982,"comment_status":"open","ping_status":"closed","template":"","meta":{"_acf_changed":false,"inline_featured_image":false},"product_brand":[1284],"product_cat":[532],"product_tag":[],"class_list":{"0":"post-7984","1":"product","2":"type-product","3":"status-publish","4":"has-post-thumbnail","6":"product_brand-aqualung","7":"product_cat-slippers","9":"first","10":"instock","11":"shipping-taxable","12":"purchasable","13":"product-type-simple"},"acf":[],"yoast_head":"<!-- This site is optimized with the Yoast SEO plugin v27.2 - https:\/\/yoast.com\/product\/yoast-seo-wordpress\/ -->\n<title>\u0422\u0430\u043f\u043e\u0447\u043a\u0438 Aqualung ASONE JR - \u041c\u0430\u0433\u0430\u0437\u0438\u043d Xstyle<\/title>\n<meta name=\"description\" content=\"\u041a\u043e\u043c\u0444\u043e\u0440\u0442\u043d\u044b\u0435 \u0442\u0430\u043f\u043e\u0447\u043a\u0438 Aqualung ASONE JR \u0434\u043b\u044f \u0434\u0435\u0442\u0435\u0439 \u0441 \u0430\u043d\u0442\u0438\u0432\u0441\u043a\u043e\u043b\u044c\u0437\u044f\u0449\u0435\u0439 \u043f\u043e\u0434\u043e\u0448\u0432\u043e\u0439 \u0438 \u0430\u043d\u0430\u0442\u043e\u043c\u0438\u0447\u0435\u0441\u043a\u043e\u0439 \u0441\u0442\u0435\u043b\u044c\u043a\u043e\u0439. \u0418\u0434\u0435\u0430\u043b\u044c\u043d\u044b \u0434\u043b\u044f \u0430\u043a\u0442\u0438\u0432\u043d\u043e\u0433\u043e \u043e\u0442\u0434\u044b\u0445\u0430 \u0443 \u0432\u043e\u0434\u044b!\" \/>\n<meta name=\"robots\" content=\"index, follow, max-snippet:-1, max-image-preview:large, max-video-preview:-1\" \/>\n<link rel=\"canonical\" href=\"https:\/\/xstyle.md\/ro\/produs\/tapochki-aqualung-asone-jr\/\" \/>\n<meta property=\"og:locale\" content=\"ro_RO\" \/>\n<meta property=\"og:type\" content=\"article\" \/>\n<meta property=\"og:title\" content=\"\u0422\u0430\u043f\u043e\u0447\u043a\u0438 Aqualung ASONE JR - \u041c\u0430\u0433\u0430\u0437\u0438\u043d Xstyle\" \/>\n<meta property=\"og:description\" content=\"\u041a\u043e\u043c\u0444\u043e\u0440\u0442\u043d\u044b\u0435 \u0442\u0430\u043f\u043e\u0447\u043a\u0438 Aqualung ASONE JR \u0434\u043b\u044f \u0434\u0435\u0442\u0435\u0439 \u0441 \u0430\u043d\u0442\u0438\u0432\u0441\u043a\u043e\u043b\u044c\u0437\u044f\u0449\u0435\u0439 \u043f\u043e\u0434\u043e\u0448\u0432\u043e\u0439 \u0438 \u0430\u043d\u0430\u0442\u043e\u043c\u0438\u0447\u0435\u0441\u043a\u043e\u0439 \u0441\u0442\u0435\u043b\u044c\u043a\u043e\u0439. \u0418\u0434\u0435\u0430\u043b\u044c\u043d\u044b \u0434\u043b\u044f \u0430\u043a\u0442\u0438\u0432\u043d\u043e\u0433\u043e \u043e\u0442\u0434\u044b\u0445\u0430 \u0443 \u0432\u043e\u0434\u044b!\" \/>\n<meta property=\"og:url\" content=\"https:\/\/xstyle.md\/ro\/produs\/tapochki-aqualung-asone-jr\/\" \/>\n<meta property=\"og:site_name\" content=\"\u041c\u0430\u0433\u0430\u0437\u0438\u043d Xstyle\" \/>\n<meta property=\"article:publisher\" content=\"https:\/\/www.facebook.com\/xstylemd\" \/>\n<meta property=\"article:modified_time\" content=\"2026-04-07T12:22:49+00:00\" \/>\n<meta property=\"og:image\" content=\"https:\/\/xstyle.md\/wp-content\/uploads\/2020\/07\/z_asone-jr-blue.jpg\" \/>\n\t<meta property=\"og:image:width\" content=\"688\" \/>\n\t<meta property=\"og:image:height\" content=\"854\" \/>\n\t<meta property=\"og:image:type\" content=\"image\/jpeg\" \/>\n<meta name=\"twitter:card\" content=\"summary_large_image\" \/>\n<meta name=\"twitter:label1\" content=\"Pre\u021b\" \/>\n\t<meta name=\"twitter:data1\" content=\"295&nbsp;MDL\" \/>\n\t<meta name=\"twitter:label2\" content=\"Disponibilitate\" \/>\n\t<meta name=\"twitter:data2\" content=\"\u00cen stoc\" \/>\n<script type=\"application\/ld+json\" class=\"yoast-schema-graph\">{\"@context\":\"https:\/\/schema.org\",\"@graph\":[{\"@type\":\"WebPage\",\"@id\":\"https:\/\/xstyle.md\/product\/tapochki-aqualung-asone-jr\/\",\"url\":\"https:\/\/xstyle.md\/product\/tapochki-aqualung-asone-jr\/\",\"name\":\"\u0422\u0430\u043f\u043e\u0447\u043a\u0438 Aqualung ASONE JR - \u041c\u0430\u0433\u0430\u0437\u0438\u043d Xstyle\",\"isPartOf\":{\"@id\":\"https:\/\/xstyle.md\/#website\"},\"primaryImageOfPage\":{\"@id\":\"https:\/\/xstyle.md\/product\/tapochki-aqualung-asone-jr\/#primaryimage\"},\"image\":{\"@id\":\"https:\/\/xstyle.md\/product\/tapochki-aqualung-asone-jr\/#primaryimage\"},\"thumbnailUrl\":\"https:\/\/xstyle.md\/wp-content\/uploads\/2020\/07\/z_asone-jr-blue.jpg\",\"datePublished\":\"2020-07-16T20:15:48+00:00\",\"dateModified\":\"2026-04-07T12:22:49+00:00\",\"description\":\"\u041a\u043e\u043c\u0444\u043e\u0440\u0442\u043d\u044b\u0435 \u0442\u0430\u043f\u043e\u0447\u043a\u0438 Aqualung ASONE JR \u0434\u043b\u044f \u0434\u0435\u0442\u0435\u0439 \u0441 \u0430\u043d\u0442\u0438\u0432\u0441\u043a\u043e\u043b\u044c\u0437\u044f\u0449\u0435\u0439 \u043f\u043e\u0434\u043e\u0448\u0432\u043e\u0439 \u0438 \u0430\u043d\u0430\u0442\u043e\u043c\u0438\u0447\u0435\u0441\u043a\u043e\u0439 \u0441\u0442\u0435\u043b\u044c\u043a\u043e\u0439. \u0418\u0434\u0435\u0430\u043b\u044c\u043d\u044b \u0434\u043b\u044f \u0430\u043a\u0442\u0438\u0432\u043d\u043e\u0433\u043e \u043e\u0442\u0434\u044b\u0445\u0430 \u0443 \u0432\u043e\u0434\u044b!\",\"breadcrumb\":{\"@id\":\"https:\/\/xstyle.md\/product\/tapochki-aqualung-asone-jr\/#breadcrumb\"},\"inLanguage\":\"ro-RO\",\"potentialAction\":[{\"@type\":\"ReadAction\",\"target\":[\"https:\/\/xstyle.md\/product\/tapochki-aqualung-asone-jr\/\"]}]},{\"@type\":\"ImageObject\",\"inLanguage\":\"ro-RO\",\"@id\":\"https:\/\/xstyle.md\/product\/tapochki-aqualung-asone-jr\/#primaryimage\",\"url\":\"https:\/\/xstyle.md\/wp-content\/uploads\/2020\/07\/z_asone-jr-blue.jpg\",\"contentUrl\":\"https:\/\/xstyle.md\/wp-content\/uploads\/2020\/07\/z_asone-jr-blue.jpg\",\"width\":688,\"height\":854},{\"@type\":\"BreadcrumbList\",\"@id\":\"https:\/\/xstyle.md\/product\/tapochki-aqualung-asone-jr\/#breadcrumb\",\"itemListElement\":[{\"@type\":\"ListItem\",\"position\":1,\"name\":\"\u0413\u043b\u0430\u0432\u043d\u0430\u044f \u0441\u0442\u0440\u0430\u043d\u0438\u0446\u0430\",\"item\":\"https:\/\/xstyle.md\/\"},{\"@type\":\"ListItem\",\"position\":2,\"name\":\"\u041c\u0430\u0433\u0430\u0437\u0438\u043d\",\"item\":\"https:\/\/xstyle.md\/shop\/\"},{\"@type\":\"ListItem\",\"position\":3,\"name\":\"\u0422\u0430\u043f\u043e\u0447\u043a\u0438 Aqualung ASONE JR\"}]},{\"@type\":\"WebSite\",\"@id\":\"https:\/\/xstyle.md\/#website\",\"url\":\"https:\/\/xstyle.md\/\",\"name\":\"\u041c\u0430\u0433\u0430\u0437\u0438\u043d Xstyle\",\"description\":\"C\u043d\u0430\u0440\u044f\u0436\u0435\u043d\u0438\u0435 \u0434\u043b\u044f \u0442\u0443\u0440\u0438\u0437\u043c\u0430 \u0438 \u044d\u043a\u0441\u0442\u0440\u0435\u043c\u0430\u043b\u044c\u043d\u044b\u0445 \u0432\u0438\u0434\u043e\u0432 \u0441\u043f\u043e\u0440\u0442\u0430 \u0432 \u041c\u043e\u043b\u0434\u043e\u0432\u0435.. \u0426\u0435\u043d\u044b, \u0444\u043e\u0442\u043e, \u0445\u0430\u0440\u0430\u043a\u0442\u0435\u0440\u0438\u0441\u0442\u0438\u043a\u0438 \u0432 \u041c\u043e\u043b\u0434\u043e\u0432\u0435.\",\"publisher\":{\"@id\":\"https:\/\/xstyle.md\/#organization\"},\"alternateName\":\"X-Style\",\"potentialAction\":[{\"@type\":\"SearchAction\",\"target\":{\"@type\":\"EntryPoint\",\"urlTemplate\":\"https:\/\/xstyle.md\/?s={search_term_string}\"},\"query-input\":{\"@type\":\"PropertyValueSpecification\",\"valueRequired\":true,\"valueName\":\"search_term_string\"}}],\"inLanguage\":\"ro-RO\"},{\"@type\":\"Organization\",\"@id\":\"https:\/\/xstyle.md\/#organization\",\"name\":\"\u041c\u0430\u0433\u0430\u0437\u0438\u043d Xstyle\",\"alternateName\":\"x-style\",\"url\":\"https:\/\/xstyle.md\/\",\"logo\":{\"@type\":\"ImageObject\",\"inLanguage\":\"ro-RO\",\"@id\":\"https:\/\/xstyle.md\/#\/schema\/logo\/image\/\",\"url\":\"https:\/\/xstyle.md\/wp-content\/uploads\/2020\/06\/logoicon.svg\",\"contentUrl\":\"https:\/\/xstyle.md\/wp-content\/uploads\/2020\/06\/logoicon.svg\",\"caption\":\"\u041c\u0430\u0433\u0430\u0437\u0438\u043d Xstyle\"},\"image\":{\"@id\":\"https:\/\/xstyle.md\/#\/schema\/logo\/image\/\"},\"sameAs\":[\"https:\/\/www.facebook.com\/xstylemd\",\"https:\/\/www.instagram.com\/xstyle_md\/\",\"https:\/\/t.me\/xstyle_outdoor\"],\"hasMerchantReturnPolicy\":{\"@type\":\"MerchantReturnPolicy\",\"merchantReturnLink\":\"https:\/\/xstyle.md\/ro\/conditions\/\"}}]}<\/script>\n<meta property=\"product:price:amount\" content=\"295.00\" \/>\n<meta property=\"product:price:currency\" content=\"MDL\" \/>\n<meta property=\"og:availability\" content=\"instock\" \/>\n<meta property=\"product:availability\" content=\"instock\" \/>\n<meta property=\"product:retailer_item_id\" content=\"8032621399692\" \/>\n<meta property=\"product:condition\" content=\"new\" \/>\n<!-- \/ Yoast SEO plugin. -->","yoast_head_json":{"title":"Papuci Aqualung ASONE JR - Magazin Xstyle","description":"Papuci confortabili Aqualung ASONE JR pentru copii, cu talp\u0103 antiderapant\u0103 \u0219i talp\u0103 anatomica. Ideali pentru recreere activ\u0103 l\u00e2ng\u0103 ap\u0103!","robots":{"index":"index","follow":"follow","max-snippet":"max-snippet:-1","max-image-preview":"max-image-preview:large","max-video-preview":"max-video-preview:-1"},"canonical":"https:\/\/xstyle.md\/ro\/produs\/tapochki-aqualung-asone-jr\/","og_locale":"ro_RO","og_type":"article","og_title":"\u0422\u0430\u043f\u043e\u0447\u043a\u0438 Aqualung ASONE JR - \u041c\u0430\u0433\u0430\u0437\u0438\u043d Xstyle","og_description":"\u041a\u043e\u043c\u0444\u043e\u0440\u0442\u043d\u044b\u0435 \u0442\u0430\u043f\u043e\u0447\u043a\u0438 Aqualung ASONE JR \u0434\u043b\u044f \u0434\u0435\u0442\u0435\u0439 \u0441 \u0430\u043d\u0442\u0438\u0432\u0441\u043a\u043e\u043b\u044c\u0437\u044f\u0449\u0435\u0439 \u043f\u043e\u0434\u043e\u0448\u0432\u043e\u0439 \u0438 \u0430\u043d\u0430\u0442\u043e\u043c\u0438\u0447\u0435\u0441\u043a\u043e\u0439 \u0441\u0442\u0435\u043b\u044c\u043a\u043e\u0439. \u0418\u0434\u0435\u0430\u043b\u044c\u043d\u044b \u0434\u043b\u044f \u0430\u043a\u0442\u0438\u0432\u043d\u043e\u0433\u043e \u043e\u0442\u0434\u044b\u0445\u0430 \u0443 \u0432\u043e\u0434\u044b!","og_url":"https:\/\/xstyle.md\/ro\/produs\/tapochki-aqualung-asone-jr\/","og_site_name":"\u041c\u0430\u0433\u0430\u0437\u0438\u043d Xstyle","article_publisher":"https:\/\/www.facebook.com\/xstylemd","article_modified_time":"2026-04-07T12:22:49+00:00","og_image":[{"width":688,"height":854,"url":"https:\/\/xstyle.md\/wp-content\/uploads\/2020\/07\/z_asone-jr-blue.jpg","type":"image\/jpeg"}],"twitter_card":"summary_large_image","twitter_misc":{"Pre\u021b":"295&nbsp;MDL","Disponibilitate":"\u00cen stoc"},"schema":{"@context":"https:\/\/schema.org","@graph":[{"@type":"WebPage","@id":"https:\/\/xstyle.md\/product\/tapochki-aqualung-asone-jr\/","url":"https:\/\/xstyle.md\/product\/tapochki-aqualung-asone-jr\/","name":"Papuci Aqualung ASONE JR - Magazin Xstyle","isPartOf":{"@id":"https:\/\/xstyle.md\/#website"},"primaryImageOfPage":{"@id":"https:\/\/xstyle.md\/product\/tapochki-aqualung-asone-jr\/#primaryimage"},"image":{"@id":"https:\/\/xstyle.md\/product\/tapochki-aqualung-asone-jr\/#primaryimage"},"thumbnailUrl":"https:\/\/xstyle.md\/wp-content\/uploads\/2020\/07\/z_asone-jr-blue.jpg","datePublished":"2020-07-16T20:15:48+00:00","dateModified":"2026-04-07T12:22:49+00:00","description":"Papuci confortabili Aqualung ASONE JR pentru copii, cu talp\u0103 antiderapant\u0103 \u0219i talp\u0103 anatomica. Ideali pentru recreere activ\u0103 l\u00e2ng\u0103 ap\u0103!","breadcrumb":{"@id":"https:\/\/xstyle.md\/product\/tapochki-aqualung-asone-jr\/#breadcrumb"},"inLanguage":"ro-RO","potentialAction":[{"@type":"ReadAction","target":["https:\/\/xstyle.md\/product\/tapochki-aqualung-asone-jr\/"]}]},{"@type":"ImageObject","inLanguage":"ro-RO","@id":"https:\/\/xstyle.md\/product\/tapochki-aqualung-asone-jr\/#primaryimage","url":"https:\/\/xstyle.md\/wp-content\/uploads\/2020\/07\/z_asone-jr-blue.jpg","contentUrl":"https:\/\/xstyle.md\/wp-content\/uploads\/2020\/07\/z_asone-jr-blue.jpg","width":688,"height":854},{"@type":"BreadcrumbList","@id":"https:\/\/xstyle.md\/product\/tapochki-aqualung-asone-jr\/#breadcrumb","itemListElement":[{"@type":"ListItem","position":1,"name":"\u0413\u043b\u0430\u0432\u043d\u0430\u044f \u0441\u0442\u0440\u0430\u043d\u0438\u0446\u0430","item":"https:\/\/xstyle.md\/"},{"@type":"ListItem","position":2,"name":"\u041c\u0430\u0433\u0430\u0437\u0438\u043d","item":"https:\/\/xstyle.md\/shop\/"},{"@type":"ListItem","position":3,"name":"\u0422\u0430\u043f\u043e\u0447\u043a\u0438 Aqualung ASONE JR"}]},{"@type":"WebSite","@id":"https:\/\/xstyle.md\/#website","url":"https:\/\/xstyle.md\/","name":"Magazinul X-Style","description":"Echipamente pentru turism \u0219i sporturi extreme \u00een Moldova. Pre\u021buri, fotografii, caracteristici \u00een Moldova.","publisher":{"@id":"https:\/\/xstyle.md\/#organization"},"alternateName":"X-Style","potentialAction":[{"@type":"SearchAction","target":{"@type":"EntryPoint","urlTemplate":"https:\/\/xstyle.md\/?s={search_term_string}"},"query-input":{"@type":"PropertyValueSpecification","valueRequired":true,"valueName":"search_term_string"}}],"inLanguage":"ro-RO"},{"@type":"Organization","@id":"https:\/\/xstyle.md\/#organization","name":"Magazinul X-Style","alternateName":"x-style","url":"https:\/\/xstyle.md\/","logo":{"@type":"ImageObject","inLanguage":"ro-RO","@id":"https:\/\/xstyle.md\/#\/schema\/logo\/image\/","url":"https:\/\/xstyle.md\/wp-content\/uploads\/2020\/06\/logoicon.svg","contentUrl":"https:\/\/xstyle.md\/wp-content\/uploads\/2020\/06\/logoicon.svg","caption":"\u041c\u0430\u0433\u0430\u0437\u0438\u043d Xstyle"},"image":{"@id":"https:\/\/xstyle.md\/#\/schema\/logo\/image\/"},"sameAs":["https:\/\/www.facebook.com\/xstylemd","https:\/\/www.instagram.com\/xstyle_md\/","https:\/\/t.me\/xstyle_outdoor"],"hasMerchantReturnPolicy":{"@type":"MerchantReturnPolicy","merchantReturnLink":"https:\/\/xstyle.md\/ro\/conditions\/"}}]},"product_price_amount":"295.00","product_price_currency":"MDL","og_availability":"instock","product_availability":"instock","product_retailer_item_id":"8032621399692","product_condition":"new"},"post_mailing_queue_ids":[],"_links":{"self":[{"href":"https:\/\/xstyle.md\/ro\/wp-json\/wp\/v2\/product\/7984","targetHints":{"allow":["GET"]}}],"collection":[{"href":"https:\/\/xstyle.md\/ro\/wp-json\/wp\/v2\/product"}],"about":[{"href":"https:\/\/xstyle.md\/ro\/wp-json\/wp\/v2\/types\/product"}],"replies":[{"embeddable":true,"href":"https:\/\/xstyle.md\/ro\/wp-json\/wp\/v2\/comments?post=7984"}],"wp:featuredmedia":[{"embeddable":true,"href":"https:\/\/xstyle.md\/ro\/wp-json\/wp\/v2\/media\/7982"}],"wp:attachment":[{"href":"https:\/\/xstyle.md\/ro\/wp-json\/wp\/v2\/media?parent=7984"}],"wp:term":[{"taxonomy":"product_brand","embeddable":true,"href":"https:\/\/xstyle.md\/ro\/wp-json\/wp\/v2\/product_brand?post=7984"},{"taxonomy":"product_cat","embeddable":true,"href":"https:\/\/xstyle.md\/ro\/wp-json\/wp\/v2\/product_cat?post=7984"},{"taxonomy":"product_tag","embeddable":true,"href":"https:\/\/xstyle.md\/ro\/wp-json\/wp\/v2\/product_tag?post=7984"}],"curies":[{"name":"wp","href":"https:\/\/api.w.org\/{rel}","templated":true}]}}