{"id":79470,"date":"2024-01-30T14:05:10","date_gmt":"2024-01-30T11:05:10","guid":{"rendered":"https:\/\/xstyle.md\/?post_type=product&#038;p=79470"},"modified":"2026-02-16T15:16:47","modified_gmt":"2026-02-16T12:16:47","slug":"gornolyzhnye-palki-rossignol-tactic-carbon-safety","status":"publish","type":"product","link":"https:\/\/xstyle.md\/ro\/produs\/gornolyzhnye-palki-rossignol-tactic-carbon-safety\/","title":{"rendered":"Be\u021be schi Rossignol Tactic Carbon Safety"},"content":{"rendered":"<p><\/p>\n<p><strong>Rossignol Tactic Carbon Safety<\/strong> &#8212; sunt be\u021be de schi alpin u\u0219oare \u0219i versatile, a c\u0103ror tij\u0103 este fabricat\u0103 \u00een propor\u021bie de 20% din fibr\u0103 de carbon. M\u00e2nerele ergonomice asigur\u0103 o priz\u0103 confortabil\u0103 \u0219i ferm\u0103, \u00een timp ce curelele de siguran\u021b\u0103 cu eliberare rapid\u0103 se desfac \u0219i se desprind de pe m\u00e2n\u0103 \u00een cazul unei c\u0103deri. Structura bi-component\u0103 a m\u00e2nerului absoarbe eficient vibra\u021biile b\u0103\u021bului \u0219i ofer\u0103 o prindere mai sigur\u0103 \u0219i mai comod\u0103. Curea \u00een form\u0103 de V pentru confort sporit \u0219i o fixare precis\u0103.<\/p>\n<h3>Caracteristici<\/h3>\n<ul>\n<li>Material tij\u0103 &#8212; Carbon, Aluminiu<\/li>\n<li>Diametru tij\u0103- 14 mm<\/li>\n<li>Diametru rozet\u0103 &#8212; All Mountain 60 mm<\/li>\n<li>Curea (Temleac) &#8212; Safety Grip<\/li>\n<li>V\u00e2rf &#8212; O\u021bel<\/li>\n<li>Destina\u021bie &#8212; Universale<\/li>\n<\/ul>\n<h3>Tehnologii<\/h3>\n<ul>\n<li><strong>Safety Grip<\/strong> \u2013 o curea care, \u00een caz de c\u0103dere, avalan\u0219\u0103 sau alt\u0103 situa\u021bie de urgen\u021b\u0103 pe pant\u0103, permite desprinderea rapid\u0103 \u0219i u\u0219oar\u0103 a curelelor b\u0103\u021bului de m\u00e2ner, reduc\u00e2nd probabilitatea de accidentare, precum \u0219i deteriorarea b\u0103\u021bului.<\/li>\n<li><strong>Carbon Tube<\/strong> \u2013 tija din carbon asigur\u0103 o rezisten\u021b\u0103 ridicat\u0103, rigiditate \u0219i o greutate redus\u0103.<\/li>\n<\/ul>\n<p><\/p>\n<h3>Marca<\/h3>\n<p>\u00cen urm\u0103 cu mai bine de 100 de ani, mai precis \u00een 1907, \u00een ora\u0219ul Voiron, nu departe de Grenoble (Fran\u021ba), t\u00e2mplarul Abel Rossignol a creat o mic\u0103 firm\u0103 specializat\u0103 \u00een produc\u021bia de produse din lemn pentru industria textil\u0103. Deja \u00een acel moment, Abel Rossignol se g\u00e2ndea cum s\u0103 \u00eenfiin\u021beze produc\u021bia propriilor schiuri din lemn. Patru ani mai t\u00e2rziu, prima pereche de schiuri a v\u0103zut lumina.<\/p>\n<p>Deja \u00een 1911, dup\u0103 o expedi\u021bie \u00een Scandinavia, a fost creat un departament la firma care se ocupa exclusiv de schi. Ast\u0103zi, Rossignol combin\u0103 mai multe m\u0103rci: Rossignol, Dynastar, Lange \u0219i Risport \u0219i ofer\u0103 o gam\u0103 complet\u0103 de echipamente pentru sporturile de iarn\u0103 - totul pentru cei care iubesc sportul.<\/p>","protected":false},"excerpt":{"rendered":"<p>\u0411\u0440\u0435\u043d\u0434 \u0411\u043e\u043b\u0435\u0435 100 \u043b\u0435\u0442 \u043d\u0430\u0437\u0430\u0434, \u0430 \u0442\u043e\u0447\u043d\u0435\u0435 \u0432 1907-\u043c \u0433\u043e\u0434\u0443 \u0432 \u043c\u0435\u0441\u0442\u0435\u0447\u043a\u0435 \u0412\u0443\u0430\u0440\u043e\u043d, \u043d\u0435\u0434\u0430\u043b\u0435\u043a\u043e \u043e\u0442 \u0413\u0440\u0435\u043d\u043e\u0431\u043b\u044f (\u0424\u0440\u0430\u043d\u0446\u0438\u044f) \u043f\u043b\u043e\u0442\u043d\u0438\u043a \u0410\u0431\u0435\u043b\u044c \u0420\u043e\u0441\u0441\u0438\u043d\u044c\u043e\u043b\u044c \u0441\u043e\u0437\u0434\u0430\u043b \u043d\u0435\u0431\u043e\u043b\u044c\u0448\u0443\u044e \u0444\u0438\u0440\u043c\u0443, \u043a\u043e\u0442\u043e\u0440\u0430\u044f \u0441\u043f\u0435\u0446\u0438\u0430\u043b\u0438\u0437\u0438\u0440\u043e\u0432\u0430\u043b\u0430\u0441\u044c \u043d\u0430 \u0432\u044b\u043f\u0443\u0441\u043a\u0435 \u0434\u0435\u0440\u0435\u0432\u044f\u043d\u043d\u044b\u0445 \u0438\u0437\u0434\u0435\u043b\u0438\u0439 \u0434\u043b\u044f \u0442\u0435\u043a\u0441\u0442\u0438\u043b\u044c\u043d\u043e\u0439 \u043f\u0440\u043e\u043c\u044b\u0448\u043b\u0435\u043d\u043d\u043e\u0441\u0442\u0438. \u0423\u0436\u0435 \u0432 \u0442\u043e \u0432\u0440\u0435\u043c\u044f \u0410\u0431\u0435\u043b\u044c \u0420\u043e\u0441\u0441\u0438\u043d\u044c\u043e\u043b\u044c \u0437\u0430\u0434\u0443\u043c\u044b\u0432\u0430\u043b\u0441\u044f \u043e \u0442\u043e\u043c, \u043a\u0430\u043a \u043d\u0430\u043b\u0430\u0434\u0438\u0442\u044c \u043f\u0440\u043e\u0438\u0437\u0432\u043e\u0434\u0441\u0442\u0432\u043e \u0441\u043e\u0431\u0441\u0442\u0432\u0435\u043d\u043d\u044b\u0445 \u0434\u0435\u0440\u0435\u0432\u044f\u043d\u043d\u044b\u0445 \u043b\u044b\u0436. \u0421\u043f\u0443\u0441\u0442\u044f \u0447\u0435\u0442\u044b\u0440\u0435 \u0433\u043e\u0434\u0430 \u043f\u0435\u0440\u0432\u0430\u044f \u043f\u0430\u0440\u0430 \u043b\u044b\u0436 \u0443\u0432\u0438\u0434\u0435\u043b\u0430 \u0441\u0432\u0435\u0442. [&hellip;]<\/p>\n","protected":false},"featured_media":80213,"comment_status":"open","ping_status":"closed","template":"","meta":{"_acf_changed":false,"inline_featured_image":false},"product_brand":[1320],"product_cat":[399],"product_tag":[],"class_list":{"0":"post-79470","1":"product","2":"type-product","3":"status-publish","4":"has-post-thumbnail","6":"product_brand-rossignol","7":"product_cat-ski-poles","9":"first","10":"instock","11":"shipping-taxable","12":"purchasable","13":"product-type-simple"},"acf":[],"yoast_head":"<!-- This site is optimized with the Yoast SEO plugin v27.2 - https:\/\/yoast.com\/product\/yoast-seo-wordpress\/ -->\n<title>\u0413\u043e\u0440\u043d\u043e\u043b\u044b\u0436\u043d\u044b\u0435 \u043f\u0430\u043b\u043a\u0438 Rossignol Tactic Carbon Safety - \u041c\u0430\u0433\u0430\u0437\u0438\u043d Xstyle<\/title>\n<meta name=\"description\" content=\"\u041e\u0442\u043a\u0440\u043e\u0439\u0442\u0435 \u0434\u043b\u044f \u0441\u0435\u0431\u044f \u0433\u043e\u0440\u043d\u043e\u043b\u044b\u0436\u043d\u044b\u0435 \u043f\u0430\u043b\u043a\u0438 Rossignol Tactic Carbon Safety: \u043b\u0435\u0433\u043a\u0438\u0435 \u0443\u0433\u043b\u0435\u0440\u043e\u0434\u043d\u044b\u0435 \u0442\u0440\u0443\u0431\u043a\u0438, \u0441\u0438\u0441\u0442\u0435\u043c\u0430 \u0431\u0435\u0437\u043e\u043f\u0430\u0441\u043d\u043e\u0441\u0442\u0438 \u0438 \u0438\u0434\u0435\u0430\u043b\u044c\u043d\u043e\u0435 \u0441\u043e\u0447\u0435\u0442\u0430\u043d\u0438\u0435 \u0434\u043b\u044f \u0433\u043e\u0440\u043d\u044b\u0445 \u043f\u0440\u0438\u043a\u043b\u044e\u0447\u0435\u043d\u0438\u0439!\" \/>\n<meta name=\"robots\" content=\"index, follow, max-snippet:-1, max-image-preview:large, max-video-preview:-1\" \/>\n<link rel=\"canonical\" href=\"https:\/\/xstyle.md\/ro\/produs\/gornolyzhnye-palki-rossignol-tactic-carbon-safety\/\" \/>\n<meta property=\"og:locale\" content=\"ro_RO\" \/>\n<meta property=\"og:type\" content=\"article\" \/>\n<meta property=\"og:title\" content=\"\u0413\u043e\u0440\u043d\u043e\u043b\u044b\u0436\u043d\u044b\u0435 \u043f\u0430\u043b\u043a\u0438 Rossignol Tactic Carbon Safety - \u041c\u0430\u0433\u0430\u0437\u0438\u043d Xstyle\" \/>\n<meta property=\"og:description\" content=\"\u041e\u0442\u043a\u0440\u043e\u0439\u0442\u0435 \u0434\u043b\u044f \u0441\u0435\u0431\u044f \u0433\u043e\u0440\u043d\u043e\u043b\u044b\u0436\u043d\u044b\u0435 \u043f\u0430\u043b\u043a\u0438 Rossignol Tactic Carbon Safety: \u043b\u0435\u0433\u043a\u0438\u0435 \u0443\u0433\u043b\u0435\u0440\u043e\u0434\u043d\u044b\u0435 \u0442\u0440\u0443\u0431\u043a\u0438, \u0441\u0438\u0441\u0442\u0435\u043c\u0430 \u0431\u0435\u0437\u043e\u043f\u0430\u0441\u043d\u043e\u0441\u0442\u0438 \u0438 \u0438\u0434\u0435\u0430\u043b\u044c\u043d\u043e\u0435 \u0441\u043e\u0447\u0435\u0442\u0430\u043d\u0438\u0435 \u0434\u043b\u044f \u0433\u043e\u0440\u043d\u044b\u0445 \u043f\u0440\u0438\u043a\u043b\u044e\u0447\u0435\u043d\u0438\u0439!\" \/>\n<meta property=\"og:url\" content=\"https:\/\/xstyle.md\/ro\/produs\/gornolyzhnye-palki-rossignol-tactic-carbon-safety\/\" \/>\n<meta property=\"og:site_name\" content=\"\u041c\u0430\u0433\u0430\u0437\u0438\u043d Xstyle\" \/>\n<meta property=\"article:publisher\" content=\"https:\/\/www.facebook.com\/xstylemd\" \/>\n<meta property=\"article:modified_time\" content=\"2026-02-16T12:16:47+00:00\" \/>\n<meta property=\"og:image\" content=\"https:\/\/xstyle.md\/wp-content\/uploads\/2024\/01\/rossignol-tactic-carbon-safety.jpg\" \/>\n\t<meta property=\"og:image:width\" content=\"517\" \/>\n\t<meta property=\"og:image:height\" content=\"577\" \/>\n\t<meta property=\"og:image:type\" content=\"image\/jpeg\" \/>\n<meta name=\"twitter:card\" content=\"summary_large_image\" \/>\n<meta name=\"twitter:label1\" content=\"Pre\u021b\" \/>\n\t<meta name=\"twitter:data1\" content=\"1.950&nbsp;MDL\" \/>\n\t<meta name=\"twitter:label2\" content=\"Disponibilitate\" \/>\n\t<meta name=\"twitter:data2\" content=\"\u00cen stoc\" \/>\n<script type=\"application\/ld+json\" class=\"yoast-schema-graph\">{\"@context\":\"https:\/\/schema.org\",\"@graph\":[{\"@type\":\"WebPage\",\"@id\":\"https:\/\/xstyle.md\/product\/gornolyzhnye-palki-rossignol-tactic-carbon-safety\/\",\"url\":\"https:\/\/xstyle.md\/product\/gornolyzhnye-palki-rossignol-tactic-carbon-safety\/\",\"name\":\"\u0413\u043e\u0440\u043d\u043e\u043b\u044b\u0436\u043d\u044b\u0435 \u043f\u0430\u043b\u043a\u0438 Rossignol Tactic Carbon Safety - \u041c\u0430\u0433\u0430\u0437\u0438\u043d Xstyle\",\"isPartOf\":{\"@id\":\"https:\/\/xstyle.md\/#website\"},\"primaryImageOfPage\":{\"@id\":\"https:\/\/xstyle.md\/product\/gornolyzhnye-palki-rossignol-tactic-carbon-safety\/#primaryimage\"},\"image\":{\"@id\":\"https:\/\/xstyle.md\/product\/gornolyzhnye-palki-rossignol-tactic-carbon-safety\/#primaryimage\"},\"thumbnailUrl\":\"https:\/\/xstyle.md\/wp-content\/uploads\/2024\/01\/rossignol-tactic-carbon-safety.jpg\",\"datePublished\":\"2024-01-30T11:05:10+00:00\",\"dateModified\":\"2026-02-16T12:16:47+00:00\",\"description\":\"\u041e\u0442\u043a\u0440\u043e\u0439\u0442\u0435 \u0434\u043b\u044f \u0441\u0435\u0431\u044f \u0433\u043e\u0440\u043d\u043e\u043b\u044b\u0436\u043d\u044b\u0435 \u043f\u0430\u043b\u043a\u0438 Rossignol Tactic Carbon Safety: \u043b\u0435\u0433\u043a\u0438\u0435 \u0443\u0433\u043b\u0435\u0440\u043e\u0434\u043d\u044b\u0435 \u0442\u0440\u0443\u0431\u043a\u0438, \u0441\u0438\u0441\u0442\u0435\u043c\u0430 \u0431\u0435\u0437\u043e\u043f\u0430\u0441\u043d\u043e\u0441\u0442\u0438 \u0438 \u0438\u0434\u0435\u0430\u043b\u044c\u043d\u043e\u0435 \u0441\u043e\u0447\u0435\u0442\u0430\u043d\u0438\u0435 \u0434\u043b\u044f \u0433\u043e\u0440\u043d\u044b\u0445 \u043f\u0440\u0438\u043a\u043b\u044e\u0447\u0435\u043d\u0438\u0439!\",\"breadcrumb\":{\"@id\":\"https:\/\/xstyle.md\/product\/gornolyzhnye-palki-rossignol-tactic-carbon-safety\/#breadcrumb\"},\"inLanguage\":\"ro-RO\",\"potentialAction\":[{\"@type\":\"ReadAction\",\"target\":[\"https:\/\/xstyle.md\/product\/gornolyzhnye-palki-rossignol-tactic-carbon-safety\/\"]}]},{\"@type\":\"ImageObject\",\"inLanguage\":\"ro-RO\",\"@id\":\"https:\/\/xstyle.md\/product\/gornolyzhnye-palki-rossignol-tactic-carbon-safety\/#primaryimage\",\"url\":\"https:\/\/xstyle.md\/wp-content\/uploads\/2024\/01\/rossignol-tactic-carbon-safety.jpg\",\"contentUrl\":\"https:\/\/xstyle.md\/wp-content\/uploads\/2024\/01\/rossignol-tactic-carbon-safety.jpg\",\"width\":517,\"height\":577,\"caption\":\"\u0413\u043e\u0440\u043d\u043e\u043b\u044b\u0436\u043d\u044b\u0435 \u043f\u0430\u043b\u043a\u0438 Rossignol Tactic Carbon Safety \u0434\u043b\u044f \u0430\u043a\u0442\u0438\u0432\u043d\u043e\u0433\u043e \u043e\u0442\u0434\u044b\u0445\u0430, \u043f\u043e\u0445\u043e\u0434\u043e\u0432 \u0438 \u0433\u043e\u0440\u043d\u044b\u0445 \u043b\u044b\u0436, \u0441\u043f\u043e\u0440\u0442\u0438\u0432\u043d\u0430\u044f \u043e\u0431\u0443\u0432\u044c \u0438 \u044d\u043a\u0438\u043f\u0438\u0440\u043e\u0432\u043a\u0430 \u0434\u043b\u044f \u043f\u0443\u0442\u0435\u0448\u0435\u0441\u0442\u0432\u0438\u0439 \u0438 \u0430\u043b\u044c\u043f\u0438\u043d\u0438\u0437\u043c\u0430\"},{\"@type\":\"BreadcrumbList\",\"@id\":\"https:\/\/xstyle.md\/product\/gornolyzhnye-palki-rossignol-tactic-carbon-safety\/#breadcrumb\",\"itemListElement\":[{\"@type\":\"ListItem\",\"position\":1,\"name\":\"\u0413\u043b\u0430\u0432\u043d\u0430\u044f \u0441\u0442\u0440\u0430\u043d\u0438\u0446\u0430\",\"item\":\"https:\/\/xstyle.md\/\"},{\"@type\":\"ListItem\",\"position\":2,\"name\":\"\u041c\u0430\u0433\u0430\u0437\u0438\u043d\",\"item\":\"https:\/\/xstyle.md\/shop\/\"},{\"@type\":\"ListItem\",\"position\":3,\"name\":\"\u0413\u043e\u0440\u043d\u043e\u043b\u044b\u0436\u043d\u044b\u0435 \u043f\u0430\u043b\u043a\u0438 Rossignol Tactic Carbon Safety\"}]},{\"@type\":\"WebSite\",\"@id\":\"https:\/\/xstyle.md\/#website\",\"url\":\"https:\/\/xstyle.md\/\",\"name\":\"\u041c\u0430\u0433\u0430\u0437\u0438\u043d Xstyle\",\"description\":\"C\u043d\u0430\u0440\u044f\u0436\u0435\u043d\u0438\u0435 \u0434\u043b\u044f \u0442\u0443\u0440\u0438\u0437\u043c\u0430 \u0438 \u044d\u043a\u0441\u0442\u0440\u0435\u043c\u0430\u043b\u044c\u043d\u044b\u0445 \u0432\u0438\u0434\u043e\u0432 \u0441\u043f\u043e\u0440\u0442\u0430 \u0432 \u041c\u043e\u043b\u0434\u043e\u0432\u0435.. \u0426\u0435\u043d\u044b, \u0444\u043e\u0442\u043e, \u0445\u0430\u0440\u0430\u043a\u0442\u0435\u0440\u0438\u0441\u0442\u0438\u043a\u0438 \u0432 \u041c\u043e\u043b\u0434\u043e\u0432\u0435.\",\"publisher\":{\"@id\":\"https:\/\/xstyle.md\/#organization\"},\"alternateName\":\"X-Style\",\"potentialAction\":[{\"@type\":\"SearchAction\",\"target\":{\"@type\":\"EntryPoint\",\"urlTemplate\":\"https:\/\/xstyle.md\/?s={search_term_string}\"},\"query-input\":{\"@type\":\"PropertyValueSpecification\",\"valueRequired\":true,\"valueName\":\"search_term_string\"}}],\"inLanguage\":\"ro-RO\"},{\"@type\":\"Organization\",\"@id\":\"https:\/\/xstyle.md\/#organization\",\"name\":\"\u041c\u0430\u0433\u0430\u0437\u0438\u043d Xstyle\",\"alternateName\":\"x-style\",\"url\":\"https:\/\/xstyle.md\/\",\"logo\":{\"@type\":\"ImageObject\",\"inLanguage\":\"ro-RO\",\"@id\":\"https:\/\/xstyle.md\/#\/schema\/logo\/image\/\",\"url\":\"https:\/\/xstyle.md\/wp-content\/uploads\/2020\/06\/logoicon.svg\",\"contentUrl\":\"https:\/\/xstyle.md\/wp-content\/uploads\/2020\/06\/logoicon.svg\",\"caption\":\"\u041c\u0430\u0433\u0430\u0437\u0438\u043d Xstyle\"},\"image\":{\"@id\":\"https:\/\/xstyle.md\/#\/schema\/logo\/image\/\"},\"sameAs\":[\"https:\/\/www.facebook.com\/xstylemd\",\"https:\/\/www.instagram.com\/xstyle_md\/\",\"https:\/\/t.me\/xstyle_outdoor\"],\"hasMerchantReturnPolicy\":{\"@type\":\"MerchantReturnPolicy\",\"merchantReturnLink\":\"https:\/\/xstyle.md\/ro\/conditions\/\"}}]}<\/script>\n<meta property=\"product:price:amount\" content=\"1950.00\" \/>\n<meta property=\"product:price:currency\" content=\"MDL\" \/>\n<meta property=\"og:availability\" content=\"instock\" \/>\n<meta property=\"product:availability\" content=\"instock\" \/>\n<meta property=\"product:retailer_item_id\" content=\"3607683472871\" \/>\n<meta property=\"product:condition\" content=\"new\" \/>\n<!-- \/ Yoast SEO plugin. -->","yoast_head_json":{"title":"Bastoane de schi Rossignol Tactic Carbon Safety - Magazin Xstyle","description":"Descoperi\u021bi be\u021bele de schi Rossignol Tactic Carbon Safety: tuburi u\u0219oare din carbon, sistem de siguran\u021b\u0103 \u0219i combina\u021bia perfect\u0103 pentru aventuri montane!","robots":{"index":"index","follow":"follow","max-snippet":"max-snippet:-1","max-image-preview":"max-image-preview:large","max-video-preview":"max-video-preview:-1"},"canonical":"https:\/\/xstyle.md\/ro\/produs\/gornolyzhnye-palki-rossignol-tactic-carbon-safety\/","og_locale":"ro_RO","og_type":"article","og_title":"\u0413\u043e\u0440\u043d\u043e\u043b\u044b\u0436\u043d\u044b\u0435 \u043f\u0430\u043b\u043a\u0438 Rossignol Tactic Carbon Safety - \u041c\u0430\u0433\u0430\u0437\u0438\u043d Xstyle","og_description":"\u041e\u0442\u043a\u0440\u043e\u0439\u0442\u0435 \u0434\u043b\u044f \u0441\u0435\u0431\u044f \u0433\u043e\u0440\u043d\u043e\u043b\u044b\u0436\u043d\u044b\u0435 \u043f\u0430\u043b\u043a\u0438 Rossignol Tactic Carbon Safety: \u043b\u0435\u0433\u043a\u0438\u0435 \u0443\u0433\u043b\u0435\u0440\u043e\u0434\u043d\u044b\u0435 \u0442\u0440\u0443\u0431\u043a\u0438, \u0441\u0438\u0441\u0442\u0435\u043c\u0430 \u0431\u0435\u0437\u043e\u043f\u0430\u0441\u043d\u043e\u0441\u0442\u0438 \u0438 \u0438\u0434\u0435\u0430\u043b\u044c\u043d\u043e\u0435 \u0441\u043e\u0447\u0435\u0442\u0430\u043d\u0438\u0435 \u0434\u043b\u044f \u0433\u043e\u0440\u043d\u044b\u0445 \u043f\u0440\u0438\u043a\u043b\u044e\u0447\u0435\u043d\u0438\u0439!","og_url":"https:\/\/xstyle.md\/ro\/produs\/gornolyzhnye-palki-rossignol-tactic-carbon-safety\/","og_site_name":"\u041c\u0430\u0433\u0430\u0437\u0438\u043d Xstyle","article_publisher":"https:\/\/www.facebook.com\/xstylemd","article_modified_time":"2026-02-16T12:16:47+00:00","og_image":[{"width":517,"height":577,"url":"https:\/\/xstyle.md\/wp-content\/uploads\/2024\/01\/rossignol-tactic-carbon-safety.jpg","type":"image\/jpeg"}],"twitter_card":"summary_large_image","twitter_misc":{"Pre\u021b":"1.950&nbsp;MDL","Disponibilitate":"\u00cen stoc"},"schema":{"@context":"https:\/\/schema.org","@graph":[{"@type":"WebPage","@id":"https:\/\/xstyle.md\/product\/gornolyzhnye-palki-rossignol-tactic-carbon-safety\/","url":"https:\/\/xstyle.md\/product\/gornolyzhnye-palki-rossignol-tactic-carbon-safety\/","name":"Bastoane de schi Rossignol Tactic Carbon Safety - Magazin Xstyle","isPartOf":{"@id":"https:\/\/xstyle.md\/#website"},"primaryImageOfPage":{"@id":"https:\/\/xstyle.md\/product\/gornolyzhnye-palki-rossignol-tactic-carbon-safety\/#primaryimage"},"image":{"@id":"https:\/\/xstyle.md\/product\/gornolyzhnye-palki-rossignol-tactic-carbon-safety\/#primaryimage"},"thumbnailUrl":"https:\/\/xstyle.md\/wp-content\/uploads\/2024\/01\/rossignol-tactic-carbon-safety.jpg","datePublished":"2024-01-30T11:05:10+00:00","dateModified":"2026-02-16T12:16:47+00:00","description":"Descoperi\u021bi be\u021bele de schi Rossignol Tactic Carbon Safety: tuburi u\u0219oare din carbon, sistem de siguran\u021b\u0103 \u0219i combina\u021bia perfect\u0103 pentru aventuri montane!","breadcrumb":{"@id":"https:\/\/xstyle.md\/product\/gornolyzhnye-palki-rossignol-tactic-carbon-safety\/#breadcrumb"},"inLanguage":"ro-RO","potentialAction":[{"@type":"ReadAction","target":["https:\/\/xstyle.md\/product\/gornolyzhnye-palki-rossignol-tactic-carbon-safety\/"]}]},{"@type":"ImageObject","inLanguage":"ro-RO","@id":"https:\/\/xstyle.md\/product\/gornolyzhnye-palki-rossignol-tactic-carbon-safety\/#primaryimage","url":"https:\/\/xstyle.md\/wp-content\/uploads\/2024\/01\/rossignol-tactic-carbon-safety.jpg","contentUrl":"https:\/\/xstyle.md\/wp-content\/uploads\/2024\/01\/rossignol-tactic-carbon-safety.jpg","width":517,"height":577,"caption":"\u0413\u043e\u0440\u043d\u043e\u043b\u044b\u0436\u043d\u044b\u0435 \u043f\u0430\u043b\u043a\u0438 Rossignol Tactic Carbon Safety \u0434\u043b\u044f \u0430\u043a\u0442\u0438\u0432\u043d\u043e\u0433\u043e \u043e\u0442\u0434\u044b\u0445\u0430, \u043f\u043e\u0445\u043e\u0434\u043e\u0432 \u0438 \u0433\u043e\u0440\u043d\u044b\u0445 \u043b\u044b\u0436, \u0441\u043f\u043e\u0440\u0442\u0438\u0432\u043d\u0430\u044f \u043e\u0431\u0443\u0432\u044c \u0438 \u044d\u043a\u0438\u043f\u0438\u0440\u043e\u0432\u043a\u0430 \u0434\u043b\u044f \u043f\u0443\u0442\u0435\u0448\u0435\u0441\u0442\u0432\u0438\u0439 \u0438 \u0430\u043b\u044c\u043f\u0438\u043d\u0438\u0437\u043c\u0430"},{"@type":"BreadcrumbList","@id":"https:\/\/xstyle.md\/product\/gornolyzhnye-palki-rossignol-tactic-carbon-safety\/#breadcrumb","itemListElement":[{"@type":"ListItem","position":1,"name":"\u0413\u043b\u0430\u0432\u043d\u0430\u044f \u0441\u0442\u0440\u0430\u043d\u0438\u0446\u0430","item":"https:\/\/xstyle.md\/"},{"@type":"ListItem","position":2,"name":"\u041c\u0430\u0433\u0430\u0437\u0438\u043d","item":"https:\/\/xstyle.md\/shop\/"},{"@type":"ListItem","position":3,"name":"\u0413\u043e\u0440\u043d\u043e\u043b\u044b\u0436\u043d\u044b\u0435 \u043f\u0430\u043b\u043a\u0438 Rossignol Tactic Carbon Safety"}]},{"@type":"WebSite","@id":"https:\/\/xstyle.md\/#website","url":"https:\/\/xstyle.md\/","name":"Magazinul X-Style","description":"Echipamente pentru turism \u0219i sporturi extreme \u00een Moldova. Pre\u021buri, fotografii, caracteristici \u00een Moldova.","publisher":{"@id":"https:\/\/xstyle.md\/#organization"},"alternateName":"X-Style","potentialAction":[{"@type":"SearchAction","target":{"@type":"EntryPoint","urlTemplate":"https:\/\/xstyle.md\/?s={search_term_string}"},"query-input":{"@type":"PropertyValueSpecification","valueRequired":true,"valueName":"search_term_string"}}],"inLanguage":"ro-RO"},{"@type":"Organization","@id":"https:\/\/xstyle.md\/#organization","name":"Magazinul X-Style","alternateName":"x-style","url":"https:\/\/xstyle.md\/","logo":{"@type":"ImageObject","inLanguage":"ro-RO","@id":"https:\/\/xstyle.md\/#\/schema\/logo\/image\/","url":"https:\/\/xstyle.md\/wp-content\/uploads\/2020\/06\/logoicon.svg","contentUrl":"https:\/\/xstyle.md\/wp-content\/uploads\/2020\/06\/logoicon.svg","caption":"\u041c\u0430\u0433\u0430\u0437\u0438\u043d Xstyle"},"image":{"@id":"https:\/\/xstyle.md\/#\/schema\/logo\/image\/"},"sameAs":["https:\/\/www.facebook.com\/xstylemd","https:\/\/www.instagram.com\/xstyle_md\/","https:\/\/t.me\/xstyle_outdoor"],"hasMerchantReturnPolicy":{"@type":"MerchantReturnPolicy","merchantReturnLink":"https:\/\/xstyle.md\/ro\/conditions\/"}}]},"product_price_amount":"1950.00","product_price_currency":"MDL","og_availability":"instock","product_availability":"instock","product_retailer_item_id":"3607683472871","product_condition":"new"},"post_mailing_queue_ids":[],"_links":{"self":[{"href":"https:\/\/xstyle.md\/ro\/wp-json\/wp\/v2\/product\/79470","targetHints":{"allow":["GET"]}}],"collection":[{"href":"https:\/\/xstyle.md\/ro\/wp-json\/wp\/v2\/product"}],"about":[{"href":"https:\/\/xstyle.md\/ro\/wp-json\/wp\/v2\/types\/product"}],"replies":[{"embeddable":true,"href":"https:\/\/xstyle.md\/ro\/wp-json\/wp\/v2\/comments?post=79470"}],"wp:featuredmedia":[{"embeddable":true,"href":"https:\/\/xstyle.md\/ro\/wp-json\/wp\/v2\/media\/80213"}],"wp:attachment":[{"href":"https:\/\/xstyle.md\/ro\/wp-json\/wp\/v2\/media?parent=79470"}],"wp:term":[{"taxonomy":"product_brand","embeddable":true,"href":"https:\/\/xstyle.md\/ro\/wp-json\/wp\/v2\/product_brand?post=79470"},{"taxonomy":"product_cat","embeddable":true,"href":"https:\/\/xstyle.md\/ro\/wp-json\/wp\/v2\/product_cat?post=79470"},{"taxonomy":"product_tag","embeddable":true,"href":"https:\/\/xstyle.md\/ro\/wp-json\/wp\/v2\/product_tag?post=79470"}],"curies":[{"name":"wp","href":"https:\/\/api.w.org\/{rel}","templated":true}]}}