{"id":79458,"date":"2024-01-30T14:05:08","date_gmt":"2024-01-30T11:05:08","guid":{"rendered":"https:\/\/xstyle.md\/?post_type=product&#038;p=79458"},"modified":"2026-03-19T17:18:26","modified_gmt":"2026-03-19T14:18:26","slug":"kovrik-therm-a-rest-neoair-xtherm-nxt-r","status":"publish","type":"product","link":"https:\/\/xstyle.md\/ro\/produs\/kovrik-therm-a-rest-neoair-xtherm-nxt-r\/","title":{"rendered":"Saltea Therm-a-Rest NeoAir Xtherm NXT R"},"content":{"rendered":"<\/p>\n<p><strong>Therm-a-Rest NeoAir Xtherm NXT R<\/strong> &#8212; este cel mai cald covor gonflabil din colec\u021bia NeoAir. Ideal pentru cei care au nevoie de mai mult spa\u021biu de dormit.<\/p>\n<p>Conceput pentru camping de iarn\u0103, alpinism \u0219i popularul trend Fast &amp; Light. Cu o construc\u021bie de ultim\u0103 genera\u021bie a deflectoarelor interne Triangular Core Matrix\u2122 \u0219i tehnologia de reten\u021bie a c\u0103ldurii ThermaCapture\u2122, ofer\u0103 o valoare R de 7,3 \u0219i c\u00e2nt\u0103re\u0219te doar 570 g. Este cel mai u\u0219or covor de dormit pentru toate anotimpurile fabricat vreodat\u0103 \u0219i \u0219i-a c\u00e2\u0219tigat deja reputa\u021bia de echipament ideal pentru expedi\u021bii \u00een condi\u021bii de frig extrem.<\/p>\n<p>Deflectoarele orizontale triunghiulare dispuse \u00een dou\u0103 straturi ofer\u0103 confort \u0219i sus\u021binere pe tot parcursul nop\u021bii. \u00cen plus, aerul dintre baffles este practic neamestecat, men\u021bin\u00e2nd un nivel constant de c\u0103ldur\u0103. Partea inferioar\u0103 a saltelei este fabricat\u0103 din nailon 70D durabil, care va rezista utiliz\u0103rii prelungite \u00een expedi\u021bii. Supapa WingLock\u2122 permite umflarea \u0219i dezumflarea rapid\u0103 \u0219i ajustarea u\u0219oar\u0103, chiar \u0219i \u00een frig extrem \u0219i cu m\u0103nu\u0219i. \u00cen plus, salteaua se \u00eempacheteaz\u0103 compact \u0219i nu ocup\u0103 mai mult de 1 litru \u00eentr-un rucsac.<\/p>\n<h3>Particularit\u0103\u021bi<\/h3>\n<ul>\n<li>Cel mai bun raport c\u0103ldur\u0103\/greutate de p\u00e2n\u0103 acum: construc\u021bia avansat\u0103 Triangular Core Matrix\u2122 \u0219i tehnologia ThermaCapture\u2122 ofer\u0103 o valoare R de p\u00e2n\u0103 la 7,3, \u00een timp ce c\u00e2nt\u0103re\u0219te doar 570 g<\/li>\n<li>Confort premium: grosimea de 7,6 cm \u0219i designul cu deflectoare orizontale asigur\u0103 un covor confortabil \u0219i u\u0219or<\/li>\n<li>Durabilitate ultra-u\u0219oar\u0103: suprafa\u021ba inferioar\u0103 din nailon 70D rezist\u0103 la uzura utiliz\u0103rii prelungite \u00een expedi\u021bii, \u00een timp ce partea superioar\u0103 din nailon ripstop 30D asigur\u0103 o ambalare u\u0219oar\u0103 \u0219i u\u0219oar\u0103<\/li>\n<li>Supapa WingLock\u2122 v\u0103 permite s\u0103 umfla\u021bi \u0219i s\u0103 dezumfla\u021bi rapid salteaua \u0219i s\u0103 regla\u021bi aerul chiar \u0219i atunci c\u00e2nd sunte\u021bi \u00eentins pe saltea \u0219i purta\u021bi m\u0103nu\u0219i.<\/li>\n<li>Include geant\u0103 pentru pomp\u0103, geant\u0103 de depozitare \u0219i kit de repara\u021bii<\/li>\n<\/ul>\n<h3>Caracteristici<\/h3>\n<ul>\n<li>Material &#8212; 30D rip HT Nylon, 70D Nylon<\/li>\n<li>Dimensiuni ambalate &#8212; 23 x 11 cm<\/li>\n<li>Dimensiuni &#8212; 183 x 51 cm<\/li>\n<li>Grosime &#8212; 7,6 cm<\/li>\n<li>Valoare R &#8212; 7,3<\/li>\n<li>Greutate &#8212; 440 g<\/li>\n<\/ul>\n<h3>Tehnologie<\/h3>\n<ul>\n<li><strong>R-value<\/strong> \u2013 este o caracteristic\u0103 a izola\u021biei termice a saltelei \u00een stare complet umflat\u0103. Cu c\u00e2t num\u0103rul este mai mare, cu at\u00e2t mai cald \u0219i mai confortabil va fi covorul dumneavoastr\u0103. Pute\u021bi cre\u0219te valoarea R prin umflarea suplimentar\u0103 a covorului.<\/li>\n<\/ul>\n<h3>Marca<\/h3>\n<p>Marca Therm-a-rest este un pionier \u00een inventarea saltelelor autogonflabile, motiv pentru care Therm-a-rest este foarte confortabil pe pia\u021ba \u00een aer liber. Dar ofer\u0103 nu numai saltele pentru dormit, ci \u0219i perne pentru drume\u021bii, perne elegante din spum\u0103, scaune gonflabile, \u0219ezlonguri compacte, scaune pliabile.<\/p>\n<p>Culorile vii, designul futurist \u0219i solu\u021biile de design \u00eendr\u0103zne\u021be fac ca produsele Therm-a-rest s\u0103 fie recunoscute \u00een \u00eentreaga lume at\u00e2t \u00een r\u00e2ndul c\u0103l\u0103torilor pe distan\u021be lungi, c\u00e2t \u0219i al celor care doresc s\u0103 petreac\u0103 confortabil un weekend \u00een natur\u0103.<\/p>\n<p><\/p>","protected":false},"excerpt":{"rendered":"","protected":false},"featured_media":80052,"comment_status":"open","ping_status":"closed","template":"","meta":{"_acf_changed":false,"inline_featured_image":false},"product_brand":[1286],"product_cat":[201],"product_tag":[],"class_list":{"0":"post-79458","1":"product","2":"type-product","3":"status-publish","4":"has-post-thumbnail","6":"product_brand-therm-a-rest","7":"product_cat-inflatable-mats","9":"first","10":"instock","11":"shipping-taxable","12":"purchasable","13":"product-type-simple"},"acf":[],"yoast_head":"<!-- This site is optimized with the Yoast SEO plugin v27.2 - https:\/\/yoast.com\/product\/yoast-seo-wordpress\/ -->\n<title>\u041a\u043e\u0432\u0440\u0438\u043a Therm-a-Rest NeoAir Xtherm NXT R - \u041c\u0430\u0433\u0430\u0437\u0438\u043d Xstyle<\/title>\n<meta name=\"description\" content=\"\u041a\u043e\u0432\u0440\u0438\u043a Therm-a-Rest NeoAir Xtherm NXT R - \u043b\u0435\u0433\u043a\u0438\u0439 \u0438 \u0442\u0435\u043f\u043b\u044b\u0439, RValue 7.3. \u0418\u0434\u0435\u0430\u043b\u0435\u043d \u0434\u043b\u044f \u043f\u0443\u0442\u0435\u0448\u0435\u0441\u0442\u0432\u0438\u0439. \u0423\u0434\u043e\u0431\u043d\u044b\u0439 \u0438 \u043f\u0440\u043e\u0447\u043d\u044b\u0439, \u043e\u0431\u0435\u0441\u043f\u0435\u0447\u0438\u0432\u0430\u0435\u0442 \u043c\u0430\u043a\u0441\u0438\u043c\u0430\u043b\u044c\u043d\u044b\u0439 \u043a\u043e\u043c\u0444\u043e\u0440\u0442.\" \/>\n<meta name=\"robots\" content=\"index, follow, max-snippet:-1, max-image-preview:large, max-video-preview:-1\" \/>\n<link rel=\"canonical\" href=\"https:\/\/xstyle.md\/ro\/produs\/kovrik-therm-a-rest-neoair-xtherm-nxt-r\/\" \/>\n<meta property=\"og:locale\" content=\"ro_RO\" \/>\n<meta property=\"og:type\" content=\"article\" \/>\n<meta property=\"og:title\" content=\"\u041a\u043e\u0432\u0440\u0438\u043a Therm-a-Rest NeoAir Xtherm NXT R - \u041c\u0430\u0433\u0430\u0437\u0438\u043d Xstyle\" \/>\n<meta property=\"og:description\" content=\"\u041a\u043e\u0432\u0440\u0438\u043a Therm-a-Rest NeoAir Xtherm NXT R - \u043b\u0435\u0433\u043a\u0438\u0439 \u0438 \u0442\u0435\u043f\u043b\u044b\u0439, RValue 7.3. \u0418\u0434\u0435\u0430\u043b\u0435\u043d \u0434\u043b\u044f \u043f\u0443\u0442\u0435\u0448\u0435\u0441\u0442\u0432\u0438\u0439. \u0423\u0434\u043e\u0431\u043d\u044b\u0439 \u0438 \u043f\u0440\u043e\u0447\u043d\u044b\u0439, \u043e\u0431\u0435\u0441\u043f\u0435\u0447\u0438\u0432\u0430\u0435\u0442 \u043c\u0430\u043a\u0441\u0438\u043c\u0430\u043b\u044c\u043d\u044b\u0439 \u043a\u043e\u043c\u0444\u043e\u0440\u0442.\" \/>\n<meta property=\"og:url\" content=\"https:\/\/xstyle.md\/ro\/produs\/kovrik-therm-a-rest-neoair-xtherm-nxt-r\/\" \/>\n<meta property=\"og:site_name\" content=\"\u041c\u0430\u0433\u0430\u0437\u0438\u043d Xstyle\" \/>\n<meta property=\"article:publisher\" content=\"https:\/\/www.facebook.com\/xstylemd\" \/>\n<meta property=\"article:modified_time\" content=\"2026-03-19T14:18:26+00:00\" \/>\n<meta property=\"og:image\" content=\"https:\/\/xstyle.md\/wp-content\/uploads\/2024\/01\/therm-a-rest-neoair-xtherm-nxt-r.jpg\" \/>\n\t<meta property=\"og:image:width\" content=\"2099\" \/>\n\t<meta property=\"og:image:height\" content=\"2081\" \/>\n\t<meta property=\"og:image:type\" content=\"image\/jpeg\" \/>\n<meta name=\"twitter:card\" content=\"summary_large_image\" \/>\n<meta name=\"twitter:label1\" content=\"Pre\u021b\" \/>\n\t<meta name=\"twitter:data1\" content=\"5.990&nbsp;MDL\" \/>\n\t<meta name=\"twitter:label2\" content=\"Disponibilitate\" \/>\n\t<meta name=\"twitter:data2\" content=\"\u00cen stoc\" \/>\n<script type=\"application\/ld+json\" class=\"yoast-schema-graph\">{\"@context\":\"https:\/\/schema.org\",\"@graph\":[{\"@type\":\"WebPage\",\"@id\":\"https:\/\/xstyle.md\/product\/kovrik-therm-a-rest-neoair-xtherm-nxt-r\/\",\"url\":\"https:\/\/xstyle.md\/product\/kovrik-therm-a-rest-neoair-xtherm-nxt-r\/\",\"name\":\"\u041a\u043e\u0432\u0440\u0438\u043a Therm-a-Rest NeoAir Xtherm NXT R - \u041c\u0430\u0433\u0430\u0437\u0438\u043d Xstyle\",\"isPartOf\":{\"@id\":\"https:\/\/xstyle.md\/#website\"},\"primaryImageOfPage\":{\"@id\":\"https:\/\/xstyle.md\/product\/kovrik-therm-a-rest-neoair-xtherm-nxt-r\/#primaryimage\"},\"image\":{\"@id\":\"https:\/\/xstyle.md\/product\/kovrik-therm-a-rest-neoair-xtherm-nxt-r\/#primaryimage\"},\"thumbnailUrl\":\"https:\/\/xstyle.md\/wp-content\/uploads\/2024\/01\/therm-a-rest-neoair-xtherm-nxt-r.jpg\",\"datePublished\":\"2024-01-30T11:05:08+00:00\",\"dateModified\":\"2026-03-19T14:18:26+00:00\",\"description\":\"\u041a\u043e\u0432\u0440\u0438\u043a Therm-a-Rest NeoAir Xtherm NXT R - \u043b\u0435\u0433\u043a\u0438\u0439 \u0438 \u0442\u0435\u043f\u043b\u044b\u0439, RValue 7.3. \u0418\u0434\u0435\u0430\u043b\u0435\u043d \u0434\u043b\u044f \u043f\u0443\u0442\u0435\u0448\u0435\u0441\u0442\u0432\u0438\u0439. \u0423\u0434\u043e\u0431\u043d\u044b\u0439 \u0438 \u043f\u0440\u043e\u0447\u043d\u044b\u0439, \u043e\u0431\u0435\u0441\u043f\u0435\u0447\u0438\u0432\u0430\u0435\u0442 \u043c\u0430\u043a\u0441\u0438\u043c\u0430\u043b\u044c\u043d\u044b\u0439 \u043a\u043e\u043c\u0444\u043e\u0440\u0442.\",\"breadcrumb\":{\"@id\":\"https:\/\/xstyle.md\/product\/kovrik-therm-a-rest-neoair-xtherm-nxt-r\/#breadcrumb\"},\"inLanguage\":\"ro-RO\",\"potentialAction\":[{\"@type\":\"ReadAction\",\"target\":[\"https:\/\/xstyle.md\/product\/kovrik-therm-a-rest-neoair-xtherm-nxt-r\/\"]}]},{\"@type\":\"ImageObject\",\"inLanguage\":\"ro-RO\",\"@id\":\"https:\/\/xstyle.md\/product\/kovrik-therm-a-rest-neoair-xtherm-nxt-r\/#primaryimage\",\"url\":\"https:\/\/xstyle.md\/wp-content\/uploads\/2024\/01\/therm-a-rest-neoair-xtherm-nxt-r.jpg\",\"contentUrl\":\"https:\/\/xstyle.md\/wp-content\/uploads\/2024\/01\/therm-a-rest-neoair-xtherm-nxt-r.jpg\",\"width\":1920,\"height\":1904,\"caption\":\"\u041a\u043e\u0432\u0440\u0438\u043a Therm-a-Rest NeoAir Xtherm NXT R \u0434\u043b\u044f \u0430\u043a\u0442\u0438\u0432\u043d\u043e\u0433\u043e \u043e\u0442\u0434\u044b\u0445\u0430 \u0438 \u043f\u043e\u0445\u043e\u0434\u043e\u0432, \u0442\u0443\u0440\u0438\u0441\u0442\u0438\u0447\u0435\u0441\u043a\u0430\u044f \u0438 \u0430\u043b\u044c\u043f\u0438\u043d\u0438\u0441\u0442\u0441\u043a\u0430\u044f \u044d\u043a\u0438\u043f\u0438\u0440\u043e\u0432\u043a\u0430, \u043e\u0431\u0443\u0432\u044c \u0438 \u043e\u0434\u0435\u0436\u0434\u0430 \u0434\u043b\u044f \u043f\u0443\u0442\u0435\u0448\u0435\u0441\u0442\u0432\u0438\u0439 \u0432 \u0438\u043d\u0442\u0435\u0440\u043d\u0435\u0442-\u043c\u0430\u0433\u0430\u0437\u0438\u043d\u0435\"},{\"@type\":\"BreadcrumbList\",\"@id\":\"https:\/\/xstyle.md\/product\/kovrik-therm-a-rest-neoair-xtherm-nxt-r\/#breadcrumb\",\"itemListElement\":[{\"@type\":\"ListItem\",\"position\":1,\"name\":\"\u0413\u043b\u0430\u0432\u043d\u0430\u044f \u0441\u0442\u0440\u0430\u043d\u0438\u0446\u0430\",\"item\":\"https:\/\/xstyle.md\/\"},{\"@type\":\"ListItem\",\"position\":2,\"name\":\"\u041c\u0430\u0433\u0430\u0437\u0438\u043d\",\"item\":\"https:\/\/xstyle.md\/shop\/\"},{\"@type\":\"ListItem\",\"position\":3,\"name\":\"\u041a\u043e\u0432\u0440\u0438\u043a Therm-a-Rest NeoAir Xtherm NXT R\"}]},{\"@type\":\"WebSite\",\"@id\":\"https:\/\/xstyle.md\/#website\",\"url\":\"https:\/\/xstyle.md\/\",\"name\":\"\u041c\u0430\u0433\u0430\u0437\u0438\u043d Xstyle\",\"description\":\"C\u043d\u0430\u0440\u044f\u0436\u0435\u043d\u0438\u0435 \u0434\u043b\u044f \u0442\u0443\u0440\u0438\u0437\u043c\u0430 \u0438 \u044d\u043a\u0441\u0442\u0440\u0435\u043c\u0430\u043b\u044c\u043d\u044b\u0445 \u0432\u0438\u0434\u043e\u0432 \u0441\u043f\u043e\u0440\u0442\u0430 \u0432 \u041c\u043e\u043b\u0434\u043e\u0432\u0435.. \u0426\u0435\u043d\u044b, \u0444\u043e\u0442\u043e, \u0445\u0430\u0440\u0430\u043a\u0442\u0435\u0440\u0438\u0441\u0442\u0438\u043a\u0438 \u0432 \u041c\u043e\u043b\u0434\u043e\u0432\u0435.\",\"publisher\":{\"@id\":\"https:\/\/xstyle.md\/#organization\"},\"alternateName\":\"X-Style\",\"potentialAction\":[{\"@type\":\"SearchAction\",\"target\":{\"@type\":\"EntryPoint\",\"urlTemplate\":\"https:\/\/xstyle.md\/?s={search_term_string}\"},\"query-input\":{\"@type\":\"PropertyValueSpecification\",\"valueRequired\":true,\"valueName\":\"search_term_string\"}}],\"inLanguage\":\"ro-RO\"},{\"@type\":\"Organization\",\"@id\":\"https:\/\/xstyle.md\/#organization\",\"name\":\"\u041c\u0430\u0433\u0430\u0437\u0438\u043d Xstyle\",\"alternateName\":\"x-style\",\"url\":\"https:\/\/xstyle.md\/\",\"logo\":{\"@type\":\"ImageObject\",\"inLanguage\":\"ro-RO\",\"@id\":\"https:\/\/xstyle.md\/#\/schema\/logo\/image\/\",\"url\":\"https:\/\/xstyle.md\/wp-content\/uploads\/2020\/06\/logoicon.svg\",\"contentUrl\":\"https:\/\/xstyle.md\/wp-content\/uploads\/2020\/06\/logoicon.svg\",\"caption\":\"\u041c\u0430\u0433\u0430\u0437\u0438\u043d Xstyle\"},\"image\":{\"@id\":\"https:\/\/xstyle.md\/#\/schema\/logo\/image\/\"},\"sameAs\":[\"https:\/\/www.facebook.com\/xstylemd\",\"https:\/\/www.instagram.com\/xstyle_md\/\",\"https:\/\/t.me\/xstyle_outdoor\"],\"hasMerchantReturnPolicy\":{\"@type\":\"MerchantReturnPolicy\",\"merchantReturnLink\":\"https:\/\/xstyle.md\/ro\/conditions\/\"}}]}<\/script>\n<meta property=\"product:price:amount\" content=\"5990.00\" \/>\n<meta property=\"product:price:currency\" content=\"MDL\" \/>\n<meta property=\"og:availability\" content=\"instock\" \/>\n<meta property=\"product:availability\" content=\"instock\" \/>\n<meta property=\"product:retailer_item_id\" content=\"40818116333\" \/>\n<meta property=\"product:condition\" content=\"new\" \/>\n<!-- \/ Yoast SEO plugin. -->","yoast_head_json":{"title":"Covoras Therm-a-Rest NeoAir Xtherm NXT R - Magazin Xstyle","description":"Salteaua Therm-a-Rest NeoAir Xtherm NXT R - u\u0219oar\u0103 \u0219i cald\u0103, cu RValue 7.3. Ideal\u0103 pentru c\u0103l\u0103torii. Confortabil\u0103 \u0219i durabil\u0103, ofer\u0103 maximul de confort.","robots":{"index":"index","follow":"follow","max-snippet":"max-snippet:-1","max-image-preview":"max-image-preview:large","max-video-preview":"max-video-preview:-1"},"canonical":"https:\/\/xstyle.md\/ro\/produs\/kovrik-therm-a-rest-neoair-xtherm-nxt-r\/","og_locale":"ro_RO","og_type":"article","og_title":"\u041a\u043e\u0432\u0440\u0438\u043a Therm-a-Rest NeoAir Xtherm NXT R - \u041c\u0430\u0433\u0430\u0437\u0438\u043d Xstyle","og_description":"\u041a\u043e\u0432\u0440\u0438\u043a Therm-a-Rest NeoAir Xtherm NXT R - \u043b\u0435\u0433\u043a\u0438\u0439 \u0438 \u0442\u0435\u043f\u043b\u044b\u0439, RValue 7.3. \u0418\u0434\u0435\u0430\u043b\u0435\u043d \u0434\u043b\u044f \u043f\u0443\u0442\u0435\u0448\u0435\u0441\u0442\u0432\u0438\u0439. \u0423\u0434\u043e\u0431\u043d\u044b\u0439 \u0438 \u043f\u0440\u043e\u0447\u043d\u044b\u0439, \u043e\u0431\u0435\u0441\u043f\u0435\u0447\u0438\u0432\u0430\u0435\u0442 \u043c\u0430\u043a\u0441\u0438\u043c\u0430\u043b\u044c\u043d\u044b\u0439 \u043a\u043e\u043c\u0444\u043e\u0440\u0442.","og_url":"https:\/\/xstyle.md\/ro\/produs\/kovrik-therm-a-rest-neoair-xtherm-nxt-r\/","og_site_name":"\u041c\u0430\u0433\u0430\u0437\u0438\u043d Xstyle","article_publisher":"https:\/\/www.facebook.com\/xstylemd","article_modified_time":"2026-03-19T14:18:26+00:00","og_image":[{"width":2099,"height":2081,"url":"https:\/\/xstyle.md\/wp-content\/uploads\/2024\/01\/therm-a-rest-neoair-xtherm-nxt-r.jpg","type":"image\/jpeg"}],"twitter_card":"summary_large_image","twitter_misc":{"Pre\u021b":"5.990&nbsp;MDL","Disponibilitate":"\u00cen stoc"},"schema":{"@context":"https:\/\/schema.org","@graph":[{"@type":"WebPage","@id":"https:\/\/xstyle.md\/product\/kovrik-therm-a-rest-neoair-xtherm-nxt-r\/","url":"https:\/\/xstyle.md\/product\/kovrik-therm-a-rest-neoair-xtherm-nxt-r\/","name":"Covoras Therm-a-Rest NeoAir Xtherm NXT R - Magazin Xstyle","isPartOf":{"@id":"https:\/\/xstyle.md\/#website"},"primaryImageOfPage":{"@id":"https:\/\/xstyle.md\/product\/kovrik-therm-a-rest-neoair-xtherm-nxt-r\/#primaryimage"},"image":{"@id":"https:\/\/xstyle.md\/product\/kovrik-therm-a-rest-neoair-xtherm-nxt-r\/#primaryimage"},"thumbnailUrl":"https:\/\/xstyle.md\/wp-content\/uploads\/2024\/01\/therm-a-rest-neoair-xtherm-nxt-r.jpg","datePublished":"2024-01-30T11:05:08+00:00","dateModified":"2026-03-19T14:18:26+00:00","description":"Salteaua Therm-a-Rest NeoAir Xtherm NXT R - u\u0219oar\u0103 \u0219i cald\u0103, cu RValue 7.3. Ideal\u0103 pentru c\u0103l\u0103torii. Confortabil\u0103 \u0219i durabil\u0103, ofer\u0103 maximul de confort.","breadcrumb":{"@id":"https:\/\/xstyle.md\/product\/kovrik-therm-a-rest-neoair-xtherm-nxt-r\/#breadcrumb"},"inLanguage":"ro-RO","potentialAction":[{"@type":"ReadAction","target":["https:\/\/xstyle.md\/product\/kovrik-therm-a-rest-neoair-xtherm-nxt-r\/"]}]},{"@type":"ImageObject","inLanguage":"ro-RO","@id":"https:\/\/xstyle.md\/product\/kovrik-therm-a-rest-neoair-xtherm-nxt-r\/#primaryimage","url":"https:\/\/xstyle.md\/wp-content\/uploads\/2024\/01\/therm-a-rest-neoair-xtherm-nxt-r.jpg","contentUrl":"https:\/\/xstyle.md\/wp-content\/uploads\/2024\/01\/therm-a-rest-neoair-xtherm-nxt-r.jpg","width":1920,"height":1904,"caption":"\u041a\u043e\u0432\u0440\u0438\u043a Therm-a-Rest NeoAir Xtherm NXT R \u0434\u043b\u044f \u0430\u043a\u0442\u0438\u0432\u043d\u043e\u0433\u043e \u043e\u0442\u0434\u044b\u0445\u0430 \u0438 \u043f\u043e\u0445\u043e\u0434\u043e\u0432, \u0442\u0443\u0440\u0438\u0441\u0442\u0438\u0447\u0435\u0441\u043a\u0430\u044f \u0438 \u0430\u043b\u044c\u043f\u0438\u043d\u0438\u0441\u0442\u0441\u043a\u0430\u044f \u044d\u043a\u0438\u043f\u0438\u0440\u043e\u0432\u043a\u0430, \u043e\u0431\u0443\u0432\u044c \u0438 \u043e\u0434\u0435\u0436\u0434\u0430 \u0434\u043b\u044f \u043f\u0443\u0442\u0435\u0448\u0435\u0441\u0442\u0432\u0438\u0439 \u0432 \u0438\u043d\u0442\u0435\u0440\u043d\u0435\u0442-\u043c\u0430\u0433\u0430\u0437\u0438\u043d\u0435"},{"@type":"BreadcrumbList","@id":"https:\/\/xstyle.md\/product\/kovrik-therm-a-rest-neoair-xtherm-nxt-r\/#breadcrumb","itemListElement":[{"@type":"ListItem","position":1,"name":"\u0413\u043b\u0430\u0432\u043d\u0430\u044f \u0441\u0442\u0440\u0430\u043d\u0438\u0446\u0430","item":"https:\/\/xstyle.md\/"},{"@type":"ListItem","position":2,"name":"\u041c\u0430\u0433\u0430\u0437\u0438\u043d","item":"https:\/\/xstyle.md\/shop\/"},{"@type":"ListItem","position":3,"name":"\u041a\u043e\u0432\u0440\u0438\u043a Therm-a-Rest NeoAir Xtherm NXT R"}]},{"@type":"WebSite","@id":"https:\/\/xstyle.md\/#website","url":"https:\/\/xstyle.md\/","name":"Magazinul X-Style","description":"Echipamente pentru turism \u0219i sporturi extreme \u00een Moldova. Pre\u021buri, fotografii, caracteristici \u00een Moldova.","publisher":{"@id":"https:\/\/xstyle.md\/#organization"},"alternateName":"X-Style","potentialAction":[{"@type":"SearchAction","target":{"@type":"EntryPoint","urlTemplate":"https:\/\/xstyle.md\/?s={search_term_string}"},"query-input":{"@type":"PropertyValueSpecification","valueRequired":true,"valueName":"search_term_string"}}],"inLanguage":"ro-RO"},{"@type":"Organization","@id":"https:\/\/xstyle.md\/#organization","name":"Magazinul X-Style","alternateName":"x-style","url":"https:\/\/xstyle.md\/","logo":{"@type":"ImageObject","inLanguage":"ro-RO","@id":"https:\/\/xstyle.md\/#\/schema\/logo\/image\/","url":"https:\/\/xstyle.md\/wp-content\/uploads\/2020\/06\/logoicon.svg","contentUrl":"https:\/\/xstyle.md\/wp-content\/uploads\/2020\/06\/logoicon.svg","caption":"\u041c\u0430\u0433\u0430\u0437\u0438\u043d Xstyle"},"image":{"@id":"https:\/\/xstyle.md\/#\/schema\/logo\/image\/"},"sameAs":["https:\/\/www.facebook.com\/xstylemd","https:\/\/www.instagram.com\/xstyle_md\/","https:\/\/t.me\/xstyle_outdoor"],"hasMerchantReturnPolicy":{"@type":"MerchantReturnPolicy","merchantReturnLink":"https:\/\/xstyle.md\/ro\/conditions\/"}}]},"product_price_amount":"5990.00","product_price_currency":"MDL","og_availability":"instock","product_availability":"instock","product_retailer_item_id":"40818116333","product_condition":"new"},"post_mailing_queue_ids":[],"_links":{"self":[{"href":"https:\/\/xstyle.md\/ro\/wp-json\/wp\/v2\/product\/79458","targetHints":{"allow":["GET"]}}],"collection":[{"href":"https:\/\/xstyle.md\/ro\/wp-json\/wp\/v2\/product"}],"about":[{"href":"https:\/\/xstyle.md\/ro\/wp-json\/wp\/v2\/types\/product"}],"replies":[{"embeddable":true,"href":"https:\/\/xstyle.md\/ro\/wp-json\/wp\/v2\/comments?post=79458"}],"wp:featuredmedia":[{"embeddable":true,"href":"https:\/\/xstyle.md\/ro\/wp-json\/wp\/v2\/media\/80052"}],"wp:attachment":[{"href":"https:\/\/xstyle.md\/ro\/wp-json\/wp\/v2\/media?parent=79458"}],"wp:term":[{"taxonomy":"product_brand","embeddable":true,"href":"https:\/\/xstyle.md\/ro\/wp-json\/wp\/v2\/product_brand?post=79458"},{"taxonomy":"product_cat","embeddable":true,"href":"https:\/\/xstyle.md\/ro\/wp-json\/wp\/v2\/product_cat?post=79458"},{"taxonomy":"product_tag","embeddable":true,"href":"https:\/\/xstyle.md\/ro\/wp-json\/wp\/v2\/product_tag?post=79458"}],"curies":[{"name":"wp","href":"https:\/\/api.w.org\/{rel}","templated":true}]}}