{"id":79456,"date":"2024-01-30T14:05:08","date_gmt":"2024-01-30T11:05:08","guid":{"rendered":"https:\/\/xstyle.md\/?post_type=product&#038;p=79456"},"modified":"2024-10-03T01:40:40","modified_gmt":"2024-10-02T22:40:40","slug":"polotencze-packtowl-recluxe-body-xl","status":"publish","type":"product","link":"https:\/\/xstyle.md\/ro\/produs\/polotencze-packtowl-recluxe-body-xl\/","title":{"rendered":"Prosop PackTowl RecLuxe Body XL"},"content":{"rendered":"<\/p>\n<p><strong>PackTowl RecLuxe Body XL<\/strong> &#8212; prosop excelent cu uscare rapid\u0103. Potrivit pentru c\u0103l\u0103torii, drume\u021bii, camping, plaj\u0103, piscin\u0103 \u0219i sal\u0103 de gimnastic\u0103. Are o suprafa\u021b\u0103 moale, pl\u0103cut\u0103 la atingere. Tehnologia Polygeine previne mirosurile \u0219i ajut\u0103 la men\u021binerea prospe\u021bimii prosopului pentru mai mult timp. Absoarbe de p\u00e2n\u0103 la 5 ori greutatea sa. Se usuc\u0103 cu aproximativ 30% mai repede dec\u00e2t prosoapele din bumbac.<\/p>\n<h3>Particularit\u0103\u021bi<\/h3>\n<ul>\n<li>\u021aes\u0103tur\u0103 moale de tip terry: \u021bes\u0103tura tricotat\u0103 din microfibr\u0103 cu bucle ultra largi arat\u0103 exact ca prosoapele de bumbac pufoase de acas\u0103<\/li>\n<li>Absorb\u021bie de 5 ori mai mare: \u021bes\u0103tura absorbant\u0103, care poate fi stoars\u0103 cu u\u0219urin\u021b\u0103, absoarbe de 5 ori mai mult\u0103 ap\u0103 dec\u00e2t propria greutate<\/li>\n<li>Uscare rapid\u0103: se usuc\u0103 cu 30% mai repede dec\u00e2t bumbacul<\/li>\n<li>Prospe\u021bime: controlul mirosului prin ioni de argint ajut\u0103 la men\u021binerea prospe\u021bimii prospe\u021bimii prosopului dvs.<\/li>\n<li>Compact: ocup\u0103 mai pu\u021bin spa\u021biu dec\u00e2t op\u021biunile comparabile din bumbac<\/li>\n<li>Bucla de ag\u0103\u021bat \u0219i hus\u0103 cu fermoar pentru depozitare<\/li>\n<li>Se poate sp\u0103la la ma\u0219in\u0103<\/li>\n<\/ul>\n<h3>Caracteristici<\/h3>\n<ul>\n<li>Material &#8212; poliester\/nylon<\/li>\n<li>Dimensiuni &#8212; 64 x 137 cm<\/li>\n<li>Greutate &#8212; 295 g<\/li>\n<\/ul>\n<h3>Tehnologie<\/h3>\n<ul>\n<li><strong>Polygiene<\/strong>\u00ae \u2013 o tehnologie modern\u0103 de protec\u021bie antibacterian\u0103 a \u00eembr\u0103c\u0103mintei prin tratarea \u021bes\u0103turilor cu argint pentru a preveni bacteriile care provoac\u0103 mirosuri, precum \u0219i diver\u0219i microbi, viru\u0219i \u0219i ciuperci. Tehnologia Polygiene\u00ae este recunoscut\u0103 \u00een primul r\u00e2nd ca fiind un agent bacteriostatic sigur \u0219i eficient. Aceasta se bazeaz\u0103 pe tratarea unei mari variet\u0103\u021bi de materiale (\u00een principal textile) cu s\u0103ruri de argint naturale (clorur\u0103 de argint), un agent antimicrobian foarte eficient.<\/li>\n<\/ul>\n<h3>Marca<\/h3>\n<p>PackTowl este o marc\u0103 american\u0103 de prosoape de c\u0103l\u0103torie, parte a suitei de m\u0103rci Cascade Designs, Inc. Prosoapele universale PackTowl se usuc\u0103 foarte repede, fiind capabile s\u0103 absoarb\u0103 un volum foarte mare de umiditate, ocup\u00e2nd \u00een acela\u0219i timp un spa\u021biu minim \u00een rucsac \u0219i c\u00e2nt\u0103rind pu\u021bin \u00een compara\u021bie cu omologii similari de uz casnic.<\/p>\n<p>\u00centreaga gam\u0103 este reprezentat\u0103 de cinci serii de prosoape: Personal &#8212; echilibrul optim \u00eentre greutate, pre\u021b \u0219i func\u021bionalitate, UltraLite &#8212; cele mai u\u0219oare \u0219i mai compacte prosoape de diferite dimensiuni, Original &#8212; prosoape durabile \u0219i superabsorbante, Luxe &#8212; confort maxim, Nano &#8212; prosoape de m\u00e2n\u0103 cu greutate maxim\u0103. Prosoapele PackTowl vor fi un companion indispensabil \u00een orice situa\u021bie, datorit\u0103 versatilit\u0103\u021bii \u0219i durabilit\u0103\u021bii lor.<\/p>\n<p><\/p>","protected":false},"excerpt":{"rendered":"","protected":false},"featured_media":80061,"comment_status":"open","ping_status":"closed","template":"","meta":{"_acf_changed":false,"inline_featured_image":false},"product_brand":[1471],"product_cat":[303],"product_tag":[],"class_list":{"0":"post-79456","1":"product","2":"type-product","3":"status-publish","4":"has-post-thumbnail","6":"product_brand-packtowl","7":"product_cat-towels","9":"first","10":"instock","11":"shipping-taxable","12":"purchasable","13":"product-type-simple"},"acf":[],"yoast_head":"<!-- This site is optimized with the Yoast SEO plugin v27.2 - https:\/\/yoast.com\/product\/yoast-seo-wordpress\/ -->\n<title>\u041f\u043e\u043b\u043e\u0442\u0435\u043d\u0446\u0435 PackTowl RecLuxe Body XL - \u041c\u0430\u0433\u0430\u0437\u0438\u043d Xstyle<\/title>\n<meta name=\"description\" content=\"\u041f\u043e\u043b\u043e\u0442\u0435\u043d\u0446\u0435 PackTowl RecLuxe Body XL - \u0438\u0434\u0435\u0430\u043b\u044c\u043d\u044b\u0439 \u0441\u043f\u0443\u0442\u043d\u0438\u043a \u0434\u043b\u044f \u043f\u0443\u0442\u0435\u0448\u0435\u0441\u0442\u0432\u0438\u0439, \u043a\u0435\u043c\u043f\u0438\u043d\u0433\u0430 \u0438 \u0441\u043f\u043e\u0440\u0442\u0430. \u0411\u044b\u0441\u0442\u0440\u043e \u0441\u043e\u0445\u043d\u0435\u0442, \u043f\u0440\u0438\u044f\u0442\u043d\u043e\u0435 \u043d\u0430 \u043e\u0449\u0443\u043f\u044c \u0438 \u043d\u0435 \u0437\u0430\u0434\u0435\u0440\u0436\u0438\u0432\u0430\u0435\u0442 \u0437\u0430\u043f\u0430\u0445\u0438.\" \/>\n<meta name=\"robots\" content=\"index, follow, max-snippet:-1, max-image-preview:large, max-video-preview:-1\" \/>\n<link rel=\"canonical\" href=\"https:\/\/xstyle.md\/ro\/produs\/polotencze-packtowl-recluxe-body-xl\/\" \/>\n<meta property=\"og:locale\" content=\"ro_RO\" \/>\n<meta property=\"og:type\" content=\"article\" \/>\n<meta property=\"og:title\" content=\"\u041f\u043e\u043b\u043e\u0442\u0435\u043d\u0446\u0435 PackTowl RecLuxe Body XL - \u041c\u0430\u0433\u0430\u0437\u0438\u043d Xstyle\" \/>\n<meta property=\"og:description\" content=\"\u041f\u043e\u043b\u043e\u0442\u0435\u043d\u0446\u0435 PackTowl RecLuxe Body XL - \u0438\u0434\u0435\u0430\u043b\u044c\u043d\u044b\u0439 \u0441\u043f\u0443\u0442\u043d\u0438\u043a \u0434\u043b\u044f \u043f\u0443\u0442\u0435\u0448\u0435\u0441\u0442\u0432\u0438\u0439, \u043a\u0435\u043c\u043f\u0438\u043d\u0433\u0430 \u0438 \u0441\u043f\u043e\u0440\u0442\u0430. \u0411\u044b\u0441\u0442\u0440\u043e \u0441\u043e\u0445\u043d\u0435\u0442, \u043f\u0440\u0438\u044f\u0442\u043d\u043e\u0435 \u043d\u0430 \u043e\u0449\u0443\u043f\u044c \u0438 \u043d\u0435 \u0437\u0430\u0434\u0435\u0440\u0436\u0438\u0432\u0430\u0435\u0442 \u0437\u0430\u043f\u0430\u0445\u0438.\" \/>\n<meta property=\"og:url\" content=\"https:\/\/xstyle.md\/ro\/produs\/polotencze-packtowl-recluxe-body-xl\/\" \/>\n<meta property=\"og:site_name\" content=\"\u041c\u0430\u0433\u0430\u0437\u0438\u043d Xstyle\" \/>\n<meta property=\"article:publisher\" content=\"https:\/\/www.facebook.com\/xstylemd\" \/>\n<meta property=\"article:modified_time\" content=\"2024-10-02T22:40:40+00:00\" \/>\n<meta property=\"og:image\" content=\"https:\/\/xstyle.md\/wp-content\/uploads\/2024\/01\/packtowl-recluxe-body-xl-terracotta.jpg\" \/>\n\t<meta property=\"og:image:width\" content=\"1734\" \/>\n\t<meta property=\"og:image:height\" content=\"1752\" \/>\n\t<meta property=\"og:image:type\" content=\"image\/jpeg\" \/>\n<meta name=\"twitter:card\" content=\"summary_large_image\" \/>\n<meta name=\"twitter:label1\" content=\"Pre\u021b\" \/>\n\t<meta name=\"twitter:data1\" content=\"695&nbsp;MDL\" \/>\n\t<meta name=\"twitter:label2\" content=\"Disponibilitate\" \/>\n\t<meta name=\"twitter:data2\" content=\"\u00cen stoc\" \/>\n<script type=\"application\/ld+json\" class=\"yoast-schema-graph\">{\"@context\":\"https:\/\/schema.org\",\"@graph\":[{\"@type\":\"WebPage\",\"@id\":\"https:\/\/xstyle.md\/product\/polotencze-packtowl-recluxe-body-xl\/\",\"url\":\"https:\/\/xstyle.md\/product\/polotencze-packtowl-recluxe-body-xl\/\",\"name\":\"\u041f\u043e\u043b\u043e\u0442\u0435\u043d\u0446\u0435 PackTowl RecLuxe Body XL - \u041c\u0430\u0433\u0430\u0437\u0438\u043d Xstyle\",\"isPartOf\":{\"@id\":\"https:\/\/xstyle.md\/#website\"},\"primaryImageOfPage\":{\"@id\":\"https:\/\/xstyle.md\/product\/polotencze-packtowl-recluxe-body-xl\/#primaryimage\"},\"image\":{\"@id\":\"https:\/\/xstyle.md\/product\/polotencze-packtowl-recluxe-body-xl\/#primaryimage\"},\"thumbnailUrl\":\"https:\/\/xstyle.md\/wp-content\/uploads\/2024\/01\/packtowl-recluxe-body-xl-terracotta.jpg\",\"datePublished\":\"2024-01-30T11:05:08+00:00\",\"dateModified\":\"2024-10-02T22:40:40+00:00\",\"description\":\"\u041f\u043e\u043b\u043e\u0442\u0435\u043d\u0446\u0435 PackTowl RecLuxe Body XL - \u0438\u0434\u0435\u0430\u043b\u044c\u043d\u044b\u0439 \u0441\u043f\u0443\u0442\u043d\u0438\u043a \u0434\u043b\u044f \u043f\u0443\u0442\u0435\u0448\u0435\u0441\u0442\u0432\u0438\u0439, \u043a\u0435\u043c\u043f\u0438\u043d\u0433\u0430 \u0438 \u0441\u043f\u043e\u0440\u0442\u0430. \u0411\u044b\u0441\u0442\u0440\u043e \u0441\u043e\u0445\u043d\u0435\u0442, \u043f\u0440\u0438\u044f\u0442\u043d\u043e\u0435 \u043d\u0430 \u043e\u0449\u0443\u043f\u044c \u0438 \u043d\u0435 \u0437\u0430\u0434\u0435\u0440\u0436\u0438\u0432\u0430\u0435\u0442 \u0437\u0430\u043f\u0430\u0445\u0438.\",\"breadcrumb\":{\"@id\":\"https:\/\/xstyle.md\/product\/polotencze-packtowl-recluxe-body-xl\/#breadcrumb\"},\"inLanguage\":\"ro-RO\",\"potentialAction\":[{\"@type\":\"ReadAction\",\"target\":[\"https:\/\/xstyle.md\/product\/polotencze-packtowl-recluxe-body-xl\/\"]}]},{\"@type\":\"ImageObject\",\"inLanguage\":\"ro-RO\",\"@id\":\"https:\/\/xstyle.md\/product\/polotencze-packtowl-recluxe-body-xl\/#primaryimage\",\"url\":\"https:\/\/xstyle.md\/wp-content\/uploads\/2024\/01\/packtowl-recluxe-body-xl-terracotta.jpg\",\"contentUrl\":\"https:\/\/xstyle.md\/wp-content\/uploads\/2024\/01\/packtowl-recluxe-body-xl-terracotta.jpg\",\"width\":1734,\"height\":1752,\"caption\":\"\u041f\u043e\u043b\u043e\u0442\u0435\u043d\u0446\u0435 PackTowl RecLuxe Body XL \u0434\u043b\u044f \u0430\u043a\u0442\u0438\u0432\u043d\u043e\u0433\u043e \u043e\u0442\u0434\u044b\u0445\u0430 \u0441\u043f\u043e\u0440\u0442\u043f\u0443\u0442\u0435\u0448\u0435\u0441\u0442\u0432\u0438\u0439 \u043f\u043e\u0445\u043e\u0434\u043e\u0432 \u0438 \u043f\u0443\u0442\u0435\u0448\u0435\u0441\u0442\u0432\u0438\u0439 \u0432 \u0441\u0430\u043b\u0430\u0442\u043e\u0432\u043e\u043c \u0446\u0432\u0435\u0442\u0435 \u0434\u043b\u044f \u0442\u0443\u0440\u0438\u0441\u0442\u043e\u0432 \u0438 \u043b\u044e\u0431\u0438\u0442\u0435\u043b\u0435\u0439 outdoor \u044d\u043a\u0438\u043f\u0438\u0440\u043e\u0432\u043a\u0438\"},{\"@type\":\"BreadcrumbList\",\"@id\":\"https:\/\/xstyle.md\/product\/polotencze-packtowl-recluxe-body-xl\/#breadcrumb\",\"itemListElement\":[{\"@type\":\"ListItem\",\"position\":1,\"name\":\"\u0413\u043b\u0430\u0432\u043d\u0430\u044f \u0441\u0442\u0440\u0430\u043d\u0438\u0446\u0430\",\"item\":\"https:\/\/xstyle.md\/\"},{\"@type\":\"ListItem\",\"position\":2,\"name\":\"\u041c\u0430\u0433\u0430\u0437\u0438\u043d\",\"item\":\"https:\/\/xstyle.md\/shop\/\"},{\"@type\":\"ListItem\",\"position\":3,\"name\":\"\u041f\u043e\u043b\u043e\u0442\u0435\u043d\u0446\u0435 PackTowl RecLuxe Body XL\"}]},{\"@type\":\"WebSite\",\"@id\":\"https:\/\/xstyle.md\/#website\",\"url\":\"https:\/\/xstyle.md\/\",\"name\":\"\u041c\u0430\u0433\u0430\u0437\u0438\u043d Xstyle\",\"description\":\"C\u043d\u0430\u0440\u044f\u0436\u0435\u043d\u0438\u0435 \u0434\u043b\u044f \u0442\u0443\u0440\u0438\u0437\u043c\u0430 \u0438 \u044d\u043a\u0441\u0442\u0440\u0435\u043c\u0430\u043b\u044c\u043d\u044b\u0445 \u0432\u0438\u0434\u043e\u0432 \u0441\u043f\u043e\u0440\u0442\u0430 \u0432 \u041c\u043e\u043b\u0434\u043e\u0432\u0435.. \u0426\u0435\u043d\u044b, \u0444\u043e\u0442\u043e, \u0445\u0430\u0440\u0430\u043a\u0442\u0435\u0440\u0438\u0441\u0442\u0438\u043a\u0438 \u0432 \u041c\u043e\u043b\u0434\u043e\u0432\u0435.\",\"publisher\":{\"@id\":\"https:\/\/xstyle.md\/#organization\"},\"alternateName\":\"X-Style\",\"potentialAction\":[{\"@type\":\"SearchAction\",\"target\":{\"@type\":\"EntryPoint\",\"urlTemplate\":\"https:\/\/xstyle.md\/?s={search_term_string}\"},\"query-input\":{\"@type\":\"PropertyValueSpecification\",\"valueRequired\":true,\"valueName\":\"search_term_string\"}}],\"inLanguage\":\"ro-RO\"},{\"@type\":\"Organization\",\"@id\":\"https:\/\/xstyle.md\/#organization\",\"name\":\"\u041c\u0430\u0433\u0430\u0437\u0438\u043d Xstyle\",\"alternateName\":\"x-style\",\"url\":\"https:\/\/xstyle.md\/\",\"logo\":{\"@type\":\"ImageObject\",\"inLanguage\":\"ro-RO\",\"@id\":\"https:\/\/xstyle.md\/#\/schema\/logo\/image\/\",\"url\":\"https:\/\/xstyle.md\/wp-content\/uploads\/2020\/06\/logoicon.svg\",\"contentUrl\":\"https:\/\/xstyle.md\/wp-content\/uploads\/2020\/06\/logoicon.svg\",\"caption\":\"\u041c\u0430\u0433\u0430\u0437\u0438\u043d Xstyle\"},\"image\":{\"@id\":\"https:\/\/xstyle.md\/#\/schema\/logo\/image\/\"},\"sameAs\":[\"https:\/\/www.facebook.com\/xstylemd\",\"https:\/\/www.instagram.com\/xstyle_md\/\",\"https:\/\/t.me\/xstyle_outdoor\"],\"hasMerchantReturnPolicy\":{\"@type\":\"MerchantReturnPolicy\",\"merchantReturnLink\":\"https:\/\/xstyle.md\/ro\/conditions\/\"}}]}<\/script>\n<meta property=\"product:price:amount\" content=\"695.00\" \/>\n<meta property=\"product:price:currency\" content=\"MDL\" \/>\n<meta property=\"og:availability\" content=\"instock\" \/>\n<meta property=\"product:availability\" content=\"instock\" \/>\n<meta property=\"product:retailer_item_id\" content=\"40818116524\" \/>\n<meta property=\"product:condition\" content=\"new\" \/>\n<!-- \/ Yoast SEO plugin. -->","yoast_head_json":{"title":"Prosop PackTowl RecLuxe Body XL - Magazin Xstyle","description":"Prosop PackTowl RecLuxe Body XL - tovar\u0103\u0219ul ideal pentru c\u0103l\u0103torii, camping \u0219i sport. Se usuc\u0103 rapid, este pl\u0103cut la atingere \u0219i nu re\u021bine mirosurile.","robots":{"index":"index","follow":"follow","max-snippet":"max-snippet:-1","max-image-preview":"max-image-preview:large","max-video-preview":"max-video-preview:-1"},"canonical":"https:\/\/xstyle.md\/ro\/produs\/polotencze-packtowl-recluxe-body-xl\/","og_locale":"ro_RO","og_type":"article","og_title":"\u041f\u043e\u043b\u043e\u0442\u0435\u043d\u0446\u0435 PackTowl RecLuxe Body XL - \u041c\u0430\u0433\u0430\u0437\u0438\u043d Xstyle","og_description":"\u041f\u043e\u043b\u043e\u0442\u0435\u043d\u0446\u0435 PackTowl RecLuxe Body XL - \u0438\u0434\u0435\u0430\u043b\u044c\u043d\u044b\u0439 \u0441\u043f\u0443\u0442\u043d\u0438\u043a \u0434\u043b\u044f \u043f\u0443\u0442\u0435\u0448\u0435\u0441\u0442\u0432\u0438\u0439, \u043a\u0435\u043c\u043f\u0438\u043d\u0433\u0430 \u0438 \u0441\u043f\u043e\u0440\u0442\u0430. \u0411\u044b\u0441\u0442\u0440\u043e \u0441\u043e\u0445\u043d\u0435\u0442, \u043f\u0440\u0438\u044f\u0442\u043d\u043e\u0435 \u043d\u0430 \u043e\u0449\u0443\u043f\u044c \u0438 \u043d\u0435 \u0437\u0430\u0434\u0435\u0440\u0436\u0438\u0432\u0430\u0435\u0442 \u0437\u0430\u043f\u0430\u0445\u0438.","og_url":"https:\/\/xstyle.md\/ro\/produs\/polotencze-packtowl-recluxe-body-xl\/","og_site_name":"\u041c\u0430\u0433\u0430\u0437\u0438\u043d Xstyle","article_publisher":"https:\/\/www.facebook.com\/xstylemd","article_modified_time":"2024-10-02T22:40:40+00:00","og_image":[{"width":1734,"height":1752,"url":"https:\/\/xstyle.md\/wp-content\/uploads\/2024\/01\/packtowl-recluxe-body-xl-terracotta.jpg","type":"image\/jpeg"}],"twitter_card":"summary_large_image","twitter_misc":{"Pre\u021b":"695&nbsp;MDL","Disponibilitate":"\u00cen stoc"},"schema":{"@context":"https:\/\/schema.org","@graph":[{"@type":"WebPage","@id":"https:\/\/xstyle.md\/product\/polotencze-packtowl-recluxe-body-xl\/","url":"https:\/\/xstyle.md\/product\/polotencze-packtowl-recluxe-body-xl\/","name":"Prosop PackTowl RecLuxe Body XL - Magazin Xstyle","isPartOf":{"@id":"https:\/\/xstyle.md\/#website"},"primaryImageOfPage":{"@id":"https:\/\/xstyle.md\/product\/polotencze-packtowl-recluxe-body-xl\/#primaryimage"},"image":{"@id":"https:\/\/xstyle.md\/product\/polotencze-packtowl-recluxe-body-xl\/#primaryimage"},"thumbnailUrl":"https:\/\/xstyle.md\/wp-content\/uploads\/2024\/01\/packtowl-recluxe-body-xl-terracotta.jpg","datePublished":"2024-01-30T11:05:08+00:00","dateModified":"2024-10-02T22:40:40+00:00","description":"Prosop PackTowl RecLuxe Body XL - tovar\u0103\u0219ul ideal pentru c\u0103l\u0103torii, camping \u0219i sport. Se usuc\u0103 rapid, este pl\u0103cut la atingere \u0219i nu re\u021bine mirosurile.","breadcrumb":{"@id":"https:\/\/xstyle.md\/product\/polotencze-packtowl-recluxe-body-xl\/#breadcrumb"},"inLanguage":"ro-RO","potentialAction":[{"@type":"ReadAction","target":["https:\/\/xstyle.md\/product\/polotencze-packtowl-recluxe-body-xl\/"]}]},{"@type":"ImageObject","inLanguage":"ro-RO","@id":"https:\/\/xstyle.md\/product\/polotencze-packtowl-recluxe-body-xl\/#primaryimage","url":"https:\/\/xstyle.md\/wp-content\/uploads\/2024\/01\/packtowl-recluxe-body-xl-terracotta.jpg","contentUrl":"https:\/\/xstyle.md\/wp-content\/uploads\/2024\/01\/packtowl-recluxe-body-xl-terracotta.jpg","width":1734,"height":1752,"caption":"\u041f\u043e\u043b\u043e\u0442\u0435\u043d\u0446\u0435 PackTowl RecLuxe Body XL \u0434\u043b\u044f \u0430\u043a\u0442\u0438\u0432\u043d\u043e\u0433\u043e \u043e\u0442\u0434\u044b\u0445\u0430 \u0441\u043f\u043e\u0440\u0442\u043f\u0443\u0442\u0435\u0448\u0435\u0441\u0442\u0432\u0438\u0439 \u043f\u043e\u0445\u043e\u0434\u043e\u0432 \u0438 \u043f\u0443\u0442\u0435\u0448\u0435\u0441\u0442\u0432\u0438\u0439 \u0432 \u0441\u0430\u043b\u0430\u0442\u043e\u0432\u043e\u043c \u0446\u0432\u0435\u0442\u0435 \u0434\u043b\u044f \u0442\u0443\u0440\u0438\u0441\u0442\u043e\u0432 \u0438 \u043b\u044e\u0431\u0438\u0442\u0435\u043b\u0435\u0439 outdoor \u044d\u043a\u0438\u043f\u0438\u0440\u043e\u0432\u043a\u0438"},{"@type":"BreadcrumbList","@id":"https:\/\/xstyle.md\/product\/polotencze-packtowl-recluxe-body-xl\/#breadcrumb","itemListElement":[{"@type":"ListItem","position":1,"name":"\u0413\u043b\u0430\u0432\u043d\u0430\u044f \u0441\u0442\u0440\u0430\u043d\u0438\u0446\u0430","item":"https:\/\/xstyle.md\/"},{"@type":"ListItem","position":2,"name":"\u041c\u0430\u0433\u0430\u0437\u0438\u043d","item":"https:\/\/xstyle.md\/shop\/"},{"@type":"ListItem","position":3,"name":"\u041f\u043e\u043b\u043e\u0442\u0435\u043d\u0446\u0435 PackTowl RecLuxe Body XL"}]},{"@type":"WebSite","@id":"https:\/\/xstyle.md\/#website","url":"https:\/\/xstyle.md\/","name":"Magazinul X-Style","description":"Echipamente pentru turism \u0219i sporturi extreme \u00een Moldova. Pre\u021buri, fotografii, caracteristici \u00een Moldova.","publisher":{"@id":"https:\/\/xstyle.md\/#organization"},"alternateName":"X-Style","potentialAction":[{"@type":"SearchAction","target":{"@type":"EntryPoint","urlTemplate":"https:\/\/xstyle.md\/?s={search_term_string}"},"query-input":{"@type":"PropertyValueSpecification","valueRequired":true,"valueName":"search_term_string"}}],"inLanguage":"ro-RO"},{"@type":"Organization","@id":"https:\/\/xstyle.md\/#organization","name":"Magazinul X-Style","alternateName":"x-style","url":"https:\/\/xstyle.md\/","logo":{"@type":"ImageObject","inLanguage":"ro-RO","@id":"https:\/\/xstyle.md\/#\/schema\/logo\/image\/","url":"https:\/\/xstyle.md\/wp-content\/uploads\/2020\/06\/logoicon.svg","contentUrl":"https:\/\/xstyle.md\/wp-content\/uploads\/2020\/06\/logoicon.svg","caption":"\u041c\u0430\u0433\u0430\u0437\u0438\u043d Xstyle"},"image":{"@id":"https:\/\/xstyle.md\/#\/schema\/logo\/image\/"},"sameAs":["https:\/\/www.facebook.com\/xstylemd","https:\/\/www.instagram.com\/xstyle_md\/","https:\/\/t.me\/xstyle_outdoor"],"hasMerchantReturnPolicy":{"@type":"MerchantReturnPolicy","merchantReturnLink":"https:\/\/xstyle.md\/ro\/conditions\/"}}]},"product_price_amount":"695.00","product_price_currency":"MDL","og_availability":"instock","product_availability":"instock","product_retailer_item_id":"40818116524","product_condition":"new"},"post_mailing_queue_ids":[],"_links":{"self":[{"href":"https:\/\/xstyle.md\/ro\/wp-json\/wp\/v2\/product\/79456","targetHints":{"allow":["GET"]}}],"collection":[{"href":"https:\/\/xstyle.md\/ro\/wp-json\/wp\/v2\/product"}],"about":[{"href":"https:\/\/xstyle.md\/ro\/wp-json\/wp\/v2\/types\/product"}],"replies":[{"embeddable":true,"href":"https:\/\/xstyle.md\/ro\/wp-json\/wp\/v2\/comments?post=79456"}],"wp:featuredmedia":[{"embeddable":true,"href":"https:\/\/xstyle.md\/ro\/wp-json\/wp\/v2\/media\/80061"}],"wp:attachment":[{"href":"https:\/\/xstyle.md\/ro\/wp-json\/wp\/v2\/media?parent=79456"}],"wp:term":[{"taxonomy":"product_brand","embeddable":true,"href":"https:\/\/xstyle.md\/ro\/wp-json\/wp\/v2\/product_brand?post=79456"},{"taxonomy":"product_cat","embeddable":true,"href":"https:\/\/xstyle.md\/ro\/wp-json\/wp\/v2\/product_cat?post=79456"},{"taxonomy":"product_tag","embeddable":true,"href":"https:\/\/xstyle.md\/ro\/wp-json\/wp\/v2\/product_tag?post=79456"}],"curies":[{"name":"wp","href":"https:\/\/api.w.org\/{rel}","templated":true}]}}