{"id":78781,"date":"2024-01-18T10:10:22","date_gmt":"2024-01-18T07:10:22","guid":{"rendered":"https:\/\/xstyle.md\/?post_type=product&#038;p=78781"},"modified":"2026-03-19T17:18:22","modified_gmt":"2026-03-19T14:18:22","slug":"kurtki-ziener-tahan-gray-seal","status":"publish","type":"product","link":"https:\/\/xstyle.md\/ro\/produs\/kurtki-ziener-tahan-gray-seal\/","title":{"rendered":"Geac\u0103 de schi Ziener Tahan gray seal"},"content":{"rendered":"<\/p>\n<p><strong>Ziener Tahan<\/strong> &#8212; jachet\u0103 func\u021bional\u0103 pentru b\u0103rba\u021bi, f\u0103r\u0103 c\u0103ptu\u0219eal\u0103, pentru freeride, fabricat\u0103 din materiale reciclate. Membrana respirabil\u0103 Aquashield\u00ae pentru rezisten\u021b\u0103 la ap\u0103 \u0219i v\u00e2nt, combinat\u0103 cu stratul de fleece PONTETORTO, asigur\u0103 un echilibru termic perfect, men\u021bin\u00e2ndu-v\u0103 confortabil \u0219i uscat. Protec\u021bia \u00eempotriva z\u0103pezii, gluga func\u021bional\u0103 reglabil\u0103, man\u0219etele elastice \u0219i tivul reglabil \u00een l\u0103\u021bime ofer\u0103 un confort func\u021bional ideal. Gulerul \u00eenalt v\u0103 men\u021bine eficient c\u0103ldura \u00een zilele reci. Trei buzunare laterale cu fermoare impermeabile ofer\u0103 spa\u021biu de depozitare pentru obiectele esen\u021biale. Un buzunar cu fermoar pe piept, un buzunar lateral pentru skipass \u0219i buzunare pentru ochelari de schi, ochelari de soare \u0219i telefon mobil fac aceast\u0103 jachet\u0103 indispensabil\u0103 pe p\u00e2rtiile de schi. G\u0103urile de aerisire de sub bra\u021be asigur\u0103 o ventila\u021bie suplimentar\u0103 \u00een caz de c\u0103ldur\u0103 excesiv\u0103.<\/p>\n<h3>Particularit\u0103\u021bi<\/h3>\n<ul>\n<li>Partea superioar\u0103 este tratat\u0103 cu impregnare hidrofug\u0103 PFC FREE, care nu con\u021bine PFC \u0219i este ecologic\u0103.<\/li>\n<li>Membrana Aquashield protejeaz\u0103 \u00eempotriva v\u00e2ntului \u0219i a umezelii de pe pant\u0103, precum \u0219i \u00eempotriva dren\u0103rii vaporilor din interior, cus\u0103turile sunt lipite.<\/li>\n<li>Gluga reglabil\u0103 cu guler \u00eenalt ajut\u0103 la protejarea \u00eempotriva v\u00e2ntului \u0219i a frigului.<\/li>\n<li>3 buzunare, un buzunar pentru masc\u0103 \u0219i un buzunar pentru skipass pentru lucrurile esen\u021biale.<\/li>\n<\/ul>\n<h3>Caracteristici<\/h3>\n<ul>\n<li>Material &#8212; 100% poliester<\/li>\n<li>Membran\u0103 &#8212; Aquashield\u00ae<\/li>\n<li>Izola\u021bie &#8212; Lavalan\u00ae<\/li>\n<li>Respirabilitate &#8212; 10 000 g \/ m\u00b2 \/ 24h<\/li>\n<li>Impermeabilitate &#8212; 10 000 mm<\/li>\n<li>Model - b\u0103rba\u021bi<\/li>\n<\/ul>\n<h3>Tehnologie<\/h3>\n<ul>\n<li><strong>Aquashield<\/strong>\u00ae &#8212; utilizeaz\u0103 o membran\u0103 performant\u0103, care este at\u00e2t impermeabil\u0103, c\u00e2t \u0219i rezistent\u0103 la v\u00e2nt, fiind special conceput\u0103 pentru a corpul cald \u0219i uscat \u00een condi\u021bii meteo extreme. Aceasta asigur\u0103 un echilibru optim \u00eentre protec\u021bia exterioar\u0103 \u0219i respirabilitatea interioar\u0103, evacu\u00e2nd eficient umiditatea pentru un confort termic de durat\u0103 pe p\u00e2rtie.<\/li>\n<li><strong>PONTETORTO<\/strong> &#8212; un fleece foarte elastic, u\u0219or \u0219i extensibil, cu o parte inferioar\u0103 pufoas\u0103, care v\u0103 men\u021bine perfect cald. Partea exterioar\u0103 neted\u0103 \u00eei confer\u0103 un aspect tehnic \u0219i este extrem de durabil\u0103 \u0219i rezistent\u0103 la abraziune.<\/li>\n<li><strong>lavalan<\/strong>\u00ae \u2013 izola\u021bia din l\u00e2n\u0103 este un material de umplutur\u0103 fabricat din materii prime 100% naturale \u0219i regenerabile, l\u00e2n\u0103 natural\u0103 \u0219i PLA pe baz\u0103 de porumb. L\u00e2na este capabil\u0103 s\u0103 absoarb\u0103 \u0219i s\u0103 elibereze vaporii de umiditate, fiind \u00een acela\u0219i timp hidrofug\u0103. Din acest motiv, lavalanul permite o bun\u0103 circula\u021bie a aerului, se usuc\u0103 rapid \u0219i p\u0103streaz\u0103 c\u0103ldura chiar \u0219i atunci c\u00e2nd este ud sau transpirat. Deoarece l\u00e2na este termoregulatoare, ea ofer\u0103, de asemenea, un efect de r\u0103cire \u0219i previne supra\u00eenc\u0103lzirea. Astfel, l\u00e2na ofer\u0103 \u00eentotdeauna o c\u0103ldur\u0103 confortabil\u0103 \u0219i confortabil\u0103, indiferent de nivelul de activitate sau de schimb\u0103rile de temperatur\u0103.<\/li>\n<\/ul>\n<h3>Marca<\/h3>\n<p>Ziener este o marc\u0103 german\u0103 care produce m\u0103nu\u0219i \u0219i \u00eembr\u0103c\u0103minte pentru schi. Istoria companiei a \u00eenceput \u00een 1946 cu un atelier care producea m\u0103nu\u0219i pentru uz zilnic. Ulterior, compania a \u00eenceput s\u0103 produc\u0103 m\u0103nu\u0219i de schi de \u00eenalt\u0103 calitate, realizate manual.<\/p>\n<p>\u00cembr\u0103c\u0103mintea de schi Ziener se caracterizeaz\u0103 prin utilizarea de noi tehnologii \u0219i detalii func\u021bionale de marc\u0103. Fiecare colec\u021bie de \u00eembr\u0103c\u0103minte de schi Ziener are culori moderne \u0219i o combina\u021bie neobi\u0219nuit\u0103 de \u021bes\u0103turi \u0219i imprimeuri. Pentru crearea produselor se folose\u0219te tehnologia Thermoshield, care permite p\u0103strarea c\u0103ldurii \u00een interiorul produsului c\u00e2t mai mult posibil. Partenerii companiei sunt: Gore-Tex, NANOtex \u0219i Primaloft.<\/p>\n<p>\u00cen prezent, marca Ziener este unul dintre liderii pie\u021bei europene de m\u0103nu\u0219i pentru sporturi de iarn\u0103. Produsele companiei sunt reprezentate \u00een multe \u021b\u0103ri din \u00eentreaga lume.<\/p>\n<p><\/p>","protected":false},"excerpt":{"rendered":"","protected":false},"featured_media":79220,"comment_status":"open","ping_status":"closed","template":"","meta":{"_acf_changed":false,"inline_featured_image":false},"product_brand":[1313],"product_cat":[450],"product_tag":[],"class_list":{"0":"post-78781","1":"product","2":"type-product","3":"status-publish","4":"has-post-thumbnail","6":"product_brand-ziener","7":"product_cat-jachete-de-schi-barbati","9":"first","10":"instock","11":"shipping-taxable","12":"purchasable","13":"product-type-simple"},"acf":[],"yoast_head":"<!-- This site is optimized with the Yoast SEO plugin v27.4 - https:\/\/yoast.com\/product\/yoast-seo-wordpress\/ -->\n<title>\u041a\u0443\u0440\u0442\u043a\u0438 Ziener Tahan gray seal - \u041c\u0430\u0433\u0430\u0437\u0438\u043d Xstyle<\/title>\n<meta name=\"description\" content=\"\u041a\u0443\u0440\u0442\u043a\u0430 Ziener Tahan \u0441\u0435\u0440\u043e\u0433\u043e \u0446\u0432\u0435\u0442\u0430 - \u0438\u0434\u0435\u0430\u043b\u044c\u043d\u044b\u0439 \u0432\u044b\u0431\u043e\u0440 \u0434\u043b\u044f \u0444\u0440\u0438\u0440\u0430\u0439\u0434\u0430. \u0414\u044b\u0448\u0430\u0449\u0430\u044f \u043c\u0435\u043c\u0431\u0440\u0430\u043d\u0430 Aquashield \u0437\u0430\u0449\u0438\u0449\u0430\u0435\u0442 \u043e\u0442 \u0432\u043e\u0434\u044b \u0438 \u0432\u0435\u0442\u0440\u0430, \u0432\u044b\u043f\u043e\u043b\u043d\u0435\u043d\u0430 \u0438\u0437 \u043f\u0435\u0440\u0435\u0440\u0430\u0431\u043e\u0442\u0430\u043d\u043d\u044b\u0445 \u043c\u0430\u0442\u0435\u0440\u0438\u0430\u043b\u043e\u0432.\" \/>\n<meta name=\"robots\" content=\"index, follow, max-snippet:-1, max-image-preview:large, max-video-preview:-1\" \/>\n<link rel=\"canonical\" href=\"https:\/\/xstyle.md\/ro\/produs\/kurtki-ziener-tahan-gray-seal\/\" \/>\n<meta property=\"og:locale\" content=\"ro_RO\" \/>\n<meta property=\"og:type\" content=\"article\" \/>\n<meta property=\"og:title\" content=\"\u041a\u0443\u0440\u0442\u043a\u0438 Ziener Tahan gray seal - \u041c\u0430\u0433\u0430\u0437\u0438\u043d Xstyle\" \/>\n<meta property=\"og:description\" content=\"\u041a\u0443\u0440\u0442\u043a\u0430 Ziener Tahan \u0441\u0435\u0440\u043e\u0433\u043e \u0446\u0432\u0435\u0442\u0430 - \u0438\u0434\u0435\u0430\u043b\u044c\u043d\u044b\u0439 \u0432\u044b\u0431\u043e\u0440 \u0434\u043b\u044f \u0444\u0440\u0438\u0440\u0430\u0439\u0434\u0430. \u0414\u044b\u0448\u0430\u0449\u0430\u044f \u043c\u0435\u043c\u0431\u0440\u0430\u043d\u0430 Aquashield \u0437\u0430\u0449\u0438\u0449\u0430\u0435\u0442 \u043e\u0442 \u0432\u043e\u0434\u044b \u0438 \u0432\u0435\u0442\u0440\u0430, \u0432\u044b\u043f\u043e\u043b\u043d\u0435\u043d\u0430 \u0438\u0437 \u043f\u0435\u0440\u0435\u0440\u0430\u0431\u043e\u0442\u0430\u043d\u043d\u044b\u0445 \u043c\u0430\u0442\u0435\u0440\u0438\u0430\u043b\u043e\u0432.\" \/>\n<meta property=\"og:url\" content=\"https:\/\/xstyle.md\/ro\/produs\/kurtki-ziener-tahan-gray-seal\/\" \/>\n<meta property=\"og:site_name\" content=\"\u041c\u0430\u0433\u0430\u0437\u0438\u043d Xstyle\" \/>\n<meta property=\"article:publisher\" content=\"https:\/\/www.facebook.com\/xstylemd\" \/>\n<meta property=\"article:modified_time\" content=\"2026-03-19T14:18:22+00:00\" \/>\n<meta property=\"og:image\" content=\"https:\/\/xstyle.md\/wp-content\/uploads\/2024\/01\/ziener-tahan-gray-seal.jpg\" \/>\n\t<meta property=\"og:image:width\" content=\"1672\" \/>\n\t<meta property=\"og:image:height\" content=\"1672\" \/>\n\t<meta property=\"og:image:type\" content=\"image\/jpeg\" \/>\n<meta name=\"twitter:card\" content=\"summary_large_image\" \/>\n<meta name=\"twitter:label1\" content=\"Pre\u021b\" \/>\n\t<meta name=\"twitter:data1\" content=\"5.890&nbsp;MDL\" \/>\n\t<meta name=\"twitter:label2\" content=\"Disponibilitate\" \/>\n\t<meta name=\"twitter:data2\" content=\"\u00cen stoc\" \/>\n<script type=\"application\/ld+json\" class=\"yoast-schema-graph\">{\"@context\":\"https:\\\/\\\/schema.org\",\"@graph\":[{\"@type\":\"WebPage\",\"@id\":\"https:\\\/\\\/xstyle.md\\\/product\\\/kurtki-ziener-tahan-gray-seal\\\/\",\"url\":\"https:\\\/\\\/xstyle.md\\\/product\\\/kurtki-ziener-tahan-gray-seal\\\/\",\"name\":\"\u041a\u0443\u0440\u0442\u043a\u0438 Ziener Tahan gray seal - \u041c\u0430\u0433\u0430\u0437\u0438\u043d Xstyle\",\"isPartOf\":{\"@id\":\"https:\\\/\\\/xstyle.md\\\/#website\"},\"primaryImageOfPage\":{\"@id\":\"https:\\\/\\\/xstyle.md\\\/product\\\/kurtki-ziener-tahan-gray-seal\\\/#primaryimage\"},\"image\":{\"@id\":\"https:\\\/\\\/xstyle.md\\\/product\\\/kurtki-ziener-tahan-gray-seal\\\/#primaryimage\"},\"thumbnailUrl\":\"https:\\\/\\\/xstyle.md\\\/wp-content\\\/uploads\\\/2024\\\/01\\\/ziener-tahan-gray-seal.jpg\",\"datePublished\":\"2024-01-18T07:10:22+00:00\",\"dateModified\":\"2026-03-19T14:18:22+00:00\",\"description\":\"\u041a\u0443\u0440\u0442\u043a\u0430 Ziener Tahan \u0441\u0435\u0440\u043e\u0433\u043e \u0446\u0432\u0435\u0442\u0430 - \u0438\u0434\u0435\u0430\u043b\u044c\u043d\u044b\u0439 \u0432\u044b\u0431\u043e\u0440 \u0434\u043b\u044f \u0444\u0440\u0438\u0440\u0430\u0439\u0434\u0430. \u0414\u044b\u0448\u0430\u0449\u0430\u044f \u043c\u0435\u043c\u0431\u0440\u0430\u043d\u0430 Aquashield \u0437\u0430\u0449\u0438\u0449\u0430\u0435\u0442 \u043e\u0442 \u0432\u043e\u0434\u044b \u0438 \u0432\u0435\u0442\u0440\u0430, \u0432\u044b\u043f\u043e\u043b\u043d\u0435\u043d\u0430 \u0438\u0437 \u043f\u0435\u0440\u0435\u0440\u0430\u0431\u043e\u0442\u0430\u043d\u043d\u044b\u0445 \u043c\u0430\u0442\u0435\u0440\u0438\u0430\u043b\u043e\u0432.\",\"breadcrumb\":{\"@id\":\"https:\\\/\\\/xstyle.md\\\/product\\\/kurtki-ziener-tahan-gray-seal\\\/#breadcrumb\"},\"inLanguage\":\"ro-RO\",\"potentialAction\":[{\"@type\":\"ReadAction\",\"target\":[\"https:\\\/\\\/xstyle.md\\\/product\\\/kurtki-ziener-tahan-gray-seal\\\/\"]}]},{\"@type\":\"ImageObject\",\"inLanguage\":\"ro-RO\",\"@id\":\"https:\\\/\\\/xstyle.md\\\/product\\\/kurtki-ziener-tahan-gray-seal\\\/#primaryimage\",\"url\":\"https:\\\/\\\/xstyle.md\\\/wp-content\\\/uploads\\\/2024\\\/01\\\/ziener-tahan-gray-seal.jpg\",\"contentUrl\":\"https:\\\/\\\/xstyle.md\\\/wp-content\\\/uploads\\\/2024\\\/01\\\/ziener-tahan-gray-seal.jpg\",\"width\":1672,\"height\":1672,\"caption\":\"\u0418\u0437\u043e\u0431\u0440\u0430\u0436\u0435\u043d\u0438\u0435 \u043a\u0443\u0440\u0442\u043a\u0438 Ziener Tahan \u0441\u0435\u0440\u043e\u0433\u043e \u0446\u0432\u0435\u0442\u0430 \u0434\u043b\u044f \u0430\u043a\u0442\u0438\u0432\u043d\u043e\u0433\u043e \u043e\u0442\u0434\u044b\u0445\u0430, \u0442\u0443\u0440\u0438\u0437\u043c\u0430 \u0438 \u0430\u043b\u044c\u043f\u0438\u043d\u0438\u0437\u043c\u0430 \u043d\u0430 \u0441\u0430\u0439\u0442\u0435 \u0438\u043d\u0442\u0435\u0440\u043d\u0435\u0442-\u043c\u0430\u0433\u0430\u0437\u0438\u043d\u0430 \u043e\u0434\u0435\u0436\u0434\u044b \u0434\u043b\u044f \u043f\u0443\u0442\u0435\u0448\u0435\u0441\u0442\u0432\u0438\u0439 \u0438 \u0430\u043a\u0442\u0438\u0432\u043d\u043e\u0439 \u0436\u0438\u0437\u043d\u0438\"},{\"@type\":\"BreadcrumbList\",\"@id\":\"https:\\\/\\\/xstyle.md\\\/product\\\/kurtki-ziener-tahan-gray-seal\\\/#breadcrumb\",\"itemListElement\":[{\"@type\":\"ListItem\",\"position\":1,\"name\":\"\u0413\u043b\u0430\u0432\u043d\u0430\u044f \u0441\u0442\u0440\u0430\u043d\u0438\u0446\u0430\",\"item\":\"https:\\\/\\\/xstyle.md\\\/\"},{\"@type\":\"ListItem\",\"position\":2,\"name\":\"\u041c\u0430\u0433\u0430\u0437\u0438\u043d\",\"item\":\"https:\\\/\\\/xstyle.md\\\/shop\\\/\"},{\"@type\":\"ListItem\",\"position\":3,\"name\":\"\u041a\u0443\u0440\u0442\u043a\u0438 Ziener Tahan gray seal\"}]},{\"@type\":\"WebSite\",\"@id\":\"https:\\\/\\\/xstyle.md\\\/#website\",\"url\":\"https:\\\/\\\/xstyle.md\\\/\",\"name\":\"\u041c\u0430\u0433\u0430\u0437\u0438\u043d Xstyle\",\"description\":\"C\u043d\u0430\u0440\u044f\u0436\u0435\u043d\u0438\u0435 \u0434\u043b\u044f \u0442\u0443\u0440\u0438\u0437\u043c\u0430 \u0438 \u044d\u043a\u0441\u0442\u0440\u0435\u043c\u0430\u043b\u044c\u043d\u044b\u0445 \u0432\u0438\u0434\u043e\u0432 \u0441\u043f\u043e\u0440\u0442\u0430 \u0432 \u041c\u043e\u043b\u0434\u043e\u0432\u0435.. \u0426\u0435\u043d\u044b, \u0444\u043e\u0442\u043e, \u0445\u0430\u0440\u0430\u043a\u0442\u0435\u0440\u0438\u0441\u0442\u0438\u043a\u0438 \u0432 \u041c\u043e\u043b\u0434\u043e\u0432\u0435.\",\"publisher\":{\"@id\":\"https:\\\/\\\/xstyle.md\\\/#organization\"},\"alternateName\":\"X-Style\",\"potentialAction\":[{\"@type\":\"SearchAction\",\"target\":{\"@type\":\"EntryPoint\",\"urlTemplate\":\"https:\\\/\\\/xstyle.md\\\/?s={search_term_string}\"},\"query-input\":{\"@type\":\"PropertyValueSpecification\",\"valueRequired\":true,\"valueName\":\"search_term_string\"}}],\"inLanguage\":\"ro-RO\"},{\"@type\":\"Organization\",\"@id\":\"https:\\\/\\\/xstyle.md\\\/#organization\",\"name\":\"\u041c\u0430\u0433\u0430\u0437\u0438\u043d Xstyle\",\"alternateName\":\"x-style\",\"url\":\"https:\\\/\\\/xstyle.md\\\/\",\"logo\":{\"@type\":\"ImageObject\",\"inLanguage\":\"ro-RO\",\"@id\":\"https:\\\/\\\/xstyle.md\\\/#\\\/schema\\\/logo\\\/image\\\/\",\"url\":\"https:\\\/\\\/xstyle.md\\\/wp-content\\\/uploads\\\/2020\\\/06\\\/logoicon.svg\",\"contentUrl\":\"https:\\\/\\\/xstyle.md\\\/wp-content\\\/uploads\\\/2020\\\/06\\\/logoicon.svg\",\"caption\":\"\u041c\u0430\u0433\u0430\u0437\u0438\u043d Xstyle\"},\"image\":{\"@id\":\"https:\\\/\\\/xstyle.md\\\/#\\\/schema\\\/logo\\\/image\\\/\"},\"sameAs\":[\"https:\\\/\\\/www.facebook.com\\\/xstylemd\",\"https:\\\/\\\/www.instagram.com\\\/xstyle_md\\\/\",\"https:\\\/\\\/t.me\\\/xstyle_outdoor\"],\"hasMerchantReturnPolicy\":{\"@type\":\"MerchantReturnPolicy\",\"merchantReturnLink\":\"https:\\\/\\\/xstyle.md\\\/ro\\\/conditions\\\/\"}}]}<\/script>\n<meta property=\"product:price:amount\" content=\"5890.00\" \/>\n<meta property=\"product:price:currency\" content=\"MDL\" \/>\n<meta property=\"og:availability\" content=\"instock\" \/>\n<meta property=\"product:availability\" content=\"instock\" \/>\n<meta property=\"product:retailer_item_id\" content=\"4063833855526\" \/>\n<meta property=\"product:condition\" content=\"new\" \/>\n<!-- \/ Yoast SEO plugin. -->","yoast_head_json":{"title":"Geac\u0103 Ziener Tahan gray seal - Magazin Xstyle","description":"Jacheta Ziener Tahan de culoare gri este alegerea ideal\u0103 pentru freeride. Membrana respirabil\u0103 Aquashield protejeaz\u0103 \u00eempotriva apei \u0219i v\u00e2ntului, fiind realizat\u0103 din materiale reciclate.","robots":{"index":"index","follow":"follow","max-snippet":"max-snippet:-1","max-image-preview":"max-image-preview:large","max-video-preview":"max-video-preview:-1"},"canonical":"https:\/\/xstyle.md\/ro\/produs\/kurtki-ziener-tahan-gray-seal\/","og_locale":"ro_RO","og_type":"article","og_title":"\u041a\u0443\u0440\u0442\u043a\u0438 Ziener Tahan gray seal - \u041c\u0430\u0433\u0430\u0437\u0438\u043d Xstyle","og_description":"\u041a\u0443\u0440\u0442\u043a\u0430 Ziener Tahan \u0441\u0435\u0440\u043e\u0433\u043e \u0446\u0432\u0435\u0442\u0430 - \u0438\u0434\u0435\u0430\u043b\u044c\u043d\u044b\u0439 \u0432\u044b\u0431\u043e\u0440 \u0434\u043b\u044f \u0444\u0440\u0438\u0440\u0430\u0439\u0434\u0430. \u0414\u044b\u0448\u0430\u0449\u0430\u044f \u043c\u0435\u043c\u0431\u0440\u0430\u043d\u0430 Aquashield \u0437\u0430\u0449\u0438\u0449\u0430\u0435\u0442 \u043e\u0442 \u0432\u043e\u0434\u044b \u0438 \u0432\u0435\u0442\u0440\u0430, \u0432\u044b\u043f\u043e\u043b\u043d\u0435\u043d\u0430 \u0438\u0437 \u043f\u0435\u0440\u0435\u0440\u0430\u0431\u043e\u0442\u0430\u043d\u043d\u044b\u0445 \u043c\u0430\u0442\u0435\u0440\u0438\u0430\u043b\u043e\u0432.","og_url":"https:\/\/xstyle.md\/ro\/produs\/kurtki-ziener-tahan-gray-seal\/","og_site_name":"\u041c\u0430\u0433\u0430\u0437\u0438\u043d Xstyle","article_publisher":"https:\/\/www.facebook.com\/xstylemd","article_modified_time":"2026-03-19T14:18:22+00:00","og_image":[{"width":1672,"height":1672,"url":"https:\/\/xstyle.md\/wp-content\/uploads\/2024\/01\/ziener-tahan-gray-seal.jpg","type":"image\/jpeg"}],"twitter_card":"summary_large_image","twitter_misc":{"Pre\u021b":"5.890&nbsp;MDL","Disponibilitate":"\u00cen stoc"},"schema":{"@context":"https:\/\/schema.org","@graph":[{"@type":"WebPage","@id":"https:\/\/xstyle.md\/product\/kurtki-ziener-tahan-gray-seal\/","url":"https:\/\/xstyle.md\/product\/kurtki-ziener-tahan-gray-seal\/","name":"Geac\u0103 Ziener Tahan gray seal - Magazin Xstyle","isPartOf":{"@id":"https:\/\/xstyle.md\/#website"},"primaryImageOfPage":{"@id":"https:\/\/xstyle.md\/product\/kurtki-ziener-tahan-gray-seal\/#primaryimage"},"image":{"@id":"https:\/\/xstyle.md\/product\/kurtki-ziener-tahan-gray-seal\/#primaryimage"},"thumbnailUrl":"https:\/\/xstyle.md\/wp-content\/uploads\/2024\/01\/ziener-tahan-gray-seal.jpg","datePublished":"2024-01-18T07:10:22+00:00","dateModified":"2026-03-19T14:18:22+00:00","description":"Jacheta Ziener Tahan de culoare gri este alegerea ideal\u0103 pentru freeride. Membrana respirabil\u0103 Aquashield protejeaz\u0103 \u00eempotriva apei \u0219i v\u00e2ntului, fiind realizat\u0103 din materiale reciclate.","breadcrumb":{"@id":"https:\/\/xstyle.md\/product\/kurtki-ziener-tahan-gray-seal\/#breadcrumb"},"inLanguage":"ro-RO","potentialAction":[{"@type":"ReadAction","target":["https:\/\/xstyle.md\/product\/kurtki-ziener-tahan-gray-seal\/"]}]},{"@type":"ImageObject","inLanguage":"ro-RO","@id":"https:\/\/xstyle.md\/product\/kurtki-ziener-tahan-gray-seal\/#primaryimage","url":"https:\/\/xstyle.md\/wp-content\/uploads\/2024\/01\/ziener-tahan-gray-seal.jpg","contentUrl":"https:\/\/xstyle.md\/wp-content\/uploads\/2024\/01\/ziener-tahan-gray-seal.jpg","width":1672,"height":1672,"caption":"\u0418\u0437\u043e\u0431\u0440\u0430\u0436\u0435\u043d\u0438\u0435 \u043a\u0443\u0440\u0442\u043a\u0438 Ziener Tahan \u0441\u0435\u0440\u043e\u0433\u043e \u0446\u0432\u0435\u0442\u0430 \u0434\u043b\u044f \u0430\u043a\u0442\u0438\u0432\u043d\u043e\u0433\u043e \u043e\u0442\u0434\u044b\u0445\u0430, \u0442\u0443\u0440\u0438\u0437\u043c\u0430 \u0438 \u0430\u043b\u044c\u043f\u0438\u043d\u0438\u0437\u043c\u0430 \u043d\u0430 \u0441\u0430\u0439\u0442\u0435 \u0438\u043d\u0442\u0435\u0440\u043d\u0435\u0442-\u043c\u0430\u0433\u0430\u0437\u0438\u043d\u0430 \u043e\u0434\u0435\u0436\u0434\u044b \u0434\u043b\u044f \u043f\u0443\u0442\u0435\u0448\u0435\u0441\u0442\u0432\u0438\u0439 \u0438 \u0430\u043a\u0442\u0438\u0432\u043d\u043e\u0439 \u0436\u0438\u0437\u043d\u0438"},{"@type":"BreadcrumbList","@id":"https:\/\/xstyle.md\/product\/kurtki-ziener-tahan-gray-seal\/#breadcrumb","itemListElement":[{"@type":"ListItem","position":1,"name":"\u0413\u043b\u0430\u0432\u043d\u0430\u044f \u0441\u0442\u0440\u0430\u043d\u0438\u0446\u0430","item":"https:\/\/xstyle.md\/"},{"@type":"ListItem","position":2,"name":"\u041c\u0430\u0433\u0430\u0437\u0438\u043d","item":"https:\/\/xstyle.md\/shop\/"},{"@type":"ListItem","position":3,"name":"\u041a\u0443\u0440\u0442\u043a\u0438 Ziener Tahan gray seal"}]},{"@type":"WebSite","@id":"https:\/\/xstyle.md\/#website","url":"https:\/\/xstyle.md\/","name":"Magazinul X-Style","description":"Echipamente pentru turism \u0219i sporturi extreme \u00een Moldova. Pre\u021buri, fotografii, caracteristici \u00een Moldova.","publisher":{"@id":"https:\/\/xstyle.md\/#organization"},"alternateName":"X-Style","potentialAction":[{"@type":"SearchAction","target":{"@type":"EntryPoint","urlTemplate":"https:\/\/xstyle.md\/?s={search_term_string}"},"query-input":{"@type":"PropertyValueSpecification","valueRequired":true,"valueName":"search_term_string"}}],"inLanguage":"ro-RO"},{"@type":"Organization","@id":"https:\/\/xstyle.md\/#organization","name":"Magazinul X-Style","alternateName":"x-style","url":"https:\/\/xstyle.md\/","logo":{"@type":"ImageObject","inLanguage":"ro-RO","@id":"https:\/\/xstyle.md\/#\/schema\/logo\/image\/","url":"https:\/\/xstyle.md\/wp-content\/uploads\/2020\/06\/logoicon.svg","contentUrl":"https:\/\/xstyle.md\/wp-content\/uploads\/2020\/06\/logoicon.svg","caption":"\u041c\u0430\u0433\u0430\u0437\u0438\u043d Xstyle"},"image":{"@id":"https:\/\/xstyle.md\/#\/schema\/logo\/image\/"},"sameAs":["https:\/\/www.facebook.com\/xstylemd","https:\/\/www.instagram.com\/xstyle_md\/","https:\/\/t.me\/xstyle_outdoor"],"hasMerchantReturnPolicy":{"@type":"MerchantReturnPolicy","merchantReturnLink":"https:\/\/xstyle.md\/ro\/conditions\/"}}]},"product_price_amount":"5890.00","product_price_currency":"MDL","og_availability":"instock","product_availability":"instock","product_retailer_item_id":"4063833855526","product_condition":"new"},"post_mailing_queue_ids":[],"_links":{"self":[{"href":"https:\/\/xstyle.md\/ro\/wp-json\/wp\/v2\/product\/78781","targetHints":{"allow":["GET"]}}],"collection":[{"href":"https:\/\/xstyle.md\/ro\/wp-json\/wp\/v2\/product"}],"about":[{"href":"https:\/\/xstyle.md\/ro\/wp-json\/wp\/v2\/types\/product"}],"replies":[{"embeddable":true,"href":"https:\/\/xstyle.md\/ro\/wp-json\/wp\/v2\/comments?post=78781"}],"wp:featuredmedia":[{"embeddable":true,"href":"https:\/\/xstyle.md\/ro\/wp-json\/wp\/v2\/media\/79220"}],"wp:attachment":[{"href":"https:\/\/xstyle.md\/ro\/wp-json\/wp\/v2\/media?parent=78781"}],"wp:term":[{"taxonomy":"product_brand","embeddable":true,"href":"https:\/\/xstyle.md\/ro\/wp-json\/wp\/v2\/product_brand?post=78781"},{"taxonomy":"product_cat","embeddable":true,"href":"https:\/\/xstyle.md\/ro\/wp-json\/wp\/v2\/product_cat?post=78781"},{"taxonomy":"product_tag","embeddable":true,"href":"https:\/\/xstyle.md\/ro\/wp-json\/wp\/v2\/product_tag?post=78781"}],"curies":[{"name":"wp","href":"https:\/\/api.w.org\/{rel}","templated":true}]}}