{"id":78750,"date":"2024-01-18T10:10:16","date_gmt":"2024-01-18T07:10:16","guid":{"rendered":"https:\/\/xstyle.md\/?post_type=product&#038;p=78750"},"modified":"2025-12-03T14:01:16","modified_gmt":"2025-12-03T11:01:16","slug":"trp_language-languageru_rubotinki-keen-revel-iv-high-polar-black-north-atlantic-trp_languagetrp_language-languagero_robocanci-keen-revel-high-polar-black-north-atlantic-trp_language","status":"publish","type":"product","link":"https:\/\/xstyle.md\/ro\/produs\/trp_language-languageru_rubotinki-keen-revel-iv-high-polar-black-north-atlantic-trp_languagetrp_language-languagero_robocanci-keen-revel-high-polar-black-north-atlantic-trp_language\/","title":{"rendered":"Bocanci Keen Revel High Polar black\/north atlantic"},"content":{"rendered":"<\/p>\n<p><strong>Keen Revel High Polar <\/strong>&#8212; bocanci pentru b\u0103rba\u021bi care sunt confortabile pentru a merge pe z\u0103pad\u0103 ad\u00e2nc\u0103 datorit\u0103 izola\u021biei termice excelente \u0219i a trac\u021biunii excelente a t\u0103lpii pe ghea\u021b\u0103 \u0219i z\u0103pad\u0103.<\/p>\n<p>Talpa exterioar\u0103 durabil\u0103 \u0219i talpa intermediar\u0103 EVA cu dubl\u0103 densitate v\u0103 ofer\u0103 o trac\u021biune fiabil\u0103 pe suprafe\u021be cu z\u0103pad\u0103 \u0219i ghea\u021b\u0103. Membrana respirabil\u0103 Keen Dry protejeaz\u0103 \u00eempotriva umezelii. Izola\u021bia termic\u0103 sintetic\u0103 Keen Warm \u0219i o talp\u0103 anatomic\u0103 care reflect\u0103 c\u0103ldura ofer\u0103 o protec\u021bie fiabil\u0103 \u00eempotriva frigului. Bocancii sunt conceputi pentru a rezista la temperaturi de p\u00e2n\u0103 la -40\u00b0C. Tehnologia Cleansport NXT \u00eempiedic\u0103 bocancul s\u0103 absoarb\u0103 mirosurile nepl\u0103cute (garanteaz\u0103 prospe\u021bimea). \u0218oseta bocancului este cauciucat\u0103 \u0219i astfel protejat\u0103 \u00eempotriva pietrelor \u0219i a crengilor.<\/p>\n<h3>Particularit\u0103\u021bi<\/h3>\n<ul>\n<li>Izola\u021bia termic\u0103 sintetic\u0103 KEEN.WARM asigur\u0103 o protec\u021bie fiabil\u0103 \u00eempotriva frigului<\/li>\n<li>Membrana impermeabil\u0103 \u0219i respirabil\u0103 KEEN.DRY<\/li>\n<li>Eco Anti-Odor pentru controlul natural al mirosului<\/li>\n<li>Piele de calitate superioar\u0103 de la o fabric\u0103 certificat\u0103 LWG<\/li>\n<li>Talp\u0103 exterioar\u0103 KEEN.Polar Traction pentru o mai bun\u0103 trac\u021biune pe z\u0103pad\u0103 \u0219i ghea\u021b\u0103<\/li>\n<li>Talp\u0103 intermediar\u0103 EVA turnat\u0103 sub presiune pentru amortizare<\/li>\n<li>C\u0103ptu\u0219eal\u0103 textil\u0103 respirabil\u0103<\/li>\n<li>Talpa Thermal Heat Shield v\u0103 men\u021bine cald<\/li>\n<li>V\u00e2rful bocancului este cauciucat \u0219i, prin urmare, protejat \u00eempotriva pietrelor \u0219i a crengilor.<\/li>\n<\/ul>\n<h3>Caracteristici<\/h3>\n<ul>\n<li>Material &#8212; 45% piele, 21% poliester<\/li>\n<li>Amortizare &#8212; KEEN.DRY\u2122<\/li>\n<li>Fetru &#8212; KEEN.WARM\u2122<\/li>\n<li>Talp\u0103 interioar\u0103 &#8212; Thermal Heat Shield<\/li>\n<li>Talp\u0103 exterioar\u0103 &#8212; KEEN.Polar Traction<\/li>\n<li>Scop - drume\u021bii, ora\u0219<\/li>\n<li>Sezonul - iarn\u0103<\/li>\n<li>Greutate &#8212; 1326g.<\/li>\n<\/ul>\n<h3>Tehnologie<\/h3>\n<ul>\n<li><strong>KEEN.DRY\u2122 <\/strong>&#8212; membran\u0103 care v\u0103 men\u021bine picioarele uscate \u0219i cu adev\u0103rat confortabile.<\/li>\n<li><strong>KEEN.WARM<\/strong>\u2122 &#8212; patentat\u0103 izola\u021bie anti-microbian\u0103 sintetic\u0103 u\u0219oar\u0103, cu adaos de c\u0103rbune de bambus pentru a v\u0103 men\u021bine picioarele calde.<\/li>\n<\/ul>\n<p>\n\n<\/p>\n<h3>Marca<\/h3>\n<p>KEEN este compania de outdoor cu cea mai rapid\u0103 cre\u0219tere din lume. Keen s-a n\u0103scut relativ recent, \u00een martie 2003. Fondatorii s\u0103i, Martin Keen \u0219i Rory Foust, \u0219i-au propus s\u0103 creeze sandale care s\u0103 ofere protec\u021bie pentru degetele de la picioare.<\/p>\n<p>Modelele primile de incaltaminte KEEN sunt concepute pentru activit\u0103\u021bi sportive. Modelele dispuns un v\u00e2rf \u00eent\u0103rit care protejeaz\u0103 degetele de la picioare \u0219i \u00eenc\u0103l\u021b\u0103mintea \u00een sine de uzur\u0103 \u0219i deteriorare.<\/p>\n<p>\u00cen prezent, KEEN ofer\u0103 at\u00e2t \u00eenc\u0103l\u021b\u0103minte pentru odihna activ\u0103 \u0219i sport, c\u00e2t \u0219i \u00eenc\u0103l\u021b\u0103minte de mod\u0103 pentru ora\u0219e. Compania cre\u0219te \u0219i se dezvolt\u0103 rapid \u0219i, odat\u0103 cu cre\u0219terea, se schimb\u0103 constant: extinde gama de modele, adaug\u0103 noi stiluri \u0219i culori.<\/p>\n<p>","protected":false},"excerpt":{"rendered":"","protected":false},"featured_media":79293,"comment_status":"open","ping_status":"closed","template":"","meta":{"_acf_changed":false,"inline_featured_image":false},"product_brand":[1335],"product_cat":[146],"product_tag":[],"class_list":{"0":"post-78750","1":"product","2":"type-product","3":"status-publish","4":"has-post-thumbnail","6":"product_brand-keen","7":"product_cat-fall-winter","9":"first","10":"instock","11":"shipping-taxable","12":"purchasable","13":"product-type-simple"},"acf":[],"yoast_head":"<!-- This site is optimized with the Yoast SEO plugin v27.2 - https:\/\/yoast.com\/product\/yoast-seo-wordpress\/ -->\n<title>\u0411\u043e\u0442\u0438\u043d\u043a\u0438 Keen Revel IV High Polar black\/north atlantic - \u041c\u0430\u0433\u0430\u0437\u0438\u043d Xstyle<\/title>\n<meta name=\"description\" content=\"\u041e\u0442\u043a\u0440\u043e\u0439\u0442\u0435 \u0434\u043b\u044f \u0441\u0435\u0431\u044f \u0431\u043e\u0442\u0438\u043d\u043a\u0438 Keen Revel IV High Polar black\/north atlantic: \u0438\u0434\u0435\u0430\u043b\u044c\u043d\u044b\u0439 \u0432\u044b\u0431\u043e\u0440 \u0434\u043b\u044f \u0437\u0438\u043c\u044b \u0441 \u043e\u0442\u043b\u0438\u0447\u043d\u043e\u0439 \u0438\u0437\u043e\u043b\u044f\u0446\u0438\u0435\u0439, \u0432\u043e\u0434\u043e\u043e\u0442\u0442\u0430\u043b\u043a\u0438\u0432\u0430\u044e\u0449\u0435\u0439 \u0442\u0435\u0445\u043d\u043e\u043b\u043e\u0433\u0438\u0435\u0439 \u0438 \u043f\u0440\u0435\u0432\u043e\u0441\u0445\u043e\u0434\u043d\u043e\u0439 traction.\" \/>\n<meta name=\"robots\" content=\"index, follow, max-snippet:-1, max-image-preview:large, max-video-preview:-1\" \/>\n<link rel=\"canonical\" href=\"https:\/\/xstyle.md\/ro\/produs\/trp_language-languageru_rubotinki-keen-revel-iv-high-polar-black-north-atlantic-trp_languagetrp_language-languagero_robocanci-keen-revel-high-polar-black-north-atlantic-trp_language\/\" \/>\n<meta property=\"og:locale\" content=\"ro_RO\" \/>\n<meta property=\"og:type\" content=\"article\" \/>\n<meta property=\"og:title\" content=\"\u0411\u043e\u0442\u0438\u043d\u043a\u0438 Keen Revel IV High Polar black\/north atlantic - \u041c\u0430\u0433\u0430\u0437\u0438\u043d Xstyle\" \/>\n<meta property=\"og:description\" content=\"\u041e\u0442\u043a\u0440\u043e\u0439\u0442\u0435 \u0434\u043b\u044f \u0441\u0435\u0431\u044f \u0431\u043e\u0442\u0438\u043d\u043a\u0438 Keen Revel IV High Polar black\/north atlantic: \u0438\u0434\u0435\u0430\u043b\u044c\u043d\u044b\u0439 \u0432\u044b\u0431\u043e\u0440 \u0434\u043b\u044f \u0437\u0438\u043c\u044b \u0441 \u043e\u0442\u043b\u0438\u0447\u043d\u043e\u0439 \u0438\u0437\u043e\u043b\u044f\u0446\u0438\u0435\u0439, \u0432\u043e\u0434\u043e\u043e\u0442\u0442\u0430\u043b\u043a\u0438\u0432\u0430\u044e\u0449\u0435\u0439 \u0442\u0435\u0445\u043d\u043e\u043b\u043e\u0433\u0438\u0435\u0439 \u0438 \u043f\u0440\u0435\u0432\u043e\u0441\u0445\u043e\u0434\u043d\u043e\u0439 traction.\" \/>\n<meta property=\"og:url\" content=\"https:\/\/xstyle.md\/ro\/produs\/trp_language-languageru_rubotinki-keen-revel-iv-high-polar-black-north-atlantic-trp_languagetrp_language-languagero_robocanci-keen-revel-high-polar-black-north-atlantic-trp_language\/\" \/>\n<meta property=\"og:site_name\" content=\"\u041c\u0430\u0433\u0430\u0437\u0438\u043d Xstyle\" \/>\n<meta property=\"article:publisher\" content=\"https:\/\/www.facebook.com\/xstylemd\" \/>\n<meta property=\"article:modified_time\" content=\"2025-12-03T11:01:16+00:00\" \/>\n<meta property=\"og:image\" content=\"https:\/\/xstyle.md\/wp-content\/uploads\/2024\/01\/keen-revel-iv-high-polar-black-north-atlantic.jpg\" \/>\n\t<meta property=\"og:image:width\" content=\"642\" \/>\n\t<meta property=\"og:image:height\" content=\"642\" \/>\n\t<meta property=\"og:image:type\" content=\"image\/jpeg\" \/>\n<meta name=\"twitter:card\" content=\"summary_large_image\" \/>\n<meta name=\"twitter:label1\" content=\"Pre\u021b\" \/>\n\t<meta name=\"twitter:data1\" content=\"4.100&nbsp;MDL\" \/>\n\t<meta name=\"twitter:label2\" content=\"Disponibilitate\" \/>\n\t<meta name=\"twitter:data2\" content=\"\u00cen stoc\" \/>\n<script type=\"application\/ld+json\" class=\"yoast-schema-graph\">{\"@context\":\"https:\/\/schema.org\",\"@graph\":[{\"@type\":\"WebPage\",\"@id\":\"https:\/\/xstyle.md\/product\/trp_language-languageru_rubotinki-keen-revel-iv-high-polar-black-north-atlantic-trp_languagetrp_language-languagero_robocanci-keen-revel-high-polar-black-north-atlantic-trp_language\/\",\"url\":\"https:\/\/xstyle.md\/product\/trp_language-languageru_rubotinki-keen-revel-iv-high-polar-black-north-atlantic-trp_languagetrp_language-languagero_robocanci-keen-revel-high-polar-black-north-atlantic-trp_language\/\",\"name\":\"\u0411\u043e\u0442\u0438\u043d\u043a\u0438 Keen Revel IV High Polar black\/north atlantic - \u041c\u0430\u0433\u0430\u0437\u0438\u043d Xstyle\",\"isPartOf\":{\"@id\":\"https:\/\/xstyle.md\/#website\"},\"primaryImageOfPage\":{\"@id\":\"https:\/\/xstyle.md\/product\/trp_language-languageru_rubotinki-keen-revel-iv-high-polar-black-north-atlantic-trp_languagetrp_language-languagero_robocanci-keen-revel-high-polar-black-north-atlantic-trp_language\/#primaryimage\"},\"image\":{\"@id\":\"https:\/\/xstyle.md\/product\/trp_language-languageru_rubotinki-keen-revel-iv-high-polar-black-north-atlantic-trp_languagetrp_language-languagero_robocanci-keen-revel-high-polar-black-north-atlantic-trp_language\/#primaryimage\"},\"thumbnailUrl\":\"https:\/\/xstyle.md\/wp-content\/uploads\/2024\/01\/keen-revel-iv-high-polar-black-north-atlantic.jpg\",\"datePublished\":\"2024-01-18T07:10:16+00:00\",\"dateModified\":\"2025-12-03T11:01:16+00:00\",\"description\":\"\u041e\u0442\u043a\u0440\u043e\u0439\u0442\u0435 \u0434\u043b\u044f \u0441\u0435\u0431\u044f \u0431\u043e\u0442\u0438\u043d\u043a\u0438 Keen Revel IV High Polar black\/north atlantic: \u0438\u0434\u0435\u0430\u043b\u044c\u043d\u044b\u0439 \u0432\u044b\u0431\u043e\u0440 \u0434\u043b\u044f \u0437\u0438\u043c\u044b \u0441 \u043e\u0442\u043b\u0438\u0447\u043d\u043e\u0439 \u0438\u0437\u043e\u043b\u044f\u0446\u0438\u0435\u0439, \u0432\u043e\u0434\u043e\u043e\u0442\u0442\u0430\u043b\u043a\u0438\u0432\u0430\u044e\u0449\u0435\u0439 \u0442\u0435\u0445\u043d\u043e\u043b\u043e\u0433\u0438\u0435\u0439 \u0438 \u043f\u0440\u0435\u0432\u043e\u0441\u0445\u043e\u0434\u043d\u043e\u0439 traction.\",\"breadcrumb\":{\"@id\":\"https:\/\/xstyle.md\/product\/trp_language-languageru_rubotinki-keen-revel-iv-high-polar-black-north-atlantic-trp_languagetrp_language-languagero_robocanci-keen-revel-high-polar-black-north-atlantic-trp_language\/#breadcrumb\"},\"inLanguage\":\"ro-RO\",\"potentialAction\":[{\"@type\":\"ReadAction\",\"target\":[\"https:\/\/xstyle.md\/product\/trp_language-languageru_rubotinki-keen-revel-iv-high-polar-black-north-atlantic-trp_languagetrp_language-languagero_robocanci-keen-revel-high-polar-black-north-atlantic-trp_language\/\"]}]},{\"@type\":\"ImageObject\",\"inLanguage\":\"ro-RO\",\"@id\":\"https:\/\/xstyle.md\/product\/trp_language-languageru_rubotinki-keen-revel-iv-high-polar-black-north-atlantic-trp_languagetrp_language-languagero_robocanci-keen-revel-high-polar-black-north-atlantic-trp_language\/#primaryimage\",\"url\":\"https:\/\/xstyle.md\/wp-content\/uploads\/2024\/01\/keen-revel-iv-high-polar-black-north-atlantic.jpg\",\"contentUrl\":\"https:\/\/xstyle.md\/wp-content\/uploads\/2024\/01\/keen-revel-iv-high-polar-black-north-atlantic.jpg\",\"width\":642,\"height\":642,\"caption\":\"\u0411\u043e\u0442\u0438\u043d\u043a\u0438 Keen Revel IV High Polar \u0447\u0435\u0440\u043d\u044b\u0435 \u0434\u043b\u044f \u0430\u043a\u0442\u0438\u0432\u043d\u043e\u0433\u043e \u043e\u0442\u0434\u044b\u0445\u0430, \u043f\u043e\u0445\u043e\u0434\u043e\u0432 \u0438 \u043f\u0443\u0442\u0435\u0448\u0435\u0441\u0442\u0432\u0438\u0439, \u043e\u0431\u0443\u0432\u044c \u0434\u043b\u044f \u0430\u043b\u044c\u043f\u0438\u043d\u0438\u0437\u043c\u0430 \u0438 \u0433\u043e\u0440\u043d\u043e\u0433\u043e \u0442\u0443\u0440\u0438\u0437\u043c\u0430 \u043d\u0430 \u043e\u043d\u043b\u0430\u0439\u043d \u043c\u0430\u0433\u0430\u0437\u0438\u043d\u0435 \u0442\u043e\u0432\u0430\u0440\u043e\u0432 \u0434\u043b\u044f \u0430\u043a\u0442\u0438\u0432\u043d\u043e\u0439 \u0436\u0438\u0437\u043d\u0438\"},{\"@type\":\"BreadcrumbList\",\"@id\":\"https:\/\/xstyle.md\/product\/trp_language-languageru_rubotinki-keen-revel-iv-high-polar-black-north-atlantic-trp_languagetrp_language-languagero_robocanci-keen-revel-high-polar-black-north-atlantic-trp_language\/#breadcrumb\",\"itemListElement\":[{\"@type\":\"ListItem\",\"position\":1,\"name\":\"\u0413\u043b\u0430\u0432\u043d\u0430\u044f \u0441\u0442\u0440\u0430\u043d\u0438\u0446\u0430\",\"item\":\"https:\/\/xstyle.md\/\"},{\"@type\":\"ListItem\",\"position\":2,\"name\":\"\u041c\u0430\u0433\u0430\u0437\u0438\u043d\",\"item\":\"https:\/\/xstyle.md\/shop\/\"},{\"@type\":\"ListItem\",\"position\":3,\"name\":\"\u0411\u043e\u0442\u0438\u043d\u043a\u0438 Keen Revel IV High Polar black\/north atlantic\"}]},{\"@type\":\"WebSite\",\"@id\":\"https:\/\/xstyle.md\/#website\",\"url\":\"https:\/\/xstyle.md\/\",\"name\":\"\u041c\u0430\u0433\u0430\u0437\u0438\u043d Xstyle\",\"description\":\"C\u043d\u0430\u0440\u044f\u0436\u0435\u043d\u0438\u0435 \u0434\u043b\u044f \u0442\u0443\u0440\u0438\u0437\u043c\u0430 \u0438 \u044d\u043a\u0441\u0442\u0440\u0435\u043c\u0430\u043b\u044c\u043d\u044b\u0445 \u0432\u0438\u0434\u043e\u0432 \u0441\u043f\u043e\u0440\u0442\u0430 \u0432 \u041c\u043e\u043b\u0434\u043e\u0432\u0435.. \u0426\u0435\u043d\u044b, \u0444\u043e\u0442\u043e, \u0445\u0430\u0440\u0430\u043a\u0442\u0435\u0440\u0438\u0441\u0442\u0438\u043a\u0438 \u0432 \u041c\u043e\u043b\u0434\u043e\u0432\u0435.\",\"publisher\":{\"@id\":\"https:\/\/xstyle.md\/#organization\"},\"alternateName\":\"X-Style\",\"potentialAction\":[{\"@type\":\"SearchAction\",\"target\":{\"@type\":\"EntryPoint\",\"urlTemplate\":\"https:\/\/xstyle.md\/?s={search_term_string}\"},\"query-input\":{\"@type\":\"PropertyValueSpecification\",\"valueRequired\":true,\"valueName\":\"search_term_string\"}}],\"inLanguage\":\"ro-RO\"},{\"@type\":\"Organization\",\"@id\":\"https:\/\/xstyle.md\/#organization\",\"name\":\"\u041c\u0430\u0433\u0430\u0437\u0438\u043d Xstyle\",\"alternateName\":\"x-style\",\"url\":\"https:\/\/xstyle.md\/\",\"logo\":{\"@type\":\"ImageObject\",\"inLanguage\":\"ro-RO\",\"@id\":\"https:\/\/xstyle.md\/#\/schema\/logo\/image\/\",\"url\":\"https:\/\/xstyle.md\/wp-content\/uploads\/2020\/06\/logoicon.svg\",\"contentUrl\":\"https:\/\/xstyle.md\/wp-content\/uploads\/2020\/06\/logoicon.svg\",\"caption\":\"\u041c\u0430\u0433\u0430\u0437\u0438\u043d Xstyle\"},\"image\":{\"@id\":\"https:\/\/xstyle.md\/#\/schema\/logo\/image\/\"},\"sameAs\":[\"https:\/\/www.facebook.com\/xstylemd\",\"https:\/\/www.instagram.com\/xstyle_md\/\",\"https:\/\/t.me\/xstyle_outdoor\"],\"hasMerchantReturnPolicy\":{\"@type\":\"MerchantReturnPolicy\",\"merchantReturnLink\":\"https:\/\/xstyle.md\/ro\/conditions\/\"}}]}<\/script>\n<meta property=\"product:price:amount\" content=\"4100.00\" \/>\n<meta property=\"product:price:currency\" content=\"MDL\" \/>\n<meta property=\"og:availability\" content=\"instock\" \/>\n<meta property=\"product:availability\" content=\"instock\" \/>\n<meta property=\"product:retailer_item_id\" content=\"191190645901\" \/>\n<meta property=\"product:condition\" content=\"new\" \/>\n<!-- \/ Yoast SEO plugin. -->","yoast_head_json":{"title":"Bocanci Keen Revel High Polar black\/north atlantic - Magazin Xstyle","description":"Descoperi\u021bi ghetele Keen Revel IV High Polar black\/north atlantic: alegerea ideal\u0103 pentru iarn\u0103, cu o izola\u021bie excelent\u0103, tehnologie rezistent\u0103 la ap\u0103 \u0219i trac\u021biune superb\u0103.","robots":{"index":"index","follow":"follow","max-snippet":"max-snippet:-1","max-image-preview":"max-image-preview:large","max-video-preview":"max-video-preview:-1"},"canonical":"https:\/\/xstyle.md\/ro\/produs\/trp_language-languageru_rubotinki-keen-revel-iv-high-polar-black-north-atlantic-trp_languagetrp_language-languagero_robocanci-keen-revel-high-polar-black-north-atlantic-trp_language\/","og_locale":"ro_RO","og_type":"article","og_title":"\u0411\u043e\u0442\u0438\u043d\u043a\u0438 Keen Revel IV High Polar black\/north atlantic - \u041c\u0430\u0433\u0430\u0437\u0438\u043d Xstyle","og_description":"\u041e\u0442\u043a\u0440\u043e\u0439\u0442\u0435 \u0434\u043b\u044f \u0441\u0435\u0431\u044f \u0431\u043e\u0442\u0438\u043d\u043a\u0438 Keen Revel IV High Polar black\/north atlantic: \u0438\u0434\u0435\u0430\u043b\u044c\u043d\u044b\u0439 \u0432\u044b\u0431\u043e\u0440 \u0434\u043b\u044f \u0437\u0438\u043c\u044b \u0441 \u043e\u0442\u043b\u0438\u0447\u043d\u043e\u0439 \u0438\u0437\u043e\u043b\u044f\u0446\u0438\u0435\u0439, \u0432\u043e\u0434\u043e\u043e\u0442\u0442\u0430\u043b\u043a\u0438\u0432\u0430\u044e\u0449\u0435\u0439 \u0442\u0435\u0445\u043d\u043e\u043b\u043e\u0433\u0438\u0435\u0439 \u0438 \u043f\u0440\u0435\u0432\u043e\u0441\u0445\u043e\u0434\u043d\u043e\u0439 traction.","og_url":"https:\/\/xstyle.md\/ro\/produs\/trp_language-languageru_rubotinki-keen-revel-iv-high-polar-black-north-atlantic-trp_languagetrp_language-languagero_robocanci-keen-revel-high-polar-black-north-atlantic-trp_language\/","og_site_name":"\u041c\u0430\u0433\u0430\u0437\u0438\u043d Xstyle","article_publisher":"https:\/\/www.facebook.com\/xstylemd","article_modified_time":"2025-12-03T11:01:16+00:00","og_image":[{"width":642,"height":642,"url":"https:\/\/xstyle.md\/wp-content\/uploads\/2024\/01\/keen-revel-iv-high-polar-black-north-atlantic.jpg","type":"image\/jpeg"}],"twitter_card":"summary_large_image","twitter_misc":{"Pre\u021b":"4.100&nbsp;MDL","Disponibilitate":"\u00cen stoc"},"schema":{"@context":"https:\/\/schema.org","@graph":[{"@type":"WebPage","@id":"https:\/\/xstyle.md\/product\/trp_language-languageru_rubotinki-keen-revel-iv-high-polar-black-north-atlantic-trp_languagetrp_language-languagero_robocanci-keen-revel-high-polar-black-north-atlantic-trp_language\/","url":"https:\/\/xstyle.md\/product\/trp_language-languageru_rubotinki-keen-revel-iv-high-polar-black-north-atlantic-trp_languagetrp_language-languagero_robocanci-keen-revel-high-polar-black-north-atlantic-trp_language\/","name":"Bocanci Keen Revel High Polar black\/north atlantic - Magazin Xstyle","isPartOf":{"@id":"https:\/\/xstyle.md\/#website"},"primaryImageOfPage":{"@id":"https:\/\/xstyle.md\/product\/trp_language-languageru_rubotinki-keen-revel-iv-high-polar-black-north-atlantic-trp_languagetrp_language-languagero_robocanci-keen-revel-high-polar-black-north-atlantic-trp_language\/#primaryimage"},"image":{"@id":"https:\/\/xstyle.md\/product\/trp_language-languageru_rubotinki-keen-revel-iv-high-polar-black-north-atlantic-trp_languagetrp_language-languagero_robocanci-keen-revel-high-polar-black-north-atlantic-trp_language\/#primaryimage"},"thumbnailUrl":"https:\/\/xstyle.md\/wp-content\/uploads\/2024\/01\/keen-revel-iv-high-polar-black-north-atlantic.jpg","datePublished":"2024-01-18T07:10:16+00:00","dateModified":"2025-12-03T11:01:16+00:00","description":"Descoperi\u021bi ghetele Keen Revel IV High Polar black\/north atlantic: alegerea ideal\u0103 pentru iarn\u0103, cu o izola\u021bie excelent\u0103, tehnologie rezistent\u0103 la ap\u0103 \u0219i trac\u021biune superb\u0103.","breadcrumb":{"@id":"https:\/\/xstyle.md\/product\/trp_language-languageru_rubotinki-keen-revel-iv-high-polar-black-north-atlantic-trp_languagetrp_language-languagero_robocanci-keen-revel-high-polar-black-north-atlantic-trp_language\/#breadcrumb"},"inLanguage":"ro-RO","potentialAction":[{"@type":"ReadAction","target":["https:\/\/xstyle.md\/product\/trp_language-languageru_rubotinki-keen-revel-iv-high-polar-black-north-atlantic-trp_languagetrp_language-languagero_robocanci-keen-revel-high-polar-black-north-atlantic-trp_language\/"]}]},{"@type":"ImageObject","inLanguage":"ro-RO","@id":"https:\/\/xstyle.md\/product\/trp_language-languageru_rubotinki-keen-revel-iv-high-polar-black-north-atlantic-trp_languagetrp_language-languagero_robocanci-keen-revel-high-polar-black-north-atlantic-trp_language\/#primaryimage","url":"https:\/\/xstyle.md\/wp-content\/uploads\/2024\/01\/keen-revel-iv-high-polar-black-north-atlantic.jpg","contentUrl":"https:\/\/xstyle.md\/wp-content\/uploads\/2024\/01\/keen-revel-iv-high-polar-black-north-atlantic.jpg","width":642,"height":642,"caption":"\u0411\u043e\u0442\u0438\u043d\u043a\u0438 Keen Revel IV High Polar \u0447\u0435\u0440\u043d\u044b\u0435 \u0434\u043b\u044f \u0430\u043a\u0442\u0438\u0432\u043d\u043e\u0433\u043e \u043e\u0442\u0434\u044b\u0445\u0430, \u043f\u043e\u0445\u043e\u0434\u043e\u0432 \u0438 \u043f\u0443\u0442\u0435\u0448\u0435\u0441\u0442\u0432\u0438\u0439, \u043e\u0431\u0443\u0432\u044c \u0434\u043b\u044f \u0430\u043b\u044c\u043f\u0438\u043d\u0438\u0437\u043c\u0430 \u0438 \u0433\u043e\u0440\u043d\u043e\u0433\u043e \u0442\u0443\u0440\u0438\u0437\u043c\u0430 \u043d\u0430 \u043e\u043d\u043b\u0430\u0439\u043d \u043c\u0430\u0433\u0430\u0437\u0438\u043d\u0435 \u0442\u043e\u0432\u0430\u0440\u043e\u0432 \u0434\u043b\u044f \u0430\u043a\u0442\u0438\u0432\u043d\u043e\u0439 \u0436\u0438\u0437\u043d\u0438"},{"@type":"BreadcrumbList","@id":"https:\/\/xstyle.md\/product\/trp_language-languageru_rubotinki-keen-revel-iv-high-polar-black-north-atlantic-trp_languagetrp_language-languagero_robocanci-keen-revel-high-polar-black-north-atlantic-trp_language\/#breadcrumb","itemListElement":[{"@type":"ListItem","position":1,"name":"\u0413\u043b\u0430\u0432\u043d\u0430\u044f \u0441\u0442\u0440\u0430\u043d\u0438\u0446\u0430","item":"https:\/\/xstyle.md\/"},{"@type":"ListItem","position":2,"name":"\u041c\u0430\u0433\u0430\u0437\u0438\u043d","item":"https:\/\/xstyle.md\/shop\/"},{"@type":"ListItem","position":3,"name":"\u0411\u043e\u0442\u0438\u043d\u043a\u0438 Keen Revel IV High Polar black\/north atlantic"}]},{"@type":"WebSite","@id":"https:\/\/xstyle.md\/#website","url":"https:\/\/xstyle.md\/","name":"Magazinul X-Style","description":"Echipamente pentru turism \u0219i sporturi extreme \u00een Moldova. Pre\u021buri, fotografii, caracteristici \u00een Moldova.","publisher":{"@id":"https:\/\/xstyle.md\/#organization"},"alternateName":"X-Style","potentialAction":[{"@type":"SearchAction","target":{"@type":"EntryPoint","urlTemplate":"https:\/\/xstyle.md\/?s={search_term_string}"},"query-input":{"@type":"PropertyValueSpecification","valueRequired":true,"valueName":"search_term_string"}}],"inLanguage":"ro-RO"},{"@type":"Organization","@id":"https:\/\/xstyle.md\/#organization","name":"Magazinul X-Style","alternateName":"x-style","url":"https:\/\/xstyle.md\/","logo":{"@type":"ImageObject","inLanguage":"ro-RO","@id":"https:\/\/xstyle.md\/#\/schema\/logo\/image\/","url":"https:\/\/xstyle.md\/wp-content\/uploads\/2020\/06\/logoicon.svg","contentUrl":"https:\/\/xstyle.md\/wp-content\/uploads\/2020\/06\/logoicon.svg","caption":"\u041c\u0430\u0433\u0430\u0437\u0438\u043d Xstyle"},"image":{"@id":"https:\/\/xstyle.md\/#\/schema\/logo\/image\/"},"sameAs":["https:\/\/www.facebook.com\/xstylemd","https:\/\/www.instagram.com\/xstyle_md\/","https:\/\/t.me\/xstyle_outdoor"],"hasMerchantReturnPolicy":{"@type":"MerchantReturnPolicy","merchantReturnLink":"https:\/\/xstyle.md\/ro\/conditions\/"}}]},"product_price_amount":"4100.00","product_price_currency":"MDL","og_availability":"instock","product_availability":"instock","product_retailer_item_id":"191190645901","product_condition":"new"},"post_mailing_queue_ids":[],"_links":{"self":[{"href":"https:\/\/xstyle.md\/ro\/wp-json\/wp\/v2\/product\/78750","targetHints":{"allow":["GET"]}}],"collection":[{"href":"https:\/\/xstyle.md\/ro\/wp-json\/wp\/v2\/product"}],"about":[{"href":"https:\/\/xstyle.md\/ro\/wp-json\/wp\/v2\/types\/product"}],"replies":[{"embeddable":true,"href":"https:\/\/xstyle.md\/ro\/wp-json\/wp\/v2\/comments?post=78750"}],"wp:featuredmedia":[{"embeddable":true,"href":"https:\/\/xstyle.md\/ro\/wp-json\/wp\/v2\/media\/79293"}],"wp:attachment":[{"href":"https:\/\/xstyle.md\/ro\/wp-json\/wp\/v2\/media?parent=78750"}],"wp:term":[{"taxonomy":"product_brand","embeddable":true,"href":"https:\/\/xstyle.md\/ro\/wp-json\/wp\/v2\/product_brand?post=78750"},{"taxonomy":"product_cat","embeddable":true,"href":"https:\/\/xstyle.md\/ro\/wp-json\/wp\/v2\/product_cat?post=78750"},{"taxonomy":"product_tag","embeddable":true,"href":"https:\/\/xstyle.md\/ro\/wp-json\/wp\/v2\/product_tag?post=78750"}],"curies":[{"name":"wp","href":"https:\/\/api.w.org\/{rel}","templated":true}]}}