{"id":78749,"date":"2024-01-18T10:10:16","date_gmt":"2024-01-18T07:10:16","guid":{"rendered":"https:\/\/xstyle.md\/?post_type=product&#038;p=78749"},"modified":"2026-03-04T12:34:39","modified_gmt":"2026-03-04T09:34:39","slug":"botinki-keen-greta-wp-andorra-baked-clay","status":"publish","type":"product","link":"https:\/\/xstyle.md\/ro\/produs\/botinki-keen-greta-wp-andorra-baked-clay\/","title":{"rendered":"Bocanci Keen Greta WP andorra\/baked clay"},"content":{"rendered":"<\/p>\n<p><strong>Keen Greta WP<\/strong> &#8212; cizme de iarn\u0103 pentru copii care pot face fa\u021b\u0103 traseelor \u00eenz\u0103pezite de iarn\u0103 datorit\u0103 materialelor impermeabile durabile \u0219i profilului \u00eenalt. Sunt bine izolate chiar \u0219i \u00een cele mai reci condi\u021bii, cu trac\u021biune bun\u0103 \u0219i suport pentru glezn\u0103 de care ave\u021bi nevoie pe teren alunecos \u0219i \u00eenghe\u021bat.<\/p>\n<h3>Particularit\u0103\u021bi<\/h3>\n<ul>\n<li>Cizme de iarn\u0103 pentru drume\u021bii \u00een condi\u021bii extreme<\/li>\n<li>Pielea impermeabil\u0103 ofer\u0103 protec\u021bie fiabil\u0103<\/li>\n<li>Izola\u021bie proiectat\u0103 pentru temperaturi mult sub zero grade<\/li>\n<li>Gleznele c\u0103ptu\u0219ite ofer\u0103 confort \u0219i suport<\/li>\n<li>Talpa intermediar\u0103 cu densitate dubl\u0103 ofer\u0103 amortizare<\/li>\n<li>Cauciucul de sub picior protejeaz\u0103 \u00eempotriva pietrelor ascunse<\/li>\n<li>Talpa exterioar\u0103 este preg\u0103tit\u0103 pentru trac\u021biune pe z\u0103pad\u0103 \u0219i ghea\u021b\u0103.<\/li>\n<\/ul>\n<h3>Caracteristici<\/h3>\n<ul>\n<li>Material &#8212; 45% piele natural\u0103, 21% poliester<\/li>\n<li>Membran\u0103 - KEEN.DRY\u2122<\/li>\n<li>Izola\u021bie &#8212; KEEN.WARM\u2122 p\u00e2n\u0103 la -32\u00b0C<\/li>\n<li>Talp\u0103 interioar\u0103 &#8212; Thermal Heat Shield<\/li>\n<li>Talp\u0103 exterioar\u0103 &#8212; KEEN.FREEZE<\/li>\n<li>Scop &#8212; drume\u021bie, ora\u0219<\/li>\n<li>Anotimp - iarn\u0103<\/li>\n<\/ul>\n<h3>Tehnologie<\/h3>\n<ul>\n<li><strong>KEEN.DRY\u2122<\/strong> \u2013 membran\u0103 care v\u0103 men\u021bine picioarele uscate \u0219i foarte confortabile.<\/li>\n<li><strong>KEEN.WARM<\/strong>\u2122 \u2013 izolarea antimicrobian\u0103 sintetic\u0103 u\u0219oar\u0103 patentat\u0103 cu c\u0103rbune de bambus v\u0103 va men\u021bine picioarele calde.<\/li>\n<\/ul>\n<h3>Marca<\/h3>\n<p>KEEN este compania de outdoor cu cea mai rapid\u0103 cre\u0219tere din lume. Keen s-a n\u0103scut relativ recent, \u00een martie 2003. Fondatorii s\u0103i, Martin Keen \u0219i Rory Fuest, \u0219i-au propus s\u0103 creeze sandale care s\u0103 protejeze degetele de la picioare.<\/p>\n<p>Primele modele de pantofi KEEN au fostopute pentru sporturiles nautice. O caracteristic\u0103 distinctiv\u0103 a modellelor este aspectul v\u00e2rtos, care protejeaz\u0103 modelele de pantofi de deteriorare \u0219i deteriorare.<\/p>\n<p>\u00cen prezent, KEEN ofer\u0103 at\u00e2t pantofi concepu\u021bi pentru recreere activ\u0103 \u0219i sport, c\u00e2t \u0219i pantofi la mod\u0103 pentru ora\u0219. Compania cre\u0219te \u0219i se dezvolt\u0103 rapid \u0219i, odat\u0103 cu cre\u0219terea, se schimb\u0103 constant: extinde gama de modele, adaug\u0103 noi stiluri \u0219i culori.<\/p>\n<p><\/p>","protected":false},"excerpt":{"rendered":"","protected":false},"featured_media":79289,"comment_status":"open","ping_status":"closed","template":"","meta":{"_acf_changed":false,"inline_featured_image":false},"product_brand":[1335],"product_cat":[853],"product_tag":[],"class_list":{"0":"post-78749","1":"product","2":"type-product","3":"status-publish","4":"has-post-thumbnail","6":"product_brand-keen","7":"product_cat-kids-fall-winter","9":"first","10":"instock","11":"shipping-taxable","12":"purchasable","13":"product-type-simple"},"acf":[],"yoast_head":"<!-- This site is optimized with the Yoast SEO plugin v27.2 - https:\/\/yoast.com\/product\/yoast-seo-wordpress\/ -->\n<title>\u0411\u043e\u0442\u0438\u043d\u043a\u0438 Keen Greta WP andorra\/baked clay - \u041c\u0430\u0433\u0430\u0437\u0438\u043d Xstyle<\/title>\n<meta name=\"description\" content=\"\u041a\u0443\u043f\u0438\u0442\u044c \u0411\u043e\u0442\u0438\u043d\u043a\u0438 Keen Greta WP \u0432 \u0446\u0432\u0435\u0442\u0435 Andorra\/Baked Clay. \u0423\u0441\u0442\u043e\u0439\u0447\u0438\u0432\u044b \u043a \u0437\u0438\u043c\u043d\u0438\u043c \u0443\u0441\u043b\u043e\u0432\u0438\u044f\u043c, \u0444\u0438\u043a\u0441\u0438\u0440\u043e\u0432\u0430\u043d\u043d\u0430\u044f \u043f\u043e\u0434\u0434\u0435\u0440\u0436\u043a\u0430, \u043e\u0442\u043b\u0438\u0447\u043d\u0430\u044f \u0438\u0437\u043e\u043b\u044f\u0446\u0438\u044f \u0438 \u0432\u043e\u0434\u043e\u043d\u0435\u043f\u0440\u043e\u043d\u0438\u0446\u0430\u0435\u043c\u043e\u0441\u0442\u044c.\" \/>\n<meta name=\"robots\" content=\"index, follow, max-snippet:-1, max-image-preview:large, max-video-preview:-1\" \/>\n<link rel=\"canonical\" href=\"https:\/\/xstyle.md\/ro\/produs\/botinki-keen-greta-wp-andorra-baked-clay\/\" \/>\n<meta property=\"og:locale\" content=\"ro_RO\" \/>\n<meta property=\"og:type\" content=\"article\" \/>\n<meta property=\"og:title\" content=\"\u0411\u043e\u0442\u0438\u043d\u043a\u0438 Keen Greta WP andorra\/baked clay - \u041c\u0430\u0433\u0430\u0437\u0438\u043d Xstyle\" \/>\n<meta property=\"og:description\" content=\"\u041a\u0443\u043f\u0438\u0442\u044c \u0411\u043e\u0442\u0438\u043d\u043a\u0438 Keen Greta WP \u0432 \u0446\u0432\u0435\u0442\u0435 Andorra\/Baked Clay. \u0423\u0441\u0442\u043e\u0439\u0447\u0438\u0432\u044b \u043a \u0437\u0438\u043c\u043d\u0438\u043c \u0443\u0441\u043b\u043e\u0432\u0438\u044f\u043c, \u0444\u0438\u043a\u0441\u0438\u0440\u043e\u0432\u0430\u043d\u043d\u0430\u044f \u043f\u043e\u0434\u0434\u0435\u0440\u0436\u043a\u0430, \u043e\u0442\u043b\u0438\u0447\u043d\u0430\u044f \u0438\u0437\u043e\u043b\u044f\u0446\u0438\u044f \u0438 \u0432\u043e\u0434\u043e\u043d\u0435\u043f\u0440\u043e\u043d\u0438\u0446\u0430\u0435\u043c\u043e\u0441\u0442\u044c.\" \/>\n<meta property=\"og:url\" content=\"https:\/\/xstyle.md\/ro\/produs\/botinki-keen-greta-wp-andorra-baked-clay\/\" \/>\n<meta property=\"og:site_name\" content=\"\u041c\u0430\u0433\u0430\u0437\u0438\u043d Xstyle\" \/>\n<meta property=\"article:publisher\" content=\"https:\/\/www.facebook.com\/xstylemd\" \/>\n<meta property=\"article:modified_time\" content=\"2026-03-04T09:34:39+00:00\" \/>\n<meta property=\"og:image\" content=\"https:\/\/xstyle.md\/wp-content\/uploads\/2024\/01\/keen-greta-wp-andorra-baked-clay.jpg\" \/>\n\t<meta property=\"og:image:width\" content=\"576\" \/>\n\t<meta property=\"og:image:height\" content=\"576\" \/>\n\t<meta property=\"og:image:type\" content=\"image\/jpeg\" \/>\n<meta name=\"twitter:card\" content=\"summary_large_image\" \/>\n<meta name=\"twitter:label1\" content=\"Pre\u021b\" \/>\n\t<meta name=\"twitter:data1\" content=\"3.480&nbsp;MDL\" \/>\n\t<meta name=\"twitter:label2\" content=\"Disponibilitate\" \/>\n\t<meta name=\"twitter:data2\" content=\"\u00cen stoc\" \/>\n<script type=\"application\/ld+json\" class=\"yoast-schema-graph\">{\"@context\":\"https:\/\/schema.org\",\"@graph\":[{\"@type\":\"WebPage\",\"@id\":\"https:\/\/xstyle.md\/product\/botinki-keen-greta-wp-andorra-baked-clay\/\",\"url\":\"https:\/\/xstyle.md\/product\/botinki-keen-greta-wp-andorra-baked-clay\/\",\"name\":\"\u0411\u043e\u0442\u0438\u043d\u043a\u0438 Keen Greta WP andorra\/baked clay - \u041c\u0430\u0433\u0430\u0437\u0438\u043d Xstyle\",\"isPartOf\":{\"@id\":\"https:\/\/xstyle.md\/#website\"},\"primaryImageOfPage\":{\"@id\":\"https:\/\/xstyle.md\/product\/botinki-keen-greta-wp-andorra-baked-clay\/#primaryimage\"},\"image\":{\"@id\":\"https:\/\/xstyle.md\/product\/botinki-keen-greta-wp-andorra-baked-clay\/#primaryimage\"},\"thumbnailUrl\":\"https:\/\/xstyle.md\/wp-content\/uploads\/2024\/01\/keen-greta-wp-andorra-baked-clay.jpg\",\"datePublished\":\"2024-01-18T07:10:16+00:00\",\"dateModified\":\"2026-03-04T09:34:39+00:00\",\"description\":\"\u041a\u0443\u043f\u0438\u0442\u044c \u0411\u043e\u0442\u0438\u043d\u043a\u0438 Keen Greta WP \u0432 \u0446\u0432\u0435\u0442\u0435 Andorra\/Baked Clay. \u0423\u0441\u0442\u043e\u0439\u0447\u0438\u0432\u044b \u043a \u0437\u0438\u043c\u043d\u0438\u043c \u0443\u0441\u043b\u043e\u0432\u0438\u044f\u043c, \u0444\u0438\u043a\u0441\u0438\u0440\u043e\u0432\u0430\u043d\u043d\u0430\u044f \u043f\u043e\u0434\u0434\u0435\u0440\u0436\u043a\u0430, \u043e\u0442\u043b\u0438\u0447\u043d\u0430\u044f \u0438\u0437\u043e\u043b\u044f\u0446\u0438\u044f \u0438 \u0432\u043e\u0434\u043e\u043d\u0435\u043f\u0440\u043e\u043d\u0438\u0446\u0430\u0435\u043c\u043e\u0441\u0442\u044c.\",\"breadcrumb\":{\"@id\":\"https:\/\/xstyle.md\/product\/botinki-keen-greta-wp-andorra-baked-clay\/#breadcrumb\"},\"inLanguage\":\"ro-RO\",\"potentialAction\":[{\"@type\":\"ReadAction\",\"target\":[\"https:\/\/xstyle.md\/product\/botinki-keen-greta-wp-andorra-baked-clay\/\"]}]},{\"@type\":\"ImageObject\",\"inLanguage\":\"ro-RO\",\"@id\":\"https:\/\/xstyle.md\/product\/botinki-keen-greta-wp-andorra-baked-clay\/#primaryimage\",\"url\":\"https:\/\/xstyle.md\/wp-content\/uploads\/2024\/01\/keen-greta-wp-andorra-baked-clay.jpg\",\"contentUrl\":\"https:\/\/xstyle.md\/wp-content\/uploads\/2024\/01\/keen-greta-wp-andorra-baked-clay.jpg\",\"width\":576,\"height\":576,\"caption\":\"\u0411\u043e\u0442\u0438\u043d\u043a\u0438 Keen Greta WP \u0434\u043b\u044f \u0430\u043a\u0442\u0438\u0432\u043d\u043e\u0433\u043e \u043e\u0442\u0434\u044b\u0445\u0430, \u043f\u043e\u0445\u043e\u0434\u043e\u0432 \u0438 \u043f\u0443\u0442\u0435\u0448\u0435\u0441\u0442\u0432\u0438\u0439 \u043d\u0430 \u043f\u0440\u0438\u0440\u043e\u0434\u043d\u044b\u0445 \u043c\u0430\u0440\u0448\u0440\u0443\u0442\u0430\u0445, \u043e\u0434\u0435\u0436\u0434\u0430 \u0438 \u043e\u0431\u0443\u0432\u044c \u0434\u043b\u044f \u0442\u0443\u0440\u0438\u0437\u043c\u0430, \u043f\u043e\u0445\u043e\u0434\u043e\u0432 \u0438 \u0430\u043a\u0442\u0438\u0432\u043d\u043e\u0433\u043e \u043e\u0431\u0440\u0430\u0437\u0430 \u0436\u0438\u0437\u043d\u0438\"},{\"@type\":\"BreadcrumbList\",\"@id\":\"https:\/\/xstyle.md\/product\/botinki-keen-greta-wp-andorra-baked-clay\/#breadcrumb\",\"itemListElement\":[{\"@type\":\"ListItem\",\"position\":1,\"name\":\"\u0413\u043b\u0430\u0432\u043d\u0430\u044f \u0441\u0442\u0440\u0430\u043d\u0438\u0446\u0430\",\"item\":\"https:\/\/xstyle.md\/\"},{\"@type\":\"ListItem\",\"position\":2,\"name\":\"\u041c\u0430\u0433\u0430\u0437\u0438\u043d\",\"item\":\"https:\/\/xstyle.md\/shop\/\"},{\"@type\":\"ListItem\",\"position\":3,\"name\":\"\u0411\u043e\u0442\u0438\u043d\u043a\u0438 Keen Greta WP andorra\/baked clay\"}]},{\"@type\":\"WebSite\",\"@id\":\"https:\/\/xstyle.md\/#website\",\"url\":\"https:\/\/xstyle.md\/\",\"name\":\"\u041c\u0430\u0433\u0430\u0437\u0438\u043d Xstyle\",\"description\":\"C\u043d\u0430\u0440\u044f\u0436\u0435\u043d\u0438\u0435 \u0434\u043b\u044f \u0442\u0443\u0440\u0438\u0437\u043c\u0430 \u0438 \u044d\u043a\u0441\u0442\u0440\u0435\u043c\u0430\u043b\u044c\u043d\u044b\u0445 \u0432\u0438\u0434\u043e\u0432 \u0441\u043f\u043e\u0440\u0442\u0430 \u0432 \u041c\u043e\u043b\u0434\u043e\u0432\u0435.. \u0426\u0435\u043d\u044b, \u0444\u043e\u0442\u043e, \u0445\u0430\u0440\u0430\u043a\u0442\u0435\u0440\u0438\u0441\u0442\u0438\u043a\u0438 \u0432 \u041c\u043e\u043b\u0434\u043e\u0432\u0435.\",\"publisher\":{\"@id\":\"https:\/\/xstyle.md\/#organization\"},\"alternateName\":\"X-Style\",\"potentialAction\":[{\"@type\":\"SearchAction\",\"target\":{\"@type\":\"EntryPoint\",\"urlTemplate\":\"https:\/\/xstyle.md\/?s={search_term_string}\"},\"query-input\":{\"@type\":\"PropertyValueSpecification\",\"valueRequired\":true,\"valueName\":\"search_term_string\"}}],\"inLanguage\":\"ro-RO\"},{\"@type\":\"Organization\",\"@id\":\"https:\/\/xstyle.md\/#organization\",\"name\":\"\u041c\u0430\u0433\u0430\u0437\u0438\u043d Xstyle\",\"alternateName\":\"x-style\",\"url\":\"https:\/\/xstyle.md\/\",\"logo\":{\"@type\":\"ImageObject\",\"inLanguage\":\"ro-RO\",\"@id\":\"https:\/\/xstyle.md\/#\/schema\/logo\/image\/\",\"url\":\"https:\/\/xstyle.md\/wp-content\/uploads\/2020\/06\/logoicon.svg\",\"contentUrl\":\"https:\/\/xstyle.md\/wp-content\/uploads\/2020\/06\/logoicon.svg\",\"caption\":\"\u041c\u0430\u0433\u0430\u0437\u0438\u043d Xstyle\"},\"image\":{\"@id\":\"https:\/\/xstyle.md\/#\/schema\/logo\/image\/\"},\"sameAs\":[\"https:\/\/www.facebook.com\/xstylemd\",\"https:\/\/www.instagram.com\/xstyle_md\/\",\"https:\/\/t.me\/xstyle_outdoor\"],\"hasMerchantReturnPolicy\":{\"@type\":\"MerchantReturnPolicy\",\"merchantReturnLink\":\"https:\/\/xstyle.md\/ro\/conditions\/\"}}]}<\/script>\n<meta property=\"product:price:amount\" content=\"3480.00\" \/>\n<meta property=\"product:price:currency\" content=\"MDL\" \/>\n<meta property=\"og:availability\" content=\"instock\" \/>\n<meta property=\"product:availability\" content=\"instock\" \/>\n<meta property=\"product:retailer_item_id\" content=\"195208220654\" \/>\n<meta property=\"product:condition\" content=\"new\" \/>\n<!-- \/ Yoast SEO plugin. -->","yoast_head_json":{"title":"Bocanci Keen Greta WP andorra\/baked clay - Magazin Xstyle","description":"Cump\u0103r\u0103 ghetele Keen Greta WP \u00een culoarea Andorra\/Baked Clay. Rezistente la condi\u021bii de iarn\u0103, sprijin fix, izola\u021bie excelent\u0103 \u0219i impermeabilitate.","robots":{"index":"index","follow":"follow","max-snippet":"max-snippet:-1","max-image-preview":"max-image-preview:large","max-video-preview":"max-video-preview:-1"},"canonical":"https:\/\/xstyle.md\/ro\/produs\/botinki-keen-greta-wp-andorra-baked-clay\/","og_locale":"ro_RO","og_type":"article","og_title":"\u0411\u043e\u0442\u0438\u043d\u043a\u0438 Keen Greta WP andorra\/baked clay - \u041c\u0430\u0433\u0430\u0437\u0438\u043d Xstyle","og_description":"\u041a\u0443\u043f\u0438\u0442\u044c \u0411\u043e\u0442\u0438\u043d\u043a\u0438 Keen Greta WP \u0432 \u0446\u0432\u0435\u0442\u0435 Andorra\/Baked Clay. \u0423\u0441\u0442\u043e\u0439\u0447\u0438\u0432\u044b \u043a \u0437\u0438\u043c\u043d\u0438\u043c \u0443\u0441\u043b\u043e\u0432\u0438\u044f\u043c, \u0444\u0438\u043a\u0441\u0438\u0440\u043e\u0432\u0430\u043d\u043d\u0430\u044f \u043f\u043e\u0434\u0434\u0435\u0440\u0436\u043a\u0430, \u043e\u0442\u043b\u0438\u0447\u043d\u0430\u044f \u0438\u0437\u043e\u043b\u044f\u0446\u0438\u044f \u0438 \u0432\u043e\u0434\u043e\u043d\u0435\u043f\u0440\u043e\u043d\u0438\u0446\u0430\u0435\u043c\u043e\u0441\u0442\u044c.","og_url":"https:\/\/xstyle.md\/ro\/produs\/botinki-keen-greta-wp-andorra-baked-clay\/","og_site_name":"\u041c\u0430\u0433\u0430\u0437\u0438\u043d Xstyle","article_publisher":"https:\/\/www.facebook.com\/xstylemd","article_modified_time":"2026-03-04T09:34:39+00:00","og_image":[{"width":576,"height":576,"url":"https:\/\/xstyle.md\/wp-content\/uploads\/2024\/01\/keen-greta-wp-andorra-baked-clay.jpg","type":"image\/jpeg"}],"twitter_card":"summary_large_image","twitter_misc":{"Pre\u021b":"3.480&nbsp;MDL","Disponibilitate":"\u00cen stoc"},"schema":{"@context":"https:\/\/schema.org","@graph":[{"@type":"WebPage","@id":"https:\/\/xstyle.md\/product\/botinki-keen-greta-wp-andorra-baked-clay\/","url":"https:\/\/xstyle.md\/product\/botinki-keen-greta-wp-andorra-baked-clay\/","name":"Bocanci Keen Greta WP andorra\/baked clay - Magazin Xstyle","isPartOf":{"@id":"https:\/\/xstyle.md\/#website"},"primaryImageOfPage":{"@id":"https:\/\/xstyle.md\/product\/botinki-keen-greta-wp-andorra-baked-clay\/#primaryimage"},"image":{"@id":"https:\/\/xstyle.md\/product\/botinki-keen-greta-wp-andorra-baked-clay\/#primaryimage"},"thumbnailUrl":"https:\/\/xstyle.md\/wp-content\/uploads\/2024\/01\/keen-greta-wp-andorra-baked-clay.jpg","datePublished":"2024-01-18T07:10:16+00:00","dateModified":"2026-03-04T09:34:39+00:00","description":"Cump\u0103r\u0103 ghetele Keen Greta WP \u00een culoarea Andorra\/Baked Clay. Rezistente la condi\u021bii de iarn\u0103, sprijin fix, izola\u021bie excelent\u0103 \u0219i impermeabilitate.","breadcrumb":{"@id":"https:\/\/xstyle.md\/product\/botinki-keen-greta-wp-andorra-baked-clay\/#breadcrumb"},"inLanguage":"ro-RO","potentialAction":[{"@type":"ReadAction","target":["https:\/\/xstyle.md\/product\/botinki-keen-greta-wp-andorra-baked-clay\/"]}]},{"@type":"ImageObject","inLanguage":"ro-RO","@id":"https:\/\/xstyle.md\/product\/botinki-keen-greta-wp-andorra-baked-clay\/#primaryimage","url":"https:\/\/xstyle.md\/wp-content\/uploads\/2024\/01\/keen-greta-wp-andorra-baked-clay.jpg","contentUrl":"https:\/\/xstyle.md\/wp-content\/uploads\/2024\/01\/keen-greta-wp-andorra-baked-clay.jpg","width":576,"height":576,"caption":"\u0411\u043e\u0442\u0438\u043d\u043a\u0438 Keen Greta WP \u0434\u043b\u044f \u0430\u043a\u0442\u0438\u0432\u043d\u043e\u0433\u043e \u043e\u0442\u0434\u044b\u0445\u0430, \u043f\u043e\u0445\u043e\u0434\u043e\u0432 \u0438 \u043f\u0443\u0442\u0435\u0448\u0435\u0441\u0442\u0432\u0438\u0439 \u043d\u0430 \u043f\u0440\u0438\u0440\u043e\u0434\u043d\u044b\u0445 \u043c\u0430\u0440\u0448\u0440\u0443\u0442\u0430\u0445, \u043e\u0434\u0435\u0436\u0434\u0430 \u0438 \u043e\u0431\u0443\u0432\u044c \u0434\u043b\u044f \u0442\u0443\u0440\u0438\u0437\u043c\u0430, \u043f\u043e\u0445\u043e\u0434\u043e\u0432 \u0438 \u0430\u043a\u0442\u0438\u0432\u043d\u043e\u0433\u043e \u043e\u0431\u0440\u0430\u0437\u0430 \u0436\u0438\u0437\u043d\u0438"},{"@type":"BreadcrumbList","@id":"https:\/\/xstyle.md\/product\/botinki-keen-greta-wp-andorra-baked-clay\/#breadcrumb","itemListElement":[{"@type":"ListItem","position":1,"name":"\u0413\u043b\u0430\u0432\u043d\u0430\u044f \u0441\u0442\u0440\u0430\u043d\u0438\u0446\u0430","item":"https:\/\/xstyle.md\/"},{"@type":"ListItem","position":2,"name":"\u041c\u0430\u0433\u0430\u0437\u0438\u043d","item":"https:\/\/xstyle.md\/shop\/"},{"@type":"ListItem","position":3,"name":"\u0411\u043e\u0442\u0438\u043d\u043a\u0438 Keen Greta WP andorra\/baked clay"}]},{"@type":"WebSite","@id":"https:\/\/xstyle.md\/#website","url":"https:\/\/xstyle.md\/","name":"Magazinul X-Style","description":"Echipamente pentru turism \u0219i sporturi extreme \u00een Moldova. Pre\u021buri, fotografii, caracteristici \u00een Moldova.","publisher":{"@id":"https:\/\/xstyle.md\/#organization"},"alternateName":"X-Style","potentialAction":[{"@type":"SearchAction","target":{"@type":"EntryPoint","urlTemplate":"https:\/\/xstyle.md\/?s={search_term_string}"},"query-input":{"@type":"PropertyValueSpecification","valueRequired":true,"valueName":"search_term_string"}}],"inLanguage":"ro-RO"},{"@type":"Organization","@id":"https:\/\/xstyle.md\/#organization","name":"Magazinul X-Style","alternateName":"x-style","url":"https:\/\/xstyle.md\/","logo":{"@type":"ImageObject","inLanguage":"ro-RO","@id":"https:\/\/xstyle.md\/#\/schema\/logo\/image\/","url":"https:\/\/xstyle.md\/wp-content\/uploads\/2020\/06\/logoicon.svg","contentUrl":"https:\/\/xstyle.md\/wp-content\/uploads\/2020\/06\/logoicon.svg","caption":"\u041c\u0430\u0433\u0430\u0437\u0438\u043d Xstyle"},"image":{"@id":"https:\/\/xstyle.md\/#\/schema\/logo\/image\/"},"sameAs":["https:\/\/www.facebook.com\/xstylemd","https:\/\/www.instagram.com\/xstyle_md\/","https:\/\/t.me\/xstyle_outdoor"],"hasMerchantReturnPolicy":{"@type":"MerchantReturnPolicy","merchantReturnLink":"https:\/\/xstyle.md\/ro\/conditions\/"}}]},"product_price_amount":"3480.00","product_price_currency":"MDL","og_availability":"instock","product_availability":"instock","product_retailer_item_id":"195208220654","product_condition":"new"},"post_mailing_queue_ids":[],"_links":{"self":[{"href":"https:\/\/xstyle.md\/ro\/wp-json\/wp\/v2\/product\/78749","targetHints":{"allow":["GET"]}}],"collection":[{"href":"https:\/\/xstyle.md\/ro\/wp-json\/wp\/v2\/product"}],"about":[{"href":"https:\/\/xstyle.md\/ro\/wp-json\/wp\/v2\/types\/product"}],"replies":[{"embeddable":true,"href":"https:\/\/xstyle.md\/ro\/wp-json\/wp\/v2\/comments?post=78749"}],"wp:featuredmedia":[{"embeddable":true,"href":"https:\/\/xstyle.md\/ro\/wp-json\/wp\/v2\/media\/79289"}],"wp:attachment":[{"href":"https:\/\/xstyle.md\/ro\/wp-json\/wp\/v2\/media?parent=78749"}],"wp:term":[{"taxonomy":"product_brand","embeddable":true,"href":"https:\/\/xstyle.md\/ro\/wp-json\/wp\/v2\/product_brand?post=78749"},{"taxonomy":"product_cat","embeddable":true,"href":"https:\/\/xstyle.md\/ro\/wp-json\/wp\/v2\/product_cat?post=78749"},{"taxonomy":"product_tag","embeddable":true,"href":"https:\/\/xstyle.md\/ro\/wp-json\/wp\/v2\/product_tag?post=78749"}],"curies":[{"name":"wp","href":"https:\/\/api.w.org\/{rel}","templated":true}]}}