{"id":78747,"date":"2024-01-18T10:10:15","date_gmt":"2024-01-18T07:10:15","guid":{"rendered":"https:\/\/xstyle.md\/?post_type=product&#038;p=78747"},"modified":"2026-01-13T17:27:32","modified_gmt":"2026-01-13T14:27:32","slug":"botinki-keen-revel-iv-mid-polar-black-magnet","status":"publish","type":"product","link":"https:\/\/xstyle.md\/ro\/produs\/botinki-keen-revel-iv-mid-polar-black-magnet\/","title":{"rendered":"Bocanci Keen Revel IV Mid Polar black\/magnet"},"content":{"rendered":"<\/p>\n<p><strong>Keen Revel IV Mid Polar<\/strong> &#8212; bocanci izolate pentru b\u0103rba\u021bi sunt solu\u021bia perfect\u0103 pentru c\u0103l\u0103toriile de iarn\u0103. Cizmele de \u00een\u0103l\u021bime medie v\u0103 men\u021bin piciorul bine fixat datorit\u0103 \u0219ireturilor cu c\u00e2rlige cu eliberare rapid\u0103 din partea superioar\u0103. Izola\u021bia KEEN.WARM\u2122 p\u00e2n\u0103 la -32\u00b0C v\u0103 men\u021bine picioarele calde \u0219i confortabile, \u00een timp ce membrana KEEN.DRY\u2122 le men\u021bine uscate. Talpa groas\u0103 combin\u0103 o talp\u0103 intermediar\u0103 EVA turnat\u0103 care ofer\u0103 confort \u0219i sus\u021binere piciorului, iar banda de rulare omnidirec\u021bional\u0103 din cauciuc KEEN.Polar Traction conceput\u0103 special pentru \u00eenc\u0103l\u021b\u0103mintea de iarn\u0103 asigur\u0103 o trac\u021biune excelent\u0103 pe suprafe\u021be \u00eenghe\u021bate \u0219i \u00eenz\u0103pezite.<\/p>\n<h3>Particularit\u0103\u021bi<\/h3>\n<ul>\n<li>Talpa din cauciuc cu caneluri multidirec\u021bionale de 5 mm ofer\u0103 o trac\u021biune bun\u0103 pe z\u0103pad\u0103 \u0219i ghea\u021b\u0103<\/li>\n<li>Suport u\u0219or pentru tibie<\/li>\n<li>KEEN.WARM 200g izola\u021bie din PET reciclat pentru temperaturi de p\u00e2n\u0103 la -32\u00b0C, v\u0103 men\u021bine cald chiar \u0219i atunci c\u00e2nd sunte\u021bi ud.<\/li>\n<li>Membran\u0103 impermeabil\u0103, respirabil\u0103 KEEN.DRY<\/li>\n<li>Tratament Eco Anti-Odor pentru controlul natural al mirosului<\/li>\n<li>Piele premium ecologic\u0103 de la o t\u0103b\u0103c\u0103rie certificat\u0103 LWG<\/li>\n<li>C\u0103ptu\u0219eal\u0103 textil\u0103 respirabil\u0103<\/li>\n<\/ul>\n<h3>Caracteristici<\/h3>\n<ul>\n<li>Membran\u0103 - KEEN.DRY\u2122<\/li>\n<li>Izola\u021bie &#8212; KEEN.WARM\u2122<\/li>\n<li>Talp\u0103 interioar\u0103 &#8212; Thermal Heat Shield<\/li>\n<li>Talp\u0103 exterioar\u0103 &#8212; KEEN.Polar Traction<\/li>\n<li>Scop &#8212; drume\u021bie, ora\u0219<\/li>\n<li>Anotimp - iarn\u0103<\/li>\n<\/ul>\n<h3>Tehnologie<\/h3>\n<ul>\n<li><strong>KEEN.DRY\u2122<\/strong> \u2013 membran\u0103 care v\u0103 men\u021bine picioarele uscate \u0219i foarte confortabile.<\/li>\n<li><strong>KEEN.WARM<\/strong>\u2122 \u2013 izolarea antimicrobian\u0103 sintetic\u0103 u\u0219oar\u0103 patentat\u0103 cu c\u0103rbune de bambus v\u0103 va men\u021bine picioarele calde.<\/li>\n<\/ul>\n<h3>Marca<\/h3>\n<p>KEEN este compania de outdoor cu cea mai rapid\u0103 cre\u0219tere din lume. Keen s-a n\u0103scut relativ recent, \u00een martie 2003. Fondatorii s\u0103i, Martin Keen \u0219i Rory Fuest, \u0219i-au propus s\u0103 creeze sandale care s\u0103 protejeze degetele de la picioare.<\/p>\n<p>Primele modele de pantofi KEEN au fostopute pentru sporturiles nautice. O caracteristic\u0103 distinctiv\u0103 a modellelor este aspectul v\u00e2rtos, care protejeaz\u0103 modelele de pantofi de deteriorare \u0219i deteriorare.<\/p>\n<p>\u00cen prezent, KEEN ofer\u0103 at\u00e2t pantofi concepu\u021bi pentru recreere activ\u0103 \u0219i sport, c\u00e2t \u0219i pantofi la mod\u0103 pentru ora\u0219. Compania cre\u0219te \u0219i se dezvolt\u0103 rapid \u0219i, odat\u0103 cu cre\u0219terea, se schimb\u0103 constant: extinde gama de modele, adaug\u0103 noi stiluri \u0219i culori.<\/p>\n<p><\/p>","protected":false},"excerpt":{"rendered":"","protected":false},"featured_media":79280,"comment_status":"open","ping_status":"closed","template":"","meta":{"_acf_changed":false,"inline_featured_image":false},"product_brand":[1335],"product_cat":[146],"product_tag":[],"class_list":{"0":"post-78747","1":"product","2":"type-product","3":"status-publish","4":"has-post-thumbnail","6":"product_brand-keen","7":"product_cat-fall-winter","9":"first","10":"outofstock","11":"shipping-taxable","12":"product-type-simple"},"acf":[],"yoast_head":"<!-- This site is optimized with the Yoast SEO plugin v27.4 - https:\/\/yoast.com\/product\/yoast-seo-wordpress\/ -->\n<title>\u0411\u043e\u0442\u0438\u043d\u043a\u0438 Keen Revel IV Mid Polar black\/magnet - \u041c\u0430\u0433\u0430\u0437\u0438\u043d Xstyle<\/title>\n<meta name=\"description\" content=\"\u041e\u0442\u043a\u0440\u043e\u0439\u0442\u0435 \u0434\u043b\u044f \u0441\u0435\u0431\u044f \u0431\u043e\u0442\u0438\u043d\u043a\u0438 Keen Revel IV Mid Polar black\/magnet \u2014 \u0438\u0434\u0435\u0430\u043b\u044c\u043d\u044b\u0435 \u0434\u043b\u044f \u0437\u0438\u043c\u043d\u0438\u0445 \u043f\u0443\u0442\u0435\u0448\u0435\u0441\u0442\u0432\u0438\u0439. \u0422\u0435\u043f\u043b\u043e, \u0437\u0430\u0449\u0438\u0442\u0430 \u043e\u0442 \u0432\u043b\u0430\u0433\u0438 \u0438 \u043e\u0442\u043b\u0438\u0447\u043d\u044b\u0439 \u0437\u0430\u0445\u0432\u0430\u0442 \u0433\u0430\u0440\u0430\u043d\u0442\u0438\u0440\u043e\u0432\u0430\u043d\u044b!\" \/>\n<meta name=\"robots\" content=\"index, follow, max-snippet:-1, max-image-preview:large, max-video-preview:-1\" \/>\n<link rel=\"canonical\" href=\"https:\/\/xstyle.md\/ro\/produs\/botinki-keen-revel-iv-mid-polar-black-magnet\/\" \/>\n<meta property=\"og:locale\" content=\"ro_RO\" \/>\n<meta property=\"og:type\" content=\"article\" \/>\n<meta property=\"og:title\" content=\"\u0411\u043e\u0442\u0438\u043d\u043a\u0438 Keen Revel IV Mid Polar black\/magnet - \u041c\u0430\u0433\u0430\u0437\u0438\u043d Xstyle\" \/>\n<meta property=\"og:description\" content=\"\u041e\u0442\u043a\u0440\u043e\u0439\u0442\u0435 \u0434\u043b\u044f \u0441\u0435\u0431\u044f \u0431\u043e\u0442\u0438\u043d\u043a\u0438 Keen Revel IV Mid Polar black\/magnet \u2014 \u0438\u0434\u0435\u0430\u043b\u044c\u043d\u044b\u0435 \u0434\u043b\u044f \u0437\u0438\u043c\u043d\u0438\u0445 \u043f\u0443\u0442\u0435\u0448\u0435\u0441\u0442\u0432\u0438\u0439. \u0422\u0435\u043f\u043b\u043e, \u0437\u0430\u0449\u0438\u0442\u0430 \u043e\u0442 \u0432\u043b\u0430\u0433\u0438 \u0438 \u043e\u0442\u043b\u0438\u0447\u043d\u044b\u0439 \u0437\u0430\u0445\u0432\u0430\u0442 \u0433\u0430\u0440\u0430\u043d\u0442\u0438\u0440\u043e\u0432\u0430\u043d\u044b!\" \/>\n<meta property=\"og:url\" content=\"https:\/\/xstyle.md\/ro\/produs\/botinki-keen-revel-iv-mid-polar-black-magnet\/\" \/>\n<meta property=\"og:site_name\" content=\"\u041c\u0430\u0433\u0430\u0437\u0438\u043d Xstyle\" \/>\n<meta property=\"article:publisher\" content=\"https:\/\/www.facebook.com\/xstylemd\" \/>\n<meta property=\"article:modified_time\" content=\"2026-01-13T14:27:32+00:00\" \/>\n<meta property=\"og:image\" content=\"https:\/\/xstyle.md\/wp-content\/uploads\/2024\/01\/keen-revel-iv-mid-polar-black-magnet.jpg\" \/>\n\t<meta property=\"og:image:width\" content=\"500\" \/>\n\t<meta property=\"og:image:height\" content=\"500\" \/>\n\t<meta property=\"og:image:type\" content=\"image\/jpeg\" \/>\n<meta name=\"twitter:card\" content=\"summary_large_image\" \/>\n<meta name=\"twitter:label1\" content=\"Pre\u021b\" \/>\n\t<meta name=\"twitter:data1\" content=\"3.690&nbsp;MDL\" \/>\n\t<meta name=\"twitter:label2\" content=\"Disponibilitate\" \/>\n\t<meta name=\"twitter:data2\" content=\"Stoc epuizat\" \/>\n<script type=\"application\/ld+json\" class=\"yoast-schema-graph\">{\"@context\":\"https:\\\/\\\/schema.org\",\"@graph\":[{\"@type\":\"WebPage\",\"@id\":\"https:\\\/\\\/xstyle.md\\\/product\\\/botinki-keen-revel-iv-mid-polar-black-magnet\\\/\",\"url\":\"https:\\\/\\\/xstyle.md\\\/product\\\/botinki-keen-revel-iv-mid-polar-black-magnet\\\/\",\"name\":\"\u0411\u043e\u0442\u0438\u043d\u043a\u0438 Keen Revel IV Mid Polar black\\\/magnet - \u041c\u0430\u0433\u0430\u0437\u0438\u043d Xstyle\",\"isPartOf\":{\"@id\":\"https:\\\/\\\/xstyle.md\\\/#website\"},\"primaryImageOfPage\":{\"@id\":\"https:\\\/\\\/xstyle.md\\\/product\\\/botinki-keen-revel-iv-mid-polar-black-magnet\\\/#primaryimage\"},\"image\":{\"@id\":\"https:\\\/\\\/xstyle.md\\\/product\\\/botinki-keen-revel-iv-mid-polar-black-magnet\\\/#primaryimage\"},\"thumbnailUrl\":\"https:\\\/\\\/xstyle.md\\\/wp-content\\\/uploads\\\/2024\\\/01\\\/keen-revel-iv-mid-polar-black-magnet.jpg\",\"datePublished\":\"2024-01-18T07:10:15+00:00\",\"dateModified\":\"2026-01-13T14:27:32+00:00\",\"description\":\"\u041e\u0442\u043a\u0440\u043e\u0439\u0442\u0435 \u0434\u043b\u044f \u0441\u0435\u0431\u044f \u0431\u043e\u0442\u0438\u043d\u043a\u0438 Keen Revel IV Mid Polar black\\\/magnet \u2014 \u0438\u0434\u0435\u0430\u043b\u044c\u043d\u044b\u0435 \u0434\u043b\u044f \u0437\u0438\u043c\u043d\u0438\u0445 \u043f\u0443\u0442\u0435\u0448\u0435\u0441\u0442\u0432\u0438\u0439. \u0422\u0435\u043f\u043b\u043e, \u0437\u0430\u0449\u0438\u0442\u0430 \u043e\u0442 \u0432\u043b\u0430\u0433\u0438 \u0438 \u043e\u0442\u043b\u0438\u0447\u043d\u044b\u0439 \u0437\u0430\u0445\u0432\u0430\u0442 \u0433\u0430\u0440\u0430\u043d\u0442\u0438\u0440\u043e\u0432\u0430\u043d\u044b!\",\"breadcrumb\":{\"@id\":\"https:\\\/\\\/xstyle.md\\\/product\\\/botinki-keen-revel-iv-mid-polar-black-magnet\\\/#breadcrumb\"},\"inLanguage\":\"ro-RO\",\"potentialAction\":[{\"@type\":\"ReadAction\",\"target\":[\"https:\\\/\\\/xstyle.md\\\/product\\\/botinki-keen-revel-iv-mid-polar-black-magnet\\\/\"]}]},{\"@type\":\"ImageObject\",\"inLanguage\":\"ro-RO\",\"@id\":\"https:\\\/\\\/xstyle.md\\\/product\\\/botinki-keen-revel-iv-mid-polar-black-magnet\\\/#primaryimage\",\"url\":\"https:\\\/\\\/xstyle.md\\\/wp-content\\\/uploads\\\/2024\\\/01\\\/keen-revel-iv-mid-polar-black-magnet.jpg\",\"contentUrl\":\"https:\\\/\\\/xstyle.md\\\/wp-content\\\/uploads\\\/2024\\\/01\\\/keen-revel-iv-mid-polar-black-magnet.jpg\",\"width\":500,\"height\":500,\"caption\":\"\u0411\u043e\u0442\u0438\u043d\u043a\u0438 Keen Revel IV Mid Polar \u0447\u0435\u0440\u043d\u044b\u0435 \u0434\u043b\u044f \u0430\u043a\u0442\u0438\u0432\u043d\u043e\u0439 \u0436\u0438\u0437\u043d\u0438, \u043f\u043e\u0445\u043e\u0434\u043e\u0432, \u0433\u043e\u0440\u043d\u044b\u0445 \u0432\u043e\u0441\u0445\u043e\u0436\u0434\u0435\u043d\u0438\u0439, \u043f\u0443\u0442\u0435\u0448\u0435\u0441\u0442\u0432\u0438\u0439, \u043e\u0431\u0443\u0432\u044c \u0434\u043b\u044f \u0430\u043a\u0442\u0438\u0432\u043d\u043e\u0433\u043e \u043e\u0442\u0434\u044b\u0445\u0430 \u0434\u043b\u044f \u043e\u043d\u043b\u0430\u0439\u043d \u043c\u0430\u0433\u0430\u0437\u0438\u043d\u0430\"},{\"@type\":\"BreadcrumbList\",\"@id\":\"https:\\\/\\\/xstyle.md\\\/product\\\/botinki-keen-revel-iv-mid-polar-black-magnet\\\/#breadcrumb\",\"itemListElement\":[{\"@type\":\"ListItem\",\"position\":1,\"name\":\"\u0413\u043b\u0430\u0432\u043d\u0430\u044f \u0441\u0442\u0440\u0430\u043d\u0438\u0446\u0430\",\"item\":\"https:\\\/\\\/xstyle.md\\\/\"},{\"@type\":\"ListItem\",\"position\":2,\"name\":\"\u041c\u0430\u0433\u0430\u0437\u0438\u043d\",\"item\":\"https:\\\/\\\/xstyle.md\\\/shop\\\/\"},{\"@type\":\"ListItem\",\"position\":3,\"name\":\"\u0411\u043e\u0442\u0438\u043d\u043a\u0438 Keen Revel IV Mid Polar black\\\/magnet\"}]},{\"@type\":\"WebSite\",\"@id\":\"https:\\\/\\\/xstyle.md\\\/#website\",\"url\":\"https:\\\/\\\/xstyle.md\\\/\",\"name\":\"\u041c\u0430\u0433\u0430\u0437\u0438\u043d Xstyle\",\"description\":\"C\u043d\u0430\u0440\u044f\u0436\u0435\u043d\u0438\u0435 \u0434\u043b\u044f \u0442\u0443\u0440\u0438\u0437\u043c\u0430 \u0438 \u044d\u043a\u0441\u0442\u0440\u0435\u043c\u0430\u043b\u044c\u043d\u044b\u0445 \u0432\u0438\u0434\u043e\u0432 \u0441\u043f\u043e\u0440\u0442\u0430 \u0432 \u041c\u043e\u043b\u0434\u043e\u0432\u0435.. \u0426\u0435\u043d\u044b, \u0444\u043e\u0442\u043e, \u0445\u0430\u0440\u0430\u043a\u0442\u0435\u0440\u0438\u0441\u0442\u0438\u043a\u0438 \u0432 \u041c\u043e\u043b\u0434\u043e\u0432\u0435.\",\"publisher\":{\"@id\":\"https:\\\/\\\/xstyle.md\\\/#organization\"},\"alternateName\":\"X-Style\",\"potentialAction\":[{\"@type\":\"SearchAction\",\"target\":{\"@type\":\"EntryPoint\",\"urlTemplate\":\"https:\\\/\\\/xstyle.md\\\/?s={search_term_string}\"},\"query-input\":{\"@type\":\"PropertyValueSpecification\",\"valueRequired\":true,\"valueName\":\"search_term_string\"}}],\"inLanguage\":\"ro-RO\"},{\"@type\":\"Organization\",\"@id\":\"https:\\\/\\\/xstyle.md\\\/#organization\",\"name\":\"\u041c\u0430\u0433\u0430\u0437\u0438\u043d Xstyle\",\"alternateName\":\"x-style\",\"url\":\"https:\\\/\\\/xstyle.md\\\/\",\"logo\":{\"@type\":\"ImageObject\",\"inLanguage\":\"ro-RO\",\"@id\":\"https:\\\/\\\/xstyle.md\\\/#\\\/schema\\\/logo\\\/image\\\/\",\"url\":\"https:\\\/\\\/xstyle.md\\\/wp-content\\\/uploads\\\/2020\\\/06\\\/logoicon.svg\",\"contentUrl\":\"https:\\\/\\\/xstyle.md\\\/wp-content\\\/uploads\\\/2020\\\/06\\\/logoicon.svg\",\"caption\":\"\u041c\u0430\u0433\u0430\u0437\u0438\u043d Xstyle\"},\"image\":{\"@id\":\"https:\\\/\\\/xstyle.md\\\/#\\\/schema\\\/logo\\\/image\\\/\"},\"sameAs\":[\"https:\\\/\\\/www.facebook.com\\\/xstylemd\",\"https:\\\/\\\/www.instagram.com\\\/xstyle_md\\\/\",\"https:\\\/\\\/t.me\\\/xstyle_outdoor\"],\"hasMerchantReturnPolicy\":{\"@type\":\"MerchantReturnPolicy\",\"merchantReturnLink\":\"https:\\\/\\\/xstyle.md\\\/ro\\\/conditions\\\/\"}}]}<\/script>\n<meta property=\"product:price:amount\" content=\"3690.00\" \/>\n<meta property=\"product:price:currency\" content=\"MDL\" \/>\n<meta property=\"og:availability\" content=\"out of stock\" \/>\n<meta property=\"product:availability\" content=\"out of stock\" \/>\n<meta property=\"product:retailer_item_id\" content=\"191190645574\" \/>\n<meta property=\"product:condition\" content=\"new\" \/>\n<!-- \/ Yoast SEO plugin. -->","yoast_head_json":{"title":"Bocanci Keen Revel IV Mid Polar black\/magnet - Magazin Xstyle","description":"Descoperi\u021bi bocancii Keen Revel IV Mid Polar black\/magnet - ideali pentru c\u0103l\u0103torii de iarn\u0103. C\u0103ldura, protec\u021bia \u00eempotriva umidit\u0103\u021bii \u0219i o aderen\u021b\u0103 excelent\u0103 sunt garantate!","robots":{"index":"index","follow":"follow","max-snippet":"max-snippet:-1","max-image-preview":"max-image-preview:large","max-video-preview":"max-video-preview:-1"},"canonical":"https:\/\/xstyle.md\/ro\/produs\/botinki-keen-revel-iv-mid-polar-black-magnet\/","og_locale":"ro_RO","og_type":"article","og_title":"\u0411\u043e\u0442\u0438\u043d\u043a\u0438 Keen Revel IV Mid Polar black\/magnet - \u041c\u0430\u0433\u0430\u0437\u0438\u043d Xstyle","og_description":"\u041e\u0442\u043a\u0440\u043e\u0439\u0442\u0435 \u0434\u043b\u044f \u0441\u0435\u0431\u044f \u0431\u043e\u0442\u0438\u043d\u043a\u0438 Keen Revel IV Mid Polar black\/magnet \u2014 \u0438\u0434\u0435\u0430\u043b\u044c\u043d\u044b\u0435 \u0434\u043b\u044f \u0437\u0438\u043c\u043d\u0438\u0445 \u043f\u0443\u0442\u0435\u0448\u0435\u0441\u0442\u0432\u0438\u0439. \u0422\u0435\u043f\u043b\u043e, \u0437\u0430\u0449\u0438\u0442\u0430 \u043e\u0442 \u0432\u043b\u0430\u0433\u0438 \u0438 \u043e\u0442\u043b\u0438\u0447\u043d\u044b\u0439 \u0437\u0430\u0445\u0432\u0430\u0442 \u0433\u0430\u0440\u0430\u043d\u0442\u0438\u0440\u043e\u0432\u0430\u043d\u044b!","og_url":"https:\/\/xstyle.md\/ro\/produs\/botinki-keen-revel-iv-mid-polar-black-magnet\/","og_site_name":"\u041c\u0430\u0433\u0430\u0437\u0438\u043d Xstyle","article_publisher":"https:\/\/www.facebook.com\/xstylemd","article_modified_time":"2026-01-13T14:27:32+00:00","og_image":[{"width":500,"height":500,"url":"https:\/\/xstyle.md\/wp-content\/uploads\/2024\/01\/keen-revel-iv-mid-polar-black-magnet.jpg","type":"image\/jpeg"}],"twitter_card":"summary_large_image","twitter_misc":{"Pre\u021b":"3.690&nbsp;MDL","Disponibilitate":"Stoc epuizat"},"schema":{"@context":"https:\/\/schema.org","@graph":[{"@type":"WebPage","@id":"https:\/\/xstyle.md\/product\/botinki-keen-revel-iv-mid-polar-black-magnet\/","url":"https:\/\/xstyle.md\/product\/botinki-keen-revel-iv-mid-polar-black-magnet\/","name":"Bocanci Keen Revel IV Mid Polar black\/magnet - Magazin Xstyle","isPartOf":{"@id":"https:\/\/xstyle.md\/#website"},"primaryImageOfPage":{"@id":"https:\/\/xstyle.md\/product\/botinki-keen-revel-iv-mid-polar-black-magnet\/#primaryimage"},"image":{"@id":"https:\/\/xstyle.md\/product\/botinki-keen-revel-iv-mid-polar-black-magnet\/#primaryimage"},"thumbnailUrl":"https:\/\/xstyle.md\/wp-content\/uploads\/2024\/01\/keen-revel-iv-mid-polar-black-magnet.jpg","datePublished":"2024-01-18T07:10:15+00:00","dateModified":"2026-01-13T14:27:32+00:00","description":"Descoperi\u021bi bocancii Keen Revel IV Mid Polar black\/magnet - ideali pentru c\u0103l\u0103torii de iarn\u0103. C\u0103ldura, protec\u021bia \u00eempotriva umidit\u0103\u021bii \u0219i o aderen\u021b\u0103 excelent\u0103 sunt garantate!","breadcrumb":{"@id":"https:\/\/xstyle.md\/product\/botinki-keen-revel-iv-mid-polar-black-magnet\/#breadcrumb"},"inLanguage":"ro-RO","potentialAction":[{"@type":"ReadAction","target":["https:\/\/xstyle.md\/product\/botinki-keen-revel-iv-mid-polar-black-magnet\/"]}]},{"@type":"ImageObject","inLanguage":"ro-RO","@id":"https:\/\/xstyle.md\/product\/botinki-keen-revel-iv-mid-polar-black-magnet\/#primaryimage","url":"https:\/\/xstyle.md\/wp-content\/uploads\/2024\/01\/keen-revel-iv-mid-polar-black-magnet.jpg","contentUrl":"https:\/\/xstyle.md\/wp-content\/uploads\/2024\/01\/keen-revel-iv-mid-polar-black-magnet.jpg","width":500,"height":500,"caption":"\u0411\u043e\u0442\u0438\u043d\u043a\u0438 Keen Revel IV Mid Polar \u0447\u0435\u0440\u043d\u044b\u0435 \u0434\u043b\u044f \u0430\u043a\u0442\u0438\u0432\u043d\u043e\u0439 \u0436\u0438\u0437\u043d\u0438, \u043f\u043e\u0445\u043e\u0434\u043e\u0432, \u0433\u043e\u0440\u043d\u044b\u0445 \u0432\u043e\u0441\u0445\u043e\u0436\u0434\u0435\u043d\u0438\u0439, \u043f\u0443\u0442\u0435\u0448\u0435\u0441\u0442\u0432\u0438\u0439, \u043e\u0431\u0443\u0432\u044c \u0434\u043b\u044f \u0430\u043a\u0442\u0438\u0432\u043d\u043e\u0433\u043e \u043e\u0442\u0434\u044b\u0445\u0430 \u0434\u043b\u044f \u043e\u043d\u043b\u0430\u0439\u043d \u043c\u0430\u0433\u0430\u0437\u0438\u043d\u0430"},{"@type":"BreadcrumbList","@id":"https:\/\/xstyle.md\/product\/botinki-keen-revel-iv-mid-polar-black-magnet\/#breadcrumb","itemListElement":[{"@type":"ListItem","position":1,"name":"\u0413\u043b\u0430\u0432\u043d\u0430\u044f \u0441\u0442\u0440\u0430\u043d\u0438\u0446\u0430","item":"https:\/\/xstyle.md\/"},{"@type":"ListItem","position":2,"name":"\u041c\u0430\u0433\u0430\u0437\u0438\u043d","item":"https:\/\/xstyle.md\/shop\/"},{"@type":"ListItem","position":3,"name":"\u0411\u043e\u0442\u0438\u043d\u043a\u0438 Keen Revel IV Mid Polar black\/magnet"}]},{"@type":"WebSite","@id":"https:\/\/xstyle.md\/#website","url":"https:\/\/xstyle.md\/","name":"Magazinul X-Style","description":"Echipamente pentru turism \u0219i sporturi extreme \u00een Moldova. Pre\u021buri, fotografii, caracteristici \u00een Moldova.","publisher":{"@id":"https:\/\/xstyle.md\/#organization"},"alternateName":"X-Style","potentialAction":[{"@type":"SearchAction","target":{"@type":"EntryPoint","urlTemplate":"https:\/\/xstyle.md\/?s={search_term_string}"},"query-input":{"@type":"PropertyValueSpecification","valueRequired":true,"valueName":"search_term_string"}}],"inLanguage":"ro-RO"},{"@type":"Organization","@id":"https:\/\/xstyle.md\/#organization","name":"Magazinul X-Style","alternateName":"x-style","url":"https:\/\/xstyle.md\/","logo":{"@type":"ImageObject","inLanguage":"ro-RO","@id":"https:\/\/xstyle.md\/#\/schema\/logo\/image\/","url":"https:\/\/xstyle.md\/wp-content\/uploads\/2020\/06\/logoicon.svg","contentUrl":"https:\/\/xstyle.md\/wp-content\/uploads\/2020\/06\/logoicon.svg","caption":"\u041c\u0430\u0433\u0430\u0437\u0438\u043d Xstyle"},"image":{"@id":"https:\/\/xstyle.md\/#\/schema\/logo\/image\/"},"sameAs":["https:\/\/www.facebook.com\/xstylemd","https:\/\/www.instagram.com\/xstyle_md\/","https:\/\/t.me\/xstyle_outdoor"],"hasMerchantReturnPolicy":{"@type":"MerchantReturnPolicy","merchantReturnLink":"https:\/\/xstyle.md\/ro\/conditions\/"}}]},"product_price_amount":"3690.00","product_price_currency":"MDL","og_availability":"out of stock","product_availability":"out of stock","product_retailer_item_id":"191190645574","product_condition":"new"},"_links":{"self":[{"href":"https:\/\/xstyle.md\/ro\/wp-json\/wp\/v2\/product\/78747","targetHints":{"allow":["GET"]}}],"collection":[{"href":"https:\/\/xstyle.md\/ro\/wp-json\/wp\/v2\/product"}],"about":[{"href":"https:\/\/xstyle.md\/ro\/wp-json\/wp\/v2\/types\/product"}],"replies":[{"embeddable":true,"href":"https:\/\/xstyle.md\/ro\/wp-json\/wp\/v2\/comments?post=78747"}],"wp:featuredmedia":[{"embeddable":true,"href":"https:\/\/xstyle.md\/ro\/wp-json\/wp\/v2\/media\/79280"}],"wp:attachment":[{"href":"https:\/\/xstyle.md\/ro\/wp-json\/wp\/v2\/media?parent=78747"}],"wp:term":[{"taxonomy":"product_brand","embeddable":true,"href":"https:\/\/xstyle.md\/ro\/wp-json\/wp\/v2\/product_brand?post=78747"},{"taxonomy":"product_cat","embeddable":true,"href":"https:\/\/xstyle.md\/ro\/wp-json\/wp\/v2\/product_cat?post=78747"},{"taxonomy":"product_tag","embeddable":true,"href":"https:\/\/xstyle.md\/ro\/wp-json\/wp\/v2\/product_tag?post=78747"}],"curies":[{"name":"wp","href":"https:\/\/api.w.org\/{rel}","templated":true}]}}