{"id":78735,"date":"2024-01-18T10:10:13","date_gmt":"2024-01-18T07:10:13","guid":{"rendered":"https:\/\/xstyle.md\/?post_type=product&#038;p=78735"},"modified":"2024-10-03T01:39:27","modified_gmt":"2024-10-02T22:39:27","slug":"trp_language-languageru_rukurtka-hannah-northpole-mns-plum-kitten-trp_languagetrp_language-languagero_rogeaca-hannah-northpole-mns-plum-kitten-trp_language","status":"publish","type":"product","link":"https:\/\/xstyle.md\/ro\/produs\/trp_language-languageru_rukurtka-hannah-northpole-mns-plum-kitten-trp_languagetrp_language-languagero_rogeaca-hannah-northpole-mns-plum-kitten-trp_language\/","title":{"rendered":"Geac\u0103 Hannah Northpole Mns plum kitten"},"content":{"rendered":"<\/p>\n<p><strong>Hannah Northpole<\/strong> &#8212; parka impermeabil\u0103 pentru b\u0103rba\u021bi, alegerea ideal\u0103 pentru ora\u0219 \u0219i timp liber. Membrana Resstex 5000 cu tratament DWR ofer\u0103 rezisten\u021b\u0103 la ploaie \u0219i z\u0103pad\u0103 umed\u0103, \u00een timp ce izola\u021bia Duratherm Classic cu fibr\u0103 de poliester asigur\u0103 un confort termic amplu \u0219i o func\u021bionalitate optim\u0103. Cus\u0103turile principale sunt acoperite cu band\u0103 adeziv\u0103, iar fermoarul central este acoperit de o clapet\u0103. Datorit\u0103 panoului de spate extins, aceast\u0103 parka v\u0103 \u021bine mereu spatele cald, iar gluga reglabil\u0103 v\u0103 protejeaz\u0103 de intemperii. M\u00e2necile sunt reglabile cu ajutorul butoanelor, iar man\u0219etele p\u0103streaz\u0103 c\u0103ldura \u00een interior. Dou\u0103 buzunare duble pentru m\u00e2ini cu clapet\u0103 \u0219i un buzunar intern cu fermoar. Cus\u0103turile decorative de pe c\u0103ptu\u0219eal\u0103 subliniaz\u0103 aspectul modern \u0219i casual al acestei jachete.<\/p>\n<h3>Particularit\u0103\u021bi<\/h3>\n<ul>\n<li>Propriet\u0103\u021bi termice excelente<\/li>\n<li>\u021aes\u0103tur\u0103 hidrofug\u0103, respirabil\u0103<\/li>\n<li>Croial\u0103 standard, mai lung\u0103 la spate<\/li>\n<li>Fermoar complet cu clapet\u0103 de siguran\u021b\u0103<\/li>\n<li>Glug\u0103 cu cordon de str\u00e2ngere reglabil<\/li>\n<li>Guler \u00eenalt cu protec\u021bie pentru b\u0103rbie<\/li>\n<li>Buzunar la piept cu fermoar<\/li>\n<li>2 buzunare laterale cu clapete<\/li>\n<li>Buzunar interior cu fermoar<\/li>\n<li>Man\u0219ete cu nasturi<\/li>\n<li>Cus\u0103turi impermeabile<\/li>\n<li>Libertate optim\u0103 de mi\u0219care.<\/li>\n<\/ul>\n<h3>Caracteristici<\/h3>\n<ul>\n<li>Material &#8212; 100% poliester DWR<\/li>\n<li>Izola\u021bie &#8212; Duratherm Classic<\/li>\n<li>Membran\u0103 &#8212; Resstex 5000<\/li>\n<li>Rezisten\u021b\u0103 la umiditate &#8212; 5 000 mm<\/li>\n<li>Permeabilitate la aer &#8212; 5 000 g\/m2\/24h<\/li>\n<li>Model - b\u0103rba\u021bi.<\/li>\n<\/ul>\n<h3>Tehnologie<\/h3>\n<ul>\n<li><strong>Resstex 5000<\/strong> &#8212; membran\u0103 poliuretanic\u0103 microporoas\u0103 cu un raport bine echilibrat \u00eentre impermeabilitate \u0219i respirabilitate. Produsele cu aceast\u0103 membran\u0103 protejeaz\u0103 \u00eempotriva ploii sau a z\u0103pezii umede \u0219i, \u00een acela\u0219i timp, men\u021bin parametrii de respirabilitate care sunt aprecia\u021bi \u00een multe activit\u0103\u021bi \u00een aer liber.<\/li>\n<li><strong>Duratherm Classic<\/strong> &#8212; este un material izolator din poliester de \u00eenalt\u0103 calitate, cu o izola\u021bie termic\u0103 excelent\u0103. Garanteaz\u0103 o func\u021bionalitate optim\u0103 \u0219i un confort termic suficient chiar \u0219i \u00een condi\u021bii de umiditate. Perfect pentru \u00eembr\u0103c\u0103minte sportiv\u0103 \u0219i urban\u0103.<\/li>\n<\/ul>\n<h3>Marca<\/h3>\n<p>Hannah este un brand interna\u021bional specializat \u00een articole de c\u0103l\u0103torie \u0219i \u00eembr\u0103c\u0103minte sport pentru fiecare sezon. Marca Hannah a fost fondat\u0103 \u00een Republica Ceh\u0103 \u00een 1991. Compania a ob\u021binut un succes bun pe pia\u021ba intern\u0103 datorit\u0103 politicii sale de \u00eenalt\u0103 calitate \u0219i a pre\u021burilor accesibile pentru fiecare produs.<\/p>\n<p>\u00cenc\u0103 de la \u00eenceput, compania a \u00eenceput s\u0103 fabrice produse \u00een conformitate cu standardele interna\u021bionale, deoarece a realizat pe deplin importan\u021ba unei reputa\u021bii curate. \u00cen acest sens, s-a petrecut mult timp cu selectarea materialelor de calitate, ale c\u0103ror produse puteau fi caracterizate prin rezisten\u021b\u0103 la uzur\u0103 \u0219i durabilitate, iar unele produse erau, de asemenea, impermeabile. Ast\u0103zi, marca nu st\u0103 pe loc, catalogul lor este actualizat \u0219i extins \u00een mod constant, iar produsele pot fi g\u0103site \u00een \u00eentreaga lume.<\/p>\n<p><\/p>","protected":false},"excerpt":{"rendered":"","protected":false},"featured_media":78953,"comment_status":"open","ping_status":"closed","template":"","meta":{"_acf_changed":false,"inline_featured_image":false},"product_brand":[1271],"product_cat":[908],"product_tag":[],"class_list":{"0":"post-78735","1":"product","2":"type-product","3":"status-publish","4":"has-post-thumbnail","6":"product_brand-hannah","7":"product_cat-city-scurta-barbati","9":"first","10":"instock","11":"shipping-taxable","12":"purchasable","13":"product-type-simple"},"acf":[],"yoast_head":"<!-- This site is optimized with the Yoast SEO plugin v27.4 - https:\/\/yoast.com\/product\/yoast-seo-wordpress\/ -->\n<title>\u041a\u0443\u0440\u0442\u043a\u0430 Hannah Northpole Mns plum kitten - \u041c\u0430\u0433\u0430\u0437\u0438\u043d Xstyle<\/title>\n<meta name=\"description\" content=\"\u041a\u0443\u0440\u0442\u043a\u0430 Hannah Northpole Mns plum kitten - \u0438\u0434\u0435\u0430\u043b\u044c\u043d\u044b\u0439 \u0432\u044b\u0431\u043e\u0440 \u0434\u043b\u044f \u0433\u043e\u0440\u043e\u0434\u0430 \u0438 \u0430\u043a\u0442\u0438\u0432\u043d\u043e\u0433\u043e \u043e\u0442\u0434\u044b\u0445\u0430. \u0417\u0430\u0449\u0438\u0442\u0430 \u043e\u0442 \u0434\u043e\u0436\u0434\u044f \u0438 \u0441\u043d\u0435\u0433\u0430 \u0441 \u0438\u0437\u043e\u043b\u044f\u0446\u0438\u0435\u0439 Duratherm Classic.\" \/>\n<meta name=\"robots\" content=\"index, follow, max-snippet:-1, max-image-preview:large, max-video-preview:-1\" \/>\n<link rel=\"canonical\" href=\"https:\/\/xstyle.md\/ro\/produs\/trp_language-languageru_rukurtka-hannah-northpole-mns-plum-kitten-trp_languagetrp_language-languagero_rogeaca-hannah-northpole-mns-plum-kitten-trp_language\/\" \/>\n<meta property=\"og:locale\" content=\"ro_RO\" \/>\n<meta property=\"og:type\" content=\"article\" \/>\n<meta property=\"og:title\" content=\"\u041a\u0443\u0440\u0442\u043a\u0430 Hannah Northpole Mns plum kitten - \u041c\u0430\u0433\u0430\u0437\u0438\u043d Xstyle\" \/>\n<meta property=\"og:description\" content=\"\u041a\u0443\u0440\u0442\u043a\u0430 Hannah Northpole Mns plum kitten - \u0438\u0434\u0435\u0430\u043b\u044c\u043d\u044b\u0439 \u0432\u044b\u0431\u043e\u0440 \u0434\u043b\u044f \u0433\u043e\u0440\u043e\u0434\u0430 \u0438 \u0430\u043a\u0442\u0438\u0432\u043d\u043e\u0433\u043e \u043e\u0442\u0434\u044b\u0445\u0430. \u0417\u0430\u0449\u0438\u0442\u0430 \u043e\u0442 \u0434\u043e\u0436\u0434\u044f \u0438 \u0441\u043d\u0435\u0433\u0430 \u0441 \u0438\u0437\u043e\u043b\u044f\u0446\u0438\u0435\u0439 Duratherm Classic.\" \/>\n<meta property=\"og:url\" content=\"https:\/\/xstyle.md\/ro\/produs\/trp_language-languageru_rukurtka-hannah-northpole-mns-plum-kitten-trp_languagetrp_language-languagero_rogeaca-hannah-northpole-mns-plum-kitten-trp_language\/\" \/>\n<meta property=\"og:site_name\" content=\"\u041c\u0430\u0433\u0430\u0437\u0438\u043d Xstyle\" \/>\n<meta property=\"article:publisher\" content=\"https:\/\/www.facebook.com\/xstylemd\" \/>\n<meta property=\"article:modified_time\" content=\"2024-10-02T22:39:27+00:00\" \/>\n<meta property=\"og:image\" content=\"https:\/\/xstyle.md\/wp-content\/uploads\/2024\/01\/hannah-northpole-mns-plum-kitten.jpg\" \/>\n\t<meta property=\"og:image:width\" content=\"1487\" \/>\n\t<meta property=\"og:image:height\" content=\"1502\" \/>\n\t<meta property=\"og:image:type\" content=\"image\/jpeg\" \/>\n<meta name=\"twitter:card\" content=\"summary_large_image\" \/>\n<meta name=\"twitter:label1\" content=\"Pre\u021b\" \/>\n\t<meta name=\"twitter:data1\" content=\"3.990&nbsp;MDL\" \/>\n\t<meta name=\"twitter:label2\" content=\"Disponibilitate\" \/>\n\t<meta name=\"twitter:data2\" content=\"\u00cen stoc\" \/>\n<script type=\"application\/ld+json\" class=\"yoast-schema-graph\">{\"@context\":\"https:\\\/\\\/schema.org\",\"@graph\":[{\"@type\":\"WebPage\",\"@id\":\"https:\\\/\\\/xstyle.md\\\/product\\\/trp_language-languageru_rukurtka-hannah-northpole-mns-plum-kitten-trp_languagetrp_language-languagero_rogeaca-hannah-northpole-mns-plum-kitten-trp_language\\\/\",\"url\":\"https:\\\/\\\/xstyle.md\\\/product\\\/trp_language-languageru_rukurtka-hannah-northpole-mns-plum-kitten-trp_languagetrp_language-languagero_rogeaca-hannah-northpole-mns-plum-kitten-trp_language\\\/\",\"name\":\"\u041a\u0443\u0440\u0442\u043a\u0430 Hannah Northpole Mns plum kitten - \u041c\u0430\u0433\u0430\u0437\u0438\u043d Xstyle\",\"isPartOf\":{\"@id\":\"https:\\\/\\\/xstyle.md\\\/#website\"},\"primaryImageOfPage\":{\"@id\":\"https:\\\/\\\/xstyle.md\\\/product\\\/trp_language-languageru_rukurtka-hannah-northpole-mns-plum-kitten-trp_languagetrp_language-languagero_rogeaca-hannah-northpole-mns-plum-kitten-trp_language\\\/#primaryimage\"},\"image\":{\"@id\":\"https:\\\/\\\/xstyle.md\\\/product\\\/trp_language-languageru_rukurtka-hannah-northpole-mns-plum-kitten-trp_languagetrp_language-languagero_rogeaca-hannah-northpole-mns-plum-kitten-trp_language\\\/#primaryimage\"},\"thumbnailUrl\":\"https:\\\/\\\/xstyle.md\\\/wp-content\\\/uploads\\\/2024\\\/01\\\/hannah-northpole-mns-plum-kitten.jpg\",\"datePublished\":\"2024-01-18T07:10:13+00:00\",\"dateModified\":\"2024-10-02T22:39:27+00:00\",\"description\":\"\u041a\u0443\u0440\u0442\u043a\u0430 Hannah Northpole Mns plum kitten - \u0438\u0434\u0435\u0430\u043b\u044c\u043d\u044b\u0439 \u0432\u044b\u0431\u043e\u0440 \u0434\u043b\u044f \u0433\u043e\u0440\u043e\u0434\u0430 \u0438 \u0430\u043a\u0442\u0438\u0432\u043d\u043e\u0433\u043e \u043e\u0442\u0434\u044b\u0445\u0430. \u0417\u0430\u0449\u0438\u0442\u0430 \u043e\u0442 \u0434\u043e\u0436\u0434\u044f \u0438 \u0441\u043d\u0435\u0433\u0430 \u0441 \u0438\u0437\u043e\u043b\u044f\u0446\u0438\u0435\u0439 Duratherm Classic.\",\"breadcrumb\":{\"@id\":\"https:\\\/\\\/xstyle.md\\\/product\\\/trp_language-languageru_rukurtka-hannah-northpole-mns-plum-kitten-trp_languagetrp_language-languagero_rogeaca-hannah-northpole-mns-plum-kitten-trp_language\\\/#breadcrumb\"},\"inLanguage\":\"ro-RO\",\"potentialAction\":[{\"@type\":\"ReadAction\",\"target\":[\"https:\\\/\\\/xstyle.md\\\/product\\\/trp_language-languageru_rukurtka-hannah-northpole-mns-plum-kitten-trp_languagetrp_language-languagero_rogeaca-hannah-northpole-mns-plum-kitten-trp_language\\\/\"]}]},{\"@type\":\"ImageObject\",\"inLanguage\":\"ro-RO\",\"@id\":\"https:\\\/\\\/xstyle.md\\\/product\\\/trp_language-languageru_rukurtka-hannah-northpole-mns-plum-kitten-trp_languagetrp_language-languagero_rogeaca-hannah-northpole-mns-plum-kitten-trp_language\\\/#primaryimage\",\"url\":\"https:\\\/\\\/xstyle.md\\\/wp-content\\\/uploads\\\/2024\\\/01\\\/hannah-northpole-mns-plum-kitten.jpg\",\"contentUrl\":\"https:\\\/\\\/xstyle.md\\\/wp-content\\\/uploads\\\/2024\\\/01\\\/hannah-northpole-mns-plum-kitten.jpg\",\"width\":1487,\"height\":1502,\"caption\":\"\u0422\u0451\u043f\u043b\u0430\u044f \u043c\u0443\u0436\u0441\u043a\u0430\u044f \u043a\u0443\u0440\u0442\u043a\u0430 Hannah Northpole Mns \u0432 \u0444\u0438\u043e\u043b\u0435\u0442\u043e\u0432\u043e\u043c \u0446\u0432\u0435\u0442\u0435 \u0434\u043b\u044f \u0430\u043a\u0442\u0438\u0432\u043d\u043e\u0433\u043e \u043e\u0442\u0434\u044b\u0445\u0430 \u043f\u043e\u0445\u043e\u0434\u043e\u0432 \u0438 \u043f\u0443\u0442\u0435\u0448\u0435\u0441\u0442\u0432\u0438\u0439, \u043e\u0434\u0435\u0436\u0434\u0430 \u0434\u043b\u044f outdoor \u0438 \u0430\u043b\u044c\u043f\u0438\u043d\u0438\u0437\u043c\u0430 \u0434\u043b\u044f \u043e\u043d\u043b\u0430\u0439\u043d \u043c\u0430\u0433\u0430\u0437\u0438\u043d\u0430 \u0442\u043e\u0432\u0430\u0440\u043e\u0432 \u0434\u043b\u044f \u0430\u043a\u0442\u0438\u0432\u043d\u043e\u0439 \u0436\u0438\u0437\u043d\u0438\"},{\"@type\":\"BreadcrumbList\",\"@id\":\"https:\\\/\\\/xstyle.md\\\/product\\\/trp_language-languageru_rukurtka-hannah-northpole-mns-plum-kitten-trp_languagetrp_language-languagero_rogeaca-hannah-northpole-mns-plum-kitten-trp_language\\\/#breadcrumb\",\"itemListElement\":[{\"@type\":\"ListItem\",\"position\":1,\"name\":\"\u0413\u043b\u0430\u0432\u043d\u0430\u044f \u0441\u0442\u0440\u0430\u043d\u0438\u0446\u0430\",\"item\":\"https:\\\/\\\/xstyle.md\\\/\"},{\"@type\":\"ListItem\",\"position\":2,\"name\":\"\u041c\u0430\u0433\u0430\u0437\u0438\u043d\",\"item\":\"https:\\\/\\\/xstyle.md\\\/shop\\\/\"},{\"@type\":\"ListItem\",\"position\":3,\"name\":\"\u041a\u0443\u0440\u0442\u043a\u0430 Hannah Northpole Mns plum kitten\"}]},{\"@type\":\"WebSite\",\"@id\":\"https:\\\/\\\/xstyle.md\\\/#website\",\"url\":\"https:\\\/\\\/xstyle.md\\\/\",\"name\":\"\u041c\u0430\u0433\u0430\u0437\u0438\u043d Xstyle\",\"description\":\"C\u043d\u0430\u0440\u044f\u0436\u0435\u043d\u0438\u0435 \u0434\u043b\u044f \u0442\u0443\u0440\u0438\u0437\u043c\u0430 \u0438 \u044d\u043a\u0441\u0442\u0440\u0435\u043c\u0430\u043b\u044c\u043d\u044b\u0445 \u0432\u0438\u0434\u043e\u0432 \u0441\u043f\u043e\u0440\u0442\u0430 \u0432 \u041c\u043e\u043b\u0434\u043e\u0432\u0435.. \u0426\u0435\u043d\u044b, \u0444\u043e\u0442\u043e, \u0445\u0430\u0440\u0430\u043a\u0442\u0435\u0440\u0438\u0441\u0442\u0438\u043a\u0438 \u0432 \u041c\u043e\u043b\u0434\u043e\u0432\u0435.\",\"publisher\":{\"@id\":\"https:\\\/\\\/xstyle.md\\\/#organization\"},\"alternateName\":\"X-Style\",\"potentialAction\":[{\"@type\":\"SearchAction\",\"target\":{\"@type\":\"EntryPoint\",\"urlTemplate\":\"https:\\\/\\\/xstyle.md\\\/?s={search_term_string}\"},\"query-input\":{\"@type\":\"PropertyValueSpecification\",\"valueRequired\":true,\"valueName\":\"search_term_string\"}}],\"inLanguage\":\"ro-RO\"},{\"@type\":\"Organization\",\"@id\":\"https:\\\/\\\/xstyle.md\\\/#organization\",\"name\":\"\u041c\u0430\u0433\u0430\u0437\u0438\u043d Xstyle\",\"alternateName\":\"x-style\",\"url\":\"https:\\\/\\\/xstyle.md\\\/\",\"logo\":{\"@type\":\"ImageObject\",\"inLanguage\":\"ro-RO\",\"@id\":\"https:\\\/\\\/xstyle.md\\\/#\\\/schema\\\/logo\\\/image\\\/\",\"url\":\"https:\\\/\\\/xstyle.md\\\/wp-content\\\/uploads\\\/2020\\\/06\\\/logoicon.svg\",\"contentUrl\":\"https:\\\/\\\/xstyle.md\\\/wp-content\\\/uploads\\\/2020\\\/06\\\/logoicon.svg\",\"caption\":\"\u041c\u0430\u0433\u0430\u0437\u0438\u043d Xstyle\"},\"image\":{\"@id\":\"https:\\\/\\\/xstyle.md\\\/#\\\/schema\\\/logo\\\/image\\\/\"},\"sameAs\":[\"https:\\\/\\\/www.facebook.com\\\/xstylemd\",\"https:\\\/\\\/www.instagram.com\\\/xstyle_md\\\/\",\"https:\\\/\\\/t.me\\\/xstyle_outdoor\"],\"hasMerchantReturnPolicy\":{\"@type\":\"MerchantReturnPolicy\",\"merchantReturnLink\":\"https:\\\/\\\/xstyle.md\\\/ro\\\/conditions\\\/\"}}]}<\/script>\n<meta property=\"product:price:amount\" content=\"3990.00\" \/>\n<meta property=\"product:price:currency\" content=\"MDL\" \/>\n<meta property=\"og:availability\" content=\"instock\" \/>\n<meta property=\"product:availability\" content=\"instock\" \/>\n<meta property=\"product:retailer_item_id\" content=\"8591203392655\" \/>\n<meta property=\"product:condition\" content=\"new\" \/>\n<!-- \/ Yoast SEO plugin. -->","yoast_head_json":{"title":"Geac\u0103 Hannah Northpole Mns plum kitten - Magazin Xstyle","description":"Jacheta Hannah Northpole Mns plum kitten - alegerea perfect\u0103 pentru ora\u0219 \u0219i activit\u0103\u021bi \u00een aer liber. Protec\u021bie \u00eempotriva ploii \u0219i z\u0103pezii cu izola\u021bie Duratherm Classic.","robots":{"index":"index","follow":"follow","max-snippet":"max-snippet:-1","max-image-preview":"max-image-preview:large","max-video-preview":"max-video-preview:-1"},"canonical":"https:\/\/xstyle.md\/ro\/produs\/trp_language-languageru_rukurtka-hannah-northpole-mns-plum-kitten-trp_languagetrp_language-languagero_rogeaca-hannah-northpole-mns-plum-kitten-trp_language\/","og_locale":"ro_RO","og_type":"article","og_title":"\u041a\u0443\u0440\u0442\u043a\u0430 Hannah Northpole Mns plum kitten - \u041c\u0430\u0433\u0430\u0437\u0438\u043d Xstyle","og_description":"\u041a\u0443\u0440\u0442\u043a\u0430 Hannah Northpole Mns plum kitten - \u0438\u0434\u0435\u0430\u043b\u044c\u043d\u044b\u0439 \u0432\u044b\u0431\u043e\u0440 \u0434\u043b\u044f \u0433\u043e\u0440\u043e\u0434\u0430 \u0438 \u0430\u043a\u0442\u0438\u0432\u043d\u043e\u0433\u043e \u043e\u0442\u0434\u044b\u0445\u0430. \u0417\u0430\u0449\u0438\u0442\u0430 \u043e\u0442 \u0434\u043e\u0436\u0434\u044f \u0438 \u0441\u043d\u0435\u0433\u0430 \u0441 \u0438\u0437\u043e\u043b\u044f\u0446\u0438\u0435\u0439 Duratherm Classic.","og_url":"https:\/\/xstyle.md\/ro\/produs\/trp_language-languageru_rukurtka-hannah-northpole-mns-plum-kitten-trp_languagetrp_language-languagero_rogeaca-hannah-northpole-mns-plum-kitten-trp_language\/","og_site_name":"\u041c\u0430\u0433\u0430\u0437\u0438\u043d Xstyle","article_publisher":"https:\/\/www.facebook.com\/xstylemd","article_modified_time":"2024-10-02T22:39:27+00:00","og_image":[{"width":1487,"height":1502,"url":"https:\/\/xstyle.md\/wp-content\/uploads\/2024\/01\/hannah-northpole-mns-plum-kitten.jpg","type":"image\/jpeg"}],"twitter_card":"summary_large_image","twitter_misc":{"Pre\u021b":"3.990&nbsp;MDL","Disponibilitate":"\u00cen stoc"},"schema":{"@context":"https:\/\/schema.org","@graph":[{"@type":"WebPage","@id":"https:\/\/xstyle.md\/product\/trp_language-languageru_rukurtka-hannah-northpole-mns-plum-kitten-trp_languagetrp_language-languagero_rogeaca-hannah-northpole-mns-plum-kitten-trp_language\/","url":"https:\/\/xstyle.md\/product\/trp_language-languageru_rukurtka-hannah-northpole-mns-plum-kitten-trp_languagetrp_language-languagero_rogeaca-hannah-northpole-mns-plum-kitten-trp_language\/","name":"Geac\u0103 Hannah Northpole Mns plum kitten - Magazin Xstyle","isPartOf":{"@id":"https:\/\/xstyle.md\/#website"},"primaryImageOfPage":{"@id":"https:\/\/xstyle.md\/product\/trp_language-languageru_rukurtka-hannah-northpole-mns-plum-kitten-trp_languagetrp_language-languagero_rogeaca-hannah-northpole-mns-plum-kitten-trp_language\/#primaryimage"},"image":{"@id":"https:\/\/xstyle.md\/product\/trp_language-languageru_rukurtka-hannah-northpole-mns-plum-kitten-trp_languagetrp_language-languagero_rogeaca-hannah-northpole-mns-plum-kitten-trp_language\/#primaryimage"},"thumbnailUrl":"https:\/\/xstyle.md\/wp-content\/uploads\/2024\/01\/hannah-northpole-mns-plum-kitten.jpg","datePublished":"2024-01-18T07:10:13+00:00","dateModified":"2024-10-02T22:39:27+00:00","description":"Jacheta Hannah Northpole Mns plum kitten - alegerea perfect\u0103 pentru ora\u0219 \u0219i activit\u0103\u021bi \u00een aer liber. Protec\u021bie \u00eempotriva ploii \u0219i z\u0103pezii cu izola\u021bie Duratherm Classic.","breadcrumb":{"@id":"https:\/\/xstyle.md\/product\/trp_language-languageru_rukurtka-hannah-northpole-mns-plum-kitten-trp_languagetrp_language-languagero_rogeaca-hannah-northpole-mns-plum-kitten-trp_language\/#breadcrumb"},"inLanguage":"ro-RO","potentialAction":[{"@type":"ReadAction","target":["https:\/\/xstyle.md\/product\/trp_language-languageru_rukurtka-hannah-northpole-mns-plum-kitten-trp_languagetrp_language-languagero_rogeaca-hannah-northpole-mns-plum-kitten-trp_language\/"]}]},{"@type":"ImageObject","inLanguage":"ro-RO","@id":"https:\/\/xstyle.md\/product\/trp_language-languageru_rukurtka-hannah-northpole-mns-plum-kitten-trp_languagetrp_language-languagero_rogeaca-hannah-northpole-mns-plum-kitten-trp_language\/#primaryimage","url":"https:\/\/xstyle.md\/wp-content\/uploads\/2024\/01\/hannah-northpole-mns-plum-kitten.jpg","contentUrl":"https:\/\/xstyle.md\/wp-content\/uploads\/2024\/01\/hannah-northpole-mns-plum-kitten.jpg","width":1487,"height":1502,"caption":"\u0422\u0451\u043f\u043b\u0430\u044f \u043c\u0443\u0436\u0441\u043a\u0430\u044f \u043a\u0443\u0440\u0442\u043a\u0430 Hannah Northpole Mns \u0432 \u0444\u0438\u043e\u043b\u0435\u0442\u043e\u0432\u043e\u043c \u0446\u0432\u0435\u0442\u0435 \u0434\u043b\u044f \u0430\u043a\u0442\u0438\u0432\u043d\u043e\u0433\u043e \u043e\u0442\u0434\u044b\u0445\u0430 \u043f\u043e\u0445\u043e\u0434\u043e\u0432 \u0438 \u043f\u0443\u0442\u0435\u0448\u0435\u0441\u0442\u0432\u0438\u0439, \u043e\u0434\u0435\u0436\u0434\u0430 \u0434\u043b\u044f outdoor \u0438 \u0430\u043b\u044c\u043f\u0438\u043d\u0438\u0437\u043c\u0430 \u0434\u043b\u044f \u043e\u043d\u043b\u0430\u0439\u043d \u043c\u0430\u0433\u0430\u0437\u0438\u043d\u0430 \u0442\u043e\u0432\u0430\u0440\u043e\u0432 \u0434\u043b\u044f \u0430\u043a\u0442\u0438\u0432\u043d\u043e\u0439 \u0436\u0438\u0437\u043d\u0438"},{"@type":"BreadcrumbList","@id":"https:\/\/xstyle.md\/product\/trp_language-languageru_rukurtka-hannah-northpole-mns-plum-kitten-trp_languagetrp_language-languagero_rogeaca-hannah-northpole-mns-plum-kitten-trp_language\/#breadcrumb","itemListElement":[{"@type":"ListItem","position":1,"name":"\u0413\u043b\u0430\u0432\u043d\u0430\u044f \u0441\u0442\u0440\u0430\u043d\u0438\u0446\u0430","item":"https:\/\/xstyle.md\/"},{"@type":"ListItem","position":2,"name":"\u041c\u0430\u0433\u0430\u0437\u0438\u043d","item":"https:\/\/xstyle.md\/shop\/"},{"@type":"ListItem","position":3,"name":"\u041a\u0443\u0440\u0442\u043a\u0430 Hannah Northpole Mns plum kitten"}]},{"@type":"WebSite","@id":"https:\/\/xstyle.md\/#website","url":"https:\/\/xstyle.md\/","name":"Magazinul X-Style","description":"Echipamente pentru turism \u0219i sporturi extreme \u00een Moldova. Pre\u021buri, fotografii, caracteristici \u00een Moldova.","publisher":{"@id":"https:\/\/xstyle.md\/#organization"},"alternateName":"X-Style","potentialAction":[{"@type":"SearchAction","target":{"@type":"EntryPoint","urlTemplate":"https:\/\/xstyle.md\/?s={search_term_string}"},"query-input":{"@type":"PropertyValueSpecification","valueRequired":true,"valueName":"search_term_string"}}],"inLanguage":"ro-RO"},{"@type":"Organization","@id":"https:\/\/xstyle.md\/#organization","name":"Magazinul X-Style","alternateName":"x-style","url":"https:\/\/xstyle.md\/","logo":{"@type":"ImageObject","inLanguage":"ro-RO","@id":"https:\/\/xstyle.md\/#\/schema\/logo\/image\/","url":"https:\/\/xstyle.md\/wp-content\/uploads\/2020\/06\/logoicon.svg","contentUrl":"https:\/\/xstyle.md\/wp-content\/uploads\/2020\/06\/logoicon.svg","caption":"\u041c\u0430\u0433\u0430\u0437\u0438\u043d Xstyle"},"image":{"@id":"https:\/\/xstyle.md\/#\/schema\/logo\/image\/"},"sameAs":["https:\/\/www.facebook.com\/xstylemd","https:\/\/www.instagram.com\/xstyle_md\/","https:\/\/t.me\/xstyle_outdoor"],"hasMerchantReturnPolicy":{"@type":"MerchantReturnPolicy","merchantReturnLink":"https:\/\/xstyle.md\/ro\/conditions\/"}}]},"product_price_amount":"3990.00","product_price_currency":"MDL","og_availability":"instock","product_availability":"instock","product_retailer_item_id":"8591203392655","product_condition":"new"},"post_mailing_queue_ids":[],"_links":{"self":[{"href":"https:\/\/xstyle.md\/ro\/wp-json\/wp\/v2\/product\/78735","targetHints":{"allow":["GET"]}}],"collection":[{"href":"https:\/\/xstyle.md\/ro\/wp-json\/wp\/v2\/product"}],"about":[{"href":"https:\/\/xstyle.md\/ro\/wp-json\/wp\/v2\/types\/product"}],"replies":[{"embeddable":true,"href":"https:\/\/xstyle.md\/ro\/wp-json\/wp\/v2\/comments?post=78735"}],"wp:featuredmedia":[{"embeddable":true,"href":"https:\/\/xstyle.md\/ro\/wp-json\/wp\/v2\/media\/78953"}],"wp:attachment":[{"href":"https:\/\/xstyle.md\/ro\/wp-json\/wp\/v2\/media?parent=78735"}],"wp:term":[{"taxonomy":"product_brand","embeddable":true,"href":"https:\/\/xstyle.md\/ro\/wp-json\/wp\/v2\/product_brand?post=78735"},{"taxonomy":"product_cat","embeddable":true,"href":"https:\/\/xstyle.md\/ro\/wp-json\/wp\/v2\/product_cat?post=78735"},{"taxonomy":"product_tag","embeddable":true,"href":"https:\/\/xstyle.md\/ro\/wp-json\/wp\/v2\/product_tag?post=78735"}],"curies":[{"name":"wp","href":"https:\/\/api.w.org\/{rel}","templated":true}]}}