{"id":78733,"date":"2024-01-18T10:10:13","date_gmt":"2024-01-18T07:10:13","guid":{"rendered":"https:\/\/xstyle.md\/?post_type=product&#038;p=78733"},"modified":"2025-10-24T12:38:59","modified_gmt":"2025-10-24T09:38:59","slug":"kurtka-hannah-kash-mns-pageant-blue","status":"publish","type":"product","link":"https:\/\/xstyle.md\/ro\/produs\/kurtka-hannah-kash-mns-pageant-blue\/","title":{"rendered":"Geac\u0103 Hannah Kash Mns pageant blue"},"content":{"rendered":"<\/p>\n<p><strong>Hannah Kash<\/strong> &#8212; jacheta este confec\u021bionat\u0103 din material AFT Double Weave Thermo care ofer\u0103 protec\u021bie \u00eempotriva v\u00e2ntului \u0219i a ploii, rezisten\u021b\u0103 la abraziune \u0219i o absorb\u021bie rapid\u0103 a transpira\u021biei pentru a v\u0103 men\u021bine uscat. Fermoarul principal \u0219i fermoarele de pe buzunarele de la piept sunt impermeabile. Acoperirea impermeabil\u0103 DWR asigur\u0103 protec\u021bie \u00eempotriva z\u0103pezii.<\/p>\n<p>M\u00e2necile \u0219i tivul sunt finisate cu material elastic, astfel \u00eenc\u00e2t nu trebuie s\u0103 v\u0103 face\u021bi griji cu privire la frig. Elementele reflectorizante sunt o parte esen\u021bial\u0103 a oric\u0103rei jachete moderne. Certificarea Bluesign este o garan\u021bie a calit\u0103\u021bii. \u00censo\u021bitorul perfect pentru schiatul la munte.<\/p>\n<h3>Particularit\u0103\u021bi<\/h3>\n<ul>\n<li>YKK fermoar principal<\/li>\n<li>Buzunare cu fermoar YKK pe piept<\/li>\n<li>M\u00e2neci cu man\u0219ete elastice<\/li>\n<li>Tiv elastic<\/li>\n<li>Elemente reflectorizante<\/li>\n<\/ul>\n<h3>Caracteristici<\/h3>\n<ul>\n<li>Material &#8212; 73% poliamid\u0103, 18% poliester, 9% elastan<\/li>\n<li>Sezonul - primavar\u0103\/var\u0103\/toamn\u0103<\/li>\n<li>Aplicare &#8212; trekking \/ drume\u021bii \/ activit\u0103\u021bi \u00een aer liber \/ alpinism<\/li>\n<li>Model - b\u0103rba\u021bi<\/li>\n<\/ul>\n<h3>Tehnologie<\/h3>\n<ul>\n<li><strong>AFT Double Weave<\/strong> \u2013 este un material func\u021bional cu un singur strat, cu tehnologie de \u021besut dublu. Stratul exterior este rezistent la abraziune, impermeabil \u0219i protejeaz\u0103 \u00eempotriva v\u00e2ntului. Stratul interior evacueaz\u0103 rapid umezeala din corp c\u0103tre stratul superior, oferind o respirabilitate excelent\u0103.<\/li>\n<\/ul>\n<h3>Marca<\/h3>\n<p>Hannah este un brand interna\u021bional specializat \u00een articole de c\u0103l\u0103torie \u0219i \u00eembr\u0103c\u0103minte sport pentru fiecare sezon. Marca Hannah a fost fondat\u0103 \u00een Republica Ceh\u0103 \u00een 1991. Compania a ob\u021binut un succes bun pe pia\u021ba intern\u0103 datorit\u0103 politicii sale de \u00eenalt\u0103 calitate \u0219i a pre\u021burilor accesibile pentru fiecare produs.<\/p>\n<p>\u00cenc\u0103 de la \u00eenceput, compania a \u00eenceput s\u0103 produc\u0103 produse \u00een conformitate cu standardele interna\u021bionale, deoarece a realizat pe deplin importan\u021ba unei reputa\u021bii curate. \u00cen acest sens, s-a petrecut mult timp pentru selectarea materialelor de calitate, produsele put\u00e2nd fi caracterizate de rezisten\u021b\u0103 la uzur\u0103 \u0219i durabilitate, iar unele produse sunt, de asemenea, impermeabile. Ast\u0103zi, marca nu st\u0103 pe loc, catalogul lor este actualizat \u0219i extins \u00een mod constant, iar produsele pot fi g\u0103site \u00een \u00eentreaga lume.<\/p>\n<p><\/p>","protected":false},"excerpt":{"rendered":"","protected":false},"featured_media":78985,"comment_status":"open","ping_status":"closed","template":"","meta":{"_acf_changed":false,"inline_featured_image":false},"product_brand":[1271],"product_cat":[356],"product_tag":[],"class_list":{"0":"post-78733","1":"product","2":"type-product","3":"status-publish","4":"has-post-thumbnail","6":"product_brand-hannah","7":"product_cat-softshell-jackets-barbati","9":"first","10":"instock","11":"shipping-taxable","12":"purchasable","13":"product-type-simple"},"acf":[],"yoast_head":"<!-- This site is optimized with the Yoast SEO plugin v27.4 - https:\/\/yoast.com\/product\/yoast-seo-wordpress\/ -->\n<title>\u041a\u0443\u0440\u0442\u043a\u0430 Hannah Kash Mns pageant blue - \u041c\u0430\u0433\u0430\u0437\u0438\u043d Xstyle<\/title>\n<meta name=\"description\" content=\"\u041a\u0443\u0440\u0442\u043a\u0430 Hannah Kash Mns \u0432 \u0446\u0432\u0435\u0442\u0435 Pageant Blue: \u0437\u0430\u0449\u0438\u0442\u0430 \u043e\u0442 \u0432\u0435\u0442\u0440\u0430 \u0438 \u0434\u043e\u0436\u0434\u044f, \u0431\u044b\u0441\u0442\u0440\u043e\u0435 \u0432\u044b\u0441\u044b\u0445\u0430\u043d\u0438\u0435. \u0418\u0434\u0435\u0430\u043b\u044c\u043d\u043e \u0434\u043b\u044f \u0430\u043a\u0442\u0438\u0432\u043d\u043e\u0433\u043e \u043e\u0442\u0434\u044b\u0445\u0430. \u0412\u044b\u0441\u043e\u043a\u043e\u0435 \u043a\u0430\u0447\u0435\u0441\u0442\u0432\u043e \u0438 \u0441\u0442\u0438\u043b\u044c!\" \/>\n<meta name=\"robots\" content=\"index, follow, max-snippet:-1, max-image-preview:large, max-video-preview:-1\" \/>\n<link rel=\"canonical\" href=\"https:\/\/xstyle.md\/ro\/produs\/kurtka-hannah-kash-mns-pageant-blue\/\" \/>\n<meta property=\"og:locale\" content=\"ro_RO\" \/>\n<meta property=\"og:type\" content=\"article\" \/>\n<meta property=\"og:title\" content=\"\u041a\u0443\u0440\u0442\u043a\u0430 Hannah Kash Mns pageant blue - \u041c\u0430\u0433\u0430\u0437\u0438\u043d Xstyle\" \/>\n<meta property=\"og:description\" content=\"\u041a\u0443\u0440\u0442\u043a\u0430 Hannah Kash Mns \u0432 \u0446\u0432\u0435\u0442\u0435 Pageant Blue: \u0437\u0430\u0449\u0438\u0442\u0430 \u043e\u0442 \u0432\u0435\u0442\u0440\u0430 \u0438 \u0434\u043e\u0436\u0434\u044f, \u0431\u044b\u0441\u0442\u0440\u043e\u0435 \u0432\u044b\u0441\u044b\u0445\u0430\u043d\u0438\u0435. \u0418\u0434\u0435\u0430\u043b\u044c\u043d\u043e \u0434\u043b\u044f \u0430\u043a\u0442\u0438\u0432\u043d\u043e\u0433\u043e \u043e\u0442\u0434\u044b\u0445\u0430. \u0412\u044b\u0441\u043e\u043a\u043e\u0435 \u043a\u0430\u0447\u0435\u0441\u0442\u0432\u043e \u0438 \u0441\u0442\u0438\u043b\u044c!\" \/>\n<meta property=\"og:url\" content=\"https:\/\/xstyle.md\/ro\/produs\/kurtka-hannah-kash-mns-pageant-blue\/\" \/>\n<meta property=\"og:site_name\" content=\"\u041c\u0430\u0433\u0430\u0437\u0438\u043d Xstyle\" \/>\n<meta property=\"article:publisher\" content=\"https:\/\/www.facebook.com\/xstylemd\" \/>\n<meta property=\"article:modified_time\" content=\"2025-10-24T09:38:59+00:00\" \/>\n<meta property=\"og:image\" content=\"https:\/\/xstyle.md\/wp-content\/uploads\/2024\/01\/hannah-kash-mns-pageant-blue.jpg\" \/>\n\t<meta property=\"og:image:width\" content=\"996\" \/>\n\t<meta property=\"og:image:height\" content=\"1060\" \/>\n\t<meta property=\"og:image:type\" content=\"image\/jpeg\" \/>\n<meta name=\"twitter:card\" content=\"summary_large_image\" \/>\n<meta name=\"twitter:label1\" content=\"Pre\u021b\" \/>\n\t<meta name=\"twitter:data1\" content=\"3.290&nbsp;MDL\" \/>\n\t<meta name=\"twitter:label2\" content=\"Disponibilitate\" \/>\n\t<meta name=\"twitter:data2\" content=\"\u00cen stoc\" \/>\n<script type=\"application\/ld+json\" class=\"yoast-schema-graph\">{\"@context\":\"https:\\\/\\\/schema.org\",\"@graph\":[{\"@type\":\"WebPage\",\"@id\":\"https:\\\/\\\/xstyle.md\\\/product\\\/kurtka-hannah-kash-mns-pageant-blue\\\/\",\"url\":\"https:\\\/\\\/xstyle.md\\\/product\\\/kurtka-hannah-kash-mns-pageant-blue\\\/\",\"name\":\"\u041a\u0443\u0440\u0442\u043a\u0430 Hannah Kash Mns pageant blue - \u041c\u0430\u0433\u0430\u0437\u0438\u043d Xstyle\",\"isPartOf\":{\"@id\":\"https:\\\/\\\/xstyle.md\\\/#website\"},\"primaryImageOfPage\":{\"@id\":\"https:\\\/\\\/xstyle.md\\\/product\\\/kurtka-hannah-kash-mns-pageant-blue\\\/#primaryimage\"},\"image\":{\"@id\":\"https:\\\/\\\/xstyle.md\\\/product\\\/kurtka-hannah-kash-mns-pageant-blue\\\/#primaryimage\"},\"thumbnailUrl\":\"https:\\\/\\\/xstyle.md\\\/wp-content\\\/uploads\\\/2024\\\/01\\\/hannah-kash-mns-pageant-blue.jpg\",\"datePublished\":\"2024-01-18T07:10:13+00:00\",\"dateModified\":\"2025-10-24T09:38:59+00:00\",\"description\":\"\u041a\u0443\u0440\u0442\u043a\u0430 Hannah Kash Mns \u0432 \u0446\u0432\u0435\u0442\u0435 Pageant Blue: \u0437\u0430\u0449\u0438\u0442\u0430 \u043e\u0442 \u0432\u0435\u0442\u0440\u0430 \u0438 \u0434\u043e\u0436\u0434\u044f, \u0431\u044b\u0441\u0442\u0440\u043e\u0435 \u0432\u044b\u0441\u044b\u0445\u0430\u043d\u0438\u0435. \u0418\u0434\u0435\u0430\u043b\u044c\u043d\u043e \u0434\u043b\u044f \u0430\u043a\u0442\u0438\u0432\u043d\u043e\u0433\u043e \u043e\u0442\u0434\u044b\u0445\u0430. \u0412\u044b\u0441\u043e\u043a\u043e\u0435 \u043a\u0430\u0447\u0435\u0441\u0442\u0432\u043e \u0438 \u0441\u0442\u0438\u043b\u044c!\",\"breadcrumb\":{\"@id\":\"https:\\\/\\\/xstyle.md\\\/product\\\/kurtka-hannah-kash-mns-pageant-blue\\\/#breadcrumb\"},\"inLanguage\":\"ro-RO\",\"potentialAction\":[{\"@type\":\"ReadAction\",\"target\":[\"https:\\\/\\\/xstyle.md\\\/product\\\/kurtka-hannah-kash-mns-pageant-blue\\\/\"]}]},{\"@type\":\"ImageObject\",\"inLanguage\":\"ro-RO\",\"@id\":\"https:\\\/\\\/xstyle.md\\\/product\\\/kurtka-hannah-kash-mns-pageant-blue\\\/#primaryimage\",\"url\":\"https:\\\/\\\/xstyle.md\\\/wp-content\\\/uploads\\\/2024\\\/01\\\/hannah-kash-mns-pageant-blue.jpg\",\"contentUrl\":\"https:\\\/\\\/xstyle.md\\\/wp-content\\\/uploads\\\/2024\\\/01\\\/hannah-kash-mns-pageant-blue.jpg\",\"width\":996,\"height\":1060,\"caption\":\"\u0422\u043a\u0430\u043d\u0435\u0432\u0430\u044f \u043a\u0443\u0440\u0442\u043a\u0430 Hannah Kash Mns Pageant Blue \u0434\u043b\u044f \u0430\u043a\u0442\u0438\u0432\u043d\u043e\u0433\u043e \u043e\u0442\u0434\u044b\u0445\u0430, \u043f\u043e\u0445\u043e\u0434\u043e\u0432, \u043f\u0443\u0442\u0435\u0448\u0435\u0441\u0442\u0432\u0438\u0439 \u0438 \u0433\u043e\u0440\u043d\u044b\u0445 \u0432\u043e\u0441\u0445\u043e\u0436\u0434\u0435\u043d\u0438\u0439 \u0432 \u043e\u043d\u043b\u0430\u0439\u043d \u043c\u0430\u0433\u0430\u0437\u0438\u043d\u0435 \u0442\u043e\u0432\u0430\u0440\u043e\u0432 \u0434\u043b\u044f \u0430\u043a\u0442\u0438\u0432\u043d\u043e\u0439 \u0436\u0438\u0437\u043d\u0438\"},{\"@type\":\"BreadcrumbList\",\"@id\":\"https:\\\/\\\/xstyle.md\\\/product\\\/kurtka-hannah-kash-mns-pageant-blue\\\/#breadcrumb\",\"itemListElement\":[{\"@type\":\"ListItem\",\"position\":1,\"name\":\"\u0413\u043b\u0430\u0432\u043d\u0430\u044f \u0441\u0442\u0440\u0430\u043d\u0438\u0446\u0430\",\"item\":\"https:\\\/\\\/xstyle.md\\\/\"},{\"@type\":\"ListItem\",\"position\":2,\"name\":\"\u041c\u0430\u0433\u0430\u0437\u0438\u043d\",\"item\":\"https:\\\/\\\/xstyle.md\\\/shop\\\/\"},{\"@type\":\"ListItem\",\"position\":3,\"name\":\"\u041a\u0443\u0440\u0442\u043a\u0430 Hannah Kash Mns pageant blue\"}]},{\"@type\":\"WebSite\",\"@id\":\"https:\\\/\\\/xstyle.md\\\/#website\",\"url\":\"https:\\\/\\\/xstyle.md\\\/\",\"name\":\"\u041c\u0430\u0433\u0430\u0437\u0438\u043d Xstyle\",\"description\":\"C\u043d\u0430\u0440\u044f\u0436\u0435\u043d\u0438\u0435 \u0434\u043b\u044f \u0442\u0443\u0440\u0438\u0437\u043c\u0430 \u0438 \u044d\u043a\u0441\u0442\u0440\u0435\u043c\u0430\u043b\u044c\u043d\u044b\u0445 \u0432\u0438\u0434\u043e\u0432 \u0441\u043f\u043e\u0440\u0442\u0430 \u0432 \u041c\u043e\u043b\u0434\u043e\u0432\u0435.. \u0426\u0435\u043d\u044b, \u0444\u043e\u0442\u043e, \u0445\u0430\u0440\u0430\u043a\u0442\u0435\u0440\u0438\u0441\u0442\u0438\u043a\u0438 \u0432 \u041c\u043e\u043b\u0434\u043e\u0432\u0435.\",\"publisher\":{\"@id\":\"https:\\\/\\\/xstyle.md\\\/#organization\"},\"alternateName\":\"X-Style\",\"potentialAction\":[{\"@type\":\"SearchAction\",\"target\":{\"@type\":\"EntryPoint\",\"urlTemplate\":\"https:\\\/\\\/xstyle.md\\\/?s={search_term_string}\"},\"query-input\":{\"@type\":\"PropertyValueSpecification\",\"valueRequired\":true,\"valueName\":\"search_term_string\"}}],\"inLanguage\":\"ro-RO\"},{\"@type\":\"Organization\",\"@id\":\"https:\\\/\\\/xstyle.md\\\/#organization\",\"name\":\"\u041c\u0430\u0433\u0430\u0437\u0438\u043d Xstyle\",\"alternateName\":\"x-style\",\"url\":\"https:\\\/\\\/xstyle.md\\\/\",\"logo\":{\"@type\":\"ImageObject\",\"inLanguage\":\"ro-RO\",\"@id\":\"https:\\\/\\\/xstyle.md\\\/#\\\/schema\\\/logo\\\/image\\\/\",\"url\":\"https:\\\/\\\/xstyle.md\\\/wp-content\\\/uploads\\\/2020\\\/06\\\/logoicon.svg\",\"contentUrl\":\"https:\\\/\\\/xstyle.md\\\/wp-content\\\/uploads\\\/2020\\\/06\\\/logoicon.svg\",\"caption\":\"\u041c\u0430\u0433\u0430\u0437\u0438\u043d Xstyle\"},\"image\":{\"@id\":\"https:\\\/\\\/xstyle.md\\\/#\\\/schema\\\/logo\\\/image\\\/\"},\"sameAs\":[\"https:\\\/\\\/www.facebook.com\\\/xstylemd\",\"https:\\\/\\\/www.instagram.com\\\/xstyle_md\\\/\",\"https:\\\/\\\/t.me\\\/xstyle_outdoor\"],\"hasMerchantReturnPolicy\":{\"@type\":\"MerchantReturnPolicy\",\"merchantReturnLink\":\"https:\\\/\\\/xstyle.md\\\/ro\\\/conditions\\\/\"}}]}<\/script>\n<meta property=\"product:price:amount\" content=\"3290.00\" \/>\n<meta property=\"product:price:currency\" content=\"MDL\" \/>\n<meta property=\"og:availability\" content=\"instock\" \/>\n<meta property=\"product:availability\" content=\"instock\" \/>\n<meta property=\"product:retailer_item_id\" content=\"8591203483629\" \/>\n<meta property=\"product:condition\" content=\"new\" \/>\n<!-- \/ Yoast SEO plugin. -->","yoast_head_json":{"title":"Geac\u0103 Hannah Kash Mns pageant blue - Magazin Xstyle","description":"Jacheta Hannah Kash Mns \u00een culoarea Pageant Blue: protec\u021bie \u00eempotriva v\u00e2ntului \u0219i ploii, uscare rapid\u0103. Ideal\u0103 pentru activit\u0103\u021bi \u00een aer liber. Calitate \u00eenalt\u0103 \u0219i stil!","robots":{"index":"index","follow":"follow","max-snippet":"max-snippet:-1","max-image-preview":"max-image-preview:large","max-video-preview":"max-video-preview:-1"},"canonical":"https:\/\/xstyle.md\/ro\/produs\/kurtka-hannah-kash-mns-pageant-blue\/","og_locale":"ro_RO","og_type":"article","og_title":"\u041a\u0443\u0440\u0442\u043a\u0430 Hannah Kash Mns pageant blue - \u041c\u0430\u0433\u0430\u0437\u0438\u043d Xstyle","og_description":"\u041a\u0443\u0440\u0442\u043a\u0430 Hannah Kash Mns \u0432 \u0446\u0432\u0435\u0442\u0435 Pageant Blue: \u0437\u0430\u0449\u0438\u0442\u0430 \u043e\u0442 \u0432\u0435\u0442\u0440\u0430 \u0438 \u0434\u043e\u0436\u0434\u044f, \u0431\u044b\u0441\u0442\u0440\u043e\u0435 \u0432\u044b\u0441\u044b\u0445\u0430\u043d\u0438\u0435. \u0418\u0434\u0435\u0430\u043b\u044c\u043d\u043e \u0434\u043b\u044f \u0430\u043a\u0442\u0438\u0432\u043d\u043e\u0433\u043e \u043e\u0442\u0434\u044b\u0445\u0430. \u0412\u044b\u0441\u043e\u043a\u043e\u0435 \u043a\u0430\u0447\u0435\u0441\u0442\u0432\u043e \u0438 \u0441\u0442\u0438\u043b\u044c!","og_url":"https:\/\/xstyle.md\/ro\/produs\/kurtka-hannah-kash-mns-pageant-blue\/","og_site_name":"\u041c\u0430\u0433\u0430\u0437\u0438\u043d Xstyle","article_publisher":"https:\/\/www.facebook.com\/xstylemd","article_modified_time":"2025-10-24T09:38:59+00:00","og_image":[{"width":996,"height":1060,"url":"https:\/\/xstyle.md\/wp-content\/uploads\/2024\/01\/hannah-kash-mns-pageant-blue.jpg","type":"image\/jpeg"}],"twitter_card":"summary_large_image","twitter_misc":{"Pre\u021b":"3.290&nbsp;MDL","Disponibilitate":"\u00cen stoc"},"schema":{"@context":"https:\/\/schema.org","@graph":[{"@type":"WebPage","@id":"https:\/\/xstyle.md\/product\/kurtka-hannah-kash-mns-pageant-blue\/","url":"https:\/\/xstyle.md\/product\/kurtka-hannah-kash-mns-pageant-blue\/","name":"Geac\u0103 Hannah Kash Mns pageant blue - Magazin Xstyle","isPartOf":{"@id":"https:\/\/xstyle.md\/#website"},"primaryImageOfPage":{"@id":"https:\/\/xstyle.md\/product\/kurtka-hannah-kash-mns-pageant-blue\/#primaryimage"},"image":{"@id":"https:\/\/xstyle.md\/product\/kurtka-hannah-kash-mns-pageant-blue\/#primaryimage"},"thumbnailUrl":"https:\/\/xstyle.md\/wp-content\/uploads\/2024\/01\/hannah-kash-mns-pageant-blue.jpg","datePublished":"2024-01-18T07:10:13+00:00","dateModified":"2025-10-24T09:38:59+00:00","description":"Jacheta Hannah Kash Mns \u00een culoarea Pageant Blue: protec\u021bie \u00eempotriva v\u00e2ntului \u0219i ploii, uscare rapid\u0103. Ideal\u0103 pentru activit\u0103\u021bi \u00een aer liber. Calitate \u00eenalt\u0103 \u0219i stil!","breadcrumb":{"@id":"https:\/\/xstyle.md\/product\/kurtka-hannah-kash-mns-pageant-blue\/#breadcrumb"},"inLanguage":"ro-RO","potentialAction":[{"@type":"ReadAction","target":["https:\/\/xstyle.md\/product\/kurtka-hannah-kash-mns-pageant-blue\/"]}]},{"@type":"ImageObject","inLanguage":"ro-RO","@id":"https:\/\/xstyle.md\/product\/kurtka-hannah-kash-mns-pageant-blue\/#primaryimage","url":"https:\/\/xstyle.md\/wp-content\/uploads\/2024\/01\/hannah-kash-mns-pageant-blue.jpg","contentUrl":"https:\/\/xstyle.md\/wp-content\/uploads\/2024\/01\/hannah-kash-mns-pageant-blue.jpg","width":996,"height":1060,"caption":"\u0422\u043a\u0430\u043d\u0435\u0432\u0430\u044f \u043a\u0443\u0440\u0442\u043a\u0430 Hannah Kash Mns Pageant Blue \u0434\u043b\u044f \u0430\u043a\u0442\u0438\u0432\u043d\u043e\u0433\u043e \u043e\u0442\u0434\u044b\u0445\u0430, \u043f\u043e\u0445\u043e\u0434\u043e\u0432, \u043f\u0443\u0442\u0435\u0448\u0435\u0441\u0442\u0432\u0438\u0439 \u0438 \u0433\u043e\u0440\u043d\u044b\u0445 \u0432\u043e\u0441\u0445\u043e\u0436\u0434\u0435\u043d\u0438\u0439 \u0432 \u043e\u043d\u043b\u0430\u0439\u043d \u043c\u0430\u0433\u0430\u0437\u0438\u043d\u0435 \u0442\u043e\u0432\u0430\u0440\u043e\u0432 \u0434\u043b\u044f \u0430\u043a\u0442\u0438\u0432\u043d\u043e\u0439 \u0436\u0438\u0437\u043d\u0438"},{"@type":"BreadcrumbList","@id":"https:\/\/xstyle.md\/product\/kurtka-hannah-kash-mns-pageant-blue\/#breadcrumb","itemListElement":[{"@type":"ListItem","position":1,"name":"\u0413\u043b\u0430\u0432\u043d\u0430\u044f \u0441\u0442\u0440\u0430\u043d\u0438\u0446\u0430","item":"https:\/\/xstyle.md\/"},{"@type":"ListItem","position":2,"name":"\u041c\u0430\u0433\u0430\u0437\u0438\u043d","item":"https:\/\/xstyle.md\/shop\/"},{"@type":"ListItem","position":3,"name":"\u041a\u0443\u0440\u0442\u043a\u0430 Hannah Kash Mns pageant blue"}]},{"@type":"WebSite","@id":"https:\/\/xstyle.md\/#website","url":"https:\/\/xstyle.md\/","name":"Magazinul X-Style","description":"Echipamente pentru turism \u0219i sporturi extreme \u00een Moldova. Pre\u021buri, fotografii, caracteristici \u00een Moldova.","publisher":{"@id":"https:\/\/xstyle.md\/#organization"},"alternateName":"X-Style","potentialAction":[{"@type":"SearchAction","target":{"@type":"EntryPoint","urlTemplate":"https:\/\/xstyle.md\/?s={search_term_string}"},"query-input":{"@type":"PropertyValueSpecification","valueRequired":true,"valueName":"search_term_string"}}],"inLanguage":"ro-RO"},{"@type":"Organization","@id":"https:\/\/xstyle.md\/#organization","name":"Magazinul X-Style","alternateName":"x-style","url":"https:\/\/xstyle.md\/","logo":{"@type":"ImageObject","inLanguage":"ro-RO","@id":"https:\/\/xstyle.md\/#\/schema\/logo\/image\/","url":"https:\/\/xstyle.md\/wp-content\/uploads\/2020\/06\/logoicon.svg","contentUrl":"https:\/\/xstyle.md\/wp-content\/uploads\/2020\/06\/logoicon.svg","caption":"\u041c\u0430\u0433\u0430\u0437\u0438\u043d Xstyle"},"image":{"@id":"https:\/\/xstyle.md\/#\/schema\/logo\/image\/"},"sameAs":["https:\/\/www.facebook.com\/xstylemd","https:\/\/www.instagram.com\/xstyle_md\/","https:\/\/t.me\/xstyle_outdoor"],"hasMerchantReturnPolicy":{"@type":"MerchantReturnPolicy","merchantReturnLink":"https:\/\/xstyle.md\/ro\/conditions\/"}}]},"product_price_amount":"3290.00","product_price_currency":"MDL","og_availability":"instock","product_availability":"instock","product_retailer_item_id":"8591203483629","product_condition":"new"},"_links":{"self":[{"href":"https:\/\/xstyle.md\/ro\/wp-json\/wp\/v2\/product\/78733","targetHints":{"allow":["GET"]}}],"collection":[{"href":"https:\/\/xstyle.md\/ro\/wp-json\/wp\/v2\/product"}],"about":[{"href":"https:\/\/xstyle.md\/ro\/wp-json\/wp\/v2\/types\/product"}],"replies":[{"embeddable":true,"href":"https:\/\/xstyle.md\/ro\/wp-json\/wp\/v2\/comments?post=78733"}],"wp:featuredmedia":[{"embeddable":true,"href":"https:\/\/xstyle.md\/ro\/wp-json\/wp\/v2\/media\/78985"}],"wp:attachment":[{"href":"https:\/\/xstyle.md\/ro\/wp-json\/wp\/v2\/media?parent=78733"}],"wp:term":[{"taxonomy":"product_brand","embeddable":true,"href":"https:\/\/xstyle.md\/ro\/wp-json\/wp\/v2\/product_brand?post=78733"},{"taxonomy":"product_cat","embeddable":true,"href":"https:\/\/xstyle.md\/ro\/wp-json\/wp\/v2\/product_cat?post=78733"},{"taxonomy":"product_tag","embeddable":true,"href":"https:\/\/xstyle.md\/ro\/wp-json\/wp\/v2\/product_tag?post=78733"}],"curies":[{"name":"wp","href":"https:\/\/api.w.org\/{rel}","templated":true}]}}