{"id":78720,"date":"2024-01-18T10:10:08","date_gmt":"2024-01-18T07:10:08","guid":{"rendered":"https:\/\/xstyle.md\/?post_type=product&#038;p=78720"},"modified":"2026-03-19T17:17:46","modified_gmt":"2026-03-19T14:17:46","slug":"bryuki-hannah-akita-jr-burnt-olive","status":"publish","type":"product","link":"https:\/\/xstyle.md\/ro\/produs\/bryuki-hannah-akita-jr-burnt-olive\/","title":{"rendered":"Pantaloni schi Hannah Akita JR burnt olive"},"content":{"rendered":"<p><\/p>\n<p><strong>Hannah Akita JR<\/strong> &#8212; sunt pantaloni de schi pentru copii, dota\u021bi cu membrana poliuretanic\u0103 Drypeak 6000, care asigur\u0103 impermeabilitate \u0219i respirabilitate. Izola\u021bia Duratherm Classic ofer\u0103 propriet\u0103\u021bi termice excelente chiar \u0219i \u00een condi\u021bii de umiditate. Partea din spate \u00een\u0103l\u021bat\u0103 protejeaz\u0103 micul schior \u00eempotriva frigului \u00een zona lombar\u0103.<\/p>\n<p>Pantalonii au o potrivire optim\u0103 \u2013 talia este reglabil\u0103 cu scai (velcro), bretelele sunt deta\u0219abile, iar genunchii cu form\u0103 ergonomic\u0103 asigur\u0103 un confort ridicat la purtare. Cus\u0103turile sigilate, fermoarele rezistente la ap\u0103, sistemul de ventila\u021bie \u0219i paraz\u0103pezile interioare vor men\u021bine copiii usca\u021bi pe parcursul \u00eentregii zile.<\/p>\n<h3>Caracteristici<\/h3>\n<ul>\n<li>Cus\u0103turi lipite (etan\u0219e) pentru protec\u021bie maxim\u0103.<\/li>\n<li>Bretele deta\u0219abile \u0219i reglabile.<\/li>\n<li>Spate \u00een\u0103l\u021bat pentru protec\u021bie termic\u0103 suplimentar\u0103.<\/li>\n<li>2 buzunare frontale cu fermoar.<\/li>\n<li>Genunchi modela\u021bi anatomic pentru libertate de mi\u0219care.<\/li>\n<li>Paraz\u0103pezi interioare pentru a preveni p\u0103trunderea z\u0103pezii.<\/li>\n<li>Fante (fermoare) \u00een partea inferioar\u0103 a piciorului.<\/li>\n<li>Imprimeu reflectorizant pentru siguran\u021b\u0103 sporit\u0103.<\/li>\n<\/ul>\n<h3>Specifica\u021bii<\/h3>\n<ul>\n<li>Material \u2013 100% poliester<\/li>\n<li>Membran\u0103 \u2013 Drypeak 6000<\/li>\n<li>Izola\u021bie termic\u0103 \u2013 Duratherm Classic<\/li>\n<li>Impermeabilitate \u2013 6 000 mm<\/li>\n<li>Respirabilitate \u2013 6 000 g\/m\u00b2\/24h<\/li>\n<li>Model \u2013 Copii (Junior)<\/li>\n<\/ul>\n<h3>Tehnologie<\/h3>\n<p><strong>Drypeak 6000<\/strong> \u2013 este o impregnare permanent\u0103 de poliuretan cu o respirabilitate \u0219i o rezisten\u021b\u0103 la ap\u0103 bine echilibrate. Acest tip de impregnare este potrivit pentru articolele de \u00eembr\u0103c\u0103minte utilizate \u00een uzul urban zilnic \u00een aer liber, oferind o protec\u021bie suficient\u0103 \u00eempotriva ploii \u0219i a z\u0103pezii.<br \/>\nMarca<\/p>\n<p><strong>Duratherm Classic<\/strong>\u00a0&#8212; este un izolant termic din poliester de \u00eenalt\u0103 calitate. Garanteaz\u0103 func\u021bionalitate optim\u0103 \u0219i confort termic suficient chiar \u0219i \u00een condi\u021bii umede. Excelent pentru sport \u0219i \u00eembr\u0103c\u0103minte urban\u0103.<br \/>\n<\/p>\n<h3>Marca<\/h3>\n<p>Hannah \u2013 este un brand interna\u021bional, specializat \u00een produc\u021bia de articole pentru turism \u0219i \u00eembr\u0103c\u0103minte sportiv\u0103 pentru orice sezon. Brandul Hannah a fost fondat \u00een Republica Ceh\u0103 \u00een 1991. Compania a ob\u021binut succese bune pe pia\u021ba intern\u0103, datorit\u0103 calit\u0103\u021bii ridicate \u0219i politicii de pre\u021buri accesibile pentru fiecare produs.<\/p>\n<p>La \u00eenceput, compania fabrica produse conform standardelor interna\u021bionale, deoarece au \u00een\u021beles pe deplin importan\u021ba unei reputa\u021bii excelente. \u00cen acest sens, s-a alocat mult timp selec\u021biei materialelor de \u00eenalt\u0103 calitate, care sunt rezistente la uzur\u0103 \u0219i rezistente la ap\u0103. Ast\u0103zi, brandul nu st\u0103 pe loc, catalogul lor este \u00een permanen\u021b\u0103 actualizat \u0219i extins, iar produsele pot fi g\u0103site \u00een toat\u0103 lumea.<\/p>","protected":false},"excerpt":{"rendered":"<p>\u0411\u0440\u0435\u043d\u0434 Hannah \u2013 \u044d\u0442\u043e \u043c\u0435\u0436\u0434\u0443\u043d\u0430\u0440\u043e\u0434\u043d\u044b\u0439 \u0431\u0440\u0435\u043d\u0434, \u0441\u043f\u0435\u0446\u0438\u0430\u043b\u0438\u0437\u0438\u0440\u0443\u044e\u0449\u0438\u0439\u0441\u044f \u043d\u0430 \u043f\u0440\u043e\u0438\u0437\u0432\u043e\u0434\u0441\u0442\u0432\u0435 \u0442\u0443\u0440\u0438\u0441\u0442\u0438\u0447\u0435\u0441\u043a\u0438\u0445 \u0442\u043e\u0432\u0430\u0440\u043e\u0432 \u0438 \u0441\u043f\u043e\u0440\u0442\u0438\u0432\u043d\u043e\u0439 \u043e\u0434\u0435\u0436\u0434\u044b \u043d\u0430 \u043b\u044e\u0431\u043e\u0439 \u0441\u0435\u0437\u043e\u043d. \u0411\u0440\u0435\u043d\u0434 Hannah \u0431\u044b\u043b \u043e\u0441\u043d\u043e\u0432\u0430\u043d \u0432 \u0427\u0435\u0445\u0438\u0438 \u0432 1991. \u041a\u043e\u043c\u043f\u0430\u043d\u0438\u044f \u0434\u043e\u0431\u0438\u043b\u0430\u0441\u044c \u0445\u043e\u0440\u043e\u0448\u0438\u0445 \u0443\u0441\u043f\u0435\u0445\u043e\u0432 \u043d\u0430 \u043e\u0442\u0435\u0447\u0435\u0441\u0442\u0432\u0435\u043d\u043d\u043e\u043c \u0440\u044b\u043d\u043a\u0435, \u0431\u043b\u0430\u0433\u043e\u0434\u0430\u0440\u044f \u0432\u044b\u0441\u043e\u043a\u043e\u043c\u0443 \u043a\u0430\u0447\u0435\u0441\u0442\u0432\u0443 \u0438 \u0434\u043e\u0441\u0442\u0443\u043f\u043d\u043e\u0439 \u0446\u0435\u043d\u043e\u0432\u043e\u0439 \u043f\u043e\u043b\u0438\u0442\u0438\u043a\u0435 \u0434\u043b\u044f \u043a\u0430\u0436\u0434\u043e\u0433\u043e \u0438\u0437\u0434\u0435\u043b\u0438\u044f. \u0412 \u0441\u0430\u043c\u043e\u043c \u043d\u0430\u0447\u0430\u043b\u0435, \u043a\u043e\u043c\u043f\u0430\u043d\u0438\u044f \u043d\u0430\u0447\u0430\u043b\u0430 \u0432\u044b\u043f\u0443\u0441\u043a\u0430\u0442\u044c \u043f\u0440\u043e\u0434\u0443\u043a\u0446\u0438\u044e \u0432 \u0441\u043e\u043e\u0442\u0432\u0435\u0442\u0441\u0442\u0432\u0438\u0438 \u0441 \u043c\u0435\u0436\u0434\u0443\u043d\u0430\u0440\u043e\u0434\u043d\u044b\u043c\u0438 \u0441\u0442\u0430\u043d\u0434\u0430\u0440\u0442\u0430\u043c\u0438, \u0442\u0430\u043a [&hellip;]<\/p>\n","protected":false},"featured_media":78865,"comment_status":"open","ping_status":"closed","template":"","meta":{"_acf_changed":false,"inline_featured_image":false},"product_brand":[1271],"product_cat":[281],"product_tag":[],"class_list":{"0":"post-78720","1":"product","2":"type-product","3":"status-publish","4":"has-post-thumbnail","6":"product_brand-hannah","7":"product_cat-kid-trousers","9":"first","10":"instock","11":"shipping-taxable","12":"purchasable","13":"product-type-simple"},"acf":[],"yoast_head":"<!-- This site is optimized with the Yoast SEO plugin v27.2 - https:\/\/yoast.com\/product\/yoast-seo-wordpress\/ -->\n<title>\u0413\u043e\u0440\u043d\u043e\u043b\u044b\u0436\u043d\u044b\u0435 \u0448\u0442\u0430\u043d\u044b Hannah Akita JR burnt olive - \u041c\u0430\u0433\u0430\u0437\u0438\u043d Xstyle<\/title>\n<meta name=\"description\" content=\"\u0411\u0440\u044e\u043a\u0438 Hannah Akita JR \u0432 \u0446\u0432\u0435\u0442\u0435 burnt olive \u043e\u0431\u0435\u0441\u043f\u0435\u0447\u0438\u0432\u0430\u044e\u0442 \u043d\u0430\u0434\u0435\u0436\u043d\u0443\u044e \u0437\u0430\u0449\u0438\u0442\u0443 \u0438 \u043a\u043e\u043c\u0444\u043e\u0440\u0442 \u0431\u043b\u0430\u0433\u043e\u0434\u0430\u0440\u044f \u0442\u0435\u0445\u043d\u043e\u043b\u043e\u0433\u0438\u0438 Drypeak 6000 \u0438 \u0443\u0442\u0435\u043f\u043b\u0438\u0442\u0435\u043b\u044e Duratherm Classic.\" \/>\n<meta name=\"robots\" content=\"index, follow, max-snippet:-1, max-image-preview:large, max-video-preview:-1\" \/>\n<link rel=\"canonical\" href=\"https:\/\/xstyle.md\/ro\/produs\/bryuki-hannah-akita-jr-burnt-olive\/\" \/>\n<meta property=\"og:locale\" content=\"ro_RO\" \/>\n<meta property=\"og:type\" content=\"article\" \/>\n<meta property=\"og:title\" content=\"\u0413\u043e\u0440\u043d\u043e\u043b\u044b\u0436\u043d\u044b\u0435 \u0448\u0442\u0430\u043d\u044b Hannah Akita JR burnt olive - \u041c\u0430\u0433\u0430\u0437\u0438\u043d Xstyle\" \/>\n<meta property=\"og:description\" content=\"\u0411\u0440\u044e\u043a\u0438 Hannah Akita JR \u0432 \u0446\u0432\u0435\u0442\u0435 burnt olive \u043e\u0431\u0435\u0441\u043f\u0435\u0447\u0438\u0432\u0430\u044e\u0442 \u043d\u0430\u0434\u0435\u0436\u043d\u0443\u044e \u0437\u0430\u0449\u0438\u0442\u0443 \u0438 \u043a\u043e\u043c\u0444\u043e\u0440\u0442 \u0431\u043b\u0430\u0433\u043e\u0434\u0430\u0440\u044f \u0442\u0435\u0445\u043d\u043e\u043b\u043e\u0433\u0438\u0438 Drypeak 6000 \u0438 \u0443\u0442\u0435\u043f\u043b\u0438\u0442\u0435\u043b\u044e Duratherm Classic.\" \/>\n<meta property=\"og:url\" content=\"https:\/\/xstyle.md\/ro\/produs\/bryuki-hannah-akita-jr-burnt-olive\/\" \/>\n<meta property=\"og:site_name\" content=\"\u041c\u0430\u0433\u0430\u0437\u0438\u043d Xstyle\" \/>\n<meta property=\"article:publisher\" content=\"https:\/\/www.facebook.com\/xstylemd\" \/>\n<meta property=\"article:modified_time\" content=\"2026-03-19T14:17:46+00:00\" \/>\n<meta property=\"og:image\" content=\"https:\/\/xstyle.md\/wp-content\/uploads\/2024\/01\/hannah-akita-jr-burnt-olive.jpg\" \/>\n\t<meta property=\"og:image:width\" content=\"1340\" \/>\n\t<meta property=\"og:image:height\" content=\"1388\" \/>\n\t<meta property=\"og:image:type\" content=\"image\/jpeg\" \/>\n<meta name=\"twitter:card\" content=\"summary_large_image\" \/>\n<meta name=\"twitter:label1\" content=\"Pre\u021b\" \/>\n\t<meta name=\"twitter:data1\" content=\"1.890&nbsp;MDL\" \/>\n\t<meta name=\"twitter:label2\" content=\"Disponibilitate\" \/>\n\t<meta name=\"twitter:data2\" content=\"\u00cen stoc\" \/>\n<script type=\"application\/ld+json\" class=\"yoast-schema-graph\">{\"@context\":\"https:\/\/schema.org\",\"@graph\":[{\"@type\":\"WebPage\",\"@id\":\"https:\/\/xstyle.md\/product\/bryuki-hannah-akita-jr-burnt-olive\/\",\"url\":\"https:\/\/xstyle.md\/product\/bryuki-hannah-akita-jr-burnt-olive\/\",\"name\":\"\u0413\u043e\u0440\u043d\u043e\u043b\u044b\u0436\u043d\u044b\u0435 \u0448\u0442\u0430\u043d\u044b Hannah Akita JR burnt olive - \u041c\u0430\u0433\u0430\u0437\u0438\u043d Xstyle\",\"isPartOf\":{\"@id\":\"https:\/\/xstyle.md\/#website\"},\"primaryImageOfPage\":{\"@id\":\"https:\/\/xstyle.md\/product\/bryuki-hannah-akita-jr-burnt-olive\/#primaryimage\"},\"image\":{\"@id\":\"https:\/\/xstyle.md\/product\/bryuki-hannah-akita-jr-burnt-olive\/#primaryimage\"},\"thumbnailUrl\":\"https:\/\/xstyle.md\/wp-content\/uploads\/2024\/01\/hannah-akita-jr-burnt-olive.jpg\",\"datePublished\":\"2024-01-18T07:10:08+00:00\",\"dateModified\":\"2026-03-19T14:17:46+00:00\",\"description\":\"\u0411\u0440\u044e\u043a\u0438 Hannah Akita JR \u0432 \u0446\u0432\u0435\u0442\u0435 burnt olive \u043e\u0431\u0435\u0441\u043f\u0435\u0447\u0438\u0432\u0430\u044e\u0442 \u043d\u0430\u0434\u0435\u0436\u043d\u0443\u044e \u0437\u0430\u0449\u0438\u0442\u0443 \u0438 \u043a\u043e\u043c\u0444\u043e\u0440\u0442 \u0431\u043b\u0430\u0433\u043e\u0434\u0430\u0440\u044f \u0442\u0435\u0445\u043d\u043e\u043b\u043e\u0433\u0438\u0438 Drypeak 6000 \u0438 \u0443\u0442\u0435\u043f\u043b\u0438\u0442\u0435\u043b\u044e Duratherm Classic.\",\"breadcrumb\":{\"@id\":\"https:\/\/xstyle.md\/product\/bryuki-hannah-akita-jr-burnt-olive\/#breadcrumb\"},\"inLanguage\":\"ro-RO\",\"potentialAction\":[{\"@type\":\"ReadAction\",\"target\":[\"https:\/\/xstyle.md\/product\/bryuki-hannah-akita-jr-burnt-olive\/\"]}]},{\"@type\":\"ImageObject\",\"inLanguage\":\"ro-RO\",\"@id\":\"https:\/\/xstyle.md\/product\/bryuki-hannah-akita-jr-burnt-olive\/#primaryimage\",\"url\":\"https:\/\/xstyle.md\/wp-content\/uploads\/2024\/01\/hannah-akita-jr-burnt-olive.jpg\",\"contentUrl\":\"https:\/\/xstyle.md\/wp-content\/uploads\/2024\/01\/hannah-akita-jr-burnt-olive.jpg\",\"width\":1340,\"height\":1388,\"caption\":\"\u041a\u0443\u0440\u0442\u043a\u0438 \u0438 \u0431\u0440\u044e\u043a\u0438 Hannah Akita JR \u0434\u043b\u044f \u0430\u043a\u0442\u0438\u0432\u043d\u043e\u0433\u043e \u043e\u0442\u0434\u044b\u0445\u0430, \u043f\u0443\u0442\u0435\u0448\u0435\u0441\u0442\u0432\u0438\u0439 \u0438 \u0430\u043b\u044c\u043f\u0438\u043d\u0438\u0437\u043c\u0430, \u043e\u0434\u0435\u0436\u0434\u0430 \u0438 \u043e\u0431\u0443\u0432\u044c \u0434\u043b\u044f \u0442\u0443\u0440\u0438\u0437\u043c\u0430 \u0438 \u043f\u043e\u0445\u043e\u0434\u043e\u0432, \u0441\u043f\u043e\u0440\u0442\u0438\u0432\u043d\u044b\u0435 \u0442\u043e\u0432\u0430\u0440\u044b \u0434\u043b\u044f \u0430\u043a\u0442\u0438\u0432\u043d\u043e\u0439 \u0436\u0438\u0437\u043d\u0438\"},{\"@type\":\"BreadcrumbList\",\"@id\":\"https:\/\/xstyle.md\/product\/bryuki-hannah-akita-jr-burnt-olive\/#breadcrumb\",\"itemListElement\":[{\"@type\":\"ListItem\",\"position\":1,\"name\":\"\u0413\u043b\u0430\u0432\u043d\u0430\u044f \u0441\u0442\u0440\u0430\u043d\u0438\u0446\u0430\",\"item\":\"https:\/\/xstyle.md\/\"},{\"@type\":\"ListItem\",\"position\":2,\"name\":\"\u041c\u0430\u0433\u0430\u0437\u0438\u043d\",\"item\":\"https:\/\/xstyle.md\/shop\/\"},{\"@type\":\"ListItem\",\"position\":3,\"name\":\"\u0413\u043e\u0440\u043d\u043e\u043b\u044b\u0436\u043d\u044b\u0435 \u0448\u0442\u0430\u043d\u044b Hannah Akita JR burnt olive\"}]},{\"@type\":\"WebSite\",\"@id\":\"https:\/\/xstyle.md\/#website\",\"url\":\"https:\/\/xstyle.md\/\",\"name\":\"\u041c\u0430\u0433\u0430\u0437\u0438\u043d Xstyle\",\"description\":\"C\u043d\u0430\u0440\u044f\u0436\u0435\u043d\u0438\u0435 \u0434\u043b\u044f \u0442\u0443\u0440\u0438\u0437\u043c\u0430 \u0438 \u044d\u043a\u0441\u0442\u0440\u0435\u043c\u0430\u043b\u044c\u043d\u044b\u0445 \u0432\u0438\u0434\u043e\u0432 \u0441\u043f\u043e\u0440\u0442\u0430 \u0432 \u041c\u043e\u043b\u0434\u043e\u0432\u0435.. \u0426\u0435\u043d\u044b, \u0444\u043e\u0442\u043e, \u0445\u0430\u0440\u0430\u043a\u0442\u0435\u0440\u0438\u0441\u0442\u0438\u043a\u0438 \u0432 \u041c\u043e\u043b\u0434\u043e\u0432\u0435.\",\"publisher\":{\"@id\":\"https:\/\/xstyle.md\/#organization\"},\"alternateName\":\"X-Style\",\"potentialAction\":[{\"@type\":\"SearchAction\",\"target\":{\"@type\":\"EntryPoint\",\"urlTemplate\":\"https:\/\/xstyle.md\/?s={search_term_string}\"},\"query-input\":{\"@type\":\"PropertyValueSpecification\",\"valueRequired\":true,\"valueName\":\"search_term_string\"}}],\"inLanguage\":\"ro-RO\"},{\"@type\":\"Organization\",\"@id\":\"https:\/\/xstyle.md\/#organization\",\"name\":\"\u041c\u0430\u0433\u0430\u0437\u0438\u043d Xstyle\",\"alternateName\":\"x-style\",\"url\":\"https:\/\/xstyle.md\/\",\"logo\":{\"@type\":\"ImageObject\",\"inLanguage\":\"ro-RO\",\"@id\":\"https:\/\/xstyle.md\/#\/schema\/logo\/image\/\",\"url\":\"https:\/\/xstyle.md\/wp-content\/uploads\/2020\/06\/logoicon.svg\",\"contentUrl\":\"https:\/\/xstyle.md\/wp-content\/uploads\/2020\/06\/logoicon.svg\",\"caption\":\"\u041c\u0430\u0433\u0430\u0437\u0438\u043d Xstyle\"},\"image\":{\"@id\":\"https:\/\/xstyle.md\/#\/schema\/logo\/image\/\"},\"sameAs\":[\"https:\/\/www.facebook.com\/xstylemd\",\"https:\/\/www.instagram.com\/xstyle_md\/\",\"https:\/\/t.me\/xstyle_outdoor\"],\"hasMerchantReturnPolicy\":{\"@type\":\"MerchantReturnPolicy\",\"merchantReturnLink\":\"https:\/\/xstyle.md\/ro\/conditions\/\"}}]}<\/script>\n<meta property=\"product:price:amount\" content=\"1890.00\" \/>\n<meta property=\"product:price:currency\" content=\"MDL\" \/>\n<meta property=\"og:availability\" content=\"instock\" \/>\n<meta property=\"product:availability\" content=\"instock\" \/>\n<meta property=\"product:retailer_item_id\" content=\"8591203481632\" \/>\n<meta property=\"product:condition\" content=\"new\" \/>\n<!-- \/ Yoast SEO plugin. -->","yoast_head_json":{"title":"\u0413\u043e\u0440\u043d\u043e\u043b\u044b\u0436\u043d\u044b\u0435 \u0448\u0442\u0430\u043d\u044b Hannah Akita JR burnt olive - \u041c\u0430\u0433\u0430\u0437\u0438\u043d Xstyle","description":"Pantalonii Hannah Akita JR \u00een culoarea burnt olive ofer\u0103 o protec\u021bie fiabil\u0103 \u0219i confort datorit\u0103 tehnologiei Drypeak 6000 \u0219i umpluturii Duratherm Classic.","robots":{"index":"index","follow":"follow","max-snippet":"max-snippet:-1","max-image-preview":"max-image-preview:large","max-video-preview":"max-video-preview:-1"},"canonical":"https:\/\/xstyle.md\/ro\/produs\/bryuki-hannah-akita-jr-burnt-olive\/","og_locale":"ro_RO","og_type":"article","og_title":"\u0413\u043e\u0440\u043d\u043e\u043b\u044b\u0436\u043d\u044b\u0435 \u0448\u0442\u0430\u043d\u044b Hannah Akita JR burnt olive - \u041c\u0430\u0433\u0430\u0437\u0438\u043d Xstyle","og_description":"\u0411\u0440\u044e\u043a\u0438 Hannah Akita JR \u0432 \u0446\u0432\u0435\u0442\u0435 burnt olive \u043e\u0431\u0435\u0441\u043f\u0435\u0447\u0438\u0432\u0430\u044e\u0442 \u043d\u0430\u0434\u0435\u0436\u043d\u0443\u044e \u0437\u0430\u0449\u0438\u0442\u0443 \u0438 \u043a\u043e\u043c\u0444\u043e\u0440\u0442 \u0431\u043b\u0430\u0433\u043e\u0434\u0430\u0440\u044f \u0442\u0435\u0445\u043d\u043e\u043b\u043e\u0433\u0438\u0438 Drypeak 6000 \u0438 \u0443\u0442\u0435\u043f\u043b\u0438\u0442\u0435\u043b\u044e Duratherm Classic.","og_url":"https:\/\/xstyle.md\/ro\/produs\/bryuki-hannah-akita-jr-burnt-olive\/","og_site_name":"\u041c\u0430\u0433\u0430\u0437\u0438\u043d Xstyle","article_publisher":"https:\/\/www.facebook.com\/xstylemd","article_modified_time":"2026-03-19T14:17:46+00:00","og_image":[{"width":1340,"height":1388,"url":"https:\/\/xstyle.md\/wp-content\/uploads\/2024\/01\/hannah-akita-jr-burnt-olive.jpg","type":"image\/jpeg"}],"twitter_card":"summary_large_image","twitter_misc":{"Pre\u021b":"1.890&nbsp;MDL","Disponibilitate":"\u00cen stoc"},"schema":{"@context":"https:\/\/schema.org","@graph":[{"@type":"WebPage","@id":"https:\/\/xstyle.md\/product\/bryuki-hannah-akita-jr-burnt-olive\/","url":"https:\/\/xstyle.md\/product\/bryuki-hannah-akita-jr-burnt-olive\/","name":"\u0413\u043e\u0440\u043d\u043e\u043b\u044b\u0436\u043d\u044b\u0435 \u0448\u0442\u0430\u043d\u044b Hannah Akita JR burnt olive - \u041c\u0430\u0433\u0430\u0437\u0438\u043d Xstyle","isPartOf":{"@id":"https:\/\/xstyle.md\/#website"},"primaryImageOfPage":{"@id":"https:\/\/xstyle.md\/product\/bryuki-hannah-akita-jr-burnt-olive\/#primaryimage"},"image":{"@id":"https:\/\/xstyle.md\/product\/bryuki-hannah-akita-jr-burnt-olive\/#primaryimage"},"thumbnailUrl":"https:\/\/xstyle.md\/wp-content\/uploads\/2024\/01\/hannah-akita-jr-burnt-olive.jpg","datePublished":"2024-01-18T07:10:08+00:00","dateModified":"2026-03-19T14:17:46+00:00","description":"Pantalonii Hannah Akita JR \u00een culoarea burnt olive ofer\u0103 o protec\u021bie fiabil\u0103 \u0219i confort datorit\u0103 tehnologiei Drypeak 6000 \u0219i umpluturii Duratherm Classic.","breadcrumb":{"@id":"https:\/\/xstyle.md\/product\/bryuki-hannah-akita-jr-burnt-olive\/#breadcrumb"},"inLanguage":"ro-RO","potentialAction":[{"@type":"ReadAction","target":["https:\/\/xstyle.md\/product\/bryuki-hannah-akita-jr-burnt-olive\/"]}]},{"@type":"ImageObject","inLanguage":"ro-RO","@id":"https:\/\/xstyle.md\/product\/bryuki-hannah-akita-jr-burnt-olive\/#primaryimage","url":"https:\/\/xstyle.md\/wp-content\/uploads\/2024\/01\/hannah-akita-jr-burnt-olive.jpg","contentUrl":"https:\/\/xstyle.md\/wp-content\/uploads\/2024\/01\/hannah-akita-jr-burnt-olive.jpg","width":1340,"height":1388,"caption":"\u041a\u0443\u0440\u0442\u043a\u0438 \u0438 \u0431\u0440\u044e\u043a\u0438 Hannah Akita JR \u0434\u043b\u044f \u0430\u043a\u0442\u0438\u0432\u043d\u043e\u0433\u043e \u043e\u0442\u0434\u044b\u0445\u0430, \u043f\u0443\u0442\u0435\u0448\u0435\u0441\u0442\u0432\u0438\u0439 \u0438 \u0430\u043b\u044c\u043f\u0438\u043d\u0438\u0437\u043c\u0430, \u043e\u0434\u0435\u0436\u0434\u0430 \u0438 \u043e\u0431\u0443\u0432\u044c \u0434\u043b\u044f \u0442\u0443\u0440\u0438\u0437\u043c\u0430 \u0438 \u043f\u043e\u0445\u043e\u0434\u043e\u0432, \u0441\u043f\u043e\u0440\u0442\u0438\u0432\u043d\u044b\u0435 \u0442\u043e\u0432\u0430\u0440\u044b \u0434\u043b\u044f \u0430\u043a\u0442\u0438\u0432\u043d\u043e\u0439 \u0436\u0438\u0437\u043d\u0438"},{"@type":"BreadcrumbList","@id":"https:\/\/xstyle.md\/product\/bryuki-hannah-akita-jr-burnt-olive\/#breadcrumb","itemListElement":[{"@type":"ListItem","position":1,"name":"\u0413\u043b\u0430\u0432\u043d\u0430\u044f \u0441\u0442\u0440\u0430\u043d\u0438\u0446\u0430","item":"https:\/\/xstyle.md\/"},{"@type":"ListItem","position":2,"name":"\u041c\u0430\u0433\u0430\u0437\u0438\u043d","item":"https:\/\/xstyle.md\/shop\/"},{"@type":"ListItem","position":3,"name":"\u0413\u043e\u0440\u043d\u043e\u043b\u044b\u0436\u043d\u044b\u0435 \u0448\u0442\u0430\u043d\u044b Hannah Akita JR burnt olive"}]},{"@type":"WebSite","@id":"https:\/\/xstyle.md\/#website","url":"https:\/\/xstyle.md\/","name":"Magazinul X-Style","description":"Echipamente pentru turism \u0219i sporturi extreme \u00een Moldova. Pre\u021buri, fotografii, caracteristici \u00een Moldova.","publisher":{"@id":"https:\/\/xstyle.md\/#organization"},"alternateName":"X-Style","potentialAction":[{"@type":"SearchAction","target":{"@type":"EntryPoint","urlTemplate":"https:\/\/xstyle.md\/?s={search_term_string}"},"query-input":{"@type":"PropertyValueSpecification","valueRequired":true,"valueName":"search_term_string"}}],"inLanguage":"ro-RO"},{"@type":"Organization","@id":"https:\/\/xstyle.md\/#organization","name":"Magazinul X-Style","alternateName":"x-style","url":"https:\/\/xstyle.md\/","logo":{"@type":"ImageObject","inLanguage":"ro-RO","@id":"https:\/\/xstyle.md\/#\/schema\/logo\/image\/","url":"https:\/\/xstyle.md\/wp-content\/uploads\/2020\/06\/logoicon.svg","contentUrl":"https:\/\/xstyle.md\/wp-content\/uploads\/2020\/06\/logoicon.svg","caption":"\u041c\u0430\u0433\u0430\u0437\u0438\u043d Xstyle"},"image":{"@id":"https:\/\/xstyle.md\/#\/schema\/logo\/image\/"},"sameAs":["https:\/\/www.facebook.com\/xstylemd","https:\/\/www.instagram.com\/xstyle_md\/","https:\/\/t.me\/xstyle_outdoor"],"hasMerchantReturnPolicy":{"@type":"MerchantReturnPolicy","merchantReturnLink":"https:\/\/xstyle.md\/ro\/conditions\/"}}]},"product_price_amount":"1890.00","product_price_currency":"MDL","og_availability":"instock","product_availability":"instock","product_retailer_item_id":"8591203481632","product_condition":"new"},"post_mailing_queue_ids":[],"_links":{"self":[{"href":"https:\/\/xstyle.md\/ro\/wp-json\/wp\/v2\/product\/78720","targetHints":{"allow":["GET"]}}],"collection":[{"href":"https:\/\/xstyle.md\/ro\/wp-json\/wp\/v2\/product"}],"about":[{"href":"https:\/\/xstyle.md\/ro\/wp-json\/wp\/v2\/types\/product"}],"replies":[{"embeddable":true,"href":"https:\/\/xstyle.md\/ro\/wp-json\/wp\/v2\/comments?post=78720"}],"wp:featuredmedia":[{"embeddable":true,"href":"https:\/\/xstyle.md\/ro\/wp-json\/wp\/v2\/media\/78865"}],"wp:attachment":[{"href":"https:\/\/xstyle.md\/ro\/wp-json\/wp\/v2\/media?parent=78720"}],"wp:term":[{"taxonomy":"product_brand","embeddable":true,"href":"https:\/\/xstyle.md\/ro\/wp-json\/wp\/v2\/product_brand?post=78720"},{"taxonomy":"product_cat","embeddable":true,"href":"https:\/\/xstyle.md\/ro\/wp-json\/wp\/v2\/product_cat?post=78720"},{"taxonomy":"product_tag","embeddable":true,"href":"https:\/\/xstyle.md\/ro\/wp-json\/wp\/v2\/product_tag?post=78720"}],"curies":[{"name":"wp","href":"https:\/\/api.w.org\/{rel}","templated":true}]}}