{"id":78715,"date":"2024-01-18T10:10:07","date_gmt":"2024-01-18T07:10:07","guid":{"rendered":"https:\/\/xstyle.md\/?post_type=product&#038;p=78715"},"modified":"2026-03-04T12:34:17","modified_gmt":"2026-03-04T09:34:17","slug":"kurtka-hannah-alma-jr-tomato-mel","status":"publish","type":"product","link":"https:\/\/xstyle.md\/ro\/produs\/kurtka-hannah-alma-jr-tomato-mel\/","title":{"rendered":"Geac\u0103 Hannah Alma JR tomato mel"},"content":{"rendered":"<p><strong>Hannah Alma JR<\/strong> &#8212;\u00a0 \u0444\u043b\u0438\u0441\u043e\u0432\u044b\u0439 \u0431\u0430\u0442\u043d\u0438\u043a \u043d\u0430 \u043c\u043e\u043b\u043d\u0438\u0438 \u0434\u043b\u044f \u0434\u0435\u0432\u043e\u0447\u0435\u043a \u0438 \u043c\u0430\u043b\u044c\u0447\u0438\u043a\u043e\u0432 \u043e\u043f\u0442\u0438\u043c\u0430\u043b\u044c\u043d\u043e \u0440\u0435\u0433\u0443\u043b\u0438\u0440\u0443\u0435\u0442 \u0442\u0435\u043c\u043f\u0435\u0440\u0430\u0442\u0443\u0440\u0443. \u0424\u043b\u0438\u0441\u043e\u0432\u044b\u0439 \u0442\u0440\u0438\u043a\u043e\u0442\u0430\u0436\u00a0Polarsoft Thermo\u00a0\u043e\u0431\u0435\u0441\u043f\u0435\u0447\u0438\u0432\u0430\u0435\u0442 \u043e\u0442\u043b\u0438\u0447\u043d\u044b\u0435 \u0442\u0435\u043f\u043b\u043e\u0438\u0437\u043e\u043b\u044f\u0446\u0438\u043e\u043d\u043d\u044b\u0435 \u0441\u0432\u043e\u0439\u0441\u0442\u0432\u0430, \u043f\u0440\u0435\u0432\u043e\u0441\u0445\u043e\u0434\u043d\u043e\u0435 \u0442\u0435\u043f\u043b\u043e \u0438 \u043c\u0438\u043d\u0438\u043c\u0430\u043b\u044c\u043d\u0443\u044e \u0432\u043f\u0438\u0442\u044b\u0432\u0430\u044e\u0449\u0443\u044e \u0441\u043f\u043e\u0441\u043e\u0431\u043d\u043e\u0441\u0442\u044c. \u0422\u043e\u043b\u0441\u0442\u043e\u0432\u043a\u0430 \u043c\u043e\u0436\u0435\u0442 \u0438\u0441\u043f\u043e\u043b\u044c\u0437\u043e\u0432\u0430\u0442\u044c\u0441\u044f \u0432 \u043a\u0430\u0447\u0435\u0441\u0442\u0432\u0435 \u0441\u0440\u0435\u0434\u043d\u0435\u0433\u043e \u0438\u043b\u0438 \u043b\u0435\u0433\u043a\u043e\u0433\u043e \u0432\u043d\u0435\u0448\u043d\u0435\u0433\u043e \u0441\u043b\u043e\u044f \u0432 \u0442\u0435\u043f\u043b\u044b\u0435 \u0434\u043d\u0438. \u0422\u043e\u043b\u0441\u0442\u043e\u0432\u043a\u0430 \u0438\u043c\u0435\u0435\u0442 \u0432\u043e\u0440\u043e\u0442\u043d\u0438\u043a-\u0441\u0442\u043e\u0439\u043a\u0443 \u0438 \u043a\u0430\u0447\u0435\u0441\u0442\u0432\u0435\u043d\u043d\u0443\u044e \u043a\u043e\u0441\u0442\u044f\u043d\u0443\u044e \u043c\u043e\u043b\u043d\u0438\u044e.<\/p>\n<h3>Particularit\u0103\u021bi<\/h3>\n<ul>\n<li>Fermoar lung;<\/li>\n<li>\u0412\u044b\u0441\u043e\u043a\u0438\u0439 \u0432\u043e\u0440\u043e\u0442\u043d\u0438\u043a \u0437\u0430\u0449\u0438\u0449\u0430\u0435\u0442 \u0448\u0435\u044e \u043e\u0442 \u0445\u043e\u043b\u043e\u0434\u0430, \u0432\u0435\u0442\u0440\u0430<\/li>\n<li>Material pl\u0103cut \u0219i moale la atingere;<\/li>\n<li>P\u0103streaz\u0103 c\u0103ldura corpului;<\/li>\n<li>\u0423\u0434\u043e\u0431\u043d\u044b\u0435 \u0431\u043e\u043a\u043e\u0432\u044b\u0435 \u043a\u0430\u0440\u043c\u0430\u043d\u044b \u0434\u043b\u044f \u0440\u0443\u043a \u0438\u043b\u0438 \u043c\u0435\u043b\u043a\u0438\u0445 \u0432\u0435\u0449\u0435\u0439<\/li>\n<li>M\u00e2neci elastice.<\/li>\n<\/ul>\n<h3>Caracteristici<\/h3>\n<ul>\n<li>\u041c\u0430\u0442\u0435\u0440\u0438\u0430\u043b \u2013 Polarsoft Thermo<\/li>\n<li>Sezon - iarn\u0103\/toamn\u0103\/prim\u0103var\u0103;<\/li>\n<li>Aplicare - sport\/utilizare zilnic\u0103\/trekking;<\/li>\n<li>Model - pentru copii.<\/li>\n<\/ul>\n<h3>Marca<\/h3>\n<p>Hannah \u2013 este un brand interna\u021bional, specializat \u00een produc\u021bia de articole pentru turism \u0219i \u00eembr\u0103c\u0103minte sportiv\u0103 pentru orice sezon. Brandul Hannah a fost fondat \u00een Republica Ceh\u0103 \u00een 1991. Compania a ob\u021binut succese bune pe pia\u021ba intern\u0103, datorit\u0103 calit\u0103\u021bii ridicate \u0219i politicii de pre\u021buri accesibile pentru fiecare produs.<\/p>\n<p>La \u00eenceput, compania fabrica produse conform standardelor interna\u021bionale, deoarece au \u00een\u021beles pe deplin importan\u021ba unei reputa\u021bii excelente. \u00cen acest sens, s-a alocat mult timp selec\u021biei materialelor de \u00eenalt\u0103 calitate, care sunt rezistente la uzur\u0103 \u0219i rezistente la ap\u0103. Ast\u0103zi, brandul nu st\u0103 pe loc, catalogul lor este \u00een permanen\u021b\u0103 actualizat \u0219i extins, iar produsele pot fi g\u0103site \u00een toat\u0103 lumea.<\/p>","protected":false},"excerpt":{"rendered":"<p>Hannah Alma JR &#8212;\u00a0 \u0444\u043b\u0438\u0441\u043e\u0432\u044b\u0439 \u0431\u0430\u0442\u043d\u0438\u043a \u043d\u0430 \u043c\u043e\u043b\u043d\u0438\u0438 \u0434\u043b\u044f \u0434\u0435\u0432\u043e\u0447\u0435\u043a \u0438 \u043c\u0430\u043b\u044c\u0447\u0438\u043a\u043e\u0432 \u043e\u043f\u0442\u0438\u043c\u0430\u043b\u044c\u043d\u043e \u0440\u0435\u0433\u0443\u043b\u0438\u0440\u0443\u0435\u0442 \u0442\u0435\u043c\u043f\u0435\u0440\u0430\u0442\u0443\u0440\u0443. \u0424\u043b\u0438\u0441\u043e\u0432\u044b\u0439 \u0442\u0440\u0438\u043a\u043e\u0442\u0430\u0436\u00a0Polarsoft Thermo\u00a0\u043e\u0431\u0435\u0441\u043f\u0435\u0447\u0438\u0432\u0430\u0435\u0442 \u043e\u0442\u043b\u0438\u0447\u043d\u044b\u0435 \u0442\u0435\u043f\u043b\u043e\u0438\u0437\u043e\u043b\u044f\u0446\u0438\u043e\u043d\u043d\u044b\u0435 \u0441\u0432\u043e\u0439\u0441\u0442\u0432\u0430, \u043f\u0440\u0435\u0432\u043e\u0441\u0445\u043e\u0434\u043d\u043e\u0435 \u0442\u0435\u043f\u043b\u043e \u0438 \u043c\u0438\u043d\u0438\u043c\u0430\u043b\u044c\u043d\u0443\u044e \u0432\u043f\u0438\u0442\u044b\u0432\u0430\u044e\u0449\u0443\u044e \u0441\u043f\u043e\u0441\u043e\u0431\u043d\u043e\u0441\u0442\u044c. \u0422\u043e\u043b\u0441\u0442\u043e\u0432\u043a\u0430 \u043c\u043e\u0436\u0435\u0442 \u0438\u0441\u043f\u043e\u043b\u044c\u0437\u043e\u0432\u0430\u0442\u044c\u0441\u044f \u0432 \u043a\u0430\u0447\u0435\u0441\u0442\u0432\u0435 \u0441\u0440\u0435\u0434\u043d\u0435\u0433\u043e \u0438\u043b\u0438 \u043b\u0435\u0433\u043a\u043e\u0433\u043e \u0432\u043d\u0435\u0448\u043d\u0435\u0433\u043e \u0441\u043b\u043e\u044f \u0432 \u0442\u0435\u043f\u043b\u044b\u0435 \u0434\u043d\u0438. \u0422\u043e\u043b\u0441\u0442\u043e\u0432\u043a\u0430 \u0438\u043c\u0435\u0435\u0442 \u0432\u043e\u0440\u043e\u0442\u043d\u0438\u043a-\u0441\u0442\u043e\u0439\u043a\u0443 \u0438 \u043a\u0430\u0447\u0435\u0441\u0442\u0432\u0435\u043d\u043d\u0443\u044e \u043a\u043e\u0441\u0442\u044f\u043d\u0443\u044e \u043c\u043e\u043b\u043d\u0438\u044e. \u041e\u0441\u043e\u0431\u0435\u043d\u043d\u043e\u0441\u0442\u0438 \u0414\u043b\u0438\u043d\u043d\u0430\u044f \u043c\u043e\u043b\u043d\u0438\u044f \u0412\u044b\u0441\u043e\u043a\u0438\u0439 \u0432\u043e\u0440\u043e\u0442\u043d\u0438\u043a \u0437\u0430\u0449\u0438\u0449\u0430\u0435\u0442 \u0448\u0435\u044e \u043e\u0442 [&hellip;]<\/p>\n","protected":false},"featured_media":79103,"comment_status":"open","ping_status":"closed","template":"","meta":{"_acf_changed":false,"inline_featured_image":false},"product_brand":[1271],"product_cat":[561],"product_tag":[],"class_list":{"0":"post-78715","1":"product","2":"type-product","3":"status-publish","4":"has-post-thumbnail","6":"product_brand-hannah","7":"product_cat-second-layer-kid","9":"first","10":"instock","11":"shipping-taxable","12":"purchasable","13":"product-type-simple"},"acf":[],"yoast_head":"<!-- This site is optimized with the Yoast SEO plugin v27.2 - https:\/\/yoast.com\/product\/yoast-seo-wordpress\/ -->\n<title>\u041a\u0443\u0440\u0442\u043a\u0430 Hannah Alma JR tomato mel - \u041c\u0430\u0433\u0430\u0437\u0438\u043d Xstyle<\/title>\n<meta name=\"description\" content=\"\u041a\u0443\u0440\u0442\u043a\u0430 Hannah Alma JR \u0432 \u0442\u043e\u043c\u0430\u0442\u043d\u043e\u043c \u0446\u0432\u0435\u0442\u0435 \u043e\u0431\u0435\u0441\u043f\u0435\u0447\u0438\u0432\u0430\u0435\u0442 \u0442\u0435\u043f\u043b\u043e \u0438 \u043a\u043e\u043c\u0444\u043e\u0440\u0442. \u0418\u0434\u0435\u0430\u043b\u044c\u043d\u044b\u0439 \u0432\u044b\u0431\u043e\u0440 \u0434\u043b\u044f \u0430\u043a\u0442\u0438\u0432\u043d\u044b\u0445 \u0434\u0435\u0442\u0435\u0439. \u0417\u0430\u0449\u0438\u0442\u0430 \u043e\u0442 \u0445\u043e\u043b\u043e\u0434\u0430 \u0441 \u0441\u0442\u0438\u043b\u044c\u043d\u044b\u043c \u0434\u0438\u0437\u0430\u0439\u043d\u043e\u043c!\" \/>\n<meta name=\"robots\" content=\"index, follow, max-snippet:-1, max-image-preview:large, max-video-preview:-1\" \/>\n<link rel=\"canonical\" href=\"https:\/\/xstyle.md\/ro\/produs\/kurtka-hannah-alma-jr-tomato-mel\/\" \/>\n<meta property=\"og:locale\" content=\"ro_RO\" \/>\n<meta property=\"og:type\" content=\"article\" \/>\n<meta property=\"og:title\" content=\"\u041a\u0443\u0440\u0442\u043a\u0430 Hannah Alma JR tomato mel - \u041c\u0430\u0433\u0430\u0437\u0438\u043d Xstyle\" \/>\n<meta property=\"og:description\" content=\"\u041a\u0443\u0440\u0442\u043a\u0430 Hannah Alma JR \u0432 \u0442\u043e\u043c\u0430\u0442\u043d\u043e\u043c \u0446\u0432\u0435\u0442\u0435 \u043e\u0431\u0435\u0441\u043f\u0435\u0447\u0438\u0432\u0430\u0435\u0442 \u0442\u0435\u043f\u043b\u043e \u0438 \u043a\u043e\u043c\u0444\u043e\u0440\u0442. \u0418\u0434\u0435\u0430\u043b\u044c\u043d\u044b\u0439 \u0432\u044b\u0431\u043e\u0440 \u0434\u043b\u044f \u0430\u043a\u0442\u0438\u0432\u043d\u044b\u0445 \u0434\u0435\u0442\u0435\u0439. \u0417\u0430\u0449\u0438\u0442\u0430 \u043e\u0442 \u0445\u043e\u043b\u043e\u0434\u0430 \u0441 \u0441\u0442\u0438\u043b\u044c\u043d\u044b\u043c \u0434\u0438\u0437\u0430\u0439\u043d\u043e\u043c!\" \/>\n<meta property=\"og:url\" content=\"https:\/\/xstyle.md\/ro\/produs\/kurtka-hannah-alma-jr-tomato-mel\/\" \/>\n<meta property=\"og:site_name\" content=\"\u041c\u0430\u0433\u0430\u0437\u0438\u043d Xstyle\" \/>\n<meta property=\"article:publisher\" content=\"https:\/\/www.facebook.com\/xstylemd\" \/>\n<meta property=\"article:modified_time\" content=\"2026-03-04T09:34:17+00:00\" \/>\n<meta property=\"og:image\" content=\"https:\/\/xstyle.md\/wp-content\/uploads\/2024\/01\/hannah-alma-jr-tomato-mel.jpg\" \/>\n\t<meta property=\"og:image:width\" content=\"1472\" \/>\n\t<meta property=\"og:image:height\" content=\"1518\" \/>\n\t<meta property=\"og:image:type\" content=\"image\/jpeg\" \/>\n<meta name=\"twitter:card\" content=\"summary_large_image\" \/>\n<meta name=\"twitter:label1\" content=\"Pre\u021b\" \/>\n\t<meta name=\"twitter:data1\" content=\"995&nbsp;MDL\" \/>\n\t<meta name=\"twitter:label2\" content=\"Disponibilitate\" \/>\n\t<meta name=\"twitter:data2\" content=\"\u00cen stoc\" \/>\n<script type=\"application\/ld+json\" class=\"yoast-schema-graph\">{\"@context\":\"https:\/\/schema.org\",\"@graph\":[{\"@type\":\"WebPage\",\"@id\":\"https:\/\/xstyle.md\/product\/kurtka-hannah-alma-jr-tomato-mel\/\",\"url\":\"https:\/\/xstyle.md\/product\/kurtka-hannah-alma-jr-tomato-mel\/\",\"name\":\"\u041a\u0443\u0440\u0442\u043a\u0430 Hannah Alma JR tomato mel - \u041c\u0430\u0433\u0430\u0437\u0438\u043d Xstyle\",\"isPartOf\":{\"@id\":\"https:\/\/xstyle.md\/#website\"},\"primaryImageOfPage\":{\"@id\":\"https:\/\/xstyle.md\/product\/kurtka-hannah-alma-jr-tomato-mel\/#primaryimage\"},\"image\":{\"@id\":\"https:\/\/xstyle.md\/product\/kurtka-hannah-alma-jr-tomato-mel\/#primaryimage\"},\"thumbnailUrl\":\"https:\/\/xstyle.md\/wp-content\/uploads\/2024\/01\/hannah-alma-jr-tomato-mel.jpg\",\"datePublished\":\"2024-01-18T07:10:07+00:00\",\"dateModified\":\"2026-03-04T09:34:17+00:00\",\"description\":\"\u041a\u0443\u0440\u0442\u043a\u0430 Hannah Alma JR \u0432 \u0442\u043e\u043c\u0430\u0442\u043d\u043e\u043c \u0446\u0432\u0435\u0442\u0435 \u043e\u0431\u0435\u0441\u043f\u0435\u0447\u0438\u0432\u0430\u0435\u0442 \u0442\u0435\u043f\u043b\u043e \u0438 \u043a\u043e\u043c\u0444\u043e\u0440\u0442. \u0418\u0434\u0435\u0430\u043b\u044c\u043d\u044b\u0439 \u0432\u044b\u0431\u043e\u0440 \u0434\u043b\u044f \u0430\u043a\u0442\u0438\u0432\u043d\u044b\u0445 \u0434\u0435\u0442\u0435\u0439. \u0417\u0430\u0449\u0438\u0442\u0430 \u043e\u0442 \u0445\u043e\u043b\u043e\u0434\u0430 \u0441 \u0441\u0442\u0438\u043b\u044c\u043d\u044b\u043c \u0434\u0438\u0437\u0430\u0439\u043d\u043e\u043c!\",\"breadcrumb\":{\"@id\":\"https:\/\/xstyle.md\/product\/kurtka-hannah-alma-jr-tomato-mel\/#breadcrumb\"},\"inLanguage\":\"ro-RO\",\"potentialAction\":[{\"@type\":\"ReadAction\",\"target\":[\"https:\/\/xstyle.md\/product\/kurtka-hannah-alma-jr-tomato-mel\/\"]}]},{\"@type\":\"ImageObject\",\"inLanguage\":\"ro-RO\",\"@id\":\"https:\/\/xstyle.md\/product\/kurtka-hannah-alma-jr-tomato-mel\/#primaryimage\",\"url\":\"https:\/\/xstyle.md\/wp-content\/uploads\/2024\/01\/hannah-alma-jr-tomato-mel.jpg\",\"contentUrl\":\"https:\/\/xstyle.md\/wp-content\/uploads\/2024\/01\/hannah-alma-jr-tomato-mel.jpg\",\"width\":1472,\"height\":1518,\"caption\":\"\u0414\u0435\u0442\u0441\u043a\u0430\u044f \u043a\u0443\u0440\u0442\u043a\u0430 Hannah Alma JR tomato mel \u0434\u043b\u044f \u0430\u043a\u0442\u0438\u0432\u043d\u043e\u0433\u043e \u043e\u0442\u0434\u044b\u0445\u0430 \u043f\u0443\u0442\u0435\u0448\u0435\u0441\u0442\u0432\u0438\u0439 \u0438 \u0445\u0430\u0439\u043a\u0438\u043d\u0433\u0430, \u0443\u0434\u043e\u0431\u043d\u0430\u044f \u043e\u0434\u0435\u0436\u0434\u0430 \u0434\u043b\u044f \u0442\u0443\u0440\u0438\u0437\u043c\u0430 \u0438 \u0433\u043e\u0440\u043d\u044b\u0445 \u043f\u043e\u0445\u043e\u0434\u043e\u0432 \u0432 \u0438\u043d\u0442\u0435\u0440\u043d\u0435\u0442-\u043c\u0430\u0433\u0430\u0437\u0438\u043d\u0435 \u0430\u043a\u0442\u0438\u0432\u043d\u043e\u0439 \u0436\u0438\u0437\u043d\u0438\"},{\"@type\":\"BreadcrumbList\",\"@id\":\"https:\/\/xstyle.md\/product\/kurtka-hannah-alma-jr-tomato-mel\/#breadcrumb\",\"itemListElement\":[{\"@type\":\"ListItem\",\"position\":1,\"name\":\"\u0413\u043b\u0430\u0432\u043d\u0430\u044f \u0441\u0442\u0440\u0430\u043d\u0438\u0446\u0430\",\"item\":\"https:\/\/xstyle.md\/\"},{\"@type\":\"ListItem\",\"position\":2,\"name\":\"\u041c\u0430\u0433\u0430\u0437\u0438\u043d\",\"item\":\"https:\/\/xstyle.md\/shop\/\"},{\"@type\":\"ListItem\",\"position\":3,\"name\":\"\u041a\u0443\u0440\u0442\u043a\u0430 Hannah Alma JR tomato mel\"}]},{\"@type\":\"WebSite\",\"@id\":\"https:\/\/xstyle.md\/#website\",\"url\":\"https:\/\/xstyle.md\/\",\"name\":\"\u041c\u0430\u0433\u0430\u0437\u0438\u043d Xstyle\",\"description\":\"C\u043d\u0430\u0440\u044f\u0436\u0435\u043d\u0438\u0435 \u0434\u043b\u044f \u0442\u0443\u0440\u0438\u0437\u043c\u0430 \u0438 \u044d\u043a\u0441\u0442\u0440\u0435\u043c\u0430\u043b\u044c\u043d\u044b\u0445 \u0432\u0438\u0434\u043e\u0432 \u0441\u043f\u043e\u0440\u0442\u0430 \u0432 \u041c\u043e\u043b\u0434\u043e\u0432\u0435.. \u0426\u0435\u043d\u044b, \u0444\u043e\u0442\u043e, \u0445\u0430\u0440\u0430\u043a\u0442\u0435\u0440\u0438\u0441\u0442\u0438\u043a\u0438 \u0432 \u041c\u043e\u043b\u0434\u043e\u0432\u0435.\",\"publisher\":{\"@id\":\"https:\/\/xstyle.md\/#organization\"},\"alternateName\":\"X-Style\",\"potentialAction\":[{\"@type\":\"SearchAction\",\"target\":{\"@type\":\"EntryPoint\",\"urlTemplate\":\"https:\/\/xstyle.md\/?s={search_term_string}\"},\"query-input\":{\"@type\":\"PropertyValueSpecification\",\"valueRequired\":true,\"valueName\":\"search_term_string\"}}],\"inLanguage\":\"ro-RO\"},{\"@type\":\"Organization\",\"@id\":\"https:\/\/xstyle.md\/#organization\",\"name\":\"\u041c\u0430\u0433\u0430\u0437\u0438\u043d Xstyle\",\"alternateName\":\"x-style\",\"url\":\"https:\/\/xstyle.md\/\",\"logo\":{\"@type\":\"ImageObject\",\"inLanguage\":\"ro-RO\",\"@id\":\"https:\/\/xstyle.md\/#\/schema\/logo\/image\/\",\"url\":\"https:\/\/xstyle.md\/wp-content\/uploads\/2020\/06\/logoicon.svg\",\"contentUrl\":\"https:\/\/xstyle.md\/wp-content\/uploads\/2020\/06\/logoicon.svg\",\"caption\":\"\u041c\u0430\u0433\u0430\u0437\u0438\u043d Xstyle\"},\"image\":{\"@id\":\"https:\/\/xstyle.md\/#\/schema\/logo\/image\/\"},\"sameAs\":[\"https:\/\/www.facebook.com\/xstylemd\",\"https:\/\/www.instagram.com\/xstyle_md\/\",\"https:\/\/t.me\/xstyle_outdoor\"],\"hasMerchantReturnPolicy\":{\"@type\":\"MerchantReturnPolicy\",\"merchantReturnLink\":\"https:\/\/xstyle.md\/ro\/conditions\/\"}}]}<\/script>\n<meta property=\"product:price:amount\" content=\"995.00\" \/>\n<meta property=\"product:price:currency\" content=\"MDL\" \/>\n<meta property=\"og:availability\" content=\"instock\" \/>\n<meta property=\"product:availability\" content=\"instock\" \/>\n<meta property=\"product:retailer_item_id\" content=\"8591203480239\" \/>\n<meta property=\"product:condition\" content=\"new\" \/>\n<!-- \/ Yoast SEO plugin. -->","yoast_head_json":{"title":"Jachet\u0103 Hannah Alma JR tomato mel - Magazin Xstyle","description":"Jacheta Hannah Alma JR \u00een culoarea ro\u0219ie tomate ofer\u0103 c\u0103ldur\u0103 \u0219i confort. O alegere perfect\u0103 pentru copiii activi. Protec\u021bie \u00eempotriva frigului cu un design elegant!","robots":{"index":"index","follow":"follow","max-snippet":"max-snippet:-1","max-image-preview":"max-image-preview:large","max-video-preview":"max-video-preview:-1"},"canonical":"https:\/\/xstyle.md\/ro\/produs\/kurtka-hannah-alma-jr-tomato-mel\/","og_locale":"ro_RO","og_type":"article","og_title":"\u041a\u0443\u0440\u0442\u043a\u0430 Hannah Alma JR tomato mel - \u041c\u0430\u0433\u0430\u0437\u0438\u043d Xstyle","og_description":"\u041a\u0443\u0440\u0442\u043a\u0430 Hannah Alma JR \u0432 \u0442\u043e\u043c\u0430\u0442\u043d\u043e\u043c \u0446\u0432\u0435\u0442\u0435 \u043e\u0431\u0435\u0441\u043f\u0435\u0447\u0438\u0432\u0430\u0435\u0442 \u0442\u0435\u043f\u043b\u043e \u0438 \u043a\u043e\u043c\u0444\u043e\u0440\u0442. \u0418\u0434\u0435\u0430\u043b\u044c\u043d\u044b\u0439 \u0432\u044b\u0431\u043e\u0440 \u0434\u043b\u044f \u0430\u043a\u0442\u0438\u0432\u043d\u044b\u0445 \u0434\u0435\u0442\u0435\u0439. \u0417\u0430\u0449\u0438\u0442\u0430 \u043e\u0442 \u0445\u043e\u043b\u043e\u0434\u0430 \u0441 \u0441\u0442\u0438\u043b\u044c\u043d\u044b\u043c \u0434\u0438\u0437\u0430\u0439\u043d\u043e\u043c!","og_url":"https:\/\/xstyle.md\/ro\/produs\/kurtka-hannah-alma-jr-tomato-mel\/","og_site_name":"\u041c\u0430\u0433\u0430\u0437\u0438\u043d Xstyle","article_publisher":"https:\/\/www.facebook.com\/xstylemd","article_modified_time":"2026-03-04T09:34:17+00:00","og_image":[{"width":1472,"height":1518,"url":"https:\/\/xstyle.md\/wp-content\/uploads\/2024\/01\/hannah-alma-jr-tomato-mel.jpg","type":"image\/jpeg"}],"twitter_card":"summary_large_image","twitter_misc":{"Pre\u021b":"995&nbsp;MDL","Disponibilitate":"\u00cen stoc"},"schema":{"@context":"https:\/\/schema.org","@graph":[{"@type":"WebPage","@id":"https:\/\/xstyle.md\/product\/kurtka-hannah-alma-jr-tomato-mel\/","url":"https:\/\/xstyle.md\/product\/kurtka-hannah-alma-jr-tomato-mel\/","name":"Jachet\u0103 Hannah Alma JR tomato mel - Magazin Xstyle","isPartOf":{"@id":"https:\/\/xstyle.md\/#website"},"primaryImageOfPage":{"@id":"https:\/\/xstyle.md\/product\/kurtka-hannah-alma-jr-tomato-mel\/#primaryimage"},"image":{"@id":"https:\/\/xstyle.md\/product\/kurtka-hannah-alma-jr-tomato-mel\/#primaryimage"},"thumbnailUrl":"https:\/\/xstyle.md\/wp-content\/uploads\/2024\/01\/hannah-alma-jr-tomato-mel.jpg","datePublished":"2024-01-18T07:10:07+00:00","dateModified":"2026-03-04T09:34:17+00:00","description":"Jacheta Hannah Alma JR \u00een culoarea ro\u0219ie tomate ofer\u0103 c\u0103ldur\u0103 \u0219i confort. O alegere perfect\u0103 pentru copiii activi. Protec\u021bie \u00eempotriva frigului cu un design elegant!","breadcrumb":{"@id":"https:\/\/xstyle.md\/product\/kurtka-hannah-alma-jr-tomato-mel\/#breadcrumb"},"inLanguage":"ro-RO","potentialAction":[{"@type":"ReadAction","target":["https:\/\/xstyle.md\/product\/kurtka-hannah-alma-jr-tomato-mel\/"]}]},{"@type":"ImageObject","inLanguage":"ro-RO","@id":"https:\/\/xstyle.md\/product\/kurtka-hannah-alma-jr-tomato-mel\/#primaryimage","url":"https:\/\/xstyle.md\/wp-content\/uploads\/2024\/01\/hannah-alma-jr-tomato-mel.jpg","contentUrl":"https:\/\/xstyle.md\/wp-content\/uploads\/2024\/01\/hannah-alma-jr-tomato-mel.jpg","width":1472,"height":1518,"caption":"\u0414\u0435\u0442\u0441\u043a\u0430\u044f \u043a\u0443\u0440\u0442\u043a\u0430 Hannah Alma JR tomato mel \u0434\u043b\u044f \u0430\u043a\u0442\u0438\u0432\u043d\u043e\u0433\u043e \u043e\u0442\u0434\u044b\u0445\u0430 \u043f\u0443\u0442\u0435\u0448\u0435\u0441\u0442\u0432\u0438\u0439 \u0438 \u0445\u0430\u0439\u043a\u0438\u043d\u0433\u0430, \u0443\u0434\u043e\u0431\u043d\u0430\u044f \u043e\u0434\u0435\u0436\u0434\u0430 \u0434\u043b\u044f \u0442\u0443\u0440\u0438\u0437\u043c\u0430 \u0438 \u0433\u043e\u0440\u043d\u044b\u0445 \u043f\u043e\u0445\u043e\u0434\u043e\u0432 \u0432 \u0438\u043d\u0442\u0435\u0440\u043d\u0435\u0442-\u043c\u0430\u0433\u0430\u0437\u0438\u043d\u0435 \u0430\u043a\u0442\u0438\u0432\u043d\u043e\u0439 \u0436\u0438\u0437\u043d\u0438"},{"@type":"BreadcrumbList","@id":"https:\/\/xstyle.md\/product\/kurtka-hannah-alma-jr-tomato-mel\/#breadcrumb","itemListElement":[{"@type":"ListItem","position":1,"name":"\u0413\u043b\u0430\u0432\u043d\u0430\u044f \u0441\u0442\u0440\u0430\u043d\u0438\u0446\u0430","item":"https:\/\/xstyle.md\/"},{"@type":"ListItem","position":2,"name":"\u041c\u0430\u0433\u0430\u0437\u0438\u043d","item":"https:\/\/xstyle.md\/shop\/"},{"@type":"ListItem","position":3,"name":"\u041a\u0443\u0440\u0442\u043a\u0430 Hannah Alma JR tomato mel"}]},{"@type":"WebSite","@id":"https:\/\/xstyle.md\/#website","url":"https:\/\/xstyle.md\/","name":"Magazinul X-Style","description":"Echipamente pentru turism \u0219i sporturi extreme \u00een Moldova. Pre\u021buri, fotografii, caracteristici \u00een Moldova.","publisher":{"@id":"https:\/\/xstyle.md\/#organization"},"alternateName":"X-Style","potentialAction":[{"@type":"SearchAction","target":{"@type":"EntryPoint","urlTemplate":"https:\/\/xstyle.md\/?s={search_term_string}"},"query-input":{"@type":"PropertyValueSpecification","valueRequired":true,"valueName":"search_term_string"}}],"inLanguage":"ro-RO"},{"@type":"Organization","@id":"https:\/\/xstyle.md\/#organization","name":"Magazinul X-Style","alternateName":"x-style","url":"https:\/\/xstyle.md\/","logo":{"@type":"ImageObject","inLanguage":"ro-RO","@id":"https:\/\/xstyle.md\/#\/schema\/logo\/image\/","url":"https:\/\/xstyle.md\/wp-content\/uploads\/2020\/06\/logoicon.svg","contentUrl":"https:\/\/xstyle.md\/wp-content\/uploads\/2020\/06\/logoicon.svg","caption":"\u041c\u0430\u0433\u0430\u0437\u0438\u043d Xstyle"},"image":{"@id":"https:\/\/xstyle.md\/#\/schema\/logo\/image\/"},"sameAs":["https:\/\/www.facebook.com\/xstylemd","https:\/\/www.instagram.com\/xstyle_md\/","https:\/\/t.me\/xstyle_outdoor"],"hasMerchantReturnPolicy":{"@type":"MerchantReturnPolicy","merchantReturnLink":"https:\/\/xstyle.md\/ro\/conditions\/"}}]},"product_price_amount":"995.00","product_price_currency":"MDL","og_availability":"instock","product_availability":"instock","product_retailer_item_id":"8591203480239","product_condition":"new"},"post_mailing_queue_ids":[],"_links":{"self":[{"href":"https:\/\/xstyle.md\/ro\/wp-json\/wp\/v2\/product\/78715","targetHints":{"allow":["GET"]}}],"collection":[{"href":"https:\/\/xstyle.md\/ro\/wp-json\/wp\/v2\/product"}],"about":[{"href":"https:\/\/xstyle.md\/ro\/wp-json\/wp\/v2\/types\/product"}],"replies":[{"embeddable":true,"href":"https:\/\/xstyle.md\/ro\/wp-json\/wp\/v2\/comments?post=78715"}],"wp:featuredmedia":[{"embeddable":true,"href":"https:\/\/xstyle.md\/ro\/wp-json\/wp\/v2\/media\/79103"}],"wp:attachment":[{"href":"https:\/\/xstyle.md\/ro\/wp-json\/wp\/v2\/media?parent=78715"}],"wp:term":[{"taxonomy":"product_brand","embeddable":true,"href":"https:\/\/xstyle.md\/ro\/wp-json\/wp\/v2\/product_brand?post=78715"},{"taxonomy":"product_cat","embeddable":true,"href":"https:\/\/xstyle.md\/ro\/wp-json\/wp\/v2\/product_cat?post=78715"},{"taxonomy":"product_tag","embeddable":true,"href":"https:\/\/xstyle.md\/ro\/wp-json\/wp\/v2\/product_tag?post=78715"}],"curies":[{"name":"wp","href":"https:\/\/api.w.org\/{rel}","templated":true}]}}