{"id":78354,"date":"2024-01-11T15:15:30","date_gmt":"2024-01-11T12:15:30","guid":{"rendered":"https:\/\/xstyle.md\/?post_type=product&#038;p=78354"},"modified":"2024-12-16T22:27:58","modified_gmt":"2024-12-16T19:27:58","slug":"termokruzhka-zojirushi-sm-wa48-048l","status":"publish","type":"product","link":"https:\/\/xstyle.md\/ro\/produs\/termokruzhka-zojirushi-sm-wa48-048l\/","title":{"rendered":"Can\u0103 termic\u0103 Zojirushi SM-WA48 0,48L"},"content":{"rendered":"<\/p>\n<p><strong>Zojirushi SM-WA48 0,48L<\/strong> &#8212; can\u0103 termica practic\u0103 din o\u021bel inoxidabil. Capacul cu balamale cu \u00eencuietoare de siguran\u021b\u0103 se potrive\u0219te perfect \u0219i faciliteaz\u0103 consumul din can\u0103. De asemenea, \u00een mod convenabil, previne v\u0103rsarea b\u0103uturilor. Izola\u021bia \u00een vid din o\u021bel inoxidabil p\u0103streaz\u0103 b\u0103uturile calde sau reci timp de ore \u00eentregi. Datorit\u0103 acoperirii cu teflon, nu va exista nicio \u201earom\u0103 metalic\u0103\u201d \u00een interior. L\u0103\u021bimea g\u00e2tului este de 4 cm, ceea ce este optim pentru a fi confortabil de b\u0103ut. Capacul se deschide \u00een dou\u0103 etape, astfel \u00eenc\u00e2t excesul de condens nu se va v\u0103rsa afar\u0103. Aceasta este o op\u021biune excelent\u0103 pentru camping, picnicuri, sport \u0219i c\u0103l\u0103torii.<\/p>\n<h3>Particularit\u0103\u021bi<\/h3>\n<ul>\n<li>Capacul cu balamale bine fixat p\u0103streaz\u0103 b\u0103uturile calde sau reci pentru o perioad\u0103 lung\u0103 de timp<\/li>\n<li>Mecanism de blocare sigur\u0103 pentru a \u00eempiedica deschiderea accidental\u0103 a capacului (de exemplu, \u00eentr-o serviet\u0103)<\/li>\n<li>Capacul poate fi dezasamblat convenabil pentru o cur\u0103\u021bare temeinic\u0103<\/li>\n<li>Proces de deschidere a capacului \u00een doi pa\u0219i &#8212; condensul \u00een exces nu ajunge pe m\u00e2ini atunci c\u00e2nd deschide\u021bi capacul, astfel \u00eenc\u00e2t nu v\u0103 pute\u021bi arde.<\/li>\n<li>Tehnologia special\u0103 de fabrica\u021bie a f\u0103cut corpul ultrau\u0219or \u0219i compact<\/li>\n<li>Fabricat din plastic f\u0103r\u0103 BPA \u0219i o\u021bel inoxidabil<\/li>\n<li>Furnizat individual \u00eentr-o cutie<\/li>\n<\/ul>\n<h3>Caracteristici<\/h3>\n<ul>\n<li>Volum &#8212; 0,48 litri<\/li>\n<li>L\u0103\u021bimea g\u00e2tului &#8212; 4 cm<\/li>\n<li>Material &#8212; o\u021bel inoxidabil 18\/8<\/li>\n<li>Greutate &#8212; 210 g<\/li>\n<\/ul>\n<h3>Modul de temperatur\u0103<\/h3>\n<ul>\n<li>La o temperatur\u0103 ambiant\u0103 de 20\u00b0C:<br \/>\n&#8212; b\u0103utur\u0103 cald\u0103 imediat &#8212; 71\u00b0C;<br \/>\n&#8212; dup\u0103 6 ore &#8212; 20\u00b0C.<\/li>\n<li>La temperatura ambiant\u0103 de 20\u00b0.<br \/>\n&#8212; b\u0103utur\u0103 rece imediat &#8212; 8\u00b0C;<br \/>\n&#8212; dup\u0103 6 ore &#8212; 6\u00b0C.<\/li>\n<\/ul>\n<h3>Tehnologie<\/h3>\n<ul>\n<li><strong>BPA<\/strong> este un compus chimic organic \u0219i este folosit pentru fabricarea materialelor plastice, a policarbonatului \u0219i a r\u0103\u0219inii epoxidice. De asemenea, aceast\u0103 substan\u021b\u0103 este ad\u0103ugat\u0103 la produsele din plastic \u0219i la conservele alimentare. Principalele propriet\u0103\u021bi ale bisfenolului-A sunt propriet\u0103\u021bile de \u00eent\u0103rire \u0219i antioxidante. BPA este capabil s\u0103 p\u0103trund\u0103 \u00een corpul uman nu numai cu ajutorul alimentelor \u0219i al apei, ci \u0219i prin piele \u0219i pl\u0103m\u00e2ni. Contactul prelungit al lichidelor \u0219i al alimentelor umede cu plasticul, care con\u021bine bisfenol-A, contribuie la eliberarea acestei substan\u021be \u00een alimente. \u00cenc\u0103lzirea unor astfel de recipiente accelereaz\u0103 \u00een mod semnificativ eliberarea de bisfenol-A. Aceast\u0103 can\u0103 termo este etichetat\u0103 bpa fre\u0435, ceea ce indic\u0103 faptul c\u0103 bisfenol-A nu a fost utilizat la fabricarea acestui recipient.<\/li>\n<\/ul>\n<p><\/p>","protected":false},"excerpt":{"rendered":"","protected":false},"featured_media":78582,"comment_status":"open","ping_status":"closed","template":"","meta":{"_acf_changed":false,"inline_featured_image":false},"product_brand":[1377],"product_cat":[1171,874],"product_tag":[],"class_list":{"0":"post-78354","1":"product","2":"type-product","3":"status-publish","4":"has-post-thumbnail","6":"product_brand-zojirushi","7":"product_cat-sticle-si-cani-termice","8":"product_cat-thermo-mug","10":"first","11":"instock","12":"shipping-taxable","13":"purchasable","14":"product-type-simple"},"acf":[],"yoast_head":"<!-- This site is optimized with the Yoast SEO plugin v27.2 - https:\/\/yoast.com\/product\/yoast-seo-wordpress\/ -->\n<title>\u0422\u0435\u0440\u043c\u043e\u043a\u0440\u0443\u0436\u043a\u0430 Zojirushi SM-WA48 0,48L - \u041c\u0430\u0433\u0430\u0437\u0438\u043d Xstyle<\/title>\n<meta name=\"description\" content=\"\u0422\u0435\u0440\u043c\u043e\u043a\u0440\u0443\u0436\u043a\u0430 Zojirushi SM-WA48 0,48L: \u0441\u0442\u0438\u043b\u044c\u043d\u0430\u044f \u0438 \u043f\u0440\u0430\u043a\u0442\u0438\u0447\u043d\u0430\u044f, \u0441\u043e\u0445\u0440\u0430\u043d\u044f\u0435\u0442 \u043d\u0430\u043f\u0438\u0442\u043a\u0438 \u0433\u043e\u0440\u044f\u0447\u0438\u043c\u0438 \u0438\u043b\u0438 \u0445\u043e\u043b\u043e\u0434\u043d\u044b\u043c\u0438 \u043d\u0430\u0434\u043e\u043b\u0433\u043e. BPA-free \u0438 \u0443\u0434\u043e\u0431\u043d\u0430\u044f \u0432 \u0438\u0441\u043f\u043e\u043b\u044c\u0437\u043e\u0432\u0430\u043d\u0438\u0438!\" \/>\n<meta name=\"robots\" content=\"index, follow, max-snippet:-1, max-image-preview:large, max-video-preview:-1\" \/>\n<link rel=\"canonical\" href=\"https:\/\/xstyle.md\/ro\/produs\/termokruzhka-zojirushi-sm-wa48-048l\/\" \/>\n<meta property=\"og:locale\" content=\"ro_RO\" \/>\n<meta property=\"og:type\" content=\"article\" \/>\n<meta property=\"og:title\" content=\"\u0422\u0435\u0440\u043c\u043e\u043a\u0440\u0443\u0436\u043a\u0430 Zojirushi SM-WA48 0,48L - \u041c\u0430\u0433\u0430\u0437\u0438\u043d Xstyle\" \/>\n<meta property=\"og:description\" content=\"\u0422\u0435\u0440\u043c\u043e\u043a\u0440\u0443\u0436\u043a\u0430 Zojirushi SM-WA48 0,48L: \u0441\u0442\u0438\u043b\u044c\u043d\u0430\u044f \u0438 \u043f\u0440\u0430\u043a\u0442\u0438\u0447\u043d\u0430\u044f, \u0441\u043e\u0445\u0440\u0430\u043d\u044f\u0435\u0442 \u043d\u0430\u043f\u0438\u0442\u043a\u0438 \u0433\u043e\u0440\u044f\u0447\u0438\u043c\u0438 \u0438\u043b\u0438 \u0445\u043e\u043b\u043e\u0434\u043d\u044b\u043c\u0438 \u043d\u0430\u0434\u043e\u043b\u0433\u043e. BPA-free \u0438 \u0443\u0434\u043e\u0431\u043d\u0430\u044f \u0432 \u0438\u0441\u043f\u043e\u043b\u044c\u0437\u043e\u0432\u0430\u043d\u0438\u0438!\" \/>\n<meta property=\"og:url\" content=\"https:\/\/xstyle.md\/ro\/produs\/termokruzhka-zojirushi-sm-wa48-048l\/\" \/>\n<meta property=\"og:site_name\" content=\"\u041c\u0430\u0433\u0430\u0437\u0438\u043d Xstyle\" \/>\n<meta property=\"article:publisher\" content=\"https:\/\/www.facebook.com\/xstylemd\" \/>\n<meta property=\"article:modified_time\" content=\"2024-12-16T19:27:58+00:00\" \/>\n<meta property=\"og:image\" content=\"https:\/\/xstyle.md\/wp-content\/uploads\/2024\/01\/zojirushi-048-l-sm-wa48ya.jpg\" \/>\n\t<meta property=\"og:image:width\" content=\"1087\" \/>\n\t<meta property=\"og:image:height\" content=\"1087\" \/>\n\t<meta property=\"og:image:type\" content=\"image\/jpeg\" \/>\n<meta name=\"twitter:card\" content=\"summary_large_image\" \/>\n<meta name=\"twitter:label1\" content=\"Pre\u021b\" \/>\n\t<meta name=\"twitter:data1\" content=\"990&nbsp;MDL\" \/>\n\t<meta name=\"twitter:label2\" content=\"Disponibilitate\" \/>\n\t<meta name=\"twitter:data2\" content=\"\u00cen stoc\" \/>\n<script type=\"application\/ld+json\" class=\"yoast-schema-graph\">{\"@context\":\"https:\/\/schema.org\",\"@graph\":[{\"@type\":\"WebPage\",\"@id\":\"https:\/\/xstyle.md\/product\/termokruzhka-zojirushi-sm-wa48-048l\/\",\"url\":\"https:\/\/xstyle.md\/product\/termokruzhka-zojirushi-sm-wa48-048l\/\",\"name\":\"\u0422\u0435\u0440\u043c\u043e\u043a\u0440\u0443\u0436\u043a\u0430 Zojirushi SM-WA48 0,48L - \u041c\u0430\u0433\u0430\u0437\u0438\u043d Xstyle\",\"isPartOf\":{\"@id\":\"https:\/\/xstyle.md\/#website\"},\"primaryImageOfPage\":{\"@id\":\"https:\/\/xstyle.md\/product\/termokruzhka-zojirushi-sm-wa48-048l\/#primaryimage\"},\"image\":{\"@id\":\"https:\/\/xstyle.md\/product\/termokruzhka-zojirushi-sm-wa48-048l\/#primaryimage\"},\"thumbnailUrl\":\"https:\/\/xstyle.md\/wp-content\/uploads\/2024\/01\/zojirushi-048-l-sm-wa48ya.jpg\",\"datePublished\":\"2024-01-11T12:15:30+00:00\",\"dateModified\":\"2024-12-16T19:27:58+00:00\",\"description\":\"\u0422\u0435\u0440\u043c\u043e\u043a\u0440\u0443\u0436\u043a\u0430 Zojirushi SM-WA48 0,48L: \u0441\u0442\u0438\u043b\u044c\u043d\u0430\u044f \u0438 \u043f\u0440\u0430\u043a\u0442\u0438\u0447\u043d\u0430\u044f, \u0441\u043e\u0445\u0440\u0430\u043d\u044f\u0435\u0442 \u043d\u0430\u043f\u0438\u0442\u043a\u0438 \u0433\u043e\u0440\u044f\u0447\u0438\u043c\u0438 \u0438\u043b\u0438 \u0445\u043e\u043b\u043e\u0434\u043d\u044b\u043c\u0438 \u043d\u0430\u0434\u043e\u043b\u0433\u043e. BPA-free \u0438 \u0443\u0434\u043e\u0431\u043d\u0430\u044f \u0432 \u0438\u0441\u043f\u043e\u043b\u044c\u0437\u043e\u0432\u0430\u043d\u0438\u0438!\",\"breadcrumb\":{\"@id\":\"https:\/\/xstyle.md\/product\/termokruzhka-zojirushi-sm-wa48-048l\/#breadcrumb\"},\"inLanguage\":\"ro-RO\",\"potentialAction\":[{\"@type\":\"ReadAction\",\"target\":[\"https:\/\/xstyle.md\/product\/termokruzhka-zojirushi-sm-wa48-048l\/\"]}]},{\"@type\":\"ImageObject\",\"inLanguage\":\"ro-RO\",\"@id\":\"https:\/\/xstyle.md\/product\/termokruzhka-zojirushi-sm-wa48-048l\/#primaryimage\",\"url\":\"https:\/\/xstyle.md\/wp-content\/uploads\/2024\/01\/zojirushi-048-l-sm-wa48ya.jpg\",\"contentUrl\":\"https:\/\/xstyle.md\/wp-content\/uploads\/2024\/01\/zojirushi-048-l-sm-wa48ya.jpg\",\"width\":1087,\"height\":1087,\"caption\":\"\u0422\u0435\u0440\u043c\u043e\u043a\u0440\u0443\u0436\u043a\u0430 Zojirushi SM-WA48 0,48L \u0434\u043b\u044f \u0430\u043a\u0442\u0438\u0432\u043d\u043e\u0433\u043e \u043e\u0442\u0434\u044b\u0445\u0430, \u043f\u043e\u0445\u043e\u0434\u043e\u0432, \u043f\u0443\u0442\u0435\u0448\u0435\u0441\u0442\u0432\u0438\u0439 \u0438 \u043f\u043e\u0432\u0441\u0435\u0434\u043d\u0435\u0432\u043d\u043e\u0439 \u043e\u0434\u0435\u0436\u0434\u044b \u0438 \u043e\u0431\u0443\u0432\u0438 \u0434\u043b\u044f \u0430\u043a\u0442\u0438\u0432\u043d\u043e\u0439 \u0436\u0438\u0437\u043d\u0438\"},{\"@type\":\"BreadcrumbList\",\"@id\":\"https:\/\/xstyle.md\/product\/termokruzhka-zojirushi-sm-wa48-048l\/#breadcrumb\",\"itemListElement\":[{\"@type\":\"ListItem\",\"position\":1,\"name\":\"\u0413\u043b\u0430\u0432\u043d\u0430\u044f \u0441\u0442\u0440\u0430\u043d\u0438\u0446\u0430\",\"item\":\"https:\/\/xstyle.md\/\"},{\"@type\":\"ListItem\",\"position\":2,\"name\":\"\u041c\u0430\u0433\u0430\u0437\u0438\u043d\",\"item\":\"https:\/\/xstyle.md\/shop\/\"},{\"@type\":\"ListItem\",\"position\":3,\"name\":\"\u0422\u0435\u0440\u043c\u043e\u043a\u0440\u0443\u0436\u043a\u0430 Zojirushi SM-WA48 0,48L\"}]},{\"@type\":\"WebSite\",\"@id\":\"https:\/\/xstyle.md\/#website\",\"url\":\"https:\/\/xstyle.md\/\",\"name\":\"\u041c\u0430\u0433\u0430\u0437\u0438\u043d Xstyle\",\"description\":\"C\u043d\u0430\u0440\u044f\u0436\u0435\u043d\u0438\u0435 \u0434\u043b\u044f \u0442\u0443\u0440\u0438\u0437\u043c\u0430 \u0438 \u044d\u043a\u0441\u0442\u0440\u0435\u043c\u0430\u043b\u044c\u043d\u044b\u0445 \u0432\u0438\u0434\u043e\u0432 \u0441\u043f\u043e\u0440\u0442\u0430 \u0432 \u041c\u043e\u043b\u0434\u043e\u0432\u0435.. \u0426\u0435\u043d\u044b, \u0444\u043e\u0442\u043e, \u0445\u0430\u0440\u0430\u043a\u0442\u0435\u0440\u0438\u0441\u0442\u0438\u043a\u0438 \u0432 \u041c\u043e\u043b\u0434\u043e\u0432\u0435.\",\"publisher\":{\"@id\":\"https:\/\/xstyle.md\/#organization\"},\"alternateName\":\"X-Style\",\"potentialAction\":[{\"@type\":\"SearchAction\",\"target\":{\"@type\":\"EntryPoint\",\"urlTemplate\":\"https:\/\/xstyle.md\/?s={search_term_string}\"},\"query-input\":{\"@type\":\"PropertyValueSpecification\",\"valueRequired\":true,\"valueName\":\"search_term_string\"}}],\"inLanguage\":\"ro-RO\"},{\"@type\":\"Organization\",\"@id\":\"https:\/\/xstyle.md\/#organization\",\"name\":\"\u041c\u0430\u0433\u0430\u0437\u0438\u043d Xstyle\",\"alternateName\":\"x-style\",\"url\":\"https:\/\/xstyle.md\/\",\"logo\":{\"@type\":\"ImageObject\",\"inLanguage\":\"ro-RO\",\"@id\":\"https:\/\/xstyle.md\/#\/schema\/logo\/image\/\",\"url\":\"https:\/\/xstyle.md\/wp-content\/uploads\/2020\/06\/logoicon.svg\",\"contentUrl\":\"https:\/\/xstyle.md\/wp-content\/uploads\/2020\/06\/logoicon.svg\",\"caption\":\"\u041c\u0430\u0433\u0430\u0437\u0438\u043d Xstyle\"},\"image\":{\"@id\":\"https:\/\/xstyle.md\/#\/schema\/logo\/image\/\"},\"sameAs\":[\"https:\/\/www.facebook.com\/xstylemd\",\"https:\/\/www.instagram.com\/xstyle_md\/\",\"https:\/\/t.me\/xstyle_outdoor\"],\"hasMerchantReturnPolicy\":{\"@type\":\"MerchantReturnPolicy\",\"merchantReturnLink\":\"https:\/\/xstyle.md\/ro\/conditions\/\"}}]}<\/script>\n<meta property=\"product:price:amount\" content=\"990.00\" \/>\n<meta property=\"product:price:currency\" content=\"MDL\" \/>\n<meta property=\"og:availability\" content=\"instock\" \/>\n<meta property=\"product:availability\" content=\"instock\" \/>\n<meta property=\"product:retailer_item_id\" content=\"4974305219879\" \/>\n<meta property=\"product:condition\" content=\"new\" \/>\n<!-- \/ Yoast SEO plugin. -->","yoast_head_json":{"title":"\u0422\u0435\u0440\u043c\u043e\u043a\u0440\u0443\u0436\u043a\u0430 Zojirushi SM-WA48 0,48L - Magazin Xstyle","description":"Termos Zojirushi SM-WA48 0,48L: stilat \u0219i practic, p\u0103streaz\u0103 b\u0103uturile calde sau reci pentru mult timp. F\u0103r\u0103 BPA \u0219i u\u0219or de utilizat!","robots":{"index":"index","follow":"follow","max-snippet":"max-snippet:-1","max-image-preview":"max-image-preview:large","max-video-preview":"max-video-preview:-1"},"canonical":"https:\/\/xstyle.md\/ro\/produs\/termokruzhka-zojirushi-sm-wa48-048l\/","og_locale":"ro_RO","og_type":"article","og_title":"\u0422\u0435\u0440\u043c\u043e\u043a\u0440\u0443\u0436\u043a\u0430 Zojirushi SM-WA48 0,48L - \u041c\u0430\u0433\u0430\u0437\u0438\u043d Xstyle","og_description":"\u0422\u0435\u0440\u043c\u043e\u043a\u0440\u0443\u0436\u043a\u0430 Zojirushi SM-WA48 0,48L: \u0441\u0442\u0438\u043b\u044c\u043d\u0430\u044f \u0438 \u043f\u0440\u0430\u043a\u0442\u0438\u0447\u043d\u0430\u044f, \u0441\u043e\u0445\u0440\u0430\u043d\u044f\u0435\u0442 \u043d\u0430\u043f\u0438\u0442\u043a\u0438 \u0433\u043e\u0440\u044f\u0447\u0438\u043c\u0438 \u0438\u043b\u0438 \u0445\u043e\u043b\u043e\u0434\u043d\u044b\u043c\u0438 \u043d\u0430\u0434\u043e\u043b\u0433\u043e. BPA-free \u0438 \u0443\u0434\u043e\u0431\u043d\u0430\u044f \u0432 \u0438\u0441\u043f\u043e\u043b\u044c\u0437\u043e\u0432\u0430\u043d\u0438\u0438!","og_url":"https:\/\/xstyle.md\/ro\/produs\/termokruzhka-zojirushi-sm-wa48-048l\/","og_site_name":"\u041c\u0430\u0433\u0430\u0437\u0438\u043d Xstyle","article_publisher":"https:\/\/www.facebook.com\/xstylemd","article_modified_time":"2024-12-16T19:27:58+00:00","og_image":[{"width":1087,"height":1087,"url":"https:\/\/xstyle.md\/wp-content\/uploads\/2024\/01\/zojirushi-048-l-sm-wa48ya.jpg","type":"image\/jpeg"}],"twitter_card":"summary_large_image","twitter_misc":{"Pre\u021b":"990&nbsp;MDL","Disponibilitate":"\u00cen stoc"},"schema":{"@context":"https:\/\/schema.org","@graph":[{"@type":"WebPage","@id":"https:\/\/xstyle.md\/product\/termokruzhka-zojirushi-sm-wa48-048l\/","url":"https:\/\/xstyle.md\/product\/termokruzhka-zojirushi-sm-wa48-048l\/","name":"\u0422\u0435\u0440\u043c\u043e\u043a\u0440\u0443\u0436\u043a\u0430 Zojirushi SM-WA48 0,48L - Magazin Xstyle","isPartOf":{"@id":"https:\/\/xstyle.md\/#website"},"primaryImageOfPage":{"@id":"https:\/\/xstyle.md\/product\/termokruzhka-zojirushi-sm-wa48-048l\/#primaryimage"},"image":{"@id":"https:\/\/xstyle.md\/product\/termokruzhka-zojirushi-sm-wa48-048l\/#primaryimage"},"thumbnailUrl":"https:\/\/xstyle.md\/wp-content\/uploads\/2024\/01\/zojirushi-048-l-sm-wa48ya.jpg","datePublished":"2024-01-11T12:15:30+00:00","dateModified":"2024-12-16T19:27:58+00:00","description":"Termos Zojirushi SM-WA48 0,48L: stilat \u0219i practic, p\u0103streaz\u0103 b\u0103uturile calde sau reci pentru mult timp. F\u0103r\u0103 BPA \u0219i u\u0219or de utilizat!","breadcrumb":{"@id":"https:\/\/xstyle.md\/product\/termokruzhka-zojirushi-sm-wa48-048l\/#breadcrumb"},"inLanguage":"ro-RO","potentialAction":[{"@type":"ReadAction","target":["https:\/\/xstyle.md\/product\/termokruzhka-zojirushi-sm-wa48-048l\/"]}]},{"@type":"ImageObject","inLanguage":"ro-RO","@id":"https:\/\/xstyle.md\/product\/termokruzhka-zojirushi-sm-wa48-048l\/#primaryimage","url":"https:\/\/xstyle.md\/wp-content\/uploads\/2024\/01\/zojirushi-048-l-sm-wa48ya.jpg","contentUrl":"https:\/\/xstyle.md\/wp-content\/uploads\/2024\/01\/zojirushi-048-l-sm-wa48ya.jpg","width":1087,"height":1087,"caption":"\u0422\u0435\u0440\u043c\u043e\u043a\u0440\u0443\u0436\u043a\u0430 Zojirushi SM-WA48 0,48L \u0434\u043b\u044f \u0430\u043a\u0442\u0438\u0432\u043d\u043e\u0433\u043e \u043e\u0442\u0434\u044b\u0445\u0430, \u043f\u043e\u0445\u043e\u0434\u043e\u0432, \u043f\u0443\u0442\u0435\u0448\u0435\u0441\u0442\u0432\u0438\u0439 \u0438 \u043f\u043e\u0432\u0441\u0435\u0434\u043d\u0435\u0432\u043d\u043e\u0439 \u043e\u0434\u0435\u0436\u0434\u044b \u0438 \u043e\u0431\u0443\u0432\u0438 \u0434\u043b\u044f \u0430\u043a\u0442\u0438\u0432\u043d\u043e\u0439 \u0436\u0438\u0437\u043d\u0438"},{"@type":"BreadcrumbList","@id":"https:\/\/xstyle.md\/product\/termokruzhka-zojirushi-sm-wa48-048l\/#breadcrumb","itemListElement":[{"@type":"ListItem","position":1,"name":"\u0413\u043b\u0430\u0432\u043d\u0430\u044f \u0441\u0442\u0440\u0430\u043d\u0438\u0446\u0430","item":"https:\/\/xstyle.md\/"},{"@type":"ListItem","position":2,"name":"\u041c\u0430\u0433\u0430\u0437\u0438\u043d","item":"https:\/\/xstyle.md\/shop\/"},{"@type":"ListItem","position":3,"name":"\u0422\u0435\u0440\u043c\u043e\u043a\u0440\u0443\u0436\u043a\u0430 Zojirushi SM-WA48 0,48L"}]},{"@type":"WebSite","@id":"https:\/\/xstyle.md\/#website","url":"https:\/\/xstyle.md\/","name":"Magazinul X-Style","description":"Echipamente pentru turism \u0219i sporturi extreme \u00een Moldova. Pre\u021buri, fotografii, caracteristici \u00een Moldova.","publisher":{"@id":"https:\/\/xstyle.md\/#organization"},"alternateName":"X-Style","potentialAction":[{"@type":"SearchAction","target":{"@type":"EntryPoint","urlTemplate":"https:\/\/xstyle.md\/?s={search_term_string}"},"query-input":{"@type":"PropertyValueSpecification","valueRequired":true,"valueName":"search_term_string"}}],"inLanguage":"ro-RO"},{"@type":"Organization","@id":"https:\/\/xstyle.md\/#organization","name":"Magazinul X-Style","alternateName":"x-style","url":"https:\/\/xstyle.md\/","logo":{"@type":"ImageObject","inLanguage":"ro-RO","@id":"https:\/\/xstyle.md\/#\/schema\/logo\/image\/","url":"https:\/\/xstyle.md\/wp-content\/uploads\/2020\/06\/logoicon.svg","contentUrl":"https:\/\/xstyle.md\/wp-content\/uploads\/2020\/06\/logoicon.svg","caption":"\u041c\u0430\u0433\u0430\u0437\u0438\u043d Xstyle"},"image":{"@id":"https:\/\/xstyle.md\/#\/schema\/logo\/image\/"},"sameAs":["https:\/\/www.facebook.com\/xstylemd","https:\/\/www.instagram.com\/xstyle_md\/","https:\/\/t.me\/xstyle_outdoor"],"hasMerchantReturnPolicy":{"@type":"MerchantReturnPolicy","merchantReturnLink":"https:\/\/xstyle.md\/ro\/conditions\/"}}]},"product_price_amount":"990.00","product_price_currency":"MDL","og_availability":"instock","product_availability":"instock","product_retailer_item_id":"4974305219879","product_condition":"new"},"post_mailing_queue_ids":[],"_links":{"self":[{"href":"https:\/\/xstyle.md\/ro\/wp-json\/wp\/v2\/product\/78354","targetHints":{"allow":["GET"]}}],"collection":[{"href":"https:\/\/xstyle.md\/ro\/wp-json\/wp\/v2\/product"}],"about":[{"href":"https:\/\/xstyle.md\/ro\/wp-json\/wp\/v2\/types\/product"}],"replies":[{"embeddable":true,"href":"https:\/\/xstyle.md\/ro\/wp-json\/wp\/v2\/comments?post=78354"}],"wp:featuredmedia":[{"embeddable":true,"href":"https:\/\/xstyle.md\/ro\/wp-json\/wp\/v2\/media\/78582"}],"wp:attachment":[{"href":"https:\/\/xstyle.md\/ro\/wp-json\/wp\/v2\/media?parent=78354"}],"wp:term":[{"taxonomy":"product_brand","embeddable":true,"href":"https:\/\/xstyle.md\/ro\/wp-json\/wp\/v2\/product_brand?post=78354"},{"taxonomy":"product_cat","embeddable":true,"href":"https:\/\/xstyle.md\/ro\/wp-json\/wp\/v2\/product_cat?post=78354"},{"taxonomy":"product_tag","embeddable":true,"href":"https:\/\/xstyle.md\/ro\/wp-json\/wp\/v2\/product_tag?post=78354"}],"curies":[{"name":"wp","href":"https:\/\/api.w.org\/{rel}","templated":true}]}}