{"id":78342,"date":"2024-01-11T15:15:28","date_gmt":"2024-01-11T12:15:28","guid":{"rendered":"https:\/\/xstyle.md\/?post_type=product&#038;p=78342"},"modified":"2025-10-24T13:15:30","modified_gmt":"2025-10-24T10:15:30","slug":"ochki-uvex-mtn-style-p-black-matt-mir-silver","status":"publish","type":"product","link":"https:\/\/xstyle.md\/ro\/produs\/ochki-uvex-mtn-style-p-black-matt-mir-silver\/","title":{"rendered":"Ochelari Uvex Mtn style P black matt\/mir.silver"},"content":{"rendered":"<\/p>\n<p><strong>Uvex Mtn style P black matt\/mir.silver<\/strong> &#8212; ochelari de sport pentru activit\u0103\u021bi \u00een aer liber cu un sim\u021b al modei din anii &#8217;80. Ochelarii de protec\u021bie cu protec\u021bie superioar\u0103 \u00eempotriva str\u0103lucirii nu sunt doar ultramoderni. De asemenea, dispun de c\u0103\u0219ti c\u0103ptu\u0219ite u\u0219or de reglat \u0219i de pl\u0103cu\u021be de nas moi, formate la rece, pentru o potrivire perfect\u0103. Cu protec\u021bie 100% UVA, UVB \u0219i UVC de p\u00e2n\u0103 la 400 nm, ace\u0219ti ochelari fac parte din colec\u021bia noastr\u0103 de ochelari de \u00eenalt\u0103 performan\u021b\u0103, iar o hus\u0103 pentru ochelari este inclus\u0103 standard.<\/p>\n<h3>Caracteristici<\/h3>\n<ul>\n<li>Scop &#8212; alergare, drume\u021bii, alpinism, ora\u0219, ciclism<\/li>\n<li>Categoria de filtru &#8212; 3<\/li>\n<li>Material lentile &#8212; policarbonat<\/li>\n<li>Rama &#8212; plastic<\/li>\n<\/ul>\n<h3>Marca<\/h3>\n<p>Uvex este un partener oficial al Federa\u021biei ruse de schi \u0219i snowboard, sponsor al echipei de ciclism T-Mobile \u0219i al multor sportivi, schiori \u0219i snowboarderi, motocicli\u0219ti \u0219i para\u0219uti\u0219ti. Iar compania a \u00eenceput \u00een anii 20-30 cu produc\u021bia de produse pentru protec\u021bia ochilor \u00een timp ce se lucra \u00een industrii periculoase, ceea ce era relevant \u00een acele vremuri. Deja \u00een 1959 s-a n\u0103scut marca \u201eUVEX\u201d, cunoscut\u0103 nou\u0103 ast\u0103zi. Uvex, ce \u00eenseamn\u0103 acest cuv\u00e2nt. Nu exist\u0103 o traducere ca atare, este o abreviere a sloganului companiei: \u201eUltraVioletEXcluded\u201d &#8212; adic\u0103 \u201eUltravioletul este exclus\u201d. Deja din aceste cuvinte reiese clar c\u0103 ponderea produselor pentru sportivi \u00een produc\u021bie a devenit semnificativ\u0103 pentru corpora\u021bie chiar \u0219i atunci.<\/p>\n<p>Scopul UVEX este de a oferi protec\u021bie complet\u0103 pentru atlet, din cap p\u00e2n\u0103 \u00een picioare. De aceea, ast\u0103zi produce absolut totul, de la optice la c\u0103\u0219ti \u0219i m\u0103nu\u0219i. \u0218i, bine\u00een\u021beles, produsele UVEX au numai recenzii pozitive. \u0218i nu e de mirare. Pentru c\u0103, \u00een cur\u00e2nd, compania va s\u0103rb\u0103tori o sut\u0103 de ani de existen\u021b\u0103, iar motto-ul s\u0103u din to\u021bi ace\u0219ti ani a fost: \u201eS\u0103 protej\u0103m oamenii!\u201d. Ast\u0103zi, Uvex este cel mai mare juc\u0103tor de pe pia\u021ba echipamentelor de schi. \u00cen fiecare an, compania ofer\u0103 din ce \u00een ce mai multe solu\u021bii \u0219i tehnologii noi \u00een domeniul m\u0103\u0219tilor \u0219i c\u0103\u0219tilor de schi.<\/p>\n<p><\/p>","protected":false},"excerpt":{"rendered":"","protected":false},"featured_media":79581,"comment_status":"open","ping_status":"closed","template":"","meta":{"_acf_changed":false,"inline_featured_image":false},"product_brand":[1366],"product_cat":[553],"product_tag":[],"class_list":{"0":"post-78342","1":"product","2":"type-product","3":"status-publish","4":"has-post-thumbnail","6":"product_brand-uvex","7":"product_cat-bycicle-glasses","9":"first","10":"instock","11":"shipping-taxable","12":"purchasable","13":"product-type-simple"},"acf":[],"yoast_head":"<!-- This site is optimized with the Yoast SEO plugin v27.2 - https:\/\/yoast.com\/product\/yoast-seo-wordpress\/ -->\n<title>\u041e\u0447\u043a\u0438 Uvex Mtn style P black matt\/mir.silver - \u041c\u0430\u0433\u0430\u0437\u0438\u043d Xstyle<\/title>\n<meta name=\"description\" content=\"\u041a\u0443\u043f\u0438\u0442\u0435 \u043e\u0447\u043a\u0438 Uvex Mtn Style P Black Matt\/Mir.Silver! \u0417\u0430\u0449\u0438\u0442\u0430 \u043e\u0442 UV 400, \u0441\u0442\u0438\u043b\u044c 80-\u0445, \u0438\u0434\u0435\u0430\u043b\u044c\u043d\u044b \u0434\u043b\u044f \u0441\u043f\u043e\u0440\u0442\u0430 \u043d\u0430 \u043e\u0442\u043a\u0440\u044b\u0442\u043e\u043c \u0432\u043e\u0437\u0434\u0443\u0445\u0435. \u0423\u0434\u043e\u0431\u043d\u0430\u044f \u0438 \u043c\u043e\u0434\u043d\u0430\u044f \u0437\u0430\u0449\u0438\u0442\u0430!\" \/>\n<meta name=\"robots\" content=\"index, follow, max-snippet:-1, max-image-preview:large, max-video-preview:-1\" \/>\n<link rel=\"canonical\" href=\"https:\/\/xstyle.md\/ro\/produs\/ochki-uvex-mtn-style-p-black-matt-mir-silver\/\" \/>\n<meta property=\"og:locale\" content=\"ro_RO\" \/>\n<meta property=\"og:type\" content=\"article\" \/>\n<meta property=\"og:title\" content=\"\u041e\u0447\u043a\u0438 Uvex Mtn style P black matt\/mir.silver - \u041c\u0430\u0433\u0430\u0437\u0438\u043d Xstyle\" \/>\n<meta property=\"og:description\" content=\"\u041a\u0443\u043f\u0438\u0442\u0435 \u043e\u0447\u043a\u0438 Uvex Mtn Style P Black Matt\/Mir.Silver! \u0417\u0430\u0449\u0438\u0442\u0430 \u043e\u0442 UV 400, \u0441\u0442\u0438\u043b\u044c 80-\u0445, \u0438\u0434\u0435\u0430\u043b\u044c\u043d\u044b \u0434\u043b\u044f \u0441\u043f\u043e\u0440\u0442\u0430 \u043d\u0430 \u043e\u0442\u043a\u0440\u044b\u0442\u043e\u043c \u0432\u043e\u0437\u0434\u0443\u0445\u0435. \u0423\u0434\u043e\u0431\u043d\u0430\u044f \u0438 \u043c\u043e\u0434\u043d\u0430\u044f \u0437\u0430\u0449\u0438\u0442\u0430!\" \/>\n<meta property=\"og:url\" content=\"https:\/\/xstyle.md\/ro\/produs\/ochki-uvex-mtn-style-p-black-matt-mir-silver\/\" \/>\n<meta property=\"og:site_name\" content=\"\u041c\u0430\u0433\u0430\u0437\u0438\u043d Xstyle\" \/>\n<meta property=\"article:publisher\" content=\"https:\/\/www.facebook.com\/xstylemd\" \/>\n<meta property=\"article:modified_time\" content=\"2025-10-24T10:15:30+00:00\" \/>\n<meta property=\"og:image\" content=\"https:\/\/xstyle.md\/wp-content\/uploads\/2024\/01\/uvex-mtn-style-p-black-matt-mir.silver.jpg\" \/>\n\t<meta property=\"og:image:width\" content=\"2560\" \/>\n\t<meta property=\"og:image:height\" content=\"2560\" \/>\n\t<meta property=\"og:image:type\" content=\"image\/jpeg\" \/>\n<meta name=\"twitter:card\" content=\"summary_large_image\" \/>\n<meta name=\"twitter:label1\" content=\"Pre\u021b\" \/>\n\t<meta name=\"twitter:data1\" content=\"2.490&nbsp;MDL\" \/>\n\t<meta name=\"twitter:label2\" content=\"Disponibilitate\" \/>\n\t<meta name=\"twitter:data2\" content=\"\u00cen stoc\" \/>\n<script type=\"application\/ld+json\" class=\"yoast-schema-graph\">{\"@context\":\"https:\/\/schema.org\",\"@graph\":[{\"@type\":\"WebPage\",\"@id\":\"https:\/\/xstyle.md\/product\/ochki-uvex-mtn-style-p-black-matt-mir-silver\/\",\"url\":\"https:\/\/xstyle.md\/product\/ochki-uvex-mtn-style-p-black-matt-mir-silver\/\",\"name\":\"\u041e\u0447\u043a\u0438 Uvex Mtn style P black matt\/mir.silver - \u041c\u0430\u0433\u0430\u0437\u0438\u043d Xstyle\",\"isPartOf\":{\"@id\":\"https:\/\/xstyle.md\/#website\"},\"primaryImageOfPage\":{\"@id\":\"https:\/\/xstyle.md\/product\/ochki-uvex-mtn-style-p-black-matt-mir-silver\/#primaryimage\"},\"image\":{\"@id\":\"https:\/\/xstyle.md\/product\/ochki-uvex-mtn-style-p-black-matt-mir-silver\/#primaryimage\"},\"thumbnailUrl\":\"https:\/\/xstyle.md\/wp-content\/uploads\/2024\/01\/uvex-mtn-style-p-black-matt-mir.silver.jpg\",\"datePublished\":\"2024-01-11T12:15:28+00:00\",\"dateModified\":\"2025-10-24T10:15:30+00:00\",\"description\":\"\u041a\u0443\u043f\u0438\u0442\u0435 \u043e\u0447\u043a\u0438 Uvex Mtn Style P Black Matt\/Mir.Silver! \u0417\u0430\u0449\u0438\u0442\u0430 \u043e\u0442 UV 400, \u0441\u0442\u0438\u043b\u044c 80-\u0445, \u0438\u0434\u0435\u0430\u043b\u044c\u043d\u044b \u0434\u043b\u044f \u0441\u043f\u043e\u0440\u0442\u0430 \u043d\u0430 \u043e\u0442\u043a\u0440\u044b\u0442\u043e\u043c \u0432\u043e\u0437\u0434\u0443\u0445\u0435. \u0423\u0434\u043e\u0431\u043d\u0430\u044f \u0438 \u043c\u043e\u0434\u043d\u0430\u044f \u0437\u0430\u0449\u0438\u0442\u0430!\",\"breadcrumb\":{\"@id\":\"https:\/\/xstyle.md\/product\/ochki-uvex-mtn-style-p-black-matt-mir-silver\/#breadcrumb\"},\"inLanguage\":\"ro-RO\",\"potentialAction\":[{\"@type\":\"ReadAction\",\"target\":[\"https:\/\/xstyle.md\/product\/ochki-uvex-mtn-style-p-black-matt-mir-silver\/\"]}]},{\"@type\":\"ImageObject\",\"inLanguage\":\"ro-RO\",\"@id\":\"https:\/\/xstyle.md\/product\/ochki-uvex-mtn-style-p-black-matt-mir-silver\/#primaryimage\",\"url\":\"https:\/\/xstyle.md\/wp-content\/uploads\/2024\/01\/uvex-mtn-style-p-black-matt-mir.silver.jpg\",\"contentUrl\":\"https:\/\/xstyle.md\/wp-content\/uploads\/2024\/01\/uvex-mtn-style-p-black-matt-mir.silver.jpg\",\"width\":1920,\"height\":1920,\"caption\":\"\u041e\u0447\u043a\u0438 Uvex Mtn style P \u0447\u0435\u0440\u043d\u044b\u0439 \u043c\u0430\u0442\/\u0441\u0435\u0440\u0435\u0431\u0440\u0438\u0441\u0442\u043e\u0435 \u0437\u0435\u0440\u043a\u0430\u043b\u043e \u0434\u043b\u044f \u0430\u043a\u0442\u0438\u0432\u043d\u043e\u0433\u043e \u043e\u0442\u0434\u044b\u0445\u0430 \u0430\u043b\u044c\u043f\u0438\u043d\u0438\u0437\u043c\u0430 \u043f\u043e\u0445\u043e\u0434\u043e\u0432 \u0438 \u043f\u0443\u0442\u0435\u0448\u0435\u0441\u0442\u0432\u0438\u0439 \u0432 \u043e\u043d\u043b\u0430\u0439\u043d \u043c\u0430\u0433\u0430\u0437\u0438\u043d\u0435 \u044d\u043a\u0438\u043f\u0438\u0440\u043e\u0432\u043a\u0438 \u0434\u043b\u044f \u0430\u043a\u0442\u0438\u0432\u043d\u043e\u0439 \u0436\u0438\u0437\u043d\u0438\"},{\"@type\":\"BreadcrumbList\",\"@id\":\"https:\/\/xstyle.md\/product\/ochki-uvex-mtn-style-p-black-matt-mir-silver\/#breadcrumb\",\"itemListElement\":[{\"@type\":\"ListItem\",\"position\":1,\"name\":\"\u0413\u043b\u0430\u0432\u043d\u0430\u044f \u0441\u0442\u0440\u0430\u043d\u0438\u0446\u0430\",\"item\":\"https:\/\/xstyle.md\/\"},{\"@type\":\"ListItem\",\"position\":2,\"name\":\"\u041c\u0430\u0433\u0430\u0437\u0438\u043d\",\"item\":\"https:\/\/xstyle.md\/shop\/\"},{\"@type\":\"ListItem\",\"position\":3,\"name\":\"\u041e\u0447\u043a\u0438 Uvex Mtn style P black matt\/mir.silver\"}]},{\"@type\":\"WebSite\",\"@id\":\"https:\/\/xstyle.md\/#website\",\"url\":\"https:\/\/xstyle.md\/\",\"name\":\"\u041c\u0430\u0433\u0430\u0437\u0438\u043d Xstyle\",\"description\":\"C\u043d\u0430\u0440\u044f\u0436\u0435\u043d\u0438\u0435 \u0434\u043b\u044f \u0442\u0443\u0440\u0438\u0437\u043c\u0430 \u0438 \u044d\u043a\u0441\u0442\u0440\u0435\u043c\u0430\u043b\u044c\u043d\u044b\u0445 \u0432\u0438\u0434\u043e\u0432 \u0441\u043f\u043e\u0440\u0442\u0430 \u0432 \u041c\u043e\u043b\u0434\u043e\u0432\u0435.. \u0426\u0435\u043d\u044b, \u0444\u043e\u0442\u043e, \u0445\u0430\u0440\u0430\u043a\u0442\u0435\u0440\u0438\u0441\u0442\u0438\u043a\u0438 \u0432 \u041c\u043e\u043b\u0434\u043e\u0432\u0435.\",\"publisher\":{\"@id\":\"https:\/\/xstyle.md\/#organization\"},\"alternateName\":\"X-Style\",\"potentialAction\":[{\"@type\":\"SearchAction\",\"target\":{\"@type\":\"EntryPoint\",\"urlTemplate\":\"https:\/\/xstyle.md\/?s={search_term_string}\"},\"query-input\":{\"@type\":\"PropertyValueSpecification\",\"valueRequired\":true,\"valueName\":\"search_term_string\"}}],\"inLanguage\":\"ro-RO\"},{\"@type\":\"Organization\",\"@id\":\"https:\/\/xstyle.md\/#organization\",\"name\":\"\u041c\u0430\u0433\u0430\u0437\u0438\u043d Xstyle\",\"alternateName\":\"x-style\",\"url\":\"https:\/\/xstyle.md\/\",\"logo\":{\"@type\":\"ImageObject\",\"inLanguage\":\"ro-RO\",\"@id\":\"https:\/\/xstyle.md\/#\/schema\/logo\/image\/\",\"url\":\"https:\/\/xstyle.md\/wp-content\/uploads\/2020\/06\/logoicon.svg\",\"contentUrl\":\"https:\/\/xstyle.md\/wp-content\/uploads\/2020\/06\/logoicon.svg\",\"caption\":\"\u041c\u0430\u0433\u0430\u0437\u0438\u043d Xstyle\"},\"image\":{\"@id\":\"https:\/\/xstyle.md\/#\/schema\/logo\/image\/\"},\"sameAs\":[\"https:\/\/www.facebook.com\/xstylemd\",\"https:\/\/www.instagram.com\/xstyle_md\/\",\"https:\/\/t.me\/xstyle_outdoor\"],\"hasMerchantReturnPolicy\":{\"@type\":\"MerchantReturnPolicy\",\"merchantReturnLink\":\"https:\/\/xstyle.md\/ro\/conditions\/\"}}]}<\/script>\n<meta property=\"product:price:amount\" content=\"2490.00\" \/>\n<meta property=\"product:price:currency\" content=\"MDL\" \/>\n<meta property=\"og:availability\" content=\"instock\" \/>\n<meta property=\"product:availability\" content=\"instock\" \/>\n<meta property=\"product:retailer_item_id\" content=\"4043197361208\" \/>\n<meta property=\"product:condition\" content=\"new\" \/>\n<!-- \/ Yoast SEO plugin. -->","yoast_head_json":{"title":"Ochelari Uvex Mtn style P black matt\/mir.silver - Magazin Xstyle","description":"Cump\u0103ra\u021bi ochelari Uvex Mtn Style P Black Matt\/Mir.Silver! Protec\u021bie UV 400, stilul anilor '80, ideali pentru sporturile \u00een aer liber. O protec\u021bie confortabil\u0103 \u0219i la mod\u0103!","robots":{"index":"index","follow":"follow","max-snippet":"max-snippet:-1","max-image-preview":"max-image-preview:large","max-video-preview":"max-video-preview:-1"},"canonical":"https:\/\/xstyle.md\/ro\/produs\/ochki-uvex-mtn-style-p-black-matt-mir-silver\/","og_locale":"ro_RO","og_type":"article","og_title":"\u041e\u0447\u043a\u0438 Uvex Mtn style P black matt\/mir.silver - \u041c\u0430\u0433\u0430\u0437\u0438\u043d Xstyle","og_description":"\u041a\u0443\u043f\u0438\u0442\u0435 \u043e\u0447\u043a\u0438 Uvex Mtn Style P Black Matt\/Mir.Silver! \u0417\u0430\u0449\u0438\u0442\u0430 \u043e\u0442 UV 400, \u0441\u0442\u0438\u043b\u044c 80-\u0445, \u0438\u0434\u0435\u0430\u043b\u044c\u043d\u044b \u0434\u043b\u044f \u0441\u043f\u043e\u0440\u0442\u0430 \u043d\u0430 \u043e\u0442\u043a\u0440\u044b\u0442\u043e\u043c \u0432\u043e\u0437\u0434\u0443\u0445\u0435. \u0423\u0434\u043e\u0431\u043d\u0430\u044f \u0438 \u043c\u043e\u0434\u043d\u0430\u044f \u0437\u0430\u0449\u0438\u0442\u0430!","og_url":"https:\/\/xstyle.md\/ro\/produs\/ochki-uvex-mtn-style-p-black-matt-mir-silver\/","og_site_name":"\u041c\u0430\u0433\u0430\u0437\u0438\u043d Xstyle","article_publisher":"https:\/\/www.facebook.com\/xstylemd","article_modified_time":"2025-10-24T10:15:30+00:00","og_image":[{"width":2560,"height":2560,"url":"https:\/\/xstyle.md\/wp-content\/uploads\/2024\/01\/uvex-mtn-style-p-black-matt-mir.silver.jpg","type":"image\/jpeg"}],"twitter_card":"summary_large_image","twitter_misc":{"Pre\u021b":"2.490&nbsp;MDL","Disponibilitate":"\u00cen stoc"},"schema":{"@context":"https:\/\/schema.org","@graph":[{"@type":"WebPage","@id":"https:\/\/xstyle.md\/product\/ochki-uvex-mtn-style-p-black-matt-mir-silver\/","url":"https:\/\/xstyle.md\/product\/ochki-uvex-mtn-style-p-black-matt-mir-silver\/","name":"Ochelari Uvex Mtn style P black matt\/mir.silver - Magazin Xstyle","isPartOf":{"@id":"https:\/\/xstyle.md\/#website"},"primaryImageOfPage":{"@id":"https:\/\/xstyle.md\/product\/ochki-uvex-mtn-style-p-black-matt-mir-silver\/#primaryimage"},"image":{"@id":"https:\/\/xstyle.md\/product\/ochki-uvex-mtn-style-p-black-matt-mir-silver\/#primaryimage"},"thumbnailUrl":"https:\/\/xstyle.md\/wp-content\/uploads\/2024\/01\/uvex-mtn-style-p-black-matt-mir.silver.jpg","datePublished":"2024-01-11T12:15:28+00:00","dateModified":"2025-10-24T10:15:30+00:00","description":"Cump\u0103ra\u021bi ochelari Uvex Mtn Style P Black Matt\/Mir.Silver! Protec\u021bie UV 400, stilul anilor '80, ideali pentru sporturile \u00een aer liber. O protec\u021bie confortabil\u0103 \u0219i la mod\u0103!","breadcrumb":{"@id":"https:\/\/xstyle.md\/product\/ochki-uvex-mtn-style-p-black-matt-mir-silver\/#breadcrumb"},"inLanguage":"ro-RO","potentialAction":[{"@type":"ReadAction","target":["https:\/\/xstyle.md\/product\/ochki-uvex-mtn-style-p-black-matt-mir-silver\/"]}]},{"@type":"ImageObject","inLanguage":"ro-RO","@id":"https:\/\/xstyle.md\/product\/ochki-uvex-mtn-style-p-black-matt-mir-silver\/#primaryimage","url":"https:\/\/xstyle.md\/wp-content\/uploads\/2024\/01\/uvex-mtn-style-p-black-matt-mir.silver.jpg","contentUrl":"https:\/\/xstyle.md\/wp-content\/uploads\/2024\/01\/uvex-mtn-style-p-black-matt-mir.silver.jpg","width":1920,"height":1920,"caption":"\u041e\u0447\u043a\u0438 Uvex Mtn style P \u0447\u0435\u0440\u043d\u044b\u0439 \u043c\u0430\u0442\/\u0441\u0435\u0440\u0435\u0431\u0440\u0438\u0441\u0442\u043e\u0435 \u0437\u0435\u0440\u043a\u0430\u043b\u043e \u0434\u043b\u044f \u0430\u043a\u0442\u0438\u0432\u043d\u043e\u0433\u043e \u043e\u0442\u0434\u044b\u0445\u0430 \u0430\u043b\u044c\u043f\u0438\u043d\u0438\u0437\u043c\u0430 \u043f\u043e\u0445\u043e\u0434\u043e\u0432 \u0438 \u043f\u0443\u0442\u0435\u0448\u0435\u0441\u0442\u0432\u0438\u0439 \u0432 \u043e\u043d\u043b\u0430\u0439\u043d \u043c\u0430\u0433\u0430\u0437\u0438\u043d\u0435 \u044d\u043a\u0438\u043f\u0438\u0440\u043e\u0432\u043a\u0438 \u0434\u043b\u044f \u0430\u043a\u0442\u0438\u0432\u043d\u043e\u0439 \u0436\u0438\u0437\u043d\u0438"},{"@type":"BreadcrumbList","@id":"https:\/\/xstyle.md\/product\/ochki-uvex-mtn-style-p-black-matt-mir-silver\/#breadcrumb","itemListElement":[{"@type":"ListItem","position":1,"name":"\u0413\u043b\u0430\u0432\u043d\u0430\u044f \u0441\u0442\u0440\u0430\u043d\u0438\u0446\u0430","item":"https:\/\/xstyle.md\/"},{"@type":"ListItem","position":2,"name":"\u041c\u0430\u0433\u0430\u0437\u0438\u043d","item":"https:\/\/xstyle.md\/shop\/"},{"@type":"ListItem","position":3,"name":"\u041e\u0447\u043a\u0438 Uvex Mtn style P black matt\/mir.silver"}]},{"@type":"WebSite","@id":"https:\/\/xstyle.md\/#website","url":"https:\/\/xstyle.md\/","name":"Magazinul X-Style","description":"Echipamente pentru turism \u0219i sporturi extreme \u00een Moldova. Pre\u021buri, fotografii, caracteristici \u00een Moldova.","publisher":{"@id":"https:\/\/xstyle.md\/#organization"},"alternateName":"X-Style","potentialAction":[{"@type":"SearchAction","target":{"@type":"EntryPoint","urlTemplate":"https:\/\/xstyle.md\/?s={search_term_string}"},"query-input":{"@type":"PropertyValueSpecification","valueRequired":true,"valueName":"search_term_string"}}],"inLanguage":"ro-RO"},{"@type":"Organization","@id":"https:\/\/xstyle.md\/#organization","name":"Magazinul X-Style","alternateName":"x-style","url":"https:\/\/xstyle.md\/","logo":{"@type":"ImageObject","inLanguage":"ro-RO","@id":"https:\/\/xstyle.md\/#\/schema\/logo\/image\/","url":"https:\/\/xstyle.md\/wp-content\/uploads\/2020\/06\/logoicon.svg","contentUrl":"https:\/\/xstyle.md\/wp-content\/uploads\/2020\/06\/logoicon.svg","caption":"\u041c\u0430\u0433\u0430\u0437\u0438\u043d Xstyle"},"image":{"@id":"https:\/\/xstyle.md\/#\/schema\/logo\/image\/"},"sameAs":["https:\/\/www.facebook.com\/xstylemd","https:\/\/www.instagram.com\/xstyle_md\/","https:\/\/t.me\/xstyle_outdoor"],"hasMerchantReturnPolicy":{"@type":"MerchantReturnPolicy","merchantReturnLink":"https:\/\/xstyle.md\/ro\/conditions\/"}}]},"product_price_amount":"2490.00","product_price_currency":"MDL","og_availability":"instock","product_availability":"instock","product_retailer_item_id":"4043197361208","product_condition":"new"},"post_mailing_queue_ids":[],"_links":{"self":[{"href":"https:\/\/xstyle.md\/ro\/wp-json\/wp\/v2\/product\/78342","targetHints":{"allow":["GET"]}}],"collection":[{"href":"https:\/\/xstyle.md\/ro\/wp-json\/wp\/v2\/product"}],"about":[{"href":"https:\/\/xstyle.md\/ro\/wp-json\/wp\/v2\/types\/product"}],"replies":[{"embeddable":true,"href":"https:\/\/xstyle.md\/ro\/wp-json\/wp\/v2\/comments?post=78342"}],"wp:featuredmedia":[{"embeddable":true,"href":"https:\/\/xstyle.md\/ro\/wp-json\/wp\/v2\/media\/79581"}],"wp:attachment":[{"href":"https:\/\/xstyle.md\/ro\/wp-json\/wp\/v2\/media?parent=78342"}],"wp:term":[{"taxonomy":"product_brand","embeddable":true,"href":"https:\/\/xstyle.md\/ro\/wp-json\/wp\/v2\/product_brand?post=78342"},{"taxonomy":"product_cat","embeddable":true,"href":"https:\/\/xstyle.md\/ro\/wp-json\/wp\/v2\/product_cat?post=78342"},{"taxonomy":"product_tag","embeddable":true,"href":"https:\/\/xstyle.md\/ro\/wp-json\/wp\/v2\/product_tag?post=78342"}],"curies":[{"name":"wp","href":"https:\/\/api.w.org\/{rel}","templated":true}]}}