{"id":78284,"date":"2024-01-11T15:15:17","date_gmt":"2024-01-11T12:15:17","guid":{"rendered":"https:\/\/xstyle.md\/?post_type=product&#038;p=78284"},"modified":"2025-10-24T12:57:30","modified_gmt":"2025-10-24T09:57:30","slug":"nozh-opinel-kitchen-knife-and-its-finger-guard","status":"publish","type":"product","link":"https:\/\/xstyle.md\/ro\/produs\/nozh-opinel-kitchen-knife-and-its-finger-guard\/","title":{"rendered":"Cu\u021bit Opinel Kitchen Knife and Its Finger Guard"},"content":{"rendered":"<\/p>\n<p><strong>Opinel Kitchen Knife and Its Finger Guard<\/strong> &#8212; setul din seria Le petit chef de la Opinel este format dintr-un cu\u021bit de buc\u0103t\u0103rie \u0219i o protec\u021bie pentru degete. Lama cu\u021bitului este fabricat\u0103 din o\u021bel Sandvik 12C27 de \u00eenalt\u0103 calitate. M\u00e2nerul din lemn se sprijin\u0103 perfect \u00een m\u00e2n\u0103. Ap\u0103r\u0103toarea v\u0103 permite s\u0103 \u021bine\u021bi produsul \u00een timp ce \u00eel t\u0103ia\u021bi \u0219i v\u0103 protejeaz\u0103 degetele de t\u0103ieturi. Acest set este ideal pentru buc\u0103tarii \u00eencep\u0103tori.<\/p>\n<p>Marca Opinel ofer\u0103 o gam\u0103 larg\u0103 de cu\u021bite de buc\u0103t\u0103rie \u0219i cu\u021bite pliabile, care se caracterizeaz\u0103 printr-o calitate de neegalat. \u00cen produc\u021bie se utilizeaz\u0103 echipamente inovatoare. Produsele sunt conforme cu standardele interna\u021bionale de mediu. Produsele Opinel v\u0103 vor servi timp de mul\u021bi ani.<\/p>\n<h3>Caracteristici<\/h3>\n<ul>\n<li>Dimensiuni &#8212; 4,41 x 0,76 x 1,69 cm<\/li>\n<li>Duritatea o\u021belului: 57-58 HRC<\/li>\n<li>Calitatea o\u021belului: Sandvik 12C27<\/li>\n<li>Greutate: 172 g.<\/li>\n<\/ul>\n<h3>Marca<\/h3>\n<p>Opinel este unul dintre cei mai renumi\u021bi produc\u0103tori de cu\u021bite, tac\u00e2muri \u0219i unelte de gr\u0103din\u0103. Istoria sa a \u00eenceput \u00een 1890, c\u00e2nd artizanul francez Joseph Opinel a creat primul s\u0103u cu\u021bit pliabil. Datorit\u0103 durabilit\u0103\u021bii \u0219i calit\u0103\u021bii materialelor, cum ar fi o\u021belul inoxidabil Sandvik 12C27 pentru lame \u0219i o varietate de esen\u021be de lemn pentru m\u00e2nere, cu\u021bitele Opinel au c\u00e2\u0219tigat dragostea \u0219i recunoa\u0219terea universal\u0103. \u00cen mod tradi\u021bional, cu\u021bitele Opinel sunt disponibile \u00een unsprezece dimensiuni: exist\u0103 cu\u021bite miniaturale pentru lucr\u0103ri fine, cu\u021bite pentru filetare, cu\u021bite universale \u0219i cu\u021bitul gigant num\u0103rul 13 \u0219i diverse accesorii pentru \u00eengrijirea cu\u021bitelor.<\/p>\n<p><\/p>","protected":false},"excerpt":{"rendered":"","protected":false},"featured_media":79695,"comment_status":"open","ping_status":"closed","template":"","meta":{"_acf_changed":false,"inline_featured_image":false},"product_brand":[1268],"product_cat":[169],"product_tag":[],"class_list":{"0":"post-78284","1":"product","2":"type-product","3":"status-publish","4":"has-post-thumbnail","6":"product_brand-opinel","7":"product_cat-knives","9":"first","10":"instock","11":"shipping-taxable","12":"purchasable","13":"product-type-simple"},"acf":[],"yoast_head":"<!-- This site is optimized with the Yoast SEO plugin v27.4 - https:\/\/yoast.com\/product\/yoast-seo-wordpress\/ -->\n<title>\u041d\u043e\u0436 Opinel Kitchen Knife and Its Finger Guard - \u041c\u0430\u0433\u0430\u0437\u0438\u043d Xstyle<\/title>\n<meta name=\"description\" content=\"\u041d\u043e\u0436 Opinel \u0441 \u0437\u0430\u0449\u0438\u0442\u043e\u0439 \u0434\u043b\u044f \u043f\u0430\u043b\u044c\u0446\u0435\u0432 Le petit chef \u2013 \u0438\u0434\u0435\u0430\u043b\u044c\u043d\u044b\u0439 \u043a\u0443\u0445\u043e\u043d\u043d\u044b\u0439 \u043f\u043e\u043c\u043e\u0449\u043d\u0438\u043a. \u041b\u0435\u0437\u0432\u0438\u0435 \u0438\u0437 \u0441\u0442\u0430\u043b\u0438 Sandvik 12C27 \u0438 \u0434\u0435\u0440\u0435\u0432\u044f\u043d\u043d\u0430\u044f \u0440\u0443\u0447\u043a\u0430 \u0434\u043b\u044f \u0443\u0434\u043e\u0431\u0441\u0442\u0432\u0430.\" \/>\n<meta name=\"robots\" content=\"index, follow, max-snippet:-1, max-image-preview:large, max-video-preview:-1\" \/>\n<link rel=\"canonical\" href=\"https:\/\/xstyle.md\/ro\/produs\/nozh-opinel-kitchen-knife-and-its-finger-guard\/\" \/>\n<meta property=\"og:locale\" content=\"ro_RO\" \/>\n<meta property=\"og:type\" content=\"article\" \/>\n<meta property=\"og:title\" content=\"\u041d\u043e\u0436 Opinel Kitchen Knife and Its Finger Guard - \u041c\u0430\u0433\u0430\u0437\u0438\u043d Xstyle\" \/>\n<meta property=\"og:description\" content=\"\u041d\u043e\u0436 Opinel \u0441 \u0437\u0430\u0449\u0438\u0442\u043e\u0439 \u0434\u043b\u044f \u043f\u0430\u043b\u044c\u0446\u0435\u0432 Le petit chef \u2013 \u0438\u0434\u0435\u0430\u043b\u044c\u043d\u044b\u0439 \u043a\u0443\u0445\u043e\u043d\u043d\u044b\u0439 \u043f\u043e\u043c\u043e\u0449\u043d\u0438\u043a. \u041b\u0435\u0437\u0432\u0438\u0435 \u0438\u0437 \u0441\u0442\u0430\u043b\u0438 Sandvik 12C27 \u0438 \u0434\u0435\u0440\u0435\u0432\u044f\u043d\u043d\u0430\u044f \u0440\u0443\u0447\u043a\u0430 \u0434\u043b\u044f \u0443\u0434\u043e\u0431\u0441\u0442\u0432\u0430.\" \/>\n<meta property=\"og:url\" content=\"https:\/\/xstyle.md\/ro\/produs\/nozh-opinel-kitchen-knife-and-its-finger-guard\/\" \/>\n<meta property=\"og:site_name\" content=\"\u041c\u0430\u0433\u0430\u0437\u0438\u043d Xstyle\" \/>\n<meta property=\"article:publisher\" content=\"https:\/\/www.facebook.com\/xstylemd\" \/>\n<meta property=\"article:modified_time\" content=\"2025-10-24T09:57:30+00:00\" \/>\n<meta property=\"og:image\" content=\"https:\/\/xstyle.md\/wp-content\/uploads\/2024\/01\/opinel-kitchen-knife-and-its-finger-guard.jpg\" \/>\n\t<meta property=\"og:image:width\" content=\"900\" \/>\n\t<meta property=\"og:image:height\" content=\"900\" \/>\n\t<meta property=\"og:image:type\" content=\"image\/jpeg\" \/>\n<meta name=\"twitter:card\" content=\"summary_large_image\" \/>\n<meta name=\"twitter:label1\" content=\"Pre\u021b\" \/>\n\t<meta name=\"twitter:data1\" content=\"595&nbsp;MDL\" \/>\n\t<meta name=\"twitter:label2\" content=\"Disponibilitate\" \/>\n\t<meta name=\"twitter:data2\" content=\"\u00cen stoc\" \/>\n<script type=\"application\/ld+json\" class=\"yoast-schema-graph\">{\"@context\":\"https:\\\/\\\/schema.org\",\"@graph\":[{\"@type\":\"WebPage\",\"@id\":\"https:\\\/\\\/xstyle.md\\\/product\\\/nozh-opinel-kitchen-knife-and-its-finger-guard\\\/\",\"url\":\"https:\\\/\\\/xstyle.md\\\/product\\\/nozh-opinel-kitchen-knife-and-its-finger-guard\\\/\",\"name\":\"\u041d\u043e\u0436 Opinel Kitchen Knife and Its Finger Guard - \u041c\u0430\u0433\u0430\u0437\u0438\u043d Xstyle\",\"isPartOf\":{\"@id\":\"https:\\\/\\\/xstyle.md\\\/#website\"},\"primaryImageOfPage\":{\"@id\":\"https:\\\/\\\/xstyle.md\\\/product\\\/nozh-opinel-kitchen-knife-and-its-finger-guard\\\/#primaryimage\"},\"image\":{\"@id\":\"https:\\\/\\\/xstyle.md\\\/product\\\/nozh-opinel-kitchen-knife-and-its-finger-guard\\\/#primaryimage\"},\"thumbnailUrl\":\"https:\\\/\\\/xstyle.md\\\/wp-content\\\/uploads\\\/2024\\\/01\\\/opinel-kitchen-knife-and-its-finger-guard.jpg\",\"datePublished\":\"2024-01-11T12:15:17+00:00\",\"dateModified\":\"2025-10-24T09:57:30+00:00\",\"description\":\"\u041d\u043e\u0436 Opinel \u0441 \u0437\u0430\u0449\u0438\u0442\u043e\u0439 \u0434\u043b\u044f \u043f\u0430\u043b\u044c\u0446\u0435\u0432 Le petit chef \u2013 \u0438\u0434\u0435\u0430\u043b\u044c\u043d\u044b\u0439 \u043a\u0443\u0445\u043e\u043d\u043d\u044b\u0439 \u043f\u043e\u043c\u043e\u0449\u043d\u0438\u043a. \u041b\u0435\u0437\u0432\u0438\u0435 \u0438\u0437 \u0441\u0442\u0430\u043b\u0438 Sandvik 12C27 \u0438 \u0434\u0435\u0440\u0435\u0432\u044f\u043d\u043d\u0430\u044f \u0440\u0443\u0447\u043a\u0430 \u0434\u043b\u044f \u0443\u0434\u043e\u0431\u0441\u0442\u0432\u0430.\",\"breadcrumb\":{\"@id\":\"https:\\\/\\\/xstyle.md\\\/product\\\/nozh-opinel-kitchen-knife-and-its-finger-guard\\\/#breadcrumb\"},\"inLanguage\":\"ro-RO\",\"potentialAction\":[{\"@type\":\"ReadAction\",\"target\":[\"https:\\\/\\\/xstyle.md\\\/product\\\/nozh-opinel-kitchen-knife-and-its-finger-guard\\\/\"]}]},{\"@type\":\"ImageObject\",\"inLanguage\":\"ro-RO\",\"@id\":\"https:\\\/\\\/xstyle.md\\\/product\\\/nozh-opinel-kitchen-knife-and-its-finger-guard\\\/#primaryimage\",\"url\":\"https:\\\/\\\/xstyle.md\\\/wp-content\\\/uploads\\\/2024\\\/01\\\/opinel-kitchen-knife-and-its-finger-guard.jpg\",\"contentUrl\":\"https:\\\/\\\/xstyle.md\\\/wp-content\\\/uploads\\\/2024\\\/01\\\/opinel-kitchen-knife-and-its-finger-guard.jpg\",\"width\":900,\"height\":900,\"caption\":\"\u041c\u0438\u043d\u0438\u0430\u0442\u044e\u0440\u043d\u043e\u0435 \u0438\u0437\u043e\u0431\u0440\u0430\u0436\u0435\u043d\u0438\u0435 \u043d\u043e\u0436\u0430 Opinel \u0434\u043b\u044f \u043a\u0443\u0445\u043d\u0438 \u0441 \u0437\u0430\u0449\u0438\u0442\u043e\u0439 \u0434\u043b\u044f \u043f\u0430\u043b\u044c\u0446\u0430 \u0434\u043b\u044f \u043e\u043d\u043b\u0430\u0439\u043d-\u043c\u0430\u0433\u0430\u0437\u0438\u043d\u0430 \u043e\u0434\u0435\u0436\u0434\u044b \u0438 \u0441\u043d\u0430\u0440\u044f\u0436\u0435\u043d\u0438\u044f \u0434\u043b\u044f \u0430\u043a\u0442\u0438\u0432\u043d\u043e\u0433\u043e \u043e\u0442\u0434\u044b\u0445\u0430 \u043d\u0430 \u043f\u0440\u0438\u0440\u043e\u0434\u0435, \u043f\u043e\u0445\u043e\u0434\u043e\u0432 \u0438 \u043f\u0443\u0442\u0435\u0448\u0435\u0441\u0442\u0432\u0438\u0439\"},{\"@type\":\"BreadcrumbList\",\"@id\":\"https:\\\/\\\/xstyle.md\\\/product\\\/nozh-opinel-kitchen-knife-and-its-finger-guard\\\/#breadcrumb\",\"itemListElement\":[{\"@type\":\"ListItem\",\"position\":1,\"name\":\"\u0413\u043b\u0430\u0432\u043d\u0430\u044f \u0441\u0442\u0440\u0430\u043d\u0438\u0446\u0430\",\"item\":\"https:\\\/\\\/xstyle.md\\\/\"},{\"@type\":\"ListItem\",\"position\":2,\"name\":\"\u041c\u0430\u0433\u0430\u0437\u0438\u043d\",\"item\":\"https:\\\/\\\/xstyle.md\\\/shop\\\/\"},{\"@type\":\"ListItem\",\"position\":3,\"name\":\"\u041d\u043e\u0436 Opinel Kitchen Knife and Its Finger Guard\"}]},{\"@type\":\"WebSite\",\"@id\":\"https:\\\/\\\/xstyle.md\\\/#website\",\"url\":\"https:\\\/\\\/xstyle.md\\\/\",\"name\":\"\u041c\u0430\u0433\u0430\u0437\u0438\u043d Xstyle\",\"description\":\"C\u043d\u0430\u0440\u044f\u0436\u0435\u043d\u0438\u0435 \u0434\u043b\u044f \u0442\u0443\u0440\u0438\u0437\u043c\u0430 \u0438 \u044d\u043a\u0441\u0442\u0440\u0435\u043c\u0430\u043b\u044c\u043d\u044b\u0445 \u0432\u0438\u0434\u043e\u0432 \u0441\u043f\u043e\u0440\u0442\u0430 \u0432 \u041c\u043e\u043b\u0434\u043e\u0432\u0435.. \u0426\u0435\u043d\u044b, \u0444\u043e\u0442\u043e, \u0445\u0430\u0440\u0430\u043a\u0442\u0435\u0440\u0438\u0441\u0442\u0438\u043a\u0438 \u0432 \u041c\u043e\u043b\u0434\u043e\u0432\u0435.\",\"publisher\":{\"@id\":\"https:\\\/\\\/xstyle.md\\\/#organization\"},\"alternateName\":\"X-Style\",\"potentialAction\":[{\"@type\":\"SearchAction\",\"target\":{\"@type\":\"EntryPoint\",\"urlTemplate\":\"https:\\\/\\\/xstyle.md\\\/?s={search_term_string}\"},\"query-input\":{\"@type\":\"PropertyValueSpecification\",\"valueRequired\":true,\"valueName\":\"search_term_string\"}}],\"inLanguage\":\"ro-RO\"},{\"@type\":\"Organization\",\"@id\":\"https:\\\/\\\/xstyle.md\\\/#organization\",\"name\":\"\u041c\u0430\u0433\u0430\u0437\u0438\u043d Xstyle\",\"alternateName\":\"x-style\",\"url\":\"https:\\\/\\\/xstyle.md\\\/\",\"logo\":{\"@type\":\"ImageObject\",\"inLanguage\":\"ro-RO\",\"@id\":\"https:\\\/\\\/xstyle.md\\\/#\\\/schema\\\/logo\\\/image\\\/\",\"url\":\"https:\\\/\\\/xstyle.md\\\/wp-content\\\/uploads\\\/2020\\\/06\\\/logoicon.svg\",\"contentUrl\":\"https:\\\/\\\/xstyle.md\\\/wp-content\\\/uploads\\\/2020\\\/06\\\/logoicon.svg\",\"caption\":\"\u041c\u0430\u0433\u0430\u0437\u0438\u043d Xstyle\"},\"image\":{\"@id\":\"https:\\\/\\\/xstyle.md\\\/#\\\/schema\\\/logo\\\/image\\\/\"},\"sameAs\":[\"https:\\\/\\\/www.facebook.com\\\/xstylemd\",\"https:\\\/\\\/www.instagram.com\\\/xstyle_md\\\/\",\"https:\\\/\\\/t.me\\\/xstyle_outdoor\"],\"hasMerchantReturnPolicy\":{\"@type\":\"MerchantReturnPolicy\",\"merchantReturnLink\":\"https:\\\/\\\/xstyle.md\\\/ro\\\/conditions\\\/\"}}]}<\/script>\n<meta property=\"product:price:amount\" content=\"595.00\" \/>\n<meta property=\"product:price:currency\" content=\"MDL\" \/>\n<meta property=\"og:availability\" content=\"instock\" \/>\n<meta property=\"product:availability\" content=\"instock\" \/>\n<meta property=\"product:retailer_item_id\" content=\"3123840017445\" \/>\n<meta property=\"product:condition\" content=\"new\" \/>\n<!-- \/ Yoast SEO plugin. -->","yoast_head_json":{"title":"Cu\u021bit Opinel Kitchen Knife and Its Finger Guard - Magazin Xstyle","description":"Cu\u021bitul Opinel cu protec\u021bie pentru degete Le petit chef \u2013 ajutorul ideal \u00een buc\u0103t\u0103rie. Lama din o\u021bel Sandvik 12C27 \u0219i m\u00e2nerul din lemn pentru confort.","robots":{"index":"index","follow":"follow","max-snippet":"max-snippet:-1","max-image-preview":"max-image-preview:large","max-video-preview":"max-video-preview:-1"},"canonical":"https:\/\/xstyle.md\/ro\/produs\/nozh-opinel-kitchen-knife-and-its-finger-guard\/","og_locale":"ro_RO","og_type":"article","og_title":"\u041d\u043e\u0436 Opinel Kitchen Knife and Its Finger Guard - \u041c\u0430\u0433\u0430\u0437\u0438\u043d Xstyle","og_description":"\u041d\u043e\u0436 Opinel \u0441 \u0437\u0430\u0449\u0438\u0442\u043e\u0439 \u0434\u043b\u044f \u043f\u0430\u043b\u044c\u0446\u0435\u0432 Le petit chef \u2013 \u0438\u0434\u0435\u0430\u043b\u044c\u043d\u044b\u0439 \u043a\u0443\u0445\u043e\u043d\u043d\u044b\u0439 \u043f\u043e\u043c\u043e\u0449\u043d\u0438\u043a. \u041b\u0435\u0437\u0432\u0438\u0435 \u0438\u0437 \u0441\u0442\u0430\u043b\u0438 Sandvik 12C27 \u0438 \u0434\u0435\u0440\u0435\u0432\u044f\u043d\u043d\u0430\u044f \u0440\u0443\u0447\u043a\u0430 \u0434\u043b\u044f \u0443\u0434\u043e\u0431\u0441\u0442\u0432\u0430.","og_url":"https:\/\/xstyle.md\/ro\/produs\/nozh-opinel-kitchen-knife-and-its-finger-guard\/","og_site_name":"\u041c\u0430\u0433\u0430\u0437\u0438\u043d Xstyle","article_publisher":"https:\/\/www.facebook.com\/xstylemd","article_modified_time":"2025-10-24T09:57:30+00:00","og_image":[{"width":900,"height":900,"url":"https:\/\/xstyle.md\/wp-content\/uploads\/2024\/01\/opinel-kitchen-knife-and-its-finger-guard.jpg","type":"image\/jpeg"}],"twitter_card":"summary_large_image","twitter_misc":{"Pre\u021b":"595&nbsp;MDL","Disponibilitate":"\u00cen stoc"},"schema":{"@context":"https:\/\/schema.org","@graph":[{"@type":"WebPage","@id":"https:\/\/xstyle.md\/product\/nozh-opinel-kitchen-knife-and-its-finger-guard\/","url":"https:\/\/xstyle.md\/product\/nozh-opinel-kitchen-knife-and-its-finger-guard\/","name":"Cu\u021bit Opinel Kitchen Knife and Its Finger Guard - Magazin Xstyle","isPartOf":{"@id":"https:\/\/xstyle.md\/#website"},"primaryImageOfPage":{"@id":"https:\/\/xstyle.md\/product\/nozh-opinel-kitchen-knife-and-its-finger-guard\/#primaryimage"},"image":{"@id":"https:\/\/xstyle.md\/product\/nozh-opinel-kitchen-knife-and-its-finger-guard\/#primaryimage"},"thumbnailUrl":"https:\/\/xstyle.md\/wp-content\/uploads\/2024\/01\/opinel-kitchen-knife-and-its-finger-guard.jpg","datePublished":"2024-01-11T12:15:17+00:00","dateModified":"2025-10-24T09:57:30+00:00","description":"Cu\u021bitul Opinel cu protec\u021bie pentru degete Le petit chef \u2013 ajutorul ideal \u00een buc\u0103t\u0103rie. Lama din o\u021bel Sandvik 12C27 \u0219i m\u00e2nerul din lemn pentru confort.","breadcrumb":{"@id":"https:\/\/xstyle.md\/product\/nozh-opinel-kitchen-knife-and-its-finger-guard\/#breadcrumb"},"inLanguage":"ro-RO","potentialAction":[{"@type":"ReadAction","target":["https:\/\/xstyle.md\/product\/nozh-opinel-kitchen-knife-and-its-finger-guard\/"]}]},{"@type":"ImageObject","inLanguage":"ro-RO","@id":"https:\/\/xstyle.md\/product\/nozh-opinel-kitchen-knife-and-its-finger-guard\/#primaryimage","url":"https:\/\/xstyle.md\/wp-content\/uploads\/2024\/01\/opinel-kitchen-knife-and-its-finger-guard.jpg","contentUrl":"https:\/\/xstyle.md\/wp-content\/uploads\/2024\/01\/opinel-kitchen-knife-and-its-finger-guard.jpg","width":900,"height":900,"caption":"\u041c\u0438\u043d\u0438\u0430\u0442\u044e\u0440\u043d\u043e\u0435 \u0438\u0437\u043e\u0431\u0440\u0430\u0436\u0435\u043d\u0438\u0435 \u043d\u043e\u0436\u0430 Opinel \u0434\u043b\u044f \u043a\u0443\u0445\u043d\u0438 \u0441 \u0437\u0430\u0449\u0438\u0442\u043e\u0439 \u0434\u043b\u044f \u043f\u0430\u043b\u044c\u0446\u0430 \u0434\u043b\u044f \u043e\u043d\u043b\u0430\u0439\u043d-\u043c\u0430\u0433\u0430\u0437\u0438\u043d\u0430 \u043e\u0434\u0435\u0436\u0434\u044b \u0438 \u0441\u043d\u0430\u0440\u044f\u0436\u0435\u043d\u0438\u044f \u0434\u043b\u044f \u0430\u043a\u0442\u0438\u0432\u043d\u043e\u0433\u043e \u043e\u0442\u0434\u044b\u0445\u0430 \u043d\u0430 \u043f\u0440\u0438\u0440\u043e\u0434\u0435, \u043f\u043e\u0445\u043e\u0434\u043e\u0432 \u0438 \u043f\u0443\u0442\u0435\u0448\u0435\u0441\u0442\u0432\u0438\u0439"},{"@type":"BreadcrumbList","@id":"https:\/\/xstyle.md\/product\/nozh-opinel-kitchen-knife-and-its-finger-guard\/#breadcrumb","itemListElement":[{"@type":"ListItem","position":1,"name":"\u0413\u043b\u0430\u0432\u043d\u0430\u044f \u0441\u0442\u0440\u0430\u043d\u0438\u0446\u0430","item":"https:\/\/xstyle.md\/"},{"@type":"ListItem","position":2,"name":"\u041c\u0430\u0433\u0430\u0437\u0438\u043d","item":"https:\/\/xstyle.md\/shop\/"},{"@type":"ListItem","position":3,"name":"\u041d\u043e\u0436 Opinel Kitchen Knife and Its Finger Guard"}]},{"@type":"WebSite","@id":"https:\/\/xstyle.md\/#website","url":"https:\/\/xstyle.md\/","name":"Magazinul X-Style","description":"Echipamente pentru turism \u0219i sporturi extreme \u00een Moldova. Pre\u021buri, fotografii, caracteristici \u00een Moldova.","publisher":{"@id":"https:\/\/xstyle.md\/#organization"},"alternateName":"X-Style","potentialAction":[{"@type":"SearchAction","target":{"@type":"EntryPoint","urlTemplate":"https:\/\/xstyle.md\/?s={search_term_string}"},"query-input":{"@type":"PropertyValueSpecification","valueRequired":true,"valueName":"search_term_string"}}],"inLanguage":"ro-RO"},{"@type":"Organization","@id":"https:\/\/xstyle.md\/#organization","name":"Magazinul X-Style","alternateName":"x-style","url":"https:\/\/xstyle.md\/","logo":{"@type":"ImageObject","inLanguage":"ro-RO","@id":"https:\/\/xstyle.md\/#\/schema\/logo\/image\/","url":"https:\/\/xstyle.md\/wp-content\/uploads\/2020\/06\/logoicon.svg","contentUrl":"https:\/\/xstyle.md\/wp-content\/uploads\/2020\/06\/logoicon.svg","caption":"\u041c\u0430\u0433\u0430\u0437\u0438\u043d Xstyle"},"image":{"@id":"https:\/\/xstyle.md\/#\/schema\/logo\/image\/"},"sameAs":["https:\/\/www.facebook.com\/xstylemd","https:\/\/www.instagram.com\/xstyle_md\/","https:\/\/t.me\/xstyle_outdoor"],"hasMerchantReturnPolicy":{"@type":"MerchantReturnPolicy","merchantReturnLink":"https:\/\/xstyle.md\/ro\/conditions\/"}}]},"product_price_amount":"595.00","product_price_currency":"MDL","og_availability":"instock","product_availability":"instock","product_retailer_item_id":"3123840017445","product_condition":"new"},"_links":{"self":[{"href":"https:\/\/xstyle.md\/ro\/wp-json\/wp\/v2\/product\/78284","targetHints":{"allow":["GET"]}}],"collection":[{"href":"https:\/\/xstyle.md\/ro\/wp-json\/wp\/v2\/product"}],"about":[{"href":"https:\/\/xstyle.md\/ro\/wp-json\/wp\/v2\/types\/product"}],"replies":[{"embeddable":true,"href":"https:\/\/xstyle.md\/ro\/wp-json\/wp\/v2\/comments?post=78284"}],"wp:featuredmedia":[{"embeddable":true,"href":"https:\/\/xstyle.md\/ro\/wp-json\/wp\/v2\/media\/79695"}],"wp:attachment":[{"href":"https:\/\/xstyle.md\/ro\/wp-json\/wp\/v2\/media?parent=78284"}],"wp:term":[{"taxonomy":"product_brand","embeddable":true,"href":"https:\/\/xstyle.md\/ro\/wp-json\/wp\/v2\/product_brand?post=78284"},{"taxonomy":"product_cat","embeddable":true,"href":"https:\/\/xstyle.md\/ro\/wp-json\/wp\/v2\/product_cat?post=78284"},{"taxonomy":"product_tag","embeddable":true,"href":"https:\/\/xstyle.md\/ro\/wp-json\/wp\/v2\/product_tag?post=78284"}],"curies":[{"name":"wp","href":"https:\/\/api.w.org\/{rel}","templated":true}]}}