{"id":78273,"date":"2024-01-11T15:15:15","date_gmt":"2024-01-11T12:15:15","guid":{"rendered":"https:\/\/xstyle.md\/?post_type=product&#038;p=78273"},"modified":"2025-10-22T17:19:32","modified_gmt":"2025-10-22T14:19:32","slug":"teplyj-buff-thermonet-midnight-grove","status":"publish","type":"product","link":"https:\/\/xstyle.md\/ro\/produs\/teplyj-buff-thermonet-midnight-grove\/","title":{"rendered":"Buff cald ThermoNet Midnight Grove"},"content":{"rendered":"<\/p>\n<p><strong>Buff\u00a0 cald ThermoNet Midnight Grove <\/strong>pentru iubitorii de vacan\u021be de iarn\u0103 active \u0219i extreme. Este fabricat\u0103 dintr-o \u021bes\u0103tur\u0103 foarte elastic\u0103 care absoarbe \u0219i evapor\u0103 perfect umezeala, materialul se usuc\u0103 rapid \u0219i ofer\u0103, de asemenea, protec\u021bie UV ridicat\u0103. Ideal pentru drume\u021bii \u0219i sporturi de iarn\u0103, cum ar fi schi fond, schi alpin \u0219i snowboarding.<\/p>\n<h3>Particularit\u0103\u021bi<\/h3>\n<ul>\n<li>Se \u00eentinde excelent \u0219i poate fi purtat \u00eentr-o varietate de moduri<\/li>\n<li>Re\u021bine c\u0103ldura de patru ori mai bine dec\u00e2t un model tradi\u021bional din microfibr\u0103<\/li>\n<li>Moale \u0219i cald\u0103, aceast\u0103 e\u0219arf\u0103 tubular\u0103 are o durabilitate excelent\u0103 \u0219i v\u0103 va proteja nu numai de frig, ci \u0219i de umiditate \u0219i v\u00e2nt.<\/li>\n<li>\u021aes\u0103tura \u00eendep\u0103rteaz\u0103 umezeala de pe corp, for\u021b\u00e2nd-o s\u0103 se evapore \u00eenainte ca mirosul de transpira\u021bie s\u0103 se acumuleze<\/li>\n<li>100% f\u0103r\u0103 cus\u0103turi &#8212; produsul este creat dintr-o singur\u0103 bucat\u0103 de \u021bes\u0103tur\u0103 \u0219i f\u0103r\u0103 cus\u0103turi, astfel \u00eenc\u00e2t ofer\u0103 confort maxim \u0219i previne iritarea pielii<\/li>\n<li>\u021aes\u0103tura a fost realizat\u0103 \u00een colaborare cu marca Repreve\u00ae, care produce fibre reciclate din materiale reciclate, inclusiv sticle de plastic folosite<\/li>\n<li>Certificare OEKO-TEX standart 100: un sistem independent pentru verificarea produselor \u00een toate etapele de produc\u021bie.<\/li>\n<\/ul>\n<h3>Caracteristici<\/h3>\n<ul>\n<li>Material &#8212; 100% poliester\/ThermoNet\u00ae<\/li>\n<li>Destina\u021bie &#8212; schi\/activitate\/snowboarding\/tracking<\/li>\n<li>Anotimp - iarn\u0103<\/li>\n<\/ul>\n<h3>Tehnologie<\/h3>\n<ul>\n<li><strong>Primaloft\u00ae<\/strong> este un material sintetic care are propriet\u0103\u021bi ridicate de izolare termic\u0103. Testele de laborator au ar\u0103tat c\u0103 PrimaLoft are exact aceea\u0219i moliciune ca \u0219i puful de g\u00e2sc\u0103 \u0219i este mult mai moale dec\u00e2t materialele izolante similare. Datorit\u0103 acestei caracteristici a materialului, toate produsele fabricate din acesta iau forma necesar\u0103: \u00eembr\u0103c\u0103mintea se potrive\u0219te siluetei.<\/li>\n<li><strong>ThermoNet<\/strong>\u00ae &#8212; un material tehnologic care \u00eendep\u0103rteaz\u0103 rapid umezeala de pe piele, p\u0103str\u00e2nd \u00een acela\u0219i timp c\u0103ldura \u00een interior, men\u021bin\u00e2ndu-v\u0103 confortul \u00een cele mai extreme condi\u021bii. De\u0219i inovatoare \u0219i avansate din punct de vedere tehnologic, bandanele \u0219i p\u0103l\u0103riile ThermoNet\u00ae mo\u0219tenesc toate cele mai bune calit\u0103\u021bi \u0219i versatilitatea predecesorilor lor.<\/li>\n<\/ul>\n<h3>Marca<\/h3>\n<p>BUFF\u00ae este un brand spaniol care a luat na\u0219tere \u00een 1992, c\u00e2nd Joan Rojas, proprietarul unei fabrici de textile catalane \u0219i pasionat de motociclism, \u0219i-a dat seama c\u0103 era nevoie de un accesoriu simplu care s\u0103 protejeze g\u00e2tul \u0219i capul de v\u00e2nt, frig \u0219i soare pentru a face motociclismul mai confortabil.<\/p>\n<p>Lui Rojas i-a pl\u0103cut ideea unei e\u0219arfe militare multifunc\u021bionale care se putea transforma \u00een masc\u0103, coif sau e\u0219arf\u0103. Experimentele din fabrica de textile a familiei sale cu diferite materiale \u0219i forme de t\u0103iere au culminat cu g\u0103sirea de c\u0103tre Rojas a unei modalit\u0103\u021bi de a produce o e\u0219arf\u0103 cilindric\u0103 f\u0103r\u0103 sudur\u0103 din microfibr\u0103. Dup\u0103 ce prototipurile au fost testate de familia, prietenii \u0219i colegii sportivi ai lui Rojas, \u00een 1992 a fost lansat\u0103 prima colec\u021bie de bandane f\u0103r\u0103 cus\u0103turi sub logo-ul BUFF\u00ae.<\/p>\n<p>\u00cen 2017, BUFF\u00ae \u0219i-a extins sim\u021bitor linia de modele, a \u00eenceput s\u0103 produc\u0103 nu numai bandane, ci \u0219i alte articole de acoperit capul, at\u00e2t pentru sport, c\u00e2t \u0219i pentru via\u021ba de zi cu zi.<\/p>\n<p><\/p>","protected":false},"excerpt":{"rendered":"","protected":false},"featured_media":78458,"comment_status":"open","ping_status":"closed","template":"","meta":{"_acf_changed":false,"inline_featured_image":false},"product_brand":[1302],"product_cat":[490],"product_tag":[],"class_list":{"0":"post-78273","1":"product","2":"type-product","3":"status-publish","4":"has-post-thumbnail","6":"product_brand-buff","7":"product_cat-neckwarmer-buff","9":"first","10":"outofstock","11":"shipping-taxable","12":"product-type-simple"},"acf":[],"yoast_head":"<!-- This site is optimized with the Yoast SEO plugin v27.2 - https:\/\/yoast.com\/product\/yoast-seo-wordpress\/ -->\n<title>\u0422\u0435\u043f\u043b\u044b\u0439 Buff ThermoNet Midnight Grove - \u041c\u0430\u0433\u0430\u0437\u0438\u043d Xstyle<\/title>\n<meta name=\"description\" content=\"\u041a\u0443\u043f\u0438\u0442\u0435 \u0422\u0435\u043f\u043b\u044b\u0439 Buff ThermoNet Midnight Grove \u2013 \u0438\u0434\u0435\u0430\u043b\u044c\u043d\u044b\u0439 \u0432\u044b\u0431\u043e\u0440 \u0434\u043b\u044f \u0437\u0438\u043c\u043d\u0438\u0445 \u043f\u0440\u0438\u043a\u043b\u044e\u0447\u0435\u043d\u0438\u0439. \u0412\u044b\u0441\u043e\u043a\u043e\u043a\u0430\u0447\u0435\u0441\u0442\u0432\u0435\u043d\u043d\u044b\u0439, \u044d\u043b\u0430\u0441\u0442\u0438\u0447\u043d\u044b\u0439, \u0431\u044b\u0441\u0442\u0440\u043e \u0441\u043e\u0445\u043d\u0443\u0449\u0438\u0439 \u0438 \u0437\u0430\u0449\u0438\u0449\u0430\u044e\u0449\u0438\u0439 \u043e\u0442 \u0423\u0424.\" \/>\n<meta name=\"robots\" content=\"index, follow, max-snippet:-1, max-image-preview:large, max-video-preview:-1\" \/>\n<link rel=\"canonical\" href=\"https:\/\/xstyle.md\/ro\/produs\/teplyj-buff-thermonet-midnight-grove\/\" \/>\n<meta property=\"og:locale\" content=\"ro_RO\" \/>\n<meta property=\"og:type\" content=\"article\" \/>\n<meta property=\"og:title\" content=\"\u0422\u0435\u043f\u043b\u044b\u0439 Buff ThermoNet Midnight Grove - \u041c\u0430\u0433\u0430\u0437\u0438\u043d Xstyle\" \/>\n<meta property=\"og:description\" content=\"\u041a\u0443\u043f\u0438\u0442\u0435 \u0422\u0435\u043f\u043b\u044b\u0439 Buff ThermoNet Midnight Grove \u2013 \u0438\u0434\u0435\u0430\u043b\u044c\u043d\u044b\u0439 \u0432\u044b\u0431\u043e\u0440 \u0434\u043b\u044f \u0437\u0438\u043c\u043d\u0438\u0445 \u043f\u0440\u0438\u043a\u043b\u044e\u0447\u0435\u043d\u0438\u0439. \u0412\u044b\u0441\u043e\u043a\u043e\u043a\u0430\u0447\u0435\u0441\u0442\u0432\u0435\u043d\u043d\u044b\u0439, \u044d\u043b\u0430\u0441\u0442\u0438\u0447\u043d\u044b\u0439, \u0431\u044b\u0441\u0442\u0440\u043e \u0441\u043e\u0445\u043d\u0443\u0449\u0438\u0439 \u0438 \u0437\u0430\u0449\u0438\u0449\u0430\u044e\u0449\u0438\u0439 \u043e\u0442 \u0423\u0424.\" \/>\n<meta property=\"og:url\" content=\"https:\/\/xstyle.md\/ro\/produs\/teplyj-buff-thermonet-midnight-grove\/\" \/>\n<meta property=\"og:site_name\" content=\"\u041c\u0430\u0433\u0430\u0437\u0438\u043d Xstyle\" \/>\n<meta property=\"article:publisher\" content=\"https:\/\/www.facebook.com\/xstylemd\" \/>\n<meta property=\"article:modified_time\" content=\"2025-10-22T14:19:32+00:00\" \/>\n<meta property=\"og:image\" content=\"https:\/\/xstyle.md\/wp-content\/uploads\/2024\/01\/teplyj-buff-thermonet-midnight-grove.jpg\" \/>\n\t<meta property=\"og:image:width\" content=\"1038\" \/>\n\t<meta property=\"og:image:height\" content=\"1065\" \/>\n\t<meta property=\"og:image:type\" content=\"image\/jpeg\" \/>\n<meta name=\"twitter:card\" content=\"summary_large_image\" \/>\n<meta name=\"twitter:label1\" content=\"Pre\u021b\" \/>\n\t<meta name=\"twitter:data1\" content=\"630&nbsp;MDL\" \/>\n\t<meta name=\"twitter:label2\" content=\"Disponibilitate\" \/>\n\t<meta name=\"twitter:data2\" content=\"Stoc epuizat\" \/>\n<script type=\"application\/ld+json\" class=\"yoast-schema-graph\">{\"@context\":\"https:\/\/schema.org\",\"@graph\":[{\"@type\":\"WebPage\",\"@id\":\"https:\/\/xstyle.md\/product\/teplyj-buff-thermonet-midnight-grove\/\",\"url\":\"https:\/\/xstyle.md\/product\/teplyj-buff-thermonet-midnight-grove\/\",\"name\":\"\u0422\u0435\u043f\u043b\u044b\u0439 Buff ThermoNet Midnight Grove - \u041c\u0430\u0433\u0430\u0437\u0438\u043d Xstyle\",\"isPartOf\":{\"@id\":\"https:\/\/xstyle.md\/#website\"},\"primaryImageOfPage\":{\"@id\":\"https:\/\/xstyle.md\/product\/teplyj-buff-thermonet-midnight-grove\/#primaryimage\"},\"image\":{\"@id\":\"https:\/\/xstyle.md\/product\/teplyj-buff-thermonet-midnight-grove\/#primaryimage\"},\"thumbnailUrl\":\"https:\/\/xstyle.md\/wp-content\/uploads\/2024\/01\/teplyj-buff-thermonet-midnight-grove.jpg\",\"datePublished\":\"2024-01-11T12:15:15+00:00\",\"dateModified\":\"2025-10-22T14:19:32+00:00\",\"description\":\"\u041a\u0443\u043f\u0438\u0442\u0435 \u0422\u0435\u043f\u043b\u044b\u0439 Buff ThermoNet Midnight Grove \u2013 \u0438\u0434\u0435\u0430\u043b\u044c\u043d\u044b\u0439 \u0432\u044b\u0431\u043e\u0440 \u0434\u043b\u044f \u0437\u0438\u043c\u043d\u0438\u0445 \u043f\u0440\u0438\u043a\u043b\u044e\u0447\u0435\u043d\u0438\u0439. \u0412\u044b\u0441\u043e\u043a\u043e\u043a\u0430\u0447\u0435\u0441\u0442\u0432\u0435\u043d\u043d\u044b\u0439, \u044d\u043b\u0430\u0441\u0442\u0438\u0447\u043d\u044b\u0439, \u0431\u044b\u0441\u0442\u0440\u043e \u0441\u043e\u0445\u043d\u0443\u0449\u0438\u0439 \u0438 \u0437\u0430\u0449\u0438\u0449\u0430\u044e\u0449\u0438\u0439 \u043e\u0442 \u0423\u0424.\",\"breadcrumb\":{\"@id\":\"https:\/\/xstyle.md\/product\/teplyj-buff-thermonet-midnight-grove\/#breadcrumb\"},\"inLanguage\":\"ro-RO\",\"potentialAction\":[{\"@type\":\"ReadAction\",\"target\":[\"https:\/\/xstyle.md\/product\/teplyj-buff-thermonet-midnight-grove\/\"]}]},{\"@type\":\"ImageObject\",\"inLanguage\":\"ro-RO\",\"@id\":\"https:\/\/xstyle.md\/product\/teplyj-buff-thermonet-midnight-grove\/#primaryimage\",\"url\":\"https:\/\/xstyle.md\/wp-content\/uploads\/2024\/01\/teplyj-buff-thermonet-midnight-grove.jpg\",\"contentUrl\":\"https:\/\/xstyle.md\/wp-content\/uploads\/2024\/01\/teplyj-buff-thermonet-midnight-grove.jpg\",\"width\":1038,\"height\":1065,\"caption\":\"\u0422\u0435\u043f\u043b\u044b\u0439 Buff ThermoNet Midnight Grove \u0434\u043b\u044f \u0430\u043a\u0442\u0438\u0432\u043d\u043e\u0433\u043e \u043e\u0442\u0434\u044b\u0445\u0430, \u043f\u043e\u0445\u043e\u0434\u043e\u0432 \u0438 \u043f\u0443\u0442\u0435\u0448\u0435\u0441\u0442\u0432\u0438\u0439, \u043a\u043e\u043c\u0444\u043e\u0440\u0442\u043d\u0430\u044f \u043e\u0434\u0435\u0436\u0434\u0430 \u0438 \u043e\u0431\u0443\u0432\u044c \u0434\u043b\u044f \u0430\u043b\u044c\u043f\u0438\u043d\u0438\u0437\u043c\u0430 \u0438 \u0442\u0443\u0440\u0438\u0437\u043c\u0430\"},{\"@type\":\"BreadcrumbList\",\"@id\":\"https:\/\/xstyle.md\/product\/teplyj-buff-thermonet-midnight-grove\/#breadcrumb\",\"itemListElement\":[{\"@type\":\"ListItem\",\"position\":1,\"name\":\"\u0413\u043b\u0430\u0432\u043d\u0430\u044f \u0441\u0442\u0440\u0430\u043d\u0438\u0446\u0430\",\"item\":\"https:\/\/xstyle.md\/\"},{\"@type\":\"ListItem\",\"position\":2,\"name\":\"\u041c\u0430\u0433\u0430\u0437\u0438\u043d\",\"item\":\"https:\/\/xstyle.md\/shop\/\"},{\"@type\":\"ListItem\",\"position\":3,\"name\":\"\u0422\u0435\u043f\u043b\u044b\u0439 Buff ThermoNet Midnight Grove\"}]},{\"@type\":\"WebSite\",\"@id\":\"https:\/\/xstyle.md\/#website\",\"url\":\"https:\/\/xstyle.md\/\",\"name\":\"\u041c\u0430\u0433\u0430\u0437\u0438\u043d Xstyle\",\"description\":\"C\u043d\u0430\u0440\u044f\u0436\u0435\u043d\u0438\u0435 \u0434\u043b\u044f \u0442\u0443\u0440\u0438\u0437\u043c\u0430 \u0438 \u044d\u043a\u0441\u0442\u0440\u0435\u043c\u0430\u043b\u044c\u043d\u044b\u0445 \u0432\u0438\u0434\u043e\u0432 \u0441\u043f\u043e\u0440\u0442\u0430 \u0432 \u041c\u043e\u043b\u0434\u043e\u0432\u0435.. \u0426\u0435\u043d\u044b, \u0444\u043e\u0442\u043e, \u0445\u0430\u0440\u0430\u043a\u0442\u0435\u0440\u0438\u0441\u0442\u0438\u043a\u0438 \u0432 \u041c\u043e\u043b\u0434\u043e\u0432\u0435.\",\"publisher\":{\"@id\":\"https:\/\/xstyle.md\/#organization\"},\"alternateName\":\"X-Style\",\"potentialAction\":[{\"@type\":\"SearchAction\",\"target\":{\"@type\":\"EntryPoint\",\"urlTemplate\":\"https:\/\/xstyle.md\/?s={search_term_string}\"},\"query-input\":{\"@type\":\"PropertyValueSpecification\",\"valueRequired\":true,\"valueName\":\"search_term_string\"}}],\"inLanguage\":\"ro-RO\"},{\"@type\":\"Organization\",\"@id\":\"https:\/\/xstyle.md\/#organization\",\"name\":\"\u041c\u0430\u0433\u0430\u0437\u0438\u043d Xstyle\",\"alternateName\":\"x-style\",\"url\":\"https:\/\/xstyle.md\/\",\"logo\":{\"@type\":\"ImageObject\",\"inLanguage\":\"ro-RO\",\"@id\":\"https:\/\/xstyle.md\/#\/schema\/logo\/image\/\",\"url\":\"https:\/\/xstyle.md\/wp-content\/uploads\/2020\/06\/logoicon.svg\",\"contentUrl\":\"https:\/\/xstyle.md\/wp-content\/uploads\/2020\/06\/logoicon.svg\",\"caption\":\"\u041c\u0430\u0433\u0430\u0437\u0438\u043d Xstyle\"},\"image\":{\"@id\":\"https:\/\/xstyle.md\/#\/schema\/logo\/image\/\"},\"sameAs\":[\"https:\/\/www.facebook.com\/xstylemd\",\"https:\/\/www.instagram.com\/xstyle_md\/\",\"https:\/\/t.me\/xstyle_outdoor\"],\"hasMerchantReturnPolicy\":{\"@type\":\"MerchantReturnPolicy\",\"merchantReturnLink\":\"https:\/\/xstyle.md\/ro\/conditions\/\"}}]}<\/script>\n<meta property=\"product:price:amount\" content=\"630.00\" \/>\n<meta property=\"product:price:currency\" content=\"MDL\" \/>\n<meta property=\"og:availability\" content=\"out of stock\" \/>\n<meta property=\"product:availability\" content=\"out of stock\" \/>\n<meta property=\"product:retailer_item_id\" content=\"8428927450517\" \/>\n<meta property=\"product:condition\" content=\"new\" \/>\n<!-- \/ Yoast SEO plugin. -->","yoast_head_json":{"title":"Buff cald ThermoNet Midnight Grove - Magazin Xstyle","description":"Cump\u0103ra\u021bi T\u0103ciunea Cald Buff ThermoNet Midnight Grove \u2013 alegerea perfect\u0103 pentru aventurile de iarn\u0103. De \u00eenalt\u0103 calitate, elastic, cu uscare rapid\u0103 \u0219i protec\u021bie UV.","robots":{"index":"index","follow":"follow","max-snippet":"max-snippet:-1","max-image-preview":"max-image-preview:large","max-video-preview":"max-video-preview:-1"},"canonical":"https:\/\/xstyle.md\/ro\/produs\/teplyj-buff-thermonet-midnight-grove\/","og_locale":"ro_RO","og_type":"article","og_title":"\u0422\u0435\u043f\u043b\u044b\u0439 Buff ThermoNet Midnight Grove - \u041c\u0430\u0433\u0430\u0437\u0438\u043d Xstyle","og_description":"\u041a\u0443\u043f\u0438\u0442\u0435 \u0422\u0435\u043f\u043b\u044b\u0439 Buff ThermoNet Midnight Grove \u2013 \u0438\u0434\u0435\u0430\u043b\u044c\u043d\u044b\u0439 \u0432\u044b\u0431\u043e\u0440 \u0434\u043b\u044f \u0437\u0438\u043c\u043d\u0438\u0445 \u043f\u0440\u0438\u043a\u043b\u044e\u0447\u0435\u043d\u0438\u0439. \u0412\u044b\u0441\u043e\u043a\u043e\u043a\u0430\u0447\u0435\u0441\u0442\u0432\u0435\u043d\u043d\u044b\u0439, \u044d\u043b\u0430\u0441\u0442\u0438\u0447\u043d\u044b\u0439, \u0431\u044b\u0441\u0442\u0440\u043e \u0441\u043e\u0445\u043d\u0443\u0449\u0438\u0439 \u0438 \u0437\u0430\u0449\u0438\u0449\u0430\u044e\u0449\u0438\u0439 \u043e\u0442 \u0423\u0424.","og_url":"https:\/\/xstyle.md\/ro\/produs\/teplyj-buff-thermonet-midnight-grove\/","og_site_name":"\u041c\u0430\u0433\u0430\u0437\u0438\u043d Xstyle","article_publisher":"https:\/\/www.facebook.com\/xstylemd","article_modified_time":"2025-10-22T14:19:32+00:00","og_image":[{"width":1038,"height":1065,"url":"https:\/\/xstyle.md\/wp-content\/uploads\/2024\/01\/teplyj-buff-thermonet-midnight-grove.jpg","type":"image\/jpeg"}],"twitter_card":"summary_large_image","twitter_misc":{"Pre\u021b":"630&nbsp;MDL","Disponibilitate":"Stoc epuizat"},"schema":{"@context":"https:\/\/schema.org","@graph":[{"@type":"WebPage","@id":"https:\/\/xstyle.md\/product\/teplyj-buff-thermonet-midnight-grove\/","url":"https:\/\/xstyle.md\/product\/teplyj-buff-thermonet-midnight-grove\/","name":"Buff cald ThermoNet Midnight Grove - Magazin Xstyle","isPartOf":{"@id":"https:\/\/xstyle.md\/#website"},"primaryImageOfPage":{"@id":"https:\/\/xstyle.md\/product\/teplyj-buff-thermonet-midnight-grove\/#primaryimage"},"image":{"@id":"https:\/\/xstyle.md\/product\/teplyj-buff-thermonet-midnight-grove\/#primaryimage"},"thumbnailUrl":"https:\/\/xstyle.md\/wp-content\/uploads\/2024\/01\/teplyj-buff-thermonet-midnight-grove.jpg","datePublished":"2024-01-11T12:15:15+00:00","dateModified":"2025-10-22T14:19:32+00:00","description":"Cump\u0103ra\u021bi T\u0103ciunea Cald Buff ThermoNet Midnight Grove \u2013 alegerea perfect\u0103 pentru aventurile de iarn\u0103. De \u00eenalt\u0103 calitate, elastic, cu uscare rapid\u0103 \u0219i protec\u021bie UV.","breadcrumb":{"@id":"https:\/\/xstyle.md\/product\/teplyj-buff-thermonet-midnight-grove\/#breadcrumb"},"inLanguage":"ro-RO","potentialAction":[{"@type":"ReadAction","target":["https:\/\/xstyle.md\/product\/teplyj-buff-thermonet-midnight-grove\/"]}]},{"@type":"ImageObject","inLanguage":"ro-RO","@id":"https:\/\/xstyle.md\/product\/teplyj-buff-thermonet-midnight-grove\/#primaryimage","url":"https:\/\/xstyle.md\/wp-content\/uploads\/2024\/01\/teplyj-buff-thermonet-midnight-grove.jpg","contentUrl":"https:\/\/xstyle.md\/wp-content\/uploads\/2024\/01\/teplyj-buff-thermonet-midnight-grove.jpg","width":1038,"height":1065,"caption":"\u0422\u0435\u043f\u043b\u044b\u0439 Buff ThermoNet Midnight Grove \u0434\u043b\u044f \u0430\u043a\u0442\u0438\u0432\u043d\u043e\u0433\u043e \u043e\u0442\u0434\u044b\u0445\u0430, \u043f\u043e\u0445\u043e\u0434\u043e\u0432 \u0438 \u043f\u0443\u0442\u0435\u0448\u0435\u0441\u0442\u0432\u0438\u0439, \u043a\u043e\u043c\u0444\u043e\u0440\u0442\u043d\u0430\u044f \u043e\u0434\u0435\u0436\u0434\u0430 \u0438 \u043e\u0431\u0443\u0432\u044c \u0434\u043b\u044f \u0430\u043b\u044c\u043f\u0438\u043d\u0438\u0437\u043c\u0430 \u0438 \u0442\u0443\u0440\u0438\u0437\u043c\u0430"},{"@type":"BreadcrumbList","@id":"https:\/\/xstyle.md\/product\/teplyj-buff-thermonet-midnight-grove\/#breadcrumb","itemListElement":[{"@type":"ListItem","position":1,"name":"\u0413\u043b\u0430\u0432\u043d\u0430\u044f \u0441\u0442\u0440\u0430\u043d\u0438\u0446\u0430","item":"https:\/\/xstyle.md\/"},{"@type":"ListItem","position":2,"name":"\u041c\u0430\u0433\u0430\u0437\u0438\u043d","item":"https:\/\/xstyle.md\/shop\/"},{"@type":"ListItem","position":3,"name":"\u0422\u0435\u043f\u043b\u044b\u0439 Buff ThermoNet Midnight Grove"}]},{"@type":"WebSite","@id":"https:\/\/xstyle.md\/#website","url":"https:\/\/xstyle.md\/","name":"Magazinul X-Style","description":"Echipamente pentru turism \u0219i sporturi extreme \u00een Moldova. Pre\u021buri, fotografii, caracteristici \u00een Moldova.","publisher":{"@id":"https:\/\/xstyle.md\/#organization"},"alternateName":"X-Style","potentialAction":[{"@type":"SearchAction","target":{"@type":"EntryPoint","urlTemplate":"https:\/\/xstyle.md\/?s={search_term_string}"},"query-input":{"@type":"PropertyValueSpecification","valueRequired":true,"valueName":"search_term_string"}}],"inLanguage":"ro-RO"},{"@type":"Organization","@id":"https:\/\/xstyle.md\/#organization","name":"Magazinul X-Style","alternateName":"x-style","url":"https:\/\/xstyle.md\/","logo":{"@type":"ImageObject","inLanguage":"ro-RO","@id":"https:\/\/xstyle.md\/#\/schema\/logo\/image\/","url":"https:\/\/xstyle.md\/wp-content\/uploads\/2020\/06\/logoicon.svg","contentUrl":"https:\/\/xstyle.md\/wp-content\/uploads\/2020\/06\/logoicon.svg","caption":"\u041c\u0430\u0433\u0430\u0437\u0438\u043d Xstyle"},"image":{"@id":"https:\/\/xstyle.md\/#\/schema\/logo\/image\/"},"sameAs":["https:\/\/www.facebook.com\/xstylemd","https:\/\/www.instagram.com\/xstyle_md\/","https:\/\/t.me\/xstyle_outdoor"],"hasMerchantReturnPolicy":{"@type":"MerchantReturnPolicy","merchantReturnLink":"https:\/\/xstyle.md\/ro\/conditions\/"}}]},"product_price_amount":"630.00","product_price_currency":"MDL","og_availability":"out of stock","product_availability":"out of stock","product_retailer_item_id":"8428927450517","product_condition":"new"},"post_mailing_queue_ids":[],"_links":{"self":[{"href":"https:\/\/xstyle.md\/ro\/wp-json\/wp\/v2\/product\/78273","targetHints":{"allow":["GET"]}}],"collection":[{"href":"https:\/\/xstyle.md\/ro\/wp-json\/wp\/v2\/product"}],"about":[{"href":"https:\/\/xstyle.md\/ro\/wp-json\/wp\/v2\/types\/product"}],"replies":[{"embeddable":true,"href":"https:\/\/xstyle.md\/ro\/wp-json\/wp\/v2\/comments?post=78273"}],"wp:featuredmedia":[{"embeddable":true,"href":"https:\/\/xstyle.md\/ro\/wp-json\/wp\/v2\/media\/78458"}],"wp:attachment":[{"href":"https:\/\/xstyle.md\/ro\/wp-json\/wp\/v2\/media?parent=78273"}],"wp:term":[{"taxonomy":"product_brand","embeddable":true,"href":"https:\/\/xstyle.md\/ro\/wp-json\/wp\/v2\/product_brand?post=78273"},{"taxonomy":"product_cat","embeddable":true,"href":"https:\/\/xstyle.md\/ro\/wp-json\/wp\/v2\/product_cat?post=78273"},{"taxonomy":"product_tag","embeddable":true,"href":"https:\/\/xstyle.md\/ro\/wp-json\/wp\/v2\/product_tag?post=78273"}],"curies":[{"name":"wp","href":"https:\/\/api.w.org\/{rel}","templated":true}]}}