{"id":78244,"date":"2024-01-11T15:15:10","date_gmt":"2024-01-11T12:15:10","guid":{"rendered":"https:\/\/xstyle.md\/?post_type=product&#038;p=78244"},"modified":"2026-03-19T17:17:20","modified_gmt":"2026-03-19T14:17:20","slug":"vyazanyj-buff-marin-lavender","status":"publish","type":"product","link":"https:\/\/xstyle.md\/ro\/produs\/vyazanyj-buff-marin-lavender\/","title":{"rendered":"Buff tricotat Buff Marin Lavender"},"content":{"rendered":"<\/p>\n<p><strong>Buff Marin Lavender<\/strong> &#8212; buff c\u0103lduros tricotat pentru activit\u0103\u021bi \u00een aer liber \u0219i uzura zilnic\u0103 ofer\u0103 protec\u021bie \u00eempotriva frigului \u0219i v\u00e2ntului \u00een cele mai dure condi\u021bii meteorologice. C\u0103ptu\u0219eala moale din fleece creeaz\u0103 o izolare termic\u0103 eficient\u0103 \u0219i ofer\u0103 protec\u021bie \u0219i confort suplimentar pe vreme rece \u0219i v\u00e2ntoas\u0103. Modelul se armonizeaz\u0103 at\u00e2t cu \u021binutele urbane, c\u00e2t \u0219i cu cele sportive.<\/p>\n<h3>Particularit\u0103\u021bi<\/h3>\n<ul>\n<li>C\u0103ptu\u0219it\u0103 cu \u021bes\u0103tur\u0103 fleece Primaloft\u00ae de \u00eenalt\u0103 calitate<\/li>\n<li>Materialul hipoalergenic este u\u0219or de \u00eentre\u021binut \u0219i \u00ee\u0219i p\u0103streaz\u0103 aspectul \u0219i dimensiunea ini\u021bial\u0103 dup\u0103 multe sp\u0103l\u0103ri.<\/li>\n<li>Permeabilitate la aer \u0219i gestionarea umidit\u0103\u021bii cu c\u0103ptu\u0219eala din fleece<\/li>\n<li>Polar Fleece &#8212; \u021bes\u0103tur\u0103 sintetic\u0103 moale \u0219i u\u0219oar\u0103 cu propriet\u0103\u021bi excelente de izolare termic\u0103, ofer\u0103 confort \u0219i izolare termic\u0103 excelent\u0103 cu o greutate mai mic\u0103 dec\u00e2t cea mai u\u0219oar\u0103 l\u00e2n\u0103 disponibil\u0103.<\/li>\n<li>Certificare OEKO-TEX standart 100: un sistem independent pentru verificarea produselor \u00een toate etapele de produc\u021bie.<\/li>\n<\/ul>\n<h3>Caracteristici<\/h3>\n<ul>\n<li>Material &#8212; 100% acrilic<\/li>\n<li>Model &#8212; unisex<\/li>\n<\/ul>\n<h3>Tehnologie<\/h3>\n<ul>\n<li><strong>Primaloft<\/strong>\u00ae &#8212; este un material sintetic care are propriet\u0103\u021bi ridicate de izolare termic\u0103. Studiile de laborator au ar\u0103tat c\u0103 PrimaLoft are exact aceea\u0219i moliciune ca \u0219i puful de g\u00e2sc\u0103 \u0219i este mult mai moale dec\u00e2t materialele izolante similare. Datorit\u0103 acestei caracteristici a materialului, toate produsele fabricate din acesta iau forma necesar\u0103: \u00eembr\u0103c\u0103mintea se potrive\u0219te siluetei.<\/li>\n<\/ul>\n<h3>Marca<\/h3>\n<p>BUFF\u00ae este un brand spaniol care a luat na\u0219tere \u00een 1992, c\u00e2nd Joan Rojas, proprietarul unei fabrici de textile catalane \u0219i pasionat de motociclism, \u0219i-a dat seama c\u0103 era nevoie de un accesoriu simplu care s\u0103 protejeze g\u00e2tul \u0219i capul de v\u00e2nt, frig \u0219i soare pentru a face motociclismul mai confortabil.<\/p>\n<p>Lui Rojas i-a pl\u0103cut ideea unei e\u0219arfe militare multifunc\u021bionale care se putea transforma \u00een masc\u0103, coif sau e\u0219arf\u0103. Experimentele din fabrica de textile a familiei sale cu diferite materiale \u0219i forme de t\u0103iere au culminat cu g\u0103sirea de c\u0103tre Rojas a unei modalit\u0103\u021bi de a produce o e\u0219arf\u0103 cilindric\u0103 f\u0103r\u0103 sudur\u0103 din microfibr\u0103. Dup\u0103 ce prototipurile au fost testate de familia, prietenii \u0219i colegii sportivi ai lui Rojas, \u00een 1992 a fost lansat\u0103 prima colec\u021bie de bandane f\u0103r\u0103 cus\u0103turi sub logo-ul BUFF\u00ae.<\/p>\n<p>\u00cen 2017, BUFF\u00ae \u0219i-a extins sim\u021bitor linia de modele, a \u00eenceput s\u0103 produc\u0103 nu numai bandane, ci \u0219i alte articole de acoperit capul, at\u00e2t pentru sport, c\u00e2t \u0219i pentru via\u021ba de zi cu zi.<\/p>\n<p><\/p>","protected":false},"excerpt":{"rendered":"","protected":false},"featured_media":78520,"comment_status":"open","ping_status":"closed","template":"","meta":{"_acf_changed":false,"inline_featured_image":false},"product_brand":[1302],"product_cat":[490],"product_tag":[],"class_list":{"0":"post-78244","1":"product","2":"type-product","3":"status-publish","4":"has-post-thumbnail","6":"product_brand-buff","7":"product_cat-neckwarmer-buff","9":"first","10":"instock","11":"shipping-taxable","12":"purchasable","13":"product-type-simple"},"acf":[],"yoast_head":"<!-- This site is optimized with the Yoast SEO plugin v27.4 - https:\/\/yoast.com\/product\/yoast-seo-wordpress\/ -->\n<title>\u0412\u044f\u0437\u0430\u043d\u044b\u0439 Buff Marin Lavender - \u041c\u0430\u0433\u0430\u0437\u0438\u043d Xstyle<\/title>\n<meta name=\"description\" content=\"\u041a\u0430\u0447\u0435\u0441\u0442\u0432\u0435\u043d\u043d\u044b\u0439 \u0432\u044f\u0437\u0430\u043d\u044b\u0439 Buff Marin Lavender \u0441 \u043f\u043e\u0434\u043a\u043b\u0430\u0434\u043a\u043e\u0439 \u0438\u0437 Primaloft \u0438 fleece, \u0438\u0434\u0435\u0430\u043b\u0435\u043d \u0434\u043b\u044f \u0430\u043a\u0442\u0438\u0432\u043d\u043e\u0433\u043e \u043e\u0442\u0434\u044b\u0445\u0430. \u041d\u0430\u0434\u0435\u0436\u043d\u0430\u044f \u0437\u0430\u0449\u0438\u0442\u0430 \u043e\u0442 \u0445\u043e\u043b\u043e\u0434\u0430 \u0438 \u0432\u0435\u0442\u0440\u0430.\" \/>\n<meta name=\"robots\" content=\"index, follow, max-snippet:-1, max-image-preview:large, max-video-preview:-1\" \/>\n<link rel=\"canonical\" href=\"https:\/\/xstyle.md\/ro\/produs\/vyazanyj-buff-marin-lavender\/\" \/>\n<meta property=\"og:locale\" content=\"ro_RO\" \/>\n<meta property=\"og:type\" content=\"article\" \/>\n<meta property=\"og:title\" content=\"\u0412\u044f\u0437\u0430\u043d\u044b\u0439 Buff Marin Lavender - \u041c\u0430\u0433\u0430\u0437\u0438\u043d Xstyle\" \/>\n<meta property=\"og:description\" content=\"\u041a\u0430\u0447\u0435\u0441\u0442\u0432\u0435\u043d\u043d\u044b\u0439 \u0432\u044f\u0437\u0430\u043d\u044b\u0439 Buff Marin Lavender \u0441 \u043f\u043e\u0434\u043a\u043b\u0430\u0434\u043a\u043e\u0439 \u0438\u0437 Primaloft \u0438 fleece, \u0438\u0434\u0435\u0430\u043b\u0435\u043d \u0434\u043b\u044f \u0430\u043a\u0442\u0438\u0432\u043d\u043e\u0433\u043e \u043e\u0442\u0434\u044b\u0445\u0430. \u041d\u0430\u0434\u0435\u0436\u043d\u0430\u044f \u0437\u0430\u0449\u0438\u0442\u0430 \u043e\u0442 \u0445\u043e\u043b\u043e\u0434\u0430 \u0438 \u0432\u0435\u0442\u0440\u0430.\" \/>\n<meta property=\"og:url\" content=\"https:\/\/xstyle.md\/ro\/produs\/vyazanyj-buff-marin-lavender\/\" \/>\n<meta property=\"og:site_name\" content=\"\u041c\u0430\u0433\u0430\u0437\u0438\u043d Xstyle\" \/>\n<meta property=\"article:publisher\" content=\"https:\/\/www.facebook.com\/xstylemd\" \/>\n<meta property=\"article:modified_time\" content=\"2026-03-19T14:17:20+00:00\" \/>\n<meta property=\"og:image\" content=\"https:\/\/xstyle.md\/wp-content\/uploads\/2024\/01\/vyazanyj-buff-marin-lavender.jpg\" \/>\n\t<meta property=\"og:image:width\" content=\"1093\" \/>\n\t<meta property=\"og:image:height\" content=\"1123\" \/>\n\t<meta property=\"og:image:type\" content=\"image\/jpeg\" \/>\n<meta name=\"twitter:card\" content=\"summary_large_image\" \/>\n<meta name=\"twitter:label1\" content=\"Pre\u021b\" \/>\n\t<meta name=\"twitter:data1\" content=\"650&nbsp;MDL\" \/>\n\t<meta name=\"twitter:label2\" content=\"Disponibilitate\" \/>\n\t<meta name=\"twitter:data2\" content=\"\u00cen stoc\" \/>\n<script type=\"application\/ld+json\" class=\"yoast-schema-graph\">{\"@context\":\"https:\\\/\\\/schema.org\",\"@graph\":[{\"@type\":\"WebPage\",\"@id\":\"https:\\\/\\\/xstyle.md\\\/product\\\/vyazanyj-buff-marin-lavender\\\/\",\"url\":\"https:\\\/\\\/xstyle.md\\\/product\\\/vyazanyj-buff-marin-lavender\\\/\",\"name\":\"\u0412\u044f\u0437\u0430\u043d\u044b\u0439 Buff Marin Lavender - \u041c\u0430\u0433\u0430\u0437\u0438\u043d Xstyle\",\"isPartOf\":{\"@id\":\"https:\\\/\\\/xstyle.md\\\/#website\"},\"primaryImageOfPage\":{\"@id\":\"https:\\\/\\\/xstyle.md\\\/product\\\/vyazanyj-buff-marin-lavender\\\/#primaryimage\"},\"image\":{\"@id\":\"https:\\\/\\\/xstyle.md\\\/product\\\/vyazanyj-buff-marin-lavender\\\/#primaryimage\"},\"thumbnailUrl\":\"https:\\\/\\\/xstyle.md\\\/wp-content\\\/uploads\\\/2024\\\/01\\\/vyazanyj-buff-marin-lavender.jpg\",\"datePublished\":\"2024-01-11T12:15:10+00:00\",\"dateModified\":\"2026-03-19T14:17:20+00:00\",\"description\":\"\u041a\u0430\u0447\u0435\u0441\u0442\u0432\u0435\u043d\u043d\u044b\u0439 \u0432\u044f\u0437\u0430\u043d\u044b\u0439 Buff Marin Lavender \u0441 \u043f\u043e\u0434\u043a\u043b\u0430\u0434\u043a\u043e\u0439 \u0438\u0437 Primaloft \u0438 fleece, \u0438\u0434\u0435\u0430\u043b\u0435\u043d \u0434\u043b\u044f \u0430\u043a\u0442\u0438\u0432\u043d\u043e\u0433\u043e \u043e\u0442\u0434\u044b\u0445\u0430. \u041d\u0430\u0434\u0435\u0436\u043d\u0430\u044f \u0437\u0430\u0449\u0438\u0442\u0430 \u043e\u0442 \u0445\u043e\u043b\u043e\u0434\u0430 \u0438 \u0432\u0435\u0442\u0440\u0430.\",\"breadcrumb\":{\"@id\":\"https:\\\/\\\/xstyle.md\\\/product\\\/vyazanyj-buff-marin-lavender\\\/#breadcrumb\"},\"inLanguage\":\"ro-RO\",\"potentialAction\":[{\"@type\":\"ReadAction\",\"target\":[\"https:\\\/\\\/xstyle.md\\\/product\\\/vyazanyj-buff-marin-lavender\\\/\"]}]},{\"@type\":\"ImageObject\",\"inLanguage\":\"ro-RO\",\"@id\":\"https:\\\/\\\/xstyle.md\\\/product\\\/vyazanyj-buff-marin-lavender\\\/#primaryimage\",\"url\":\"https:\\\/\\\/xstyle.md\\\/wp-content\\\/uploads\\\/2024\\\/01\\\/vyazanyj-buff-marin-lavender.jpg\",\"contentUrl\":\"https:\\\/\\\/xstyle.md\\\/wp-content\\\/uploads\\\/2024\\\/01\\\/vyazanyj-buff-marin-lavender.jpg\",\"width\":1093,\"height\":1123,\"caption\":\"\u0412\u044f\u0437\u0430\u043d\u044b\u0439 Buff Marin Lavender \u0434\u043b\u044f \u0430\u043a\u0442\u0438\u0432\u043d\u043e\u0433\u043e \u043e\u0442\u0434\u044b\u0445\u0430 \u0438 \u043f\u0443\u0442\u0435\u0448\u0435\u0441\u0442\u0432\u0438\u0439, \u043e\u0434\u0435\u0436\u0434\u0430 \u0438 \u0430\u043a\u0441\u0435\u0441\u0441\u0443\u0430\u0440\u044b \u0434\u043b\u044f \u043f\u043e\u0445\u043e\u0434\u043e\u0432, \u0430\u043b\u044c\u043f\u0438\u043d\u0438\u0437\u043c\u0430 \u0438 \u0442\u0443\u0440\u0438\u0437\u043c\u0430\"},{\"@type\":\"BreadcrumbList\",\"@id\":\"https:\\\/\\\/xstyle.md\\\/product\\\/vyazanyj-buff-marin-lavender\\\/#breadcrumb\",\"itemListElement\":[{\"@type\":\"ListItem\",\"position\":1,\"name\":\"\u0413\u043b\u0430\u0432\u043d\u0430\u044f \u0441\u0442\u0440\u0430\u043d\u0438\u0446\u0430\",\"item\":\"https:\\\/\\\/xstyle.md\\\/\"},{\"@type\":\"ListItem\",\"position\":2,\"name\":\"\u041c\u0430\u0433\u0430\u0437\u0438\u043d\",\"item\":\"https:\\\/\\\/xstyle.md\\\/shop\\\/\"},{\"@type\":\"ListItem\",\"position\":3,\"name\":\"\u0412\u044f\u0437\u0430\u043d\u044b\u0439 Buff Marin Lavender\"}]},{\"@type\":\"WebSite\",\"@id\":\"https:\\\/\\\/xstyle.md\\\/#website\",\"url\":\"https:\\\/\\\/xstyle.md\\\/\",\"name\":\"\u041c\u0430\u0433\u0430\u0437\u0438\u043d Xstyle\",\"description\":\"C\u043d\u0430\u0440\u044f\u0436\u0435\u043d\u0438\u0435 \u0434\u043b\u044f \u0442\u0443\u0440\u0438\u0437\u043c\u0430 \u0438 \u044d\u043a\u0441\u0442\u0440\u0435\u043c\u0430\u043b\u044c\u043d\u044b\u0445 \u0432\u0438\u0434\u043e\u0432 \u0441\u043f\u043e\u0440\u0442\u0430 \u0432 \u041c\u043e\u043b\u0434\u043e\u0432\u0435.. \u0426\u0435\u043d\u044b, \u0444\u043e\u0442\u043e, \u0445\u0430\u0440\u0430\u043a\u0442\u0435\u0440\u0438\u0441\u0442\u0438\u043a\u0438 \u0432 \u041c\u043e\u043b\u0434\u043e\u0432\u0435.\",\"publisher\":{\"@id\":\"https:\\\/\\\/xstyle.md\\\/#organization\"},\"alternateName\":\"X-Style\",\"potentialAction\":[{\"@type\":\"SearchAction\",\"target\":{\"@type\":\"EntryPoint\",\"urlTemplate\":\"https:\\\/\\\/xstyle.md\\\/?s={search_term_string}\"},\"query-input\":{\"@type\":\"PropertyValueSpecification\",\"valueRequired\":true,\"valueName\":\"search_term_string\"}}],\"inLanguage\":\"ro-RO\"},{\"@type\":\"Organization\",\"@id\":\"https:\\\/\\\/xstyle.md\\\/#organization\",\"name\":\"\u041c\u0430\u0433\u0430\u0437\u0438\u043d Xstyle\",\"alternateName\":\"x-style\",\"url\":\"https:\\\/\\\/xstyle.md\\\/\",\"logo\":{\"@type\":\"ImageObject\",\"inLanguage\":\"ro-RO\",\"@id\":\"https:\\\/\\\/xstyle.md\\\/#\\\/schema\\\/logo\\\/image\\\/\",\"url\":\"https:\\\/\\\/xstyle.md\\\/wp-content\\\/uploads\\\/2020\\\/06\\\/logoicon.svg\",\"contentUrl\":\"https:\\\/\\\/xstyle.md\\\/wp-content\\\/uploads\\\/2020\\\/06\\\/logoicon.svg\",\"caption\":\"\u041c\u0430\u0433\u0430\u0437\u0438\u043d Xstyle\"},\"image\":{\"@id\":\"https:\\\/\\\/xstyle.md\\\/#\\\/schema\\\/logo\\\/image\\\/\"},\"sameAs\":[\"https:\\\/\\\/www.facebook.com\\\/xstylemd\",\"https:\\\/\\\/www.instagram.com\\\/xstyle_md\\\/\",\"https:\\\/\\\/t.me\\\/xstyle_outdoor\"],\"hasMerchantReturnPolicy\":{\"@type\":\"MerchantReturnPolicy\",\"merchantReturnLink\":\"https:\\\/\\\/xstyle.md\\\/ro\\\/conditions\\\/\"}}]}<\/script>\n<meta property=\"product:price:amount\" content=\"650.00\" \/>\n<meta property=\"product:price:currency\" content=\"MDL\" \/>\n<meta property=\"og:availability\" content=\"instock\" \/>\n<meta property=\"product:availability\" content=\"instock\" \/>\n<meta property=\"product:retailer_item_id\" content=\"8428927543493\" \/>\n<meta property=\"product:condition\" content=\"new\" \/>\n<!-- \/ Yoast SEO plugin. -->","yoast_head_json":{"title":"Buff tricotat Buff Marin Lavender - Magazin Xstyle","description":"Buful de calitate, tricotat Marin Lavender, cu c\u0103ptu\u0219eal\u0103 din Primaloft \u0219i fleece, este ideal pentru activit\u0103\u021bi \u00een aer liber. Ofer\u0103 o protec\u021bie de \u00eencredere \u00eempotriva frigului \u0219i v\u00e2ntului.","robots":{"index":"index","follow":"follow","max-snippet":"max-snippet:-1","max-image-preview":"max-image-preview:large","max-video-preview":"max-video-preview:-1"},"canonical":"https:\/\/xstyle.md\/ro\/produs\/vyazanyj-buff-marin-lavender\/","og_locale":"ro_RO","og_type":"article","og_title":"\u0412\u044f\u0437\u0430\u043d\u044b\u0439 Buff Marin Lavender - \u041c\u0430\u0433\u0430\u0437\u0438\u043d Xstyle","og_description":"\u041a\u0430\u0447\u0435\u0441\u0442\u0432\u0435\u043d\u043d\u044b\u0439 \u0432\u044f\u0437\u0430\u043d\u044b\u0439 Buff Marin Lavender \u0441 \u043f\u043e\u0434\u043a\u043b\u0430\u0434\u043a\u043e\u0439 \u0438\u0437 Primaloft \u0438 fleece, \u0438\u0434\u0435\u0430\u043b\u0435\u043d \u0434\u043b\u044f \u0430\u043a\u0442\u0438\u0432\u043d\u043e\u0433\u043e \u043e\u0442\u0434\u044b\u0445\u0430. \u041d\u0430\u0434\u0435\u0436\u043d\u0430\u044f \u0437\u0430\u0449\u0438\u0442\u0430 \u043e\u0442 \u0445\u043e\u043b\u043e\u0434\u0430 \u0438 \u0432\u0435\u0442\u0440\u0430.","og_url":"https:\/\/xstyle.md\/ro\/produs\/vyazanyj-buff-marin-lavender\/","og_site_name":"\u041c\u0430\u0433\u0430\u0437\u0438\u043d Xstyle","article_publisher":"https:\/\/www.facebook.com\/xstylemd","article_modified_time":"2026-03-19T14:17:20+00:00","og_image":[{"width":1093,"height":1123,"url":"https:\/\/xstyle.md\/wp-content\/uploads\/2024\/01\/vyazanyj-buff-marin-lavender.jpg","type":"image\/jpeg"}],"twitter_card":"summary_large_image","twitter_misc":{"Pre\u021b":"650&nbsp;MDL","Disponibilitate":"\u00cen stoc"},"schema":{"@context":"https:\/\/schema.org","@graph":[{"@type":"WebPage","@id":"https:\/\/xstyle.md\/product\/vyazanyj-buff-marin-lavender\/","url":"https:\/\/xstyle.md\/product\/vyazanyj-buff-marin-lavender\/","name":"Buff tricotat Buff Marin Lavender - Magazin Xstyle","isPartOf":{"@id":"https:\/\/xstyle.md\/#website"},"primaryImageOfPage":{"@id":"https:\/\/xstyle.md\/product\/vyazanyj-buff-marin-lavender\/#primaryimage"},"image":{"@id":"https:\/\/xstyle.md\/product\/vyazanyj-buff-marin-lavender\/#primaryimage"},"thumbnailUrl":"https:\/\/xstyle.md\/wp-content\/uploads\/2024\/01\/vyazanyj-buff-marin-lavender.jpg","datePublished":"2024-01-11T12:15:10+00:00","dateModified":"2026-03-19T14:17:20+00:00","description":"Buful de calitate, tricotat Marin Lavender, cu c\u0103ptu\u0219eal\u0103 din Primaloft \u0219i fleece, este ideal pentru activit\u0103\u021bi \u00een aer liber. Ofer\u0103 o protec\u021bie de \u00eencredere \u00eempotriva frigului \u0219i v\u00e2ntului.","breadcrumb":{"@id":"https:\/\/xstyle.md\/product\/vyazanyj-buff-marin-lavender\/#breadcrumb"},"inLanguage":"ro-RO","potentialAction":[{"@type":"ReadAction","target":["https:\/\/xstyle.md\/product\/vyazanyj-buff-marin-lavender\/"]}]},{"@type":"ImageObject","inLanguage":"ro-RO","@id":"https:\/\/xstyle.md\/product\/vyazanyj-buff-marin-lavender\/#primaryimage","url":"https:\/\/xstyle.md\/wp-content\/uploads\/2024\/01\/vyazanyj-buff-marin-lavender.jpg","contentUrl":"https:\/\/xstyle.md\/wp-content\/uploads\/2024\/01\/vyazanyj-buff-marin-lavender.jpg","width":1093,"height":1123,"caption":"\u0412\u044f\u0437\u0430\u043d\u044b\u0439 Buff Marin Lavender \u0434\u043b\u044f \u0430\u043a\u0442\u0438\u0432\u043d\u043e\u0433\u043e \u043e\u0442\u0434\u044b\u0445\u0430 \u0438 \u043f\u0443\u0442\u0435\u0448\u0435\u0441\u0442\u0432\u0438\u0439, \u043e\u0434\u0435\u0436\u0434\u0430 \u0438 \u0430\u043a\u0441\u0435\u0441\u0441\u0443\u0430\u0440\u044b \u0434\u043b\u044f \u043f\u043e\u0445\u043e\u0434\u043e\u0432, \u0430\u043b\u044c\u043f\u0438\u043d\u0438\u0437\u043c\u0430 \u0438 \u0442\u0443\u0440\u0438\u0437\u043c\u0430"},{"@type":"BreadcrumbList","@id":"https:\/\/xstyle.md\/product\/vyazanyj-buff-marin-lavender\/#breadcrumb","itemListElement":[{"@type":"ListItem","position":1,"name":"\u0413\u043b\u0430\u0432\u043d\u0430\u044f \u0441\u0442\u0440\u0430\u043d\u0438\u0446\u0430","item":"https:\/\/xstyle.md\/"},{"@type":"ListItem","position":2,"name":"\u041c\u0430\u0433\u0430\u0437\u0438\u043d","item":"https:\/\/xstyle.md\/shop\/"},{"@type":"ListItem","position":3,"name":"\u0412\u044f\u0437\u0430\u043d\u044b\u0439 Buff Marin Lavender"}]},{"@type":"WebSite","@id":"https:\/\/xstyle.md\/#website","url":"https:\/\/xstyle.md\/","name":"Magazinul X-Style","description":"Echipamente pentru turism \u0219i sporturi extreme \u00een Moldova. Pre\u021buri, fotografii, caracteristici \u00een Moldova.","publisher":{"@id":"https:\/\/xstyle.md\/#organization"},"alternateName":"X-Style","potentialAction":[{"@type":"SearchAction","target":{"@type":"EntryPoint","urlTemplate":"https:\/\/xstyle.md\/?s={search_term_string}"},"query-input":{"@type":"PropertyValueSpecification","valueRequired":true,"valueName":"search_term_string"}}],"inLanguage":"ro-RO"},{"@type":"Organization","@id":"https:\/\/xstyle.md\/#organization","name":"Magazinul X-Style","alternateName":"x-style","url":"https:\/\/xstyle.md\/","logo":{"@type":"ImageObject","inLanguage":"ro-RO","@id":"https:\/\/xstyle.md\/#\/schema\/logo\/image\/","url":"https:\/\/xstyle.md\/wp-content\/uploads\/2020\/06\/logoicon.svg","contentUrl":"https:\/\/xstyle.md\/wp-content\/uploads\/2020\/06\/logoicon.svg","caption":"\u041c\u0430\u0433\u0430\u0437\u0438\u043d Xstyle"},"image":{"@id":"https:\/\/xstyle.md\/#\/schema\/logo\/image\/"},"sameAs":["https:\/\/www.facebook.com\/xstylemd","https:\/\/www.instagram.com\/xstyle_md\/","https:\/\/t.me\/xstyle_outdoor"],"hasMerchantReturnPolicy":{"@type":"MerchantReturnPolicy","merchantReturnLink":"https:\/\/xstyle.md\/ro\/conditions\/"}}]},"product_price_amount":"650.00","product_price_currency":"MDL","og_availability":"instock","product_availability":"instock","product_retailer_item_id":"8428927543493","product_condition":"new"},"_links":{"self":[{"href":"https:\/\/xstyle.md\/ro\/wp-json\/wp\/v2\/product\/78244","targetHints":{"allow":["GET"]}}],"collection":[{"href":"https:\/\/xstyle.md\/ro\/wp-json\/wp\/v2\/product"}],"about":[{"href":"https:\/\/xstyle.md\/ro\/wp-json\/wp\/v2\/types\/product"}],"replies":[{"embeddable":true,"href":"https:\/\/xstyle.md\/ro\/wp-json\/wp\/v2\/comments?post=78244"}],"wp:featuredmedia":[{"embeddable":true,"href":"https:\/\/xstyle.md\/ro\/wp-json\/wp\/v2\/media\/78520"}],"wp:attachment":[{"href":"https:\/\/xstyle.md\/ro\/wp-json\/wp\/v2\/media?parent=78244"}],"wp:term":[{"taxonomy":"product_brand","embeddable":true,"href":"https:\/\/xstyle.md\/ro\/wp-json\/wp\/v2\/product_brand?post=78244"},{"taxonomy":"product_cat","embeddable":true,"href":"https:\/\/xstyle.md\/ro\/wp-json\/wp\/v2\/product_cat?post=78244"},{"taxonomy":"product_tag","embeddable":true,"href":"https:\/\/xstyle.md\/ro\/wp-json\/wp\/v2\/product_tag?post=78244"}],"curies":[{"name":"wp","href":"https:\/\/api.w.org\/{rel}","templated":true}]}}