{"id":78236,"date":"2024-01-11T15:15:08","date_gmt":"2024-01-11T12:15:08","guid":{"rendered":"https:\/\/xstyle.md\/?post_type=product&#038;p=78236"},"modified":"2026-03-19T16:21:48","modified_gmt":"2026-03-19T13:21:48","slug":"vyazanaya-shapka-buff-marin-beanie-graphite","status":"publish","type":"product","link":"https:\/\/xstyle.md\/ro\/produs\/vyazanaya-shapka-buff-marin-beanie-graphite\/","title":{"rendered":"C\u0103ciul\u0103 Buff Marin Beanie Graphite"},"content":{"rendered":"<p><strong>Buff Marin Beanie Graphite<\/strong> &#8212; \u0442\u0435\u043f\u043b\u0430\u044f \u0437\u0438\u043c\u043d\u044f\u044f \u0448\u0430\u043f\u043a\u0430 \u0438\u0437 \u043a\u0430\u0442\u0435\u0433\u043e\u0440\u0438\u0438 Lifestyle BUFF\u00ae \u0431\u0435\u0437 \u0432\u043d\u0443\u0442\u0440\u0435\u043d\u043d\u0435\u0439 \u043f\u043e\u0434\u043a\u043b\u0430\u0434\u043a\u0438. \u0423\u044e\u0442\u043d\u044b\u0439 \u0430\u043a\u0441\u0435\u0441\u0441\u0443\u0430\u0440 \u0434\u043b\u044f \u043f\u043e\u0432\u0441\u0435\u0434\u043d\u0435\u0432\u043d\u043e\u0439 \u0436\u0438\u0437\u043d\u0438 \u0438 \u043f\u0440\u043e\u0433\u0443\u043b\u043e\u043a \u043d\u0430 \u043f\u0440\u0438\u0440\u043e\u0434\u0435 \u0432 \u0445\u043e\u043b\u043e\u0434\u043d\u0443\u044e \u043f\u043e\u0440\u0443. \u0418\u0437\u0433\u043e\u0442\u043e\u0432\u043b\u0435\u043d\u0430 \u0438\u0437 \u043a\u043e\u043c\u0431\u0438\u043d\u0430\u0446\u0438\u0438 \u043a\u0430\u0447\u0435\u0441\u0442\u0432\u0435\u043d\u043d\u043e\u0433\u043e \u0430\u043a\u0440\u0438\u043b\u0430, \u043d\u0430\u0442\u0443\u0440\u0430\u043b\u044c\u043d\u043e\u0439 \u0448\u0435\u0440\u0441\u0442\u0438 \u0438 \u043d\u0435\u0439\u043b\u043e\u043d\u0430. \u041f\u043e\u0434\u043e\u0431\u043d\u0430\u044f \u043a\u043e\u043c\u0431\u0438\u043d\u0430\u0446\u0438\u0438 \u043e\u0431\u0435\u0441\u043f\u0435\u0447\u0438\u0432\u0430\u0435\u0442 \u0445\u043e\u0440\u043e\u0448\u0443\u044e \u0442\u0435\u043f\u043b\u043e\u0438\u0437\u043e\u043b\u044f\u0446\u0438\u044e \u0438 \u0434\u043e\u043b\u0433\u043e\u0432\u0435\u0447\u043d\u043e\u0441\u0442\u044c. \u0410\u043a\u043a\u0443\u0440\u0430\u0442\u043d\u0430\u044f \u0432\u044f\u0437\u0430\u043d\u0430\u044f \u0441\u0442\u0440\u0443\u043a\u0442\u0443\u0440\u0430 \u043f\u0440\u0438\u0434\u0430\u0435\u0442 \u0448\u0430\u043f\u043a\u0435 \u0441\u0442\u0438\u043b\u044c\u043d\u044b\u0439 \u0432\u0438\u0434.<\/p>\n<h3>Particularit\u0103\u021bi<\/h3>\n<ul>\n<li>\u041f\u0440\u0435\u043f\u044f\u0442\u0441\u0442\u0432\u0443\u0435\u0442 \u043f\u043e\u0442\u0435\u0440\u0435 \u0442\u0435\u043f\u043b\u0430 \u0432 \u0445\u043e\u043b\u043e\u0434\u043d\u0443\u044e \u043f\u043e\u0433\u043e\u0434\u0443, \u043f\u043e\u0434\u0434\u0435\u0440\u0436\u0438\u0432\u0430\u0435\u0442 \u043a\u043e\u043c\u0444\u043e\u0440\u0442\u043d\u0443\u044e \u0442\u0435\u043c\u043f\u0435\u0440\u0430\u0442\u0443\u0440\u0443 \u0442\u0435\u043b\u0430<\/li>\n<li>\u041e\u0434\u0438\u043d \u0440\u0430\u0437\u043c\u0435\u0440 \u043f\u043e\u0434\u0445\u043e\u0434\u0438\u0442 \u0431\u043e\u043b\u044c\u0448\u0438\u043d\u0441\u0442\u0432\u0443 \u0432\u0437\u0440\u043e\u0441\u043b\u044b\u0445 \u0438 \u043f\u043e\u0434\u0440\u043e\u0441\u0442\u043a\u043e\u0432<\/li>\n<li>\u041e\u0442\u043b\u0438\u0447\u043d\u043e \u0442\u044f\u043d\u0435\u0442\u0441\u044f, \u043e\u0447\u0435\u043d\u044c \u0431\u044b\u0441\u0442\u0440\u043e \u0441\u043e\u0445\u043d\u0435\u0442, \u043d\u0435 \u0441\u0430\u0434\u0438\u0442\u044c\u0441\u044f \u043f\u043e\u0441\u043b\u0435 \u0441\u0442\u0438\u0440\u043a\u0438<\/li>\n<li>\u0421\u0442\u0438\u043b\u044c\u043d\u044b\u0439 \u0432\u043d\u0435\u0448\u043d\u0438\u0439 \u0432\u0438\u0434<\/li>\n<li>\u0421\u0442\u0430\u043d\u0434\u0430\u0440\u0442 OEKO-TEX\u00ae Standard 100 &#8212; \u0433\u043b\u043e\u0431\u0430\u043b\u044c\u043d\u0430\u044f \u0435\u0434\u0438\u043d\u0430\u044f \u0441\u0438\u0441\u0442\u0435\u043c\u0430 \u0442\u0435\u0441\u0442\u0438\u0440\u043e\u0432\u0430\u043d\u0438\u044f \u0438 \u0441\u0435\u0440\u0442\u0438\u0444\u0438\u043a\u0430\u0446\u0438\u0438 \u0434\u043b\u044f \u0442\u0435\u043a\u0441\u0442\u0438\u043b\u044c\u043d\u043e\u0439 \u043f\u0440\u043e\u0434\u0443\u043a\u0446\u0438\u0438 \u043d\u0430 \u0432\u0441\u0435\u0445 \u044d\u0442\u0430\u043f\u0430\u0445 \u043f\u0440\u043e\u0438\u0437\u0432\u043e\u0434\u0441\u0442\u0432\u0430, \u043a\u043e\u0442\u043e\u0440\u0430\u044f \u0433\u0430\u0440\u0430\u043d\u0442\u0438\u0440\u0443\u0435\u0442, \u0447\u0442\u043e \u043f\u0440\u043e\u0434\u0443\u043a\u0442\u044b \u043d\u0435 \u0441\u043e\u0434\u0435\u0440\u0436\u0430\u0442 \u0432\u0440\u0435\u0434\u043d\u044b\u0445 \u0432\u0435\u0449\u0435\u0441\u0442\u0432<\/li>\n<\/ul>\n<h3>Caracteristici<\/h3>\n<ul>\n<li>\u041c\u0430\u0442\u0435\u0440\u0438\u0430\u043b\u00a0 \u2013 83% \u0430\u043a\u0440\u0438\u043b, 12% \u0448\u0435\u0440\u0441\u0442\u044c, 5% \u043d\u0435\u0439\u043b\u043e\u043d<\/li>\n<li>Sezon - toamn\u0103\/iarn\u0103;<\/li>\n<li>Modelul este unisex<\/li>\n<\/ul>\n<h3>Tehnologie<\/h3>\n<h3>Marca<\/h3>\n<p>BUFF\u00ae este un brand spaniol a c\u0103rui istorie a \u00eenceput \u00een 1992, c\u00e2nd Joan Rojas, pasionat de motociclete \u0219i proprietar al unei fabrici de textile catalane, a venit cu ideea unui accesoriu simplu care s\u0103 protejeze g\u00e2tul \u0219i capul de v\u00e2ntul, frigul \u0219i soarele arz\u0103tor pentru a face mai confortabil\u0103 c\u0103l\u0103toria pe motociclet\u0103.<\/p>\n<p>Lui Rojas i-a pl\u0103cut ideea unei e\u0219arfe militare multifunc\u021bionale, care s\u0103 poat\u0103 fi transformat\u0103 \u00een masc\u0103, c\u0103p\u0103t\u00e2i sau e\u0219arf\u0103. Experimentarea \u00een fabrica de textile a familiei sale cu diferite materiale \u0219i forme t\u0103iate a culminat cu g\u0103sirea de c\u0103tre Rojas a unei modalit\u0103\u021bi de a produce o e\u0219arf\u0103 cilindric\u0103 f\u0103r\u0103 cus\u0103turi din microfibr\u0103. Dup\u0103 ce prototipurile au fost testate de rudele, prietenii \u0219i cuno\u0219tin\u021bele sportivilor lui Rojas, \u00een 1992 a fost lansat\u0103 prima colec\u021bie de bandane f\u0103r\u0103 cus\u0103turi sub sigla BUFF\u00ae.<\/p>\n<p>\u0412 2017 \u0433\u043e\u0434\u0430 BUFF\u00ae \u0437\u0430\u043c\u0435\u0442\u043d\u043e \u0440\u0430\u0441\u0448\u0438\u0440\u0438\u043b \u0441\u0432\u043e\u044e<\/p>","protected":false},"excerpt":{"rendered":"<p>Buff Marin Beanie Graphite &#8212; \u0442\u0435\u043f\u043b\u0430\u044f \u0437\u0438\u043c\u043d\u044f\u044f \u0448\u0430\u043f\u043a\u0430 \u0438\u0437 \u043a\u0430\u0442\u0435\u0433\u043e\u0440\u0438\u0438 Lifestyle BUFF\u00ae \u0431\u0435\u0437 \u0432\u043d\u0443\u0442\u0440\u0435\u043d\u043d\u0435\u0439 \u043f\u043e\u0434\u043a\u043b\u0430\u0434\u043a\u0438. \u0423\u044e\u0442\u043d\u044b\u0439 \u0430\u043a\u0441\u0435\u0441\u0441\u0443\u0430\u0440 \u0434\u043b\u044f \u043f\u043e\u0432\u0441\u0435\u0434\u043d\u0435\u0432\u043d\u043e\u0439 \u0436\u0438\u0437\u043d\u0438 \u0438 \u043f\u0440\u043e\u0433\u0443\u043b\u043e\u043a \u043d\u0430 \u043f\u0440\u0438\u0440\u043e\u0434\u0435 \u0432 \u0445\u043e\u043b\u043e\u0434\u043d\u0443\u044e \u043f\u043e\u0440\u0443. \u0418\u0437\u0433\u043e\u0442\u043e\u0432\u043b\u0435\u043d\u0430 \u0438\u0437 \u043a\u043e\u043c\u0431\u0438\u043d\u0430\u0446\u0438\u0438 \u043a\u0430\u0447\u0435\u0441\u0442\u0432\u0435\u043d\u043d\u043e\u0433\u043e \u0430\u043a\u0440\u0438\u043b\u0430, \u043d\u0430\u0442\u0443\u0440\u0430\u043b\u044c\u043d\u043e\u0439 \u0448\u0435\u0440\u0441\u0442\u0438 \u0438 \u043d\u0435\u0439\u043b\u043e\u043d\u0430. \u041f\u043e\u0434\u043e\u0431\u043d\u0430\u044f \u043a\u043e\u043c\u0431\u0438\u043d\u0430\u0446\u0438\u0438 \u043e\u0431\u0435\u0441\u043f\u0435\u0447\u0438\u0432\u0430\u0435\u0442 \u0445\u043e\u0440\u043e\u0448\u0443\u044e \u0442\u0435\u043f\u043b\u043e\u0438\u0437\u043e\u043b\u044f\u0446\u0438\u044e \u0438 \u0434\u043e\u043b\u0433\u043e\u0432\u0435\u0447\u043d\u043e\u0441\u0442\u044c. \u0410\u043a\u043a\u0443\u0440\u0430\u0442\u043d\u0430\u044f \u0432\u044f\u0437\u0430\u043d\u0430\u044f \u0441\u0442\u0440\u0443\u043a\u0442\u0443\u0440\u0430 \u043f\u0440\u0438\u0434\u0430\u0435\u0442 \u0448\u0430\u043f\u043a\u0435 \u0441\u0442\u0438\u043b\u044c\u043d\u044b\u0439 \u0432\u0438\u0434. \u041e\u0441\u043e\u0431\u0435\u043d\u043d\u043e\u0441\u0442\u0438 \u041f\u0440\u0435\u043f\u044f\u0442\u0441\u0442\u0432\u0443\u0435\u0442 \u043f\u043e\u0442\u0435\u0440\u0435 \u0442\u0435\u043f\u043b\u0430 \u0432 [&hellip;]<\/p>\n","protected":false},"featured_media":78483,"comment_status":"open","ping_status":"closed","template":"","meta":{"_acf_changed":false,"inline_featured_image":false},"product_brand":[1302],"product_cat":[520],"product_tag":[],"class_list":{"0":"post-78236","1":"product","2":"type-product","3":"status-publish","4":"has-post-thumbnail","6":"product_brand-buff","7":"product_cat-hat-buff","9":"first","10":"instock","11":"shipping-taxable","12":"purchasable","13":"product-type-simple"},"acf":[],"yoast_head":"<!-- This site is optimized with the Yoast SEO plugin v27.4 - https:\/\/yoast.com\/product\/yoast-seo-wordpress\/ -->\n<title>\u0412\u044f\u0437\u0430\u043d\u0430\u044f \u0448\u0430\u043f\u043a\u0430 Buff Marin Beanie Graphite - \u041c\u0430\u0433\u0430\u0437\u0438\u043d Xstyle<\/title>\n<meta name=\"description\" content=\"\u0412\u044f\u0437\u0430\u043d\u0430\u044f \u0448\u0430\u043f\u043a\u0430 Buff Marin Beanie Graphite \u2014 \u0441\u0442\u0438\u043b\u044c\u043d\u044b\u0439 \u0430\u043a\u0441\u0435\u0441\u0441\u0443\u0430\u0440 \u0441 \u0441\u0435\u0440\u0442\u0438\u0444\u0438\u043a\u0430\u0442\u043e\u043c OEKOTEX. \u0418\u0434\u0435\u0430\u043b\u044c\u043d\u043e \u043f\u043e\u0434\u0445\u043e\u0434\u0438\u0442 \u0434\u043b\u044f \u0430\u043a\u0442\u0438\u0432\u043d\u043e\u0433\u043e \u043e\u0431\u0440\u0430\u0437\u0430 \u0436\u0438\u0437\u043d\u0438. \u041a\u0443\u043f\u0438\u0442\u044c \u0441\u0435\u0439\u0447\u0430\u0441!\" \/>\n<meta name=\"robots\" content=\"index, follow, max-snippet:-1, max-image-preview:large, max-video-preview:-1\" \/>\n<link rel=\"canonical\" href=\"https:\/\/xstyle.md\/ro\/produs\/vyazanaya-shapka-buff-marin-beanie-graphite\/\" \/>\n<meta property=\"og:locale\" content=\"ro_RO\" \/>\n<meta property=\"og:type\" content=\"article\" \/>\n<meta property=\"og:title\" content=\"\u0412\u044f\u0437\u0430\u043d\u0430\u044f \u0448\u0430\u043f\u043a\u0430 Buff Marin Beanie Graphite - \u041c\u0430\u0433\u0430\u0437\u0438\u043d Xstyle\" \/>\n<meta property=\"og:description\" content=\"\u0412\u044f\u0437\u0430\u043d\u0430\u044f \u0448\u0430\u043f\u043a\u0430 Buff Marin Beanie Graphite \u2014 \u0441\u0442\u0438\u043b\u044c\u043d\u044b\u0439 \u0430\u043a\u0441\u0435\u0441\u0441\u0443\u0430\u0440 \u0441 \u0441\u0435\u0440\u0442\u0438\u0444\u0438\u043a\u0430\u0442\u043e\u043c OEKOTEX. \u0418\u0434\u0435\u0430\u043b\u044c\u043d\u043e \u043f\u043e\u0434\u0445\u043e\u0434\u0438\u0442 \u0434\u043b\u044f \u0430\u043a\u0442\u0438\u0432\u043d\u043e\u0433\u043e \u043e\u0431\u0440\u0430\u0437\u0430 \u0436\u0438\u0437\u043d\u0438. \u041a\u0443\u043f\u0438\u0442\u044c \u0441\u0435\u0439\u0447\u0430\u0441!\" \/>\n<meta property=\"og:url\" content=\"https:\/\/xstyle.md\/ro\/produs\/vyazanaya-shapka-buff-marin-beanie-graphite\/\" \/>\n<meta property=\"og:site_name\" content=\"\u041c\u0430\u0433\u0430\u0437\u0438\u043d Xstyle\" \/>\n<meta property=\"article:publisher\" content=\"https:\/\/www.facebook.com\/xstylemd\" \/>\n<meta property=\"article:modified_time\" content=\"2026-03-19T13:21:48+00:00\" \/>\n<meta property=\"og:image\" content=\"https:\/\/xstyle.md\/wp-content\/uploads\/2024\/01\/buff-marin-beanie-graphite.jpg\" \/>\n\t<meta property=\"og:image:width\" content=\"917\" \/>\n\t<meta property=\"og:image:height\" content=\"929\" \/>\n\t<meta property=\"og:image:type\" content=\"image\/jpeg\" \/>\n<meta name=\"twitter:card\" content=\"summary_large_image\" \/>\n<meta name=\"twitter:label1\" content=\"Pre\u021b\" \/>\n\t<meta name=\"twitter:data1\" content=\"580&nbsp;MDL\" \/>\n\t<meta name=\"twitter:label2\" content=\"Disponibilitate\" \/>\n\t<meta name=\"twitter:data2\" content=\"\u00cen stoc\" \/>\n<script type=\"application\/ld+json\" class=\"yoast-schema-graph\">{\"@context\":\"https:\\\/\\\/schema.org\",\"@graph\":[{\"@type\":\"WebPage\",\"@id\":\"https:\\\/\\\/xstyle.md\\\/product\\\/vyazanaya-shapka-buff-marin-beanie-graphite\\\/\",\"url\":\"https:\\\/\\\/xstyle.md\\\/product\\\/vyazanaya-shapka-buff-marin-beanie-graphite\\\/\",\"name\":\"\u0412\u044f\u0437\u0430\u043d\u0430\u044f \u0448\u0430\u043f\u043a\u0430 Buff Marin Beanie Graphite - \u041c\u0430\u0433\u0430\u0437\u0438\u043d Xstyle\",\"isPartOf\":{\"@id\":\"https:\\\/\\\/xstyle.md\\\/#website\"},\"primaryImageOfPage\":{\"@id\":\"https:\\\/\\\/xstyle.md\\\/product\\\/vyazanaya-shapka-buff-marin-beanie-graphite\\\/#primaryimage\"},\"image\":{\"@id\":\"https:\\\/\\\/xstyle.md\\\/product\\\/vyazanaya-shapka-buff-marin-beanie-graphite\\\/#primaryimage\"},\"thumbnailUrl\":\"https:\\\/\\\/xstyle.md\\\/wp-content\\\/uploads\\\/2024\\\/01\\\/buff-marin-beanie-graphite.jpg\",\"datePublished\":\"2024-01-11T12:15:08+00:00\",\"dateModified\":\"2026-03-19T13:21:48+00:00\",\"description\":\"\u0412\u044f\u0437\u0430\u043d\u0430\u044f \u0448\u0430\u043f\u043a\u0430 Buff Marin Beanie Graphite \u2014 \u0441\u0442\u0438\u043b\u044c\u043d\u044b\u0439 \u0430\u043a\u0441\u0435\u0441\u0441\u0443\u0430\u0440 \u0441 \u0441\u0435\u0440\u0442\u0438\u0444\u0438\u043a\u0430\u0442\u043e\u043c OEKOTEX. \u0418\u0434\u0435\u0430\u043b\u044c\u043d\u043e \u043f\u043e\u0434\u0445\u043e\u0434\u0438\u0442 \u0434\u043b\u044f \u0430\u043a\u0442\u0438\u0432\u043d\u043e\u0433\u043e \u043e\u0431\u0440\u0430\u0437\u0430 \u0436\u0438\u0437\u043d\u0438. \u041a\u0443\u043f\u0438\u0442\u044c \u0441\u0435\u0439\u0447\u0430\u0441!\",\"breadcrumb\":{\"@id\":\"https:\\\/\\\/xstyle.md\\\/product\\\/vyazanaya-shapka-buff-marin-beanie-graphite\\\/#breadcrumb\"},\"inLanguage\":\"ro-RO\",\"potentialAction\":[{\"@type\":\"ReadAction\",\"target\":[\"https:\\\/\\\/xstyle.md\\\/product\\\/vyazanaya-shapka-buff-marin-beanie-graphite\\\/\"]}]},{\"@type\":\"ImageObject\",\"inLanguage\":\"ro-RO\",\"@id\":\"https:\\\/\\\/xstyle.md\\\/product\\\/vyazanaya-shapka-buff-marin-beanie-graphite\\\/#primaryimage\",\"url\":\"https:\\\/\\\/xstyle.md\\\/wp-content\\\/uploads\\\/2024\\\/01\\\/buff-marin-beanie-graphite.jpg\",\"contentUrl\":\"https:\\\/\\\/xstyle.md\\\/wp-content\\\/uploads\\\/2024\\\/01\\\/buff-marin-beanie-graphite.jpg\",\"width\":917,\"height\":929,\"caption\":\"\u0412\u044f\u0437\u0430\u043d\u0430\u044f \u0448\u0430\u043f\u043a\u0430 Buff Marin Beanie Graphite \u0434\u043b\u044f \u0430\u043a\u0442\u0438\u0432\u043d\u043e\u0433\u043e \u043e\u0442\u0434\u044b\u0445\u0430 \u0438 \u043f\u0443\u0442\u0435\u0448\u0435\u0441\u0442\u0432\u0438\u0439 \u0432 \u0438\u043d\u0442\u0435\u0440\u043d\u0435\u0442-\u043c\u0430\u0433\u0430\u0437\u0438\u043d\u0435 \u0441\u043f\u043e\u0440\u0442\u0438\u0432\u043d\u043e\u0439 \u043e\u0434\u0435\u0436\u0434\u044b \u0438 \u043e\u0431\u0443\u0432\u0438, \u043e\u0434\u0435\u0436\u0434\u0430 \u0434\u043b\u044f \u0445\u0430\u0439\u043a\u0438\u043d\u0433\u0430 Mountaineering \u0438 \u043f\u0443\u0442\u0435\u0448\u0435\u0441\u0442\u0432\u0438\u0439\"},{\"@type\":\"BreadcrumbList\",\"@id\":\"https:\\\/\\\/xstyle.md\\\/product\\\/vyazanaya-shapka-buff-marin-beanie-graphite\\\/#breadcrumb\",\"itemListElement\":[{\"@type\":\"ListItem\",\"position\":1,\"name\":\"\u0413\u043b\u0430\u0432\u043d\u0430\u044f \u0441\u0442\u0440\u0430\u043d\u0438\u0446\u0430\",\"item\":\"https:\\\/\\\/xstyle.md\\\/\"},{\"@type\":\"ListItem\",\"position\":2,\"name\":\"\u041c\u0430\u0433\u0430\u0437\u0438\u043d\",\"item\":\"https:\\\/\\\/xstyle.md\\\/shop\\\/\"},{\"@type\":\"ListItem\",\"position\":3,\"name\":\"\u0412\u044f\u0437\u0430\u043d\u0430\u044f \u0448\u0430\u043f\u043a\u0430 Buff Marin Beanie Graphite\"}]},{\"@type\":\"WebSite\",\"@id\":\"https:\\\/\\\/xstyle.md\\\/#website\",\"url\":\"https:\\\/\\\/xstyle.md\\\/\",\"name\":\"\u041c\u0430\u0433\u0430\u0437\u0438\u043d Xstyle\",\"description\":\"C\u043d\u0430\u0440\u044f\u0436\u0435\u043d\u0438\u0435 \u0434\u043b\u044f \u0442\u0443\u0440\u0438\u0437\u043c\u0430 \u0438 \u044d\u043a\u0441\u0442\u0440\u0435\u043c\u0430\u043b\u044c\u043d\u044b\u0445 \u0432\u0438\u0434\u043e\u0432 \u0441\u043f\u043e\u0440\u0442\u0430 \u0432 \u041c\u043e\u043b\u0434\u043e\u0432\u0435.. \u0426\u0435\u043d\u044b, \u0444\u043e\u0442\u043e, \u0445\u0430\u0440\u0430\u043a\u0442\u0435\u0440\u0438\u0441\u0442\u0438\u043a\u0438 \u0432 \u041c\u043e\u043b\u0434\u043e\u0432\u0435.\",\"publisher\":{\"@id\":\"https:\\\/\\\/xstyle.md\\\/#organization\"},\"alternateName\":\"X-Style\",\"potentialAction\":[{\"@type\":\"SearchAction\",\"target\":{\"@type\":\"EntryPoint\",\"urlTemplate\":\"https:\\\/\\\/xstyle.md\\\/?s={search_term_string}\"},\"query-input\":{\"@type\":\"PropertyValueSpecification\",\"valueRequired\":true,\"valueName\":\"search_term_string\"}}],\"inLanguage\":\"ro-RO\"},{\"@type\":\"Organization\",\"@id\":\"https:\\\/\\\/xstyle.md\\\/#organization\",\"name\":\"\u041c\u0430\u0433\u0430\u0437\u0438\u043d Xstyle\",\"alternateName\":\"x-style\",\"url\":\"https:\\\/\\\/xstyle.md\\\/\",\"logo\":{\"@type\":\"ImageObject\",\"inLanguage\":\"ro-RO\",\"@id\":\"https:\\\/\\\/xstyle.md\\\/#\\\/schema\\\/logo\\\/image\\\/\",\"url\":\"https:\\\/\\\/xstyle.md\\\/wp-content\\\/uploads\\\/2020\\\/06\\\/logoicon.svg\",\"contentUrl\":\"https:\\\/\\\/xstyle.md\\\/wp-content\\\/uploads\\\/2020\\\/06\\\/logoicon.svg\",\"caption\":\"\u041c\u0430\u0433\u0430\u0437\u0438\u043d Xstyle\"},\"image\":{\"@id\":\"https:\\\/\\\/xstyle.md\\\/#\\\/schema\\\/logo\\\/image\\\/\"},\"sameAs\":[\"https:\\\/\\\/www.facebook.com\\\/xstylemd\",\"https:\\\/\\\/www.instagram.com\\\/xstyle_md\\\/\",\"https:\\\/\\\/t.me\\\/xstyle_outdoor\"],\"hasMerchantReturnPolicy\":{\"@type\":\"MerchantReturnPolicy\",\"merchantReturnLink\":\"https:\\\/\\\/xstyle.md\\\/ro\\\/conditions\\\/\"}}]}<\/script>\n<meta property=\"product:price:amount\" content=\"580.00\" \/>\n<meta property=\"product:price:currency\" content=\"MDL\" \/>\n<meta property=\"og:availability\" content=\"instock\" \/>\n<meta property=\"product:availability\" content=\"instock\" \/>\n<meta property=\"product:retailer_item_id\" content=\"8428927543486\" \/>\n<meta property=\"product:condition\" content=\"new\" \/>\n<!-- \/ Yoast SEO plugin. -->","yoast_head_json":{"title":"Caciula tricotat\u0103 Buff Marin Beanie Graphite - Magazin Xstyle","description":"Caciula tricotat\u0103 Buff Marin Beanie Graphite \u2014 un accesoriu stilat cu certificat OEKOTEX. Ideal\u0103 pentru un mod de via\u021b\u0103 activ. Cump\u0103r\u0103 acum!","robots":{"index":"index","follow":"follow","max-snippet":"max-snippet:-1","max-image-preview":"max-image-preview:large","max-video-preview":"max-video-preview:-1"},"canonical":"https:\/\/xstyle.md\/ro\/produs\/vyazanaya-shapka-buff-marin-beanie-graphite\/","og_locale":"ro_RO","og_type":"article","og_title":"\u0412\u044f\u0437\u0430\u043d\u0430\u044f \u0448\u0430\u043f\u043a\u0430 Buff Marin Beanie Graphite - \u041c\u0430\u0433\u0430\u0437\u0438\u043d Xstyle","og_description":"\u0412\u044f\u0437\u0430\u043d\u0430\u044f \u0448\u0430\u043f\u043a\u0430 Buff Marin Beanie Graphite \u2014 \u0441\u0442\u0438\u043b\u044c\u043d\u044b\u0439 \u0430\u043a\u0441\u0435\u0441\u0441\u0443\u0430\u0440 \u0441 \u0441\u0435\u0440\u0442\u0438\u0444\u0438\u043a\u0430\u0442\u043e\u043c OEKOTEX. \u0418\u0434\u0435\u0430\u043b\u044c\u043d\u043e \u043f\u043e\u0434\u0445\u043e\u0434\u0438\u0442 \u0434\u043b\u044f \u0430\u043a\u0442\u0438\u0432\u043d\u043e\u0433\u043e \u043e\u0431\u0440\u0430\u0437\u0430 \u0436\u0438\u0437\u043d\u0438. \u041a\u0443\u043f\u0438\u0442\u044c \u0441\u0435\u0439\u0447\u0430\u0441!","og_url":"https:\/\/xstyle.md\/ro\/produs\/vyazanaya-shapka-buff-marin-beanie-graphite\/","og_site_name":"\u041c\u0430\u0433\u0430\u0437\u0438\u043d Xstyle","article_publisher":"https:\/\/www.facebook.com\/xstylemd","article_modified_time":"2026-03-19T13:21:48+00:00","og_image":[{"width":917,"height":929,"url":"https:\/\/xstyle.md\/wp-content\/uploads\/2024\/01\/buff-marin-beanie-graphite.jpg","type":"image\/jpeg"}],"twitter_card":"summary_large_image","twitter_misc":{"Pre\u021b":"580&nbsp;MDL","Disponibilitate":"\u00cen stoc"},"schema":{"@context":"https:\/\/schema.org","@graph":[{"@type":"WebPage","@id":"https:\/\/xstyle.md\/product\/vyazanaya-shapka-buff-marin-beanie-graphite\/","url":"https:\/\/xstyle.md\/product\/vyazanaya-shapka-buff-marin-beanie-graphite\/","name":"Caciula tricotat\u0103 Buff Marin Beanie Graphite - Magazin Xstyle","isPartOf":{"@id":"https:\/\/xstyle.md\/#website"},"primaryImageOfPage":{"@id":"https:\/\/xstyle.md\/product\/vyazanaya-shapka-buff-marin-beanie-graphite\/#primaryimage"},"image":{"@id":"https:\/\/xstyle.md\/product\/vyazanaya-shapka-buff-marin-beanie-graphite\/#primaryimage"},"thumbnailUrl":"https:\/\/xstyle.md\/wp-content\/uploads\/2024\/01\/buff-marin-beanie-graphite.jpg","datePublished":"2024-01-11T12:15:08+00:00","dateModified":"2026-03-19T13:21:48+00:00","description":"Caciula tricotat\u0103 Buff Marin Beanie Graphite \u2014 un accesoriu stilat cu certificat OEKOTEX. Ideal\u0103 pentru un mod de via\u021b\u0103 activ. Cump\u0103r\u0103 acum!","breadcrumb":{"@id":"https:\/\/xstyle.md\/product\/vyazanaya-shapka-buff-marin-beanie-graphite\/#breadcrumb"},"inLanguage":"ro-RO","potentialAction":[{"@type":"ReadAction","target":["https:\/\/xstyle.md\/product\/vyazanaya-shapka-buff-marin-beanie-graphite\/"]}]},{"@type":"ImageObject","inLanguage":"ro-RO","@id":"https:\/\/xstyle.md\/product\/vyazanaya-shapka-buff-marin-beanie-graphite\/#primaryimage","url":"https:\/\/xstyle.md\/wp-content\/uploads\/2024\/01\/buff-marin-beanie-graphite.jpg","contentUrl":"https:\/\/xstyle.md\/wp-content\/uploads\/2024\/01\/buff-marin-beanie-graphite.jpg","width":917,"height":929,"caption":"\u0412\u044f\u0437\u0430\u043d\u0430\u044f \u0448\u0430\u043f\u043a\u0430 Buff Marin Beanie Graphite \u0434\u043b\u044f \u0430\u043a\u0442\u0438\u0432\u043d\u043e\u0433\u043e \u043e\u0442\u0434\u044b\u0445\u0430 \u0438 \u043f\u0443\u0442\u0435\u0448\u0435\u0441\u0442\u0432\u0438\u0439 \u0432 \u0438\u043d\u0442\u0435\u0440\u043d\u0435\u0442-\u043c\u0430\u0433\u0430\u0437\u0438\u043d\u0435 \u0441\u043f\u043e\u0440\u0442\u0438\u0432\u043d\u043e\u0439 \u043e\u0434\u0435\u0436\u0434\u044b \u0438 \u043e\u0431\u0443\u0432\u0438, \u043e\u0434\u0435\u0436\u0434\u0430 \u0434\u043b\u044f \u0445\u0430\u0439\u043a\u0438\u043d\u0433\u0430 Mountaineering \u0438 \u043f\u0443\u0442\u0435\u0448\u0435\u0441\u0442\u0432\u0438\u0439"},{"@type":"BreadcrumbList","@id":"https:\/\/xstyle.md\/product\/vyazanaya-shapka-buff-marin-beanie-graphite\/#breadcrumb","itemListElement":[{"@type":"ListItem","position":1,"name":"\u0413\u043b\u0430\u0432\u043d\u0430\u044f \u0441\u0442\u0440\u0430\u043d\u0438\u0446\u0430","item":"https:\/\/xstyle.md\/"},{"@type":"ListItem","position":2,"name":"\u041c\u0430\u0433\u0430\u0437\u0438\u043d","item":"https:\/\/xstyle.md\/shop\/"},{"@type":"ListItem","position":3,"name":"\u0412\u044f\u0437\u0430\u043d\u0430\u044f \u0448\u0430\u043f\u043a\u0430 Buff Marin Beanie Graphite"}]},{"@type":"WebSite","@id":"https:\/\/xstyle.md\/#website","url":"https:\/\/xstyle.md\/","name":"Magazinul X-Style","description":"Echipamente pentru turism \u0219i sporturi extreme \u00een Moldova. Pre\u021buri, fotografii, caracteristici \u00een Moldova.","publisher":{"@id":"https:\/\/xstyle.md\/#organization"},"alternateName":"X-Style","potentialAction":[{"@type":"SearchAction","target":{"@type":"EntryPoint","urlTemplate":"https:\/\/xstyle.md\/?s={search_term_string}"},"query-input":{"@type":"PropertyValueSpecification","valueRequired":true,"valueName":"search_term_string"}}],"inLanguage":"ro-RO"},{"@type":"Organization","@id":"https:\/\/xstyle.md\/#organization","name":"Magazinul X-Style","alternateName":"x-style","url":"https:\/\/xstyle.md\/","logo":{"@type":"ImageObject","inLanguage":"ro-RO","@id":"https:\/\/xstyle.md\/#\/schema\/logo\/image\/","url":"https:\/\/xstyle.md\/wp-content\/uploads\/2020\/06\/logoicon.svg","contentUrl":"https:\/\/xstyle.md\/wp-content\/uploads\/2020\/06\/logoicon.svg","caption":"\u041c\u0430\u0433\u0430\u0437\u0438\u043d Xstyle"},"image":{"@id":"https:\/\/xstyle.md\/#\/schema\/logo\/image\/"},"sameAs":["https:\/\/www.facebook.com\/xstylemd","https:\/\/www.instagram.com\/xstyle_md\/","https:\/\/t.me\/xstyle_outdoor"],"hasMerchantReturnPolicy":{"@type":"MerchantReturnPolicy","merchantReturnLink":"https:\/\/xstyle.md\/ro\/conditions\/"}}]},"product_price_amount":"580.00","product_price_currency":"MDL","og_availability":"instock","product_availability":"instock","product_retailer_item_id":"8428927543486","product_condition":"new"},"_links":{"self":[{"href":"https:\/\/xstyle.md\/ro\/wp-json\/wp\/v2\/product\/78236","targetHints":{"allow":["GET"]}}],"collection":[{"href":"https:\/\/xstyle.md\/ro\/wp-json\/wp\/v2\/product"}],"about":[{"href":"https:\/\/xstyle.md\/ro\/wp-json\/wp\/v2\/types\/product"}],"replies":[{"embeddable":true,"href":"https:\/\/xstyle.md\/ro\/wp-json\/wp\/v2\/comments?post=78236"}],"wp:featuredmedia":[{"embeddable":true,"href":"https:\/\/xstyle.md\/ro\/wp-json\/wp\/v2\/media\/78483"}],"wp:attachment":[{"href":"https:\/\/xstyle.md\/ro\/wp-json\/wp\/v2\/media?parent=78236"}],"wp:term":[{"taxonomy":"product_brand","embeddable":true,"href":"https:\/\/xstyle.md\/ro\/wp-json\/wp\/v2\/product_brand?post=78236"},{"taxonomy":"product_cat","embeddable":true,"href":"https:\/\/xstyle.md\/ro\/wp-json\/wp\/v2\/product_cat?post=78236"},{"taxonomy":"product_tag","embeddable":true,"href":"https:\/\/xstyle.md\/ro\/wp-json\/wp\/v2\/product_tag?post=78236"}],"curies":[{"name":"wp","href":"https:\/\/api.w.org\/{rel}","templated":true}]}}