{"id":77942,"date":"2023-12-28T20:24:30","date_gmt":"2023-12-28T17:24:30","guid":{"rendered":"https:\/\/xstyle.md\/?post_type=product&#038;p=77942"},"modified":"2026-03-04T12:33:50","modified_gmt":"2026-03-04T09:33:50","slug":"termofutbolka-thermowave-merino-arctic-ls-wmn-black","status":"publish","type":"product","link":"https:\/\/xstyle.md\/ro\/produs\/termofutbolka-thermowave-merino-arctic-ls-wmn-black\/","title":{"rendered":"Tricou termic Thermowave Merino Arctic LS Wmn  black"},"content":{"rendered":"<p><\/p>\n<p>Tricou termic <strong>Thermowave Merino Arctic LS Wmn<\/strong> &#8212; este o bluz\u0103 termic\u0103 pentru femei, un strat de baz\u0103 care dispune de o suprafa\u021b\u0103 interioar\u0103 periat\u0103 pentru o catifelare superb\u0103 \u0219i o izolare termic\u0103 deosebit\u0103. L\u00e2na Merino asigur\u0103 respirabilitate maxim\u0103 \u0219i eliminarea eficient\u0103 a umidit\u0103\u021bii. Datorit\u0103 acestui fapt, ve\u021bi r\u0103m\u00e2ne uscat\u0103 \u0219i confortabil\u0103 chiar \u0219i \u00een cele mai dificile condi\u021bii. Elastanul ofer\u0103 mobilitate maxim\u0103 \u0219i garanteaz\u0103 c\u0103 articolul vestimentar v\u0103 va servi excelent, provocare dup\u0103 provocare. Sim\u021bi\u021bi-v\u0103 protejat\u0103 de frig, confortabil\u0103 \u0219i curajoas\u0103.<\/p>\n<h3>Particularit\u0103\u021bi<\/h3>\n<ul>\n<li>Croial\u0103 &#8212; mulat\u0103 pe corp ;<\/li>\n<li>Extra-c\u0103lduros &#8212; interior periat (fleece-like) pentru catifelare \u0219i izolare termic\u0103 superioar\u0103;<\/li>\n<li>Spate alungit pentru o acoperire optim\u0103;<\/li>\n<li>Cus\u0103turi plate care previn irita\u021biile \u0219i frecarea;<\/li>\n<li>Permite pielii s\u0103 respire;<\/li>\n<li>Protec\u021bie natural\u0103 antibacterian\u0103 (rezisten\u021b\u0103 la mirosuri);<\/li>\n<li>C\u0103ldur\u0103 maxim\u0103 pentru cele mai sc\u0103zute temperaturi.<\/li>\n<\/ul>\n<h3>Caracteristici<\/h3>\n<ul>\n<li>Material \u2013 95% l\u00e2n\u0103 Merino, 5% elastan<\/li>\n<li>Sezon \u2013 Toamn\u0103 \/ Iarn\u0103<\/li>\n<li>Utilizare \u2013 Activit\u0103\u021bi \u00een aer liber \/ V\u00e2n\u0103toare \/ Pescuit \/ Camping \/ Trekking<\/li>\n<li>Model \u2013 pentru femei<\/li>\n<\/ul>\n<h3>Performan\u021b\u0103 termic\u0103<\/h3>\n<ul>\n<li>Sp\u0103lare la ma\u0219in\u0103 folosind ciclul pentru l\u00e2n\u0103 (temperatur\u0103 maxim\u0103 30\u00b0C).<\/li>\n<li>Sp\u0103la\u021bi \u00eempreun\u0103 cu culori similare.<\/li>\n<li>Sp\u0103la\u021bi produsul \u00eentors pe dos.<\/li>\n<li>Utiliza\u021bi detergent special pentru l\u00e2n\u0103; nu folosi\u021bi balsam de rufe.<\/li>\n<li>Nu folosi\u021bi \u00een\u0103lbitor.<\/li>\n<li>Nu usca\u021bi \u00een usc\u0103torul de rufe.<\/li>\n<li>Reda\u021bi-i forma ini\u021bial\u0103 c\u00e2t timp produsul este \u00eenc\u0103 umed.<\/li>\n<li>C\u0103lca\u021bi la temperatur\u0103 sc\u0103zut\u0103 dac\u0103 este necesar (maxim 110\u00b0C).<\/li>\n<\/ul>\n<p><\/p>\n<h3>Marca<\/h3>\n<p>Thermowave  - este un brand lituanian cu o tradi\u021bie de peste 90 de ani, specializat \u00een fabricarea hainelor termice de \u00eenalt\u0103 performan\u021b\u0103 din l\u00e2n\u0103 Merino. Brandul este recunoscut pentru abordarea sa sustenabil\u0103 \u0219i tehnologiile inovatoare cu strat dublu, care ofer\u0103 echilibrul perfect \u00eentre reten\u021bia c\u0103ldurii \u0219i gestionarea eficient\u0103 a umidit\u0103\u021bii pentru sportivii profesioni\u0219ti \u0219i entuzia\u0219tii de outdoor.<\/p>","protected":false},"excerpt":{"rendered":"<p>\u0411\u0440\u0435\u043d\u0434 Thermowave \u2014 \u044d\u0442\u043e \u043b\u0438\u0442\u043e\u0432\u0441\u043a\u0438\u0439 \u0431\u0440\u0435\u043d\u0434 \u0441 \u0431\u043e\u043b\u0435\u0435 \u0447\u0435\u043c 90-\u043b\u0435\u0442\u043d\u0435\u0439 \u0438\u0441\u0442\u043e\u0440\u0438\u0435\u0439, \u0441\u043f\u0435\u0446\u0438\u0430\u043b\u0438\u0437\u0438\u0440\u0443\u044e\u0449\u0438\u0439\u0441\u044f \u043d\u0430 \u043f\u0440\u043e\u0438\u0437\u0432\u043e\u0434\u0441\u0442\u0432\u0435 \u0432\u044b\u0441\u043e\u043a\u043e\u0442\u0435\u0445\u043d\u043e\u043b\u043e\u0433\u0438\u0447\u043d\u043e\u0433\u043e \u0442\u0435\u0440\u043c\u043e\u0431\u0435\u043b\u044c\u044f \u0438\u0437 \u0448\u0435\u0440\u0441\u0442\u0438 \u043c\u0435\u0440\u0438\u043d\u043e\u0441\u0430. \u0411\u0440\u0435\u043d\u0434 \u0438\u0437\u0432\u0435\u0441\u0442\u0435\u043d \u0441\u0432\u043e\u0438\u043c \u044d\u043a\u043e\u043b\u043e\u0433\u0438\u0447\u043d\u044b\u043c \u043f\u043e\u0434\u0445\u043e\u0434\u043e\u043c \u0438 \u0438\u043d\u043d\u043e\u0432\u0430\u0446\u0438\u043e\u043d\u043d\u044b\u043c\u0438 \u0434\u0432\u0443\u0445\u0441\u043b\u043e\u0439\u043d\u044b\u043c\u0438 \u0442\u043a\u0430\u043d\u044f\u043c\u0438, \u043a\u043e\u0442\u043e\u0440\u044b\u0435 \u043e\u0431\u0435\u0441\u043f\u0435\u0447\u0438\u0432\u0430\u044e\u0442 \u0438\u0434\u0435\u0430\u043b\u044c\u043d\u044b\u0439 \u0431\u0430\u043b\u0430\u043d\u0441 \u043c\u0435\u0436\u0434\u0443 \u0441\u043e\u0445\u0440\u0430\u043d\u0435\u043d\u0438\u0435\u043c \u0442\u0435\u043f\u043b\u0430 \u0438 \u044d\u0444\u0444\u0435\u043a\u0442\u0438\u0432\u043d\u044b\u043c \u043e\u0442\u0432\u043e\u0434\u043e\u043c \u0432\u043b\u0430\u0433\u0438 \u0434\u043b\u044f \u043f\u0440\u043e\u0444\u0435\u0441\u0441\u0438\u043e\u043d\u0430\u043b\u044c\u043d\u044b\u0445 \u0430\u0442\u043b\u0435\u0442\u043e\u0432 \u0438 \u043b\u044e\u0431\u0438\u0442\u0435\u043b\u0435\u0439 \u0430\u043a\u0442\u0438\u0432\u043d\u043e\u0433\u043e \u043e\u0442\u0434\u044b\u0445\u0430.<\/p>","protected":false},"featured_media":78024,"comment_status":"open","ping_status":"closed","template":"","meta":{"_acf_changed":false,"inline_featured_image":false},"product_brand":[1477],"product_cat":[274],"product_tag":[],"class_list":{"0":"post-77942","1":"product","2":"type-product","3":"status-publish","4":"has-post-thumbnail","6":"product_brand-thermowave","7":"product_cat-thermals-femei","9":"first","10":"outofstock","11":"shipping-taxable","12":"product-type-simple"},"acf":[],"yoast_head":"<!-- This site is optimized with the Yoast SEO plugin v27.2 - https:\/\/yoast.com\/product\/yoast-seo-wordpress\/ -->\n<title>\u0422\u0435\u0440\u043c\u043e\u0444\u0443\u0442\u0431\u043e\u043b\u043a\u0430 Thermowave Merino Arctic LS Wmn black - \u041c\u0430\u0433\u0430\u0437\u0438\u043d Xstyle<\/title>\n<meta name=\"description\" content=\"\u041a\u0443\u043f\u0438\u0442\u0435 \u0442\u0435\u0440\u043c\u043e\u0444\u0443\u0442\u0431\u043e\u043b\u043a\u0443 Thermowave Merino Arctic LS Wmn black \u2014 \u0438\u0434\u0435\u0430\u043b\u044c\u043d\u043e\u0435 \u0441\u043e\u0447\u0435\u0442\u0430\u043d\u0438\u0435 95% \u043c\u0435\u0440\u0438\u043d\u043e\u0441\u043e\u0432\u043e\u0439 \u0448\u0435\u0440\u0441\u0442\u0438 \u0438 5% \u0441\u0438\u043d\u0442\u0435\u0442\u0438\u043a\u0438 \u0434\u043b\u044f \u0442\u0435\u043f\u043b\u0430 \u0438 \u043a\u043e\u043c\u0444\u043e\u0440\u0442\u0430!\" \/>\n<meta name=\"robots\" content=\"index, follow, max-snippet:-1, max-image-preview:large, max-video-preview:-1\" \/>\n<link rel=\"canonical\" href=\"https:\/\/xstyle.md\/ro\/produs\/termofutbolka-thermowave-merino-arctic-ls-wmn-black\/\" \/>\n<meta property=\"og:locale\" content=\"ro_RO\" \/>\n<meta property=\"og:type\" content=\"article\" \/>\n<meta property=\"og:title\" content=\"\u0422\u0435\u0440\u043c\u043e\u0444\u0443\u0442\u0431\u043e\u043b\u043a\u0430 Thermowave Merino Arctic LS Wmn black - \u041c\u0430\u0433\u0430\u0437\u0438\u043d Xstyle\" \/>\n<meta property=\"og:description\" content=\"\u041a\u0443\u043f\u0438\u0442\u0435 \u0442\u0435\u0440\u043c\u043e\u0444\u0443\u0442\u0431\u043e\u043b\u043a\u0443 Thermowave Merino Arctic LS Wmn black \u2014 \u0438\u0434\u0435\u0430\u043b\u044c\u043d\u043e\u0435 \u0441\u043e\u0447\u0435\u0442\u0430\u043d\u0438\u0435 95% \u043c\u0435\u0440\u0438\u043d\u043e\u0441\u043e\u0432\u043e\u0439 \u0448\u0435\u0440\u0441\u0442\u0438 \u0438 5% \u0441\u0438\u043d\u0442\u0435\u0442\u0438\u043a\u0438 \u0434\u043b\u044f \u0442\u0435\u043f\u043b\u0430 \u0438 \u043a\u043e\u043c\u0444\u043e\u0440\u0442\u0430!\" \/>\n<meta property=\"og:url\" content=\"https:\/\/xstyle.md\/ro\/produs\/termofutbolka-thermowave-merino-arctic-ls-wmn-black\/\" \/>\n<meta property=\"og:site_name\" content=\"\u041c\u0430\u0433\u0430\u0437\u0438\u043d Xstyle\" \/>\n<meta property=\"article:publisher\" content=\"https:\/\/www.facebook.com\/xstylemd\" \/>\n<meta property=\"article:modified_time\" content=\"2026-03-04T09:33:50+00:00\" \/>\n<meta property=\"og:image\" content=\"https:\/\/xstyle.md\/wp-content\/uploads\/2023\/12\/thermowave-merino-arctic-ls-wmn-black.jpg\" \/>\n\t<meta property=\"og:image:width\" content=\"1329\" \/>\n\t<meta property=\"og:image:height\" content=\"1348\" \/>\n\t<meta property=\"og:image:type\" content=\"image\/jpeg\" \/>\n<meta name=\"twitter:card\" content=\"summary_large_image\" \/>\n<meta name=\"twitter:label1\" content=\"Pre\u021b\" \/>\n\t<meta name=\"twitter:data1\" content=\"2.250&nbsp;MDL\" \/>\n\t<meta name=\"twitter:label2\" content=\"Disponibilitate\" \/>\n\t<meta name=\"twitter:data2\" content=\"Stoc epuizat\" \/>\n<script type=\"application\/ld+json\" class=\"yoast-schema-graph\">{\"@context\":\"https:\/\/schema.org\",\"@graph\":[{\"@type\":\"WebPage\",\"@id\":\"https:\/\/xstyle.md\/product\/termofutbolka-thermowave-merino-arctic-ls-wmn-black\/\",\"url\":\"https:\/\/xstyle.md\/product\/termofutbolka-thermowave-merino-arctic-ls-wmn-black\/\",\"name\":\"\u0422\u0435\u0440\u043c\u043e\u0444\u0443\u0442\u0431\u043e\u043b\u043a\u0430 Thermowave Merino Arctic LS Wmn black - \u041c\u0430\u0433\u0430\u0437\u0438\u043d Xstyle\",\"isPartOf\":{\"@id\":\"https:\/\/xstyle.md\/#website\"},\"primaryImageOfPage\":{\"@id\":\"https:\/\/xstyle.md\/product\/termofutbolka-thermowave-merino-arctic-ls-wmn-black\/#primaryimage\"},\"image\":{\"@id\":\"https:\/\/xstyle.md\/product\/termofutbolka-thermowave-merino-arctic-ls-wmn-black\/#primaryimage\"},\"thumbnailUrl\":\"https:\/\/xstyle.md\/wp-content\/uploads\/2023\/12\/thermowave-merino-arctic-ls-wmn-black.jpg\",\"datePublished\":\"2023-12-28T17:24:30+00:00\",\"dateModified\":\"2026-03-04T09:33:50+00:00\",\"description\":\"\u041a\u0443\u043f\u0438\u0442\u0435 \u0442\u0435\u0440\u043c\u043e\u0444\u0443\u0442\u0431\u043e\u043b\u043a\u0443 Thermowave Merino Arctic LS Wmn black \u2014 \u0438\u0434\u0435\u0430\u043b\u044c\u043d\u043e\u0435 \u0441\u043e\u0447\u0435\u0442\u0430\u043d\u0438\u0435 95% \u043c\u0435\u0440\u0438\u043d\u043e\u0441\u043e\u0432\u043e\u0439 \u0448\u0435\u0440\u0441\u0442\u0438 \u0438 5% \u0441\u0438\u043d\u0442\u0435\u0442\u0438\u043a\u0438 \u0434\u043b\u044f \u0442\u0435\u043f\u043b\u0430 \u0438 \u043a\u043e\u043c\u0444\u043e\u0440\u0442\u0430!\",\"breadcrumb\":{\"@id\":\"https:\/\/xstyle.md\/product\/termofutbolka-thermowave-merino-arctic-ls-wmn-black\/#breadcrumb\"},\"inLanguage\":\"ro-RO\",\"potentialAction\":[{\"@type\":\"ReadAction\",\"target\":[\"https:\/\/xstyle.md\/product\/termofutbolka-thermowave-merino-arctic-ls-wmn-black\/\"]}]},{\"@type\":\"ImageObject\",\"inLanguage\":\"ro-RO\",\"@id\":\"https:\/\/xstyle.md\/product\/termofutbolka-thermowave-merino-arctic-ls-wmn-black\/#primaryimage\",\"url\":\"https:\/\/xstyle.md\/wp-content\/uploads\/2023\/12\/thermowave-merino-arctic-ls-wmn-black.jpg\",\"contentUrl\":\"https:\/\/xstyle.md\/wp-content\/uploads\/2023\/12\/thermowave-merino-arctic-ls-wmn-black.jpg\",\"width\":1329,\"height\":1348,\"caption\":\"\u0422\u0435\u0440\u043c\u043e\u0444\u0443\u0442\u0431\u043e\u043b\u043a\u0430 Thermowave Merino Arctic LS Wmn \u0447\u0435\u0440\u043d\u0430\u044f \u0434\u043b\u044f \u0430\u043a\u0442\u0438\u0432\u043d\u043e\u0433\u043e \u043e\u0442\u0434\u044b\u0445\u0430, \u043f\u043e\u0445\u043e\u0434\u043e\u0432, \u043f\u0443\u0442\u0435\u0448\u0435\u0441\u0442\u0432\u0438\u0439 \u0438 \u0448\u0430\u0445\u043c\u0430\u0442\u043d\u043e\u0433\u043e \u0441\u0442\u0438\u043b\u044f, \u043e\u0434\u0435\u0436\u0434\u0430 \u0438 \u043e\u0431\u0443\u0432\u044c \u0434\u043b\u044f outdoor \u0430\u043a\u0442\u0438\u0432\u043d\u043e\u0441\u0442\u0438\"},{\"@type\":\"BreadcrumbList\",\"@id\":\"https:\/\/xstyle.md\/product\/termofutbolka-thermowave-merino-arctic-ls-wmn-black\/#breadcrumb\",\"itemListElement\":[{\"@type\":\"ListItem\",\"position\":1,\"name\":\"\u0413\u043b\u0430\u0432\u043d\u0430\u044f \u0441\u0442\u0440\u0430\u043d\u0438\u0446\u0430\",\"item\":\"https:\/\/xstyle.md\/\"},{\"@type\":\"ListItem\",\"position\":2,\"name\":\"\u041c\u0430\u0433\u0430\u0437\u0438\u043d\",\"item\":\"https:\/\/xstyle.md\/shop\/\"},{\"@type\":\"ListItem\",\"position\":3,\"name\":\"\u0422\u0435\u0440\u043c\u043e\u0444\u0443\u0442\u0431\u043e\u043b\u043a\u0430 Thermowave Merino Arctic LS Wmn black\"}]},{\"@type\":\"WebSite\",\"@id\":\"https:\/\/xstyle.md\/#website\",\"url\":\"https:\/\/xstyle.md\/\",\"name\":\"\u041c\u0430\u0433\u0430\u0437\u0438\u043d Xstyle\",\"description\":\"C\u043d\u0430\u0440\u044f\u0436\u0435\u043d\u0438\u0435 \u0434\u043b\u044f \u0442\u0443\u0440\u0438\u0437\u043c\u0430 \u0438 \u044d\u043a\u0441\u0442\u0440\u0435\u043c\u0430\u043b\u044c\u043d\u044b\u0445 \u0432\u0438\u0434\u043e\u0432 \u0441\u043f\u043e\u0440\u0442\u0430 \u0432 \u041c\u043e\u043b\u0434\u043e\u0432\u0435.. \u0426\u0435\u043d\u044b, \u0444\u043e\u0442\u043e, \u0445\u0430\u0440\u0430\u043a\u0442\u0435\u0440\u0438\u0441\u0442\u0438\u043a\u0438 \u0432 \u041c\u043e\u043b\u0434\u043e\u0432\u0435.\",\"publisher\":{\"@id\":\"https:\/\/xstyle.md\/#organization\"},\"alternateName\":\"X-Style\",\"potentialAction\":[{\"@type\":\"SearchAction\",\"target\":{\"@type\":\"EntryPoint\",\"urlTemplate\":\"https:\/\/xstyle.md\/?s={search_term_string}\"},\"query-input\":{\"@type\":\"PropertyValueSpecification\",\"valueRequired\":true,\"valueName\":\"search_term_string\"}}],\"inLanguage\":\"ro-RO\"},{\"@type\":\"Organization\",\"@id\":\"https:\/\/xstyle.md\/#organization\",\"name\":\"\u041c\u0430\u0433\u0430\u0437\u0438\u043d Xstyle\",\"alternateName\":\"x-style\",\"url\":\"https:\/\/xstyle.md\/\",\"logo\":{\"@type\":\"ImageObject\",\"inLanguage\":\"ro-RO\",\"@id\":\"https:\/\/xstyle.md\/#\/schema\/logo\/image\/\",\"url\":\"https:\/\/xstyle.md\/wp-content\/uploads\/2020\/06\/logoicon.svg\",\"contentUrl\":\"https:\/\/xstyle.md\/wp-content\/uploads\/2020\/06\/logoicon.svg\",\"caption\":\"\u041c\u0430\u0433\u0430\u0437\u0438\u043d Xstyle\"},\"image\":{\"@id\":\"https:\/\/xstyle.md\/#\/schema\/logo\/image\/\"},\"sameAs\":[\"https:\/\/www.facebook.com\/xstylemd\",\"https:\/\/www.instagram.com\/xstyle_md\/\",\"https:\/\/t.me\/xstyle_outdoor\"],\"hasMerchantReturnPolicy\":{\"@type\":\"MerchantReturnPolicy\",\"merchantReturnLink\":\"https:\/\/xstyle.md\/ro\/conditions\/\"}}]}<\/script>\n<meta property=\"product:price:amount\" content=\"2250.00\" \/>\n<meta property=\"product:price:currency\" content=\"MDL\" \/>\n<meta property=\"og:availability\" content=\"out of stock\" \/>\n<meta property=\"product:availability\" content=\"out of stock\" \/>\n<meta property=\"product:retailer_item_id\" content=\"4771999390781\" \/>\n<meta property=\"product:condition\" content=\"new\" \/>\n<!-- \/ Yoast SEO plugin. -->","yoast_head_json":{"title":"Tricou termic Thermowave Merino Arctic LS Wmn negru - Magazin Xstyle","description":"Cump\u0103ra\u021bi tricoul termic Thermowave Merino Arctic LS Wmn negru \u2014 combina\u021bia ideal\u0103 de 95% l\u00e2n\u0103 merinos \u0219i 5% sintetice pentru c\u0103ldur\u0103 \u0219i confort!","robots":{"index":"index","follow":"follow","max-snippet":"max-snippet:-1","max-image-preview":"max-image-preview:large","max-video-preview":"max-video-preview:-1"},"canonical":"https:\/\/xstyle.md\/ro\/produs\/termofutbolka-thermowave-merino-arctic-ls-wmn-black\/","og_locale":"ro_RO","og_type":"article","og_title":"\u0422\u0435\u0440\u043c\u043e\u0444\u0443\u0442\u0431\u043e\u043b\u043a\u0430 Thermowave Merino Arctic LS Wmn black - \u041c\u0430\u0433\u0430\u0437\u0438\u043d Xstyle","og_description":"\u041a\u0443\u043f\u0438\u0442\u0435 \u0442\u0435\u0440\u043c\u043e\u0444\u0443\u0442\u0431\u043e\u043b\u043a\u0443 Thermowave Merino Arctic LS Wmn black \u2014 \u0438\u0434\u0435\u0430\u043b\u044c\u043d\u043e\u0435 \u0441\u043e\u0447\u0435\u0442\u0430\u043d\u0438\u0435 95% \u043c\u0435\u0440\u0438\u043d\u043e\u0441\u043e\u0432\u043e\u0439 \u0448\u0435\u0440\u0441\u0442\u0438 \u0438 5% \u0441\u0438\u043d\u0442\u0435\u0442\u0438\u043a\u0438 \u0434\u043b\u044f \u0442\u0435\u043f\u043b\u0430 \u0438 \u043a\u043e\u043c\u0444\u043e\u0440\u0442\u0430!","og_url":"https:\/\/xstyle.md\/ro\/produs\/termofutbolka-thermowave-merino-arctic-ls-wmn-black\/","og_site_name":"\u041c\u0430\u0433\u0430\u0437\u0438\u043d Xstyle","article_publisher":"https:\/\/www.facebook.com\/xstylemd","article_modified_time":"2026-03-04T09:33:50+00:00","og_image":[{"width":1329,"height":1348,"url":"https:\/\/xstyle.md\/wp-content\/uploads\/2023\/12\/thermowave-merino-arctic-ls-wmn-black.jpg","type":"image\/jpeg"}],"twitter_card":"summary_large_image","twitter_misc":{"Pre\u021b":"2.250&nbsp;MDL","Disponibilitate":"Stoc epuizat"},"schema":{"@context":"https:\/\/schema.org","@graph":[{"@type":"WebPage","@id":"https:\/\/xstyle.md\/product\/termofutbolka-thermowave-merino-arctic-ls-wmn-black\/","url":"https:\/\/xstyle.md\/product\/termofutbolka-thermowave-merino-arctic-ls-wmn-black\/","name":"Tricou termic Thermowave Merino Arctic LS Wmn negru - Magazin Xstyle","isPartOf":{"@id":"https:\/\/xstyle.md\/#website"},"primaryImageOfPage":{"@id":"https:\/\/xstyle.md\/product\/termofutbolka-thermowave-merino-arctic-ls-wmn-black\/#primaryimage"},"image":{"@id":"https:\/\/xstyle.md\/product\/termofutbolka-thermowave-merino-arctic-ls-wmn-black\/#primaryimage"},"thumbnailUrl":"https:\/\/xstyle.md\/wp-content\/uploads\/2023\/12\/thermowave-merino-arctic-ls-wmn-black.jpg","datePublished":"2023-12-28T17:24:30+00:00","dateModified":"2026-03-04T09:33:50+00:00","description":"Cump\u0103ra\u021bi tricoul termic Thermowave Merino Arctic LS Wmn negru \u2014 combina\u021bia ideal\u0103 de 95% l\u00e2n\u0103 merinos \u0219i 5% sintetice pentru c\u0103ldur\u0103 \u0219i confort!","breadcrumb":{"@id":"https:\/\/xstyle.md\/product\/termofutbolka-thermowave-merino-arctic-ls-wmn-black\/#breadcrumb"},"inLanguage":"ro-RO","potentialAction":[{"@type":"ReadAction","target":["https:\/\/xstyle.md\/product\/termofutbolka-thermowave-merino-arctic-ls-wmn-black\/"]}]},{"@type":"ImageObject","inLanguage":"ro-RO","@id":"https:\/\/xstyle.md\/product\/termofutbolka-thermowave-merino-arctic-ls-wmn-black\/#primaryimage","url":"https:\/\/xstyle.md\/wp-content\/uploads\/2023\/12\/thermowave-merino-arctic-ls-wmn-black.jpg","contentUrl":"https:\/\/xstyle.md\/wp-content\/uploads\/2023\/12\/thermowave-merino-arctic-ls-wmn-black.jpg","width":1329,"height":1348,"caption":"\u0422\u0435\u0440\u043c\u043e\u0444\u0443\u0442\u0431\u043e\u043b\u043a\u0430 Thermowave Merino Arctic LS Wmn \u0447\u0435\u0440\u043d\u0430\u044f \u0434\u043b\u044f \u0430\u043a\u0442\u0438\u0432\u043d\u043e\u0433\u043e \u043e\u0442\u0434\u044b\u0445\u0430, \u043f\u043e\u0445\u043e\u0434\u043e\u0432, \u043f\u0443\u0442\u0435\u0448\u0435\u0441\u0442\u0432\u0438\u0439 \u0438 \u0448\u0430\u0445\u043c\u0430\u0442\u043d\u043e\u0433\u043e \u0441\u0442\u0438\u043b\u044f, \u043e\u0434\u0435\u0436\u0434\u0430 \u0438 \u043e\u0431\u0443\u0432\u044c \u0434\u043b\u044f outdoor \u0430\u043a\u0442\u0438\u0432\u043d\u043e\u0441\u0442\u0438"},{"@type":"BreadcrumbList","@id":"https:\/\/xstyle.md\/product\/termofutbolka-thermowave-merino-arctic-ls-wmn-black\/#breadcrumb","itemListElement":[{"@type":"ListItem","position":1,"name":"\u0413\u043b\u0430\u0432\u043d\u0430\u044f \u0441\u0442\u0440\u0430\u043d\u0438\u0446\u0430","item":"https:\/\/xstyle.md\/"},{"@type":"ListItem","position":2,"name":"\u041c\u0430\u0433\u0430\u0437\u0438\u043d","item":"https:\/\/xstyle.md\/shop\/"},{"@type":"ListItem","position":3,"name":"\u0422\u0435\u0440\u043c\u043e\u0444\u0443\u0442\u0431\u043e\u043b\u043a\u0430 Thermowave Merino Arctic LS Wmn black"}]},{"@type":"WebSite","@id":"https:\/\/xstyle.md\/#website","url":"https:\/\/xstyle.md\/","name":"Magazinul X-Style","description":"Echipamente pentru turism \u0219i sporturi extreme \u00een Moldova. Pre\u021buri, fotografii, caracteristici \u00een Moldova.","publisher":{"@id":"https:\/\/xstyle.md\/#organization"},"alternateName":"X-Style","potentialAction":[{"@type":"SearchAction","target":{"@type":"EntryPoint","urlTemplate":"https:\/\/xstyle.md\/?s={search_term_string}"},"query-input":{"@type":"PropertyValueSpecification","valueRequired":true,"valueName":"search_term_string"}}],"inLanguage":"ro-RO"},{"@type":"Organization","@id":"https:\/\/xstyle.md\/#organization","name":"Magazinul X-Style","alternateName":"x-style","url":"https:\/\/xstyle.md\/","logo":{"@type":"ImageObject","inLanguage":"ro-RO","@id":"https:\/\/xstyle.md\/#\/schema\/logo\/image\/","url":"https:\/\/xstyle.md\/wp-content\/uploads\/2020\/06\/logoicon.svg","contentUrl":"https:\/\/xstyle.md\/wp-content\/uploads\/2020\/06\/logoicon.svg","caption":"\u041c\u0430\u0433\u0430\u0437\u0438\u043d Xstyle"},"image":{"@id":"https:\/\/xstyle.md\/#\/schema\/logo\/image\/"},"sameAs":["https:\/\/www.facebook.com\/xstylemd","https:\/\/www.instagram.com\/xstyle_md\/","https:\/\/t.me\/xstyle_outdoor"],"hasMerchantReturnPolicy":{"@type":"MerchantReturnPolicy","merchantReturnLink":"https:\/\/xstyle.md\/ro\/conditions\/"}}]},"product_price_amount":"2250.00","product_price_currency":"MDL","og_availability":"out of stock","product_availability":"out of stock","product_retailer_item_id":"4771999390781","product_condition":"new"},"post_mailing_queue_ids":[],"_links":{"self":[{"href":"https:\/\/xstyle.md\/ro\/wp-json\/wp\/v2\/product\/77942","targetHints":{"allow":["GET"]}}],"collection":[{"href":"https:\/\/xstyle.md\/ro\/wp-json\/wp\/v2\/product"}],"about":[{"href":"https:\/\/xstyle.md\/ro\/wp-json\/wp\/v2\/types\/product"}],"replies":[{"embeddable":true,"href":"https:\/\/xstyle.md\/ro\/wp-json\/wp\/v2\/comments?post=77942"}],"wp:featuredmedia":[{"embeddable":true,"href":"https:\/\/xstyle.md\/ro\/wp-json\/wp\/v2\/media\/78024"}],"wp:attachment":[{"href":"https:\/\/xstyle.md\/ro\/wp-json\/wp\/v2\/media?parent=77942"}],"wp:term":[{"taxonomy":"product_brand","embeddable":true,"href":"https:\/\/xstyle.md\/ro\/wp-json\/wp\/v2\/product_brand?post=77942"},{"taxonomy":"product_cat","embeddable":true,"href":"https:\/\/xstyle.md\/ro\/wp-json\/wp\/v2\/product_cat?post=77942"},{"taxonomy":"product_tag","embeddable":true,"href":"https:\/\/xstyle.md\/ro\/wp-json\/wp\/v2\/product_tag?post=77942"}],"curies":[{"name":"wp","href":"https:\/\/api.w.org\/{rel}","templated":true}]}}