{"id":77937,"date":"2023-12-28T20:24:29","date_gmt":"2023-12-28T17:24:29","guid":{"rendered":"https:\/\/xstyle.md\/?post_type=product&#038;p=77937"},"modified":"2026-03-19T17:17:13","modified_gmt":"2026-03-19T14:17:13","slug":"termofutbolka-thermowave-merino-aero-ls-mns-black","status":"publish","type":"product","link":"https:\/\/xstyle.md\/ro\/produs\/termofutbolka-thermowave-merino-aero-ls-mns-black\/","title":{"rendered":"Tricou termic Thermowave Merino Aero LS Mns black"},"content":{"rendered":"<\/p>\n<p><strong>Thermowave Merino Aero LS<\/strong> &#8212; tricou termic pentru b\u0103rba\u021bi, alegerea celor care sunt gata s\u0103 cucereasc\u0103 traseele montane. Fie c\u0103 este vorba de drume\u021bii sau de schi, acest tricou pentru b\u0103rba\u021bi va fi partenerul perfect pentru orice aventur\u0103. Acest articol de \u00eembr\u0103c\u0103minte va fi cu siguran\u021b\u0103 liderul noii noastre colec\u021bii \u0219i alegerea preferat\u0103 a b\u0103rba\u021bilor.<\/p>\n<p>Este confec\u021bionat din 100% l\u00e2n\u0103 merino premium de provenien\u021b\u0103 etic\u0103, este at\u00e2t suplu \u0219i rezistent, \u021bes\u0103tura fiind f\u0103r\u0103 m\u00e2nc\u0103rimi pe piele. Cu o densitate de numai 165 GSM, aceast\u0103 \u021bes\u0103tur\u0103 durabil\u0103 este ideal\u0103 pentru drume\u021bii, camping \u0219i sporturi pe z\u0103pad\u0103, at\u00e2t iarna, c\u00e2t \u0219i prim\u0103vara.<\/p>\n<h3>Particularit\u0103\u021bi<\/h3>\n<ul>\n<li>Se potrive\u0219te perfect<\/li>\n<li>L\u00e2n\u0103 merino premium de 17,5 microni, ultra-moale \u0219i foarte u\u0219oar\u0103<\/li>\n<li>Cus\u0103turi de um\u0103r decalate pentru a preveni irita\u021biile<\/li>\n<li>Partea din spate mai lung\u0103 pentru un plus de confort<\/li>\n<li>Materialul elastic \u0219i rezistent asigur\u0103 durabilitatea<\/li>\n<li>Izola\u021bie termic\u0103 perfect\u0103<\/li>\n<li>Protec\u021bie antibacterian\u0103 natural\u0103<\/li>\n<li>Confort pe tot parcursul anului pentru vreme r\u0103coroas\u0103<\/li>\n<li>Protec\u021bie UPF30+, aprobat\u0103 de laboratoarele Hohenstein<\/li>\n<\/ul>\n<h3>Caracteristici<\/h3>\n<ul>\n<li>Material - 100% l\u00e2n\u0103 Merino<\/li>\n<li>Sezonul &#8212; toamn\u0103\/iarn\u0103<\/li>\n<li>Aplica\u021bie &#8212; activit\u0103\u021bi \u00een aer liber \/ v\u00e2n\u0103toare \/ pescuit \/ camping \/ trekking<\/li>\n<li>Model - b\u0103rba\u021bi<\/li>\n<\/ul>\n<p><\/p>\n<h3>Marca<\/h3>\n<p>Thermowave  - este un brand lituanian cu o tradi\u021bie de peste 90 de ani, specializat \u00een fabricarea hainelor termice de \u00eenalt\u0103 performan\u021b\u0103 din l\u00e2n\u0103 Merino. Brandul este recunoscut pentru abordarea sa sustenabil\u0103 \u0219i tehnologiile inovatoare cu strat dublu, care ofer\u0103 echilibrul perfect \u00eentre reten\u021bia c\u0103ldurii \u0219i gestionarea eficient\u0103 a umidit\u0103\u021bii pentru sportivii profesioni\u0219ti \u0219i entuzia\u0219tii de outdoor.<\/p>","protected":false},"excerpt":{"rendered":"<p>\u0411\u0440\u0435\u043d\u0434 Thermowave \u2014 \u044d\u0442\u043e \u043b\u0438\u0442\u043e\u0432\u0441\u043a\u0438\u0439 \u0431\u0440\u0435\u043d\u0434 \u0441 \u0431\u043e\u043b\u0435\u0435 \u0447\u0435\u043c 90-\u043b\u0435\u0442\u043d\u0435\u0439 \u0438\u0441\u0442\u043e\u0440\u0438\u0435\u0439, \u0441\u043f\u0435\u0446\u0438\u0430\u043b\u0438\u0437\u0438\u0440\u0443\u044e\u0449\u0438\u0439\u0441\u044f \u043d\u0430 \u043f\u0440\u043e\u0438\u0437\u0432\u043e\u0434\u0441\u0442\u0432\u0435 \u0432\u044b\u0441\u043e\u043a\u043e\u0442\u0435\u0445\u043d\u043e\u043b\u043e\u0433\u0438\u0447\u043d\u043e\u0433\u043e \u0442\u0435\u0440\u043c\u043e\u0431\u0435\u043b\u044c\u044f \u0438\u0437 \u0448\u0435\u0440\u0441\u0442\u0438 \u043c\u0435\u0440\u0438\u043d\u043e\u0441\u0430. \u0411\u0440\u0435\u043d\u0434 \u0438\u0437\u0432\u0435\u0441\u0442\u0435\u043d \u0441\u0432\u043e\u0438\u043c \u044d\u043a\u043e\u043b\u043e\u0433\u0438\u0447\u043d\u044b\u043c \u043f\u043e\u0434\u0445\u043e\u0434\u043e\u043c \u0438 \u0438\u043d\u043d\u043e\u0432\u0430\u0446\u0438\u043e\u043d\u043d\u044b\u043c\u0438 \u0434\u0432\u0443\u0445\u0441\u043b\u043e\u0439\u043d\u044b\u043c\u0438 \u0442\u043a\u0430\u043d\u044f\u043c\u0438, \u043a\u043e\u0442\u043e\u0440\u044b\u0435 \u043e\u0431\u0435\u0441\u043f\u0435\u0447\u0438\u0432\u0430\u044e\u0442 \u0438\u0434\u0435\u0430\u043b\u044c\u043d\u044b\u0439 \u0431\u0430\u043b\u0430\u043d\u0441 \u043c\u0435\u0436\u0434\u0443 \u0441\u043e\u0445\u0440\u0430\u043d\u0435\u043d\u0438\u0435\u043c \u0442\u0435\u043f\u043b\u0430 \u0438 \u044d\u0444\u0444\u0435\u043a\u0442\u0438\u0432\u043d\u044b\u043c \u043e\u0442\u0432\u043e\u0434\u043e\u043c \u0432\u043b\u0430\u0433\u0438 \u0434\u043b\u044f \u043f\u0440\u043e\u0444\u0435\u0441\u0441\u0438\u043e\u043d\u0430\u043b\u044c\u043d\u044b\u0445 \u0430\u0442\u043b\u0435\u0442\u043e\u0432 \u0438 \u043b\u044e\u0431\u0438\u0442\u0435\u043b\u0435\u0439 \u0430\u043a\u0442\u0438\u0432\u043d\u043e\u0433\u043e \u043e\u0442\u0434\u044b\u0445\u0430.<\/p>","protected":false},"featured_media":78012,"comment_status":"open","ping_status":"closed","template":"","meta":{"_acf_changed":false,"inline_featured_image":false},"product_brand":[1477],"product_cat":[288],"product_tag":[],"class_list":{"0":"post-77937","1":"product","2":"type-product","3":"status-publish","4":"has-post-thumbnail","6":"product_brand-thermowave","7":"product_cat-thermals-barbati","9":"first","10":"instock","11":"shipping-taxable","12":"purchasable","13":"product-type-simple"},"acf":[],"yoast_head":"<!-- This site is optimized with the Yoast SEO plugin v27.4 - https:\/\/yoast.com\/product\/yoast-seo-wordpress\/ -->\n<title>\u0422\u0435\u0440\u043c\u043e\u0444\u0443\u0442\u0431\u043e\u043b\u043a\u0430 Thermowave Merino Aero LS Mns black - \u041c\u0430\u0433\u0430\u0437\u0438\u043d Xstyle<\/title>\n<meta name=\"description\" content=\"\u0422\u0435\u0440\u043c\u043e\u0444\u0443\u0442\u0431\u043e\u043b\u043a\u0430 Thermowave Merino Aero LS Mns black \u2014 \u0438\u0434\u0435\u0430\u043b\u044c\u043d\u044b\u0439 \u0432\u044b\u0431\u043e\u0440 \u0434\u043b\u044f \u043c\u0443\u0436\u0447\u0438\u043d, \u0447\u0442\u043e \u0433\u043e\u0442\u043e\u0432\u044b \u043a \u043f\u0440\u0438\u043a\u043b\u044e\u0447\u0435\u043d\u0438\u044f\u043c \u0432 \u0433\u043e\u0440\u0430\u0445. \u0423\u0434\u043e\u0431\u0441\u0442\u0432\u043e, \u0442\u0435\u043f\u043b\u043e \u0438 \u0437\u0430\u0449\u0438\u0442\u043d\u044b\u0435 \u0441\u0432\u043e\u0439\u0441\u0442\u0432\u0430!\" \/>\n<meta name=\"robots\" content=\"index, follow, max-snippet:-1, max-image-preview:large, max-video-preview:-1\" \/>\n<link rel=\"canonical\" href=\"https:\/\/xstyle.md\/ro\/produs\/termofutbolka-thermowave-merino-aero-ls-mns-black\/\" \/>\n<meta property=\"og:locale\" content=\"ro_RO\" \/>\n<meta property=\"og:type\" content=\"article\" \/>\n<meta property=\"og:title\" content=\"\u0422\u0435\u0440\u043c\u043e\u0444\u0443\u0442\u0431\u043e\u043b\u043a\u0430 Thermowave Merino Aero LS Mns black - \u041c\u0430\u0433\u0430\u0437\u0438\u043d Xstyle\" \/>\n<meta property=\"og:description\" content=\"\u0422\u0435\u0440\u043c\u043e\u0444\u0443\u0442\u0431\u043e\u043b\u043a\u0430 Thermowave Merino Aero LS Mns black \u2014 \u0438\u0434\u0435\u0430\u043b\u044c\u043d\u044b\u0439 \u0432\u044b\u0431\u043e\u0440 \u0434\u043b\u044f \u043c\u0443\u0436\u0447\u0438\u043d, \u0447\u0442\u043e \u0433\u043e\u0442\u043e\u0432\u044b \u043a \u043f\u0440\u0438\u043a\u043b\u044e\u0447\u0435\u043d\u0438\u044f\u043c \u0432 \u0433\u043e\u0440\u0430\u0445. \u0423\u0434\u043e\u0431\u0441\u0442\u0432\u043e, \u0442\u0435\u043f\u043b\u043e \u0438 \u0437\u0430\u0449\u0438\u0442\u043d\u044b\u0435 \u0441\u0432\u043e\u0439\u0441\u0442\u0432\u0430!\" \/>\n<meta property=\"og:url\" content=\"https:\/\/xstyle.md\/ro\/produs\/termofutbolka-thermowave-merino-aero-ls-mns-black\/\" \/>\n<meta property=\"og:site_name\" content=\"\u041c\u0430\u0433\u0430\u0437\u0438\u043d Xstyle\" \/>\n<meta property=\"article:publisher\" content=\"https:\/\/www.facebook.com\/xstylemd\" \/>\n<meta property=\"article:modified_time\" content=\"2026-03-19T14:17:13+00:00\" \/>\n<meta property=\"og:image\" content=\"https:\/\/xstyle.md\/wp-content\/uploads\/2023\/12\/thermowave-merino-aero-ls-mns-black.jpg\" \/>\n\t<meta property=\"og:image:width\" content=\"1408\" \/>\n\t<meta property=\"og:image:height\" content=\"1340\" \/>\n\t<meta property=\"og:image:type\" content=\"image\/jpeg\" \/>\n<meta name=\"twitter:card\" content=\"summary_large_image\" \/>\n<meta name=\"twitter:label1\" content=\"Pre\u021b\" \/>\n\t<meta name=\"twitter:data1\" content=\"1.690&nbsp;MDL\" \/>\n\t<meta name=\"twitter:label2\" content=\"Disponibilitate\" \/>\n\t<meta name=\"twitter:data2\" content=\"\u00cen stoc\" \/>\n<script type=\"application\/ld+json\" class=\"yoast-schema-graph\">{\"@context\":\"https:\\\/\\\/schema.org\",\"@graph\":[{\"@type\":\"WebPage\",\"@id\":\"https:\\\/\\\/xstyle.md\\\/product\\\/termofutbolka-thermowave-merino-aero-ls-mns-black\\\/\",\"url\":\"https:\\\/\\\/xstyle.md\\\/product\\\/termofutbolka-thermowave-merino-aero-ls-mns-black\\\/\",\"name\":\"\u0422\u0435\u0440\u043c\u043e\u0444\u0443\u0442\u0431\u043e\u043b\u043a\u0430 Thermowave Merino Aero LS Mns black - \u041c\u0430\u0433\u0430\u0437\u0438\u043d Xstyle\",\"isPartOf\":{\"@id\":\"https:\\\/\\\/xstyle.md\\\/#website\"},\"primaryImageOfPage\":{\"@id\":\"https:\\\/\\\/xstyle.md\\\/product\\\/termofutbolka-thermowave-merino-aero-ls-mns-black\\\/#primaryimage\"},\"image\":{\"@id\":\"https:\\\/\\\/xstyle.md\\\/product\\\/termofutbolka-thermowave-merino-aero-ls-mns-black\\\/#primaryimage\"},\"thumbnailUrl\":\"https:\\\/\\\/xstyle.md\\\/wp-content\\\/uploads\\\/2023\\\/12\\\/thermowave-merino-aero-ls-mns-black.jpg\",\"datePublished\":\"2023-12-28T17:24:29+00:00\",\"dateModified\":\"2026-03-19T14:17:13+00:00\",\"description\":\"\u0422\u0435\u0440\u043c\u043e\u0444\u0443\u0442\u0431\u043e\u043b\u043a\u0430 Thermowave Merino Aero LS Mns black \u2014 \u0438\u0434\u0435\u0430\u043b\u044c\u043d\u044b\u0439 \u0432\u044b\u0431\u043e\u0440 \u0434\u043b\u044f \u043c\u0443\u0436\u0447\u0438\u043d, \u0447\u0442\u043e \u0433\u043e\u0442\u043e\u0432\u044b \u043a \u043f\u0440\u0438\u043a\u043b\u044e\u0447\u0435\u043d\u0438\u044f\u043c \u0432 \u0433\u043e\u0440\u0430\u0445. \u0423\u0434\u043e\u0431\u0441\u0442\u0432\u043e, \u0442\u0435\u043f\u043b\u043e \u0438 \u0437\u0430\u0449\u0438\u0442\u043d\u044b\u0435 \u0441\u0432\u043e\u0439\u0441\u0442\u0432\u0430!\",\"breadcrumb\":{\"@id\":\"https:\\\/\\\/xstyle.md\\\/product\\\/termofutbolka-thermowave-merino-aero-ls-mns-black\\\/#breadcrumb\"},\"inLanguage\":\"ro-RO\",\"potentialAction\":[{\"@type\":\"ReadAction\",\"target\":[\"https:\\\/\\\/xstyle.md\\\/product\\\/termofutbolka-thermowave-merino-aero-ls-mns-black\\\/\"]}]},{\"@type\":\"ImageObject\",\"inLanguage\":\"ro-RO\",\"@id\":\"https:\\\/\\\/xstyle.md\\\/product\\\/termofutbolka-thermowave-merino-aero-ls-mns-black\\\/#primaryimage\",\"url\":\"https:\\\/\\\/xstyle.md\\\/wp-content\\\/uploads\\\/2023\\\/12\\\/thermowave-merino-aero-ls-mns-black.jpg\",\"contentUrl\":\"https:\\\/\\\/xstyle.md\\\/wp-content\\\/uploads\\\/2023\\\/12\\\/thermowave-merino-aero-ls-mns-black.jpg\",\"width\":1408,\"height\":1340,\"caption\":\"\u0422\u0435\u0440\u043c\u043e\u0444\u0443\u0442\u0431\u043e\u043b\u043a\u0430 Thermowave Merino Aero LS Mns \u0447\u0435\u0440\u043d\u0430\u044f \u0434\u043b\u044f \u0430\u043a\u0442\u0438\u0432\u043d\u043e\u0433\u043e \u043e\u0442\u0434\u044b\u0445\u0430, \u043e\u0434\u0435\u0436\u0434\u044b \u0434\u043b\u044f \u043f\u043e\u0445\u043e\u0434\u043e\u0432, \u043f\u0443\u0442\u0435\u0448\u0435\u0441\u0442\u0432\u0438\u0439 \u0438 \u0433\u043e\u0440\u043d\u044b\u0445 \u043f\u043e\u0445\u043e\u0434\u043e\u0432 \u0432 \u043e\u043d\u043b\u0430\u0439\u043d-\u043c\u0430\u0433\u0430\u0437\u0438\u043d\u0435 \u0441 \u044d\u043a\u0438\u043f\u0438\u0440\u043e\u0432\u043a\u043e\u0439 \u0434\u043b\u044f \u0430\u043a\u0442\u0438\u0432\u043d\u043e\u0439 \u0436\u0438\u0437\u043d\u0438\"},{\"@type\":\"BreadcrumbList\",\"@id\":\"https:\\\/\\\/xstyle.md\\\/product\\\/termofutbolka-thermowave-merino-aero-ls-mns-black\\\/#breadcrumb\",\"itemListElement\":[{\"@type\":\"ListItem\",\"position\":1,\"name\":\"\u0413\u043b\u0430\u0432\u043d\u0430\u044f \u0441\u0442\u0440\u0430\u043d\u0438\u0446\u0430\",\"item\":\"https:\\\/\\\/xstyle.md\\\/\"},{\"@type\":\"ListItem\",\"position\":2,\"name\":\"\u041c\u0430\u0433\u0430\u0437\u0438\u043d\",\"item\":\"https:\\\/\\\/xstyle.md\\\/shop\\\/\"},{\"@type\":\"ListItem\",\"position\":3,\"name\":\"\u0422\u0435\u0440\u043c\u043e\u0444\u0443\u0442\u0431\u043e\u043b\u043a\u0430 Thermowave Merino Aero LS Mns black\"}]},{\"@type\":\"WebSite\",\"@id\":\"https:\\\/\\\/xstyle.md\\\/#website\",\"url\":\"https:\\\/\\\/xstyle.md\\\/\",\"name\":\"\u041c\u0430\u0433\u0430\u0437\u0438\u043d Xstyle\",\"description\":\"C\u043d\u0430\u0440\u044f\u0436\u0435\u043d\u0438\u0435 \u0434\u043b\u044f \u0442\u0443\u0440\u0438\u0437\u043c\u0430 \u0438 \u044d\u043a\u0441\u0442\u0440\u0435\u043c\u0430\u043b\u044c\u043d\u044b\u0445 \u0432\u0438\u0434\u043e\u0432 \u0441\u043f\u043e\u0440\u0442\u0430 \u0432 \u041c\u043e\u043b\u0434\u043e\u0432\u0435.. \u0426\u0435\u043d\u044b, \u0444\u043e\u0442\u043e, \u0445\u0430\u0440\u0430\u043a\u0442\u0435\u0440\u0438\u0441\u0442\u0438\u043a\u0438 \u0432 \u041c\u043e\u043b\u0434\u043e\u0432\u0435.\",\"publisher\":{\"@id\":\"https:\\\/\\\/xstyle.md\\\/#organization\"},\"alternateName\":\"X-Style\",\"potentialAction\":[{\"@type\":\"SearchAction\",\"target\":{\"@type\":\"EntryPoint\",\"urlTemplate\":\"https:\\\/\\\/xstyle.md\\\/?s={search_term_string}\"},\"query-input\":{\"@type\":\"PropertyValueSpecification\",\"valueRequired\":true,\"valueName\":\"search_term_string\"}}],\"inLanguage\":\"ro-RO\"},{\"@type\":\"Organization\",\"@id\":\"https:\\\/\\\/xstyle.md\\\/#organization\",\"name\":\"\u041c\u0430\u0433\u0430\u0437\u0438\u043d Xstyle\",\"alternateName\":\"x-style\",\"url\":\"https:\\\/\\\/xstyle.md\\\/\",\"logo\":{\"@type\":\"ImageObject\",\"inLanguage\":\"ro-RO\",\"@id\":\"https:\\\/\\\/xstyle.md\\\/#\\\/schema\\\/logo\\\/image\\\/\",\"url\":\"https:\\\/\\\/xstyle.md\\\/wp-content\\\/uploads\\\/2020\\\/06\\\/logoicon.svg\",\"contentUrl\":\"https:\\\/\\\/xstyle.md\\\/wp-content\\\/uploads\\\/2020\\\/06\\\/logoicon.svg\",\"caption\":\"\u041c\u0430\u0433\u0430\u0437\u0438\u043d Xstyle\"},\"image\":{\"@id\":\"https:\\\/\\\/xstyle.md\\\/#\\\/schema\\\/logo\\\/image\\\/\"},\"sameAs\":[\"https:\\\/\\\/www.facebook.com\\\/xstylemd\",\"https:\\\/\\\/www.instagram.com\\\/xstyle_md\\\/\",\"https:\\\/\\\/t.me\\\/xstyle_outdoor\"],\"hasMerchantReturnPolicy\":{\"@type\":\"MerchantReturnPolicy\",\"merchantReturnLink\":\"https:\\\/\\\/xstyle.md\\\/ro\\\/conditions\\\/\"}}]}<\/script>\n<meta property=\"product:price:amount\" content=\"1690.00\" \/>\n<meta property=\"product:price:currency\" content=\"MDL\" \/>\n<meta property=\"og:availability\" content=\"instock\" \/>\n<meta property=\"product:availability\" content=\"instock\" \/>\n<meta property=\"product:retailer_item_id\" content=\"4771999426541\" \/>\n<meta property=\"product:condition\" content=\"new\" \/>\n<!-- \/ Yoast SEO plugin. -->","yoast_head_json":{"title":"Tricou termic Thermowave Merino Aero LS Mns black - Magazin Xstyle","description":"Tricou termic Thermowave Merino Aero LS Mns negru \u2014 alegerea perfect\u0103 pentru b\u0103rba\u021bi care sunt preg\u0103ti\u021bi pentru aventuri \u00een mun\u021bi. Confort, c\u0103ldur\u0103 \u0219i propriet\u0103\u021bi de protec\u021bie!","robots":{"index":"index","follow":"follow","max-snippet":"max-snippet:-1","max-image-preview":"max-image-preview:large","max-video-preview":"max-video-preview:-1"},"canonical":"https:\/\/xstyle.md\/ro\/produs\/termofutbolka-thermowave-merino-aero-ls-mns-black\/","og_locale":"ro_RO","og_type":"article","og_title":"\u0422\u0435\u0440\u043c\u043e\u0444\u0443\u0442\u0431\u043e\u043b\u043a\u0430 Thermowave Merino Aero LS Mns black - \u041c\u0430\u0433\u0430\u0437\u0438\u043d Xstyle","og_description":"\u0422\u0435\u0440\u043c\u043e\u0444\u0443\u0442\u0431\u043e\u043b\u043a\u0430 Thermowave Merino Aero LS Mns black \u2014 \u0438\u0434\u0435\u0430\u043b\u044c\u043d\u044b\u0439 \u0432\u044b\u0431\u043e\u0440 \u0434\u043b\u044f \u043c\u0443\u0436\u0447\u0438\u043d, \u0447\u0442\u043e \u0433\u043e\u0442\u043e\u0432\u044b \u043a \u043f\u0440\u0438\u043a\u043b\u044e\u0447\u0435\u043d\u0438\u044f\u043c \u0432 \u0433\u043e\u0440\u0430\u0445. \u0423\u0434\u043e\u0431\u0441\u0442\u0432\u043e, \u0442\u0435\u043f\u043b\u043e \u0438 \u0437\u0430\u0449\u0438\u0442\u043d\u044b\u0435 \u0441\u0432\u043e\u0439\u0441\u0442\u0432\u0430!","og_url":"https:\/\/xstyle.md\/ro\/produs\/termofutbolka-thermowave-merino-aero-ls-mns-black\/","og_site_name":"\u041c\u0430\u0433\u0430\u0437\u0438\u043d Xstyle","article_publisher":"https:\/\/www.facebook.com\/xstylemd","article_modified_time":"2026-03-19T14:17:13+00:00","og_image":[{"width":1408,"height":1340,"url":"https:\/\/xstyle.md\/wp-content\/uploads\/2023\/12\/thermowave-merino-aero-ls-mns-black.jpg","type":"image\/jpeg"}],"twitter_card":"summary_large_image","twitter_misc":{"Pre\u021b":"1.690&nbsp;MDL","Disponibilitate":"\u00cen stoc"},"schema":{"@context":"https:\/\/schema.org","@graph":[{"@type":"WebPage","@id":"https:\/\/xstyle.md\/product\/termofutbolka-thermowave-merino-aero-ls-mns-black\/","url":"https:\/\/xstyle.md\/product\/termofutbolka-thermowave-merino-aero-ls-mns-black\/","name":"Tricou termic Thermowave Merino Aero LS Mns black - Magazin Xstyle","isPartOf":{"@id":"https:\/\/xstyle.md\/#website"},"primaryImageOfPage":{"@id":"https:\/\/xstyle.md\/product\/termofutbolka-thermowave-merino-aero-ls-mns-black\/#primaryimage"},"image":{"@id":"https:\/\/xstyle.md\/product\/termofutbolka-thermowave-merino-aero-ls-mns-black\/#primaryimage"},"thumbnailUrl":"https:\/\/xstyle.md\/wp-content\/uploads\/2023\/12\/thermowave-merino-aero-ls-mns-black.jpg","datePublished":"2023-12-28T17:24:29+00:00","dateModified":"2026-03-19T14:17:13+00:00","description":"Tricou termic Thermowave Merino Aero LS Mns negru \u2014 alegerea perfect\u0103 pentru b\u0103rba\u021bi care sunt preg\u0103ti\u021bi pentru aventuri \u00een mun\u021bi. Confort, c\u0103ldur\u0103 \u0219i propriet\u0103\u021bi de protec\u021bie!","breadcrumb":{"@id":"https:\/\/xstyle.md\/product\/termofutbolka-thermowave-merino-aero-ls-mns-black\/#breadcrumb"},"inLanguage":"ro-RO","potentialAction":[{"@type":"ReadAction","target":["https:\/\/xstyle.md\/product\/termofutbolka-thermowave-merino-aero-ls-mns-black\/"]}]},{"@type":"ImageObject","inLanguage":"ro-RO","@id":"https:\/\/xstyle.md\/product\/termofutbolka-thermowave-merino-aero-ls-mns-black\/#primaryimage","url":"https:\/\/xstyle.md\/wp-content\/uploads\/2023\/12\/thermowave-merino-aero-ls-mns-black.jpg","contentUrl":"https:\/\/xstyle.md\/wp-content\/uploads\/2023\/12\/thermowave-merino-aero-ls-mns-black.jpg","width":1408,"height":1340,"caption":"\u0422\u0435\u0440\u043c\u043e\u0444\u0443\u0442\u0431\u043e\u043b\u043a\u0430 Thermowave Merino Aero LS Mns \u0447\u0435\u0440\u043d\u0430\u044f \u0434\u043b\u044f \u0430\u043a\u0442\u0438\u0432\u043d\u043e\u0433\u043e \u043e\u0442\u0434\u044b\u0445\u0430, \u043e\u0434\u0435\u0436\u0434\u044b \u0434\u043b\u044f \u043f\u043e\u0445\u043e\u0434\u043e\u0432, \u043f\u0443\u0442\u0435\u0448\u0435\u0441\u0442\u0432\u0438\u0439 \u0438 \u0433\u043e\u0440\u043d\u044b\u0445 \u043f\u043e\u0445\u043e\u0434\u043e\u0432 \u0432 \u043e\u043d\u043b\u0430\u0439\u043d-\u043c\u0430\u0433\u0430\u0437\u0438\u043d\u0435 \u0441 \u044d\u043a\u0438\u043f\u0438\u0440\u043e\u0432\u043a\u043e\u0439 \u0434\u043b\u044f \u0430\u043a\u0442\u0438\u0432\u043d\u043e\u0439 \u0436\u0438\u0437\u043d\u0438"},{"@type":"BreadcrumbList","@id":"https:\/\/xstyle.md\/product\/termofutbolka-thermowave-merino-aero-ls-mns-black\/#breadcrumb","itemListElement":[{"@type":"ListItem","position":1,"name":"\u0413\u043b\u0430\u0432\u043d\u0430\u044f \u0441\u0442\u0440\u0430\u043d\u0438\u0446\u0430","item":"https:\/\/xstyle.md\/"},{"@type":"ListItem","position":2,"name":"\u041c\u0430\u0433\u0430\u0437\u0438\u043d","item":"https:\/\/xstyle.md\/shop\/"},{"@type":"ListItem","position":3,"name":"\u0422\u0435\u0440\u043c\u043e\u0444\u0443\u0442\u0431\u043e\u043b\u043a\u0430 Thermowave Merino Aero LS Mns black"}]},{"@type":"WebSite","@id":"https:\/\/xstyle.md\/#website","url":"https:\/\/xstyle.md\/","name":"Magazinul X-Style","description":"Echipamente pentru turism \u0219i sporturi extreme \u00een Moldova. Pre\u021buri, fotografii, caracteristici \u00een Moldova.","publisher":{"@id":"https:\/\/xstyle.md\/#organization"},"alternateName":"X-Style","potentialAction":[{"@type":"SearchAction","target":{"@type":"EntryPoint","urlTemplate":"https:\/\/xstyle.md\/?s={search_term_string}"},"query-input":{"@type":"PropertyValueSpecification","valueRequired":true,"valueName":"search_term_string"}}],"inLanguage":"ro-RO"},{"@type":"Organization","@id":"https:\/\/xstyle.md\/#organization","name":"Magazinul X-Style","alternateName":"x-style","url":"https:\/\/xstyle.md\/","logo":{"@type":"ImageObject","inLanguage":"ro-RO","@id":"https:\/\/xstyle.md\/#\/schema\/logo\/image\/","url":"https:\/\/xstyle.md\/wp-content\/uploads\/2020\/06\/logoicon.svg","contentUrl":"https:\/\/xstyle.md\/wp-content\/uploads\/2020\/06\/logoicon.svg","caption":"\u041c\u0430\u0433\u0430\u0437\u0438\u043d Xstyle"},"image":{"@id":"https:\/\/xstyle.md\/#\/schema\/logo\/image\/"},"sameAs":["https:\/\/www.facebook.com\/xstylemd","https:\/\/www.instagram.com\/xstyle_md\/","https:\/\/t.me\/xstyle_outdoor"],"hasMerchantReturnPolicy":{"@type":"MerchantReturnPolicy","merchantReturnLink":"https:\/\/xstyle.md\/ro\/conditions\/"}}]},"product_price_amount":"1690.00","product_price_currency":"MDL","og_availability":"instock","product_availability":"instock","product_retailer_item_id":"4771999426541","product_condition":"new"},"_links":{"self":[{"href":"https:\/\/xstyle.md\/ro\/wp-json\/wp\/v2\/product\/77937","targetHints":{"allow":["GET"]}}],"collection":[{"href":"https:\/\/xstyle.md\/ro\/wp-json\/wp\/v2\/product"}],"about":[{"href":"https:\/\/xstyle.md\/ro\/wp-json\/wp\/v2\/types\/product"}],"replies":[{"embeddable":true,"href":"https:\/\/xstyle.md\/ro\/wp-json\/wp\/v2\/comments?post=77937"}],"wp:featuredmedia":[{"embeddable":true,"href":"https:\/\/xstyle.md\/ro\/wp-json\/wp\/v2\/media\/78012"}],"wp:attachment":[{"href":"https:\/\/xstyle.md\/ro\/wp-json\/wp\/v2\/media?parent=77937"}],"wp:term":[{"taxonomy":"product_brand","embeddable":true,"href":"https:\/\/xstyle.md\/ro\/wp-json\/wp\/v2\/product_brand?post=77937"},{"taxonomy":"product_cat","embeddable":true,"href":"https:\/\/xstyle.md\/ro\/wp-json\/wp\/v2\/product_cat?post=77937"},{"taxonomy":"product_tag","embeddable":true,"href":"https:\/\/xstyle.md\/ro\/wp-json\/wp\/v2\/product_tag?post=77937"}],"curies":[{"name":"wp","href":"https:\/\/api.w.org\/{rel}","templated":true}]}}