{"id":77780,"date":"2023-12-27T17:53:49","date_gmt":"2023-12-27T14:53:49","guid":{"rendered":"https:\/\/xstyle.md\/?post_type=product&#038;p=77780"},"modified":"2026-03-14T21:48:45","modified_gmt":"2026-03-14T18:48:45","slug":"fonar-fenix-wt16r-led","status":"publish","type":"product","link":"https:\/\/xstyle.md\/ro\/produs\/fonar-fenix-wt16r-led\/","title":{"rendered":"Lantern\u0103 Fenix WT16R LED"},"content":{"rendered":"<p><\/p>\n<p><strong>Fenix WT16R LED<\/strong> &#8212; este o lantern\u0103 versatil\u0103, dotat\u0103 cu un acumulator litiu-polimer integrat. Aceasta ofer\u0103 o iluminare de calitate at\u00e2t pentru distan\u021b\u0103 (fascicul concentrat), c\u00e2t \u0219i pentru proximitate (fascicul difuz), av\u00e2nd un corp compact \u0219i u\u0219or, foarte ergonomic. Luminozitatea maxim\u0103 este de 300 de lumeni, cu o distan\u021b\u0103 de iluminare de 115 metri. Lanterna poate func\u021biona p\u00e2n\u0103 la 30 de ore f\u0103r\u0103 re\u00eenc\u0103rcare, pun\u00e2nd la dispozi\u021bia utilizatorului \u0219ase moduri de iluminare.<\/p>\n<p>Dispozitivul utilizeaz\u0103 dou\u0103 LED-uri Cree XP-E2 \u0219i un panou LED COB (pentru lumina de proximitate), cu o durat\u0103 de via\u021b\u0103 de 50.000 de ore. Acumulatorul \u00eencorporat are o capacitate de 2000 mAh \u0219i o tensiune de 3,6V. Lanterna combin\u0103 lumina de distan\u021b\u0103, lumina de proximitate \u0219i un mod de semnalizare cu intermiten\u021be galbene.<\/p>\n<p>Modul de distan\u021b\u0103 este util \u00een spa\u021bii de lucru cu echipamente sau \u00een zone opera\u021bionale. Lumina de proximitate, confortabil\u0103 pentru ochi, ajut\u0103 la vizualizarea obiectelor din apropiere, av\u00e2nd un spot luminos difuz. Modul cu intermiten\u021be galbene este conceput pentru siguran\u021b\u0103, ajut\u00e2nd la semnalizarea unui eventual pericol \u00een mediile industriale.<\/p>\n<p>Lanterna dispune de o baz\u0103 magnetic\u0103, put\u00e2nd fi fixat\u0103 pe majoritatea suprafe\u021belor metalice. Acest lucru ofer\u0103 confort \u00een utilizare, l\u0103s\u00e2nd m\u00e2inile libere pentru lucru. O particularitate a modelului este corpul dreptunghiular, care confer\u0103 fasciculului o form\u0103 unic\u0103, f\u0103r\u0103 reflexii deranjante. Portul USB Type-C permite \u00eenc\u0103rcarea complet\u0103 \u00een doar 1 or\u0103 \u0219i 40 de minute.<\/p>\n<p>Controlul se face printr-un singur buton. Acesta permite pornirea, oprirea, schimbarea modurilor \u0219i blocarea lanternei (prin dubl\u0103 ap\u0103sare rapid\u0103), pentru a preveni activarea accidental\u0103.<\/p>\n<h3>Moduri de func\u021bionare<\/h3>\n<p><strong>Iluminare la distan\u021b\u0103<\/strong><\/p>\n<ul>\n<li><strong>High<\/strong>: 300 lm \/ 3 h 50 min \/ 115 m<\/li>\n<li><strong>Med<\/strong>: 100 lm \/ 9 h 20 min \/ 65 m<\/li>\n<li><strong>Low<\/strong>: 30 lm \/ 30 h \/ 35 m<\/li>\n<\/ul>\n<p><strong>Iluminare de proximitate<\/strong><\/p>\n<ul>\n<li><strong>High<\/strong>: 300 lm \/ 3 h 50 min \/ 23 m<\/li>\n<li><strong>Low<\/strong>: 100 lm \/ 9 h 20 min \/ 14 m<\/li>\n<li><strong>Flash Galben<\/strong>: 10 lm (semnalizare)<\/li>\n<\/ul>\n<h3>Particularit\u0103\u021bi<\/h3>\n<ul>\n<li>Model compact pentru turism, activit\u0103\u021bi \u00een aer liber \u0219i munc\u0103<\/li>\n<li>Func\u021bioneaz\u0103 cu dou\u0103 LED-uri Cree XP-E2 \u0219i un LED COB<\/li>\n<li>Acumulator Li-polimer integrat<\/li>\n<li>Ofer\u0103 lumin\u0103 de distan\u021b\u0103, de proximitate \u0219i mod de semnalizare galben<\/li>\n<li>6 moduri de lucru<\/li>\n<li>Indicator al nivelului de \u00eenc\u0103rcare<\/li>\n<li>Rezisten\u021b\u0103 la impact \u2013 1 metru<\/li>\n<li>Protec\u021bie \u00eempotriva prafului \u0219i apei conform standardului IP66<\/li>\n<li>\u00cenc\u0103rcare prin port USB Type-C<\/li>\n<li>Operare simpl\u0103 cu un singur buton<\/li>\n<li>Dotat\u0103 cu o clem\u0103 (clips) practic\u0103<\/li>\n<li>Corp fabricat din plastic de \u00eenalt\u0103 calitate \u0219i rezisten\u021b\u0103<\/li>\n<li>Func\u021bioneaz\u0103 la temperaturi cuprinse \u00eentre -35\u00b0C \u0219i +45\u00b0C<\/li>\n<\/ul>\n<h3>Caracteristici<\/h3>\n<ul>\n<li>Tip de alimentare \u2013 acumulator Li-polymer integrat 3.7V \/ 2000 mAh<\/li>\n<li>LED \u2013 Cree<\/li>\n<li>Flux luminos \u2013 300 lm<\/li>\n<li>Distan\u021ba fasciculului \u2013 115 m<\/li>\n<li>Autonomie maxim\u0103 \u2013 9 h (pentru intensitate medie; p\u00e2n\u0103 la 30 h pe modul Low)<\/li>\n<li>Rezisten\u021b\u0103 la ap\u0103 \u2013 IP66 (protec\u021bie \u00eempotriva jeturilor puternice de ap\u0103 \u0219i a prafului)*<\/li>\n<li>Dimensiuni \u2013 127 x 37 x 26 mm<\/li>\n<li>Greutate \u2013 129 g<\/li>\n<\/ul>\n<h3>Setul con\u021bine<\/h3>\n<ul>\n<li>Lantern\u0103 Fenix WT16R<\/li>\n<li>Cablu de \u00eenc\u0103rcare USB Type-C<\/li>\n<li>\u0218nur de m\u00e2n\u0103 (remi\u0219c\u0103)<\/li>\n<li>Instruc\u021biuni de utilizare<\/li>\n<li>Certificat de garan\u021bie<\/li>\n<\/ul>\n<p><\/p>\n<h3>Marca<\/h3>\n<p>Fenix - este unul dintre cei mai importan\u021bi produc\u0103tori mondiali de lanterne moderne: tactice, de camping, proiectoare, faruri pentru biciclet\u0103 \u0219i accesorii pentru acestea. Fondat\u0103 \u00een urm\u0103 cu peste 20 de ani, compania a c\u00e2\u0219tigat recunoa\u0219terea celor care pun pre\u021b pe func\u021bionalitatea \u0219i fiabilitatea dispozitivelor. Produsele Fenix \u0219i-au g\u0103sit o utilizare larg\u0103 \u00een via\u021ba de zi cu zi \u0219i au devenit preferatele sportivilor, entuzia\u0219tilor de outdoor \u0219i angaja\u021bilor din organiza\u021bii speciale, datorit\u0103 autonomiei extinse a bateriilor, designului ergonomic \u0219i puterii uimitoare. Fabricate din aluminiu aviatic cu anodizare tripl\u0103 \u0219i echipate cu sticl\u0103 rezistent\u0103 la impact, acestea sunt ideale at\u00e2t pentru utilizarea cotidian\u0103, c\u00e2t \u0219i pentru activit\u0103\u021bi recreative intense.<\/p>\n<p>\u00cen prezent, produsele Fenix sunt disponibile \u00een peste 100 de \u021b\u0103ri, deservind zeci de milioane de utilizatori din \u00eentreaga lume.<\/p>","protected":false},"excerpt":{"rendered":"<p>\u0411\u0440\u0435\u043d\u0434 Fenix \u2013 \u0432\u0435\u0434\u0443\u0449\u0438\u0439 \u0432 \u043c\u0438\u0440\u0435 \u043f\u0440\u043e\u0438\u0437\u0432\u043e\u0434\u0438\u0442\u0435\u043b\u044c \u0441\u043e\u0432\u0440\u0435\u043c\u0435\u043d\u043d\u044b\u0445 \u0444\u043e\u043d\u0430\u0440\u0435\u0439: \u0442\u0430\u043a\u0442\u0438\u0447\u0435\u0441\u043a\u0438\u0445, \u0442\u0443\u0440\u0438\u0441\u0442\u0438\u0447\u0435\u0441\u043a\u0438\u0445, \u0444\u043e\u043d\u0430\u0440\u0435\u0439-\u043f\u0440\u043e\u0436\u0435\u043a\u0442\u043e\u0440\u043e\u0432, \u0432\u0435\u043b\u043e\u0444\u0430\u0440 \u0438 \u0430\u043a\u0441\u0435\u0441\u0441\u0443\u0430\u0440\u043e\u0432 \u043a \u043d\u0438\u043c. \u041e\u0441\u043d\u043e\u0432\u0430\u043d\u043d\u0430\u044f \u0431\u043e\u043b\u0435\u0435 20 \u043b\u0435\u0442 \u043d\u0430\u0437\u0430\u0434, \u043a\u043e\u043c\u043f\u0430\u043d\u0438\u044f \u043f\u043e\u043b\u0443\u0447\u0438\u043b\u0430 \u043f\u0440\u0438\u0437\u043d\u0430\u043d\u0438\u0435 \u0442\u0435\u0445, \u043a\u0442\u043e \u0446\u0435\u043d\u0438\u0442 \u0444\u0443\u043d\u043a\u0446\u0438\u043e\u043d\u0430\u043b\u044c\u043d\u043e\u0441\u0442\u044c \u0438 \u0440\u0430\u0431\u043e\u0442\u043e\u0441\u043f\u043e\u0441\u043e\u0431\u043d\u043e\u0441\u0442\u044c \u043f\u0440\u0438\u0431\u043e\u0440\u043e\u0432. \u041f\u0440\u043e\u0434\u0443\u043a\u0446\u0438\u044f Fenix \u043d\u0430\u0448\u043b\u0430 \u0448\u0438\u0440\u043e\u043a\u043e\u0435 \u043f\u0440\u0438\u043c\u0435\u043d\u0435\u043d\u0438\u0435 \u0432 \u0434\u043e\u043c\u0430\u0448\u043d\u0435\u043c \u043e\u0431\u0438\u0445\u043e\u0434\u0435, \u043f\u043e\u043b\u044e\u0431\u0438\u043b\u0430\u0441\u044c \u0441\u043f\u043e\u0440\u0442\u0441\u043c\u0435\u043d\u0430\u043c, \u043b\u044e\u0431\u0438\u0442\u0435\u043b\u044f\u043c \u0442\u0443\u0440\u0438\u0441\u0442\u0438\u0447\u0435\u0441\u043a\u043e\u0433\u043e \u043e\u0442\u0434\u044b\u0445\u0430 \u0438 \u0441\u043b\u0443\u0436\u0430\u0449\u0438\u043c \u0441\u043f\u0435\u0446\u0438\u0430\u043b\u044c\u043d\u044b\u0445 \u043e\u0440\u0433\u0430\u043d\u0438\u0437\u0430\u0446\u0438\u0439, \u0431\u043b\u0430\u0433\u043e\u0434\u0430\u0440\u044f \u0434\u043e\u043b\u0433\u043e\u0432\u0440\u0435\u043c\u0435\u043d\u043d\u043e\u0439 \u0440\u0430\u0431\u043e\u0442\u0435 \u0431\u0430\u0442\u0430\u0440\u0435\u0439, \u044d\u0440\u0433\u043e\u043d\u043e\u043c\u0438\u0447\u043d\u043e\u043c\u0443 \u0434\u0438\u0437\u0430\u0439\u043d\u0443 [&hellip;]<\/p>\n","protected":false},"featured_media":78166,"comment_status":"open","ping_status":"closed","template":"","meta":{"_acf_changed":false,"inline_featured_image":false},"product_brand":[1351],"product_cat":[329],"product_tag":[],"class_list":{"0":"post-77780","1":"product","2":"type-product","3":"status-publish","4":"has-post-thumbnail","6":"product_brand-fenix","7":"product_cat-camping-lights","9":"first","10":"outofstock","11":"shipping-taxable","12":"product-type-simple"},"acf":[],"yoast_head":"<!-- This site is optimized with the Yoast SEO plugin v27.4 - https:\/\/yoast.com\/product\/yoast-seo-wordpress\/ -->\n<title>\u0424\u043e\u043d\u0430\u0440\u044c Fenix WT16R LED - \u041c\u0430\u0433\u0430\u0437\u0438\u043d Xstyle<\/title>\n<meta name=\"description\" content=\"\u0424\u043e\u043d\u0430\u0440\u044c Fenix WT16R LED: \u043c\u043e\u0449\u043d\u044b\u0439 \u0438 \u0432\u043e\u0434\u043e\u043d\u0435\u043f\u0440\u043e\u043d\u0438\u0446\u0430\u0435\u043c\u044b\u0439, \u0441 \u044f\u0440\u043a\u043e\u0441\u0442\u044c\u044e \u0434\u043e 300 \u043b\u043c, USB Type-C \u0438 \u0434\u043e\u043b\u0433\u043e\u0432\u0435\u0447\u043d\u044b\u043c \u0430\u043a\u043a\u0443\u043c\u0443\u043b\u044f\u0442\u043e\u0440\u043e\u043c. \u0418\u0434\u0435\u0430\u043b\u0435\u043d \u0434\u043b\u044f \u0430\u043a\u0442\u0438\u0432\u043d\u043e\u0433\u043e \u043e\u0442\u0434\u044b\u0445\u0430!\" \/>\n<meta name=\"robots\" content=\"index, follow, max-snippet:-1, max-image-preview:large, max-video-preview:-1\" \/>\n<link rel=\"canonical\" href=\"https:\/\/xstyle.md\/ro\/produs\/fonar-fenix-wt16r-led\/\" \/>\n<meta property=\"og:locale\" content=\"ro_RO\" \/>\n<meta property=\"og:type\" content=\"article\" \/>\n<meta property=\"og:title\" content=\"\u0424\u043e\u043d\u0430\u0440\u044c Fenix WT16R LED - \u041c\u0430\u0433\u0430\u0437\u0438\u043d Xstyle\" \/>\n<meta property=\"og:description\" content=\"\u0424\u043e\u043d\u0430\u0440\u044c Fenix WT16R LED: \u043c\u043e\u0449\u043d\u044b\u0439 \u0438 \u0432\u043e\u0434\u043e\u043d\u0435\u043f\u0440\u043e\u043d\u0438\u0446\u0430\u0435\u043c\u044b\u0439, \u0441 \u044f\u0440\u043a\u043e\u0441\u0442\u044c\u044e \u0434\u043e 300 \u043b\u043c, USB Type-C \u0438 \u0434\u043e\u043b\u0433\u043e\u0432\u0435\u0447\u043d\u044b\u043c \u0430\u043a\u043a\u0443\u043c\u0443\u043b\u044f\u0442\u043e\u0440\u043e\u043c. \u0418\u0434\u0435\u0430\u043b\u0435\u043d \u0434\u043b\u044f \u0430\u043a\u0442\u0438\u0432\u043d\u043e\u0433\u043e \u043e\u0442\u0434\u044b\u0445\u0430!\" \/>\n<meta property=\"og:url\" content=\"https:\/\/xstyle.md\/ro\/produs\/fonar-fenix-wt16r-led\/\" \/>\n<meta property=\"og:site_name\" content=\"\u041c\u0430\u0433\u0430\u0437\u0438\u043d Xstyle\" \/>\n<meta property=\"article:publisher\" content=\"https:\/\/www.facebook.com\/xstylemd\" \/>\n<meta property=\"article:modified_time\" content=\"2026-03-14T18:48:45+00:00\" \/>\n<meta property=\"og:image\" content=\"https:\/\/xstyle.md\/wp-content\/uploads\/2023\/12\/fenix-wt16r-led.jpg\" \/>\n\t<meta property=\"og:image:width\" content=\"970\" \/>\n\t<meta property=\"og:image:height\" content=\"970\" \/>\n\t<meta property=\"og:image:type\" content=\"image\/jpeg\" \/>\n<meta name=\"twitter:card\" content=\"summary_large_image\" \/>\n<meta name=\"twitter:label1\" content=\"Pre\u021b\" \/>\n\t<meta name=\"twitter:data1\" content=\"1.490&nbsp;MDL\" \/>\n\t<meta name=\"twitter:label2\" content=\"Disponibilitate\" \/>\n\t<meta name=\"twitter:data2\" content=\"Stoc epuizat\" \/>\n<script type=\"application\/ld+json\" class=\"yoast-schema-graph\">{\"@context\":\"https:\\\/\\\/schema.org\",\"@graph\":[{\"@type\":\"WebPage\",\"@id\":\"https:\\\/\\\/xstyle.md\\\/product\\\/fonar-fenix-wt16r-led\\\/\",\"url\":\"https:\\\/\\\/xstyle.md\\\/product\\\/fonar-fenix-wt16r-led\\\/\",\"name\":\"\u0424\u043e\u043d\u0430\u0440\u044c Fenix WT16R LED - \u041c\u0430\u0433\u0430\u0437\u0438\u043d Xstyle\",\"isPartOf\":{\"@id\":\"https:\\\/\\\/xstyle.md\\\/#website\"},\"primaryImageOfPage\":{\"@id\":\"https:\\\/\\\/xstyle.md\\\/product\\\/fonar-fenix-wt16r-led\\\/#primaryimage\"},\"image\":{\"@id\":\"https:\\\/\\\/xstyle.md\\\/product\\\/fonar-fenix-wt16r-led\\\/#primaryimage\"},\"thumbnailUrl\":\"https:\\\/\\\/xstyle.md\\\/wp-content\\\/uploads\\\/2023\\\/12\\\/fenix-wt16r-led.jpg\",\"datePublished\":\"2023-12-27T14:53:49+00:00\",\"dateModified\":\"2026-03-14T18:48:45+00:00\",\"description\":\"\u0424\u043e\u043d\u0430\u0440\u044c Fenix WT16R LED: \u043c\u043e\u0449\u043d\u044b\u0439 \u0438 \u0432\u043e\u0434\u043e\u043d\u0435\u043f\u0440\u043e\u043d\u0438\u0446\u0430\u0435\u043c\u044b\u0439, \u0441 \u044f\u0440\u043a\u043e\u0441\u0442\u044c\u044e \u0434\u043e 300 \u043b\u043c, USB Type-C \u0438 \u0434\u043e\u043b\u0433\u043e\u0432\u0435\u0447\u043d\u044b\u043c \u0430\u043a\u043a\u0443\u043c\u0443\u043b\u044f\u0442\u043e\u0440\u043e\u043c. \u0418\u0434\u0435\u0430\u043b\u0435\u043d \u0434\u043b\u044f \u0430\u043a\u0442\u0438\u0432\u043d\u043e\u0433\u043e \u043e\u0442\u0434\u044b\u0445\u0430!\",\"breadcrumb\":{\"@id\":\"https:\\\/\\\/xstyle.md\\\/product\\\/fonar-fenix-wt16r-led\\\/#breadcrumb\"},\"inLanguage\":\"ro-RO\",\"potentialAction\":[{\"@type\":\"ReadAction\",\"target\":[\"https:\\\/\\\/xstyle.md\\\/product\\\/fonar-fenix-wt16r-led\\\/\"]}]},{\"@type\":\"ImageObject\",\"inLanguage\":\"ro-RO\",\"@id\":\"https:\\\/\\\/xstyle.md\\\/product\\\/fonar-fenix-wt16r-led\\\/#primaryimage\",\"url\":\"https:\\\/\\\/xstyle.md\\\/wp-content\\\/uploads\\\/2023\\\/12\\\/fenix-wt16r-led.jpg\",\"contentUrl\":\"https:\\\/\\\/xstyle.md\\\/wp-content\\\/uploads\\\/2023\\\/12\\\/fenix-wt16r-led.jpg\",\"width\":970,\"height\":970,\"caption\":\"\u0424\u043e\u043d\u0430\u0440\u044c Fenix WT16R LED \u0434\u043b\u044f \u0430\u043a\u0442\u0438\u0432\u043d\u043e\u0433\u043e \u043e\u0442\u0434\u044b\u0445\u0430, \u0442\u0443\u0440\u0438\u0437\u043c\u0430 \u0438 \u043f\u043e\u0445\u043e\u0434\u043e\u0432, \u0430\u043a\u0441\u0435\u0441\u0441\u0443\u0430\u0440\u044b \u0434\u043b\u044f \u043f\u0440\u0438\u043a\u043b\u044e\u0447\u0435\u043d\u0438\u0439, \u0441\u043d\u0430\u0440\u044f\u0436\u0435\u043d\u0438\u0435 \u0434\u043b\u044f \u043f\u0443\u0442\u0435\u0448\u0435\u0441\u0442\u0432\u0438\u0439, \u043e\u0431\u0443\u0432\u044c \u0438 \u043e\u0434\u0435\u0436\u0434\u0430 \u0434\u043b\u044f \u0430\u043a\u0442\u0438\u0432\u043d\u043e\u0433\u043e \u043e\u0431\u0440\u0430\u0437\u0430 \u0436\u0438\u0437\u043d\u0438\"},{\"@type\":\"BreadcrumbList\",\"@id\":\"https:\\\/\\\/xstyle.md\\\/product\\\/fonar-fenix-wt16r-led\\\/#breadcrumb\",\"itemListElement\":[{\"@type\":\"ListItem\",\"position\":1,\"name\":\"\u0413\u043b\u0430\u0432\u043d\u0430\u044f \u0441\u0442\u0440\u0430\u043d\u0438\u0446\u0430\",\"item\":\"https:\\\/\\\/xstyle.md\\\/\"},{\"@type\":\"ListItem\",\"position\":2,\"name\":\"\u041c\u0430\u0433\u0430\u0437\u0438\u043d\",\"item\":\"https:\\\/\\\/xstyle.md\\\/shop\\\/\"},{\"@type\":\"ListItem\",\"position\":3,\"name\":\"\u0424\u043e\u043d\u0430\u0440\u044c Fenix WT16R LED\"}]},{\"@type\":\"WebSite\",\"@id\":\"https:\\\/\\\/xstyle.md\\\/#website\",\"url\":\"https:\\\/\\\/xstyle.md\\\/\",\"name\":\"\u041c\u0430\u0433\u0430\u0437\u0438\u043d Xstyle\",\"description\":\"C\u043d\u0430\u0440\u044f\u0436\u0435\u043d\u0438\u0435 \u0434\u043b\u044f \u0442\u0443\u0440\u0438\u0437\u043c\u0430 \u0438 \u044d\u043a\u0441\u0442\u0440\u0435\u043c\u0430\u043b\u044c\u043d\u044b\u0445 \u0432\u0438\u0434\u043e\u0432 \u0441\u043f\u043e\u0440\u0442\u0430 \u0432 \u041c\u043e\u043b\u0434\u043e\u0432\u0435.. \u0426\u0435\u043d\u044b, \u0444\u043e\u0442\u043e, \u0445\u0430\u0440\u0430\u043a\u0442\u0435\u0440\u0438\u0441\u0442\u0438\u043a\u0438 \u0432 \u041c\u043e\u043b\u0434\u043e\u0432\u0435.\",\"publisher\":{\"@id\":\"https:\\\/\\\/xstyle.md\\\/#organization\"},\"alternateName\":\"X-Style\",\"potentialAction\":[{\"@type\":\"SearchAction\",\"target\":{\"@type\":\"EntryPoint\",\"urlTemplate\":\"https:\\\/\\\/xstyle.md\\\/?s={search_term_string}\"},\"query-input\":{\"@type\":\"PropertyValueSpecification\",\"valueRequired\":true,\"valueName\":\"search_term_string\"}}],\"inLanguage\":\"ro-RO\"},{\"@type\":\"Organization\",\"@id\":\"https:\\\/\\\/xstyle.md\\\/#organization\",\"name\":\"\u041c\u0430\u0433\u0430\u0437\u0438\u043d Xstyle\",\"alternateName\":\"x-style\",\"url\":\"https:\\\/\\\/xstyle.md\\\/\",\"logo\":{\"@type\":\"ImageObject\",\"inLanguage\":\"ro-RO\",\"@id\":\"https:\\\/\\\/xstyle.md\\\/#\\\/schema\\\/logo\\\/image\\\/\",\"url\":\"https:\\\/\\\/xstyle.md\\\/wp-content\\\/uploads\\\/2020\\\/06\\\/logoicon.svg\",\"contentUrl\":\"https:\\\/\\\/xstyle.md\\\/wp-content\\\/uploads\\\/2020\\\/06\\\/logoicon.svg\",\"caption\":\"\u041c\u0430\u0433\u0430\u0437\u0438\u043d Xstyle\"},\"image\":{\"@id\":\"https:\\\/\\\/xstyle.md\\\/#\\\/schema\\\/logo\\\/image\\\/\"},\"sameAs\":[\"https:\\\/\\\/www.facebook.com\\\/xstylemd\",\"https:\\\/\\\/www.instagram.com\\\/xstyle_md\\\/\",\"https:\\\/\\\/t.me\\\/xstyle_outdoor\"],\"hasMerchantReturnPolicy\":{\"@type\":\"MerchantReturnPolicy\",\"merchantReturnLink\":\"https:\\\/\\\/xstyle.md\\\/ro\\\/conditions\\\/\"}}]}<\/script>\n<meta property=\"product:price:amount\" content=\"1490.00\" \/>\n<meta property=\"product:price:currency\" content=\"MDL\" \/>\n<meta property=\"og:availability\" content=\"out of stock\" \/>\n<meta property=\"product:availability\" content=\"out of stock\" \/>\n<meta property=\"product:retailer_item_id\" content=\"6942870307886\" \/>\n<meta property=\"product:condition\" content=\"new\" \/>\n<!-- \/ Yoast SEO plugin. -->","yoast_head_json":{"title":"Lanterna Fenix WT16R LED - Magazin Xstyle","description":"Lanterna Fenix WT16R LED: puternic\u0103 \u0219i impermeabil\u0103, cu o luminozitate de p\u00e2n\u0103 la 300 lm, USB Type-C \u0219i o baterie durabil\u0103. Ideal\u0103 pentru activit\u0103\u021bi \u00een aer liber!","robots":{"index":"index","follow":"follow","max-snippet":"max-snippet:-1","max-image-preview":"max-image-preview:large","max-video-preview":"max-video-preview:-1"},"canonical":"https:\/\/xstyle.md\/ro\/produs\/fonar-fenix-wt16r-led\/","og_locale":"ro_RO","og_type":"article","og_title":"\u0424\u043e\u043d\u0430\u0440\u044c Fenix WT16R LED - \u041c\u0430\u0433\u0430\u0437\u0438\u043d Xstyle","og_description":"\u0424\u043e\u043d\u0430\u0440\u044c Fenix WT16R LED: \u043c\u043e\u0449\u043d\u044b\u0439 \u0438 \u0432\u043e\u0434\u043e\u043d\u0435\u043f\u0440\u043e\u043d\u0438\u0446\u0430\u0435\u043c\u044b\u0439, \u0441 \u044f\u0440\u043a\u043e\u0441\u0442\u044c\u044e \u0434\u043e 300 \u043b\u043c, USB Type-C \u0438 \u0434\u043e\u043b\u0433\u043e\u0432\u0435\u0447\u043d\u044b\u043c \u0430\u043a\u043a\u0443\u043c\u0443\u043b\u044f\u0442\u043e\u0440\u043e\u043c. \u0418\u0434\u0435\u0430\u043b\u0435\u043d \u0434\u043b\u044f \u0430\u043a\u0442\u0438\u0432\u043d\u043e\u0433\u043e \u043e\u0442\u0434\u044b\u0445\u0430!","og_url":"https:\/\/xstyle.md\/ro\/produs\/fonar-fenix-wt16r-led\/","og_site_name":"\u041c\u0430\u0433\u0430\u0437\u0438\u043d Xstyle","article_publisher":"https:\/\/www.facebook.com\/xstylemd","article_modified_time":"2026-03-14T18:48:45+00:00","og_image":[{"width":970,"height":970,"url":"https:\/\/xstyle.md\/wp-content\/uploads\/2023\/12\/fenix-wt16r-led.jpg","type":"image\/jpeg"}],"twitter_card":"summary_large_image","twitter_misc":{"Pre\u021b":"1.490&nbsp;MDL","Disponibilitate":"Stoc epuizat"},"schema":{"@context":"https:\/\/schema.org","@graph":[{"@type":"WebPage","@id":"https:\/\/xstyle.md\/product\/fonar-fenix-wt16r-led\/","url":"https:\/\/xstyle.md\/product\/fonar-fenix-wt16r-led\/","name":"Lanterna Fenix WT16R LED - Magazin Xstyle","isPartOf":{"@id":"https:\/\/xstyle.md\/#website"},"primaryImageOfPage":{"@id":"https:\/\/xstyle.md\/product\/fonar-fenix-wt16r-led\/#primaryimage"},"image":{"@id":"https:\/\/xstyle.md\/product\/fonar-fenix-wt16r-led\/#primaryimage"},"thumbnailUrl":"https:\/\/xstyle.md\/wp-content\/uploads\/2023\/12\/fenix-wt16r-led.jpg","datePublished":"2023-12-27T14:53:49+00:00","dateModified":"2026-03-14T18:48:45+00:00","description":"Lanterna Fenix WT16R LED: puternic\u0103 \u0219i impermeabil\u0103, cu o luminozitate de p\u00e2n\u0103 la 300 lm, USB Type-C \u0219i o baterie durabil\u0103. Ideal\u0103 pentru activit\u0103\u021bi \u00een aer liber!","breadcrumb":{"@id":"https:\/\/xstyle.md\/product\/fonar-fenix-wt16r-led\/#breadcrumb"},"inLanguage":"ro-RO","potentialAction":[{"@type":"ReadAction","target":["https:\/\/xstyle.md\/product\/fonar-fenix-wt16r-led\/"]}]},{"@type":"ImageObject","inLanguage":"ro-RO","@id":"https:\/\/xstyle.md\/product\/fonar-fenix-wt16r-led\/#primaryimage","url":"https:\/\/xstyle.md\/wp-content\/uploads\/2023\/12\/fenix-wt16r-led.jpg","contentUrl":"https:\/\/xstyle.md\/wp-content\/uploads\/2023\/12\/fenix-wt16r-led.jpg","width":970,"height":970,"caption":"\u0424\u043e\u043d\u0430\u0440\u044c Fenix WT16R LED \u0434\u043b\u044f \u0430\u043a\u0442\u0438\u0432\u043d\u043e\u0433\u043e \u043e\u0442\u0434\u044b\u0445\u0430, \u0442\u0443\u0440\u0438\u0437\u043c\u0430 \u0438 \u043f\u043e\u0445\u043e\u0434\u043e\u0432, \u0430\u043a\u0441\u0435\u0441\u0441\u0443\u0430\u0440\u044b \u0434\u043b\u044f \u043f\u0440\u0438\u043a\u043b\u044e\u0447\u0435\u043d\u0438\u0439, \u0441\u043d\u0430\u0440\u044f\u0436\u0435\u043d\u0438\u0435 \u0434\u043b\u044f \u043f\u0443\u0442\u0435\u0448\u0435\u0441\u0442\u0432\u0438\u0439, \u043e\u0431\u0443\u0432\u044c \u0438 \u043e\u0434\u0435\u0436\u0434\u0430 \u0434\u043b\u044f \u0430\u043a\u0442\u0438\u0432\u043d\u043e\u0433\u043e \u043e\u0431\u0440\u0430\u0437\u0430 \u0436\u0438\u0437\u043d\u0438"},{"@type":"BreadcrumbList","@id":"https:\/\/xstyle.md\/product\/fonar-fenix-wt16r-led\/#breadcrumb","itemListElement":[{"@type":"ListItem","position":1,"name":"\u0413\u043b\u0430\u0432\u043d\u0430\u044f \u0441\u0442\u0440\u0430\u043d\u0438\u0446\u0430","item":"https:\/\/xstyle.md\/"},{"@type":"ListItem","position":2,"name":"\u041c\u0430\u0433\u0430\u0437\u0438\u043d","item":"https:\/\/xstyle.md\/shop\/"},{"@type":"ListItem","position":3,"name":"\u0424\u043e\u043d\u0430\u0440\u044c Fenix WT16R LED"}]},{"@type":"WebSite","@id":"https:\/\/xstyle.md\/#website","url":"https:\/\/xstyle.md\/","name":"Magazinul X-Style","description":"Echipamente pentru turism \u0219i sporturi extreme \u00een Moldova. Pre\u021buri, fotografii, caracteristici \u00een Moldova.","publisher":{"@id":"https:\/\/xstyle.md\/#organization"},"alternateName":"X-Style","potentialAction":[{"@type":"SearchAction","target":{"@type":"EntryPoint","urlTemplate":"https:\/\/xstyle.md\/?s={search_term_string}"},"query-input":{"@type":"PropertyValueSpecification","valueRequired":true,"valueName":"search_term_string"}}],"inLanguage":"ro-RO"},{"@type":"Organization","@id":"https:\/\/xstyle.md\/#organization","name":"Magazinul X-Style","alternateName":"x-style","url":"https:\/\/xstyle.md\/","logo":{"@type":"ImageObject","inLanguage":"ro-RO","@id":"https:\/\/xstyle.md\/#\/schema\/logo\/image\/","url":"https:\/\/xstyle.md\/wp-content\/uploads\/2020\/06\/logoicon.svg","contentUrl":"https:\/\/xstyle.md\/wp-content\/uploads\/2020\/06\/logoicon.svg","caption":"\u041c\u0430\u0433\u0430\u0437\u0438\u043d Xstyle"},"image":{"@id":"https:\/\/xstyle.md\/#\/schema\/logo\/image\/"},"sameAs":["https:\/\/www.facebook.com\/xstylemd","https:\/\/www.instagram.com\/xstyle_md\/","https:\/\/t.me\/xstyle_outdoor"],"hasMerchantReturnPolicy":{"@type":"MerchantReturnPolicy","merchantReturnLink":"https:\/\/xstyle.md\/ro\/conditions\/"}}]},"product_price_amount":"1490.00","product_price_currency":"MDL","og_availability":"out of stock","product_availability":"out of stock","product_retailer_item_id":"6942870307886","product_condition":"new"},"post_mailing_queue_ids":[],"_links":{"self":[{"href":"https:\/\/xstyle.md\/ro\/wp-json\/wp\/v2\/product\/77780","targetHints":{"allow":["GET"]}}],"collection":[{"href":"https:\/\/xstyle.md\/ro\/wp-json\/wp\/v2\/product"}],"about":[{"href":"https:\/\/xstyle.md\/ro\/wp-json\/wp\/v2\/types\/product"}],"replies":[{"embeddable":true,"href":"https:\/\/xstyle.md\/ro\/wp-json\/wp\/v2\/comments?post=77780"}],"wp:featuredmedia":[{"embeddable":true,"href":"https:\/\/xstyle.md\/ro\/wp-json\/wp\/v2\/media\/78166"}],"wp:attachment":[{"href":"https:\/\/xstyle.md\/ro\/wp-json\/wp\/v2\/media?parent=77780"}],"wp:term":[{"taxonomy":"product_brand","embeddable":true,"href":"https:\/\/xstyle.md\/ro\/wp-json\/wp\/v2\/product_brand?post=77780"},{"taxonomy":"product_cat","embeddable":true,"href":"https:\/\/xstyle.md\/ro\/wp-json\/wp\/v2\/product_cat?post=77780"},{"taxonomy":"product_tag","embeddable":true,"href":"https:\/\/xstyle.md\/ro\/wp-json\/wp\/v2\/product_tag?post=77780"}],"curies":[{"name":"wp","href":"https:\/\/api.w.org\/{rel}","templated":true}]}}