{"id":77778,"date":"2023-12-27T17:53:48","date_gmt":"2023-12-27T14:53:48","guid":{"rendered":"https:\/\/xstyle.md\/?post_type=product&#038;p=77778"},"modified":"2026-02-17T18:27:02","modified_gmt":"2026-02-17T15:27:02","slug":"fonar-fenix-pd40r-v3-0-led","status":"publish","type":"product","link":"https:\/\/xstyle.md\/ro\/produs\/fonar-fenix-pd40r-v3-0-led\/","title":{"rendered":"Lantern\u0103 Fenix PD40R V3.0 LED"},"content":{"rendered":"<\/p>\n<p><strong>Fenix PD40R V3.0 LED<\/strong> &#8212; a\u00a0treia versiune a legendarei PD40R. Lanterna a fascinat clien\u021bii at\u00e2t de mult \u00eenc\u00e2t Fenix a decis s\u0103 \u00eei dea o nou\u0103 via\u021b\u0103. \u00cen plus, eliber\u00e2nd fiecare versiune, produc\u0103torii ascult\u0103 clien\u021bii \u0219i se g\u00e2ndesc la toate punctele care au afectat anterior eficien\u021ba dispozitivului de lumin\u0103.<\/p>\n<p>Noua versiune a lanternei Fenix PD40RV30 a primit caracteristici de lumin\u0103 \u00eembun\u0103t\u0103\u021bite. Luminozitatea maxim\u0103 de 3000 de lumeni r\u0103m\u00e2ne aceea\u0219i, iar raza de ac\u021biune a crescut cu aproape 100 de metri. Acum tor\u021ba lumineaz\u0103 p\u00e2n\u0103 la 500 de metri. Acest factor a fost influen\u021bat de cre\u0219terea num\u0103rului de candele &#8212; 60954 candele, care sunt responsabile de intensitatea luminii.<\/p>\n<p>Pe modul minim, lanterna func\u021bioneaz\u0103 timp de 17 zile, cu condi\u021bia ca lanterna s\u0103 ard\u0103 timp de 5 ore pe zi. Aceasta este una dintre cele mai mari rate dintre felinarele standard. Cu o astfel de lantern\u0103 nu se teme s\u0103 mearg\u0103 \u00eentr-o excursie sau expedi\u021bie solo pentru c\u00e2teva zile. O \u00eenc\u0103rcare este suficient\u0103 pentru o excursie \u00eentreag\u0103. Pentru o capacitate mare a bateriei de 5000 mAh este responsabil pentru bateria de marc\u0103 \u00eencorporat\u0103 Fenix ARB-L21-5000 V2.0. De asemenea, vine cu lanterna. Bateria este \u00eenc\u0103rcat\u0103 utiliz\u00e2nd portul de \u00eenc\u0103rcare USB Type-C.<\/p>\n<p>Corpul complet metalic al lanternei este fabricat din aluminiu de \u00eenalt\u0103 rezisten\u021b\u0103, care poate rezista la temperaturi sc\u0103zute \u0219i ridicate de la -35\u00b0C la +40\u00b0C. Gradul de protec\u021bie al lanternei se situeaz\u0103 la IP68. Componentele electronice sunt protejate \u00eempotriva contamin\u0103rii cu praf \u0219i a p\u0103trunderii umezelii \u00een interiorul carcasei. Fenix PD40RV30 poate rezista la o c\u0103dere de la o distan\u021b\u0103 de p\u00e2n\u0103 la 1,5 metri.<\/p>\n<p>Fenix a patentat, de asemenea, o func\u021bie de comutare a lanternei cu o singur\u0103 m\u00e2n\u0103. Pentru a nu supra\u00eenc\u0103rca dispozitivul cu butoane inutile, produc\u0103torii au oferit func\u021bia de comutare cu un mecanism rotativ. Mecanismul nu numai c\u0103 ofer\u0103 acces suplimentar la lumin\u0103, dar \u00eembun\u0103t\u0103\u021be\u0219te \u0219i performan\u021ba lanternei \u00een medii industriale, chiar \u0219i atunci c\u00e2nd este expus\u0103 la c\u00e2mpuri magnetice intense. Mai multe benzi verticale au fost, de asemenea, ad\u0103ugate la designul comutatorului pentru a reduce alunecarea degetelor la comutarea \u00eentre moduri. Lanterna nu se supra\u00eenc\u0103lze\u0219te chiar \u0219i atunci c\u00e2nd este utilizat\u0103 pentru perioade lungi de timp, datorit\u0103 \u201enervurilor de disipare\u201d. Acest lucru prelunge\u0219te semnificativ durata de via\u021b\u0103 a lanternei. \u00cen noul model, dispersoarele de c\u0103ldur\u0103 sunt amplasate independent de comutator, facilit\u00e2nd accesul la lantern\u0103. Indicatorul de \u00eenc\u0103rcare ajut\u0103 la urm\u0103rirea st\u0103rii actuale de \u00eenc\u0103rcare a bateriei.<\/p>\n<p>Dimensiunea compact\u0103 a lanternei Fenix PD40RV30 v\u0103 permite s\u0103 o lua\u021bi nu numai pentru transportul zilnic, ci \u0219i pentru camping, pescuit, v\u00e2n\u0103toare sau munc\u0103 de patrulare.<\/p>\n<h3>Modul de operare<\/h3>\n<ul>\n<li><strong>Turbo:<\/strong> luminozitate &#8212; 3000 lumeni\/ timp de func\u021bionare &#8212; 2 ore \u0219i 40 de minute\/ raz\u0103 de ac\u021biune &#8212; 500 metri<\/li>\n<li><strong>High:<\/strong> luminozitate &#8212; 1000 lumeni\/ timp de func\u021bionare &#8212; 3 ore \u0219i 10 minute\/ raz\u0103 de ac\u021biune &#8212; 300 metri<\/li>\n<li><strong>Med:<\/strong> luminozitate &#8212; 350 lumeni\/ timp de func\u021bionare &#8212; 8 ore \u0219i 30 de minute\/ raz\u0103 de ac\u021biune &#8212; 175 metri<\/li>\n<li><strong>Low:<\/strong> luminozitate &#8212; 30 lumeni\/ timp de func\u021bionare &#8212; 89 ore\/ raz\u0103 de ac\u021biune &#8212; 50 metri<\/li>\n<li><strong>SOS:<\/strong> luminozitate &#8212; 350 lumeni<\/li>\n<li><strong>Strobo:<\/strong> luminozitate &#8212; 3000 lumeni<\/li>\n<\/ul>\n<h3>Particularit\u0103\u021bi<\/h3>\n<ul>\n<li>Lantern\u0103 pentru patrulare, drume\u021bii, pescuit sau v\u00e2n\u0103toare<\/li>\n<li>Controlat\u0103 de un comutator rotativ mecanic<\/li>\n<li>Alimentat\u0103 de o baterie re\u00eenc\u0103rcabil\u0103 litiu-ion de 5000 mAh<\/li>\n<li>\u00cenc\u0103rcare ascuns\u0103 prin portul USB Type-C<\/li>\n<li>6 moduri de iluminare<\/li>\n<li>Indicarea nivelului bateriei<\/li>\n<li>Corp fabricat din aluminiu A6061-T6<\/li>\n<li>Rezistent la \u0219ocuri &#8212; 1,5 metri<\/li>\n<li>Rezisten\u021b\u0103 la praf \u0219i umiditate IP68<\/li>\n<\/ul>\n<h3>Caracteristici<\/h3>\n<ul>\n<li>Tip de alimentare &#8212; 21700<\/li>\n<li>LED &#8212; Luminus SST40<\/li>\n<li>Putere &#8212; p\u00e2n\u0103 la 5000 lm<\/li>\n<li>Flux luminos &#8212; 3000 lm<\/li>\n<li>Raza de ac\u021biune a fasciculului &#8212; 500 m<\/li>\n<li>Timp maxim de func\u021bionare &#8212; 89 h<\/li>\n<li>Rezistent la ap\u0103 &#8212; IP68<\/li>\n<li>Dimensiuni &#8212; 14,3 x 3,4 x 2,6 cm<\/li>\n<li>Greutate &#8212; 198 g<\/li>\n<\/ul>\n<h3>Marca<\/h3>\n<p>Fenix este cel mai important produc\u0103tor mondial de lanterne moderne: tactice, de c\u0103l\u0103torie, proiectoare, lumini pentru biciclete \u0219i accesorii. Fondat\u0103 acum mai bine de 20 de ani, compania este recunoscut\u0103 de cei care apreciaz\u0103 func\u021bionalitatea \u0219i performan\u021ba. Produsele Fenix sunt utilizate pe scar\u0103 larg\u0103 \u00een cas\u0103, de c\u0103tre sportivi, excursioni\u0219ti \u0219i organiza\u021bii specializate pentru durata de via\u021b\u0103 \u00eendelungat\u0103 a bateriei, designul ergonomic \u0219i puterea uimitoare. Fabricate din aluminiu aeronautic triplu anodizat \u0219i prev\u0103zute cu sticl\u0103 rezistent\u0103 la \u0219ocuri, acestea sunt ideale at\u00e2t pentru utilizarea zilnic\u0103, c\u00e2t \u0219i pentru activit\u0103\u021bile \u00een aer liber. Produsele Fenix sunt acum disponibile \u00een peste 100 de \u021b\u0103ri, ajung\u00e2nd la zeci de milioane de utilizatori din \u00eentreaga lume.<\/p>\n<p><\/p>","protected":false},"excerpt":{"rendered":"","protected":false},"featured_media":78148,"comment_status":"open","ping_status":"closed","template":"","meta":{"_acf_changed":false,"inline_featured_image":false},"product_brand":[1351],"product_cat":[462],"product_tag":[],"class_list":{"0":"post-77778","1":"product","2":"type-product","3":"status-publish","4":"has-post-thumbnail","6":"product_brand-fenix","7":"product_cat-lumini-de-mana","9":"first","10":"instock","11":"shipping-taxable","12":"purchasable","13":"product-type-simple"},"acf":[],"yoast_head":"<!-- This site is optimized with the Yoast SEO plugin v27.4 - https:\/\/yoast.com\/product\/yoast-seo-wordpress\/ -->\n<title>\u0424\u043e\u043d\u0430\u0440\u044c Fenix PD40R V3.0 LED - \u041c\u0430\u0433\u0430\u0437\u0438\u043d Xstyle<\/title>\n<meta name=\"description\" content=\"\u0424\u043e\u043d\u0430\u0440\u044c Fenix PD40R V3.0 LED: \u043c\u043e\u0449\u043d\u043e\u0441\u0442\u044c 3000 \u043b\u043c, \u0432\u043e\u0434\u043e\u043d\u0435\u043f\u0440\u043e\u043d\u0438\u0446\u0430\u0435\u043c\u043e\u0441\u0442\u044c IP68, USB-C. \u0418\u0434\u0435\u0430\u043b\u0435\u043d \u0434\u043b\u044f \u043b\u044e\u0431\u044b\u0445 \u0443\u0441\u043b\u043e\u0432\u0438\u0439. \u0417\u0430\u043a\u0430\u0436\u0438\u0442\u0435 \u0441\u0435\u0439\u0447\u0430\u0441 \u0438 \u043f\u043e\u043b\u0443\u0447\u0438\u0442\u0435 \u043a\u0430\u0447\u0435\u0441\u0442\u0432\u043e Fenix!\" \/>\n<meta name=\"robots\" content=\"index, follow, max-snippet:-1, max-image-preview:large, max-video-preview:-1\" \/>\n<link rel=\"canonical\" href=\"https:\/\/xstyle.md\/ro\/produs\/fonar-fenix-pd40r-v3-0-led\/\" \/>\n<meta property=\"og:locale\" content=\"ro_RO\" \/>\n<meta property=\"og:type\" content=\"article\" \/>\n<meta property=\"og:title\" content=\"\u0424\u043e\u043d\u0430\u0440\u044c Fenix PD40R V3.0 LED - \u041c\u0430\u0433\u0430\u0437\u0438\u043d Xstyle\" \/>\n<meta property=\"og:description\" content=\"\u0424\u043e\u043d\u0430\u0440\u044c Fenix PD40R V3.0 LED: \u043c\u043e\u0449\u043d\u043e\u0441\u0442\u044c 3000 \u043b\u043c, \u0432\u043e\u0434\u043e\u043d\u0435\u043f\u0440\u043e\u043d\u0438\u0446\u0430\u0435\u043c\u043e\u0441\u0442\u044c IP68, USB-C. \u0418\u0434\u0435\u0430\u043b\u0435\u043d \u0434\u043b\u044f \u043b\u044e\u0431\u044b\u0445 \u0443\u0441\u043b\u043e\u0432\u0438\u0439. \u0417\u0430\u043a\u0430\u0436\u0438\u0442\u0435 \u0441\u0435\u0439\u0447\u0430\u0441 \u0438 \u043f\u043e\u043b\u0443\u0447\u0438\u0442\u0435 \u043a\u0430\u0447\u0435\u0441\u0442\u0432\u043e Fenix!\" \/>\n<meta property=\"og:url\" content=\"https:\/\/xstyle.md\/ro\/produs\/fonar-fenix-pd40r-v3-0-led\/\" \/>\n<meta property=\"og:site_name\" content=\"\u041c\u0430\u0433\u0430\u0437\u0438\u043d Xstyle\" \/>\n<meta property=\"article:publisher\" content=\"https:\/\/www.facebook.com\/xstylemd\" \/>\n<meta property=\"article:modified_time\" content=\"2026-02-17T15:27:02+00:00\" \/>\n<meta property=\"og:image\" content=\"https:\/\/xstyle.md\/wp-content\/uploads\/2023\/12\/fenix-pd40r-v3.0-led.jpg\" \/>\n\t<meta property=\"og:image:width\" content=\"970\" \/>\n\t<meta property=\"og:image:height\" content=\"970\" \/>\n\t<meta property=\"og:image:type\" content=\"image\/jpeg\" \/>\n<meta name=\"twitter:card\" content=\"summary_large_image\" \/>\n<meta name=\"twitter:label1\" content=\"Pre\u021b\" \/>\n\t<meta name=\"twitter:data1\" content=\"2.590&nbsp;MDL\" \/>\n\t<meta name=\"twitter:label2\" content=\"Disponibilitate\" \/>\n\t<meta name=\"twitter:data2\" content=\"\u00cen stoc\" \/>\n<script type=\"application\/ld+json\" class=\"yoast-schema-graph\">{\"@context\":\"https:\\\/\\\/schema.org\",\"@graph\":[{\"@type\":\"WebPage\",\"@id\":\"https:\\\/\\\/xstyle.md\\\/product\\\/fonar-fenix-pd40r-v3-0-led\\\/\",\"url\":\"https:\\\/\\\/xstyle.md\\\/product\\\/fonar-fenix-pd40r-v3-0-led\\\/\",\"name\":\"\u0424\u043e\u043d\u0430\u0440\u044c Fenix PD40R V3.0 LED - \u041c\u0430\u0433\u0430\u0437\u0438\u043d Xstyle\",\"isPartOf\":{\"@id\":\"https:\\\/\\\/xstyle.md\\\/#website\"},\"primaryImageOfPage\":{\"@id\":\"https:\\\/\\\/xstyle.md\\\/product\\\/fonar-fenix-pd40r-v3-0-led\\\/#primaryimage\"},\"image\":{\"@id\":\"https:\\\/\\\/xstyle.md\\\/product\\\/fonar-fenix-pd40r-v3-0-led\\\/#primaryimage\"},\"thumbnailUrl\":\"https:\\\/\\\/xstyle.md\\\/wp-content\\\/uploads\\\/2023\\\/12\\\/fenix-pd40r-v3.0-led.jpg\",\"datePublished\":\"2023-12-27T14:53:48+00:00\",\"dateModified\":\"2026-02-17T15:27:02+00:00\",\"description\":\"\u0424\u043e\u043d\u0430\u0440\u044c Fenix PD40R V3.0 LED: \u043c\u043e\u0449\u043d\u043e\u0441\u0442\u044c 3000 \u043b\u043c, \u0432\u043e\u0434\u043e\u043d\u0435\u043f\u0440\u043e\u043d\u0438\u0446\u0430\u0435\u043c\u043e\u0441\u0442\u044c IP68, USB-C. \u0418\u0434\u0435\u0430\u043b\u0435\u043d \u0434\u043b\u044f \u043b\u044e\u0431\u044b\u0445 \u0443\u0441\u043b\u043e\u0432\u0438\u0439. \u0417\u0430\u043a\u0430\u0436\u0438\u0442\u0435 \u0441\u0435\u0439\u0447\u0430\u0441 \u0438 \u043f\u043e\u043b\u0443\u0447\u0438\u0442\u0435 \u043a\u0430\u0447\u0435\u0441\u0442\u0432\u043e Fenix!\",\"breadcrumb\":{\"@id\":\"https:\\\/\\\/xstyle.md\\\/product\\\/fonar-fenix-pd40r-v3-0-led\\\/#breadcrumb\"},\"inLanguage\":\"ro-RO\",\"potentialAction\":[{\"@type\":\"ReadAction\",\"target\":[\"https:\\\/\\\/xstyle.md\\\/product\\\/fonar-fenix-pd40r-v3-0-led\\\/\"]}]},{\"@type\":\"ImageObject\",\"inLanguage\":\"ro-RO\",\"@id\":\"https:\\\/\\\/xstyle.md\\\/product\\\/fonar-fenix-pd40r-v3-0-led\\\/#primaryimage\",\"url\":\"https:\\\/\\\/xstyle.md\\\/wp-content\\\/uploads\\\/2023\\\/12\\\/fenix-pd40r-v3.0-led.jpg\",\"contentUrl\":\"https:\\\/\\\/xstyle.md\\\/wp-content\\\/uploads\\\/2023\\\/12\\\/fenix-pd40r-v3.0-led.jpg\",\"width\":970,\"height\":970,\"caption\":\"\u041c\u043d\u043e\u0433\u043e\u0444\u0443\u043d\u043a\u0446\u0438\u043e\u043d\u0430\u043b\u044c\u043d\u044b\u0439 \u0444\u043e\u043d\u0430\u0440\u044c Fenix PD40R V3.0 LED \u0434\u043b\u044f \u0430\u043a\u0442\u0438\u0432\u043d\u043e\u0433\u043e \u043e\u0442\u0434\u044b\u0445\u0430, \u043a\u0435\u043c\u043f\u0438\u043d\u0433\u0430 \u0438 \u043f\u0443\u0442\u0435\u0448\u0435\u0441\u0442\u0432\u0438\u0439, \u044d\u043a\u0438\u043f\u0438\u0440\u043e\u0432\u043a\u0430 \u0434\u043b\u044f \u0445\u0430\u0439\u043a\u0438\u043d\u0433\u0430 \u0438 \u0430\u043b\u044c\u043f\u0438\u043d\u0438\u0437\u043c\u0430, \u043e\u0431\u0443\u0432\u044c \u0438 \u043e\u0434\u0435\u0436\u0434\u0430 \u0434\u043b\u044f \u0430\u043a\u0442\u0438\u0432\u043d\u044b\u0445 \u043f\u0443\u0442\u0435\u0448\u0435\u0441\u0442\u0432\u0435\u043d\u043d\u0438\u043a\u043e\u0432\"},{\"@type\":\"BreadcrumbList\",\"@id\":\"https:\\\/\\\/xstyle.md\\\/product\\\/fonar-fenix-pd40r-v3-0-led\\\/#breadcrumb\",\"itemListElement\":[{\"@type\":\"ListItem\",\"position\":1,\"name\":\"\u0413\u043b\u0430\u0432\u043d\u0430\u044f \u0441\u0442\u0440\u0430\u043d\u0438\u0446\u0430\",\"item\":\"https:\\\/\\\/xstyle.md\\\/\"},{\"@type\":\"ListItem\",\"position\":2,\"name\":\"\u041c\u0430\u0433\u0430\u0437\u0438\u043d\",\"item\":\"https:\\\/\\\/xstyle.md\\\/shop\\\/\"},{\"@type\":\"ListItem\",\"position\":3,\"name\":\"\u0424\u043e\u043d\u0430\u0440\u044c Fenix PD40R V3.0 LED\"}]},{\"@type\":\"WebSite\",\"@id\":\"https:\\\/\\\/xstyle.md\\\/#website\",\"url\":\"https:\\\/\\\/xstyle.md\\\/\",\"name\":\"\u041c\u0430\u0433\u0430\u0437\u0438\u043d Xstyle\",\"description\":\"C\u043d\u0430\u0440\u044f\u0436\u0435\u043d\u0438\u0435 \u0434\u043b\u044f \u0442\u0443\u0440\u0438\u0437\u043c\u0430 \u0438 \u044d\u043a\u0441\u0442\u0440\u0435\u043c\u0430\u043b\u044c\u043d\u044b\u0445 \u0432\u0438\u0434\u043e\u0432 \u0441\u043f\u043e\u0440\u0442\u0430 \u0432 \u041c\u043e\u043b\u0434\u043e\u0432\u0435.. \u0426\u0435\u043d\u044b, \u0444\u043e\u0442\u043e, \u0445\u0430\u0440\u0430\u043a\u0442\u0435\u0440\u0438\u0441\u0442\u0438\u043a\u0438 \u0432 \u041c\u043e\u043b\u0434\u043e\u0432\u0435.\",\"publisher\":{\"@id\":\"https:\\\/\\\/xstyle.md\\\/#organization\"},\"alternateName\":\"X-Style\",\"potentialAction\":[{\"@type\":\"SearchAction\",\"target\":{\"@type\":\"EntryPoint\",\"urlTemplate\":\"https:\\\/\\\/xstyle.md\\\/?s={search_term_string}\"},\"query-input\":{\"@type\":\"PropertyValueSpecification\",\"valueRequired\":true,\"valueName\":\"search_term_string\"}}],\"inLanguage\":\"ro-RO\"},{\"@type\":\"Organization\",\"@id\":\"https:\\\/\\\/xstyle.md\\\/#organization\",\"name\":\"\u041c\u0430\u0433\u0430\u0437\u0438\u043d Xstyle\",\"alternateName\":\"x-style\",\"url\":\"https:\\\/\\\/xstyle.md\\\/\",\"logo\":{\"@type\":\"ImageObject\",\"inLanguage\":\"ro-RO\",\"@id\":\"https:\\\/\\\/xstyle.md\\\/#\\\/schema\\\/logo\\\/image\\\/\",\"url\":\"https:\\\/\\\/xstyle.md\\\/wp-content\\\/uploads\\\/2020\\\/06\\\/logoicon.svg\",\"contentUrl\":\"https:\\\/\\\/xstyle.md\\\/wp-content\\\/uploads\\\/2020\\\/06\\\/logoicon.svg\",\"caption\":\"\u041c\u0430\u0433\u0430\u0437\u0438\u043d Xstyle\"},\"image\":{\"@id\":\"https:\\\/\\\/xstyle.md\\\/#\\\/schema\\\/logo\\\/image\\\/\"},\"sameAs\":[\"https:\\\/\\\/www.facebook.com\\\/xstylemd\",\"https:\\\/\\\/www.instagram.com\\\/xstyle_md\\\/\",\"https:\\\/\\\/t.me\\\/xstyle_outdoor\"],\"hasMerchantReturnPolicy\":{\"@type\":\"MerchantReturnPolicy\",\"merchantReturnLink\":\"https:\\\/\\\/xstyle.md\\\/ro\\\/conditions\\\/\"}}]}<\/script>\n<meta property=\"product:price:amount\" content=\"2590.00\" \/>\n<meta property=\"product:price:currency\" content=\"MDL\" \/>\n<meta property=\"og:availability\" content=\"instock\" \/>\n<meta property=\"product:availability\" content=\"instock\" \/>\n<meta property=\"product:retailer_item_id\" content=\"6942870309989\" \/>\n<meta property=\"product:condition\" content=\"new\" \/>\n<!-- \/ Yoast SEO plugin. -->","yoast_head_json":{"title":"Lantern\u0103 Fenix PD40R V3.0 LED - Magazin Xstyle","description":"Lanterna Fenix PD40R V3.0 LED: putere de 3000 lm, impermeabilitate IP68, USB-C. Ideal\u0103 pentru orice condi\u021bii. Comand\u0103 acum \u0219i beneficiaz\u0103 de calitatea Fenix!","robots":{"index":"index","follow":"follow","max-snippet":"max-snippet:-1","max-image-preview":"max-image-preview:large","max-video-preview":"max-video-preview:-1"},"canonical":"https:\/\/xstyle.md\/ro\/produs\/fonar-fenix-pd40r-v3-0-led\/","og_locale":"ro_RO","og_type":"article","og_title":"\u0424\u043e\u043d\u0430\u0440\u044c Fenix PD40R V3.0 LED - \u041c\u0430\u0433\u0430\u0437\u0438\u043d Xstyle","og_description":"\u0424\u043e\u043d\u0430\u0440\u044c Fenix PD40R V3.0 LED: \u043c\u043e\u0449\u043d\u043e\u0441\u0442\u044c 3000 \u043b\u043c, \u0432\u043e\u0434\u043e\u043d\u0435\u043f\u0440\u043e\u043d\u0438\u0446\u0430\u0435\u043c\u043e\u0441\u0442\u044c IP68, USB-C. \u0418\u0434\u0435\u0430\u043b\u0435\u043d \u0434\u043b\u044f \u043b\u044e\u0431\u044b\u0445 \u0443\u0441\u043b\u043e\u0432\u0438\u0439. \u0417\u0430\u043a\u0430\u0436\u0438\u0442\u0435 \u0441\u0435\u0439\u0447\u0430\u0441 \u0438 \u043f\u043e\u043b\u0443\u0447\u0438\u0442\u0435 \u043a\u0430\u0447\u0435\u0441\u0442\u0432\u043e Fenix!","og_url":"https:\/\/xstyle.md\/ro\/produs\/fonar-fenix-pd40r-v3-0-led\/","og_site_name":"\u041c\u0430\u0433\u0430\u0437\u0438\u043d Xstyle","article_publisher":"https:\/\/www.facebook.com\/xstylemd","article_modified_time":"2026-02-17T15:27:02+00:00","og_image":[{"width":970,"height":970,"url":"https:\/\/xstyle.md\/wp-content\/uploads\/2023\/12\/fenix-pd40r-v3.0-led.jpg","type":"image\/jpeg"}],"twitter_card":"summary_large_image","twitter_misc":{"Pre\u021b":"2.590&nbsp;MDL","Disponibilitate":"\u00cen stoc"},"schema":{"@context":"https:\/\/schema.org","@graph":[{"@type":"WebPage","@id":"https:\/\/xstyle.md\/product\/fonar-fenix-pd40r-v3-0-led\/","url":"https:\/\/xstyle.md\/product\/fonar-fenix-pd40r-v3-0-led\/","name":"Lantern\u0103 Fenix PD40R V3.0 LED - Magazin Xstyle","isPartOf":{"@id":"https:\/\/xstyle.md\/#website"},"primaryImageOfPage":{"@id":"https:\/\/xstyle.md\/product\/fonar-fenix-pd40r-v3-0-led\/#primaryimage"},"image":{"@id":"https:\/\/xstyle.md\/product\/fonar-fenix-pd40r-v3-0-led\/#primaryimage"},"thumbnailUrl":"https:\/\/xstyle.md\/wp-content\/uploads\/2023\/12\/fenix-pd40r-v3.0-led.jpg","datePublished":"2023-12-27T14:53:48+00:00","dateModified":"2026-02-17T15:27:02+00:00","description":"Lanterna Fenix PD40R V3.0 LED: putere de 3000 lm, impermeabilitate IP68, USB-C. Ideal\u0103 pentru orice condi\u021bii. Comand\u0103 acum \u0219i beneficiaz\u0103 de calitatea Fenix!","breadcrumb":{"@id":"https:\/\/xstyle.md\/product\/fonar-fenix-pd40r-v3-0-led\/#breadcrumb"},"inLanguage":"ro-RO","potentialAction":[{"@type":"ReadAction","target":["https:\/\/xstyle.md\/product\/fonar-fenix-pd40r-v3-0-led\/"]}]},{"@type":"ImageObject","inLanguage":"ro-RO","@id":"https:\/\/xstyle.md\/product\/fonar-fenix-pd40r-v3-0-led\/#primaryimage","url":"https:\/\/xstyle.md\/wp-content\/uploads\/2023\/12\/fenix-pd40r-v3.0-led.jpg","contentUrl":"https:\/\/xstyle.md\/wp-content\/uploads\/2023\/12\/fenix-pd40r-v3.0-led.jpg","width":970,"height":970,"caption":"\u041c\u043d\u043e\u0433\u043e\u0444\u0443\u043d\u043a\u0446\u0438\u043e\u043d\u0430\u043b\u044c\u043d\u044b\u0439 \u0444\u043e\u043d\u0430\u0440\u044c Fenix PD40R V3.0 LED \u0434\u043b\u044f \u0430\u043a\u0442\u0438\u0432\u043d\u043e\u0433\u043e \u043e\u0442\u0434\u044b\u0445\u0430, \u043a\u0435\u043c\u043f\u0438\u043d\u0433\u0430 \u0438 \u043f\u0443\u0442\u0435\u0448\u0435\u0441\u0442\u0432\u0438\u0439, \u044d\u043a\u0438\u043f\u0438\u0440\u043e\u0432\u043a\u0430 \u0434\u043b\u044f \u0445\u0430\u0439\u043a\u0438\u043d\u0433\u0430 \u0438 \u0430\u043b\u044c\u043f\u0438\u043d\u0438\u0437\u043c\u0430, \u043e\u0431\u0443\u0432\u044c \u0438 \u043e\u0434\u0435\u0436\u0434\u0430 \u0434\u043b\u044f \u0430\u043a\u0442\u0438\u0432\u043d\u044b\u0445 \u043f\u0443\u0442\u0435\u0448\u0435\u0441\u0442\u0432\u0435\u043d\u043d\u0438\u043a\u043e\u0432"},{"@type":"BreadcrumbList","@id":"https:\/\/xstyle.md\/product\/fonar-fenix-pd40r-v3-0-led\/#breadcrumb","itemListElement":[{"@type":"ListItem","position":1,"name":"\u0413\u043b\u0430\u0432\u043d\u0430\u044f \u0441\u0442\u0440\u0430\u043d\u0438\u0446\u0430","item":"https:\/\/xstyle.md\/"},{"@type":"ListItem","position":2,"name":"\u041c\u0430\u0433\u0430\u0437\u0438\u043d","item":"https:\/\/xstyle.md\/shop\/"},{"@type":"ListItem","position":3,"name":"\u0424\u043e\u043d\u0430\u0440\u044c Fenix PD40R V3.0 LED"}]},{"@type":"WebSite","@id":"https:\/\/xstyle.md\/#website","url":"https:\/\/xstyle.md\/","name":"Magazinul X-Style","description":"Echipamente pentru turism \u0219i sporturi extreme \u00een Moldova. Pre\u021buri, fotografii, caracteristici \u00een Moldova.","publisher":{"@id":"https:\/\/xstyle.md\/#organization"},"alternateName":"X-Style","potentialAction":[{"@type":"SearchAction","target":{"@type":"EntryPoint","urlTemplate":"https:\/\/xstyle.md\/?s={search_term_string}"},"query-input":{"@type":"PropertyValueSpecification","valueRequired":true,"valueName":"search_term_string"}}],"inLanguage":"ro-RO"},{"@type":"Organization","@id":"https:\/\/xstyle.md\/#organization","name":"Magazinul X-Style","alternateName":"x-style","url":"https:\/\/xstyle.md\/","logo":{"@type":"ImageObject","inLanguage":"ro-RO","@id":"https:\/\/xstyle.md\/#\/schema\/logo\/image\/","url":"https:\/\/xstyle.md\/wp-content\/uploads\/2020\/06\/logoicon.svg","contentUrl":"https:\/\/xstyle.md\/wp-content\/uploads\/2020\/06\/logoicon.svg","caption":"\u041c\u0430\u0433\u0430\u0437\u0438\u043d Xstyle"},"image":{"@id":"https:\/\/xstyle.md\/#\/schema\/logo\/image\/"},"sameAs":["https:\/\/www.facebook.com\/xstylemd","https:\/\/www.instagram.com\/xstyle_md\/","https:\/\/t.me\/xstyle_outdoor"],"hasMerchantReturnPolicy":{"@type":"MerchantReturnPolicy","merchantReturnLink":"https:\/\/xstyle.md\/ro\/conditions\/"}}]},"product_price_amount":"2590.00","product_price_currency":"MDL","og_availability":"instock","product_availability":"instock","product_retailer_item_id":"6942870309989","product_condition":"new"},"_links":{"self":[{"href":"https:\/\/xstyle.md\/ro\/wp-json\/wp\/v2\/product\/77778","targetHints":{"allow":["GET"]}}],"collection":[{"href":"https:\/\/xstyle.md\/ro\/wp-json\/wp\/v2\/product"}],"about":[{"href":"https:\/\/xstyle.md\/ro\/wp-json\/wp\/v2\/types\/product"}],"replies":[{"embeddable":true,"href":"https:\/\/xstyle.md\/ro\/wp-json\/wp\/v2\/comments?post=77778"}],"wp:featuredmedia":[{"embeddable":true,"href":"https:\/\/xstyle.md\/ro\/wp-json\/wp\/v2\/media\/78148"}],"wp:attachment":[{"href":"https:\/\/xstyle.md\/ro\/wp-json\/wp\/v2\/media?parent=77778"}],"wp:term":[{"taxonomy":"product_brand","embeddable":true,"href":"https:\/\/xstyle.md\/ro\/wp-json\/wp\/v2\/product_brand?post=77778"},{"taxonomy":"product_cat","embeddable":true,"href":"https:\/\/xstyle.md\/ro\/wp-json\/wp\/v2\/product_cat?post=77778"},{"taxonomy":"product_tag","embeddable":true,"href":"https:\/\/xstyle.md\/ro\/wp-json\/wp\/v2\/product_tag?post=77778"}],"curies":[{"name":"wp","href":"https:\/\/api.w.org\/{rel}","templated":true}]}}