{"id":77777,"date":"2023-12-27T17:53:48","date_gmt":"2023-12-27T14:53:48","guid":{"rendered":"https:\/\/xstyle.md\/?post_type=product&#038;p=77777"},"modified":"2025-11-27T17:49:44","modified_gmt":"2025-11-27T14:49:44","slug":"fonar-fenix-ld30r-led","status":"publish","type":"product","link":"https:\/\/xstyle.md\/ro\/produs\/fonar-fenix-ld30r-led\/","title":{"rendered":"Lantern\u0103 Fenix LD30R LED"},"content":{"rendered":"<\/p>\n<p><strong>Fenix LD30R LED<\/strong> &#8212; lanterna de c\u0103l\u0103torie u\u0219oar\u0103 are performan\u021be luminoase mai puternice, o durat\u0103 de func\u021bionare mai lung\u0103 \u0219i un port Type-C actualizat. Lanterna EDC va fi un accesoriu excelent pentru camping, pescuit, v\u00e2n\u0103toare sau utilizare zilnic\u0103.<\/p>\n<p>Fenix LD30R are un LED Luminus SST40 integrat cu 1700 lumeni. Acum lanterna ilumineaz\u0103 distan\u021ba de p\u00e2n\u0103 la 267 de metri. De asemenea, modelului i s-a ad\u0103ugat modul Moonlight, care are un timp de func\u021bionare de aproape 10 ori mai mare.<\/p>\n<p>Lanterna este alimentat\u0103 de o baterie Fenix ARB-L18-3400. Bateria este \u00eenc\u0103rcat\u0103 complet \u00een 1,5 ore. \u00cempreun\u0103 cu bateria, modelul c\u00e2nt\u0103re\u0219te doar 132 de grame. Un indicator luminos v\u0103 alerteaz\u0103 atunci c\u00e2nd bateria este desc\u0103rcat\u0103. Lanterna este, de asemenea, echipat\u0103 suplimentar cu un sistem patentat de protec\u021bie \u00eempotriva supra\u00eenc\u0103lzirii. Corpul robust complet metalic este anodizat cu un strat care protejeaz\u0103 lanterna de deterior\u0103rile externe. Protec\u021bia suplimentar\u0103 este asigurat\u0103 de standardul de impermeabilitate IP68. Aceast\u0103 clas\u0103 de protec\u021bie \u00eenseamn\u0103 c\u0103 particulele de praf \u0219i murd\u0103rie nu vor p\u0103trunde \u00een carcas\u0103. Rezisten\u021ba la impact a lanternei este de 1,5 metri. Dimensiunile tor\u021bei nu dep\u0103\u0219esc 129,7 x 26,5 x 22,6 milimetri.<\/p>\n<p>Butonul tactic pentru activare rapid\u0103 este situat la cap\u0103tul din spate al lanternei. Butonul metalic pentru comutarea \u00eentre modurile principale este pe lateral. Designul posterior \u00een form\u0103 de U ofer\u0103 protec\u021bie \u00eempotriva comut\u0103rii accidentale \u00eentre moduri. Un inel metalic situat \u00een partea din fa\u021b\u0103 a lanternei protejeaz\u0103 lentila de impacturile directe, cresc\u00e2nd astfel durabilitatea lanternei. Clema cu dou\u0103 fe\u021be cre\u0219te varia\u021biile de montare. Lanterna poate fi ag\u0103\u021bat\u0103 de curea, buzunar sau \u0219apc\u0103. De asemenea, este compatibil\u0103 cu filtrul de difuzie Fenix AOD-S V2.0, care difuzeaz\u0103 u\u0219or fasciculul direc\u021bional. Filtrul poate fi utilizat pentru camping, drume\u021bii, \u00eentreruperi de lumin\u0103 \u00een cas\u0103 \u0219i alte nevoi casnice. Accesoriul poate fi achizi\u021bionat separat.<\/p>\n<h3>Modul de operare<\/h3>\n<ul>\n<li><strong>Turbo:<\/strong> luminozitate &#8212; 1 700 lumeni\/ timp de func\u021bionare &#8212; 2 ore \u0219i 10 minute\/ raz\u0103 de ac\u021biune &#8212; 267 metri<\/li>\n<li><strong>High:<\/strong> luminozitate &#8212; 600 lumeni\/ timp de func\u021bionare &#8212; 2 ore 50 minute\/ raz\u0103 de ac\u021biune &#8212; 161 metri<\/li>\n<li><strong>Med:<\/strong> luminozitate &#8212; 150 lumeni\/ timp de func\u021bionare &#8212; 14 ore 40 minute\/ raza de ac\u021biune &#8212; 80 metri<\/li>\n<li><strong>Low:<\/strong> luminozitate &#8212; 50 lumeni\/ timp de func\u021bionare &#8212; 37 ore 25 minute\/ raz\u0103 de ac\u021biune &#8212; 45 metri<\/li>\n<li><strong>Moonlight:<\/strong> luminozitate &#8212; 1 lumen\/ timp de func\u021bionare &#8212; 750 ore\/ raz\u0103 de ac\u021biune &#8212; 8 metri<\/li>\n<li><strong>SOS:<\/strong> luminozitate &#8212; 50 lumeni<\/li>\n<li><strong>Strob:<\/strong> luminozitate &#8212; 1.700 lumeni<\/li>\n<\/ul>\n<h3>Particularit\u0103\u021bi<\/h3>\n<ul>\n<li>6 moduri de func\u021bionare \u0219i func\u021bie stroboscopic\u0103;<\/li>\n<li>Surs\u0103 de alimentare &#8212; Baterie Fenix ARB-L18-3400<\/li>\n<li>Bateria este \u00eenc\u0103rcat\u0103 utiliz\u00e2nd portul Type-C<\/li>\n<li>Rezisten\u021b\u0103 la praf \u0219i umiditate &#8212; IP68<\/li>\n<li>Rezisten\u021b\u0103 la \u0219ocuri &#8212; 1,5 metri<\/li>\n<\/ul>\n<h3>Caracteristici<\/h3>\n<ul>\n<li>Tip de alimentare &#8212; 18650<\/li>\n<li>LED &#8212; Luminus SST40<\/li>\n<li>Putere &#8212; p\u00e2n\u0103 la 2000 lm<\/li>\n<li>Flux luminos &#8212; 1700 lm<\/li>\n<li>Raza de ac\u021biune a fasciculului &#8212; 267 m<\/li>\n<li>Timp maxim de func\u021bionare &#8212; 750 h<\/li>\n<li>Rezistent la ap\u0103 &#8212; IP68<\/li>\n<li>Dimensiuni &#8212; 129,7 x 26,5 x 22,6 mm<\/li>\n<li>Greutate &#8212; 132 g<\/li>\n<\/ul>\n<h3>Marca<\/h3>\n<p>Fenix este cel mai important produc\u0103tor mondial de lanterne moderne: tactice, de c\u0103l\u0103torie, proiectoare, lumini pentru biciclete \u0219i accesorii. Fondat\u0103 acum mai bine de 20 de ani, compania este recunoscut\u0103 de cei care apreciaz\u0103 func\u021bionalitatea \u0219i performan\u021ba. Produsele Fenix sunt utilizate pe scar\u0103 larg\u0103 \u00een cas\u0103, de c\u0103tre sportivi, excursioni\u0219ti \u0219i organiza\u021bii specializate pentru durata de via\u021b\u0103 \u00eendelungat\u0103 a bateriei, designul ergonomic \u0219i puterea uimitoare. Fabricate din aluminiu aeronautic triplu anodizat \u0219i prev\u0103zute cu sticl\u0103 rezistent\u0103 la \u0219ocuri, acestea sunt ideale at\u00e2t pentru utilizarea zilnic\u0103, c\u00e2t \u0219i pentru activit\u0103\u021bile \u00een aer liber. Produsele Fenix sunt acum disponibile \u00een peste 100 de \u021b\u0103ri, ajung\u00e2nd la zeci de milioane de utilizatori din \u00eentreaga lume.<\/p>\n<p><\/p>","protected":false},"excerpt":{"rendered":"","protected":false},"featured_media":78144,"comment_status":"open","ping_status":"closed","template":"","meta":{"_acf_changed":false,"inline_featured_image":false},"product_brand":[1351],"product_cat":[462],"product_tag":[],"class_list":{"0":"post-77777","1":"product","2":"type-product","3":"status-publish","4":"has-post-thumbnail","6":"product_brand-fenix","7":"product_cat-lumini-de-mana","9":"first","10":"instock","11":"shipping-taxable","12":"purchasable","13":"product-type-simple"},"acf":[],"yoast_head":"<!-- This site is optimized with the Yoast SEO plugin v27.2 - https:\/\/yoast.com\/product\/yoast-seo-wordpress\/ -->\n<title>\u0424\u043e\u043d\u0430\u0440\u044c Fenix LD30R LED - \u041c\u0430\u0433\u0430\u0437\u0438\u043d Xstyle<\/title>\n<meta name=\"description\" content=\"\u0424\u043e\u043d\u0430\u0440\u044c Fenix LD30R LED \u2013 \u043c\u043e\u0449\u043d\u044b\u0439 \u0438 \u043a\u043e\u043c\u043f\u0430\u043a\u0442\u043d\u044b\u0439 EDC \u0441 IP68. \u042f\u0440\u043a\u043e\u0441\u0442\u044c \u0434\u043e 1700 \u041b\u043c, 5 \u0440\u0435\u0436\u0438\u043c\u043e\u0432 \u0441\u0432\u0435\u0442\u0430, \u043f\u043e\u0434\u0434\u0435\u0440\u0436\u043a\u0430 Type-C. \u0418\u0434\u0435\u0430\u043b\u0435\u043d \u0434\u043b\u044f \u043f\u0443\u0442\u0435\u0448\u0435\u0441\u0442\u0432\u0438\u0439!\" \/>\n<meta name=\"robots\" content=\"index, follow, max-snippet:-1, max-image-preview:large, max-video-preview:-1\" \/>\n<link rel=\"canonical\" href=\"https:\/\/xstyle.md\/ro\/produs\/fonar-fenix-ld30r-led\/\" \/>\n<meta property=\"og:locale\" content=\"ro_RO\" \/>\n<meta property=\"og:type\" content=\"article\" \/>\n<meta property=\"og:title\" content=\"\u0424\u043e\u043d\u0430\u0440\u044c Fenix LD30R LED - \u041c\u0430\u0433\u0430\u0437\u0438\u043d Xstyle\" \/>\n<meta property=\"og:description\" content=\"\u0424\u043e\u043d\u0430\u0440\u044c Fenix LD30R LED \u2013 \u043c\u043e\u0449\u043d\u044b\u0439 \u0438 \u043a\u043e\u043c\u043f\u0430\u043a\u0442\u043d\u044b\u0439 EDC \u0441 IP68. \u042f\u0440\u043a\u043e\u0441\u0442\u044c \u0434\u043e 1700 \u041b\u043c, 5 \u0440\u0435\u0436\u0438\u043c\u043e\u0432 \u0441\u0432\u0435\u0442\u0430, \u043f\u043e\u0434\u0434\u0435\u0440\u0436\u043a\u0430 Type-C. \u0418\u0434\u0435\u0430\u043b\u0435\u043d \u0434\u043b\u044f \u043f\u0443\u0442\u0435\u0448\u0435\u0441\u0442\u0432\u0438\u0439!\" \/>\n<meta property=\"og:url\" content=\"https:\/\/xstyle.md\/ro\/produs\/fonar-fenix-ld30r-led\/\" \/>\n<meta property=\"og:site_name\" content=\"\u041c\u0430\u0433\u0430\u0437\u0438\u043d Xstyle\" \/>\n<meta property=\"article:publisher\" content=\"https:\/\/www.facebook.com\/xstylemd\" \/>\n<meta property=\"article:modified_time\" content=\"2025-11-27T14:49:44+00:00\" \/>\n<meta property=\"og:image\" content=\"https:\/\/xstyle.md\/wp-content\/uploads\/2023\/12\/fenix-ld30r-led.jpg\" \/>\n\t<meta property=\"og:image:width\" content=\"970\" \/>\n\t<meta property=\"og:image:height\" content=\"970\" \/>\n\t<meta property=\"og:image:type\" content=\"image\/jpeg\" \/>\n<meta name=\"twitter:card\" content=\"summary_large_image\" \/>\n<meta name=\"twitter:label1\" content=\"Pre\u021b\" \/>\n\t<meta name=\"twitter:data1\" content=\"1.890&nbsp;MDL\" \/>\n\t<meta name=\"twitter:label2\" content=\"Disponibilitate\" \/>\n\t<meta name=\"twitter:data2\" content=\"\u00cen stoc\" \/>\n<script type=\"application\/ld+json\" class=\"yoast-schema-graph\">{\"@context\":\"https:\/\/schema.org\",\"@graph\":[{\"@type\":\"WebPage\",\"@id\":\"https:\/\/xstyle.md\/product\/fonar-fenix-ld30r-led\/\",\"url\":\"https:\/\/xstyle.md\/product\/fonar-fenix-ld30r-led\/\",\"name\":\"\u0424\u043e\u043d\u0430\u0440\u044c Fenix LD30R LED - \u041c\u0430\u0433\u0430\u0437\u0438\u043d Xstyle\",\"isPartOf\":{\"@id\":\"https:\/\/xstyle.md\/#website\"},\"primaryImageOfPage\":{\"@id\":\"https:\/\/xstyle.md\/product\/fonar-fenix-ld30r-led\/#primaryimage\"},\"image\":{\"@id\":\"https:\/\/xstyle.md\/product\/fonar-fenix-ld30r-led\/#primaryimage\"},\"thumbnailUrl\":\"https:\/\/xstyle.md\/wp-content\/uploads\/2023\/12\/fenix-ld30r-led.jpg\",\"datePublished\":\"2023-12-27T14:53:48+00:00\",\"dateModified\":\"2025-11-27T14:49:44+00:00\",\"description\":\"\u0424\u043e\u043d\u0430\u0440\u044c Fenix LD30R LED \u2013 \u043c\u043e\u0449\u043d\u044b\u0439 \u0438 \u043a\u043e\u043c\u043f\u0430\u043a\u0442\u043d\u044b\u0439 EDC \u0441 IP68. \u042f\u0440\u043a\u043e\u0441\u0442\u044c \u0434\u043e 1700 \u041b\u043c, 5 \u0440\u0435\u0436\u0438\u043c\u043e\u0432 \u0441\u0432\u0435\u0442\u0430, \u043f\u043e\u0434\u0434\u0435\u0440\u0436\u043a\u0430 Type-C. \u0418\u0434\u0435\u0430\u043b\u0435\u043d \u0434\u043b\u044f \u043f\u0443\u0442\u0435\u0448\u0435\u0441\u0442\u0432\u0438\u0439!\",\"breadcrumb\":{\"@id\":\"https:\/\/xstyle.md\/product\/fonar-fenix-ld30r-led\/#breadcrumb\"},\"inLanguage\":\"ro-RO\",\"potentialAction\":[{\"@type\":\"ReadAction\",\"target\":[\"https:\/\/xstyle.md\/product\/fonar-fenix-ld30r-led\/\"]}]},{\"@type\":\"ImageObject\",\"inLanguage\":\"ro-RO\",\"@id\":\"https:\/\/xstyle.md\/product\/fonar-fenix-ld30r-led\/#primaryimage\",\"url\":\"https:\/\/xstyle.md\/wp-content\/uploads\/2023\/12\/fenix-ld30r-led.jpg\",\"contentUrl\":\"https:\/\/xstyle.md\/wp-content\/uploads\/2023\/12\/fenix-ld30r-led.jpg\",\"width\":970,\"height\":970,\"caption\":\"\u041e\u0431\u0449\u0438\u0439 \u0432\u0438\u0434 \u0444\u043e\u043d\u0430\u0440\u044f Fenix LD30R LED \u0434\u043b\u044f \u0430\u043a\u0442\u0438\u0432\u043d\u043e\u0433\u043e \u043e\u0442\u0434\u044b\u0445\u0430, \u043f\u043e\u0445\u043e\u0434\u043e\u0432 \u0438 \u043f\u0443\u0442\u0435\u0448\u0435\u0441\u0442\u0432\u0438\u0439 \u0441 \u043e\u0434\u0435\u0436\u0434\u043e\u0439 \u0438 \u043e\u0431\u0443\u0432\u044c\u044e \u0434\u043b\u044f \u0430\u043b\u044c\u043f\u0438\u043d\u0438\u0437\u043c\u0430 \u0438 \u0442\u0443\u0440\u0438\u0437\u043c\u0430 \u0434\u043b\u044f \u043e\u043d\u043b\u0430\u0439\u043d-\u043c\u0430\u0433\u0430\u0437\u0438\u043d\u0430 \u0442\u043e\u0432\u0430\u0440\u043e\u0432 \u0434\u043b\u044f \u0430\u043a\u0442\u0438\u0432\u043d\u043e\u0439 \u0436\u0438\u0437\u043d\u0438\"},{\"@type\":\"BreadcrumbList\",\"@id\":\"https:\/\/xstyle.md\/product\/fonar-fenix-ld30r-led\/#breadcrumb\",\"itemListElement\":[{\"@type\":\"ListItem\",\"position\":1,\"name\":\"\u0413\u043b\u0430\u0432\u043d\u0430\u044f \u0441\u0442\u0440\u0430\u043d\u0438\u0446\u0430\",\"item\":\"https:\/\/xstyle.md\/\"},{\"@type\":\"ListItem\",\"position\":2,\"name\":\"\u041c\u0430\u0433\u0430\u0437\u0438\u043d\",\"item\":\"https:\/\/xstyle.md\/shop\/\"},{\"@type\":\"ListItem\",\"position\":3,\"name\":\"\u0424\u043e\u043d\u0430\u0440\u044c Fenix LD30R LED\"}]},{\"@type\":\"WebSite\",\"@id\":\"https:\/\/xstyle.md\/#website\",\"url\":\"https:\/\/xstyle.md\/\",\"name\":\"\u041c\u0430\u0433\u0430\u0437\u0438\u043d Xstyle\",\"description\":\"C\u043d\u0430\u0440\u044f\u0436\u0435\u043d\u0438\u0435 \u0434\u043b\u044f \u0442\u0443\u0440\u0438\u0437\u043c\u0430 \u0438 \u044d\u043a\u0441\u0442\u0440\u0435\u043c\u0430\u043b\u044c\u043d\u044b\u0445 \u0432\u0438\u0434\u043e\u0432 \u0441\u043f\u043e\u0440\u0442\u0430 \u0432 \u041c\u043e\u043b\u0434\u043e\u0432\u0435.. \u0426\u0435\u043d\u044b, \u0444\u043e\u0442\u043e, \u0445\u0430\u0440\u0430\u043a\u0442\u0435\u0440\u0438\u0441\u0442\u0438\u043a\u0438 \u0432 \u041c\u043e\u043b\u0434\u043e\u0432\u0435.\",\"publisher\":{\"@id\":\"https:\/\/xstyle.md\/#organization\"},\"alternateName\":\"X-Style\",\"potentialAction\":[{\"@type\":\"SearchAction\",\"target\":{\"@type\":\"EntryPoint\",\"urlTemplate\":\"https:\/\/xstyle.md\/?s={search_term_string}\"},\"query-input\":{\"@type\":\"PropertyValueSpecification\",\"valueRequired\":true,\"valueName\":\"search_term_string\"}}],\"inLanguage\":\"ro-RO\"},{\"@type\":\"Organization\",\"@id\":\"https:\/\/xstyle.md\/#organization\",\"name\":\"\u041c\u0430\u0433\u0430\u0437\u0438\u043d Xstyle\",\"alternateName\":\"x-style\",\"url\":\"https:\/\/xstyle.md\/\",\"logo\":{\"@type\":\"ImageObject\",\"inLanguage\":\"ro-RO\",\"@id\":\"https:\/\/xstyle.md\/#\/schema\/logo\/image\/\",\"url\":\"https:\/\/xstyle.md\/wp-content\/uploads\/2020\/06\/logoicon.svg\",\"contentUrl\":\"https:\/\/xstyle.md\/wp-content\/uploads\/2020\/06\/logoicon.svg\",\"caption\":\"\u041c\u0430\u0433\u0430\u0437\u0438\u043d Xstyle\"},\"image\":{\"@id\":\"https:\/\/xstyle.md\/#\/schema\/logo\/image\/\"},\"sameAs\":[\"https:\/\/www.facebook.com\/xstylemd\",\"https:\/\/www.instagram.com\/xstyle_md\/\",\"https:\/\/t.me\/xstyle_outdoor\"],\"hasMerchantReturnPolicy\":{\"@type\":\"MerchantReturnPolicy\",\"merchantReturnLink\":\"https:\/\/xstyle.md\/ro\/conditions\/\"}}]}<\/script>\n<meta property=\"product:price:amount\" content=\"1890.00\" \/>\n<meta property=\"product:price:currency\" content=\"MDL\" \/>\n<meta property=\"og:availability\" content=\"instock\" \/>\n<meta property=\"product:availability\" content=\"instock\" \/>\n<meta property=\"product:retailer_item_id\" content=\"6942870310473\" \/>\n<meta property=\"product:condition\" content=\"new\" \/>\n<!-- \/ Yoast SEO plugin. -->","yoast_head_json":{"title":"Lantern\u0103 Fenix LD30R LED - Magazin Xstyle","description":"Lanterna Fenix LD30R LED \u2013 un EDC puternic \u0219i compact cu IP68. Luminozitate de p\u00e2n\u0103 la 1700 Lm, 5 moduri de iluminare, suport Type-C. Ideal pentru c\u0103l\u0103torii!","robots":{"index":"index","follow":"follow","max-snippet":"max-snippet:-1","max-image-preview":"max-image-preview:large","max-video-preview":"max-video-preview:-1"},"canonical":"https:\/\/xstyle.md\/ro\/produs\/fonar-fenix-ld30r-led\/","og_locale":"ro_RO","og_type":"article","og_title":"\u0424\u043e\u043d\u0430\u0440\u044c Fenix LD30R LED - \u041c\u0430\u0433\u0430\u0437\u0438\u043d Xstyle","og_description":"\u0424\u043e\u043d\u0430\u0440\u044c Fenix LD30R LED \u2013 \u043c\u043e\u0449\u043d\u044b\u0439 \u0438 \u043a\u043e\u043c\u043f\u0430\u043a\u0442\u043d\u044b\u0439 EDC \u0441 IP68. \u042f\u0440\u043a\u043e\u0441\u0442\u044c \u0434\u043e 1700 \u041b\u043c, 5 \u0440\u0435\u0436\u0438\u043c\u043e\u0432 \u0441\u0432\u0435\u0442\u0430, \u043f\u043e\u0434\u0434\u0435\u0440\u0436\u043a\u0430 Type-C. \u0418\u0434\u0435\u0430\u043b\u0435\u043d \u0434\u043b\u044f \u043f\u0443\u0442\u0435\u0448\u0435\u0441\u0442\u0432\u0438\u0439!","og_url":"https:\/\/xstyle.md\/ro\/produs\/fonar-fenix-ld30r-led\/","og_site_name":"\u041c\u0430\u0433\u0430\u0437\u0438\u043d Xstyle","article_publisher":"https:\/\/www.facebook.com\/xstylemd","article_modified_time":"2025-11-27T14:49:44+00:00","og_image":[{"width":970,"height":970,"url":"https:\/\/xstyle.md\/wp-content\/uploads\/2023\/12\/fenix-ld30r-led.jpg","type":"image\/jpeg"}],"twitter_card":"summary_large_image","twitter_misc":{"Pre\u021b":"1.890&nbsp;MDL","Disponibilitate":"\u00cen stoc"},"schema":{"@context":"https:\/\/schema.org","@graph":[{"@type":"WebPage","@id":"https:\/\/xstyle.md\/product\/fonar-fenix-ld30r-led\/","url":"https:\/\/xstyle.md\/product\/fonar-fenix-ld30r-led\/","name":"Lantern\u0103 Fenix LD30R LED - Magazin Xstyle","isPartOf":{"@id":"https:\/\/xstyle.md\/#website"},"primaryImageOfPage":{"@id":"https:\/\/xstyle.md\/product\/fonar-fenix-ld30r-led\/#primaryimage"},"image":{"@id":"https:\/\/xstyle.md\/product\/fonar-fenix-ld30r-led\/#primaryimage"},"thumbnailUrl":"https:\/\/xstyle.md\/wp-content\/uploads\/2023\/12\/fenix-ld30r-led.jpg","datePublished":"2023-12-27T14:53:48+00:00","dateModified":"2025-11-27T14:49:44+00:00","description":"Lanterna Fenix LD30R LED \u2013 un EDC puternic \u0219i compact cu IP68. Luminozitate de p\u00e2n\u0103 la 1700 Lm, 5 moduri de iluminare, suport Type-C. Ideal pentru c\u0103l\u0103torii!","breadcrumb":{"@id":"https:\/\/xstyle.md\/product\/fonar-fenix-ld30r-led\/#breadcrumb"},"inLanguage":"ro-RO","potentialAction":[{"@type":"ReadAction","target":["https:\/\/xstyle.md\/product\/fonar-fenix-ld30r-led\/"]}]},{"@type":"ImageObject","inLanguage":"ro-RO","@id":"https:\/\/xstyle.md\/product\/fonar-fenix-ld30r-led\/#primaryimage","url":"https:\/\/xstyle.md\/wp-content\/uploads\/2023\/12\/fenix-ld30r-led.jpg","contentUrl":"https:\/\/xstyle.md\/wp-content\/uploads\/2023\/12\/fenix-ld30r-led.jpg","width":970,"height":970,"caption":"\u041e\u0431\u0449\u0438\u0439 \u0432\u0438\u0434 \u0444\u043e\u043d\u0430\u0440\u044f Fenix LD30R LED \u0434\u043b\u044f \u0430\u043a\u0442\u0438\u0432\u043d\u043e\u0433\u043e \u043e\u0442\u0434\u044b\u0445\u0430, \u043f\u043e\u0445\u043e\u0434\u043e\u0432 \u0438 \u043f\u0443\u0442\u0435\u0448\u0435\u0441\u0442\u0432\u0438\u0439 \u0441 \u043e\u0434\u0435\u0436\u0434\u043e\u0439 \u0438 \u043e\u0431\u0443\u0432\u044c\u044e \u0434\u043b\u044f \u0430\u043b\u044c\u043f\u0438\u043d\u0438\u0437\u043c\u0430 \u0438 \u0442\u0443\u0440\u0438\u0437\u043c\u0430 \u0434\u043b\u044f \u043e\u043d\u043b\u0430\u0439\u043d-\u043c\u0430\u0433\u0430\u0437\u0438\u043d\u0430 \u0442\u043e\u0432\u0430\u0440\u043e\u0432 \u0434\u043b\u044f \u0430\u043a\u0442\u0438\u0432\u043d\u043e\u0439 \u0436\u0438\u0437\u043d\u0438"},{"@type":"BreadcrumbList","@id":"https:\/\/xstyle.md\/product\/fonar-fenix-ld30r-led\/#breadcrumb","itemListElement":[{"@type":"ListItem","position":1,"name":"\u0413\u043b\u0430\u0432\u043d\u0430\u044f \u0441\u0442\u0440\u0430\u043d\u0438\u0446\u0430","item":"https:\/\/xstyle.md\/"},{"@type":"ListItem","position":2,"name":"\u041c\u0430\u0433\u0430\u0437\u0438\u043d","item":"https:\/\/xstyle.md\/shop\/"},{"@type":"ListItem","position":3,"name":"\u0424\u043e\u043d\u0430\u0440\u044c Fenix LD30R LED"}]},{"@type":"WebSite","@id":"https:\/\/xstyle.md\/#website","url":"https:\/\/xstyle.md\/","name":"Magazinul X-Style","description":"Echipamente pentru turism \u0219i sporturi extreme \u00een Moldova. Pre\u021buri, fotografii, caracteristici \u00een Moldova.","publisher":{"@id":"https:\/\/xstyle.md\/#organization"},"alternateName":"X-Style","potentialAction":[{"@type":"SearchAction","target":{"@type":"EntryPoint","urlTemplate":"https:\/\/xstyle.md\/?s={search_term_string}"},"query-input":{"@type":"PropertyValueSpecification","valueRequired":true,"valueName":"search_term_string"}}],"inLanguage":"ro-RO"},{"@type":"Organization","@id":"https:\/\/xstyle.md\/#organization","name":"Magazinul X-Style","alternateName":"x-style","url":"https:\/\/xstyle.md\/","logo":{"@type":"ImageObject","inLanguage":"ro-RO","@id":"https:\/\/xstyle.md\/#\/schema\/logo\/image\/","url":"https:\/\/xstyle.md\/wp-content\/uploads\/2020\/06\/logoicon.svg","contentUrl":"https:\/\/xstyle.md\/wp-content\/uploads\/2020\/06\/logoicon.svg","caption":"\u041c\u0430\u0433\u0430\u0437\u0438\u043d Xstyle"},"image":{"@id":"https:\/\/xstyle.md\/#\/schema\/logo\/image\/"},"sameAs":["https:\/\/www.facebook.com\/xstylemd","https:\/\/www.instagram.com\/xstyle_md\/","https:\/\/t.me\/xstyle_outdoor"],"hasMerchantReturnPolicy":{"@type":"MerchantReturnPolicy","merchantReturnLink":"https:\/\/xstyle.md\/ro\/conditions\/"}}]},"product_price_amount":"1890.00","product_price_currency":"MDL","og_availability":"instock","product_availability":"instock","product_retailer_item_id":"6942870310473","product_condition":"new"},"post_mailing_queue_ids":[],"_links":{"self":[{"href":"https:\/\/xstyle.md\/ro\/wp-json\/wp\/v2\/product\/77777","targetHints":{"allow":["GET"]}}],"collection":[{"href":"https:\/\/xstyle.md\/ro\/wp-json\/wp\/v2\/product"}],"about":[{"href":"https:\/\/xstyle.md\/ro\/wp-json\/wp\/v2\/types\/product"}],"replies":[{"embeddable":true,"href":"https:\/\/xstyle.md\/ro\/wp-json\/wp\/v2\/comments?post=77777"}],"wp:featuredmedia":[{"embeddable":true,"href":"https:\/\/xstyle.md\/ro\/wp-json\/wp\/v2\/media\/78144"}],"wp:attachment":[{"href":"https:\/\/xstyle.md\/ro\/wp-json\/wp\/v2\/media?parent=77777"}],"wp:term":[{"taxonomy":"product_brand","embeddable":true,"href":"https:\/\/xstyle.md\/ro\/wp-json\/wp\/v2\/product_brand?post=77777"},{"taxonomy":"product_cat","embeddable":true,"href":"https:\/\/xstyle.md\/ro\/wp-json\/wp\/v2\/product_cat?post=77777"},{"taxonomy":"product_tag","embeddable":true,"href":"https:\/\/xstyle.md\/ro\/wp-json\/wp\/v2\/product_tag?post=77777"}],"curies":[{"name":"wp","href":"https:\/\/api.w.org\/{rel}","templated":true}]}}