{"id":77773,"date":"2023-12-27T17:53:47","date_gmt":"2023-12-27T14:53:47","guid":{"rendered":"https:\/\/xstyle.md\/?post_type=product&#038;p=77773"},"modified":"2026-03-19T17:17:07","modified_gmt":"2026-03-19T14:17:07","slug":"fonar-fenix-bc26r-led","status":"publish","type":"product","link":"https:\/\/xstyle.md\/ro\/produs\/fonar-fenix-bc26r-led\/","title":{"rendered":"Lantern\u0103 Fenix BC26R LED"},"content":{"rendered":"<\/p>\n<p><strong>Fenix BC26R LED<\/strong> &#8212; lantern\u0103 frontal\u0103 profesional\u0103 conceput\u0103 pentru ciclismul montan \u0219i rutier. Este op\u021biunea optim\u0103 pentru ciclismul intensiv, \u00een special pe distan\u021be lungi. Luminozitatea fasciculului acestei l\u0103mpi de biciclet\u0103 ajunge la o intensitate impresionant\u0103 de 1600 de lumeni \u0219i o raz\u0103 de ac\u021biune de 169 de metri.<\/p>\n<p>Alimentat de bateria de 21700\/5000 mAh inclus\u0103, se \u00eencarc\u0103 prin USB Type-C. Poate fi utilizat\u0103 cu un suport pentru casc\u0103 de biciclet\u0103 \u0219i poate fi montat\u0103 pe o interfa\u021b\u0103 GoPro standard pentru o c\u0103l\u0103torie mai sigur\u0103. Un suport cu eliberare rapid\u0103 cu un design inovator \u0219i un corp complet metalic pentru o mai bun\u0103 dispersie permite acestei lanterne versatile s\u0103 lumineze cu \u00eencredere traseele.<\/p>\n<p>Folose\u0219te un LED Luminus cu o durat\u0103 de via\u021b\u0103 de 50.000 de ore. Lanterna vine cu o baterie litiu-ion de 5000 mAh, compatibil\u0103 cu bateria 18650 litiu-ion (cu suportul de baterie ALF-18). Are o durat\u0103 maxim\u0103 de func\u021bionare de 65 de ore.<\/p>\n<p>C\u0103l\u0103tori\u021bi liber pe mun\u021bi, drumuri, poteci \u0219i zone necunoscute cu lanterna pentru biciclete Fenix BC26R. Cu un unghi larg al fasciculului de p\u00e2n\u0103 la 100 de grade, ve\u021bi avea o iluminare de calitate chiar \u0219i atunci c\u00e2nd vira\u021bi un col\u021b. F\u0103r\u0103 pete \u00eentunecate.<\/p>\n<h3>Modul de func\u021bionare<\/h3>\n<ul>\n<li>Turbo: 1600 lumeni\/ 3,5 ore\/ raza de ac\u021biune a fasciculului de 169 metri<\/li>\n<li>High: 600 lumeni \/ 9,5 ore \/ 101 metri raza de ac\u021biune a fasciculului<\/li>\n<li>Med: luminozitate &#8212; 200 lumeni \/ timp de lucru &#8212; 18 ore \/ raza de ac\u021biune a fasciculului &#8212; 57 metri<\/li>\n<li>Low: luminozitate &#8212; 50 lumeni\/ timp de lucru &#8212; 65 ore\/ raza de ac\u021biune a fasciculului &#8212; 28 metri<\/li>\n<li>Flash: 600 lumeni<\/li>\n<\/ul>\n<h3>Particularit\u0103\u021bi<\/h3>\n<ul>\n<li>Lamp\u0103 frontal\u0103 pentru biciclet\u0103 pentru utilizare \u00een activit\u0103\u021bi turistice, activit\u0103\u021bi \u00een aer liber \u0219i de recreere<\/li>\n<li>Fluxul luminos maxim atinge 1600 de lumeni<\/li>\n<li>Raza de ac\u021biune a fasciculului este de 169 de metri<\/li>\n<li>Dioda utilizat\u0103: Luminus cu o durat\u0103 de via\u021b\u0103 de 50.000 de ore<\/li>\n<li>Alimentat de o baterie de 21700\/5000 mAh<\/li>\n<li>Se \u00eencarc\u0103 prin USB de tip C<\/li>\n<li>Design cu eliberare rapid\u0103, asamblare \u0219i dezasamblare \u00een doi pa\u0219i<\/li>\n<li>Func\u021bionare simpl\u0103 \u0219i rapid\u0103 cu un singur comutator<\/li>\n<li>Indicarea nivelului bateriei la pornire \u0219i avertizare de tensiune sc\u0103zut\u0103<\/li>\n<li>5 moduri de luminozitate<\/li>\n<li>Protec\u021bie \u00eempotriva supra\u00eenc\u0103lzirii carcasei.<\/li>\n<\/ul>\n<h3>Caracteristici<\/h3>\n<ul>\n<li>Baterii &#8212; 21700, 18650<\/li>\n<li>LED &#8212; Luminus SST-40<\/li>\n<li>Flux luminos &#8212; 2000 lm<\/li>\n<li>Raza de ac\u021biune a fasciculului &#8212; 169 m<\/li>\n<li>Timp maxim de func\u021bionare &#8212; 65 de ore<\/li>\n<li>Rezistent la ap\u0103 &#8212; IP68<\/li>\n<li>Dimensiuni &#8212; 113 x 29 x 27 mm<\/li>\n<li>Greutate &#8212; 155 g.<\/li>\n<\/ul>\n<h3>Setul include<\/h3>\n<ul>\n<li>Farul cu LED Fenix BC26R<\/li>\n<li>Suport pentru ghidon cu eliberare rapid\u0103<\/li>\n<li>Baterie ARB-L21-5000 Li-ion<\/li>\n<li>Cablu USB Type-C pentru \u00eenc\u0103rcare<\/li>\n<li>O-ring de rezerv\u0103<\/li>\n<li>Card de garan\u021bie<\/li>\n<li>Instruc\u021biuni de utilizare.<\/li>\n<\/ul>\n<h3>Marca<\/h3>\n<p>Fenix este cel mai important produc\u0103tor mondial de lanterne moderne: lanterne tactice, de c\u0103l\u0103torie, proiectoare, lanterne pentru biciclete \u0219i accesorii. Fondat\u0103 \u00een urm\u0103 cu peste 20 de ani, compania este recunoscut\u0103 de cei care apreciaz\u0103 func\u021bionalitatea \u0219i performan\u021ba. Produsele Fenix sunt utilizate pe scar\u0103 larg\u0103 \u00een cas\u0103, de c\u0103tre sportivi, drume\u021bi \u0219i organiza\u021bii specializate pentru durata de via\u021b\u0103 a bateriei, designul ergonomic \u0219i puterea lor uimitoare. Fabricate din aluminiu de avion triplu anodizat \u0219i prev\u0103zute cu sticl\u0103 incasabil\u0103, acestea sunt ideale at\u00e2t pentru utilizarea zilnic\u0103, c\u00e2t \u0219i pentru activit\u0103\u021bile \u00een aer liber.<\/p>\n<p>Produsele Fenix sunt acum disponibile \u00een peste 100 de \u021b\u0103ri, ajung\u00e2nd la zeci de milioane de utilizatori din \u00eentreaga lume.<\/p>\n<p><\/p>","protected":false},"excerpt":{"rendered":"","protected":false},"featured_media":78110,"comment_status":"open","ping_status":"closed","template":"","meta":{"_acf_changed":false,"inline_featured_image":false},"product_brand":[1351],"product_cat":[502],"product_tag":[],"class_list":{"0":"post-77773","1":"product","2":"type-product","3":"status-publish","4":"has-post-thumbnail","6":"product_brand-fenix","7":"product_cat-bicycle-lights","9":"first","10":"instock","11":"shipping-taxable","12":"purchasable","13":"product-type-simple"},"acf":[],"yoast_head":"<!-- This site is optimized with the Yoast SEO plugin v27.4 - https:\/\/yoast.com\/product\/yoast-seo-wordpress\/ -->\n<title>\u0424\u043e\u043d\u0430\u0440\u044c Fenix BC26R LED - \u041c\u0430\u0433\u0430\u0437\u0438\u043d Xstyle<\/title>\n<meta name=\"description\" content=\"\u0424\u043e\u043d\u0430\u0440\u044c Fenix BC26R LED \u2014 \u043c\u043e\u0449\u043d\u044b\u0439 \u0438 \u043d\u0430\u0434\u0435\u0436\u043d\u044b\u0439 \u043f\u0440\u0438\u0431\u043e\u0440 \u0441 \u044f\u0440\u043a\u043e\u0441\u0442\u044c\u044e 1600 \u043b\u043c, \u0437\u0430\u0440\u044f\u0434\u043a\u043e\u0439 USB Type-C \u0438 \u0437\u0430\u0449\u0438\u0442\u043e\u0439 IP68. \u0418\u0434\u0435\u0430\u043b\u0435\u043d \u0434\u043b\u044f \u043f\u0440\u0438\u043a\u043b\u044e\u0447\u0435\u043d\u0438\u0439 \u043d\u0430 \u0441\u0432\u0435\u0436\u0435\u043c \u0432\u043e\u0437\u0434\u0443\u0445\u0435!\" \/>\n<meta name=\"robots\" content=\"index, follow, max-snippet:-1, max-image-preview:large, max-video-preview:-1\" \/>\n<link rel=\"canonical\" href=\"https:\/\/xstyle.md\/ro\/produs\/fonar-fenix-bc26r-led\/\" \/>\n<meta property=\"og:locale\" content=\"ro_RO\" \/>\n<meta property=\"og:type\" content=\"article\" \/>\n<meta property=\"og:title\" content=\"\u0424\u043e\u043d\u0430\u0440\u044c Fenix BC26R LED - \u041c\u0430\u0433\u0430\u0437\u0438\u043d Xstyle\" \/>\n<meta property=\"og:description\" content=\"\u0424\u043e\u043d\u0430\u0440\u044c Fenix BC26R LED \u2014 \u043c\u043e\u0449\u043d\u044b\u0439 \u0438 \u043d\u0430\u0434\u0435\u0436\u043d\u044b\u0439 \u043f\u0440\u0438\u0431\u043e\u0440 \u0441 \u044f\u0440\u043a\u043e\u0441\u0442\u044c\u044e 1600 \u043b\u043c, \u0437\u0430\u0440\u044f\u0434\u043a\u043e\u0439 USB Type-C \u0438 \u0437\u0430\u0449\u0438\u0442\u043e\u0439 IP68. \u0418\u0434\u0435\u0430\u043b\u0435\u043d \u0434\u043b\u044f \u043f\u0440\u0438\u043a\u043b\u044e\u0447\u0435\u043d\u0438\u0439 \u043d\u0430 \u0441\u0432\u0435\u0436\u0435\u043c \u0432\u043e\u0437\u0434\u0443\u0445\u0435!\" \/>\n<meta property=\"og:url\" content=\"https:\/\/xstyle.md\/ro\/produs\/fonar-fenix-bc26r-led\/\" \/>\n<meta property=\"og:site_name\" content=\"\u041c\u0430\u0433\u0430\u0437\u0438\u043d Xstyle\" \/>\n<meta property=\"article:publisher\" content=\"https:\/\/www.facebook.com\/xstylemd\" \/>\n<meta property=\"article:modified_time\" content=\"2026-03-19T14:17:07+00:00\" \/>\n<meta property=\"og:image\" content=\"https:\/\/xstyle.md\/wp-content\/uploads\/2023\/12\/fenix-bc26r-led.jpg\" \/>\n\t<meta property=\"og:image:width\" content=\"970\" \/>\n\t<meta property=\"og:image:height\" content=\"970\" \/>\n\t<meta property=\"og:image:type\" content=\"image\/jpeg\" \/>\n<meta name=\"twitter:card\" content=\"summary_large_image\" \/>\n<meta name=\"twitter:label1\" content=\"Pre\u021b\" \/>\n\t<meta name=\"twitter:data1\" content=\"2.150&nbsp;MDL\" \/>\n\t<meta name=\"twitter:label2\" content=\"Disponibilitate\" \/>\n\t<meta name=\"twitter:data2\" content=\"\u00cen stoc\" \/>\n<script type=\"application\/ld+json\" class=\"yoast-schema-graph\">{\"@context\":\"https:\\\/\\\/schema.org\",\"@graph\":[{\"@type\":\"WebPage\",\"@id\":\"https:\\\/\\\/xstyle.md\\\/product\\\/fonar-fenix-bc26r-led\\\/\",\"url\":\"https:\\\/\\\/xstyle.md\\\/product\\\/fonar-fenix-bc26r-led\\\/\",\"name\":\"\u0424\u043e\u043d\u0430\u0440\u044c Fenix BC26R LED - \u041c\u0430\u0433\u0430\u0437\u0438\u043d Xstyle\",\"isPartOf\":{\"@id\":\"https:\\\/\\\/xstyle.md\\\/#website\"},\"primaryImageOfPage\":{\"@id\":\"https:\\\/\\\/xstyle.md\\\/product\\\/fonar-fenix-bc26r-led\\\/#primaryimage\"},\"image\":{\"@id\":\"https:\\\/\\\/xstyle.md\\\/product\\\/fonar-fenix-bc26r-led\\\/#primaryimage\"},\"thumbnailUrl\":\"https:\\\/\\\/xstyle.md\\\/wp-content\\\/uploads\\\/2023\\\/12\\\/fenix-bc26r-led.jpg\",\"datePublished\":\"2023-12-27T14:53:47+00:00\",\"dateModified\":\"2026-03-19T14:17:07+00:00\",\"description\":\"\u0424\u043e\u043d\u0430\u0440\u044c Fenix BC26R LED \u2014 \u043c\u043e\u0449\u043d\u044b\u0439 \u0438 \u043d\u0430\u0434\u0435\u0436\u043d\u044b\u0439 \u043f\u0440\u0438\u0431\u043e\u0440 \u0441 \u044f\u0440\u043a\u043e\u0441\u0442\u044c\u044e 1600 \u043b\u043c, \u0437\u0430\u0440\u044f\u0434\u043a\u043e\u0439 USB Type-C \u0438 \u0437\u0430\u0449\u0438\u0442\u043e\u0439 IP68. \u0418\u0434\u0435\u0430\u043b\u0435\u043d \u0434\u043b\u044f \u043f\u0440\u0438\u043a\u043b\u044e\u0447\u0435\u043d\u0438\u0439 \u043d\u0430 \u0441\u0432\u0435\u0436\u0435\u043c \u0432\u043e\u0437\u0434\u0443\u0445\u0435!\",\"breadcrumb\":{\"@id\":\"https:\\\/\\\/xstyle.md\\\/product\\\/fonar-fenix-bc26r-led\\\/#breadcrumb\"},\"inLanguage\":\"ro-RO\",\"potentialAction\":[{\"@type\":\"ReadAction\",\"target\":[\"https:\\\/\\\/xstyle.md\\\/product\\\/fonar-fenix-bc26r-led\\\/\"]}]},{\"@type\":\"ImageObject\",\"inLanguage\":\"ro-RO\",\"@id\":\"https:\\\/\\\/xstyle.md\\\/product\\\/fonar-fenix-bc26r-led\\\/#primaryimage\",\"url\":\"https:\\\/\\\/xstyle.md\\\/wp-content\\\/uploads\\\/2023\\\/12\\\/fenix-bc26r-led.jpg\",\"contentUrl\":\"https:\\\/\\\/xstyle.md\\\/wp-content\\\/uploads\\\/2023\\\/12\\\/fenix-bc26r-led.jpg\",\"width\":970,\"height\":970,\"caption\":\"\u0424\u043e\u043d\u0430\u0440\u044c Fenix BC26R LED \u0434\u043b\u044f \u0430\u043a\u0442\u0438\u0432\u043d\u043e\u0433\u043e \u043e\u0442\u0434\u044b\u0445\u0430, \u043f\u043e\u0445\u043e\u0434\u043e\u0432 \u0438 \u043f\u0443\u0442\u0435\u0448\u0435\u0441\u0442\u0432\u0438\u0439, \u0442\u043e\u0432\u0430\u0440\u044b \u0434\u043b\u044f \u0442\u0443\u0440\u0438\u0437\u043c\u0430 \u0438 \u043a\u0435\u043c\u043f\u0438\u043d\u0433\u0430, \u043e\u0431\u0443\u0432\u044c \u0438 \u043e\u0434\u0435\u0436\u0434\u0430 \u0434\u043b\u044f \u0430\u043a\u0442\u0438\u0432\u043d\u043e\u0433\u043e \u043e\u0431\u0440\u0430\u0437\u0430 \u0436\u0438\u0437\u043d\u0438\"},{\"@type\":\"BreadcrumbList\",\"@id\":\"https:\\\/\\\/xstyle.md\\\/product\\\/fonar-fenix-bc26r-led\\\/#breadcrumb\",\"itemListElement\":[{\"@type\":\"ListItem\",\"position\":1,\"name\":\"\u0413\u043b\u0430\u0432\u043d\u0430\u044f \u0441\u0442\u0440\u0430\u043d\u0438\u0446\u0430\",\"item\":\"https:\\\/\\\/xstyle.md\\\/\"},{\"@type\":\"ListItem\",\"position\":2,\"name\":\"\u041c\u0430\u0433\u0430\u0437\u0438\u043d\",\"item\":\"https:\\\/\\\/xstyle.md\\\/shop\\\/\"},{\"@type\":\"ListItem\",\"position\":3,\"name\":\"\u0424\u043e\u043d\u0430\u0440\u044c Fenix BC26R LED\"}]},{\"@type\":\"WebSite\",\"@id\":\"https:\\\/\\\/xstyle.md\\\/#website\",\"url\":\"https:\\\/\\\/xstyle.md\\\/\",\"name\":\"\u041c\u0430\u0433\u0430\u0437\u0438\u043d Xstyle\",\"description\":\"C\u043d\u0430\u0440\u044f\u0436\u0435\u043d\u0438\u0435 \u0434\u043b\u044f \u0442\u0443\u0440\u0438\u0437\u043c\u0430 \u0438 \u044d\u043a\u0441\u0442\u0440\u0435\u043c\u0430\u043b\u044c\u043d\u044b\u0445 \u0432\u0438\u0434\u043e\u0432 \u0441\u043f\u043e\u0440\u0442\u0430 \u0432 \u041c\u043e\u043b\u0434\u043e\u0432\u0435.. \u0426\u0435\u043d\u044b, \u0444\u043e\u0442\u043e, \u0445\u0430\u0440\u0430\u043a\u0442\u0435\u0440\u0438\u0441\u0442\u0438\u043a\u0438 \u0432 \u041c\u043e\u043b\u0434\u043e\u0432\u0435.\",\"publisher\":{\"@id\":\"https:\\\/\\\/xstyle.md\\\/#organization\"},\"alternateName\":\"X-Style\",\"potentialAction\":[{\"@type\":\"SearchAction\",\"target\":{\"@type\":\"EntryPoint\",\"urlTemplate\":\"https:\\\/\\\/xstyle.md\\\/?s={search_term_string}\"},\"query-input\":{\"@type\":\"PropertyValueSpecification\",\"valueRequired\":true,\"valueName\":\"search_term_string\"}}],\"inLanguage\":\"ro-RO\"},{\"@type\":\"Organization\",\"@id\":\"https:\\\/\\\/xstyle.md\\\/#organization\",\"name\":\"\u041c\u0430\u0433\u0430\u0437\u0438\u043d Xstyle\",\"alternateName\":\"x-style\",\"url\":\"https:\\\/\\\/xstyle.md\\\/\",\"logo\":{\"@type\":\"ImageObject\",\"inLanguage\":\"ro-RO\",\"@id\":\"https:\\\/\\\/xstyle.md\\\/#\\\/schema\\\/logo\\\/image\\\/\",\"url\":\"https:\\\/\\\/xstyle.md\\\/wp-content\\\/uploads\\\/2020\\\/06\\\/logoicon.svg\",\"contentUrl\":\"https:\\\/\\\/xstyle.md\\\/wp-content\\\/uploads\\\/2020\\\/06\\\/logoicon.svg\",\"caption\":\"\u041c\u0430\u0433\u0430\u0437\u0438\u043d Xstyle\"},\"image\":{\"@id\":\"https:\\\/\\\/xstyle.md\\\/#\\\/schema\\\/logo\\\/image\\\/\"},\"sameAs\":[\"https:\\\/\\\/www.facebook.com\\\/xstylemd\",\"https:\\\/\\\/www.instagram.com\\\/xstyle_md\\\/\",\"https:\\\/\\\/t.me\\\/xstyle_outdoor\"],\"hasMerchantReturnPolicy\":{\"@type\":\"MerchantReturnPolicy\",\"merchantReturnLink\":\"https:\\\/\\\/xstyle.md\\\/ro\\\/conditions\\\/\"}}]}<\/script>\n<meta property=\"product:price:amount\" content=\"2150.00\" \/>\n<meta property=\"product:price:currency\" content=\"MDL\" \/>\n<meta property=\"og:availability\" content=\"instock\" \/>\n<meta property=\"product:availability\" content=\"instock\" \/>\n<meta property=\"product:retailer_item_id\" content=\"6942870308494\" \/>\n<meta property=\"product:condition\" content=\"new\" \/>\n<!-- \/ Yoast SEO plugin. -->","yoast_head_json":{"title":"Lantern\u0103 Fenix BC26R LED - Magazin Xstyle","description":"Lanterna Fenix BC26R LED \u2014 un dispozitiv puternic \u0219i de \u00eencredere cu o luminozitate de 1600 lm, \u00eenc\u0103rcare USB Type-C \u0219i protec\u021bie IP68. Ideal pentru aventuri \u00een aer liber!","robots":{"index":"index","follow":"follow","max-snippet":"max-snippet:-1","max-image-preview":"max-image-preview:large","max-video-preview":"max-video-preview:-1"},"canonical":"https:\/\/xstyle.md\/ro\/produs\/fonar-fenix-bc26r-led\/","og_locale":"ro_RO","og_type":"article","og_title":"\u0424\u043e\u043d\u0430\u0440\u044c Fenix BC26R LED - \u041c\u0430\u0433\u0430\u0437\u0438\u043d Xstyle","og_description":"\u0424\u043e\u043d\u0430\u0440\u044c Fenix BC26R LED \u2014 \u043c\u043e\u0449\u043d\u044b\u0439 \u0438 \u043d\u0430\u0434\u0435\u0436\u043d\u044b\u0439 \u043f\u0440\u0438\u0431\u043e\u0440 \u0441 \u044f\u0440\u043a\u043e\u0441\u0442\u044c\u044e 1600 \u043b\u043c, \u0437\u0430\u0440\u044f\u0434\u043a\u043e\u0439 USB Type-C \u0438 \u0437\u0430\u0449\u0438\u0442\u043e\u0439 IP68. \u0418\u0434\u0435\u0430\u043b\u0435\u043d \u0434\u043b\u044f \u043f\u0440\u0438\u043a\u043b\u044e\u0447\u0435\u043d\u0438\u0439 \u043d\u0430 \u0441\u0432\u0435\u0436\u0435\u043c \u0432\u043e\u0437\u0434\u0443\u0445\u0435!","og_url":"https:\/\/xstyle.md\/ro\/produs\/fonar-fenix-bc26r-led\/","og_site_name":"\u041c\u0430\u0433\u0430\u0437\u0438\u043d Xstyle","article_publisher":"https:\/\/www.facebook.com\/xstylemd","article_modified_time":"2026-03-19T14:17:07+00:00","og_image":[{"width":970,"height":970,"url":"https:\/\/xstyle.md\/wp-content\/uploads\/2023\/12\/fenix-bc26r-led.jpg","type":"image\/jpeg"}],"twitter_card":"summary_large_image","twitter_misc":{"Pre\u021b":"2.150&nbsp;MDL","Disponibilitate":"\u00cen stoc"},"schema":{"@context":"https:\/\/schema.org","@graph":[{"@type":"WebPage","@id":"https:\/\/xstyle.md\/product\/fonar-fenix-bc26r-led\/","url":"https:\/\/xstyle.md\/product\/fonar-fenix-bc26r-led\/","name":"Lantern\u0103 Fenix BC26R LED - Magazin Xstyle","isPartOf":{"@id":"https:\/\/xstyle.md\/#website"},"primaryImageOfPage":{"@id":"https:\/\/xstyle.md\/product\/fonar-fenix-bc26r-led\/#primaryimage"},"image":{"@id":"https:\/\/xstyle.md\/product\/fonar-fenix-bc26r-led\/#primaryimage"},"thumbnailUrl":"https:\/\/xstyle.md\/wp-content\/uploads\/2023\/12\/fenix-bc26r-led.jpg","datePublished":"2023-12-27T14:53:47+00:00","dateModified":"2026-03-19T14:17:07+00:00","description":"Lanterna Fenix BC26R LED \u2014 un dispozitiv puternic \u0219i de \u00eencredere cu o luminozitate de 1600 lm, \u00eenc\u0103rcare USB Type-C \u0219i protec\u021bie IP68. Ideal pentru aventuri \u00een aer liber!","breadcrumb":{"@id":"https:\/\/xstyle.md\/product\/fonar-fenix-bc26r-led\/#breadcrumb"},"inLanguage":"ro-RO","potentialAction":[{"@type":"ReadAction","target":["https:\/\/xstyle.md\/product\/fonar-fenix-bc26r-led\/"]}]},{"@type":"ImageObject","inLanguage":"ro-RO","@id":"https:\/\/xstyle.md\/product\/fonar-fenix-bc26r-led\/#primaryimage","url":"https:\/\/xstyle.md\/wp-content\/uploads\/2023\/12\/fenix-bc26r-led.jpg","contentUrl":"https:\/\/xstyle.md\/wp-content\/uploads\/2023\/12\/fenix-bc26r-led.jpg","width":970,"height":970,"caption":"\u0424\u043e\u043d\u0430\u0440\u044c Fenix BC26R LED \u0434\u043b\u044f \u0430\u043a\u0442\u0438\u0432\u043d\u043e\u0433\u043e \u043e\u0442\u0434\u044b\u0445\u0430, \u043f\u043e\u0445\u043e\u0434\u043e\u0432 \u0438 \u043f\u0443\u0442\u0435\u0448\u0435\u0441\u0442\u0432\u0438\u0439, \u0442\u043e\u0432\u0430\u0440\u044b \u0434\u043b\u044f \u0442\u0443\u0440\u0438\u0437\u043c\u0430 \u0438 \u043a\u0435\u043c\u043f\u0438\u043d\u0433\u0430, \u043e\u0431\u0443\u0432\u044c \u0438 \u043e\u0434\u0435\u0436\u0434\u0430 \u0434\u043b\u044f \u0430\u043a\u0442\u0438\u0432\u043d\u043e\u0433\u043e \u043e\u0431\u0440\u0430\u0437\u0430 \u0436\u0438\u0437\u043d\u0438"},{"@type":"BreadcrumbList","@id":"https:\/\/xstyle.md\/product\/fonar-fenix-bc26r-led\/#breadcrumb","itemListElement":[{"@type":"ListItem","position":1,"name":"\u0413\u043b\u0430\u0432\u043d\u0430\u044f \u0441\u0442\u0440\u0430\u043d\u0438\u0446\u0430","item":"https:\/\/xstyle.md\/"},{"@type":"ListItem","position":2,"name":"\u041c\u0430\u0433\u0430\u0437\u0438\u043d","item":"https:\/\/xstyle.md\/shop\/"},{"@type":"ListItem","position":3,"name":"\u0424\u043e\u043d\u0430\u0440\u044c Fenix BC26R LED"}]},{"@type":"WebSite","@id":"https:\/\/xstyle.md\/#website","url":"https:\/\/xstyle.md\/","name":"Magazinul X-Style","description":"Echipamente pentru turism \u0219i sporturi extreme \u00een Moldova. Pre\u021buri, fotografii, caracteristici \u00een Moldova.","publisher":{"@id":"https:\/\/xstyle.md\/#organization"},"alternateName":"X-Style","potentialAction":[{"@type":"SearchAction","target":{"@type":"EntryPoint","urlTemplate":"https:\/\/xstyle.md\/?s={search_term_string}"},"query-input":{"@type":"PropertyValueSpecification","valueRequired":true,"valueName":"search_term_string"}}],"inLanguage":"ro-RO"},{"@type":"Organization","@id":"https:\/\/xstyle.md\/#organization","name":"Magazinul X-Style","alternateName":"x-style","url":"https:\/\/xstyle.md\/","logo":{"@type":"ImageObject","inLanguage":"ro-RO","@id":"https:\/\/xstyle.md\/#\/schema\/logo\/image\/","url":"https:\/\/xstyle.md\/wp-content\/uploads\/2020\/06\/logoicon.svg","contentUrl":"https:\/\/xstyle.md\/wp-content\/uploads\/2020\/06\/logoicon.svg","caption":"\u041c\u0430\u0433\u0430\u0437\u0438\u043d Xstyle"},"image":{"@id":"https:\/\/xstyle.md\/#\/schema\/logo\/image\/"},"sameAs":["https:\/\/www.facebook.com\/xstylemd","https:\/\/www.instagram.com\/xstyle_md\/","https:\/\/t.me\/xstyle_outdoor"],"hasMerchantReturnPolicy":{"@type":"MerchantReturnPolicy","merchantReturnLink":"https:\/\/xstyle.md\/ro\/conditions\/"}}]},"product_price_amount":"2150.00","product_price_currency":"MDL","og_availability":"instock","product_availability":"instock","product_retailer_item_id":"6942870308494","product_condition":"new"},"post_mailing_queue_ids":[],"_links":{"self":[{"href":"https:\/\/xstyle.md\/ro\/wp-json\/wp\/v2\/product\/77773","targetHints":{"allow":["GET"]}}],"collection":[{"href":"https:\/\/xstyle.md\/ro\/wp-json\/wp\/v2\/product"}],"about":[{"href":"https:\/\/xstyle.md\/ro\/wp-json\/wp\/v2\/types\/product"}],"replies":[{"embeddable":true,"href":"https:\/\/xstyle.md\/ro\/wp-json\/wp\/v2\/comments?post=77773"}],"wp:featuredmedia":[{"embeddable":true,"href":"https:\/\/xstyle.md\/ro\/wp-json\/wp\/v2\/media\/78110"}],"wp:attachment":[{"href":"https:\/\/xstyle.md\/ro\/wp-json\/wp\/v2\/media?parent=77773"}],"wp:term":[{"taxonomy":"product_brand","embeddable":true,"href":"https:\/\/xstyle.md\/ro\/wp-json\/wp\/v2\/product_brand?post=77773"},{"taxonomy":"product_cat","embeddable":true,"href":"https:\/\/xstyle.md\/ro\/wp-json\/wp\/v2\/product_cat?post=77773"},{"taxonomy":"product_tag","embeddable":true,"href":"https:\/\/xstyle.md\/ro\/wp-json\/wp\/v2\/product_tag?post=77773"}],"curies":[{"name":"wp","href":"https:\/\/api.w.org\/{rel}","templated":true}]}}