{"id":77762,"date":"2023-12-27T17:53:46","date_gmt":"2023-12-27T14:53:46","guid":{"rendered":"https:\/\/xstyle.md\/?post_type=product&#038;p=77762"},"modified":"2026-02-10T13:53:35","modified_gmt":"2026-02-10T10:53:35","slug":"noski-accapi-sleep-iron","status":"publish","type":"product","link":"https:\/\/xstyle.md\/ro\/produs\/noski-accapi-sleep-iron\/","title":{"rendered":"\u0218osete Accapi Sleep Iron"},"content":{"rendered":"<p><\/p>\n<p><strong>Accapi Sleep Iron<\/strong>\u00a0 &#8212;\u00a0 sunt \u0219osete pentru dormit moi \u0219i confortabile, fabricate din l\u00e2n\u0103 Merino combinat\u0103 cu fibre care emit radia\u021bii infraro\u0219ii. Un somn lini\u0219tit depinde de reglarea eficient\u0103 a temperaturii corpului. C\u00e2nd picioarele se \u00eenc\u0103lzesc, creierul prime\u0219te un semnal c\u0103 corpul, prin vasodilata\u021bie, atinge temperatura necesar\u0103 pentru o r\u0103cire mai rapid\u0103 \u0219i pentru stimularea produc\u021biei de melatonin\u0103 \u2014 hormonul responsabil de ciclul somn-veghe, esen\u021bial pentru un somn de calitate.<\/p>\n<p>ACCAPI-FIR este o fibr\u0103 ob\u021binut\u0103 prin emisia de radia\u021bii infraro\u0219ii \u00een intervalul de frecven\u021b\u0103 5-20 \u03bcm. Aceasta accelereaz\u0103 procesele biochimice intra \u0219i extracelulare, absorb\u021bia nutrien\u021bilor esen\u021biali \u0219i eliminarea toxinelor. Datorit\u0103 acestui fapt, fibra ACCAPI-FIR cre\u0219te oxigenarea mu\u0219chilor, optimizeaz\u0103 termoreglarea \u0219i termogeneza, reduce timpul de recuperare \u0219i, prin activitatea sa bacteriostatic\u0103, previne apari\u021bia mirosurilor nepl\u0103cute.<\/p>\n<h3>Particularit\u0103\u021bi<\/h3>\n<ul>\n<li>Man\u0219et\u0103 \u00eengust\u0103 \u0219i elastic\u0103 &#8212; sub\u021bire, cu o pliere dubl\u0103 rezistent\u0103 la uzur\u0103.<\/li>\n<li>Model special antiderapant &#8212; previne alunecarea piciorului din \u0219oset\u0103 \u00een timpul somnului.<\/li>\n<li>Band\u0103 elastic\u0103 la glezn\u0103 &#8212; realizat\u0103 din fir de silicon pentru a preveni compresia.<\/li>\n<li>Cus\u0103turi ultra-plate &#8212; elimin\u0103 orice risc de frecare sau iritare.<\/li>\n<li>Micro-masaj plantar &#8212; fibra compact\u0103 de pe talp\u0103 formeaz\u0103 un fel de bran\u021b moale care asigur\u0103 un masaj u\u0219or.<\/li>\n<li>Design \u00een form\u0103 de Y &#8212; la nivelul degetelor \u0219i c\u0103lc\u00e2iului pentru a m\u0103ri volumul \u0219osetei, \u00eembun\u0103t\u0103\u021bind potrivirea \u0219i confortul.<\/li>\n<li>Textur\u0103 termic\u0103 &#8212; p\u0103streaz\u0103 c\u0103ldura \u0219i spore\u0219te puterea de \u00eenc\u0103lzire.<\/li>\n<\/ul>\n<h3>Caracteristici<\/h3>\n<ul>\n<li>Compozi\u021bie &#8212; 69% L\u00e2n\u0103 Merino, 20% Poliamid\u0103, 6% Silicon, 4% Poliester, 1% Elastan<\/li>\n<li>Destina\u021bie &#8212; pentru dormit<\/li>\n<li>Sezon &#8212; prim\u0103var\u0103 \/ iarn\u0103 \/ toamn\u0103<\/li>\n<li>Model &#8212; unisex<\/li>\n<\/ul>\n<p><\/p>\n<h3>Marca<\/h3>\n<p>\u043f\u0430\u043d\u0438\u044f Accapi \u044f\u0432\u043b\u044f\u0435\u0442\u0441\u044f \u043f\u0440\u0438\u043c\u0435\u0440\u043e\u043c \u0442\u043e\u0433\u043e, \u043a\u0430\u043a \u0441\u0442\u0430\u0440\u044b\u0435 \u0442\u0440\u0430\u0434\u0438\u0446\u0438\u0438 \u0438 \u043e\u043f\u044b\u0442 \u043f\u0440\u043e\u0448\u043b\u043e\u0433\u043e \u0436\u0438\u0432\u0443\u0442 \u0432 \u043f\u043e\u043b\u043d\u043e\u0439 \u0433\u0430\u0440\u043c\u043e\u043d\u0438\u0438 \u0441 \u0441\u0430\u043c\u044b\u043c\u0438 \u043f\u0435\u0440\u0435\u0434\u043e\u0432\u044b\u043c\u0438 \u0442\u0435\u0445\u043d\u043e\u043b\u043e\u0433\u0438\u044f\u043c\u0438 \u0438 \u0441\u043e\u0432\u0440\u0435\u043c\u0435\u043d\u043d\u044b\u043c \u043e\u0431\u043e\u0440\u0443\u0434\u043e\u0432\u0430\u043d\u0438\u0435\u043c. \u041e\u0441\u043d\u043e\u0432\u0430\u043d\u043d\u0430\u044f \u0432 1958 \u0433\u043e\u0434\u0443 \u0441\u0435\u043c\u044c\u0435\u0439 \u041a\u044c\u044f\u0440\u0443\u0442\u0442\u0438\u043d\u0438, \u043a\u043e\u0442\u043e\u0440\u0430\u044f \u0438\u0437\u043d\u0430\u0447\u0430\u043b\u044c\u043d\u043e \u0437\u0430\u043d\u0438\u043c\u0430\u043b\u0438\u0441\u044c \u043f\u0440\u043e\u0438\u0437\u0432\u043e\u0434\u0441\u0442\u0432\u043e\u043c \u043e\u0431\u044b\u0447\u043d\u044b\u0445 \u043d\u043e\u0441\u043a\u043e\u0432, \u0438 \u043d\u0430\u043a\u043e\u043f\u0438\u0432 \u0437\u043d\u0430\u0447\u0438\u0442\u0435\u043b\u044c\u043d\u044b\u0439 \u043e\u043f\u044b\u0442, \u0432 1994 \u0433\u043e\u0434\u0443 \u043d\u0430\u0447\u0430\u043b\u0430 \u0432\u044b\u043f\u0443\u0441\u043a\u0430\u0442\u044c \u0442\u0435\u0445\u043d\u043e\u043b\u043e\u0433\u0438\u0447\u043d\u044b\u0435 \u043d\u043e\u0441\u043a\u0438 \u0434\u043b\u044f \u0432\u0441\u0435\u0445 \u0432\u0438\u0434\u043e\u0432 \u0441\u043f\u043e\u0440\u0442\u0430. \u0418 \u0443\u0436\u0435 \u0442\u0440\u0438 \u043f\u043e\u043a\u043e\u043b\u0435\u043d\u0438\u044f \u043f\u043e\u0434\u0440\u044f\u0434 \u0438\u0437\u0433\u043e\u0442\u043e\u0432\u043b\u0435\u043d\u0438\u0435 \u0442\u0435\u0440\u043c\u043e\u0431\u0435\u043b\u044c\u044f \u044f\u0432\u043b\u044f\u0435\u0442\u0441\u044f \u0441\u0435\u043c\u0435\u0439\u043d\u044b\u043c \u0431\u0438\u0437\u043d\u0435\u0441\u043e\u043c, \u043a\u043e\u0442\u043e\u0440\u044b\u0439 \u0433\u0430\u0440\u0430\u043d\u0442\u0438\u0440\u0443\u0435\u0442 \u043f\u043e\u0441\u0442\u043e\u044f\u043d\u0441\u0442\u0432\u043e \u0432\u044b\u0441\u043e\u043a\u043e\u0433\u043e \u043a\u0430\u0447\u0435\u0441\u0442\u0432\u0430, \u0432\u0435\u0434\u044c \u0432\u0441\u0435 \u043c\u043e\u0434\u0435\u043b\u0438 \u043f\u0440\u043e\u0438\u0437\u0432\u043e\u0434\u044f\u0442\u0441\u044f \u043d\u0430 \u0441\u043e\u0431\u0441\u0442\u0432\u0435\u043d\u043d\u043e\u0439 \u0444\u0430\u0431\u0440\u0438\u043a\u0435 \u0432 \u0418\u0442\u0430\u043b\u0438\u0438. \u0412\u043d\u0435\u0434\u0440\u0435\u043d\u0438\u0435 \u043d\u043e\u0432\u044b\u0445 \u0442\u0435\u0445\u043d\u043e\u043b\u043e\u0433\u0438\u0439 \u0432 2006 \u0433\u043e\u0434\u0443 \u043f\u043e\u0437\u0432\u043e\u043b\u0438\u043b\u043e \u0440\u0430\u0441\u0448\u0438\u0440\u0438\u0442\u044c \u043b\u0438\u043d\u0435\u0439\u043a\u0443 \u043f\u0440\u043e\u0434\u0443\u043a\u0442\u0430 \u0438 \u043a\u0430\u0447\u0435\u0441\u0442\u0432\u0435\u043d\u043d\u043e \u043f\u0435\u0440\u0435\u0440\u0430\u0431\u043e\u0442\u0430\u0442\u044c \u0443\u0436\u0435 \u0438\u043c\u0435\u044e\u0449\u0438\u0435\u0441\u044f \u043c\u043e\u0434\u0435\u043b\u0438. \u041f\u0440\u0438 \u044d\u0442\u043e\u043c \u0446\u0435\u043d\u044b \u043d\u0430 Accapi \u043e\u0441\u0442\u0430\u043b\u043e\u0441\u044c \u043d\u0430 \u043f\u0440\u0435\u0436\u043d\u0435\u043c \u0443\u0440\u043e\u0432\u043d\u0435. \u0411\u0440\u0435\u043d\u0434 Accapi \u044f\u0432\u043b\u044f\u0435\u0442\u0441\u044f \u0441\u043f\u043e\u043d\u0441\u043e\u0440\u043e\u043c, \u0440\u0430\u0437\u043b\u0438\u0447\u043d\u044b\u0445 \u0441\u043f\u043e\u0440\u0442\u0441\u043c\u0435\u043d\u043e\u0432, \u0432 \u0448\u043e\u0441\u0441\u0435\u0439\u043d\u043e\u043c \u0432\u0435\u043b\u043e\u0441\u0438\u043f\u0435\u0434\u0435, \u043c\u043e\u0442\u043e\u0433\u043e\u043d\u043a\u0430\u0445, \u043b\u0435\u0433\u043a\u043e\u0439 \u0430\u0442\u043b\u0435\u0442\u0438\u043a\u0435, \u0433\u043e\u0440\u043d\u044b\u0445 \u043b\u044b\u0436\u0430\u0445, \u0432 \u0442\u043e\u043c \u0447\u0438\u0441\u043b\u0435 \u0438 \u043f\u0440\u0438\u0437\u0435\u0440\u043e\u0432 \u043e\u043b\u0438\u043c\u043f\u0438\u0439\u0441\u043a\u0438\u0445 \u0438\u0433\u0440.<\/p>","protected":false},"excerpt":{"rendered":"<p>\u0411\u0440\u0435\u043d\u0434 \u043f\u0430\u043d\u0438\u044f Accapi \u044f\u0432\u043b\u044f\u0435\u0442\u0441\u044f \u043f\u0440\u0438\u043c\u0435\u0440\u043e\u043c \u0442\u043e\u0433\u043e, \u043a\u0430\u043a \u0441\u0442\u0430\u0440\u044b\u0435 \u0442\u0440\u0430\u0434\u0438\u0446\u0438\u0438 \u0438 \u043e\u043f\u044b\u0442 \u043f\u0440\u043e\u0448\u043b\u043e\u0433\u043e \u0436\u0438\u0432\u0443\u0442 \u0432 \u043f\u043e\u043b\u043d\u043e\u0439 \u0433\u0430\u0440\u043c\u043e\u043d\u0438\u0438 \u0441 \u0441\u0430\u043c\u044b\u043c\u0438 \u043f\u0435\u0440\u0435\u0434\u043e\u0432\u044b\u043c\u0438 \u0442\u0435\u0445\u043d\u043e\u043b\u043e\u0433\u0438\u044f\u043c\u0438 \u0438 \u0441\u043e\u0432\u0440\u0435\u043c\u0435\u043d\u043d\u044b\u043c \u043e\u0431\u043e\u0440\u0443\u0434\u043e\u0432\u0430\u043d\u0438\u0435\u043c. \u041e\u0441\u043d\u043e\u0432\u0430\u043d\u043d\u0430\u044f \u0432 1958 \u0433\u043e\u0434\u0443 \u0441\u0435\u043c\u044c\u0435\u0439 \u041a\u044c\u044f\u0440\u0443\u0442\u0442\u0438\u043d\u0438, \u043a\u043e\u0442\u043e\u0440\u0430\u044f \u0438\u0437\u043d\u0430\u0447\u0430\u043b\u044c\u043d\u043e \u0437\u0430\u043d\u0438\u043c\u0430\u043b\u0438\u0441\u044c \u043f\u0440\u043e\u0438\u0437\u0432\u043e\u0434\u0441\u0442\u0432\u043e\u043c \u043e\u0431\u044b\u0447\u043d\u044b\u0445 \u043d\u043e\u0441\u043a\u043e\u0432, \u0438 \u043d\u0430\u043a\u043e\u043f\u0438\u0432 \u0437\u043d\u0430\u0447\u0438\u0442\u0435\u043b\u044c\u043d\u044b\u0439 \u043e\u043f\u044b\u0442, \u0432 1994 \u0433\u043e\u0434\u0443 \u043d\u0430\u0447\u0430\u043b\u0430 \u0432\u044b\u043f\u0443\u0441\u043a\u0430\u0442\u044c \u0442\u0435\u0445\u043d\u043e\u043b\u043e\u0433\u0438\u0447\u043d\u044b\u0435 \u043d\u043e\u0441\u043a\u0438 \u0434\u043b\u044f \u0432\u0441\u0435\u0445 \u0432\u0438\u0434\u043e\u0432 \u0441\u043f\u043e\u0440\u0442\u0430. \u0418 \u0443\u0436\u0435 \u0442\u0440\u0438 \u043f\u043e\u043a\u043e\u043b\u0435\u043d\u0438\u044f \u043f\u043e\u0434\u0440\u044f\u0434 [&hellip;]<\/p>\n","protected":false},"featured_media":78359,"comment_status":"open","ping_status":"closed","template":"","meta":{"_acf_changed":false,"inline_featured_image":false},"product_brand":[1407],"product_cat":[228],"product_tag":[],"class_list":{"0":"post-77762","1":"product","2":"type-product","3":"status-publish","4":"has-post-thumbnail","6":"product_brand-accapi","7":"product_cat-trekking-hiking-liners","9":"first","10":"instock","11":"shipping-taxable","12":"purchasable","13":"product-type-simple"},"acf":[],"yoast_head":"<!-- This site is optimized with the Yoast SEO plugin v27.4 - https:\/\/yoast.com\/product\/yoast-seo-wordpress\/ -->\n<title>\u041d\u043e\u0441\u043a\u0438 Accapi Sleep Iron - \u041c\u0430\u0433\u0430\u0437\u0438\u043d Xstyle<\/title>\n<meta name=\"description\" content=\"\u041d\u043e\u0441\u043a\u0438 Accapi Sleep Iron \u0438\u0437 69% \u043c\u0435\u0440\u0438\u043d\u043e\u0441\u043e\u0432\u043e\u0439 \u0448\u0435\u0440\u0441\u0442\u0438 \u043e\u0431\u0435\u0441\u043f\u0435\u0447\u0438\u0432\u0430\u044e\u0442 \u043a\u043e\u043c\u0444\u043e\u0440\u0442 \u0438 \u0442\u0435\u043f\u043b\u043e. \u0418\u0434\u0435\u0430\u043b\u044c\u043d\u044b \u0434\u043b\u044f \u0441\u043d\u0430 \u0438 \u043e\u0442\u0434\u044b\u0445\u0430. \u041f\u043e\u043f\u0440\u043e\u0431\u0443\u0439\u0442\u0435 \u0438\u0445 \u0443\u0436\u0435 \u0441\u0435\u0433\u043e\u0434\u043d\u044f!\" \/>\n<meta name=\"robots\" content=\"index, follow, max-snippet:-1, max-image-preview:large, max-video-preview:-1\" \/>\n<link rel=\"canonical\" href=\"https:\/\/xstyle.md\/ro\/produs\/noski-accapi-sleep-iron\/\" \/>\n<meta property=\"og:locale\" content=\"ro_RO\" \/>\n<meta property=\"og:type\" content=\"article\" \/>\n<meta property=\"og:title\" content=\"\u041d\u043e\u0441\u043a\u0438 Accapi Sleep Iron - \u041c\u0430\u0433\u0430\u0437\u0438\u043d Xstyle\" \/>\n<meta property=\"og:description\" content=\"\u041d\u043e\u0441\u043a\u0438 Accapi Sleep Iron \u0438\u0437 69% \u043c\u0435\u0440\u0438\u043d\u043e\u0441\u043e\u0432\u043e\u0439 \u0448\u0435\u0440\u0441\u0442\u0438 \u043e\u0431\u0435\u0441\u043f\u0435\u0447\u0438\u0432\u0430\u044e\u0442 \u043a\u043e\u043c\u0444\u043e\u0440\u0442 \u0438 \u0442\u0435\u043f\u043b\u043e. \u0418\u0434\u0435\u0430\u043b\u044c\u043d\u044b \u0434\u043b\u044f \u0441\u043d\u0430 \u0438 \u043e\u0442\u0434\u044b\u0445\u0430. \u041f\u043e\u043f\u0440\u043e\u0431\u0443\u0439\u0442\u0435 \u0438\u0445 \u0443\u0436\u0435 \u0441\u0435\u0433\u043e\u0434\u043d\u044f!\" \/>\n<meta property=\"og:url\" content=\"https:\/\/xstyle.md\/ro\/produs\/noski-accapi-sleep-iron\/\" \/>\n<meta property=\"og:site_name\" content=\"\u041c\u0430\u0433\u0430\u0437\u0438\u043d Xstyle\" \/>\n<meta property=\"article:publisher\" content=\"https:\/\/www.facebook.com\/xstylemd\" \/>\n<meta property=\"article:modified_time\" content=\"2026-02-10T10:53:35+00:00\" \/>\n<meta property=\"og:image\" content=\"https:\/\/xstyle.md\/wp-content\/uploads\/2023\/12\/accapi-sleep-iron.jpg\" \/>\n\t<meta property=\"og:image:width\" content=\"1200\" \/>\n\t<meta property=\"og:image:height\" content=\"1200\" \/>\n\t<meta property=\"og:image:type\" content=\"image\/jpeg\" \/>\n<meta name=\"twitter:card\" content=\"summary_large_image\" \/>\n<meta name=\"twitter:label1\" content=\"Pre\u021b\" \/>\n\t<meta name=\"twitter:data1\" content=\"850&nbsp;MDL\" \/>\n\t<meta name=\"twitter:label2\" content=\"Disponibilitate\" \/>\n\t<meta name=\"twitter:data2\" content=\"\u00cen stoc\" \/>\n<script type=\"application\/ld+json\" class=\"yoast-schema-graph\">{\"@context\":\"https:\\\/\\\/schema.org\",\"@graph\":[{\"@type\":\"WebPage\",\"@id\":\"https:\\\/\\\/xstyle.md\\\/product\\\/noski-accapi-sleep-iron\\\/\",\"url\":\"https:\\\/\\\/xstyle.md\\\/product\\\/noski-accapi-sleep-iron\\\/\",\"name\":\"\u041d\u043e\u0441\u043a\u0438 Accapi Sleep Iron - \u041c\u0430\u0433\u0430\u0437\u0438\u043d Xstyle\",\"isPartOf\":{\"@id\":\"https:\\\/\\\/xstyle.md\\\/#website\"},\"primaryImageOfPage\":{\"@id\":\"https:\\\/\\\/xstyle.md\\\/product\\\/noski-accapi-sleep-iron\\\/#primaryimage\"},\"image\":{\"@id\":\"https:\\\/\\\/xstyle.md\\\/product\\\/noski-accapi-sleep-iron\\\/#primaryimage\"},\"thumbnailUrl\":\"https:\\\/\\\/xstyle.md\\\/wp-content\\\/uploads\\\/2023\\\/12\\\/accapi-sleep-iron.jpg\",\"datePublished\":\"2023-12-27T14:53:46+00:00\",\"dateModified\":\"2026-02-10T10:53:35+00:00\",\"description\":\"\u041d\u043e\u0441\u043a\u0438 Accapi Sleep Iron \u0438\u0437 69% \u043c\u0435\u0440\u0438\u043d\u043e\u0441\u043e\u0432\u043e\u0439 \u0448\u0435\u0440\u0441\u0442\u0438 \u043e\u0431\u0435\u0441\u043f\u0435\u0447\u0438\u0432\u0430\u044e\u0442 \u043a\u043e\u043c\u0444\u043e\u0440\u0442 \u0438 \u0442\u0435\u043f\u043b\u043e. \u0418\u0434\u0435\u0430\u043b\u044c\u043d\u044b \u0434\u043b\u044f \u0441\u043d\u0430 \u0438 \u043e\u0442\u0434\u044b\u0445\u0430. \u041f\u043e\u043f\u0440\u043e\u0431\u0443\u0439\u0442\u0435 \u0438\u0445 \u0443\u0436\u0435 \u0441\u0435\u0433\u043e\u0434\u043d\u044f!\",\"breadcrumb\":{\"@id\":\"https:\\\/\\\/xstyle.md\\\/product\\\/noski-accapi-sleep-iron\\\/#breadcrumb\"},\"inLanguage\":\"ro-RO\",\"potentialAction\":[{\"@type\":\"ReadAction\",\"target\":[\"https:\\\/\\\/xstyle.md\\\/product\\\/noski-accapi-sleep-iron\\\/\"]}]},{\"@type\":\"ImageObject\",\"inLanguage\":\"ro-RO\",\"@id\":\"https:\\\/\\\/xstyle.md\\\/product\\\/noski-accapi-sleep-iron\\\/#primaryimage\",\"url\":\"https:\\\/\\\/xstyle.md\\\/wp-content\\\/uploads\\\/2023\\\/12\\\/accapi-sleep-iron.jpg\",\"contentUrl\":\"https:\\\/\\\/xstyle.md\\\/wp-content\\\/uploads\\\/2023\\\/12\\\/accapi-sleep-iron.jpg\",\"width\":1200,\"height\":1200,\"caption\":\"\u0422\u043e\u043d\u043a\u0438\u0435 \u043d\u043e\u0441\u043a\u0438 Accapi Sleep Iron \u0434\u043b\u044f \u0430\u043a\u0442\u0438\u0432\u043d\u043e\u0433\u043e \u043e\u0442\u0434\u044b\u0445\u0430, \u043f\u043e\u0445\u043e\u0434\u043e\u0432 \u0438 \u043f\u0443\u0442\u0435\u0448\u0435\u0441\u0442\u0432\u0438\u0439, \u043a\u043e\u043c\u0444\u043e\u0440\u0442\u043d\u0430\u044f \u043e\u0431\u0443\u0432\u044c \u0434\u043b\u044f \u0433\u043e\u0440\u043d\u044b\u0445 \u0438 \u043f\u0443\u0442\u0435\u0448\u0435\u0441\u0442\u0432\u0435\u043d\u043d\u0438\u0447\u0435\u0441\u043a\u0438\u0445 \u043f\u0440\u0438\u043a\u043b\u044e\u0447\u0435\u043d\u0438\u0439\"},{\"@type\":\"BreadcrumbList\",\"@id\":\"https:\\\/\\\/xstyle.md\\\/product\\\/noski-accapi-sleep-iron\\\/#breadcrumb\",\"itemListElement\":[{\"@type\":\"ListItem\",\"position\":1,\"name\":\"\u0413\u043b\u0430\u0432\u043d\u0430\u044f \u0441\u0442\u0440\u0430\u043d\u0438\u0446\u0430\",\"item\":\"https:\\\/\\\/xstyle.md\\\/\"},{\"@type\":\"ListItem\",\"position\":2,\"name\":\"\u041c\u0430\u0433\u0430\u0437\u0438\u043d\",\"item\":\"https:\\\/\\\/xstyle.md\\\/shop\\\/\"},{\"@type\":\"ListItem\",\"position\":3,\"name\":\"\u041d\u043e\u0441\u043a\u0438 Accapi Sleep Iron\"}]},{\"@type\":\"WebSite\",\"@id\":\"https:\\\/\\\/xstyle.md\\\/#website\",\"url\":\"https:\\\/\\\/xstyle.md\\\/\",\"name\":\"\u041c\u0430\u0433\u0430\u0437\u0438\u043d Xstyle\",\"description\":\"C\u043d\u0430\u0440\u044f\u0436\u0435\u043d\u0438\u0435 \u0434\u043b\u044f \u0442\u0443\u0440\u0438\u0437\u043c\u0430 \u0438 \u044d\u043a\u0441\u0442\u0440\u0435\u043c\u0430\u043b\u044c\u043d\u044b\u0445 \u0432\u0438\u0434\u043e\u0432 \u0441\u043f\u043e\u0440\u0442\u0430 \u0432 \u041c\u043e\u043b\u0434\u043e\u0432\u0435.. \u0426\u0435\u043d\u044b, \u0444\u043e\u0442\u043e, \u0445\u0430\u0440\u0430\u043a\u0442\u0435\u0440\u0438\u0441\u0442\u0438\u043a\u0438 \u0432 \u041c\u043e\u043b\u0434\u043e\u0432\u0435.\",\"publisher\":{\"@id\":\"https:\\\/\\\/xstyle.md\\\/#organization\"},\"alternateName\":\"X-Style\",\"potentialAction\":[{\"@type\":\"SearchAction\",\"target\":{\"@type\":\"EntryPoint\",\"urlTemplate\":\"https:\\\/\\\/xstyle.md\\\/?s={search_term_string}\"},\"query-input\":{\"@type\":\"PropertyValueSpecification\",\"valueRequired\":true,\"valueName\":\"search_term_string\"}}],\"inLanguage\":\"ro-RO\"},{\"@type\":\"Organization\",\"@id\":\"https:\\\/\\\/xstyle.md\\\/#organization\",\"name\":\"\u041c\u0430\u0433\u0430\u0437\u0438\u043d Xstyle\",\"alternateName\":\"x-style\",\"url\":\"https:\\\/\\\/xstyle.md\\\/\",\"logo\":{\"@type\":\"ImageObject\",\"inLanguage\":\"ro-RO\",\"@id\":\"https:\\\/\\\/xstyle.md\\\/#\\\/schema\\\/logo\\\/image\\\/\",\"url\":\"https:\\\/\\\/xstyle.md\\\/wp-content\\\/uploads\\\/2020\\\/06\\\/logoicon.svg\",\"contentUrl\":\"https:\\\/\\\/xstyle.md\\\/wp-content\\\/uploads\\\/2020\\\/06\\\/logoicon.svg\",\"caption\":\"\u041c\u0430\u0433\u0430\u0437\u0438\u043d Xstyle\"},\"image\":{\"@id\":\"https:\\\/\\\/xstyle.md\\\/#\\\/schema\\\/logo\\\/image\\\/\"},\"sameAs\":[\"https:\\\/\\\/www.facebook.com\\\/xstylemd\",\"https:\\\/\\\/www.instagram.com\\\/xstyle_md\\\/\",\"https:\\\/\\\/t.me\\\/xstyle_outdoor\"],\"hasMerchantReturnPolicy\":{\"@type\":\"MerchantReturnPolicy\",\"merchantReturnLink\":\"https:\\\/\\\/xstyle.md\\\/ro\\\/conditions\\\/\"}}]}<\/script>\n<meta property=\"product:price:amount\" content=\"850.00\" \/>\n<meta property=\"product:price:currency\" content=\"MDL\" \/>\n<meta property=\"og:availability\" content=\"instock\" \/>\n<meta property=\"product:availability\" content=\"instock\" \/>\n<meta property=\"product:retailer_item_id\" content=\"8058480288809\" \/>\n<meta property=\"product:condition\" content=\"new\" \/>\n<!-- \/ Yoast SEO plugin. -->","yoast_head_json":{"title":"Sosete Accapi Sleep Iron - Magazin Xstyle","description":"Sosetele Accapi Sleep Iron din 69% l\u00e2n\u0103 merinos ofer\u0103 confort \u0219i c\u0103ldur\u0103. Sunt ideale pentru somn \u0219i odihn\u0103. \u00cencerca\u021bi-le chiar ast\u0103zi!","robots":{"index":"index","follow":"follow","max-snippet":"max-snippet:-1","max-image-preview":"max-image-preview:large","max-video-preview":"max-video-preview:-1"},"canonical":"https:\/\/xstyle.md\/ro\/produs\/noski-accapi-sleep-iron\/","og_locale":"ro_RO","og_type":"article","og_title":"\u041d\u043e\u0441\u043a\u0438 Accapi Sleep Iron - \u041c\u0430\u0433\u0430\u0437\u0438\u043d Xstyle","og_description":"\u041d\u043e\u0441\u043a\u0438 Accapi Sleep Iron \u0438\u0437 69% \u043c\u0435\u0440\u0438\u043d\u043e\u0441\u043e\u0432\u043e\u0439 \u0448\u0435\u0440\u0441\u0442\u0438 \u043e\u0431\u0435\u0441\u043f\u0435\u0447\u0438\u0432\u0430\u044e\u0442 \u043a\u043e\u043c\u0444\u043e\u0440\u0442 \u0438 \u0442\u0435\u043f\u043b\u043e. \u0418\u0434\u0435\u0430\u043b\u044c\u043d\u044b \u0434\u043b\u044f \u0441\u043d\u0430 \u0438 \u043e\u0442\u0434\u044b\u0445\u0430. \u041f\u043e\u043f\u0440\u043e\u0431\u0443\u0439\u0442\u0435 \u0438\u0445 \u0443\u0436\u0435 \u0441\u0435\u0433\u043e\u0434\u043d\u044f!","og_url":"https:\/\/xstyle.md\/ro\/produs\/noski-accapi-sleep-iron\/","og_site_name":"\u041c\u0430\u0433\u0430\u0437\u0438\u043d Xstyle","article_publisher":"https:\/\/www.facebook.com\/xstylemd","article_modified_time":"2026-02-10T10:53:35+00:00","og_image":[{"width":1200,"height":1200,"url":"https:\/\/xstyle.md\/wp-content\/uploads\/2023\/12\/accapi-sleep-iron.jpg","type":"image\/jpeg"}],"twitter_card":"summary_large_image","twitter_misc":{"Pre\u021b":"850&nbsp;MDL","Disponibilitate":"\u00cen stoc"},"schema":{"@context":"https:\/\/schema.org","@graph":[{"@type":"WebPage","@id":"https:\/\/xstyle.md\/product\/noski-accapi-sleep-iron\/","url":"https:\/\/xstyle.md\/product\/noski-accapi-sleep-iron\/","name":"Sosete Accapi Sleep Iron - Magazin Xstyle","isPartOf":{"@id":"https:\/\/xstyle.md\/#website"},"primaryImageOfPage":{"@id":"https:\/\/xstyle.md\/product\/noski-accapi-sleep-iron\/#primaryimage"},"image":{"@id":"https:\/\/xstyle.md\/product\/noski-accapi-sleep-iron\/#primaryimage"},"thumbnailUrl":"https:\/\/xstyle.md\/wp-content\/uploads\/2023\/12\/accapi-sleep-iron.jpg","datePublished":"2023-12-27T14:53:46+00:00","dateModified":"2026-02-10T10:53:35+00:00","description":"Sosetele Accapi Sleep Iron din 69% l\u00e2n\u0103 merinos ofer\u0103 confort \u0219i c\u0103ldur\u0103. Sunt ideale pentru somn \u0219i odihn\u0103. \u00cencerca\u021bi-le chiar ast\u0103zi!","breadcrumb":{"@id":"https:\/\/xstyle.md\/product\/noski-accapi-sleep-iron\/#breadcrumb"},"inLanguage":"ro-RO","potentialAction":[{"@type":"ReadAction","target":["https:\/\/xstyle.md\/product\/noski-accapi-sleep-iron\/"]}]},{"@type":"ImageObject","inLanguage":"ro-RO","@id":"https:\/\/xstyle.md\/product\/noski-accapi-sleep-iron\/#primaryimage","url":"https:\/\/xstyle.md\/wp-content\/uploads\/2023\/12\/accapi-sleep-iron.jpg","contentUrl":"https:\/\/xstyle.md\/wp-content\/uploads\/2023\/12\/accapi-sleep-iron.jpg","width":1200,"height":1200,"caption":"\u0422\u043e\u043d\u043a\u0438\u0435 \u043d\u043e\u0441\u043a\u0438 Accapi Sleep Iron \u0434\u043b\u044f \u0430\u043a\u0442\u0438\u0432\u043d\u043e\u0433\u043e \u043e\u0442\u0434\u044b\u0445\u0430, \u043f\u043e\u0445\u043e\u0434\u043e\u0432 \u0438 \u043f\u0443\u0442\u0435\u0448\u0435\u0441\u0442\u0432\u0438\u0439, \u043a\u043e\u043c\u0444\u043e\u0440\u0442\u043d\u0430\u044f \u043e\u0431\u0443\u0432\u044c \u0434\u043b\u044f \u0433\u043e\u0440\u043d\u044b\u0445 \u0438 \u043f\u0443\u0442\u0435\u0448\u0435\u0441\u0442\u0432\u0435\u043d\u043d\u0438\u0447\u0435\u0441\u043a\u0438\u0445 \u043f\u0440\u0438\u043a\u043b\u044e\u0447\u0435\u043d\u0438\u0439"},{"@type":"BreadcrumbList","@id":"https:\/\/xstyle.md\/product\/noski-accapi-sleep-iron\/#breadcrumb","itemListElement":[{"@type":"ListItem","position":1,"name":"\u0413\u043b\u0430\u0432\u043d\u0430\u044f \u0441\u0442\u0440\u0430\u043d\u0438\u0446\u0430","item":"https:\/\/xstyle.md\/"},{"@type":"ListItem","position":2,"name":"\u041c\u0430\u0433\u0430\u0437\u0438\u043d","item":"https:\/\/xstyle.md\/shop\/"},{"@type":"ListItem","position":3,"name":"\u041d\u043e\u0441\u043a\u0438 Accapi Sleep Iron"}]},{"@type":"WebSite","@id":"https:\/\/xstyle.md\/#website","url":"https:\/\/xstyle.md\/","name":"Magazinul X-Style","description":"Echipamente pentru turism \u0219i sporturi extreme \u00een Moldova. Pre\u021buri, fotografii, caracteristici \u00een Moldova.","publisher":{"@id":"https:\/\/xstyle.md\/#organization"},"alternateName":"X-Style","potentialAction":[{"@type":"SearchAction","target":{"@type":"EntryPoint","urlTemplate":"https:\/\/xstyle.md\/?s={search_term_string}"},"query-input":{"@type":"PropertyValueSpecification","valueRequired":true,"valueName":"search_term_string"}}],"inLanguage":"ro-RO"},{"@type":"Organization","@id":"https:\/\/xstyle.md\/#organization","name":"Magazinul X-Style","alternateName":"x-style","url":"https:\/\/xstyle.md\/","logo":{"@type":"ImageObject","inLanguage":"ro-RO","@id":"https:\/\/xstyle.md\/#\/schema\/logo\/image\/","url":"https:\/\/xstyle.md\/wp-content\/uploads\/2020\/06\/logoicon.svg","contentUrl":"https:\/\/xstyle.md\/wp-content\/uploads\/2020\/06\/logoicon.svg","caption":"\u041c\u0430\u0433\u0430\u0437\u0438\u043d Xstyle"},"image":{"@id":"https:\/\/xstyle.md\/#\/schema\/logo\/image\/"},"sameAs":["https:\/\/www.facebook.com\/xstylemd","https:\/\/www.instagram.com\/xstyle_md\/","https:\/\/t.me\/xstyle_outdoor"],"hasMerchantReturnPolicy":{"@type":"MerchantReturnPolicy","merchantReturnLink":"https:\/\/xstyle.md\/ro\/conditions\/"}}]},"product_price_amount":"850.00","product_price_currency":"MDL","og_availability":"instock","product_availability":"instock","product_retailer_item_id":"8058480288809","product_condition":"new"},"_links":{"self":[{"href":"https:\/\/xstyle.md\/ro\/wp-json\/wp\/v2\/product\/77762","targetHints":{"allow":["GET"]}}],"collection":[{"href":"https:\/\/xstyle.md\/ro\/wp-json\/wp\/v2\/product"}],"about":[{"href":"https:\/\/xstyle.md\/ro\/wp-json\/wp\/v2\/types\/product"}],"replies":[{"embeddable":true,"href":"https:\/\/xstyle.md\/ro\/wp-json\/wp\/v2\/comments?post=77762"}],"wp:featuredmedia":[{"embeddable":true,"href":"https:\/\/xstyle.md\/ro\/wp-json\/wp\/v2\/media\/78359"}],"wp:attachment":[{"href":"https:\/\/xstyle.md\/ro\/wp-json\/wp\/v2\/media?parent=77762"}],"wp:term":[{"taxonomy":"product_brand","embeddable":true,"href":"https:\/\/xstyle.md\/ro\/wp-json\/wp\/v2\/product_brand?post=77762"},{"taxonomy":"product_cat","embeddable":true,"href":"https:\/\/xstyle.md\/ro\/wp-json\/wp\/v2\/product_cat?post=77762"},{"taxonomy":"product_tag","embeddable":true,"href":"https:\/\/xstyle.md\/ro\/wp-json\/wp\/v2\/product_tag?post=77762"}],"curies":[{"name":"wp","href":"https:\/\/api.w.org\/{rel}","templated":true}]}}