{"id":7760,"date":"2020-07-16T23:01:35","date_gmt":"2020-07-16T20:01:35","guid":{"rendered":"https:\/\/xstyle.md\/?post_type=product&#038;p=7760"},"modified":"2026-04-07T15:05:25","modified_gmt":"2026-04-07T12:05:25","slug":"ploskaja-skovoroda-robens-bighorn-3-legged-pan","status":"publish","type":"product","link":"https:\/\/xstyle.md\/ro\/produs\/ploskaja-skovoroda-robens-bighorn-3-legged-pan\/","title":{"rendered":"Tigaie plat\u0103 Robens Bighorn 3 Legged Pan"},"content":{"rendered":"<\/p>\n<p><strong>Robens Bighorn 3 Legged Pan <\/strong> &#8212; este o tigaie tradi\u021bional\u0103 pentru foc deschis.<\/p>\n<h3>Particularit\u0103\u021bi<\/h3>\n<ul>\n<li>Fabricat din o\u021bel forjat<\/li>\n<li>Trece tratament special pentru a cre\u0219te rezisten\u021ba la c\u0103ldur\u0103<\/li>\n<li>Proiectat pentru iubitorii de picnic \u00een natur\u0103, proprietari de case la sol, pentru cei c\u0103rora le place s\u0103 stea l\u00e2ng\u0103 foc \u0219i s\u0103 pr\u0103jeasc\u0103 m\u00e2nc\u0103ruri delicioase \u00een aer liber<\/li>\n<\/ul>\n<h3>Caracteristici<\/h3>\n<ul>\n<li>Dimensiuni &#8212; 48 x 44 x 23 centimetri (LxWxH)<\/li>\n<li>M\u0103rimea ambalajului &#8212; 48 x 44 x 4,5 cm<\/li>\n<li>Greutate &#8212; 5870 g<\/li>\n<\/ul>\n<p><\/p>\n<h3>Marca<\/h3>\n<p>Robens - este un brand european de renume, parte a grupului danez Oase Outdoors, specializat \u00een echipamente de camping pentru condi\u021bii extreme \u0219i aventuri montane. Produsele lor, de la corturi \u0219i saci de dormit p\u00e2n\u0103 la accesorii de g\u0103tit, sunt apreciate pentru fiabilitatea lor excep\u021bional\u0103, rezisten\u021ba la v\u00e2nt \u0219i designul func\u021bional care \u00eembin\u0103 performan\u021ba tehnic\u0103 cu un raport calitate-pre\u021b excelent.<\/p>","protected":false},"excerpt":{"rendered":"<p>Tigaie plat\u0103 Robens Bighorn 3 Legged Pan<\/p>","protected":false},"featured_media":7759,"comment_status":"open","ping_status":"closed","template":"","meta":{"_acf_changed":false,"inline_featured_image":false},"product_brand":[1329],"product_cat":[906],"product_tag":[],"class_list":{"0":"post-7760","1":"product","2":"type-product","3":"status-publish","4":"has-post-thumbnail","6":"product_brand-robens","7":"product_cat-campfire","9":"first","10":"instock","11":"shipping-taxable","12":"purchasable","13":"product-type-simple"},"acf":[],"yoast_head":"<!-- This site is optimized with the Yoast SEO plugin v27.4 - https:\/\/yoast.com\/product\/yoast-seo-wordpress\/ -->\n<title>\u041a\u043e\u0441\u0442\u0440\u043e\u0432\u0430\u044f \u0447\u0430\u0448\u0430 Robens Bighorn 3 Legged Pan - \u041c\u0430\u0433\u0430\u0437\u0438\u043d Xstyle<\/title>\n<meta name=\"description\" content=\"\u041a\u043e\u0441\u0442\u0440\u043e\u0432\u0430\u044f \u0447\u0430\u0448\u0430 Robens Bighorn 3 Legged Pan \u2014 \u0438\u0434\u0435\u0430\u043b\u044c\u043d\u044b\u0439 \u0432\u044b\u0431\u043e\u0440 \u0434\u043b\u044f \u043f\u0438\u043a\u043d\u0438\u043a\u043e\u0432 \u0438 \u043e\u0442\u0434\u044b\u0445\u0430 \u043d\u0430 \u043f\u0440\u0438\u0440\u043e\u0434\u0435. \u0418\u0437\u0433\u043e\u0442\u043e\u0432\u043b\u0435\u043d\u0430 \u0438\u0437 \u043f\u0440\u043e\u0447\u043d\u043e\u0439 \u0441\u0442\u0430\u043b\u0438, \u0443\u0441\u0442\u043e\u0439\u0447\u0438\u0432\u0430 \u043a \u0432\u044b\u0441\u043e\u043a\u0438\u0445 \u0442\u0435\u043c\u043f\u0435\u0440\u0430\u0442\u0443\u0440\u0430\u043c.\" \/>\n<meta name=\"robots\" content=\"index, follow, max-snippet:-1, max-image-preview:large, max-video-preview:-1\" \/>\n<link rel=\"canonical\" href=\"https:\/\/xstyle.md\/ro\/produs\/ploskaja-skovoroda-robens-bighorn-3-legged-pan\/\" \/>\n<meta property=\"og:locale\" content=\"ro_RO\" \/>\n<meta property=\"og:type\" content=\"article\" \/>\n<meta property=\"og:title\" content=\"\u041a\u043e\u0441\u0442\u0440\u043e\u0432\u0430\u044f \u0447\u0430\u0448\u0430 Robens Bighorn 3 Legged Pan - \u041c\u0430\u0433\u0430\u0437\u0438\u043d Xstyle\" \/>\n<meta property=\"og:description\" content=\"\u041a\u043e\u0441\u0442\u0440\u043e\u0432\u0430\u044f \u0447\u0430\u0448\u0430 Robens Bighorn 3 Legged Pan \u2014 \u0438\u0434\u0435\u0430\u043b\u044c\u043d\u044b\u0439 \u0432\u044b\u0431\u043e\u0440 \u0434\u043b\u044f \u043f\u0438\u043a\u043d\u0438\u043a\u043e\u0432 \u0438 \u043e\u0442\u0434\u044b\u0445\u0430 \u043d\u0430 \u043f\u0440\u0438\u0440\u043e\u0434\u0435. \u0418\u0437\u0433\u043e\u0442\u043e\u0432\u043b\u0435\u043d\u0430 \u0438\u0437 \u043f\u0440\u043e\u0447\u043d\u043e\u0439 \u0441\u0442\u0430\u043b\u0438, \u0443\u0441\u0442\u043e\u0439\u0447\u0438\u0432\u0430 \u043a \u0432\u044b\u0441\u043e\u043a\u0438\u0445 \u0442\u0435\u043c\u043f\u0435\u0440\u0430\u0442\u0443\u0440\u0430\u043c.\" \/>\n<meta property=\"og:url\" content=\"https:\/\/xstyle.md\/ro\/produs\/ploskaja-skovoroda-robens-bighorn-3-legged-pan\/\" \/>\n<meta property=\"og:site_name\" content=\"\u041c\u0430\u0433\u0430\u0437\u0438\u043d Xstyle\" \/>\n<meta property=\"article:publisher\" content=\"https:\/\/www.facebook.com\/xstylemd\" \/>\n<meta property=\"article:modified_time\" content=\"2026-04-07T12:05:25+00:00\" \/>\n<meta property=\"og:image\" content=\"https:\/\/xstyle.md\/wp-content\/uploads\/2020\/07\/9d-ff-c8-c1-53-f9-66-5d-4d-70-9a-6e-75-08-07-b8.jpg\" \/>\n\t<meta property=\"og:image:width\" content=\"1280\" \/>\n\t<meta property=\"og:image:height\" content=\"720\" \/>\n\t<meta property=\"og:image:type\" content=\"image\/jpeg\" \/>\n<meta name=\"twitter:card\" content=\"summary_large_image\" \/>\n<meta name=\"twitter:label1\" content=\"Pre\u021b\" \/>\n\t<meta name=\"twitter:data1\" content=\"1.470&nbsp;MDL\" \/>\n\t<meta name=\"twitter:label2\" content=\"Disponibilitate\" \/>\n\t<meta name=\"twitter:data2\" content=\"\u00cen stoc\" \/>\n<script type=\"application\/ld+json\" class=\"yoast-schema-graph\">{\"@context\":\"https:\\\/\\\/schema.org\",\"@graph\":[{\"@type\":\"WebPage\",\"@id\":\"https:\\\/\\\/xstyle.md\\\/product\\\/ploskaja-skovoroda-robens-bighorn-3-legged-pan\\\/\",\"url\":\"https:\\\/\\\/xstyle.md\\\/product\\\/ploskaja-skovoroda-robens-bighorn-3-legged-pan\\\/\",\"name\":\"\u041a\u043e\u0441\u0442\u0440\u043e\u0432\u0430\u044f \u0447\u0430\u0448\u0430 Robens Bighorn 3 Legged Pan - \u041c\u0430\u0433\u0430\u0437\u0438\u043d Xstyle\",\"isPartOf\":{\"@id\":\"https:\\\/\\\/xstyle.md\\\/#website\"},\"primaryImageOfPage\":{\"@id\":\"https:\\\/\\\/xstyle.md\\\/product\\\/ploskaja-skovoroda-robens-bighorn-3-legged-pan\\\/#primaryimage\"},\"image\":{\"@id\":\"https:\\\/\\\/xstyle.md\\\/product\\\/ploskaja-skovoroda-robens-bighorn-3-legged-pan\\\/#primaryimage\"},\"thumbnailUrl\":\"https:\\\/\\\/xstyle.md\\\/wp-content\\\/uploads\\\/2020\\\/07\\\/9d-ff-c8-c1-53-f9-66-5d-4d-70-9a-6e-75-08-07-b8.jpg\",\"datePublished\":\"2020-07-16T20:01:35+00:00\",\"dateModified\":\"2026-04-07T12:05:25+00:00\",\"description\":\"\u041a\u043e\u0441\u0442\u0440\u043e\u0432\u0430\u044f \u0447\u0430\u0448\u0430 Robens Bighorn 3 Legged Pan \u2014 \u0438\u0434\u0435\u0430\u043b\u044c\u043d\u044b\u0439 \u0432\u044b\u0431\u043e\u0440 \u0434\u043b\u044f \u043f\u0438\u043a\u043d\u0438\u043a\u043e\u0432 \u0438 \u043e\u0442\u0434\u044b\u0445\u0430 \u043d\u0430 \u043f\u0440\u0438\u0440\u043e\u0434\u0435. \u0418\u0437\u0433\u043e\u0442\u043e\u0432\u043b\u0435\u043d\u0430 \u0438\u0437 \u043f\u0440\u043e\u0447\u043d\u043e\u0439 \u0441\u0442\u0430\u043b\u0438, \u0443\u0441\u0442\u043e\u0439\u0447\u0438\u0432\u0430 \u043a \u0432\u044b\u0441\u043e\u043a\u0438\u0445 \u0442\u0435\u043c\u043f\u0435\u0440\u0430\u0442\u0443\u0440\u0430\u043c.\",\"breadcrumb\":{\"@id\":\"https:\\\/\\\/xstyle.md\\\/product\\\/ploskaja-skovoroda-robens-bighorn-3-legged-pan\\\/#breadcrumb\"},\"inLanguage\":\"ro-RO\",\"potentialAction\":[{\"@type\":\"ReadAction\",\"target\":[\"https:\\\/\\\/xstyle.md\\\/product\\\/ploskaja-skovoroda-robens-bighorn-3-legged-pan\\\/\"]}]},{\"@type\":\"ImageObject\",\"inLanguage\":\"ro-RO\",\"@id\":\"https:\\\/\\\/xstyle.md\\\/product\\\/ploskaja-skovoroda-robens-bighorn-3-legged-pan\\\/#primaryimage\",\"url\":\"https:\\\/\\\/xstyle.md\\\/wp-content\\\/uploads\\\/2020\\\/07\\\/9d-ff-c8-c1-53-f9-66-5d-4d-70-9a-6e-75-08-07-b8.jpg\",\"contentUrl\":\"https:\\\/\\\/xstyle.md\\\/wp-content\\\/uploads\\\/2020\\\/07\\\/9d-ff-c8-c1-53-f9-66-5d-4d-70-9a-6e-75-08-07-b8.jpg\",\"width\":1280,\"height\":720},{\"@type\":\"BreadcrumbList\",\"@id\":\"https:\\\/\\\/xstyle.md\\\/product\\\/ploskaja-skovoroda-robens-bighorn-3-legged-pan\\\/#breadcrumb\",\"itemListElement\":[{\"@type\":\"ListItem\",\"position\":1,\"name\":\"\u0413\u043b\u0430\u0432\u043d\u0430\u044f \u0441\u0442\u0440\u0430\u043d\u0438\u0446\u0430\",\"item\":\"https:\\\/\\\/xstyle.md\\\/\"},{\"@type\":\"ListItem\",\"position\":2,\"name\":\"\u041c\u0430\u0433\u0430\u0437\u0438\u043d\",\"item\":\"https:\\\/\\\/xstyle.md\\\/shop\\\/\"},{\"@type\":\"ListItem\",\"position\":3,\"name\":\"\u041a\u043e\u0441\u0442\u0440\u043e\u0432\u0430\u044f \u0447\u0430\u0448\u0430 Robens Bighorn 3 Legged Pan\"}]},{\"@type\":\"WebSite\",\"@id\":\"https:\\\/\\\/xstyle.md\\\/#website\",\"url\":\"https:\\\/\\\/xstyle.md\\\/\",\"name\":\"\u041c\u0430\u0433\u0430\u0437\u0438\u043d Xstyle\",\"description\":\"C\u043d\u0430\u0440\u044f\u0436\u0435\u043d\u0438\u0435 \u0434\u043b\u044f \u0442\u0443\u0440\u0438\u0437\u043c\u0430 \u0438 \u044d\u043a\u0441\u0442\u0440\u0435\u043c\u0430\u043b\u044c\u043d\u044b\u0445 \u0432\u0438\u0434\u043e\u0432 \u0441\u043f\u043e\u0440\u0442\u0430 \u0432 \u041c\u043e\u043b\u0434\u043e\u0432\u0435.. \u0426\u0435\u043d\u044b, \u0444\u043e\u0442\u043e, \u0445\u0430\u0440\u0430\u043a\u0442\u0435\u0440\u0438\u0441\u0442\u0438\u043a\u0438 \u0432 \u041c\u043e\u043b\u0434\u043e\u0432\u0435.\",\"publisher\":{\"@id\":\"https:\\\/\\\/xstyle.md\\\/#organization\"},\"alternateName\":\"X-Style\",\"potentialAction\":[{\"@type\":\"SearchAction\",\"target\":{\"@type\":\"EntryPoint\",\"urlTemplate\":\"https:\\\/\\\/xstyle.md\\\/?s={search_term_string}\"},\"query-input\":{\"@type\":\"PropertyValueSpecification\",\"valueRequired\":true,\"valueName\":\"search_term_string\"}}],\"inLanguage\":\"ro-RO\"},{\"@type\":\"Organization\",\"@id\":\"https:\\\/\\\/xstyle.md\\\/#organization\",\"name\":\"\u041c\u0430\u0433\u0430\u0437\u0438\u043d Xstyle\",\"alternateName\":\"x-style\",\"url\":\"https:\\\/\\\/xstyle.md\\\/\",\"logo\":{\"@type\":\"ImageObject\",\"inLanguage\":\"ro-RO\",\"@id\":\"https:\\\/\\\/xstyle.md\\\/#\\\/schema\\\/logo\\\/image\\\/\",\"url\":\"https:\\\/\\\/xstyle.md\\\/wp-content\\\/uploads\\\/2020\\\/06\\\/logoicon.svg\",\"contentUrl\":\"https:\\\/\\\/xstyle.md\\\/wp-content\\\/uploads\\\/2020\\\/06\\\/logoicon.svg\",\"caption\":\"\u041c\u0430\u0433\u0430\u0437\u0438\u043d Xstyle\"},\"image\":{\"@id\":\"https:\\\/\\\/xstyle.md\\\/#\\\/schema\\\/logo\\\/image\\\/\"},\"sameAs\":[\"https:\\\/\\\/www.facebook.com\\\/xstylemd\",\"https:\\\/\\\/www.instagram.com\\\/xstyle_md\\\/\",\"https:\\\/\\\/t.me\\\/xstyle_outdoor\"],\"hasMerchantReturnPolicy\":{\"@type\":\"MerchantReturnPolicy\",\"merchantReturnLink\":\"https:\\\/\\\/xstyle.md\\\/ro\\\/conditions\\\/\"}}]}<\/script>\n<meta property=\"product:price:amount\" content=\"1470.00\" \/>\n<meta property=\"product:price:currency\" content=\"MDL\" \/>\n<meta property=\"og:availability\" content=\"instock\" \/>\n<meta property=\"product:availability\" content=\"instock\" \/>\n<meta property=\"product:retailer_item_id\" content=\"5709388067470\" \/>\n<meta property=\"product:condition\" content=\"new\" \/>\n<!-- \/ Yoast SEO plugin. -->","yoast_head_json":{"title":"Tigaie plat\u0103 Robens Bighorn 3 Legged Pan - Magazin Xstyle","description":"Culoarea vasului pentru foc Robens Bighorn 3 Legged Pan \u2014 alegerea ideal\u0103 pentru picnicuri \u0219i relaxare \u00een natur\u0103. Fabricat din o\u021bel durabil, rezistent la temperaturi ridicate.","robots":{"index":"index","follow":"follow","max-snippet":"max-snippet:-1","max-image-preview":"max-image-preview:large","max-video-preview":"max-video-preview:-1"},"canonical":"https:\/\/xstyle.md\/ro\/produs\/ploskaja-skovoroda-robens-bighorn-3-legged-pan\/","og_locale":"ro_RO","og_type":"article","og_title":"\u041a\u043e\u0441\u0442\u0440\u043e\u0432\u0430\u044f \u0447\u0430\u0448\u0430 Robens Bighorn 3 Legged Pan - \u041c\u0430\u0433\u0430\u0437\u0438\u043d Xstyle","og_description":"\u041a\u043e\u0441\u0442\u0440\u043e\u0432\u0430\u044f \u0447\u0430\u0448\u0430 Robens Bighorn 3 Legged Pan \u2014 \u0438\u0434\u0435\u0430\u043b\u044c\u043d\u044b\u0439 \u0432\u044b\u0431\u043e\u0440 \u0434\u043b\u044f \u043f\u0438\u043a\u043d\u0438\u043a\u043e\u0432 \u0438 \u043e\u0442\u0434\u044b\u0445\u0430 \u043d\u0430 \u043f\u0440\u0438\u0440\u043e\u0434\u0435. \u0418\u0437\u0433\u043e\u0442\u043e\u0432\u043b\u0435\u043d\u0430 \u0438\u0437 \u043f\u0440\u043e\u0447\u043d\u043e\u0439 \u0441\u0442\u0430\u043b\u0438, \u0443\u0441\u0442\u043e\u0439\u0447\u0438\u0432\u0430 \u043a \u0432\u044b\u0441\u043e\u043a\u0438\u0445 \u0442\u0435\u043c\u043f\u0435\u0440\u0430\u0442\u0443\u0440\u0430\u043c.","og_url":"https:\/\/xstyle.md\/ro\/produs\/ploskaja-skovoroda-robens-bighorn-3-legged-pan\/","og_site_name":"\u041c\u0430\u0433\u0430\u0437\u0438\u043d Xstyle","article_publisher":"https:\/\/www.facebook.com\/xstylemd","article_modified_time":"2026-04-07T12:05:25+00:00","og_image":[{"width":1280,"height":720,"url":"https:\/\/xstyle.md\/wp-content\/uploads\/2020\/07\/9d-ff-c8-c1-53-f9-66-5d-4d-70-9a-6e-75-08-07-b8.jpg","type":"image\/jpeg"}],"twitter_card":"summary_large_image","twitter_misc":{"Pre\u021b":"1.470&nbsp;MDL","Disponibilitate":"\u00cen stoc"},"schema":{"@context":"https:\/\/schema.org","@graph":[{"@type":"WebPage","@id":"https:\/\/xstyle.md\/product\/ploskaja-skovoroda-robens-bighorn-3-legged-pan\/","url":"https:\/\/xstyle.md\/product\/ploskaja-skovoroda-robens-bighorn-3-legged-pan\/","name":"Tigaie plat\u0103 Robens Bighorn 3 Legged Pan - Magazin Xstyle","isPartOf":{"@id":"https:\/\/xstyle.md\/#website"},"primaryImageOfPage":{"@id":"https:\/\/xstyle.md\/product\/ploskaja-skovoroda-robens-bighorn-3-legged-pan\/#primaryimage"},"image":{"@id":"https:\/\/xstyle.md\/product\/ploskaja-skovoroda-robens-bighorn-3-legged-pan\/#primaryimage"},"thumbnailUrl":"https:\/\/xstyle.md\/wp-content\/uploads\/2020\/07\/9d-ff-c8-c1-53-f9-66-5d-4d-70-9a-6e-75-08-07-b8.jpg","datePublished":"2020-07-16T20:01:35+00:00","dateModified":"2026-04-07T12:05:25+00:00","description":"Culoarea vasului pentru foc Robens Bighorn 3 Legged Pan \u2014 alegerea ideal\u0103 pentru picnicuri \u0219i relaxare \u00een natur\u0103. Fabricat din o\u021bel durabil, rezistent la temperaturi ridicate.","breadcrumb":{"@id":"https:\/\/xstyle.md\/product\/ploskaja-skovoroda-robens-bighorn-3-legged-pan\/#breadcrumb"},"inLanguage":"ro-RO","potentialAction":[{"@type":"ReadAction","target":["https:\/\/xstyle.md\/product\/ploskaja-skovoroda-robens-bighorn-3-legged-pan\/"]}]},{"@type":"ImageObject","inLanguage":"ro-RO","@id":"https:\/\/xstyle.md\/product\/ploskaja-skovoroda-robens-bighorn-3-legged-pan\/#primaryimage","url":"https:\/\/xstyle.md\/wp-content\/uploads\/2020\/07\/9d-ff-c8-c1-53-f9-66-5d-4d-70-9a-6e-75-08-07-b8.jpg","contentUrl":"https:\/\/xstyle.md\/wp-content\/uploads\/2020\/07\/9d-ff-c8-c1-53-f9-66-5d-4d-70-9a-6e-75-08-07-b8.jpg","width":1280,"height":720},{"@type":"BreadcrumbList","@id":"https:\/\/xstyle.md\/product\/ploskaja-skovoroda-robens-bighorn-3-legged-pan\/#breadcrumb","itemListElement":[{"@type":"ListItem","position":1,"name":"\u0413\u043b\u0430\u0432\u043d\u0430\u044f \u0441\u0442\u0440\u0430\u043d\u0438\u0446\u0430","item":"https:\/\/xstyle.md\/"},{"@type":"ListItem","position":2,"name":"\u041c\u0430\u0433\u0430\u0437\u0438\u043d","item":"https:\/\/xstyle.md\/shop\/"},{"@type":"ListItem","position":3,"name":"\u041a\u043e\u0441\u0442\u0440\u043e\u0432\u0430\u044f \u0447\u0430\u0448\u0430 Robens Bighorn 3 Legged Pan"}]},{"@type":"WebSite","@id":"https:\/\/xstyle.md\/#website","url":"https:\/\/xstyle.md\/","name":"Magazinul X-Style","description":"Echipamente pentru turism \u0219i sporturi extreme \u00een Moldova. Pre\u021buri, fotografii, caracteristici \u00een Moldova.","publisher":{"@id":"https:\/\/xstyle.md\/#organization"},"alternateName":"X-Style","potentialAction":[{"@type":"SearchAction","target":{"@type":"EntryPoint","urlTemplate":"https:\/\/xstyle.md\/?s={search_term_string}"},"query-input":{"@type":"PropertyValueSpecification","valueRequired":true,"valueName":"search_term_string"}}],"inLanguage":"ro-RO"},{"@type":"Organization","@id":"https:\/\/xstyle.md\/#organization","name":"Magazinul X-Style","alternateName":"x-style","url":"https:\/\/xstyle.md\/","logo":{"@type":"ImageObject","inLanguage":"ro-RO","@id":"https:\/\/xstyle.md\/#\/schema\/logo\/image\/","url":"https:\/\/xstyle.md\/wp-content\/uploads\/2020\/06\/logoicon.svg","contentUrl":"https:\/\/xstyle.md\/wp-content\/uploads\/2020\/06\/logoicon.svg","caption":"\u041c\u0430\u0433\u0430\u0437\u0438\u043d Xstyle"},"image":{"@id":"https:\/\/xstyle.md\/#\/schema\/logo\/image\/"},"sameAs":["https:\/\/www.facebook.com\/xstylemd","https:\/\/www.instagram.com\/xstyle_md\/","https:\/\/t.me\/xstyle_outdoor"],"hasMerchantReturnPolicy":{"@type":"MerchantReturnPolicy","merchantReturnLink":"https:\/\/xstyle.md\/ro\/conditions\/"}}]},"product_price_amount":"1470.00","product_price_currency":"MDL","og_availability":"instock","product_availability":"instock","product_retailer_item_id":"5709388067470","product_condition":"new"},"_links":{"self":[{"href":"https:\/\/xstyle.md\/ro\/wp-json\/wp\/v2\/product\/7760","targetHints":{"allow":["GET"]}}],"collection":[{"href":"https:\/\/xstyle.md\/ro\/wp-json\/wp\/v2\/product"}],"about":[{"href":"https:\/\/xstyle.md\/ro\/wp-json\/wp\/v2\/types\/product"}],"replies":[{"embeddable":true,"href":"https:\/\/xstyle.md\/ro\/wp-json\/wp\/v2\/comments?post=7760"}],"wp:featuredmedia":[{"embeddable":true,"href":"https:\/\/xstyle.md\/ro\/wp-json\/wp\/v2\/media\/7759"}],"wp:attachment":[{"href":"https:\/\/xstyle.md\/ro\/wp-json\/wp\/v2\/media?parent=7760"}],"wp:term":[{"taxonomy":"product_brand","embeddable":true,"href":"https:\/\/xstyle.md\/ro\/wp-json\/wp\/v2\/product_brand?post=7760"},{"taxonomy":"product_cat","embeddable":true,"href":"https:\/\/xstyle.md\/ro\/wp-json\/wp\/v2\/product_cat?post=7760"},{"taxonomy":"product_tag","embeddable":true,"href":"https:\/\/xstyle.md\/ro\/wp-json\/wp\/v2\/product_tag?post=7760"}],"curies":[{"name":"wp","href":"https:\/\/api.w.org\/{rel}","templated":true}]}}