{"id":77480,"date":"2023-12-21T12:15:02","date_gmt":"2023-12-21T09:15:02","guid":{"rendered":"https:\/\/xstyle.md\/?post_type=product&#038;p=77480"},"modified":"2026-04-07T15:24:23","modified_gmt":"2026-04-07T12:24:23","slug":"suhoe-goryuchee-yate-solid-fuel-1000-g","status":"publish","type":"product","link":"https:\/\/xstyle.md\/ro\/produs\/suhoe-goryuchee-yate-solid-fuel-1000-g\/","title":{"rendered":"Combustibil uscat Yate Solid Fuel 1000 g"},"content":{"rendered":"<p><\/p>\n<p><strong>Yate Solid Fuel 1000 g<\/strong> &#8212; combustibil solid sub form\u0103 de tablete de etanol solidificat. Acesta reprezint\u0103 o surs\u0103 de c\u0103ldur\u0103 simpl\u0103, compact\u0103 \u0219i puternic\u0103. De regul\u0103, se utilizeaz\u0103 pentru \u00eenc\u0103lzirea sau prepararea hranei \u00een condi\u021bii de teren (outdoor). De asemenea, este potrivit pentru aprinderea focului \u00een sobe sau \u0219eminee.<\/p>\n<h3>Caracteristici<\/h3>\n<ul>\n<li>Material\u00a0 &#8212; etanol solid<\/li>\n<li>Greutate &#8212; 1000 g<\/li>\n<\/ul>\n<p><\/p>\n<h3>Marca<\/h3>\n<p>YATE a fost fondat\u0103 \u00een 1991 \u0219i ini\u021bial s-a axat doar pe sport, camping \u0219i activit\u0103\u021bi \u00een aer liber. \u00cen 1995, a \u00eenceput s\u0103 proceseze spum\u0103 de polietilen\u0103, extinz\u00e2ndu-\u0219i treptat \u0219i \u00eembun\u0103t\u0103\u021bindu-\u0219i produsele. Datorit\u0103 noilor tehnologii, produc\u021bia a \u00eenceput s\u0103 se dezvolte nu numai \u00een sport, ci \u0219i \u00een alte sectoare, cum ar fi produsele pentru industria auto \u0219i materialele de ambalare.<br \/>\n\u00cen domeniul sportului, marca este \u00eenc\u0103 axat\u0103 pe recreere activ\u0103 \u0219i fitness, unde principala gam\u0103 de produse const\u0103 \u00een covoare din spum\u0103 (karemats, covoare de yoga etc.). Din 2014, s-au implicat intens \u0219i \u00een dezvoltarea \u0219i produc\u021bia de \u021binte pentru tir cu arcul, bine\u00een\u021beles fabricate din spum\u0103 de polietilen\u0103.<\/p>","protected":false},"excerpt":{"rendered":"<p>\u0411\u0440\u0435\u043d\u0434 \u041a\u043e\u043c\u043f\u0430\u043d\u0438\u044f YATE \u0431\u044b\u043b\u0430 \u043e\u0441\u043d\u043e\u0432\u0430\u043d\u0430 \u0432 1991 \u0433\u043e\u0434\u0443 \u0438 \u0438\u0437\u043d\u0430\u0447\u0430\u043b\u044c\u043d\u043e \u043e\u0440\u0438\u0435\u043d\u0442\u0438\u0440\u043e\u0432\u0430\u043b\u0430\u0441\u044c \u0442\u043e\u043b\u044c\u043a\u043e \u043d\u0430 \u0434\u0435\u044f\u0442\u0435\u043b\u044c\u043d\u043e\u0441\u0442\u044c \u0432 \u0441\u0444\u0435\u0440\u0435 \u0441\u043f\u043e\u0440\u0442\u0430, \u043a\u0435\u043c\u043f\u0438\u043d\u0433\u0430 \u0438 \u0430\u043a\u0442\u0438\u0432\u043d\u043e\u0433\u043e \u043e\u0442\u0434\u044b\u0445\u0430. \u0421 1995 \u0433\u043e\u0434\u0430 \u043e\u043d\u0430 \u043d\u0430\u0447\u0430\u043b\u0430 \u0437\u0430\u043d\u0438\u043c\u0430\u0442\u044c\u0441\u044f \u043f\u0435\u0440\u0435\u0440\u0430\u0431\u043e\u0442\u043a\u043e\u0439 \u0432\u0441\u043f\u0435\u043d\u0435\u043d\u043d\u043e\u0433\u043e \u043f\u043e\u043b\u0438\u044d\u0442\u0438\u043b\u0435\u043d\u0430, \u043f\u043e\u0441\u0442\u0435\u043f\u0435\u043d\u043d\u043e \u0440\u0430\u0441\u0448\u0438\u0440\u044f\u044f \u0438 \u0443\u043b\u0443\u0447\u0448\u0430\u044f \u0441\u0432\u043e\u044e \u043f\u0440\u043e\u0434\u0443\u043a\u0446\u0438\u044e. \u0411\u043b\u0430\u0433\u043e\u0434\u0430\u0440\u044f \u043d\u043e\u0432\u044b\u043c \u0442\u0435\u0445\u043d\u043e\u043b\u043e\u0433\u0438\u044f\u043c \u043f\u0440\u043e\u0438\u0437\u0432\u043e\u0434\u0441\u0442\u0432\u043e \u0441\u0442\u0430\u043b\u043e \u0440\u0430\u0437\u0432\u0438\u0432\u0430\u0442\u044c\u0441\u044f \u043d\u0435 \u0442\u043e\u043b\u044c\u043a\u043e \u0432 \u0441\u043f\u043e\u0440\u0442\u0435, \u043d\u043e \u0438 \u0432 \u0434\u0440\u0443\u0433\u0438\u0445 \u043e\u0442\u0440\u0430\u0441\u043b\u044f\u0445, \u043d\u0430\u043f\u0440\u0438\u043c\u0435\u0440, \u043f\u0440\u043e\u0438\u0437\u0432\u043e\u0434\u0441\u0442\u0432\u043e \u043f\u0440\u043e\u0434\u0443\u043a\u0446\u0438\u0438 \u0434\u043b\u044f [&hellip;]<\/p>\n","protected":false},"featured_media":78047,"comment_status":"open","ping_status":"closed","template":"","meta":{"_acf_changed":false,"inline_featured_image":false},"product_brand":[1449],"product_cat":[147],"product_tag":[],"class_list":{"0":"post-77480","1":"product","2":"type-product","3":"status-publish","4":"has-post-thumbnail","6":"product_brand-yate","7":"product_cat-gas-bottles","9":"first","10":"instock","11":"shipping-taxable","12":"purchasable","13":"product-type-simple"},"acf":[],"yoast_head":"<!-- This site is optimized with the Yoast SEO plugin v27.4 - https:\/\/yoast.com\/product\/yoast-seo-wordpress\/ -->\n<title>\u0421\u0443\u0445\u043e\u0435 \u0433\u043e\u0440\u044e\u0447\u0435\u0435 Yate Solid Fuel 1000 g - \u041c\u0430\u0433\u0430\u0437\u0438\u043d Xstyle<\/title>\n<meta name=\"description\" content=\"\u0421\u0443\u0445\u043e\u0435 \u0433\u043e\u0440\u044e\u0447\u0435\u0435 Yate Solid Fuel 1000 \u0433 - \u044d\u0444\u0444\u0435\u043a\u0442\u0438\u0432\u043d\u043e\u0435 \u0442\u043e\u043f\u043b\u0438\u0432\u043e \u0434\u043b\u044f \u043a\u0435\u043c\u043f\u0438\u043d\u0433\u0430 \u0438 \u043f\u0438\u043a\u043d\u0438\u043a\u043e\u0432. \u0418\u0434\u0435\u0430\u043b\u044c\u043d\u043e \u043f\u043e\u0434\u0445\u043e\u0434\u0438\u0442 \u0434\u043b\u044f \u043f\u043e\u0434\u0434\u0435\u0440\u0436\u0430\u043d\u0438\u044f \u043e\u0433\u043d\u044f \u0432 \u043b\u044e\u0431\u044b\u0445 \u0443\u0441\u043b\u043e\u0432\u0438\u044f\u0445.\" \/>\n<meta name=\"robots\" content=\"index, follow, max-snippet:-1, max-image-preview:large, max-video-preview:-1\" \/>\n<link rel=\"canonical\" href=\"https:\/\/xstyle.md\/ro\/produs\/suhoe-goryuchee-yate-solid-fuel-1000-g\/\" \/>\n<meta property=\"og:locale\" content=\"ro_RO\" \/>\n<meta property=\"og:type\" content=\"article\" \/>\n<meta property=\"og:title\" content=\"\u0421\u0443\u0445\u043e\u0435 \u0433\u043e\u0440\u044e\u0447\u0435\u0435 Yate Solid Fuel 1000 g - \u041c\u0430\u0433\u0430\u0437\u0438\u043d Xstyle\" \/>\n<meta property=\"og:description\" content=\"\u0421\u0443\u0445\u043e\u0435 \u0433\u043e\u0440\u044e\u0447\u0435\u0435 Yate Solid Fuel 1000 \u0433 - \u044d\u0444\u0444\u0435\u043a\u0442\u0438\u0432\u043d\u043e\u0435 \u0442\u043e\u043f\u043b\u0438\u0432\u043e \u0434\u043b\u044f \u043a\u0435\u043c\u043f\u0438\u043d\u0433\u0430 \u0438 \u043f\u0438\u043a\u043d\u0438\u043a\u043e\u0432. \u0418\u0434\u0435\u0430\u043b\u044c\u043d\u043e \u043f\u043e\u0434\u0445\u043e\u0434\u0438\u0442 \u0434\u043b\u044f \u043f\u043e\u0434\u0434\u0435\u0440\u0436\u0430\u043d\u0438\u044f \u043e\u0433\u043d\u044f \u0432 \u043b\u044e\u0431\u044b\u0445 \u0443\u0441\u043b\u043e\u0432\u0438\u044f\u0445.\" \/>\n<meta property=\"og:url\" content=\"https:\/\/xstyle.md\/ro\/produs\/suhoe-goryuchee-yate-solid-fuel-1000-g\/\" \/>\n<meta property=\"og:site_name\" content=\"\u041c\u0430\u0433\u0430\u0437\u0438\u043d Xstyle\" \/>\n<meta property=\"article:publisher\" content=\"https:\/\/www.facebook.com\/xstylemd\" \/>\n<meta property=\"article:modified_time\" content=\"2026-04-07T12:24:23+00:00\" \/>\n<meta property=\"og:image\" content=\"https:\/\/xstyle.md\/wp-content\/uploads\/2023\/12\/yate-solid-fuel-1000-g.png\" \/>\n\t<meta property=\"og:image:width\" content=\"900\" \/>\n\t<meta property=\"og:image:height\" content=\"900\" \/>\n\t<meta property=\"og:image:type\" content=\"image\/png\" \/>\n<meta name=\"twitter:card\" content=\"summary_large_image\" \/>\n<meta name=\"twitter:label1\" content=\"Pre\u021b\" \/>\n\t<meta name=\"twitter:data1\" content=\"350&nbsp;MDL\" \/>\n\t<meta name=\"twitter:label2\" content=\"Disponibilitate\" \/>\n\t<meta name=\"twitter:data2\" content=\"\u00cen stoc\" \/>\n<script type=\"application\/ld+json\" class=\"yoast-schema-graph\">{\"@context\":\"https:\\\/\\\/schema.org\",\"@graph\":[{\"@type\":\"WebPage\",\"@id\":\"https:\\\/\\\/xstyle.md\\\/product\\\/suhoe-goryuchee-yate-solid-fuel-1000-g\\\/\",\"url\":\"https:\\\/\\\/xstyle.md\\\/product\\\/suhoe-goryuchee-yate-solid-fuel-1000-g\\\/\",\"name\":\"\u0421\u0443\u0445\u043e\u0435 \u0433\u043e\u0440\u044e\u0447\u0435\u0435 Yate Solid Fuel 1000 g - \u041c\u0430\u0433\u0430\u0437\u0438\u043d Xstyle\",\"isPartOf\":{\"@id\":\"https:\\\/\\\/xstyle.md\\\/#website\"},\"primaryImageOfPage\":{\"@id\":\"https:\\\/\\\/xstyle.md\\\/product\\\/suhoe-goryuchee-yate-solid-fuel-1000-g\\\/#primaryimage\"},\"image\":{\"@id\":\"https:\\\/\\\/xstyle.md\\\/product\\\/suhoe-goryuchee-yate-solid-fuel-1000-g\\\/#primaryimage\"},\"thumbnailUrl\":\"https:\\\/\\\/xstyle.md\\\/wp-content\\\/uploads\\\/2023\\\/12\\\/yate-solid-fuel-1000-g.png\",\"datePublished\":\"2023-12-21T09:15:02+00:00\",\"dateModified\":\"2026-04-07T12:24:23+00:00\",\"description\":\"\u0421\u0443\u0445\u043e\u0435 \u0433\u043e\u0440\u044e\u0447\u0435\u0435 Yate Solid Fuel 1000 \u0433 - \u044d\u0444\u0444\u0435\u043a\u0442\u0438\u0432\u043d\u043e\u0435 \u0442\u043e\u043f\u043b\u0438\u0432\u043e \u0434\u043b\u044f \u043a\u0435\u043c\u043f\u0438\u043d\u0433\u0430 \u0438 \u043f\u0438\u043a\u043d\u0438\u043a\u043e\u0432. \u0418\u0434\u0435\u0430\u043b\u044c\u043d\u043e \u043f\u043e\u0434\u0445\u043e\u0434\u0438\u0442 \u0434\u043b\u044f \u043f\u043e\u0434\u0434\u0435\u0440\u0436\u0430\u043d\u0438\u044f \u043e\u0433\u043d\u044f \u0432 \u043b\u044e\u0431\u044b\u0445 \u0443\u0441\u043b\u043e\u0432\u0438\u044f\u0445.\",\"breadcrumb\":{\"@id\":\"https:\\\/\\\/xstyle.md\\\/product\\\/suhoe-goryuchee-yate-solid-fuel-1000-g\\\/#breadcrumb\"},\"inLanguage\":\"ro-RO\",\"potentialAction\":[{\"@type\":\"ReadAction\",\"target\":[\"https:\\\/\\\/xstyle.md\\\/product\\\/suhoe-goryuchee-yate-solid-fuel-1000-g\\\/\"]}]},{\"@type\":\"ImageObject\",\"inLanguage\":\"ro-RO\",\"@id\":\"https:\\\/\\\/xstyle.md\\\/product\\\/suhoe-goryuchee-yate-solid-fuel-1000-g\\\/#primaryimage\",\"url\":\"https:\\\/\\\/xstyle.md\\\/wp-content\\\/uploads\\\/2023\\\/12\\\/yate-solid-fuel-1000-g.png\",\"contentUrl\":\"https:\\\/\\\/xstyle.md\\\/wp-content\\\/uploads\\\/2023\\\/12\\\/yate-solid-fuel-1000-g.png\",\"width\":900,\"height\":900,\"caption\":\"\u0422\u0443\u0440\u0438\u0441\u0442\u0438\u0447\u0435\u0441\u043a\u043e\u0435 \u043e\u0431\u043e\u0440\u0443\u0434\u043e\u0432\u0430\u043d\u0438\u0435 \u0434\u043b\u044f \u0430\u043a\u0442\u0438\u0432\u043d\u043e\u0433\u043e \u043e\u0442\u0434\u044b\u0445\u0430 \u0432\u043a\u043b\u044e\u0447\u0430\u044f \u0441\u0443\u0445\u043e\u0435 \u0433\u043e\u0440\u044e\u0447\u0435\u0435 Yate Solid Fuel 1000 \u0433 \u0434\u043b\u044f \u043f\u043e\u0445\u043e\u0434\u043e\u0432 \u0438 \u043f\u0443\u0442\u0435\u0448\u0435\u0441\u0442\u0432\u0438\u0439 | \u043e\u0434\u0435\u0436\u0434\u0430 \u043e\u0431\u0443\u0432\u044c \u0441\u043f\u043e\u0440\u0442\u0438\u0432\u043d\u044b\u0439 \u0438\u043d\u0432\u0435\u043d\u0442\u0430\u0440\u044c \u0434\u043b\u044f \u0445\u0430\u0439\u043a\u0438\u043d\u0433\u0430 \u0438 \u0430\u043b\u044c\u043f\u0438\u043d\u0438\u0437\u043c\u0430\"},{\"@type\":\"BreadcrumbList\",\"@id\":\"https:\\\/\\\/xstyle.md\\\/product\\\/suhoe-goryuchee-yate-solid-fuel-1000-g\\\/#breadcrumb\",\"itemListElement\":[{\"@type\":\"ListItem\",\"position\":1,\"name\":\"\u0413\u043b\u0430\u0432\u043d\u0430\u044f \u0441\u0442\u0440\u0430\u043d\u0438\u0446\u0430\",\"item\":\"https:\\\/\\\/xstyle.md\\\/\"},{\"@type\":\"ListItem\",\"position\":2,\"name\":\"\u041c\u0430\u0433\u0430\u0437\u0438\u043d\",\"item\":\"https:\\\/\\\/xstyle.md\\\/shop\\\/\"},{\"@type\":\"ListItem\",\"position\":3,\"name\":\"\u0421\u0443\u0445\u043e\u0435 \u0433\u043e\u0440\u044e\u0447\u0435\u0435 Yate Solid Fuel 1000 g\"}]},{\"@type\":\"WebSite\",\"@id\":\"https:\\\/\\\/xstyle.md\\\/#website\",\"url\":\"https:\\\/\\\/xstyle.md\\\/\",\"name\":\"\u041c\u0430\u0433\u0430\u0437\u0438\u043d Xstyle\",\"description\":\"C\u043d\u0430\u0440\u044f\u0436\u0435\u043d\u0438\u0435 \u0434\u043b\u044f \u0442\u0443\u0440\u0438\u0437\u043c\u0430 \u0438 \u044d\u043a\u0441\u0442\u0440\u0435\u043c\u0430\u043b\u044c\u043d\u044b\u0445 \u0432\u0438\u0434\u043e\u0432 \u0441\u043f\u043e\u0440\u0442\u0430 \u0432 \u041c\u043e\u043b\u0434\u043e\u0432\u0435.. \u0426\u0435\u043d\u044b, \u0444\u043e\u0442\u043e, \u0445\u0430\u0440\u0430\u043a\u0442\u0435\u0440\u0438\u0441\u0442\u0438\u043a\u0438 \u0432 \u041c\u043e\u043b\u0434\u043e\u0432\u0435.\",\"publisher\":{\"@id\":\"https:\\\/\\\/xstyle.md\\\/#organization\"},\"alternateName\":\"X-Style\",\"potentialAction\":[{\"@type\":\"SearchAction\",\"target\":{\"@type\":\"EntryPoint\",\"urlTemplate\":\"https:\\\/\\\/xstyle.md\\\/?s={search_term_string}\"},\"query-input\":{\"@type\":\"PropertyValueSpecification\",\"valueRequired\":true,\"valueName\":\"search_term_string\"}}],\"inLanguage\":\"ro-RO\"},{\"@type\":\"Organization\",\"@id\":\"https:\\\/\\\/xstyle.md\\\/#organization\",\"name\":\"\u041c\u0430\u0433\u0430\u0437\u0438\u043d Xstyle\",\"alternateName\":\"x-style\",\"url\":\"https:\\\/\\\/xstyle.md\\\/\",\"logo\":{\"@type\":\"ImageObject\",\"inLanguage\":\"ro-RO\",\"@id\":\"https:\\\/\\\/xstyle.md\\\/#\\\/schema\\\/logo\\\/image\\\/\",\"url\":\"https:\\\/\\\/xstyle.md\\\/wp-content\\\/uploads\\\/2020\\\/06\\\/logoicon.svg\",\"contentUrl\":\"https:\\\/\\\/xstyle.md\\\/wp-content\\\/uploads\\\/2020\\\/06\\\/logoicon.svg\",\"caption\":\"\u041c\u0430\u0433\u0430\u0437\u0438\u043d Xstyle\"},\"image\":{\"@id\":\"https:\\\/\\\/xstyle.md\\\/#\\\/schema\\\/logo\\\/image\\\/\"},\"sameAs\":[\"https:\\\/\\\/www.facebook.com\\\/xstylemd\",\"https:\\\/\\\/www.instagram.com\\\/xstyle_md\\\/\",\"https:\\\/\\\/t.me\\\/xstyle_outdoor\"],\"hasMerchantReturnPolicy\":{\"@type\":\"MerchantReturnPolicy\",\"merchantReturnLink\":\"https:\\\/\\\/xstyle.md\\\/ro\\\/conditions\\\/\"}}]}<\/script>\n<meta property=\"product:price:amount\" content=\"350.00\" \/>\n<meta property=\"product:price:currency\" content=\"MDL\" \/>\n<meta property=\"og:availability\" content=\"instock\" \/>\n<meta property=\"product:availability\" content=\"instock\" \/>\n<meta property=\"product:retailer_item_id\" content=\"8595053916962\" \/>\n<meta property=\"product:condition\" content=\"new\" \/>\n<!-- \/ Yoast SEO plugin. -->","yoast_head_json":{"title":"Combustibil solid uscat Yate 1000 g - Magazin Xstyle","description":"Combustibil solid Yate 1000 g - combustibil eficient pentru camping \u0219i picnicuri. Ideal pentru men\u021binerea focului \u00een orice condi\u021bii.","robots":{"index":"index","follow":"follow","max-snippet":"max-snippet:-1","max-image-preview":"max-image-preview:large","max-video-preview":"max-video-preview:-1"},"canonical":"https:\/\/xstyle.md\/ro\/produs\/suhoe-goryuchee-yate-solid-fuel-1000-g\/","og_locale":"ro_RO","og_type":"article","og_title":"\u0421\u0443\u0445\u043e\u0435 \u0433\u043e\u0440\u044e\u0447\u0435\u0435 Yate Solid Fuel 1000 g - \u041c\u0430\u0433\u0430\u0437\u0438\u043d Xstyle","og_description":"\u0421\u0443\u0445\u043e\u0435 \u0433\u043e\u0440\u044e\u0447\u0435\u0435 Yate Solid Fuel 1000 \u0433 - \u044d\u0444\u0444\u0435\u043a\u0442\u0438\u0432\u043d\u043e\u0435 \u0442\u043e\u043f\u043b\u0438\u0432\u043e \u0434\u043b\u044f \u043a\u0435\u043c\u043f\u0438\u043d\u0433\u0430 \u0438 \u043f\u0438\u043a\u043d\u0438\u043a\u043e\u0432. \u0418\u0434\u0435\u0430\u043b\u044c\u043d\u043e \u043f\u043e\u0434\u0445\u043e\u0434\u0438\u0442 \u0434\u043b\u044f \u043f\u043e\u0434\u0434\u0435\u0440\u0436\u0430\u043d\u0438\u044f \u043e\u0433\u043d\u044f \u0432 \u043b\u044e\u0431\u044b\u0445 \u0443\u0441\u043b\u043e\u0432\u0438\u044f\u0445.","og_url":"https:\/\/xstyle.md\/ro\/produs\/suhoe-goryuchee-yate-solid-fuel-1000-g\/","og_site_name":"\u041c\u0430\u0433\u0430\u0437\u0438\u043d Xstyle","article_publisher":"https:\/\/www.facebook.com\/xstylemd","article_modified_time":"2026-04-07T12:24:23+00:00","og_image":[{"width":900,"height":900,"url":"https:\/\/xstyle.md\/wp-content\/uploads\/2023\/12\/yate-solid-fuel-1000-g.png","type":"image\/png"}],"twitter_card":"summary_large_image","twitter_misc":{"Pre\u021b":"350&nbsp;MDL","Disponibilitate":"\u00cen stoc"},"schema":{"@context":"https:\/\/schema.org","@graph":[{"@type":"WebPage","@id":"https:\/\/xstyle.md\/product\/suhoe-goryuchee-yate-solid-fuel-1000-g\/","url":"https:\/\/xstyle.md\/product\/suhoe-goryuchee-yate-solid-fuel-1000-g\/","name":"Combustibil solid uscat Yate 1000 g - Magazin Xstyle","isPartOf":{"@id":"https:\/\/xstyle.md\/#website"},"primaryImageOfPage":{"@id":"https:\/\/xstyle.md\/product\/suhoe-goryuchee-yate-solid-fuel-1000-g\/#primaryimage"},"image":{"@id":"https:\/\/xstyle.md\/product\/suhoe-goryuchee-yate-solid-fuel-1000-g\/#primaryimage"},"thumbnailUrl":"https:\/\/xstyle.md\/wp-content\/uploads\/2023\/12\/yate-solid-fuel-1000-g.png","datePublished":"2023-12-21T09:15:02+00:00","dateModified":"2026-04-07T12:24:23+00:00","description":"Combustibil solid Yate 1000 g - combustibil eficient pentru camping \u0219i picnicuri. Ideal pentru men\u021binerea focului \u00een orice condi\u021bii.","breadcrumb":{"@id":"https:\/\/xstyle.md\/product\/suhoe-goryuchee-yate-solid-fuel-1000-g\/#breadcrumb"},"inLanguage":"ro-RO","potentialAction":[{"@type":"ReadAction","target":["https:\/\/xstyle.md\/product\/suhoe-goryuchee-yate-solid-fuel-1000-g\/"]}]},{"@type":"ImageObject","inLanguage":"ro-RO","@id":"https:\/\/xstyle.md\/product\/suhoe-goryuchee-yate-solid-fuel-1000-g\/#primaryimage","url":"https:\/\/xstyle.md\/wp-content\/uploads\/2023\/12\/yate-solid-fuel-1000-g.png","contentUrl":"https:\/\/xstyle.md\/wp-content\/uploads\/2023\/12\/yate-solid-fuel-1000-g.png","width":900,"height":900,"caption":"\u0422\u0443\u0440\u0438\u0441\u0442\u0438\u0447\u0435\u0441\u043a\u043e\u0435 \u043e\u0431\u043e\u0440\u0443\u0434\u043e\u0432\u0430\u043d\u0438\u0435 \u0434\u043b\u044f \u0430\u043a\u0442\u0438\u0432\u043d\u043e\u0433\u043e \u043e\u0442\u0434\u044b\u0445\u0430 \u0432\u043a\u043b\u044e\u0447\u0430\u044f \u0441\u0443\u0445\u043e\u0435 \u0433\u043e\u0440\u044e\u0447\u0435\u0435 Yate Solid Fuel 1000 \u0433 \u0434\u043b\u044f \u043f\u043e\u0445\u043e\u0434\u043e\u0432 \u0438 \u043f\u0443\u0442\u0435\u0448\u0435\u0441\u0442\u0432\u0438\u0439 | \u043e\u0434\u0435\u0436\u0434\u0430 \u043e\u0431\u0443\u0432\u044c \u0441\u043f\u043e\u0440\u0442\u0438\u0432\u043d\u044b\u0439 \u0438\u043d\u0432\u0435\u043d\u0442\u0430\u0440\u044c \u0434\u043b\u044f \u0445\u0430\u0439\u043a\u0438\u043d\u0433\u0430 \u0438 \u0430\u043b\u044c\u043f\u0438\u043d\u0438\u0437\u043c\u0430"},{"@type":"BreadcrumbList","@id":"https:\/\/xstyle.md\/product\/suhoe-goryuchee-yate-solid-fuel-1000-g\/#breadcrumb","itemListElement":[{"@type":"ListItem","position":1,"name":"\u0413\u043b\u0430\u0432\u043d\u0430\u044f \u0441\u0442\u0440\u0430\u043d\u0438\u0446\u0430","item":"https:\/\/xstyle.md\/"},{"@type":"ListItem","position":2,"name":"\u041c\u0430\u0433\u0430\u0437\u0438\u043d","item":"https:\/\/xstyle.md\/shop\/"},{"@type":"ListItem","position":3,"name":"\u0421\u0443\u0445\u043e\u0435 \u0433\u043e\u0440\u044e\u0447\u0435\u0435 Yate Solid Fuel 1000 g"}]},{"@type":"WebSite","@id":"https:\/\/xstyle.md\/#website","url":"https:\/\/xstyle.md\/","name":"Magazinul X-Style","description":"Echipamente pentru turism \u0219i sporturi extreme \u00een Moldova. Pre\u021buri, fotografii, caracteristici \u00een Moldova.","publisher":{"@id":"https:\/\/xstyle.md\/#organization"},"alternateName":"X-Style","potentialAction":[{"@type":"SearchAction","target":{"@type":"EntryPoint","urlTemplate":"https:\/\/xstyle.md\/?s={search_term_string}"},"query-input":{"@type":"PropertyValueSpecification","valueRequired":true,"valueName":"search_term_string"}}],"inLanguage":"ro-RO"},{"@type":"Organization","@id":"https:\/\/xstyle.md\/#organization","name":"Magazinul X-Style","alternateName":"x-style","url":"https:\/\/xstyle.md\/","logo":{"@type":"ImageObject","inLanguage":"ro-RO","@id":"https:\/\/xstyle.md\/#\/schema\/logo\/image\/","url":"https:\/\/xstyle.md\/wp-content\/uploads\/2020\/06\/logoicon.svg","contentUrl":"https:\/\/xstyle.md\/wp-content\/uploads\/2020\/06\/logoicon.svg","caption":"\u041c\u0430\u0433\u0430\u0437\u0438\u043d Xstyle"},"image":{"@id":"https:\/\/xstyle.md\/#\/schema\/logo\/image\/"},"sameAs":["https:\/\/www.facebook.com\/xstylemd","https:\/\/www.instagram.com\/xstyle_md\/","https:\/\/t.me\/xstyle_outdoor"],"hasMerchantReturnPolicy":{"@type":"MerchantReturnPolicy","merchantReturnLink":"https:\/\/xstyle.md\/ro\/conditions\/"}}]},"product_price_amount":"350.00","product_price_currency":"MDL","og_availability":"instock","product_availability":"instock","product_retailer_item_id":"8595053916962","product_condition":"new"},"post_mailing_queue_ids":[],"_links":{"self":[{"href":"https:\/\/xstyle.md\/ro\/wp-json\/wp\/v2\/product\/77480","targetHints":{"allow":["GET"]}}],"collection":[{"href":"https:\/\/xstyle.md\/ro\/wp-json\/wp\/v2\/product"}],"about":[{"href":"https:\/\/xstyle.md\/ro\/wp-json\/wp\/v2\/types\/product"}],"replies":[{"embeddable":true,"href":"https:\/\/xstyle.md\/ro\/wp-json\/wp\/v2\/comments?post=77480"}],"wp:featuredmedia":[{"embeddable":true,"href":"https:\/\/xstyle.md\/ro\/wp-json\/wp\/v2\/media\/78047"}],"wp:attachment":[{"href":"https:\/\/xstyle.md\/ro\/wp-json\/wp\/v2\/media?parent=77480"}],"wp:term":[{"taxonomy":"product_brand","embeddable":true,"href":"https:\/\/xstyle.md\/ro\/wp-json\/wp\/v2\/product_brand?post=77480"},{"taxonomy":"product_cat","embeddable":true,"href":"https:\/\/xstyle.md\/ro\/wp-json\/wp\/v2\/product_cat?post=77480"},{"taxonomy":"product_tag","embeddable":true,"href":"https:\/\/xstyle.md\/ro\/wp-json\/wp\/v2\/product_tag?post=77480"}],"curies":[{"name":"wp","href":"https:\/\/api.w.org\/{rel}","templated":true}]}}