{"id":77473,"date":"2023-12-21T12:15:00","date_gmt":"2023-12-21T09:15:00","guid":{"rendered":"https:\/\/xstyle.md\/?post_type=product&#038;p=77473"},"modified":"2026-03-04T12:33:31","modified_gmt":"2026-03-04T09:33:31","slug":"puhovik-reimatec-serkku-jr-thyme-green-2","status":"publish","type":"product","link":"https:\/\/xstyle.md\/ro\/produs\/puhovik-reimatec-serkku-jr-thyme-green-2\/","title":{"rendered":"Geac\u0103 cu puf Reimatec Serkku JR thyme green"},"content":{"rendered":"<\/p>\n<p><strong>Reimatec Serkku JR<\/strong> \u2013 aceast\u0103 geac\u0103 cu puf foarte c\u0103lduroas\u0103 pentru copii este fabricat\u0103 dintr-un material rezistent la v\u00e2nt \u0219i respirabil, care este totodat\u0103 complet impermeabil! Toate cus\u0103turile acestui model stilat sunt etan\u0219ate, garant\u00e2nd un confort maxim \u00een timpul plimb\u0103rilor de iarn\u0103, indiferent de vreme. Talia \u0219i tivul acestei jachete lungi sunt u\u0219or reglabile, permi\u021b\u00e2nd adaptarea perfect\u0103 pe siluet\u0103.<\/p>\n<p>Gluga deta\u0219abil\u0103 protejeaz\u0103 \u00eempotriva v\u00e2ntului t\u0103ios \u0219i este sigur\u0103 \u00een timpul jocurilor \u00een aer liber \u2013 capsele se desfac u\u0219or dac\u0103 gluga se aga\u021b\u0103 accidental de ceva. Geaca are o c\u0103ptu\u0219eal\u0103 neted\u0103, iar aspectul modern este completat de bordura elegant\u0103 din blan\u0103 artificial\u0103, care poate fi \u00eendep\u0103rtat\u0103 la dorin\u021b\u0103. Cele c\u00e2teva buzunare sunt ideale pentru a p\u0103stra obiecte importante, iar \u00een buzunarul cu clap\u0103 se afl\u0103 o bucl\u0103 ascuns\u0103 de care pute\u021bi ata\u0219a un reflector pentru o vizibilitate sporit\u0103. Aceast\u0103 geac\u0103 incredibil de c\u0103lduroas\u0103 este foarte u\u0219or de \u00eentre\u021binut datorit\u0103 suprafe\u021bei ce respinge apa \u0219i murd\u0103ria.<\/p>\n<h3>Particularit\u0103\u021bi<\/h3>\n<ul>\n<li>Toate cus\u0103turile sunt etan\u0219ate \u0219i impermeabile.<\/li>\n<li>Protec\u021bia BIONIC-FINISH\u00aeECO f\u0103r\u0103 fluorocarburi, care respinge apa \u0219i murd\u0103ria.<\/li>\n<li>Izola\u021bie din puf \u0219i pene (60%\/40%) cu putere de umplere Fill Power 550, certificat\u0103 conform standardului Responsible Down Standard.<\/li>\n<li>C\u0103ptu\u0219eal\u0103 neted\u0103 din poliester pentru o \u00eembr\u0103care u\u0219oar\u0103.<\/li>\n<li>Deta\u0219abil\u0103 \u0219i reglabil\u0103, cu bordur\u0103 din blan\u0103 artificial\u0103 deta\u0219abil\u0103.<\/li>\n<li>Man\u0219ete, talie \u0219i tiv reglabile pentru p\u0103strarea c\u0103ldurii.<\/li>\n<li>Buzunare la piept, buzunare cu fant\u0103 \u0219i un buzunar interior cu fermoar (pentru m\u0103rimile de la 116 \u00een sus).<\/li>\n<\/ul>\n<h3>Caracteristici<\/h3>\n<ul>\n<li>Material &#8212; 100% poliester, pelicul\u0103 din poliuretan<\/li>\n<li>Izola\u021bie termic\u0103 &#8212; puf Reima (60% puf, 40% pene), Fill Power 550<\/li>\n<li>Respirabilitate &#8212; 7.000 g \/ m\u00b2 \/ 24 h<\/li>\n<li>Impermeabilitate &#8212; 12.000 mm<\/li>\n<li>Sezon &#8212; Iarn\u0103<\/li>\n<\/ul>\n<h3>Tehnologii<\/h3>\n<ul>\n<li><strong>BIONIC-FINISH<\/strong>\u00ae <strong>ECO<\/strong> este un sistem unic \u0219i patentat care protejeaz\u0103 materialele textile \u00eempotriva apei \u0219i a altor influen\u021be externe. Acesta asigur\u0103 o protec\u021bie uniform\u0103 a fibrelor, f\u0103c\u00e2nd \u021bes\u0103tura mai rezistent\u0103 \u0219i mai durabil\u0103 la uzur\u0103. \u00cenveli\u0219ul are propriet\u0103\u021bi hidrofobe (respinge apa) \u0219i respirabile, protejeaz\u0103 \u00eempotriva murd\u0103riei \u0219i, \u00een plus, este hipoalergenic. Aceast\u0103 impregnare va permite materialului jachetei dumneavoastr\u0103 s\u0103 \u00ee\u0219i p\u0103streze propriet\u0103\u021bile ini\u021biale \u0219i aspectul impecabil pentru o perioad\u0103 lung\u0103 de timp.<\/li>\n<li><strong>Fill Power<\/strong> \u2013 este caracteristica ce descrie capacitatea unei mase determinate de puf de a umple un anumit volum. Sensul fizic al Fill Power este volumul exprimat \u00een inci cubi ocupat de o uncie de puf. Cu c\u00e2t acest indicator este mai mare, cu at\u00e2t calitatea pufului este considerat\u0103 superioar\u0103.<br \/>\n\u00cen echipamentele de tip Outdoor, se utilizeaz\u0103 puf cu o valoare Fill Power de cel pu\u021bin 550 de unit\u0103\u021bi, \u00een timp ce valorile de peste 650 de unit\u0103\u021bi sunt considerate foarte bune. Puful cu valori ridicate de Fill Power se distinge nu doar prin volumul mare pe unitatea de mas\u0103, ci \u0219i printr-o rezisten\u021b\u0103 termic\u0103 sporit\u0103 pe unitatea de grosime, comparativ cu valorile standard.<br \/>\n<\/li>\n<\/ul>\n<h3>Marca<\/h3>\n<p>Reima \u2014 lider mondial \u00een produc\u021bia de \u00eembr\u0103c\u0103minte func\u021bional\u0103 \u0219i \u00eenc\u0103l\u021b\u0103minte pentru copii pentru plimb\u0103ri active pe strad\u0103 \u00een orice vreme. Este asociat cu cea mai \u00eenalt\u0103 calitate \u0219i este v\u00e2ndut \u00een multe \u021b\u0103ri din \u00eentreaga lume. Principiile fundamentale ale designului sunt: func\u021bionalitate, siguran\u021b\u0103, fiabilitate \u0219i inova\u021bie. Reima satisface nevoile copiilor activi cu \u00eembr\u0103c\u0103minte exterioar\u0103 u\u0219oar\u0103, respirabil\u0103, cu o membran\u0103 care poate fi asortat\u0103 cu lenjerie termic\u0103 \u0219i lenjerie de corp.<\/p>\n<p>Misiunea principal\u0103 a m\u0103rcii este de a \u00eencuraja copiii s\u0103 descopere bucuria mi\u0219c\u0103rii, iar ideea de afaceri este aceea de a oferi copiilor activi cu v\u00e2rsta cuprins\u0103 \u00eentre 0 \u0219i 12 ani o garderob\u0103 cuprinz\u0103toare de calitate pentru orice anotimp.<\/p>","protected":false},"excerpt":{"rendered":"<p>\u0411\u0440\u0435\u043d\u0434 Reima \u2013 \u043c\u0438\u0440\u043e\u0432\u043e\u0439 \u043b\u0438\u0434\u0435\u0440 \u043f\u043e \u043f\u0440\u043e\u0438\u0437\u0432\u043e\u0434\u0441\u0442\u0432\u0443 \u0444\u0443\u043d\u043a\u0446\u0438\u043e\u043d\u0430\u043b\u044c\u043d\u043e\u0439 \u0434\u0435\u0442\u0441\u043a\u043e\u0439 \u043e\u0434\u0435\u0436\u0434\u044b \u0438 \u043e\u0431\u0443\u0432\u0438 \u0434\u043b\u044f \u0430\u043a\u0442\u0438\u0432\u043d\u044b\u0445 \u043f\u0440\u043e\u0433\u0443\u043b\u043e\u043a \u043d\u0430 \u0443\u043b\u0438\u0446\u0435 \u043f\u0440\u0438 \u043b\u044e\u0431\u043e\u0439 \u043f\u043e\u0433\u043e\u0434\u0435. \u041e\u043d \u0430\u0441\u0441\u043e\u0446\u0438\u0438\u0440\u0443\u0435\u0442\u0441\u044f \u0441 \u0432\u044b\u0441\u043e\u0447\u0430\u0439\u0448\u0438\u043c \u043a\u0430\u0447\u0435\u0441\u0442\u0432\u043e\u043c \u0438 \u0440\u0435\u0430\u043b\u0438\u0437\u0443\u044e\u0442\u0441\u044f \u0432\u043e \u043c\u043d\u043e\u0433\u0438\u0445 \u0441\u0442\u0440\u0430\u043d\u0430\u0445 \u043c\u0438\u0440\u0430. \u041e\u0441\u043d\u043e\u0432\u043e\u043f\u043e\u043b\u0430\u0433\u0430\u044e\u0449\u0438\u043c\u0438 \u043f\u0440\u0438\u043d\u0446\u0438\u043f\u0430\u043c\u0438 \u0434\u0438\u0437\u0430\u0439\u043d\u0430 \u044f\u0432\u043b\u044f\u044e\u0442\u0441\u044f: \u0444\u0443\u043d\u043a\u0446\u0438\u043e\u043d\u0430\u043b\u044c\u043d\u043e\u0441\u0442\u044c, \u0431\u0435\u0437\u043e\u043f\u0430\u0441\u043d\u043e\u0441\u0442\u044c, \u043d\u0430\u0434\u0435\u0436\u043d\u043e\u0441\u0442\u044c \u0438 \u043d\u043e\u0432\u0430\u0442\u043e\u0440\u0441\u0442\u0432\u043e. Reima \u043e\u0440\u0438\u0435\u043d\u0442\u0438\u0440\u0443\u0435\u0442\u0441\u044f \u043d\u0430 \u043f\u043e\u0442\u0440\u0435\u0431\u043d\u043e\u0441\u0442\u0438 \u0430\u043a\u0442\u0438\u0432\u043d\u044b\u0445 \u0434\u0435\u0442\u0435\u0439, \u0432\u044b\u043f\u0443\u0441\u043a\u0430\u044f \u043b\u0435\u0433\u043a\u0443\u044e, \u0434\u044b\u0448\u0430\u0449\u0443\u044e \u0432\u0435\u0440\u0445\u043d\u044e\u044e \u043e\u0434\u0435\u0436\u0434\u0443 \u0441 \u043c\u0435\u043c\u0431\u0440\u0430\u043d\u043e\u0439, \u043a \u043a\u043e\u0442\u043e\u0440\u043e\u0439 [&hellip;]<\/p>\n","protected":false},"featured_media":77661,"comment_status":"open","ping_status":"closed","template":"","meta":{"_acf_changed":false,"inline_featured_image":false},"product_brand":[1403],"product_cat":[308],"product_tag":[],"class_list":{"0":"post-77473","1":"product","2":"type-product","3":"status-publish","4":"has-post-thumbnail","6":"product_brand-reima","7":"product_cat-kid-jackets","9":"first","10":"instock","11":"shipping-taxable","12":"purchasable","13":"product-type-simple"},"acf":[],"yoast_head":"<!-- This site is optimized with the Yoast SEO plugin v27.4 - https:\/\/yoast.com\/product\/yoast-seo-wordpress\/ -->\n<title>\u041f\u0443\u0445\u043e\u0432\u0438\u043a Reimatec Serkku JR thyme green - \u041c\u0430\u0433\u0430\u0437\u0438\u043d Xstyle<\/title>\n<meta name=\"description\" content=\"\u041f\u0443\u0445\u043e\u0432\u0438\u043a Reimatec Serkku JR \u0446\u0432\u0435\u0442\u0430 thyme green \u043e\u0431\u0435\u0441\u043f\u0435\u0447\u0438\u0442 \u0442\u0435\u043f\u043b\u043e \u0438 \u043a\u043e\u043c\u0444\u043e\u0440\u0442. \u0422\u0435\u0445\u043d\u043e\u043b\u043e\u0433\u0438\u044f BIONICFINISH ECO, Fill Power 550 \u2013 \u0438\u0434\u0435\u0430\u043b\u044c\u043d\u044b\u0439 \u0432\u044b\u0431\u043e\u0440 \u0434\u043b\u044f \u0430\u043a\u0442\u0438\u0432\u043d\u044b\u0445 \u0434\u0435\u0442\u0435\u0439.\" \/>\n<meta name=\"robots\" content=\"index, follow, max-snippet:-1, max-image-preview:large, max-video-preview:-1\" \/>\n<link rel=\"canonical\" href=\"https:\/\/xstyle.md\/ro\/produs\/puhovik-reimatec-serkku-jr-thyme-green-2\/\" \/>\n<meta property=\"og:locale\" content=\"ro_RO\" \/>\n<meta property=\"og:type\" content=\"article\" \/>\n<meta property=\"og:title\" content=\"\u041f\u0443\u0445\u043e\u0432\u0438\u043a Reimatec Serkku JR thyme green - \u041c\u0430\u0433\u0430\u0437\u0438\u043d Xstyle\" \/>\n<meta property=\"og:description\" content=\"\u041f\u0443\u0445\u043e\u0432\u0438\u043a Reimatec Serkku JR \u0446\u0432\u0435\u0442\u0430 thyme green \u043e\u0431\u0435\u0441\u043f\u0435\u0447\u0438\u0442 \u0442\u0435\u043f\u043b\u043e \u0438 \u043a\u043e\u043c\u0444\u043e\u0440\u0442. \u0422\u0435\u0445\u043d\u043e\u043b\u043e\u0433\u0438\u044f BIONICFINISH ECO, Fill Power 550 \u2013 \u0438\u0434\u0435\u0430\u043b\u044c\u043d\u044b\u0439 \u0432\u044b\u0431\u043e\u0440 \u0434\u043b\u044f \u0430\u043a\u0442\u0438\u0432\u043d\u044b\u0445 \u0434\u0435\u0442\u0435\u0439.\" \/>\n<meta property=\"og:url\" content=\"https:\/\/xstyle.md\/ro\/produs\/puhovik-reimatec-serkku-jr-thyme-green-2\/\" \/>\n<meta property=\"og:site_name\" content=\"\u041c\u0430\u0433\u0430\u0437\u0438\u043d Xstyle\" \/>\n<meta property=\"article:publisher\" content=\"https:\/\/www.facebook.com\/xstylemd\" \/>\n<meta property=\"article:modified_time\" content=\"2026-03-04T09:33:31+00:00\" \/>\n<meta property=\"og:image\" content=\"https:\/\/xstyle.md\/wp-content\/uploads\/2023\/12\/reimatec-serkku-jr-thyme-green.jpg\" \/>\n\t<meta property=\"og:image:width\" content=\"1500\" \/>\n\t<meta property=\"og:image:height\" content=\"1500\" \/>\n\t<meta property=\"og:image:type\" content=\"image\/jpeg\" \/>\n<meta name=\"twitter:card\" content=\"summary_large_image\" \/>\n<meta name=\"twitter:label1\" content=\"Pre\u021b\" \/>\n\t<meta name=\"twitter:data1\" content=\"3.470&nbsp;MDL\" \/>\n\t<meta name=\"twitter:label2\" content=\"Disponibilitate\" \/>\n\t<meta name=\"twitter:data2\" content=\"\u00cen stoc\" \/>\n<script type=\"application\/ld+json\" class=\"yoast-schema-graph\">{\"@context\":\"https:\\\/\\\/schema.org\",\"@graph\":[{\"@type\":\"WebPage\",\"@id\":\"https:\\\/\\\/xstyle.md\\\/product\\\/puhovik-reimatec-serkku-jr-thyme-green-2\\\/\",\"url\":\"https:\\\/\\\/xstyle.md\\\/product\\\/puhovik-reimatec-serkku-jr-thyme-green-2\\\/\",\"name\":\"\u041f\u0443\u0445\u043e\u0432\u0438\u043a Reimatec Serkku JR thyme green - \u041c\u0430\u0433\u0430\u0437\u0438\u043d Xstyle\",\"isPartOf\":{\"@id\":\"https:\\\/\\\/xstyle.md\\\/#website\"},\"primaryImageOfPage\":{\"@id\":\"https:\\\/\\\/xstyle.md\\\/product\\\/puhovik-reimatec-serkku-jr-thyme-green-2\\\/#primaryimage\"},\"image\":{\"@id\":\"https:\\\/\\\/xstyle.md\\\/product\\\/puhovik-reimatec-serkku-jr-thyme-green-2\\\/#primaryimage\"},\"thumbnailUrl\":\"https:\\\/\\\/xstyle.md\\\/wp-content\\\/uploads\\\/2023\\\/12\\\/reimatec-serkku-jr-thyme-green.jpg\",\"datePublished\":\"2023-12-21T09:15:00+00:00\",\"dateModified\":\"2026-03-04T09:33:31+00:00\",\"description\":\"\u041f\u0443\u0445\u043e\u0432\u0438\u043a Reimatec Serkku JR \u0446\u0432\u0435\u0442\u0430 thyme green \u043e\u0431\u0435\u0441\u043f\u0435\u0447\u0438\u0442 \u0442\u0435\u043f\u043b\u043e \u0438 \u043a\u043e\u043c\u0444\u043e\u0440\u0442. \u0422\u0435\u0445\u043d\u043e\u043b\u043e\u0433\u0438\u044f BIONICFINISH ECO, Fill Power 550 \u2013 \u0438\u0434\u0435\u0430\u043b\u044c\u043d\u044b\u0439 \u0432\u044b\u0431\u043e\u0440 \u0434\u043b\u044f \u0430\u043a\u0442\u0438\u0432\u043d\u044b\u0445 \u0434\u0435\u0442\u0435\u0439.\",\"breadcrumb\":{\"@id\":\"https:\\\/\\\/xstyle.md\\\/product\\\/puhovik-reimatec-serkku-jr-thyme-green-2\\\/#breadcrumb\"},\"inLanguage\":\"ro-RO\",\"potentialAction\":[{\"@type\":\"ReadAction\",\"target\":[\"https:\\\/\\\/xstyle.md\\\/product\\\/puhovik-reimatec-serkku-jr-thyme-green-2\\\/\"]}]},{\"@type\":\"ImageObject\",\"inLanguage\":\"ro-RO\",\"@id\":\"https:\\\/\\\/xstyle.md\\\/product\\\/puhovik-reimatec-serkku-jr-thyme-green-2\\\/#primaryimage\",\"url\":\"https:\\\/\\\/xstyle.md\\\/wp-content\\\/uploads\\\/2023\\\/12\\\/reimatec-serkku-jr-thyme-green.jpg\",\"contentUrl\":\"https:\\\/\\\/xstyle.md\\\/wp-content\\\/uploads\\\/2023\\\/12\\\/reimatec-serkku-jr-thyme-green.jpg\",\"width\":1500,\"height\":1500,\"caption\":\"\u041f\u0443\u0445\u043e\u0432\u0438\u043a Reimatec Serkku JR \u0432 \u0437\u0435\u043b\u0435\u043d\u043e\u043c \u0446\u0432\u0435\u0442\u0435 \u0434\u043b\u044f \u0430\u043a\u0442\u0438\u0432\u043d\u043e\u0433\u043e \u043e\u0442\u0434\u044b\u0445\u0430, \u0443\u043b\u0438\u0447\u043d\u043e\u0439 \u043e\u0434\u0435\u0436\u0434\u044b, \u043f\u043e\u0445\u043e\u0434\u043e\u0432 \u0438 \u043f\u0443\u0442\u0435\u0448\u0435\u0441\u0442\u0432\u0438\u0439 \u043d\u0430 \u0441\u0430\u0439\u0442\u0435 \u043e\u043d\u043b\u0430\u0439\u043d-\u043c\u0430\u0433\u0430\u0437\u0438\u043d\u0430 \u0442\u043e\u0432\u0430\u0440\u043e\u0432 \u0434\u043b\u044f \u0430\u043a\u0442\u0438\u0432\u043d\u043e\u0439 \u0436\u0438\u0437\u043d\u0438\"},{\"@type\":\"BreadcrumbList\",\"@id\":\"https:\\\/\\\/xstyle.md\\\/product\\\/puhovik-reimatec-serkku-jr-thyme-green-2\\\/#breadcrumb\",\"itemListElement\":[{\"@type\":\"ListItem\",\"position\":1,\"name\":\"\u0413\u043b\u0430\u0432\u043d\u0430\u044f \u0441\u0442\u0440\u0430\u043d\u0438\u0446\u0430\",\"item\":\"https:\\\/\\\/xstyle.md\\\/\"},{\"@type\":\"ListItem\",\"position\":2,\"name\":\"\u041c\u0430\u0433\u0430\u0437\u0438\u043d\",\"item\":\"https:\\\/\\\/xstyle.md\\\/shop\\\/\"},{\"@type\":\"ListItem\",\"position\":3,\"name\":\"\u041f\u0443\u0445\u043e\u0432\u0438\u043a Reimatec Serkku JR thyme green\"}]},{\"@type\":\"WebSite\",\"@id\":\"https:\\\/\\\/xstyle.md\\\/#website\",\"url\":\"https:\\\/\\\/xstyle.md\\\/\",\"name\":\"\u041c\u0430\u0433\u0430\u0437\u0438\u043d Xstyle\",\"description\":\"C\u043d\u0430\u0440\u044f\u0436\u0435\u043d\u0438\u0435 \u0434\u043b\u044f \u0442\u0443\u0440\u0438\u0437\u043c\u0430 \u0438 \u044d\u043a\u0441\u0442\u0440\u0435\u043c\u0430\u043b\u044c\u043d\u044b\u0445 \u0432\u0438\u0434\u043e\u0432 \u0441\u043f\u043e\u0440\u0442\u0430 \u0432 \u041c\u043e\u043b\u0434\u043e\u0432\u0435.. \u0426\u0435\u043d\u044b, \u0444\u043e\u0442\u043e, \u0445\u0430\u0440\u0430\u043a\u0442\u0435\u0440\u0438\u0441\u0442\u0438\u043a\u0438 \u0432 \u041c\u043e\u043b\u0434\u043e\u0432\u0435.\",\"publisher\":{\"@id\":\"https:\\\/\\\/xstyle.md\\\/#organization\"},\"alternateName\":\"X-Style\",\"potentialAction\":[{\"@type\":\"SearchAction\",\"target\":{\"@type\":\"EntryPoint\",\"urlTemplate\":\"https:\\\/\\\/xstyle.md\\\/?s={search_term_string}\"},\"query-input\":{\"@type\":\"PropertyValueSpecification\",\"valueRequired\":true,\"valueName\":\"search_term_string\"}}],\"inLanguage\":\"ro-RO\"},{\"@type\":\"Organization\",\"@id\":\"https:\\\/\\\/xstyle.md\\\/#organization\",\"name\":\"\u041c\u0430\u0433\u0430\u0437\u0438\u043d Xstyle\",\"alternateName\":\"x-style\",\"url\":\"https:\\\/\\\/xstyle.md\\\/\",\"logo\":{\"@type\":\"ImageObject\",\"inLanguage\":\"ro-RO\",\"@id\":\"https:\\\/\\\/xstyle.md\\\/#\\\/schema\\\/logo\\\/image\\\/\",\"url\":\"https:\\\/\\\/xstyle.md\\\/wp-content\\\/uploads\\\/2020\\\/06\\\/logoicon.svg\",\"contentUrl\":\"https:\\\/\\\/xstyle.md\\\/wp-content\\\/uploads\\\/2020\\\/06\\\/logoicon.svg\",\"caption\":\"\u041c\u0430\u0433\u0430\u0437\u0438\u043d Xstyle\"},\"image\":{\"@id\":\"https:\\\/\\\/xstyle.md\\\/#\\\/schema\\\/logo\\\/image\\\/\"},\"sameAs\":[\"https:\\\/\\\/www.facebook.com\\\/xstylemd\",\"https:\\\/\\\/www.instagram.com\\\/xstyle_md\\\/\",\"https:\\\/\\\/t.me\\\/xstyle_outdoor\"],\"hasMerchantReturnPolicy\":{\"@type\":\"MerchantReturnPolicy\",\"merchantReturnLink\":\"https:\\\/\\\/xstyle.md\\\/ro\\\/conditions\\\/\"}}]}<\/script>\n<meta property=\"product:price:amount\" content=\"3470.00\" \/>\n<meta property=\"product:price:currency\" content=\"MDL\" \/>\n<meta property=\"og:availability\" content=\"instock\" \/>\n<meta property=\"product:availability\" content=\"instock\" \/>\n<meta property=\"product:retailer_item_id\" content=\"6438429863182\" \/>\n<meta property=\"product:condition\" content=\"new\" \/>\n<!-- \/ Yoast SEO plugin. -->","yoast_head_json":{"title":"Pufos Reimatec Serkku JR verde m\u0103sliniu - Magazin Xstyle","description":"Jacheta Reimatec Serkku JR de culoare thyme green va asigura c\u0103ldur\u0103 \u0219i confort. Tehnologia BIONICFINISH ECO, Fill Power 550 \u2013 alegerea ideal\u0103 pentru copiii activi.","robots":{"index":"index","follow":"follow","max-snippet":"max-snippet:-1","max-image-preview":"max-image-preview:large","max-video-preview":"max-video-preview:-1"},"canonical":"https:\/\/xstyle.md\/ro\/produs\/puhovik-reimatec-serkku-jr-thyme-green-2\/","og_locale":"ro_RO","og_type":"article","og_title":"\u041f\u0443\u0445\u043e\u0432\u0438\u043a Reimatec Serkku JR thyme green - \u041c\u0430\u0433\u0430\u0437\u0438\u043d Xstyle","og_description":"\u041f\u0443\u0445\u043e\u0432\u0438\u043a Reimatec Serkku JR \u0446\u0432\u0435\u0442\u0430 thyme green \u043e\u0431\u0435\u0441\u043f\u0435\u0447\u0438\u0442 \u0442\u0435\u043f\u043b\u043e \u0438 \u043a\u043e\u043c\u0444\u043e\u0440\u0442. \u0422\u0435\u0445\u043d\u043e\u043b\u043e\u0433\u0438\u044f BIONICFINISH ECO, Fill Power 550 \u2013 \u0438\u0434\u0435\u0430\u043b\u044c\u043d\u044b\u0439 \u0432\u044b\u0431\u043e\u0440 \u0434\u043b\u044f \u0430\u043a\u0442\u0438\u0432\u043d\u044b\u0445 \u0434\u0435\u0442\u0435\u0439.","og_url":"https:\/\/xstyle.md\/ro\/produs\/puhovik-reimatec-serkku-jr-thyme-green-2\/","og_site_name":"\u041c\u0430\u0433\u0430\u0437\u0438\u043d Xstyle","article_publisher":"https:\/\/www.facebook.com\/xstylemd","article_modified_time":"2026-03-04T09:33:31+00:00","og_image":[{"width":1500,"height":1500,"url":"https:\/\/xstyle.md\/wp-content\/uploads\/2023\/12\/reimatec-serkku-jr-thyme-green.jpg","type":"image\/jpeg"}],"twitter_card":"summary_large_image","twitter_misc":{"Pre\u021b":"3.470&nbsp;MDL","Disponibilitate":"\u00cen stoc"},"schema":{"@context":"https:\/\/schema.org","@graph":[{"@type":"WebPage","@id":"https:\/\/xstyle.md\/product\/puhovik-reimatec-serkku-jr-thyme-green-2\/","url":"https:\/\/xstyle.md\/product\/puhovik-reimatec-serkku-jr-thyme-green-2\/","name":"Pufos Reimatec Serkku JR verde m\u0103sliniu - Magazin Xstyle","isPartOf":{"@id":"https:\/\/xstyle.md\/#website"},"primaryImageOfPage":{"@id":"https:\/\/xstyle.md\/product\/puhovik-reimatec-serkku-jr-thyme-green-2\/#primaryimage"},"image":{"@id":"https:\/\/xstyle.md\/product\/puhovik-reimatec-serkku-jr-thyme-green-2\/#primaryimage"},"thumbnailUrl":"https:\/\/xstyle.md\/wp-content\/uploads\/2023\/12\/reimatec-serkku-jr-thyme-green.jpg","datePublished":"2023-12-21T09:15:00+00:00","dateModified":"2026-03-04T09:33:31+00:00","description":"Jacheta Reimatec Serkku JR de culoare thyme green va asigura c\u0103ldur\u0103 \u0219i confort. Tehnologia BIONICFINISH ECO, Fill Power 550 \u2013 alegerea ideal\u0103 pentru copiii activi.","breadcrumb":{"@id":"https:\/\/xstyle.md\/product\/puhovik-reimatec-serkku-jr-thyme-green-2\/#breadcrumb"},"inLanguage":"ro-RO","potentialAction":[{"@type":"ReadAction","target":["https:\/\/xstyle.md\/product\/puhovik-reimatec-serkku-jr-thyme-green-2\/"]}]},{"@type":"ImageObject","inLanguage":"ro-RO","@id":"https:\/\/xstyle.md\/product\/puhovik-reimatec-serkku-jr-thyme-green-2\/#primaryimage","url":"https:\/\/xstyle.md\/wp-content\/uploads\/2023\/12\/reimatec-serkku-jr-thyme-green.jpg","contentUrl":"https:\/\/xstyle.md\/wp-content\/uploads\/2023\/12\/reimatec-serkku-jr-thyme-green.jpg","width":1500,"height":1500,"caption":"\u041f\u0443\u0445\u043e\u0432\u0438\u043a Reimatec Serkku JR \u0432 \u0437\u0435\u043b\u0435\u043d\u043e\u043c \u0446\u0432\u0435\u0442\u0435 \u0434\u043b\u044f \u0430\u043a\u0442\u0438\u0432\u043d\u043e\u0433\u043e \u043e\u0442\u0434\u044b\u0445\u0430, \u0443\u043b\u0438\u0447\u043d\u043e\u0439 \u043e\u0434\u0435\u0436\u0434\u044b, \u043f\u043e\u0445\u043e\u0434\u043e\u0432 \u0438 \u043f\u0443\u0442\u0435\u0448\u0435\u0441\u0442\u0432\u0438\u0439 \u043d\u0430 \u0441\u0430\u0439\u0442\u0435 \u043e\u043d\u043b\u0430\u0439\u043d-\u043c\u0430\u0433\u0430\u0437\u0438\u043d\u0430 \u0442\u043e\u0432\u0430\u0440\u043e\u0432 \u0434\u043b\u044f \u0430\u043a\u0442\u0438\u0432\u043d\u043e\u0439 \u0436\u0438\u0437\u043d\u0438"},{"@type":"BreadcrumbList","@id":"https:\/\/xstyle.md\/product\/puhovik-reimatec-serkku-jr-thyme-green-2\/#breadcrumb","itemListElement":[{"@type":"ListItem","position":1,"name":"\u0413\u043b\u0430\u0432\u043d\u0430\u044f \u0441\u0442\u0440\u0430\u043d\u0438\u0446\u0430","item":"https:\/\/xstyle.md\/"},{"@type":"ListItem","position":2,"name":"\u041c\u0430\u0433\u0430\u0437\u0438\u043d","item":"https:\/\/xstyle.md\/shop\/"},{"@type":"ListItem","position":3,"name":"\u041f\u0443\u0445\u043e\u0432\u0438\u043a Reimatec Serkku JR thyme green"}]},{"@type":"WebSite","@id":"https:\/\/xstyle.md\/#website","url":"https:\/\/xstyle.md\/","name":"Magazinul X-Style","description":"Echipamente pentru turism \u0219i sporturi extreme \u00een Moldova. Pre\u021buri, fotografii, caracteristici \u00een Moldova.","publisher":{"@id":"https:\/\/xstyle.md\/#organization"},"alternateName":"X-Style","potentialAction":[{"@type":"SearchAction","target":{"@type":"EntryPoint","urlTemplate":"https:\/\/xstyle.md\/?s={search_term_string}"},"query-input":{"@type":"PropertyValueSpecification","valueRequired":true,"valueName":"search_term_string"}}],"inLanguage":"ro-RO"},{"@type":"Organization","@id":"https:\/\/xstyle.md\/#organization","name":"Magazinul X-Style","alternateName":"x-style","url":"https:\/\/xstyle.md\/","logo":{"@type":"ImageObject","inLanguage":"ro-RO","@id":"https:\/\/xstyle.md\/#\/schema\/logo\/image\/","url":"https:\/\/xstyle.md\/wp-content\/uploads\/2020\/06\/logoicon.svg","contentUrl":"https:\/\/xstyle.md\/wp-content\/uploads\/2020\/06\/logoicon.svg","caption":"\u041c\u0430\u0433\u0430\u0437\u0438\u043d Xstyle"},"image":{"@id":"https:\/\/xstyle.md\/#\/schema\/logo\/image\/"},"sameAs":["https:\/\/www.facebook.com\/xstylemd","https:\/\/www.instagram.com\/xstyle_md\/","https:\/\/t.me\/xstyle_outdoor"],"hasMerchantReturnPolicy":{"@type":"MerchantReturnPolicy","merchantReturnLink":"https:\/\/xstyle.md\/ro\/conditions\/"}}]},"product_price_amount":"3470.00","product_price_currency":"MDL","og_availability":"instock","product_availability":"instock","product_retailer_item_id":"6438429863182","product_condition":"new"},"_links":{"self":[{"href":"https:\/\/xstyle.md\/ro\/wp-json\/wp\/v2\/product\/77473","targetHints":{"allow":["GET"]}}],"collection":[{"href":"https:\/\/xstyle.md\/ro\/wp-json\/wp\/v2\/product"}],"about":[{"href":"https:\/\/xstyle.md\/ro\/wp-json\/wp\/v2\/types\/product"}],"replies":[{"embeddable":true,"href":"https:\/\/xstyle.md\/ro\/wp-json\/wp\/v2\/comments?post=77473"}],"wp:featuredmedia":[{"embeddable":true,"href":"https:\/\/xstyle.md\/ro\/wp-json\/wp\/v2\/media\/77661"}],"wp:attachment":[{"href":"https:\/\/xstyle.md\/ro\/wp-json\/wp\/v2\/media?parent=77473"}],"wp:term":[{"taxonomy":"product_brand","embeddable":true,"href":"https:\/\/xstyle.md\/ro\/wp-json\/wp\/v2\/product_brand?post=77473"},{"taxonomy":"product_cat","embeddable":true,"href":"https:\/\/xstyle.md\/ro\/wp-json\/wp\/v2\/product_cat?post=77473"},{"taxonomy":"product_tag","embeddable":true,"href":"https:\/\/xstyle.md\/ro\/wp-json\/wp\/v2\/product_tag?post=77473"}],"curies":[{"name":"wp","href":"https:\/\/api.w.org\/{rel}","templated":true}]}}