{"id":77441,"date":"2023-12-21T12:14:51","date_gmt":"2023-12-21T09:14:51","guid":{"rendered":"https:\/\/xstyle.md\/?post_type=product&#038;p=77441"},"modified":"2026-03-19T17:16:48","modified_gmt":"2026-03-19T14:16:48","slug":"trp_language-languageru_rubatnik-rab-nexus-pull-on-wmn-deep-heather-trp_languagetrp_language-languagero_ropulover-rab-nexus-pull-on-wmn-deep-heather-trp_language","status":"publish","type":"product","link":"https:\/\/xstyle.md\/ro\/produs\/trp_language-languageru_rubatnik-rab-nexus-pull-on-wmn-deep-heather-trp_languagetrp_language-languagero_ropulover-rab-nexus-pull-on-wmn-deep-heather-trp_language\/","title":{"rendered":"Jachet\u0103 Rab Nexus Pull-On Wmn deep heather"},"content":{"rendered":"<\/p>\n<p>Pulover <strong>Rab Nexus Pull-On<\/strong><strong>\u00a0<\/strong>confec\u021bionat din fleece confortabil \u0219i elastic pentru libertate de mi\u0219care, tehnic \u0219i u\u0219or. Un companion indispensabil pentru orice alpinist, c\u0103\u021b\u0103r\u0103tor sau drume\u021b.<\/p>\n<h3>Particularit\u0103\u021bi<\/h3>\n<ul>\n<li>Ideal pentru strat intermediar<\/li>\n<li>Fabricat din fleece Thermic\u2122 moale \u0219i elastic<\/li>\n<li>\u021ainut\u0103 lejer\u0103<\/li>\n<li>Fermoare YKK\u00ae.<\/li>\n<li>Buzunar cu fermoar YKK\u00ae.<\/li>\n<\/ul>\n<h3>Caracteristici<\/h3>\n<ul>\n<li>Material &#8212; Thermic\u2122<\/li>\n<li>Destina\u021bie &#8212; sport\/ casual\/ trekking<\/li>\n<li>Sezonul &#8212; iarn\u0103\/toamn\u0103<\/li>\n<li>Model - pentru femei.<\/li>\n<\/ul>\n<h3>Tehnologie<\/h3>\n<ul>\n<li><strong>YKK\u00ae<\/strong> &#8212; fermoare de \u00eenalt\u0103 calitate fabricate de compania japonez\u0103 YKK Group, certificate pentru conformitatea cu standardele interna\u021bionale. Rezistente la sarcini de for\u021b\u0103 mare \u0219i la coroziune. Sunt utilizate \u00een produse cu cel mai \u00eenalt grad de fiabilitate.<\/li>\n<\/ul>\n<h3>Marca<\/h3>\n<p>Rab este un produc\u0103tor britanic de \u00eembr\u0103c\u0103minte \u0219i echipament pentru alpinism \u0219i escalad\u0103, specializat \u00een \u00eembr\u0103c\u0103minte sport tehnic\u0103 de \u00eenalt\u0103 calitate \u0219i avansat\u0103 din punct de vedere tehnologic, izola\u021bie din puf \u0219i c\u0103\u0219ti. De exemplu, cagulele lor sunt printre cele mai bune exemple de pe pia\u021b\u0103, iar sacii lor de dormit se remarc\u0103, de asemenea, prin grija lor.<\/p>\n<p>Compania a fost fondat\u0103 \u00een 1981 de c\u0103tre renumitul alpinist sco\u021bian Rab Carrington. Baz\u00e2ndu-se pe propria experien\u021b\u0103 \u00een numeroase expedi\u021bii, Carrington a creat \u00eembr\u0103c\u0103minte pentru a oferi confort, protec\u021bie \u0219i libertate \u00een mun\u021bi, \u00een drume\u021bii, c\u0103\u021b\u0103rare sau alpinism.<\/p>\n<p>Jachetele din puf, sacii de dormit \u0219i hainele de expedi\u021bie Rab sunt fabricate din puf de g\u00e2sc\u0103 \u0219i ra\u021b\u0103 europene, certificate Responsible Down, ob\u021binute \u00een mod etic. De asemenea, pe puful folosit \u00een hainele \u0219i sacii de dormit se aplic\u0103 o impregnare hidrofug\u0103 f\u0103r\u0103 fluorocarbon, numit\u0103 Nikwax, pentru a preveni \u00eenc\u0103rcarea cu ap\u0103. \u00cen plus, pentru izola\u021bie se folosesc \u0219i materiale sintetice de \u00eenalt\u0103 calitate. \u00cembr\u0103c\u0103mintea Rab a devenit &#171;sinonim\u0103 cu produsele din puf de \u00eenalt\u0103 calitate&#187;.<\/p>\n<p><\/p>","protected":false},"excerpt":{"rendered":"","protected":false},"featured_media":77899,"comment_status":"open","ping_status":"closed","template":"","meta":{"_acf_changed":false,"inline_featured_image":false},"product_brand":[1442],"product_cat":[243],"product_tag":[],"class_list":{"0":"post-77441","1":"product","2":"type-product","3":"status-publish","4":"has-post-thumbnail","6":"product_brand-rab","7":"product_cat-fleece-scurta-femei","9":"first","10":"instock","11":"shipping-taxable","12":"purchasable","13":"product-type-simple"},"acf":[],"yoast_head":"<!-- This site is optimized with the Yoast SEO plugin v27.4 - https:\/\/yoast.com\/product\/yoast-seo-wordpress\/ -->\n<title>\u0424\u043b\u0438\u0441\u043e\u0432\u0430\u044f \u043a\u0443\u0440\u0442\u043a\u0430 Rab Nexus Pull-On Wmn deep heather - \u041c\u0430\u0433\u0430\u0437\u0438\u043d Xstyle<\/title>\n<meta name=\"description\" content=\"\u041a\u0443\u043f\u0438\u0442\u0435 \u0431\u0430\u0442\u043d\u0438\u043a Rab Nexus Pull-On Wmn \u0432 \u0446\u0432\u0435\u0442\u0435 deep heather. \u0423\u0434\u043e\u0431\u043d\u044b\u0439 \u0438 \u0441\u0442\u0438\u043b\u044c\u043d\u044b\u0439 \u0444\u043b\u0438\u0441, \u0438\u0434\u0435\u0430\u043b\u044c\u043d\u043e \u043f\u043e\u0434\u0445\u043e\u0434\u0438\u0442 \u0434\u043b\u044f \u0430\u043b\u044c\u043f\u0438\u043d\u0438\u0441\u0442\u043e\u0432 \u0438 \u043b\u044e\u0431\u0438\u0442\u0435\u043b\u0435\u0439 \u0430\u043a\u0442\u0438\u0432\u043d\u043e\u0433\u043e \u043e\u0442\u0434\u044b\u0445\u0430.\" \/>\n<meta name=\"robots\" content=\"index, follow, max-snippet:-1, max-image-preview:large, max-video-preview:-1\" \/>\n<link rel=\"canonical\" href=\"https:\/\/xstyle.md\/ro\/produs\/trp_language-languageru_rubatnik-rab-nexus-pull-on-wmn-deep-heather-trp_languagetrp_language-languagero_ropulover-rab-nexus-pull-on-wmn-deep-heather-trp_language\/\" \/>\n<meta property=\"og:locale\" content=\"ro_RO\" \/>\n<meta property=\"og:type\" content=\"article\" \/>\n<meta property=\"og:title\" content=\"\u0424\u043b\u0438\u0441\u043e\u0432\u0430\u044f \u043a\u0443\u0440\u0442\u043a\u0430 Rab Nexus Pull-On Wmn deep heather - \u041c\u0430\u0433\u0430\u0437\u0438\u043d Xstyle\" \/>\n<meta property=\"og:description\" content=\"\u041a\u0443\u043f\u0438\u0442\u0435 \u0431\u0430\u0442\u043d\u0438\u043a Rab Nexus Pull-On Wmn \u0432 \u0446\u0432\u0435\u0442\u0435 deep heather. \u0423\u0434\u043e\u0431\u043d\u044b\u0439 \u0438 \u0441\u0442\u0438\u043b\u044c\u043d\u044b\u0439 \u0444\u043b\u0438\u0441, \u0438\u0434\u0435\u0430\u043b\u044c\u043d\u043e \u043f\u043e\u0434\u0445\u043e\u0434\u0438\u0442 \u0434\u043b\u044f \u0430\u043b\u044c\u043f\u0438\u043d\u0438\u0441\u0442\u043e\u0432 \u0438 \u043b\u044e\u0431\u0438\u0442\u0435\u043b\u0435\u0439 \u0430\u043a\u0442\u0438\u0432\u043d\u043e\u0433\u043e \u043e\u0442\u0434\u044b\u0445\u0430.\" \/>\n<meta property=\"og:url\" content=\"https:\/\/xstyle.md\/ro\/produs\/trp_language-languageru_rubatnik-rab-nexus-pull-on-wmn-deep-heather-trp_languagetrp_language-languagero_ropulover-rab-nexus-pull-on-wmn-deep-heather-trp_language\/\" \/>\n<meta property=\"og:site_name\" content=\"\u041c\u0430\u0433\u0430\u0437\u0438\u043d Xstyle\" \/>\n<meta property=\"article:publisher\" content=\"https:\/\/www.facebook.com\/xstylemd\" \/>\n<meta property=\"article:modified_time\" content=\"2026-03-19T14:16:48+00:00\" \/>\n<meta property=\"og:image\" content=\"https:\/\/xstyle.md\/wp-content\/uploads\/2023\/12\/rab-nexus-pull-on-wmn-deep-heather-1.jpg\" \/>\n\t<meta property=\"og:image:width\" content=\"604\" \/>\n\t<meta property=\"og:image:height\" content=\"612\" \/>\n\t<meta property=\"og:image:type\" content=\"image\/jpeg\" \/>\n<meta name=\"twitter:card\" content=\"summary_large_image\" \/>\n<meta name=\"twitter:label1\" content=\"Pre\u021b\" \/>\n\t<meta name=\"twitter:data1\" content=\"990&nbsp;MDL\" \/>\n\t<meta name=\"twitter:label2\" content=\"Disponibilitate\" \/>\n\t<meta name=\"twitter:data2\" content=\"\u00cen stoc\" \/>\n<script type=\"application\/ld+json\" class=\"yoast-schema-graph\">{\"@context\":\"https:\\\/\\\/schema.org\",\"@graph\":[{\"@type\":\"WebPage\",\"@id\":\"https:\\\/\\\/xstyle.md\\\/product\\\/trp_language-languageru_rubatnik-rab-nexus-pull-on-wmn-deep-heather-trp_languagetrp_language-languagero_ropulover-rab-nexus-pull-on-wmn-deep-heather-trp_language\\\/\",\"url\":\"https:\\\/\\\/xstyle.md\\\/product\\\/trp_language-languageru_rubatnik-rab-nexus-pull-on-wmn-deep-heather-trp_languagetrp_language-languagero_ropulover-rab-nexus-pull-on-wmn-deep-heather-trp_language\\\/\",\"name\":\"\u0424\u043b\u0438\u0441\u043e\u0432\u0430\u044f \u043a\u0443\u0440\u0442\u043a\u0430 Rab Nexus Pull-On Wmn deep heather - \u041c\u0430\u0433\u0430\u0437\u0438\u043d Xstyle\",\"isPartOf\":{\"@id\":\"https:\\\/\\\/xstyle.md\\\/#website\"},\"primaryImageOfPage\":{\"@id\":\"https:\\\/\\\/xstyle.md\\\/product\\\/trp_language-languageru_rubatnik-rab-nexus-pull-on-wmn-deep-heather-trp_languagetrp_language-languagero_ropulover-rab-nexus-pull-on-wmn-deep-heather-trp_language\\\/#primaryimage\"},\"image\":{\"@id\":\"https:\\\/\\\/xstyle.md\\\/product\\\/trp_language-languageru_rubatnik-rab-nexus-pull-on-wmn-deep-heather-trp_languagetrp_language-languagero_ropulover-rab-nexus-pull-on-wmn-deep-heather-trp_language\\\/#primaryimage\"},\"thumbnailUrl\":\"https:\\\/\\\/xstyle.md\\\/wp-content\\\/uploads\\\/2023\\\/12\\\/rab-nexus-pull-on-wmn-deep-heather-1.jpg\",\"datePublished\":\"2023-12-21T09:14:51+00:00\",\"dateModified\":\"2026-03-19T14:16:48+00:00\",\"description\":\"\u041a\u0443\u043f\u0438\u0442\u0435 \u0431\u0430\u0442\u043d\u0438\u043a Rab Nexus Pull-On Wmn \u0432 \u0446\u0432\u0435\u0442\u0435 deep heather. \u0423\u0434\u043e\u0431\u043d\u044b\u0439 \u0438 \u0441\u0442\u0438\u043b\u044c\u043d\u044b\u0439 \u0444\u043b\u0438\u0441, \u0438\u0434\u0435\u0430\u043b\u044c\u043d\u043e \u043f\u043e\u0434\u0445\u043e\u0434\u0438\u0442 \u0434\u043b\u044f \u0430\u043b\u044c\u043f\u0438\u043d\u0438\u0441\u0442\u043e\u0432 \u0438 \u043b\u044e\u0431\u0438\u0442\u0435\u043b\u0435\u0439 \u0430\u043a\u0442\u0438\u0432\u043d\u043e\u0433\u043e \u043e\u0442\u0434\u044b\u0445\u0430.\",\"breadcrumb\":{\"@id\":\"https:\\\/\\\/xstyle.md\\\/product\\\/trp_language-languageru_rubatnik-rab-nexus-pull-on-wmn-deep-heather-trp_languagetrp_language-languagero_ropulover-rab-nexus-pull-on-wmn-deep-heather-trp_language\\\/#breadcrumb\"},\"inLanguage\":\"ro-RO\",\"potentialAction\":[{\"@type\":\"ReadAction\",\"target\":[\"https:\\\/\\\/xstyle.md\\\/product\\\/trp_language-languageru_rubatnik-rab-nexus-pull-on-wmn-deep-heather-trp_languagetrp_language-languagero_ropulover-rab-nexus-pull-on-wmn-deep-heather-trp_language\\\/\"]}]},{\"@type\":\"ImageObject\",\"inLanguage\":\"ro-RO\",\"@id\":\"https:\\\/\\\/xstyle.md\\\/product\\\/trp_language-languageru_rubatnik-rab-nexus-pull-on-wmn-deep-heather-trp_languagetrp_language-languagero_ropulover-rab-nexus-pull-on-wmn-deep-heather-trp_language\\\/#primaryimage\",\"url\":\"https:\\\/\\\/xstyle.md\\\/wp-content\\\/uploads\\\/2023\\\/12\\\/rab-nexus-pull-on-wmn-deep-heather-1.jpg\",\"contentUrl\":\"https:\\\/\\\/xstyle.md\\\/wp-content\\\/uploads\\\/2023\\\/12\\\/rab-nexus-pull-on-wmn-deep-heather-1.jpg\",\"width\":604,\"height\":612,\"caption\":\"\u0424\u043b\u0438\u0441\u043e\u0432\u0430\u044f \u043a\u0443\u0440\u0442\u043a\u0430 Rab Nexus Pul-On \u0434\u043b\u044f \u0436\u0435\u043d\u0449\u0438\u043d \u0434\u043b\u044f \u0430\u043a\u0442\u0438\u0432\u043d\u043e\u0433\u043e \u043e\u0442\u0434\u044b\u0445\u0430, \u043f\u043e\u0445\u043e\u0434\u043e\u0432, \u0430\u043b\u044c\u043f\u0438\u043d\u0438\u0437\u043c\u0430 \u0438 \u043f\u0443\u0442\u0435\u0448\u0435\u0441\u0442\u0432\u0438\u0439, \u0443\u0434\u043e\u0431\u043d\u0430\u044f \u0441\u043f\u043e\u0440\u0442\u0438\u0432\u043d\u0430\u044f \u043e\u0434\u0435\u0436\u0434\u0430, \u043e\u0431\u0443\u0432\u044c \u0438 \u044d\u043a\u0438\u043f\u0438\u0440\u043e\u0432\u043a\u0430 \u0434\u043b\u044f \u0430\u043a\u0442\u0438\u0432\u043d\u043e\u0439 \u0436\u0438\u0437\u043d\u0438\"},{\"@type\":\"BreadcrumbList\",\"@id\":\"https:\\\/\\\/xstyle.md\\\/product\\\/trp_language-languageru_rubatnik-rab-nexus-pull-on-wmn-deep-heather-trp_languagetrp_language-languagero_ropulover-rab-nexus-pull-on-wmn-deep-heather-trp_language\\\/#breadcrumb\",\"itemListElement\":[{\"@type\":\"ListItem\",\"position\":1,\"name\":\"\u0413\u043b\u0430\u0432\u043d\u0430\u044f \u0441\u0442\u0440\u0430\u043d\u0438\u0446\u0430\",\"item\":\"https:\\\/\\\/xstyle.md\\\/\"},{\"@type\":\"ListItem\",\"position\":2,\"name\":\"\u041c\u0430\u0433\u0430\u0437\u0438\u043d\",\"item\":\"https:\\\/\\\/xstyle.md\\\/shop\\\/\"},{\"@type\":\"ListItem\",\"position\":3,\"name\":\"\u0424\u043b\u0438\u0441\u043e\u0432\u0430\u044f \u043a\u0443\u0440\u0442\u043a\u0430 Rab Nexus Pull-On Wmn deep heather\"}]},{\"@type\":\"WebSite\",\"@id\":\"https:\\\/\\\/xstyle.md\\\/#website\",\"url\":\"https:\\\/\\\/xstyle.md\\\/\",\"name\":\"\u041c\u0430\u0433\u0430\u0437\u0438\u043d Xstyle\",\"description\":\"C\u043d\u0430\u0440\u044f\u0436\u0435\u043d\u0438\u0435 \u0434\u043b\u044f \u0442\u0443\u0440\u0438\u0437\u043c\u0430 \u0438 \u044d\u043a\u0441\u0442\u0440\u0435\u043c\u0430\u043b\u044c\u043d\u044b\u0445 \u0432\u0438\u0434\u043e\u0432 \u0441\u043f\u043e\u0440\u0442\u0430 \u0432 \u041c\u043e\u043b\u0434\u043e\u0432\u0435.. \u0426\u0435\u043d\u044b, \u0444\u043e\u0442\u043e, \u0445\u0430\u0440\u0430\u043a\u0442\u0435\u0440\u0438\u0441\u0442\u0438\u043a\u0438 \u0432 \u041c\u043e\u043b\u0434\u043e\u0432\u0435.\",\"publisher\":{\"@id\":\"https:\\\/\\\/xstyle.md\\\/#organization\"},\"alternateName\":\"X-Style\",\"potentialAction\":[{\"@type\":\"SearchAction\",\"target\":{\"@type\":\"EntryPoint\",\"urlTemplate\":\"https:\\\/\\\/xstyle.md\\\/?s={search_term_string}\"},\"query-input\":{\"@type\":\"PropertyValueSpecification\",\"valueRequired\":true,\"valueName\":\"search_term_string\"}}],\"inLanguage\":\"ro-RO\"},{\"@type\":\"Organization\",\"@id\":\"https:\\\/\\\/xstyle.md\\\/#organization\",\"name\":\"\u041c\u0430\u0433\u0430\u0437\u0438\u043d Xstyle\",\"alternateName\":\"x-style\",\"url\":\"https:\\\/\\\/xstyle.md\\\/\",\"logo\":{\"@type\":\"ImageObject\",\"inLanguage\":\"ro-RO\",\"@id\":\"https:\\\/\\\/xstyle.md\\\/#\\\/schema\\\/logo\\\/image\\\/\",\"url\":\"https:\\\/\\\/xstyle.md\\\/wp-content\\\/uploads\\\/2020\\\/06\\\/logoicon.svg\",\"contentUrl\":\"https:\\\/\\\/xstyle.md\\\/wp-content\\\/uploads\\\/2020\\\/06\\\/logoicon.svg\",\"caption\":\"\u041c\u0430\u0433\u0430\u0437\u0438\u043d Xstyle\"},\"image\":{\"@id\":\"https:\\\/\\\/xstyle.md\\\/#\\\/schema\\\/logo\\\/image\\\/\"},\"sameAs\":[\"https:\\\/\\\/www.facebook.com\\\/xstylemd\",\"https:\\\/\\\/www.instagram.com\\\/xstyle_md\\\/\",\"https:\\\/\\\/t.me\\\/xstyle_outdoor\"],\"hasMerchantReturnPolicy\":{\"@type\":\"MerchantReturnPolicy\",\"merchantReturnLink\":\"https:\\\/\\\/xstyle.md\\\/ro\\\/conditions\\\/\"}}]}<\/script>\n<meta property=\"product:price:amount\" content=\"990.00\" \/>\n<meta property=\"product:price:currency\" content=\"MDL\" \/>\n<meta property=\"og:availability\" content=\"instock\" \/>\n<meta property=\"product:availability\" content=\"instock\" \/>\n<meta property=\"product:retailer_item_id\" content=\"5059913093277\" \/>\n<meta property=\"product:condition\" content=\"new\" \/>\n<!-- \/ Yoast SEO plugin. -->","yoast_head_json":{"title":"\u0424\u043b\u0438\u0441\u043e\u0432\u0430\u044f \u043a\u0443\u0440\u0442\u043a\u0430 Rab Nexus Pull-On Wmn deep heather - \u041c\u0430\u0433\u0430\u0437\u0438\u043d Xstyle","description":"Cump\u0103ra\u021bi puloverul Rab Nexus Pull-On Wmn \u00een culoarea deep heather. Un fleece confortabil \u0219i stilat, perfect pentru alpinisti \u0219i iubitori de activit\u0103\u021bi \u00een aer liber.","robots":{"index":"index","follow":"follow","max-snippet":"max-snippet:-1","max-image-preview":"max-image-preview:large","max-video-preview":"max-video-preview:-1"},"canonical":"https:\/\/xstyle.md\/ro\/produs\/trp_language-languageru_rubatnik-rab-nexus-pull-on-wmn-deep-heather-trp_languagetrp_language-languagero_ropulover-rab-nexus-pull-on-wmn-deep-heather-trp_language\/","og_locale":"ro_RO","og_type":"article","og_title":"\u0424\u043b\u0438\u0441\u043e\u0432\u0430\u044f \u043a\u0443\u0440\u0442\u043a\u0430 Rab Nexus Pull-On Wmn deep heather - \u041c\u0430\u0433\u0430\u0437\u0438\u043d Xstyle","og_description":"\u041a\u0443\u043f\u0438\u0442\u0435 \u0431\u0430\u0442\u043d\u0438\u043a Rab Nexus Pull-On Wmn \u0432 \u0446\u0432\u0435\u0442\u0435 deep heather. \u0423\u0434\u043e\u0431\u043d\u044b\u0439 \u0438 \u0441\u0442\u0438\u043b\u044c\u043d\u044b\u0439 \u0444\u043b\u0438\u0441, \u0438\u0434\u0435\u0430\u043b\u044c\u043d\u043e \u043f\u043e\u0434\u0445\u043e\u0434\u0438\u0442 \u0434\u043b\u044f \u0430\u043b\u044c\u043f\u0438\u043d\u0438\u0441\u0442\u043e\u0432 \u0438 \u043b\u044e\u0431\u0438\u0442\u0435\u043b\u0435\u0439 \u0430\u043a\u0442\u0438\u0432\u043d\u043e\u0433\u043e \u043e\u0442\u0434\u044b\u0445\u0430.","og_url":"https:\/\/xstyle.md\/ro\/produs\/trp_language-languageru_rubatnik-rab-nexus-pull-on-wmn-deep-heather-trp_languagetrp_language-languagero_ropulover-rab-nexus-pull-on-wmn-deep-heather-trp_language\/","og_site_name":"\u041c\u0430\u0433\u0430\u0437\u0438\u043d Xstyle","article_publisher":"https:\/\/www.facebook.com\/xstylemd","article_modified_time":"2026-03-19T14:16:48+00:00","og_image":[{"width":604,"height":612,"url":"https:\/\/xstyle.md\/wp-content\/uploads\/2023\/12\/rab-nexus-pull-on-wmn-deep-heather-1.jpg","type":"image\/jpeg"}],"twitter_card":"summary_large_image","twitter_misc":{"Pre\u021b":"990&nbsp;MDL","Disponibilitate":"\u00cen stoc"},"schema":{"@context":"https:\/\/schema.org","@graph":[{"@type":"WebPage","@id":"https:\/\/xstyle.md\/product\/trp_language-languageru_rubatnik-rab-nexus-pull-on-wmn-deep-heather-trp_languagetrp_language-languagero_ropulover-rab-nexus-pull-on-wmn-deep-heather-trp_language\/","url":"https:\/\/xstyle.md\/product\/trp_language-languageru_rubatnik-rab-nexus-pull-on-wmn-deep-heather-trp_languagetrp_language-languagero_ropulover-rab-nexus-pull-on-wmn-deep-heather-trp_language\/","name":"\u0424\u043b\u0438\u0441\u043e\u0432\u0430\u044f \u043a\u0443\u0440\u0442\u043a\u0430 Rab Nexus Pull-On Wmn deep heather - \u041c\u0430\u0433\u0430\u0437\u0438\u043d Xstyle","isPartOf":{"@id":"https:\/\/xstyle.md\/#website"},"primaryImageOfPage":{"@id":"https:\/\/xstyle.md\/product\/trp_language-languageru_rubatnik-rab-nexus-pull-on-wmn-deep-heather-trp_languagetrp_language-languagero_ropulover-rab-nexus-pull-on-wmn-deep-heather-trp_language\/#primaryimage"},"image":{"@id":"https:\/\/xstyle.md\/product\/trp_language-languageru_rubatnik-rab-nexus-pull-on-wmn-deep-heather-trp_languagetrp_language-languagero_ropulover-rab-nexus-pull-on-wmn-deep-heather-trp_language\/#primaryimage"},"thumbnailUrl":"https:\/\/xstyle.md\/wp-content\/uploads\/2023\/12\/rab-nexus-pull-on-wmn-deep-heather-1.jpg","datePublished":"2023-12-21T09:14:51+00:00","dateModified":"2026-03-19T14:16:48+00:00","description":"Cump\u0103ra\u021bi puloverul Rab Nexus Pull-On Wmn \u00een culoarea deep heather. Un fleece confortabil \u0219i stilat, perfect pentru alpinisti \u0219i iubitori de activit\u0103\u021bi \u00een aer liber.","breadcrumb":{"@id":"https:\/\/xstyle.md\/product\/trp_language-languageru_rubatnik-rab-nexus-pull-on-wmn-deep-heather-trp_languagetrp_language-languagero_ropulover-rab-nexus-pull-on-wmn-deep-heather-trp_language\/#breadcrumb"},"inLanguage":"ro-RO","potentialAction":[{"@type":"ReadAction","target":["https:\/\/xstyle.md\/product\/trp_language-languageru_rubatnik-rab-nexus-pull-on-wmn-deep-heather-trp_languagetrp_language-languagero_ropulover-rab-nexus-pull-on-wmn-deep-heather-trp_language\/"]}]},{"@type":"ImageObject","inLanguage":"ro-RO","@id":"https:\/\/xstyle.md\/product\/trp_language-languageru_rubatnik-rab-nexus-pull-on-wmn-deep-heather-trp_languagetrp_language-languagero_ropulover-rab-nexus-pull-on-wmn-deep-heather-trp_language\/#primaryimage","url":"https:\/\/xstyle.md\/wp-content\/uploads\/2023\/12\/rab-nexus-pull-on-wmn-deep-heather-1.jpg","contentUrl":"https:\/\/xstyle.md\/wp-content\/uploads\/2023\/12\/rab-nexus-pull-on-wmn-deep-heather-1.jpg","width":604,"height":612,"caption":"\u0424\u043b\u0438\u0441\u043e\u0432\u0430\u044f \u043a\u0443\u0440\u0442\u043a\u0430 Rab Nexus Pul-On \u0434\u043b\u044f \u0436\u0435\u043d\u0449\u0438\u043d \u0434\u043b\u044f \u0430\u043a\u0442\u0438\u0432\u043d\u043e\u0433\u043e \u043e\u0442\u0434\u044b\u0445\u0430, \u043f\u043e\u0445\u043e\u0434\u043e\u0432, \u0430\u043b\u044c\u043f\u0438\u043d\u0438\u0437\u043c\u0430 \u0438 \u043f\u0443\u0442\u0435\u0448\u0435\u0441\u0442\u0432\u0438\u0439, \u0443\u0434\u043e\u0431\u043d\u0430\u044f \u0441\u043f\u043e\u0440\u0442\u0438\u0432\u043d\u0430\u044f \u043e\u0434\u0435\u0436\u0434\u0430, \u043e\u0431\u0443\u0432\u044c \u0438 \u044d\u043a\u0438\u043f\u0438\u0440\u043e\u0432\u043a\u0430 \u0434\u043b\u044f \u0430\u043a\u0442\u0438\u0432\u043d\u043e\u0439 \u0436\u0438\u0437\u043d\u0438"},{"@type":"BreadcrumbList","@id":"https:\/\/xstyle.md\/product\/trp_language-languageru_rubatnik-rab-nexus-pull-on-wmn-deep-heather-trp_languagetrp_language-languagero_ropulover-rab-nexus-pull-on-wmn-deep-heather-trp_language\/#breadcrumb","itemListElement":[{"@type":"ListItem","position":1,"name":"\u0413\u043b\u0430\u0432\u043d\u0430\u044f \u0441\u0442\u0440\u0430\u043d\u0438\u0446\u0430","item":"https:\/\/xstyle.md\/"},{"@type":"ListItem","position":2,"name":"\u041c\u0430\u0433\u0430\u0437\u0438\u043d","item":"https:\/\/xstyle.md\/shop\/"},{"@type":"ListItem","position":3,"name":"\u0424\u043b\u0438\u0441\u043e\u0432\u0430\u044f \u043a\u0443\u0440\u0442\u043a\u0430 Rab Nexus Pull-On Wmn deep heather"}]},{"@type":"WebSite","@id":"https:\/\/xstyle.md\/#website","url":"https:\/\/xstyle.md\/","name":"Magazinul X-Style","description":"Echipamente pentru turism \u0219i sporturi extreme \u00een Moldova. Pre\u021buri, fotografii, caracteristici \u00een Moldova.","publisher":{"@id":"https:\/\/xstyle.md\/#organization"},"alternateName":"X-Style","potentialAction":[{"@type":"SearchAction","target":{"@type":"EntryPoint","urlTemplate":"https:\/\/xstyle.md\/?s={search_term_string}"},"query-input":{"@type":"PropertyValueSpecification","valueRequired":true,"valueName":"search_term_string"}}],"inLanguage":"ro-RO"},{"@type":"Organization","@id":"https:\/\/xstyle.md\/#organization","name":"Magazinul X-Style","alternateName":"x-style","url":"https:\/\/xstyle.md\/","logo":{"@type":"ImageObject","inLanguage":"ro-RO","@id":"https:\/\/xstyle.md\/#\/schema\/logo\/image\/","url":"https:\/\/xstyle.md\/wp-content\/uploads\/2020\/06\/logoicon.svg","contentUrl":"https:\/\/xstyle.md\/wp-content\/uploads\/2020\/06\/logoicon.svg","caption":"\u041c\u0430\u0433\u0430\u0437\u0438\u043d Xstyle"},"image":{"@id":"https:\/\/xstyle.md\/#\/schema\/logo\/image\/"},"sameAs":["https:\/\/www.facebook.com\/xstylemd","https:\/\/www.instagram.com\/xstyle_md\/","https:\/\/t.me\/xstyle_outdoor"],"hasMerchantReturnPolicy":{"@type":"MerchantReturnPolicy","merchantReturnLink":"https:\/\/xstyle.md\/ro\/conditions\/"}}]},"product_price_amount":"990.00","product_price_currency":"MDL","og_availability":"instock","product_availability":"instock","product_retailer_item_id":"5059913093277","product_condition":"new"},"post_mailing_queue_ids":[],"_links":{"self":[{"href":"https:\/\/xstyle.md\/ro\/wp-json\/wp\/v2\/product\/77441","targetHints":{"allow":["GET"]}}],"collection":[{"href":"https:\/\/xstyle.md\/ro\/wp-json\/wp\/v2\/product"}],"about":[{"href":"https:\/\/xstyle.md\/ro\/wp-json\/wp\/v2\/types\/product"}],"replies":[{"embeddable":true,"href":"https:\/\/xstyle.md\/ro\/wp-json\/wp\/v2\/comments?post=77441"}],"wp:featuredmedia":[{"embeddable":true,"href":"https:\/\/xstyle.md\/ro\/wp-json\/wp\/v2\/media\/77899"}],"wp:attachment":[{"href":"https:\/\/xstyle.md\/ro\/wp-json\/wp\/v2\/media?parent=77441"}],"wp:term":[{"taxonomy":"product_brand","embeddable":true,"href":"https:\/\/xstyle.md\/ro\/wp-json\/wp\/v2\/product_brand?post=77441"},{"taxonomy":"product_cat","embeddable":true,"href":"https:\/\/xstyle.md\/ro\/wp-json\/wp\/v2\/product_cat?post=77441"},{"taxonomy":"product_tag","embeddable":true,"href":"https:\/\/xstyle.md\/ro\/wp-json\/wp\/v2\/product_tag?post=77441"}],"curies":[{"name":"wp","href":"https:\/\/api.w.org\/{rel}","templated":true}]}}