{"id":77424,"date":"2023-12-21T12:14:45","date_gmt":"2023-12-21T09:14:45","guid":{"rendered":"https:\/\/xstyle.md\/?post_type=product&#038;p=77424"},"modified":"2026-03-04T12:33:17","modified_gmt":"2026-03-04T09:33:17","slug":"kurtka-rab-electron-pro-wmn-green-slate","status":"publish","type":"product","link":"https:\/\/xstyle.md\/ro\/produs\/kurtka-rab-electron-pro-wmn-green-slate\/","title":{"rendered":"Geac\u0103 de schi Rab Electron Pro Wmn green slate"},"content":{"rendered":"<p><strong>Rab Electron Pro<\/strong> &#8212; \u0442\u0435\u043f\u043b\u0430\u044f \u0436\u0435\u043d\u0441\u043a\u0430\u044f \u043a\u0443\u0440\u0442\u043a\u0430-\u043f\u0443\u0445\u043e\u0432\u0438\u043a \u043f\u0440\u0435\u0434\u043d\u0430\u0437\u043d\u0430\u0447\u0435\u043d\u0430 \u0434\u043b\u044f \u0441\u0443\u0440\u043e\u0432\u044b\u0445 \u0437\u0438\u043c\u043d\u0438\u0445 \u043f\u0440\u0438\u043a\u043b\u044e\u0447\u0435\u043d\u0438\u0439, \u043f\u043e\u043b\u043d\u043e\u0441\u0442\u044c\u044e \u0432\u043e\u0434\u043e\u043d\u0435\u043f\u0440\u043e\u043d\u0438\u0446\u0430\u0435\u043c\u0430 \u0438 \u043d\u0430\u043f\u043e\u043b\u043d\u0435\u043d\u0430 \u0441\u0435\u0440\u0442\u0438\u0444\u0438\u0446\u0438\u0440\u043e\u0432\u0430\u043d\u043d\u044b\u043c \u0435\u0432\u0440\u043e\u043f\u0435\u0439\u0441\u043a\u0438\u043c \u0433\u0443\u0441\u0438\u043d\u044b\u043c \u043f\u0443\u0445\u043e\u043c 800 Fill Power. \u041f\u043e\u043b\u043d\u043e\u0441\u0442\u044c\u044e \u043f\u0440\u043e\u043a\u043b\u0435\u0435\u043d\u043d\u044b\u0435 \u0448\u0432\u044b \u0438 \u0432\u043e\u0434\u043e\u043d\u0435\u043f\u0440\u043e\u043d\u0438\u0446\u0430\u0435\u043c\u0430\u044f \u043c\u0435\u043c\u0431\u0440\u0430\u043d\u043d\u0430\u044f \u0442\u043a\u0430\u043d\u044c Pertex\u00ae Quantum Pro \u043e\u0431\u0435\u0441\u043f\u0435\u0447\u0438\u0432\u0430\u044e\u0442 \u043d\u0435\u043e\u0431\u0445\u043e\u0434\u0438\u043c\u0443\u044e \u0438\u0437\u043e\u043b\u044f\u0446\u0438\u044e \u0434\u043b\u044f \u043c\u0430\u043a\u0441\u0438\u043c\u0430\u043b\u044c\u043d\u043e\u0439 \u0437\u0430\u0449\u0438\u0442\u044b \u0432 \u0441\u044b\u0440\u0443\u044e \u043f\u043e\u0433\u043e\u0434\u0443.<\/p>\n<p>Fiecare parte din puf este prelucrat\u0103 cu un agent hidrofob Nikwax special, care garanteaz\u0103 rezisten\u021ba la umiditate, re\u021bine mai mult\u0103 c\u0103ldur\u0103, se potrive\u0219te mai bine \u0219i se usuc\u0103 mult mai repede dec\u00e2t puful neprelucrat<\/p>\n<h3>Particularit\u0103\u021bi<\/h3>\n<ul>\n<li>Exteriorul complet adeziv \u0219i rezistent la ap\u0103;<\/li>\n<li>Dou\u0103 buzunare cu fermoar YKK\u00ae;<\/li>\n<li>Buzunar de securitate exterior cu fermoar YKK\u00ae;<\/li>\n<li>Glug\u0103 cu o izolare sintetic\u0103, compatibil\u0103 cu o casc\u0103 \u0219i cu v\u00e2rf rigid;<\/li>\n<li>Man\u0219ete \u00eenguste, elastice, cu izolant termic sintetic;<\/li>\n<li>\u0218nur reglabil supradimensionat la \u021biv \u0219i la gluga din spate;<\/li>\n<li>Spatele gecii este pu\u021bin mai lung;<\/li>\n<li>Partea inferioar\u0103 a gecii este reglabil\u0103 cu \u0219nururi;<\/li>\n<li>Se \u00eempacheteaz\u0103 compact;<\/li>\n<li>Geant\u0103 pentru transportare inclus\u0103.<\/li>\n<\/ul>\n<h3>Caracteristici<\/h3>\n<ul>\n<li>Compozi\u021bie - 100% Polyester;<\/li>\n<li>\u0423\u0442\u0435\u043f\u043b\u0438\u0442\u0435\u043b\u044c &#8212; 800 Fill Power + Nikwax<\/li>\n<li>\u041c\u0435\u043c\u0431\u0440\u0430\u043d\u0430 &#8212; Pertex\u00ae Quantum Pro<\/li>\n<li>Rezisten\u021b\u0103 la ap\u0103 - 10.000 mm;<\/li>\n<li>Model - pentru femei.<\/li>\n<\/ul>\n<h3>Tehnologie<\/h3>\n<ul>\n<li><strong>Pertex<\/strong>\u00ae <strong>Quantum Pro<\/strong> &#8212; \u0441\u043e\u0447\u0435\u0442\u0430\u0435\u0442 \u0432 \u0441\u0435\u0431\u0435 \u043f\u043b\u043e\u0442\u043d\u043e \u0441\u043f\u043b\u0435\u0442\u0435\u043d\u043d\u0443\u044e \u043b\u0438\u0446\u0435\u0432\u0443\u044e \u0442\u043a\u0430\u043d\u044c \u0441 \u043c\u0438\u043a\u0440\u043e\u043f\u043e\u0440\u0438\u0441\u0442\u044b\u043c \u043f\u043e\u043a\u0440\u044b\u0442\u0438\u0435\u043c, \u043e\u0431\u0435\u0441\u043f\u0435\u0447\u0438\u0432\u0430\u044f \u043e\u0447\u0435\u043d\u044c \u0432\u044b\u0441\u043e\u043a\u0438\u0439 \u0443\u0440\u043e\u0432\u0435\u043d\u044c \u0432\u043e\u0434\u043e\u043d\u0435\u043f\u0440\u043e\u043d\u0438\u0446\u0430\u0435\u043c\u043e\u0441\u0442\u0438, \u043e\u0441\u0442\u0430\u0432\u0430\u044f\u0441\u044c \u043b\u0435\u0433\u043a\u0438\u043c, \u043c\u044f\u0433\u043a\u0438\u043c \u0438 \u0432\u043e\u0437\u0434\u0443\u0445\u043e\u043f\u0440\u043e\u043d\u0438\u0446\u0430\u0435\u043c\u044b\u043c. \u041f\u043e\u0432\u044b\u0448\u0435\u043d\u043d\u0430\u044f \u0430\u0442\u043c\u043e\u0441\u0444\u0435\u0440\u043e\u0441\u0442\u043e\u0439\u043a\u043e\u0441\u0442\u044c \u0438 \u043f\u0440\u043e\u0447\u043d\u0430\u044f \u043a\u043e\u043d\u0441\u0442\u0440\u0443\u043a\u0446\u0438\u044f \u043e\u0437\u043d\u0430\u0447\u0430\u044e\u0442, \u0447\u0442\u043e \u044d\u0442\u0438 \u0442\u043a\u0430\u043d\u0438 \u0438\u0434\u0435\u0430\u043b\u044c\u043d\u043e \u043f\u043e\u0434\u0445\u043e\u0434\u044f\u0442 \u0434\u043b\u044f \u0438\u0441\u043f\u043e\u043b\u044c\u0437\u043e\u0432\u0430\u043d\u0438\u044f \u0432 \u0445\u043e\u043b\u043e\u0434\u043d\u043e\u0439 \u0438\u043b\u0438 \u0432\u043b\u0430\u0436\u043d\u043e\u0439 \u0441\u0440\u0435\u0434\u0435, \u0433\u0434\u0435 \u043e\u0447\u0435\u043d\u044c \u0432\u0430\u0436\u043d\u043e \u0441\u043e\u0445\u0440\u0430\u043d\u044f\u0442\u044c \u0442\u0435\u043f\u043b\u043e \u0438 \u0441\u0443\u0445\u043e\u0441\u0442\u044c.<\/li>\n<li><strong>Fill Power<\/strong>\u00a0- o caracteristic\u0103 care descrie capacitatea unei mase limitate de puf de a umple un anumit volum. Semnifica\u021bia fizic\u0103 Fill Power \u2013 este volumul \u00een inchi cubi ocupat de o uncie de puf. Cu c\u00e2t Fill Power este mai mare, cu at\u00e2t este considerat\u0103 o calitate mai bun\u0103 a pufului. Echipamentele Outdoor se folosesc cu valori de Fill Power de cel pu\u021bin 550 de unit\u0103\u021bi, valorile de Fill Power de 650 de unit\u0103\u021bi \u0219i mai sus sunt considerate bune. Puful cu valori ridicate Fill Power se distinge nu numai printr-un volum mare pe unitate de mas\u0103, ci \u0219i printr-un nivel mai sc\u0103zut de rezisten\u021b\u0103 termic\u0103 pe unitate de grosime \u00een compara\u021bie cu valorile standard.<\/li>\n<\/ul>\n<h3>Marca<\/h3>\n<p>Rab \u2014 este un produc\u0103tor britanic de \u00eembr\u0103c\u0103minte \u0219i echipamente pentru alpinism, al c\u0103rui punct forte \u00eel reprezint\u0103 \u00eembr\u0103c\u0103mintea sport tehnic\u0103 de \u00eenalt\u0103 calitate \u0219i tehnologic avansat\u0103, izola\u021bia din puf \u0219i p\u0103l\u0103riile. Balaclavele acestui produc\u0103tor, de exemplu, sunt unele dintre cele mai bune exemple de pe pia\u021b\u0103.<\/p>\n<p>Compania a fost fondat\u0103 \u00een 1981 de c\u0103tre Rab Carrington, alpinist sco\u021bian de top. Baz\u00e2ndu-se pe propria sa experien\u021b\u0103 \u00een numeroase expedi\u021bii, Carrington a creat \u00eembr\u0103c\u0103minte care s\u0103 ofere confort, protec\u021bie \u0219i libertate \u00een mun\u021bi, \u00een drume\u021bii, c\u0103\u021b\u0103r\u0103ri sau alpinism.<\/p>\n<p>Jachetele de puf, sacii de dormit \u0219i hainele de expedi\u021bie Rab sunt fabricate din puf european de g\u00e2sc\u0103 \u0219i ra\u021b\u0103, provenit din surse etice \u0219i certificat Responsible Down. O impregnare hidrofug\u0103 f\u0103r\u0103 fluorocarburi numit\u0103 Nikwax este, de asemenea, aplicat\u0103 pufului folosit \u00een haine \u0219i saci de dormit pentru a le \u00eempiedica s\u0103 se \u00eencarce cu ap\u0103. \u00cen plus, se folosesc \u0219i materiale sintetice de \u00eenalt\u0103 calitate pentru izolare. \u00cembr\u0103c\u0103mintea Rab a devenit \"sinonim\u0103 cu produsele din puf de \u00eenalt\u0103 calitate\".<\/p>","protected":false},"excerpt":{"rendered":"<p>Rab Electron Pro &#8212; \u0442\u0435\u043f\u043b\u0430\u044f \u0436\u0435\u043d\u0441\u043a\u0430\u044f \u043a\u0443\u0440\u0442\u043a\u0430-\u043f\u0443\u0445\u043e\u0432\u0438\u043a \u043f\u0440\u0435\u0434\u043d\u0430\u0437\u043d\u0430\u0447\u0435\u043d\u0430 \u0434\u043b\u044f \u0441\u0443\u0440\u043e\u0432\u044b\u0445 \u0437\u0438\u043c\u043d\u0438\u0445 \u043f\u0440\u0438\u043a\u043b\u044e\u0447\u0435\u043d\u0438\u0439, \u043f\u043e\u043b\u043d\u043e\u0441\u0442\u044c\u044e \u0432\u043e\u0434\u043e\u043d\u0435\u043f\u0440\u043e\u043d\u0438\u0446\u0430\u0435\u043c\u0430 \u0438 \u043d\u0430\u043f\u043e\u043b\u043d\u0435\u043d\u0430 \u0441\u0435\u0440\u0442\u0438\u0444\u0438\u0446\u0438\u0440\u043e\u0432\u0430\u043d\u043d\u044b\u043c \u0435\u0432\u0440\u043e\u043f\u0435\u0439\u0441\u043a\u0438\u043c \u0433\u0443\u0441\u0438\u043d\u044b\u043c \u043f\u0443\u0445\u043e\u043c 800 Fill Power. \u041f\u043e\u043b\u043d\u043e\u0441\u0442\u044c\u044e \u043f\u0440\u043e\u043a\u043b\u0435\u0435\u043d\u043d\u044b\u0435 \u0448\u0432\u044b \u0438 \u0432\u043e\u0434\u043e\u043d\u0435\u043f\u0440\u043e\u043d\u0438\u0446\u0430\u0435\u043c\u0430\u044f \u043c\u0435\u043c\u0431\u0440\u0430\u043d\u043d\u0430\u044f \u0442\u043a\u0430\u043d\u044c Pertex\u00ae Quantum Pro \u043e\u0431\u0435\u0441\u043f\u0435\u0447\u0438\u0432\u0430\u044e\u0442 \u043d\u0435\u043e\u0431\u0445\u043e\u0434\u0438\u043c\u0443\u044e \u0438\u0437\u043e\u043b\u044f\u0446\u0438\u044e \u0434\u043b\u044f \u043c\u0430\u043a\u0441\u0438\u043c\u0430\u043b\u044c\u043d\u043e\u0439 \u0437\u0430\u0449\u0438\u0442\u044b \u0432 \u0441\u044b\u0440\u0443\u044e \u043f\u043e\u0433\u043e\u0434\u0443. \u041a\u0430\u0436\u0434\u044b\u0439 \u043f\u0443\u0447\u043e\u043a \u043f\u0443\u0445\u0430 \u043e\u0431\u0440\u0430\u0431\u043e\u0442\u0430\u043d \u0441\u043f\u0435\u0446\u0438\u0430\u043b\u044c\u043d\u044b\u043c \u0433\u0438\u0434\u0440\u043e\u0444\u043e\u0431\u043d\u044b\u043c \u0432\u0435\u0449\u0435\u0441\u0442\u0432\u043e\u043c Nikwax, \u043a\u043e\u0442\u043e\u0440\u044b\u0439 \u0433\u0430\u0440\u0430\u043d\u0442\u0438\u0440\u0443\u0435\u0442 \u0443\u0441\u0442\u043e\u0439\u0447\u0438\u0432\u043e\u0441\u0442\u044c \u043a \u0432\u043b\u0430\u0433\u0435, [&hellip;]<\/p>\n","protected":false},"featured_media":80664,"comment_status":"open","ping_status":"closed","template":"","meta":{"_acf_changed":false,"inline_featured_image":false},"product_brand":[1442],"product_cat":[495],"product_tag":[],"class_list":{"0":"post-77424","1":"product","2":"type-product","3":"status-publish","4":"has-post-thumbnail","6":"product_brand-rab","7":"product_cat-down-jackets-femei","9":"first","10":"outofstock","11":"shipping-taxable","12":"product-type-simple"},"acf":[],"yoast_head":"<!-- This site is optimized with the Yoast SEO plugin v27.2 - https:\/\/yoast.com\/product\/yoast-seo-wordpress\/ -->\n<title>\u041a\u0443\u0440\u0442\u043a\u0430 Rab Electron Pro Wmn green slate - \u041c\u0430\u0433\u0430\u0437\u0438\u043d Xstyle<\/title>\n<meta name=\"description\" content=\"\u041a\u0443\u0440\u0442\u043a\u0430 Rab Electron Pro Wmn green slate \u2013 \u043b\u0435\u0433\u043a\u0430\u044f \u0438 \u0442\u0435\u043f\u043b\u0430\u044f, \u0441 800 Fill Power \u0438 \u0437\u0430\u0449\u0438\u0442\u043e\u0439 \u043e\u0442 \u0432\u043b\u0430\u0433\u0438. \u0418\u0434\u0435\u0430\u043b\u044c\u043d\u044b\u0439 \u0432\u044b\u0431\u043e\u0440 \u0434\u043b\u044f \u0430\u043a\u0442\u0438\u0432\u043d\u043e\u0433\u043e \u043e\u0442\u0434\u044b\u0445\u0430 \u043d\u0430 \u043f\u0440\u0438\u0440\u043e\u0434\u0435!\" \/>\n<meta name=\"robots\" content=\"index, follow, max-snippet:-1, max-image-preview:large, max-video-preview:-1\" \/>\n<link rel=\"canonical\" href=\"https:\/\/xstyle.md\/ro\/produs\/kurtka-rab-electron-pro-wmn-green-slate\/\" \/>\n<meta property=\"og:locale\" content=\"ro_RO\" \/>\n<meta property=\"og:type\" content=\"article\" \/>\n<meta property=\"og:title\" content=\"\u041a\u0443\u0440\u0442\u043a\u0430 Rab Electron Pro Wmn green slate - \u041c\u0430\u0433\u0430\u0437\u0438\u043d Xstyle\" \/>\n<meta property=\"og:description\" content=\"\u041a\u0443\u0440\u0442\u043a\u0430 Rab Electron Pro Wmn green slate \u2013 \u043b\u0435\u0433\u043a\u0430\u044f \u0438 \u0442\u0435\u043f\u043b\u0430\u044f, \u0441 800 Fill Power \u0438 \u0437\u0430\u0449\u0438\u0442\u043e\u0439 \u043e\u0442 \u0432\u043b\u0430\u0433\u0438. \u0418\u0434\u0435\u0430\u043b\u044c\u043d\u044b\u0439 \u0432\u044b\u0431\u043e\u0440 \u0434\u043b\u044f \u0430\u043a\u0442\u0438\u0432\u043d\u043e\u0433\u043e \u043e\u0442\u0434\u044b\u0445\u0430 \u043d\u0430 \u043f\u0440\u0438\u0440\u043e\u0434\u0435!\" \/>\n<meta property=\"og:url\" content=\"https:\/\/xstyle.md\/ro\/produs\/kurtka-rab-electron-pro-wmn-green-slate\/\" \/>\n<meta property=\"og:site_name\" content=\"\u041c\u0430\u0433\u0430\u0437\u0438\u043d Xstyle\" \/>\n<meta property=\"article:publisher\" content=\"https:\/\/www.facebook.com\/xstylemd\" \/>\n<meta property=\"article:modified_time\" content=\"2026-03-04T09:33:17+00:00\" \/>\n<meta property=\"og:image\" content=\"https:\/\/xstyle.md\/wp-content\/uploads\/2023\/12\/rab-electron-pro-wmn-green-slate-scaled.jpg\" \/>\n\t<meta property=\"og:image:width\" content=\"2560\" \/>\n\t<meta property=\"og:image:height\" content=\"2480\" \/>\n\t<meta property=\"og:image:type\" content=\"image\/jpeg\" \/>\n<meta name=\"twitter:card\" content=\"summary_large_image\" \/>\n<meta name=\"twitter:label1\" content=\"Pre\u021b\" \/>\n\t<meta name=\"twitter:data1\" content=\"4.890&nbsp;MDL\" \/>\n\t<meta name=\"twitter:label2\" content=\"Disponibilitate\" \/>\n\t<meta name=\"twitter:data2\" content=\"Stoc epuizat\" \/>\n<script type=\"application\/ld+json\" class=\"yoast-schema-graph\">{\"@context\":\"https:\/\/schema.org\",\"@graph\":[{\"@type\":\"WebPage\",\"@id\":\"https:\/\/xstyle.md\/product\/kurtka-rab-electron-pro-wmn-green-slate\/\",\"url\":\"https:\/\/xstyle.md\/product\/kurtka-rab-electron-pro-wmn-green-slate\/\",\"name\":\"\u041a\u0443\u0440\u0442\u043a\u0430 Rab Electron Pro Wmn green slate - \u041c\u0430\u0433\u0430\u0437\u0438\u043d Xstyle\",\"isPartOf\":{\"@id\":\"https:\/\/xstyle.md\/#website\"},\"primaryImageOfPage\":{\"@id\":\"https:\/\/xstyle.md\/product\/kurtka-rab-electron-pro-wmn-green-slate\/#primaryimage\"},\"image\":{\"@id\":\"https:\/\/xstyle.md\/product\/kurtka-rab-electron-pro-wmn-green-slate\/#primaryimage\"},\"thumbnailUrl\":\"https:\/\/xstyle.md\/wp-content\/uploads\/2023\/12\/rab-electron-pro-wmn-green-slate-scaled.jpg\",\"datePublished\":\"2023-12-21T09:14:45+00:00\",\"dateModified\":\"2026-03-04T09:33:17+00:00\",\"description\":\"\u041a\u0443\u0440\u0442\u043a\u0430 Rab Electron Pro Wmn green slate \u2013 \u043b\u0435\u0433\u043a\u0430\u044f \u0438 \u0442\u0435\u043f\u043b\u0430\u044f, \u0441 800 Fill Power \u0438 \u0437\u0430\u0449\u0438\u0442\u043e\u0439 \u043e\u0442 \u0432\u043b\u0430\u0433\u0438. \u0418\u0434\u0435\u0430\u043b\u044c\u043d\u044b\u0439 \u0432\u044b\u0431\u043e\u0440 \u0434\u043b\u044f \u0430\u043a\u0442\u0438\u0432\u043d\u043e\u0433\u043e \u043e\u0442\u0434\u044b\u0445\u0430 \u043d\u0430 \u043f\u0440\u0438\u0440\u043e\u0434\u0435!\",\"breadcrumb\":{\"@id\":\"https:\/\/xstyle.md\/product\/kurtka-rab-electron-pro-wmn-green-slate\/#breadcrumb\"},\"inLanguage\":\"ro-RO\",\"potentialAction\":[{\"@type\":\"ReadAction\",\"target\":[\"https:\/\/xstyle.md\/product\/kurtka-rab-electron-pro-wmn-green-slate\/\"]}]},{\"@type\":\"ImageObject\",\"inLanguage\":\"ro-RO\",\"@id\":\"https:\/\/xstyle.md\/product\/kurtka-rab-electron-pro-wmn-green-slate\/#primaryimage\",\"url\":\"https:\/\/xstyle.md\/wp-content\/uploads\/2023\/12\/rab-electron-pro-wmn-green-slate-scaled.jpg\",\"contentUrl\":\"https:\/\/xstyle.md\/wp-content\/uploads\/2023\/12\/rab-electron-pro-wmn-green-slate-scaled.jpg\",\"width\":1920,\"height\":1860,\"caption\":\"A technical midi-baffled down jacket offering the perfect blend of low weight, warmth and protection for the Alpine climber and mountaineer#Pertex\ufffd Quantum Pro ripstop nylon outer is windproof and water-resistant#Zoned midi and micro baffle stitch-through construction#Helmet compatible hood with drawcord adjustment and stiffened peak#High YKK\ufffd zipped hand pockets#Double ended full length front YKK\ufffd Vislon zip#Stretch armhole and adjustable hem w\/recycled tape#Main Fabric: 20D nylon Pertex\ufffd Quantum Pro, 40g\/m\ufffd, with DWR#Lining: Recycled 20D nylon, 38g\/m\ufffd#Insulation: 800 fill-power European goose down with Nikwax hydrophobic (water-resistant) finish (170g Size 12)#Composition: 100% polyamide with polyurethane coating and 100% recycled polyamide lining#Stuff sack included#Fit: Regular#Centre back length (Size 12): 74cm\/29inch#459g\/16.2oz#AW23-Green Slate colourway - The zip colour will be a closer match to the main fabric#AW23-Sahara colourway - The Rab logo colour will be more saturated\"},{\"@type\":\"BreadcrumbList\",\"@id\":\"https:\/\/xstyle.md\/product\/kurtka-rab-electron-pro-wmn-green-slate\/#breadcrumb\",\"itemListElement\":[{\"@type\":\"ListItem\",\"position\":1,\"name\":\"\u0413\u043b\u0430\u0432\u043d\u0430\u044f \u0441\u0442\u0440\u0430\u043d\u0438\u0446\u0430\",\"item\":\"https:\/\/xstyle.md\/\"},{\"@type\":\"ListItem\",\"position\":2,\"name\":\"\u041c\u0430\u0433\u0430\u0437\u0438\u043d\",\"item\":\"https:\/\/xstyle.md\/shop\/\"},{\"@type\":\"ListItem\",\"position\":3,\"name\":\"\u041a\u0443\u0440\u0442\u043a\u0430 Rab Electron Pro Wmn green slate\"}]},{\"@type\":\"WebSite\",\"@id\":\"https:\/\/xstyle.md\/#website\",\"url\":\"https:\/\/xstyle.md\/\",\"name\":\"\u041c\u0430\u0433\u0430\u0437\u0438\u043d Xstyle\",\"description\":\"C\u043d\u0430\u0440\u044f\u0436\u0435\u043d\u0438\u0435 \u0434\u043b\u044f \u0442\u0443\u0440\u0438\u0437\u043c\u0430 \u0438 \u044d\u043a\u0441\u0442\u0440\u0435\u043c\u0430\u043b\u044c\u043d\u044b\u0445 \u0432\u0438\u0434\u043e\u0432 \u0441\u043f\u043e\u0440\u0442\u0430 \u0432 \u041c\u043e\u043b\u0434\u043e\u0432\u0435.. \u0426\u0435\u043d\u044b, \u0444\u043e\u0442\u043e, \u0445\u0430\u0440\u0430\u043a\u0442\u0435\u0440\u0438\u0441\u0442\u0438\u043a\u0438 \u0432 \u041c\u043e\u043b\u0434\u043e\u0432\u0435.\",\"publisher\":{\"@id\":\"https:\/\/xstyle.md\/#organization\"},\"alternateName\":\"X-Style\",\"potentialAction\":[{\"@type\":\"SearchAction\",\"target\":{\"@type\":\"EntryPoint\",\"urlTemplate\":\"https:\/\/xstyle.md\/?s={search_term_string}\"},\"query-input\":{\"@type\":\"PropertyValueSpecification\",\"valueRequired\":true,\"valueName\":\"search_term_string\"}}],\"inLanguage\":\"ro-RO\"},{\"@type\":\"Organization\",\"@id\":\"https:\/\/xstyle.md\/#organization\",\"name\":\"\u041c\u0430\u0433\u0430\u0437\u0438\u043d Xstyle\",\"alternateName\":\"x-style\",\"url\":\"https:\/\/xstyle.md\/\",\"logo\":{\"@type\":\"ImageObject\",\"inLanguage\":\"ro-RO\",\"@id\":\"https:\/\/xstyle.md\/#\/schema\/logo\/image\/\",\"url\":\"https:\/\/xstyle.md\/wp-content\/uploads\/2020\/06\/logoicon.svg\",\"contentUrl\":\"https:\/\/xstyle.md\/wp-content\/uploads\/2020\/06\/logoicon.svg\",\"caption\":\"\u041c\u0430\u0433\u0430\u0437\u0438\u043d Xstyle\"},\"image\":{\"@id\":\"https:\/\/xstyle.md\/#\/schema\/logo\/image\/\"},\"sameAs\":[\"https:\/\/www.facebook.com\/xstylemd\",\"https:\/\/www.instagram.com\/xstyle_md\/\",\"https:\/\/t.me\/xstyle_outdoor\"],\"hasMerchantReturnPolicy\":{\"@type\":\"MerchantReturnPolicy\",\"merchantReturnLink\":\"https:\/\/xstyle.md\/ro\/conditions\/\"}}]}<\/script>\n<meta property=\"product:price:amount\" content=\"4890.00\" \/>\n<meta property=\"product:price:currency\" content=\"MDL\" \/>\n<meta property=\"og:availability\" content=\"out of stock\" \/>\n<meta property=\"product:availability\" content=\"out of stock\" \/>\n<meta property=\"product:retailer_item_id\" content=\"5059913085029\" \/>\n<meta property=\"product:condition\" content=\"new\" \/>\n<!-- \/ Yoast SEO plugin. -->","yoast_head_json":{"title":"Jachet\u0103 Rab Electron Pro Wmn green slate - Magazin Xstyle","description":"Jacket Rab Electron Pro Wmn green slate \u2013 u\u0219oar\u0103 \u0219i c\u0103lduroas\u0103, cu 800 Fill Power \u0219i protec\u021bie \u00eempotriva umezelii. O alegere perfect\u0103 pentru activit\u0103\u021bi recreative \u00een aer liber!","robots":{"index":"index","follow":"follow","max-snippet":"max-snippet:-1","max-image-preview":"max-image-preview:large","max-video-preview":"max-video-preview:-1"},"canonical":"https:\/\/xstyle.md\/ro\/produs\/kurtka-rab-electron-pro-wmn-green-slate\/","og_locale":"ro_RO","og_type":"article","og_title":"\u041a\u0443\u0440\u0442\u043a\u0430 Rab Electron Pro Wmn green slate - \u041c\u0430\u0433\u0430\u0437\u0438\u043d Xstyle","og_description":"\u041a\u0443\u0440\u0442\u043a\u0430 Rab Electron Pro Wmn green slate \u2013 \u043b\u0435\u0433\u043a\u0430\u044f \u0438 \u0442\u0435\u043f\u043b\u0430\u044f, \u0441 800 Fill Power \u0438 \u0437\u0430\u0449\u0438\u0442\u043e\u0439 \u043e\u0442 \u0432\u043b\u0430\u0433\u0438. \u0418\u0434\u0435\u0430\u043b\u044c\u043d\u044b\u0439 \u0432\u044b\u0431\u043e\u0440 \u0434\u043b\u044f \u0430\u043a\u0442\u0438\u0432\u043d\u043e\u0433\u043e \u043e\u0442\u0434\u044b\u0445\u0430 \u043d\u0430 \u043f\u0440\u0438\u0440\u043e\u0434\u0435!","og_url":"https:\/\/xstyle.md\/ro\/produs\/kurtka-rab-electron-pro-wmn-green-slate\/","og_site_name":"\u041c\u0430\u0433\u0430\u0437\u0438\u043d Xstyle","article_publisher":"https:\/\/www.facebook.com\/xstylemd","article_modified_time":"2026-03-04T09:33:17+00:00","og_image":[{"width":2560,"height":2480,"url":"https:\/\/xstyle.md\/wp-content\/uploads\/2023\/12\/rab-electron-pro-wmn-green-slate-scaled.jpg","type":"image\/jpeg"}],"twitter_card":"summary_large_image","twitter_misc":{"Pre\u021b":"4.890&nbsp;MDL","Disponibilitate":"Stoc epuizat"},"schema":{"@context":"https:\/\/schema.org","@graph":[{"@type":"WebPage","@id":"https:\/\/xstyle.md\/product\/kurtka-rab-electron-pro-wmn-green-slate\/","url":"https:\/\/xstyle.md\/product\/kurtka-rab-electron-pro-wmn-green-slate\/","name":"Jachet\u0103 Rab Electron Pro Wmn green slate - Magazin Xstyle","isPartOf":{"@id":"https:\/\/xstyle.md\/#website"},"primaryImageOfPage":{"@id":"https:\/\/xstyle.md\/product\/kurtka-rab-electron-pro-wmn-green-slate\/#primaryimage"},"image":{"@id":"https:\/\/xstyle.md\/product\/kurtka-rab-electron-pro-wmn-green-slate\/#primaryimage"},"thumbnailUrl":"https:\/\/xstyle.md\/wp-content\/uploads\/2023\/12\/rab-electron-pro-wmn-green-slate-scaled.jpg","datePublished":"2023-12-21T09:14:45+00:00","dateModified":"2026-03-04T09:33:17+00:00","description":"Jacket Rab Electron Pro Wmn green slate \u2013 u\u0219oar\u0103 \u0219i c\u0103lduroas\u0103, cu 800 Fill Power \u0219i protec\u021bie \u00eempotriva umezelii. O alegere perfect\u0103 pentru activit\u0103\u021bi recreative \u00een aer liber!","breadcrumb":{"@id":"https:\/\/xstyle.md\/product\/kurtka-rab-electron-pro-wmn-green-slate\/#breadcrumb"},"inLanguage":"ro-RO","potentialAction":[{"@type":"ReadAction","target":["https:\/\/xstyle.md\/product\/kurtka-rab-electron-pro-wmn-green-slate\/"]}]},{"@type":"ImageObject","inLanguage":"ro-RO","@id":"https:\/\/xstyle.md\/product\/kurtka-rab-electron-pro-wmn-green-slate\/#primaryimage","url":"https:\/\/xstyle.md\/wp-content\/uploads\/2023\/12\/rab-electron-pro-wmn-green-slate-scaled.jpg","contentUrl":"https:\/\/xstyle.md\/wp-content\/uploads\/2023\/12\/rab-electron-pro-wmn-green-slate-scaled.jpg","width":1920,"height":1860,"caption":"A technical midi-baffled down jacket offering the perfect blend of low weight, warmth and protection for the Alpine climber and mountaineer#Pertex\ufffd Quantum Pro ripstop nylon outer is windproof and water-resistant#Zoned midi and micro baffle stitch-through construction#Helmet compatible hood with drawcord adjustment and stiffened peak#High YKK\ufffd zipped hand pockets#Double ended full length front YKK\ufffd Vislon zip#Stretch armhole and adjustable hem w\/recycled tape#Main Fabric: 20D nylon Pertex\ufffd Quantum Pro, 40g\/m\ufffd, with DWR#Lining: Recycled 20D nylon, 38g\/m\ufffd#Insulation: 800 fill-power European goose down with Nikwax hydrophobic (water-resistant) finish (170g Size 12)#Composition: 100% polyamide with polyurethane coating and 100% recycled polyamide lining#Stuff sack included#Fit: Regular#Centre back length (Size 12): 74cm\/29inch#459g\/16.2oz#AW23-Green Slate colourway - The zip colour will be a closer match to the main fabric#AW23-Sahara colourway - The Rab logo colour will be more saturated"},{"@type":"BreadcrumbList","@id":"https:\/\/xstyle.md\/product\/kurtka-rab-electron-pro-wmn-green-slate\/#breadcrumb","itemListElement":[{"@type":"ListItem","position":1,"name":"\u0413\u043b\u0430\u0432\u043d\u0430\u044f \u0441\u0442\u0440\u0430\u043d\u0438\u0446\u0430","item":"https:\/\/xstyle.md\/"},{"@type":"ListItem","position":2,"name":"\u041c\u0430\u0433\u0430\u0437\u0438\u043d","item":"https:\/\/xstyle.md\/shop\/"},{"@type":"ListItem","position":3,"name":"\u041a\u0443\u0440\u0442\u043a\u0430 Rab Electron Pro Wmn green slate"}]},{"@type":"WebSite","@id":"https:\/\/xstyle.md\/#website","url":"https:\/\/xstyle.md\/","name":"Magazinul X-Style","description":"Echipamente pentru turism \u0219i sporturi extreme \u00een Moldova. Pre\u021buri, fotografii, caracteristici \u00een Moldova.","publisher":{"@id":"https:\/\/xstyle.md\/#organization"},"alternateName":"X-Style","potentialAction":[{"@type":"SearchAction","target":{"@type":"EntryPoint","urlTemplate":"https:\/\/xstyle.md\/?s={search_term_string}"},"query-input":{"@type":"PropertyValueSpecification","valueRequired":true,"valueName":"search_term_string"}}],"inLanguage":"ro-RO"},{"@type":"Organization","@id":"https:\/\/xstyle.md\/#organization","name":"Magazinul X-Style","alternateName":"x-style","url":"https:\/\/xstyle.md\/","logo":{"@type":"ImageObject","inLanguage":"ro-RO","@id":"https:\/\/xstyle.md\/#\/schema\/logo\/image\/","url":"https:\/\/xstyle.md\/wp-content\/uploads\/2020\/06\/logoicon.svg","contentUrl":"https:\/\/xstyle.md\/wp-content\/uploads\/2020\/06\/logoicon.svg","caption":"\u041c\u0430\u0433\u0430\u0437\u0438\u043d Xstyle"},"image":{"@id":"https:\/\/xstyle.md\/#\/schema\/logo\/image\/"},"sameAs":["https:\/\/www.facebook.com\/xstylemd","https:\/\/www.instagram.com\/xstyle_md\/","https:\/\/t.me\/xstyle_outdoor"],"hasMerchantReturnPolicy":{"@type":"MerchantReturnPolicy","merchantReturnLink":"https:\/\/xstyle.md\/ro\/conditions\/"}}]},"product_price_amount":"4890.00","product_price_currency":"MDL","og_availability":"out of stock","product_availability":"out of stock","product_retailer_item_id":"5059913085029","product_condition":"new"},"post_mailing_queue_ids":[],"_links":{"self":[{"href":"https:\/\/xstyle.md\/ro\/wp-json\/wp\/v2\/product\/77424","targetHints":{"allow":["GET"]}}],"collection":[{"href":"https:\/\/xstyle.md\/ro\/wp-json\/wp\/v2\/product"}],"about":[{"href":"https:\/\/xstyle.md\/ro\/wp-json\/wp\/v2\/types\/product"}],"replies":[{"embeddable":true,"href":"https:\/\/xstyle.md\/ro\/wp-json\/wp\/v2\/comments?post=77424"}],"wp:featuredmedia":[{"embeddable":true,"href":"https:\/\/xstyle.md\/ro\/wp-json\/wp\/v2\/media\/80664"}],"wp:attachment":[{"href":"https:\/\/xstyle.md\/ro\/wp-json\/wp\/v2\/media?parent=77424"}],"wp:term":[{"taxonomy":"product_brand","embeddable":true,"href":"https:\/\/xstyle.md\/ro\/wp-json\/wp\/v2\/product_brand?post=77424"},{"taxonomy":"product_cat","embeddable":true,"href":"https:\/\/xstyle.md\/ro\/wp-json\/wp\/v2\/product_cat?post=77424"},{"taxonomy":"product_tag","embeddable":true,"href":"https:\/\/xstyle.md\/ro\/wp-json\/wp\/v2\/product_tag?post=77424"}],"curies":[{"name":"wp","href":"https:\/\/api.w.org\/{rel}","templated":true}]}}