{"id":77418,"date":"2023-12-21T12:14:45","date_gmt":"2023-12-21T09:14:45","guid":{"rendered":"https:\/\/xstyle.md\/?post_type=product&#038;p=77418"},"modified":"2025-09-03T20:01:24","modified_gmt":"2025-09-03T17:01:24","slug":"kurtka-rab-alpine-light-vr-mns-light-khaki","status":"publish","type":"product","link":"https:\/\/xstyle.md\/ro\/produs\/kurtka-rab-alpine-light-vr-mns-light-khaki\/","title":{"rendered":"Geac\u0103 Rab Alpine Light VR Mns light khaki"},"content":{"rendered":"<\/p>\n<p><strong>Rab Alpine Light VR<\/strong> &#8212; o\u00a0jachet\u0103 softshell u\u0219oar\u0103, fabricat\u0103 din Pertex\u00ae Quantum Air, rezistent\u0103 la v\u00e2nt, dar foarte respirabil\u0103, cu impregnare DWR, pentru a v\u0103 proteja de v\u00e2nturile puternice \u00een timpul activit\u0103\u021bilor montane rapide \u0219i viguroase. Tehnologia Vapour-Rise\u2122 \u0219i \u021bes\u0103tura adaptat\u0103 la corp regleaz\u0103 eficient temperatura, \u00een timp ce o plas\u0103 mai u\u0219oar\u0103 \u0219i cu absorb\u021bie rapid\u0103 \u00een zonele cu temperaturi ridicate, cum ar fi subsuorile \u0219i spatele, v\u0103 men\u021bine confortabil, uscat \u0219i cald.<\/p>\n<p>Detaliile de protec\u021bie au fost concepute cu g\u00e2ndul la c\u0103\u021b\u0103r\u0103rile dificile, cum ar fi gluga compatibil\u0103 cu casca, cu o gur\u0103 de aerisire a fe\u021bei complet elastic\u0103 pentru a \u021bine frigul departe de v\u00e2nt, \u0219i fermoarul frontal cu dou\u0103 direc\u021bii, u\u0219or de asigurat, cu protec\u021bie pentru b\u0103rbie c\u0103ptu\u0219it\u0103 cu fleece c\u0103ptu\u0219it. Man\u0219etele elastice \u0219i reglarea u\u0219oar\u0103 a tivului din spate v\u0103 ajut\u0103 s\u0103 v\u0103 men\u021bine\u021bi c\u0103ldura atunci c\u00e2nd aborda\u021bi st\u00e2nci expuse, \u00een timp ce buzunarele mari de la piept ofer\u0103 o depozitare \u0219i o ventila\u021bie ample.<\/p>\n<h3>Particularit\u0103\u021bi<\/h3>\n<ul>\n<li>Glug\u0103 complet reglabil\u0103 cu vizier\u0103 flexibil\u0103 din polimer<\/li>\n<li>Partea din fa\u021b\u0103 din nailon elastic<\/li>\n<li>C\u0103ptu\u0219eal\u0103 din fleece din fibr\u0103 de poliester \u00een form\u0103 de fagure de miere<\/li>\n<li>Fermoar frontal YKK\u00ae VISLON \u00een dou\u0103 direc\u021bii cu clapet\u0103 intern\u0103<\/li>\n<li>2 buzunare mari la piept cu fermoare YKK\u00ae.<\/li>\n<li>Man\u0219ete elastice<\/li>\n<li>\u0218nur ajustabil la tivul cu cordon<\/li>\n<\/ul>\n<h3>Caracteristici<\/h3>\n<ul>\n<li>Membran\u0103 &#8212; 20D Pertex\u00ae Quantum Air cu DWR<\/li>\n<li>Scop &#8212; sporturi active\/ casual<\/li>\n<li>Sezonul &#8212; prim\u0103var\u0103\/toamn\u0103\/iarn\u0103<\/li>\n<li>Model - b\u0103rba\u021bi<\/li>\n<\/ul>\n<h3>Tehnologie<\/h3>\n<ul>\n<li><strong>Pertex<\/strong>\u00ae<strong>Quantum Air<\/strong> &#8212; tes\u0103tur\u0103 cu membran\u0103 cu respirabilitate crescut\u0103 care ofer\u0103 rezisten\u021b\u0103 la v\u00e2nt, dar \u0219i o bun\u0103 respirabilitate pentru a ajuta la reglarea temperaturii corpului \u0219i pentru a v\u0103 men\u021bine confortabil pentru mai mult timp. Un strat hidrofug durabil (DWR) protejeaz\u0103 \u00eempotriva ploii \u0219i a z\u0103pezii, oferind protec\u021bie suplimentar\u0103 \u00eempotriva intemperiilor.<\/li>\n<li><strong>Sistemul Vapour-Rise\u2122<\/strong> &#8212; moale la interior \u0219i protectoare la exterior, aceast\u0103 \u021bes\u0103tur\u0103 este cald\u0103, foarte absorbant\u0103 \u0219i rezistent\u0103 la v\u00e2nt. Regleaz\u0103 eficient temperatura \u0219i v\u0103 men\u021bine uscat, fiind ideal pentru condi\u021bii extreme, temperaturi sc\u0103zute \u0219i schi montan.<\/li>\n<li><strong>YKK\u00ae<\/strong> \u2013 fermoare de \u00eenalt\u0103 calitate fabricate de compania japonez\u0103 YKK Group, certificate pentru conformitatea cu standardele interna\u021bionale. Rezistente la sarcini de for\u021b\u0103 mare \u0219i la coroziune. Sunt utilizate \u00een produse cu cel mai \u00eenalt grad de fiabilitate.<\/li>\n<\/ul>\n<h3>Marca<\/h3>\n<p>Rab este un produc\u0103tor britanic de \u00eembr\u0103c\u0103minte \u0219i echipament pentru alpinism \u0219i escalad\u0103, specializat \u00een \u00eembr\u0103c\u0103minte sport tehnic\u0103 de \u00eenalt\u0103 calitate \u0219i avansat\u0103 din punct de vedere tehnologic, izola\u021bie din puf \u0219i c\u0103ciuli. Balaclavele acestui produc\u0103tor, de exemplu, sunt printre cele mai bune exemple de pe pia\u021b\u0103, sacii de dormit se remarc\u0103, de asemenea, prin grija lor.<\/p>\n<p>Compania a fost fondat\u0103 \u00een 1981 de c\u0103tre renumitul alpinist sco\u021bian Rab Carrington. Baz\u00e2ndu-se pe propria experien\u021b\u0103 \u00een numeroase expedi\u021bii, Carrington a creat \u00eembr\u0103c\u0103minte pentru a oferi confort, protec\u021bie \u0219i libertate \u00een mun\u021bi, \u00een drume\u021bii, c\u0103\u021b\u0103rare sau alpinism.<\/p>\n<p>Jachetele din puf, sacii de dormit \u0219i hainele de expedi\u021bie Rab sunt fabricate din puf de g\u00e2sc\u0103 \u0219i ra\u021b\u0103 european, de origine etic\u0103, cu certificare Responsible Down. De asemenea, pe puful folosit \u00een hainele \u0219i sacii de dormit se aplic\u0103 o impregnare hidrofug\u0103 f\u0103r\u0103 fluorocarbon, numit\u0103 Nikwax, pentru a preveni \u00eenc\u0103rcarea cu ap\u0103. \u00cen plus, pentru izolare se folosesc \u0219i materiale sintetice de \u00eenalt\u0103 calitate. \u00cembr\u0103c\u0103mintea Rab a devenit &#171;sinonim\u0103 cu produsele din puf de \u00eenalt\u0103 calitate&#187;.<\/p>\n<p><\/p>","protected":false},"excerpt":{"rendered":"","protected":false},"featured_media":77870,"comment_status":"open","ping_status":"closed","template":"","meta":{"_acf_changed":false,"inline_featured_image":false},"product_brand":[1442],"product_cat":[356],"product_tag":[],"class_list":{"0":"post-77418","1":"product","2":"type-product","3":"status-publish","4":"has-post-thumbnail","6":"product_brand-rab","7":"product_cat-softshell-jackets-barbati","9":"first","10":"outofstock","11":"shipping-taxable","12":"product-type-simple"},"acf":[],"yoast_head":"<!-- This site is optimized with the Yoast SEO plugin v27.2 - https:\/\/yoast.com\/product\/yoast-seo-wordpress\/ -->\n<title>\u041a\u0443\u0440\u0442\u043a\u0430 Rab Alpine Light VR Mns light khaki - \u041c\u0430\u0433\u0430\u0437\u0438\u043d Xstyle<\/title>\n<meta name=\"description\" content=\"\u041b\u0435\u0433\u043a\u0430\u044f \u043a\u0443\u0440\u0442\u043a\u0430 Rab Alpine Light VR Mns \u0432 \u0446\u0432\u0435\u0442\u0435 light khaki \u2013 \u0438\u0434\u0435\u0430\u043b\u044c\u043d\u044b\u0439 \u0432\u044b\u0431\u043e\u0440 \u0434\u043b\u044f \u0430\u043a\u0442\u0438\u0432\u043d\u043e\u0433\u043e \u043e\u0442\u0434\u044b\u0445\u0430. \u0414\u044b\u0448\u0430\u0449\u0438\u0439 \u043c\u0430\u0442\u0435\u0440\u0438\u0430\u043b Pertex Quantum \u0437\u0430\u0449\u0438\u0449\u0430\u0435\u0442 \u043e\u0442 \u0432\u0435\u0442\u0440\u0430.\" \/>\n<meta name=\"robots\" content=\"index, follow, max-snippet:-1, max-image-preview:large, max-video-preview:-1\" \/>\n<link rel=\"canonical\" href=\"https:\/\/xstyle.md\/ro\/produs\/kurtka-rab-alpine-light-vr-mns-light-khaki\/\" \/>\n<meta property=\"og:locale\" content=\"ro_RO\" \/>\n<meta property=\"og:type\" content=\"article\" \/>\n<meta property=\"og:title\" content=\"\u041a\u0443\u0440\u0442\u043a\u0430 Rab Alpine Light VR Mns light khaki - \u041c\u0430\u0433\u0430\u0437\u0438\u043d Xstyle\" \/>\n<meta property=\"og:description\" content=\"\u041b\u0435\u0433\u043a\u0430\u044f \u043a\u0443\u0440\u0442\u043a\u0430 Rab Alpine Light VR Mns \u0432 \u0446\u0432\u0435\u0442\u0435 light khaki \u2013 \u0438\u0434\u0435\u0430\u043b\u044c\u043d\u044b\u0439 \u0432\u044b\u0431\u043e\u0440 \u0434\u043b\u044f \u0430\u043a\u0442\u0438\u0432\u043d\u043e\u0433\u043e \u043e\u0442\u0434\u044b\u0445\u0430. \u0414\u044b\u0448\u0430\u0449\u0438\u0439 \u043c\u0430\u0442\u0435\u0440\u0438\u0430\u043b Pertex Quantum \u0437\u0430\u0449\u0438\u0449\u0430\u0435\u0442 \u043e\u0442 \u0432\u0435\u0442\u0440\u0430.\" \/>\n<meta property=\"og:url\" content=\"https:\/\/xstyle.md\/ro\/produs\/kurtka-rab-alpine-light-vr-mns-light-khaki\/\" \/>\n<meta property=\"og:site_name\" content=\"\u041c\u0430\u0433\u0430\u0437\u0438\u043d Xstyle\" \/>\n<meta property=\"article:publisher\" content=\"https:\/\/www.facebook.com\/xstylemd\" \/>\n<meta property=\"article:modified_time\" content=\"2025-09-03T17:01:24+00:00\" \/>\n<meta property=\"og:image\" content=\"https:\/\/xstyle.md\/wp-content\/uploads\/2023\/12\/rab-alpine-light-vr-mns-light-khaki-scaled.jpg\" \/>\n\t<meta property=\"og:image:width\" content=\"2528\" \/>\n\t<meta property=\"og:image:height\" content=\"2560\" \/>\n\t<meta property=\"og:image:type\" content=\"image\/jpeg\" \/>\n<meta name=\"twitter:card\" content=\"summary_large_image\" \/>\n<meta name=\"twitter:label1\" content=\"Pre\u021b\" \/>\n\t<meta name=\"twitter:data1\" content=\"2.580&nbsp;MDL\" \/>\n\t<meta name=\"twitter:label2\" content=\"Disponibilitate\" \/>\n\t<meta name=\"twitter:data2\" content=\"Stoc epuizat\" \/>\n<script type=\"application\/ld+json\" class=\"yoast-schema-graph\">{\"@context\":\"https:\/\/schema.org\",\"@graph\":[{\"@type\":\"WebPage\",\"@id\":\"https:\/\/xstyle.md\/product\/kurtka-rab-alpine-light-vr-mns-light-khaki\/\",\"url\":\"https:\/\/xstyle.md\/product\/kurtka-rab-alpine-light-vr-mns-light-khaki\/\",\"name\":\"\u041a\u0443\u0440\u0442\u043a\u0430 Rab Alpine Light VR Mns light khaki - \u041c\u0430\u0433\u0430\u0437\u0438\u043d Xstyle\",\"isPartOf\":{\"@id\":\"https:\/\/xstyle.md\/#website\"},\"primaryImageOfPage\":{\"@id\":\"https:\/\/xstyle.md\/product\/kurtka-rab-alpine-light-vr-mns-light-khaki\/#primaryimage\"},\"image\":{\"@id\":\"https:\/\/xstyle.md\/product\/kurtka-rab-alpine-light-vr-mns-light-khaki\/#primaryimage\"},\"thumbnailUrl\":\"https:\/\/xstyle.md\/wp-content\/uploads\/2023\/12\/rab-alpine-light-vr-mns-light-khaki-scaled.jpg\",\"datePublished\":\"2023-12-21T09:14:45+00:00\",\"dateModified\":\"2025-09-03T17:01:24+00:00\",\"description\":\"\u041b\u0435\u0433\u043a\u0430\u044f \u043a\u0443\u0440\u0442\u043a\u0430 Rab Alpine Light VR Mns \u0432 \u0446\u0432\u0435\u0442\u0435 light khaki \u2013 \u0438\u0434\u0435\u0430\u043b\u044c\u043d\u044b\u0439 \u0432\u044b\u0431\u043e\u0440 \u0434\u043b\u044f \u0430\u043a\u0442\u0438\u0432\u043d\u043e\u0433\u043e \u043e\u0442\u0434\u044b\u0445\u0430. \u0414\u044b\u0448\u0430\u0449\u0438\u0439 \u043c\u0430\u0442\u0435\u0440\u0438\u0430\u043b Pertex Quantum \u0437\u0430\u0449\u0438\u0449\u0430\u0435\u0442 \u043e\u0442 \u0432\u0435\u0442\u0440\u0430.\",\"breadcrumb\":{\"@id\":\"https:\/\/xstyle.md\/product\/kurtka-rab-alpine-light-vr-mns-light-khaki\/#breadcrumb\"},\"inLanguage\":\"ro-RO\",\"potentialAction\":[{\"@type\":\"ReadAction\",\"target\":[\"https:\/\/xstyle.md\/product\/kurtka-rab-alpine-light-vr-mns-light-khaki\/\"]}]},{\"@type\":\"ImageObject\",\"inLanguage\":\"ro-RO\",\"@id\":\"https:\/\/xstyle.md\/product\/kurtka-rab-alpine-light-vr-mns-light-khaki\/#primaryimage\",\"url\":\"https:\/\/xstyle.md\/wp-content\/uploads\/2023\/12\/rab-alpine-light-vr-mns-light-khaki-scaled.jpg\",\"contentUrl\":\"https:\/\/xstyle.md\/wp-content\/uploads\/2023\/12\/rab-alpine-light-vr-mns-light-khaki-scaled.jpg\",\"width\":1896,\"height\":1920,\"caption\":\"\u041b\u0435\u0433\u043a\u0430\u044f \u043f\u043e\u0445\u043e\u0434\u043d\u0430\u044f \u043a\u0443\u0440\u0442\u043a\u0430 Rab Alpine Light VR Mns \u0432 \u0441\u0432\u0435\u0442\u043b\u043e-\u0445\u0430\u043a\u043a\u0438 \u0434\u043b\u044f \u0430\u043a\u0442\u0438\u0432\u043d\u043e\u0433\u043e \u043e\u0442\u0434\u044b\u0445\u0430, \u0430\u043b\u044c\u043f\u0438\u043d\u0438\u0437\u043c\u0430, \u0442\u0443\u0440\u0438\u0437\u043c\u0430 \u0438 \u043f\u0443\u0442\u0435\u0448\u0435\u0441\u0442\u0432\u0438\u0439 \u0432 \u0438\u043d\u0442\u0435\u0440\u043d\u0435\u0442-\u043c\u0430\u0433\u0430\u0437\u0438\u043d\u0435 \u0442\u043e\u0432\u0430\u0440\u043e\u0432 \u0434\u043b\u044f \u0430\u043a\u0442\u0438\u0432\u043d\u043e\u0439 \u0436\u0438\u0437\u043d\u0438\"},{\"@type\":\"BreadcrumbList\",\"@id\":\"https:\/\/xstyle.md\/product\/kurtka-rab-alpine-light-vr-mns-light-khaki\/#breadcrumb\",\"itemListElement\":[{\"@type\":\"ListItem\",\"position\":1,\"name\":\"\u0413\u043b\u0430\u0432\u043d\u0430\u044f \u0441\u0442\u0440\u0430\u043d\u0438\u0446\u0430\",\"item\":\"https:\/\/xstyle.md\/\"},{\"@type\":\"ListItem\",\"position\":2,\"name\":\"\u041c\u0430\u0433\u0430\u0437\u0438\u043d\",\"item\":\"https:\/\/xstyle.md\/shop\/\"},{\"@type\":\"ListItem\",\"position\":3,\"name\":\"\u041a\u0443\u0440\u0442\u043a\u0430 Rab Alpine Light VR Mns light khaki\"}]},{\"@type\":\"WebSite\",\"@id\":\"https:\/\/xstyle.md\/#website\",\"url\":\"https:\/\/xstyle.md\/\",\"name\":\"\u041c\u0430\u0433\u0430\u0437\u0438\u043d Xstyle\",\"description\":\"C\u043d\u0430\u0440\u044f\u0436\u0435\u043d\u0438\u0435 \u0434\u043b\u044f \u0442\u0443\u0440\u0438\u0437\u043c\u0430 \u0438 \u044d\u043a\u0441\u0442\u0440\u0435\u043c\u0430\u043b\u044c\u043d\u044b\u0445 \u0432\u0438\u0434\u043e\u0432 \u0441\u043f\u043e\u0440\u0442\u0430 \u0432 \u041c\u043e\u043b\u0434\u043e\u0432\u0435.. \u0426\u0435\u043d\u044b, \u0444\u043e\u0442\u043e, \u0445\u0430\u0440\u0430\u043a\u0442\u0435\u0440\u0438\u0441\u0442\u0438\u043a\u0438 \u0432 \u041c\u043e\u043b\u0434\u043e\u0432\u0435.\",\"publisher\":{\"@id\":\"https:\/\/xstyle.md\/#organization\"},\"alternateName\":\"X-Style\",\"potentialAction\":[{\"@type\":\"SearchAction\",\"target\":{\"@type\":\"EntryPoint\",\"urlTemplate\":\"https:\/\/xstyle.md\/?s={search_term_string}\"},\"query-input\":{\"@type\":\"PropertyValueSpecification\",\"valueRequired\":true,\"valueName\":\"search_term_string\"}}],\"inLanguage\":\"ro-RO\"},{\"@type\":\"Organization\",\"@id\":\"https:\/\/xstyle.md\/#organization\",\"name\":\"\u041c\u0430\u0433\u0430\u0437\u0438\u043d Xstyle\",\"alternateName\":\"x-style\",\"url\":\"https:\/\/xstyle.md\/\",\"logo\":{\"@type\":\"ImageObject\",\"inLanguage\":\"ro-RO\",\"@id\":\"https:\/\/xstyle.md\/#\/schema\/logo\/image\/\",\"url\":\"https:\/\/xstyle.md\/wp-content\/uploads\/2020\/06\/logoicon.svg\",\"contentUrl\":\"https:\/\/xstyle.md\/wp-content\/uploads\/2020\/06\/logoicon.svg\",\"caption\":\"\u041c\u0430\u0433\u0430\u0437\u0438\u043d Xstyle\"},\"image\":{\"@id\":\"https:\/\/xstyle.md\/#\/schema\/logo\/image\/\"},\"sameAs\":[\"https:\/\/www.facebook.com\/xstylemd\",\"https:\/\/www.instagram.com\/xstyle_md\/\",\"https:\/\/t.me\/xstyle_outdoor\"],\"hasMerchantReturnPolicy\":{\"@type\":\"MerchantReturnPolicy\",\"merchantReturnLink\":\"https:\/\/xstyle.md\/ro\/conditions\/\"}}]}<\/script>\n<meta property=\"product:price:amount\" content=\"2580.00\" \/>\n<meta property=\"product:price:currency\" content=\"MDL\" \/>\n<meta property=\"og:availability\" content=\"out of stock\" \/>\n<meta property=\"product:availability\" content=\"out of stock\" \/>\n<meta property=\"product:retailer_item_id\" content=\"5059913079998\" \/>\n<meta property=\"product:condition\" content=\"new\" \/>\n<!-- \/ Yoast SEO plugin. -->","yoast_head_json":{"title":"Geac\u0103 Rab Alpine Light VR Mns light khaki - Magazin Xstyle","description":"Jacheta u\u0219oar\u0103 Rab Alpine Light VR Mns \u00een culoarea light khaki este alegerea perfect\u0103 pentru activit\u0103\u021bi \u00een aer liber. Materialul respirabil Pertex Quantum protejeaz\u0103 \u00eempotriva v\u00e2ntului.","robots":{"index":"index","follow":"follow","max-snippet":"max-snippet:-1","max-image-preview":"max-image-preview:large","max-video-preview":"max-video-preview:-1"},"canonical":"https:\/\/xstyle.md\/ro\/produs\/kurtka-rab-alpine-light-vr-mns-light-khaki\/","og_locale":"ro_RO","og_type":"article","og_title":"\u041a\u0443\u0440\u0442\u043a\u0430 Rab Alpine Light VR Mns light khaki - \u041c\u0430\u0433\u0430\u0437\u0438\u043d Xstyle","og_description":"\u041b\u0435\u0433\u043a\u0430\u044f \u043a\u0443\u0440\u0442\u043a\u0430 Rab Alpine Light VR Mns \u0432 \u0446\u0432\u0435\u0442\u0435 light khaki \u2013 \u0438\u0434\u0435\u0430\u043b\u044c\u043d\u044b\u0439 \u0432\u044b\u0431\u043e\u0440 \u0434\u043b\u044f \u0430\u043a\u0442\u0438\u0432\u043d\u043e\u0433\u043e \u043e\u0442\u0434\u044b\u0445\u0430. \u0414\u044b\u0448\u0430\u0449\u0438\u0439 \u043c\u0430\u0442\u0435\u0440\u0438\u0430\u043b Pertex Quantum \u0437\u0430\u0449\u0438\u0449\u0430\u0435\u0442 \u043e\u0442 \u0432\u0435\u0442\u0440\u0430.","og_url":"https:\/\/xstyle.md\/ro\/produs\/kurtka-rab-alpine-light-vr-mns-light-khaki\/","og_site_name":"\u041c\u0430\u0433\u0430\u0437\u0438\u043d Xstyle","article_publisher":"https:\/\/www.facebook.com\/xstylemd","article_modified_time":"2025-09-03T17:01:24+00:00","og_image":[{"width":2528,"height":2560,"url":"https:\/\/xstyle.md\/wp-content\/uploads\/2023\/12\/rab-alpine-light-vr-mns-light-khaki-scaled.jpg","type":"image\/jpeg"}],"twitter_card":"summary_large_image","twitter_misc":{"Pre\u021b":"2.580&nbsp;MDL","Disponibilitate":"Stoc epuizat"},"schema":{"@context":"https:\/\/schema.org","@graph":[{"@type":"WebPage","@id":"https:\/\/xstyle.md\/product\/kurtka-rab-alpine-light-vr-mns-light-khaki\/","url":"https:\/\/xstyle.md\/product\/kurtka-rab-alpine-light-vr-mns-light-khaki\/","name":"Geac\u0103 Rab Alpine Light VR Mns light khaki - Magazin Xstyle","isPartOf":{"@id":"https:\/\/xstyle.md\/#website"},"primaryImageOfPage":{"@id":"https:\/\/xstyle.md\/product\/kurtka-rab-alpine-light-vr-mns-light-khaki\/#primaryimage"},"image":{"@id":"https:\/\/xstyle.md\/product\/kurtka-rab-alpine-light-vr-mns-light-khaki\/#primaryimage"},"thumbnailUrl":"https:\/\/xstyle.md\/wp-content\/uploads\/2023\/12\/rab-alpine-light-vr-mns-light-khaki-scaled.jpg","datePublished":"2023-12-21T09:14:45+00:00","dateModified":"2025-09-03T17:01:24+00:00","description":"Jacheta u\u0219oar\u0103 Rab Alpine Light VR Mns \u00een culoarea light khaki este alegerea perfect\u0103 pentru activit\u0103\u021bi \u00een aer liber. Materialul respirabil Pertex Quantum protejeaz\u0103 \u00eempotriva v\u00e2ntului.","breadcrumb":{"@id":"https:\/\/xstyle.md\/product\/kurtka-rab-alpine-light-vr-mns-light-khaki\/#breadcrumb"},"inLanguage":"ro-RO","potentialAction":[{"@type":"ReadAction","target":["https:\/\/xstyle.md\/product\/kurtka-rab-alpine-light-vr-mns-light-khaki\/"]}]},{"@type":"ImageObject","inLanguage":"ro-RO","@id":"https:\/\/xstyle.md\/product\/kurtka-rab-alpine-light-vr-mns-light-khaki\/#primaryimage","url":"https:\/\/xstyle.md\/wp-content\/uploads\/2023\/12\/rab-alpine-light-vr-mns-light-khaki-scaled.jpg","contentUrl":"https:\/\/xstyle.md\/wp-content\/uploads\/2023\/12\/rab-alpine-light-vr-mns-light-khaki-scaled.jpg","width":1896,"height":1920,"caption":"\u041b\u0435\u0433\u043a\u0430\u044f \u043f\u043e\u0445\u043e\u0434\u043d\u0430\u044f \u043a\u0443\u0440\u0442\u043a\u0430 Rab Alpine Light VR Mns \u0432 \u0441\u0432\u0435\u0442\u043b\u043e-\u0445\u0430\u043a\u043a\u0438 \u0434\u043b\u044f \u0430\u043a\u0442\u0438\u0432\u043d\u043e\u0433\u043e \u043e\u0442\u0434\u044b\u0445\u0430, \u0430\u043b\u044c\u043f\u0438\u043d\u0438\u0437\u043c\u0430, \u0442\u0443\u0440\u0438\u0437\u043c\u0430 \u0438 \u043f\u0443\u0442\u0435\u0448\u0435\u0441\u0442\u0432\u0438\u0439 \u0432 \u0438\u043d\u0442\u0435\u0440\u043d\u0435\u0442-\u043c\u0430\u0433\u0430\u0437\u0438\u043d\u0435 \u0442\u043e\u0432\u0430\u0440\u043e\u0432 \u0434\u043b\u044f \u0430\u043a\u0442\u0438\u0432\u043d\u043e\u0439 \u0436\u0438\u0437\u043d\u0438"},{"@type":"BreadcrumbList","@id":"https:\/\/xstyle.md\/product\/kurtka-rab-alpine-light-vr-mns-light-khaki\/#breadcrumb","itemListElement":[{"@type":"ListItem","position":1,"name":"\u0413\u043b\u0430\u0432\u043d\u0430\u044f \u0441\u0442\u0440\u0430\u043d\u0438\u0446\u0430","item":"https:\/\/xstyle.md\/"},{"@type":"ListItem","position":2,"name":"\u041c\u0430\u0433\u0430\u0437\u0438\u043d","item":"https:\/\/xstyle.md\/shop\/"},{"@type":"ListItem","position":3,"name":"\u041a\u0443\u0440\u0442\u043a\u0430 Rab Alpine Light VR Mns light khaki"}]},{"@type":"WebSite","@id":"https:\/\/xstyle.md\/#website","url":"https:\/\/xstyle.md\/","name":"Magazinul X-Style","description":"Echipamente pentru turism \u0219i sporturi extreme \u00een Moldova. Pre\u021buri, fotografii, caracteristici \u00een Moldova.","publisher":{"@id":"https:\/\/xstyle.md\/#organization"},"alternateName":"X-Style","potentialAction":[{"@type":"SearchAction","target":{"@type":"EntryPoint","urlTemplate":"https:\/\/xstyle.md\/?s={search_term_string}"},"query-input":{"@type":"PropertyValueSpecification","valueRequired":true,"valueName":"search_term_string"}}],"inLanguage":"ro-RO"},{"@type":"Organization","@id":"https:\/\/xstyle.md\/#organization","name":"Magazinul X-Style","alternateName":"x-style","url":"https:\/\/xstyle.md\/","logo":{"@type":"ImageObject","inLanguage":"ro-RO","@id":"https:\/\/xstyle.md\/#\/schema\/logo\/image\/","url":"https:\/\/xstyle.md\/wp-content\/uploads\/2020\/06\/logoicon.svg","contentUrl":"https:\/\/xstyle.md\/wp-content\/uploads\/2020\/06\/logoicon.svg","caption":"\u041c\u0430\u0433\u0430\u0437\u0438\u043d Xstyle"},"image":{"@id":"https:\/\/xstyle.md\/#\/schema\/logo\/image\/"},"sameAs":["https:\/\/www.facebook.com\/xstylemd","https:\/\/www.instagram.com\/xstyle_md\/","https:\/\/t.me\/xstyle_outdoor"],"hasMerchantReturnPolicy":{"@type":"MerchantReturnPolicy","merchantReturnLink":"https:\/\/xstyle.md\/ro\/conditions\/"}}]},"product_price_amount":"2580.00","product_price_currency":"MDL","og_availability":"out of stock","product_availability":"out of stock","product_retailer_item_id":"5059913079998","product_condition":"new"},"post_mailing_queue_ids":[],"_links":{"self":[{"href":"https:\/\/xstyle.md\/ro\/wp-json\/wp\/v2\/product\/77418","targetHints":{"allow":["GET"]}}],"collection":[{"href":"https:\/\/xstyle.md\/ro\/wp-json\/wp\/v2\/product"}],"about":[{"href":"https:\/\/xstyle.md\/ro\/wp-json\/wp\/v2\/types\/product"}],"replies":[{"embeddable":true,"href":"https:\/\/xstyle.md\/ro\/wp-json\/wp\/v2\/comments?post=77418"}],"wp:featuredmedia":[{"embeddable":true,"href":"https:\/\/xstyle.md\/ro\/wp-json\/wp\/v2\/media\/77870"}],"wp:attachment":[{"href":"https:\/\/xstyle.md\/ro\/wp-json\/wp\/v2\/media?parent=77418"}],"wp:term":[{"taxonomy":"product_brand","embeddable":true,"href":"https:\/\/xstyle.md\/ro\/wp-json\/wp\/v2\/product_brand?post=77418"},{"taxonomy":"product_cat","embeddable":true,"href":"https:\/\/xstyle.md\/ro\/wp-json\/wp\/v2\/product_cat?post=77418"},{"taxonomy":"product_tag","embeddable":true,"href":"https:\/\/xstyle.md\/ro\/wp-json\/wp\/v2\/product_tag?post=77418"}],"curies":[{"name":"wp","href":"https:\/\/api.w.org\/{rel}","templated":true}]}}