{"id":77396,"date":"2023-12-21T12:14:37","date_gmt":"2023-12-21T09:14:37","guid":{"rendered":"https:\/\/xstyle.md\/?post_type=product&#038;p=77396"},"modified":"2026-03-19T17:16:36","modified_gmt":"2026-03-19T14:16:36","slug":"kurtka-rab-nexus-wmn-deep-heather","status":"publish","type":"product","link":"https:\/\/xstyle.md\/ro\/produs\/kurtka-rab-nexus-wmn-deep-heather\/","title":{"rendered":"Jachet\u0103 Rab Nexus Wmn deep heather"},"content":{"rendered":"<p><strong>Rab Nexus<\/strong> &#8212; \u043a\u0443\u0440\u0442\u043a\u0430 \u0441\u0434\u0435\u043b\u0430\u043d\u0430 \u0438\u0437 \u043a\u043e\u043c\u0444\u043e\u0440\u0442\u043d\u043e\u0433\u043e \u044d\u043b\u0430\u0441\u0442\u0438\u0447\u043d\u043e\u0433\u043e \u0444\u043b\u0438\u0441\u0430 \u0434\u043b\u044f \u0441\u0432\u043e\u0431\u043e\u0434\u044b \u0434\u0432\u0438\u0436\u0435\u043d\u0438\u0439, \u0442\u0435\u0445\u043d\u0438\u0447\u043d\u0430\u044f \u0438 \u043b\u0435\u0433\u043a\u0430\u044f. \u041d\u0435\u0437\u0430\u043c\u0435\u043d\u0438\u043c\u044b\u0439 \u043f\u043e\u043c\u043e\u0449\u043d\u0438\u043a \u0434\u043b\u044f \u043b\u044e\u0431\u043e\u0433\u043e \u0430\u043b\u044c\u043f\u0438\u043d\u0438\u0441\u0442\u0430, \u0441\u043a\u0430\u043b\u043e\u043b\u0430\u0437\u0430 \u0438\u043b\u0438 \u0442\u0443\u0440\u0438\u0441\u0442\u0430.<\/p>\n<h3>Particularit\u0103\u021bi<\/h3>\n<ul>\n<li>Ideal pentru stratul mijlociu;<\/li>\n<li class=\"c-attribute-list__item\">Glug\u0103, care va ar\u0103ta bine sub o casc\u0103.<\/li>\n<li>Fabricat din fleece Thermic\u2122 moale \u0219i elastic;<\/li>\n<li>Croial\u0103 liber\u0103;<\/li>\n<li>Fermoare YKK\u00ae;<\/li>\n<li>Buzunar YKK\u00ae cu fermoar.<\/li>\n<\/ul>\n<h3>Caracteristici<\/h3>\n<ul>\n<li>Material - fleece Thermic\u2122;<\/li>\n<li>Aplicare - sport activ\/alpinism\/trekking;<\/li>\n<li>Sezon - prim\u0103var\u0103\/toamn\u0103;<\/li>\n<li>Model - pentru femei.<\/li>\n<\/ul>\n<h3>Tehnologie<\/h3>\n<ul>\n<li><strong>Thermic<\/strong>\u2122 - o familie de materiale fleece artificiale care sunt u\u0219oare, rezistente, se usuc\u0103 rapid\u0103 \u0219i salveaz\u0103 c\u0103ldura.<\/li>\n<li><strong>YKK\u00ae<\/strong>\u00a0- fermoare de \u00eenalt\u0103 calitate fabricate de compania japonez\u0103 YKK Group, certificate la standarde interna\u021bionale. Rezistent la greut\u0103\u021bi \u0219i la coroziune. Fermoarele sunt utilizate \u00een produse cu cel mai \u00eenalt grad de fiabilitate.<\/li>\n<\/ul>\n<h3>Marca<\/h3>\n<p>Rab \u2014 este un produc\u0103tor britanic de \u00eembr\u0103c\u0103minte \u0219i echipamente pentru alpinism, al c\u0103rui punct forte \u00eel reprezint\u0103 \u00eembr\u0103c\u0103mintea sport tehnic\u0103 de \u00eenalt\u0103 calitate \u0219i tehnologic avansat\u0103, izola\u021bia din puf \u0219i p\u0103l\u0103riile. Balaclavele acestui produc\u0103tor, de exemplu, sunt unele dintre cele mai bune exemple de pe pia\u021b\u0103.<\/p>\n<p>Compania a fost fondat\u0103 \u00een 1981 de c\u0103tre Rab Carrington, alpinist sco\u021bian de top. Baz\u00e2ndu-se pe propria sa experien\u021b\u0103 \u00een numeroase expedi\u021bii, Carrington a creat \u00eembr\u0103c\u0103minte care s\u0103 ofere confort, protec\u021bie \u0219i libertate \u00een mun\u021bi, \u00een drume\u021bii, c\u0103\u021b\u0103r\u0103ri sau alpinism.<\/p>\n<p>Jachetele de puf, sacii de dormit \u0219i hainele de expedi\u021bie Rab sunt fabricate din puf european de g\u00e2sc\u0103 \u0219i ra\u021b\u0103, provenit din surse etice \u0219i certificat Responsible Down. O impregnare hidrofug\u0103 f\u0103r\u0103 fluorocarburi numit\u0103 Nikwax este, de asemenea, aplicat\u0103 pufului folosit \u00een haine \u0219i saci de dormit pentru a le \u00eempiedica s\u0103 se \u00eencarce cu ap\u0103. \u00cen plus, se folosesc \u0219i materiale sintetice de \u00eenalt\u0103 calitate pentru izolare. \u00cembr\u0103c\u0103mintea Rab a devenit \"sinonim\u0103 cu produsele din puf de \u00eenalt\u0103 calitate\".<\/p>","protected":false},"excerpt":{"rendered":"<p>Rab Nexus &#8212; \u043a\u0443\u0440\u0442\u043a\u0430 \u0441\u0434\u0435\u043b\u0430\u043d\u0430 \u0438\u0437 \u043a\u043e\u043c\u0444\u043e\u0440\u0442\u043d\u043e\u0433\u043e \u044d\u043b\u0430\u0441\u0442\u0438\u0447\u043d\u043e\u0433\u043e \u0444\u043b\u0438\u0441\u0430 \u0434\u043b\u044f \u0441\u0432\u043e\u0431\u043e\u0434\u044b \u0434\u0432\u0438\u0436\u0435\u043d\u0438\u0439, \u0442\u0435\u0445\u043d\u0438\u0447\u043d\u0430\u044f \u0438 \u043b\u0435\u0433\u043a\u0430\u044f. \u041d\u0435\u0437\u0430\u043c\u0435\u043d\u0438\u043c\u044b\u0439 \u043f\u043e\u043c\u043e\u0449\u043d\u0438\u043a \u0434\u043b\u044f \u043b\u044e\u0431\u043e\u0433\u043e \u0430\u043b\u044c\u043f\u0438\u043d\u0438\u0441\u0442\u0430, \u0441\u043a\u0430\u043b\u043e\u043b\u0430\u0437\u0430 \u0438\u043b\u0438 \u0442\u0443\u0440\u0438\u0441\u0442\u0430. \u041e\u0441\u043e\u0431\u0435\u043d\u043d\u043e\u0441\u0442\u0438 \u0418\u0434\u0435\u0430\u043b\u044c\u043d\u043e \u0434\u043b\u044f \u0441\u0440\u0435\u0434\u043d\u0435\u0433\u043e \u0441\u043b\u043e\u044f \u041a\u0430\u043f\u044e\u0448\u043e\u043d \u043f\u043e\u0434 \u0448\u043b\u0435\u043c \u0418\u0437\u0433\u043e\u0442\u043e\u0432\u043b\u0435\u043d\u0430 \u0438\u0437 \u043c\u044f\u0433\u043a\u043e\u0433\u043e \u044d\u043b\u0430\u0441\u0442\u0438\u0447\u043d\u043e\u0433\u043e \u0444\u043b\u0438\u0441\u0430 Thermic\u2122 \u0421\u0432\u043e\u0431\u043e\u0434\u043d\u044b\u0439 \u043a\u0440\u043e\u0439 \u041c\u043e\u043b\u043d\u0438\u0438 YKK\u00ae \u041a\u0430\u0440\u043c\u0430\u043d \u043d\u0430 \u043c\u043e\u043b\u043d\u0438\u0438 YKK\u00ae \u0425\u0430\u0440\u0430\u043a\u0442\u0435\u0440\u0438\u0441\u0442\u0438\u043a\u0438 \u041c\u0430\u0442\u0435\u0440\u0438\u0430\u043b \u2013 \u0444\u043b\u0438\u0441 Thermic\u2122 \u041d\u0430\u0437\u043d\u0430\u0447\u0435\u043d\u0438\u0435 \u2013 \u0430\u043a\u0442\u0438\u0432\u043d\u044b\u0439 \u0441\u043f\u043e\u0440\u0442\/ \u0430\u043b\u044c\u043f\u0438\u043d\u0438\u0437\u043c\/ [&hellip;]<\/p>\n","protected":false},"featured_media":77789,"comment_status":"open","ping_status":"closed","template":"","meta":{"_acf_changed":false,"inline_featured_image":false},"product_brand":[1442],"product_cat":[243],"product_tag":[],"class_list":{"0":"post-77396","1":"product","2":"type-product","3":"status-publish","4":"has-post-thumbnail","6":"product_brand-rab","7":"product_cat-fleece-scurta-femei","9":"first","10":"instock","11":"shipping-taxable","12":"purchasable","13":"product-type-simple"},"acf":[],"yoast_head":"<!-- This site is optimized with the Yoast SEO plugin v27.2 - https:\/\/yoast.com\/product\/yoast-seo-wordpress\/ -->\n<title>\u0424\u043b\u0438\u0441\u043e\u0432\u0430\u044f \u043a\u0443\u0440\u0442\u043a\u0430 Rab Nexus Wmn deep heather - \u041c\u0430\u0433\u0430\u0437\u0438\u043d Xstyle<\/title>\n<meta name=\"description\" content=\"\u041a\u0443\u0440\u0442\u043a\u0430 Rab Nexus Wmn \u0432 \u0446\u0432\u0435\u0442\u0435 deep heather: \u0441\u0442\u0438\u043b\u044c, \u0442\u0435\u043f\u043b\u043e \u0438 \u0443\u0441\u0442\u043e\u0439\u0447\u0438\u0432\u043e\u0441\u0442\u044c. \u0421\u043e\u043e\u0442\u0432\u0435\u0442\u0441\u0442\u0432\u0443\u0435\u0442 \u0441\u0442\u0430\u043d\u0434\u0430\u0440\u0442\u0430\u043c Rab \u0438 \u0438\u0441\u043f\u043e\u043b\u044c\u0437\u0443\u0435\u0442 \u0442\u0435\u0440\u043c\u043e\u0440\u0435\u0433\u0443\u043b\u0438\u0440\u0443\u044e\u0449\u0438\u0435 \u0442\u0435\u0445\u043d\u043e\u043b\u043e\u0433\u0438\u0438.\" \/>\n<meta name=\"robots\" content=\"index, follow, max-snippet:-1, max-image-preview:large, max-video-preview:-1\" \/>\n<link rel=\"canonical\" href=\"https:\/\/xstyle.md\/ro\/produs\/kurtka-rab-nexus-wmn-deep-heather\/\" \/>\n<meta property=\"og:locale\" content=\"ro_RO\" \/>\n<meta property=\"og:type\" content=\"article\" \/>\n<meta property=\"og:title\" content=\"\u0424\u043b\u0438\u0441\u043e\u0432\u0430\u044f \u043a\u0443\u0440\u0442\u043a\u0430 Rab Nexus Wmn deep heather - \u041c\u0430\u0433\u0430\u0437\u0438\u043d Xstyle\" \/>\n<meta property=\"og:description\" content=\"\u041a\u0443\u0440\u0442\u043a\u0430 Rab Nexus Wmn \u0432 \u0446\u0432\u0435\u0442\u0435 deep heather: \u0441\u0442\u0438\u043b\u044c, \u0442\u0435\u043f\u043b\u043e \u0438 \u0443\u0441\u0442\u043e\u0439\u0447\u0438\u0432\u043e\u0441\u0442\u044c. \u0421\u043e\u043e\u0442\u0432\u0435\u0442\u0441\u0442\u0432\u0443\u0435\u0442 \u0441\u0442\u0430\u043d\u0434\u0430\u0440\u0442\u0430\u043c Rab \u0438 \u0438\u0441\u043f\u043e\u043b\u044c\u0437\u0443\u0435\u0442 \u0442\u0435\u0440\u043c\u043e\u0440\u0435\u0433\u0443\u043b\u0438\u0440\u0443\u044e\u0449\u0438\u0435 \u0442\u0435\u0445\u043d\u043e\u043b\u043e\u0433\u0438\u0438.\" \/>\n<meta property=\"og:url\" content=\"https:\/\/xstyle.md\/ro\/produs\/kurtka-rab-nexus-wmn-deep-heather\/\" \/>\n<meta property=\"og:site_name\" content=\"\u041c\u0430\u0433\u0430\u0437\u0438\u043d Xstyle\" \/>\n<meta property=\"article:publisher\" content=\"https:\/\/www.facebook.com\/xstylemd\" \/>\n<meta property=\"article:modified_time\" content=\"2026-03-19T14:16:36+00:00\" \/>\n<meta property=\"og:image\" content=\"https:\/\/xstyle.md\/wp-content\/uploads\/2023\/12\/rab-nexus-wmn-deep-heather.jpg\" \/>\n\t<meta property=\"og:image:width\" content=\"607\" \/>\n\t<meta property=\"og:image:height\" content=\"639\" \/>\n\t<meta property=\"og:image:type\" content=\"image\/jpeg\" \/>\n<meta name=\"twitter:card\" content=\"summary_large_image\" \/>\n<meta name=\"twitter:label1\" content=\"Pre\u021b\" \/>\n\t<meta name=\"twitter:data1\" content=\"1.150&nbsp;MDL\" \/>\n\t<meta name=\"twitter:label2\" content=\"Disponibilitate\" \/>\n\t<meta name=\"twitter:data2\" content=\"\u00cen stoc\" \/>\n<script type=\"application\/ld+json\" class=\"yoast-schema-graph\">{\"@context\":\"https:\/\/schema.org\",\"@graph\":[{\"@type\":\"WebPage\",\"@id\":\"https:\/\/xstyle.md\/product\/kurtka-rab-nexus-wmn-deep-heather\/\",\"url\":\"https:\/\/xstyle.md\/product\/kurtka-rab-nexus-wmn-deep-heather\/\",\"name\":\"\u0424\u043b\u0438\u0441\u043e\u0432\u0430\u044f \u043a\u0443\u0440\u0442\u043a\u0430 Rab Nexus Wmn deep heather - \u041c\u0430\u0433\u0430\u0437\u0438\u043d Xstyle\",\"isPartOf\":{\"@id\":\"https:\/\/xstyle.md\/#website\"},\"primaryImageOfPage\":{\"@id\":\"https:\/\/xstyle.md\/product\/kurtka-rab-nexus-wmn-deep-heather\/#primaryimage\"},\"image\":{\"@id\":\"https:\/\/xstyle.md\/product\/kurtka-rab-nexus-wmn-deep-heather\/#primaryimage\"},\"thumbnailUrl\":\"https:\/\/xstyle.md\/wp-content\/uploads\/2023\/12\/rab-nexus-wmn-deep-heather.jpg\",\"datePublished\":\"2023-12-21T09:14:37+00:00\",\"dateModified\":\"2026-03-19T14:16:36+00:00\",\"description\":\"\u041a\u0443\u0440\u0442\u043a\u0430 Rab Nexus Wmn \u0432 \u0446\u0432\u0435\u0442\u0435 deep heather: \u0441\u0442\u0438\u043b\u044c, \u0442\u0435\u043f\u043b\u043e \u0438 \u0443\u0441\u0442\u043e\u0439\u0447\u0438\u0432\u043e\u0441\u0442\u044c. \u0421\u043e\u043e\u0442\u0432\u0435\u0442\u0441\u0442\u0432\u0443\u0435\u0442 \u0441\u0442\u0430\u043d\u0434\u0430\u0440\u0442\u0430\u043c Rab \u0438 \u0438\u0441\u043f\u043e\u043b\u044c\u0437\u0443\u0435\u0442 \u0442\u0435\u0440\u043c\u043e\u0440\u0435\u0433\u0443\u043b\u0438\u0440\u0443\u044e\u0449\u0438\u0435 \u0442\u0435\u0445\u043d\u043e\u043b\u043e\u0433\u0438\u0438.\",\"breadcrumb\":{\"@id\":\"https:\/\/xstyle.md\/product\/kurtka-rab-nexus-wmn-deep-heather\/#breadcrumb\"},\"inLanguage\":\"ro-RO\",\"potentialAction\":[{\"@type\":\"ReadAction\",\"target\":[\"https:\/\/xstyle.md\/product\/kurtka-rab-nexus-wmn-deep-heather\/\"]}]},{\"@type\":\"ImageObject\",\"inLanguage\":\"ro-RO\",\"@id\":\"https:\/\/xstyle.md\/product\/kurtka-rab-nexus-wmn-deep-heather\/#primaryimage\",\"url\":\"https:\/\/xstyle.md\/wp-content\/uploads\/2023\/12\/rab-nexus-wmn-deep-heather.jpg\",\"contentUrl\":\"https:\/\/xstyle.md\/wp-content\/uploads\/2023\/12\/rab-nexus-wmn-deep-heather.jpg\",\"width\":607,\"height\":639,\"caption\":\"\u0424\u043b\u0438\u0441\u043e\u0432\u0430\u044f \u043a\u0443\u0440\u0442\u043a\u0430 Rab Nexus Wmn deep heather \u0434\u043b\u044f \u0430\u043a\u0442\u0438\u0432\u043d\u043e\u0433\u043e \u043e\u0442\u0434\u044b\u0445\u0430, \u0442\u0443\u0440\u0438\u0437\u043c\u0430 \u0438 \u043f\u043e\u0445\u043e\u0434\u043e\u0432 \u0432 \u0438\u043d\u0442\u0435\u0440\u043d\u0435\u0442-\u043c\u0430\u0433\u0430\u0437\u0438\u043d\u0435 \u0441\u043f\u043e\u0440\u0442\u0438\u0432\u043d\u043e\u0439 \u043e\u0434\u0435\u0436\u0434\u044b \u0438 \u043e\u0431\u0443\u0432\u0438 \u0434\u043b\u044f \u043b\u044e\u0431\u0438\u0442\u0435\u043b\u0435\u0439 \u0430\u043a\u0442\u0438\u0432\u043d\u043e\u0433\u043e \u043e\u0431\u0440\u0430\u0437\u0430 \u0436\u0438\u0437\u043d\u0438\"},{\"@type\":\"BreadcrumbList\",\"@id\":\"https:\/\/xstyle.md\/product\/kurtka-rab-nexus-wmn-deep-heather\/#breadcrumb\",\"itemListElement\":[{\"@type\":\"ListItem\",\"position\":1,\"name\":\"\u0413\u043b\u0430\u0432\u043d\u0430\u044f \u0441\u0442\u0440\u0430\u043d\u0438\u0446\u0430\",\"item\":\"https:\/\/xstyle.md\/\"},{\"@type\":\"ListItem\",\"position\":2,\"name\":\"\u041c\u0430\u0433\u0430\u0437\u0438\u043d\",\"item\":\"https:\/\/xstyle.md\/shop\/\"},{\"@type\":\"ListItem\",\"position\":3,\"name\":\"\u0424\u043b\u0438\u0441\u043e\u0432\u0430\u044f \u043a\u0443\u0440\u0442\u043a\u0430 Rab Nexus Wmn deep heather\"}]},{\"@type\":\"WebSite\",\"@id\":\"https:\/\/xstyle.md\/#website\",\"url\":\"https:\/\/xstyle.md\/\",\"name\":\"\u041c\u0430\u0433\u0430\u0437\u0438\u043d Xstyle\",\"description\":\"C\u043d\u0430\u0440\u044f\u0436\u0435\u043d\u0438\u0435 \u0434\u043b\u044f \u0442\u0443\u0440\u0438\u0437\u043c\u0430 \u0438 \u044d\u043a\u0441\u0442\u0440\u0435\u043c\u0430\u043b\u044c\u043d\u044b\u0445 \u0432\u0438\u0434\u043e\u0432 \u0441\u043f\u043e\u0440\u0442\u0430 \u0432 \u041c\u043e\u043b\u0434\u043e\u0432\u0435.. \u0426\u0435\u043d\u044b, \u0444\u043e\u0442\u043e, \u0445\u0430\u0440\u0430\u043a\u0442\u0435\u0440\u0438\u0441\u0442\u0438\u043a\u0438 \u0432 \u041c\u043e\u043b\u0434\u043e\u0432\u0435.\",\"publisher\":{\"@id\":\"https:\/\/xstyle.md\/#organization\"},\"alternateName\":\"X-Style\",\"potentialAction\":[{\"@type\":\"SearchAction\",\"target\":{\"@type\":\"EntryPoint\",\"urlTemplate\":\"https:\/\/xstyle.md\/?s={search_term_string}\"},\"query-input\":{\"@type\":\"PropertyValueSpecification\",\"valueRequired\":true,\"valueName\":\"search_term_string\"}}],\"inLanguage\":\"ro-RO\"},{\"@type\":\"Organization\",\"@id\":\"https:\/\/xstyle.md\/#organization\",\"name\":\"\u041c\u0430\u0433\u0430\u0437\u0438\u043d Xstyle\",\"alternateName\":\"x-style\",\"url\":\"https:\/\/xstyle.md\/\",\"logo\":{\"@type\":\"ImageObject\",\"inLanguage\":\"ro-RO\",\"@id\":\"https:\/\/xstyle.md\/#\/schema\/logo\/image\/\",\"url\":\"https:\/\/xstyle.md\/wp-content\/uploads\/2020\/06\/logoicon.svg\",\"contentUrl\":\"https:\/\/xstyle.md\/wp-content\/uploads\/2020\/06\/logoicon.svg\",\"caption\":\"\u041c\u0430\u0433\u0430\u0437\u0438\u043d Xstyle\"},\"image\":{\"@id\":\"https:\/\/xstyle.md\/#\/schema\/logo\/image\/\"},\"sameAs\":[\"https:\/\/www.facebook.com\/xstylemd\",\"https:\/\/www.instagram.com\/xstyle_md\/\",\"https:\/\/t.me\/xstyle_outdoor\"],\"hasMerchantReturnPolicy\":{\"@type\":\"MerchantReturnPolicy\",\"merchantReturnLink\":\"https:\/\/xstyle.md\/ro\/conditions\/\"}}]}<\/script>\n<meta property=\"product:price:amount\" content=\"1150.00\" \/>\n<meta property=\"product:price:currency\" content=\"MDL\" \/>\n<meta property=\"og:availability\" content=\"instock\" \/>\n<meta property=\"product:availability\" content=\"instock\" \/>\n<meta property=\"product:retailer_item_id\" content=\"5059913093239\" \/>\n<meta property=\"product:condition\" content=\"new\" \/>\n<!-- \/ Yoast SEO plugin. -->","yoast_head_json":{"title":"\u0424\u043b\u0438\u0441\u043e\u0432\u0430\u044f \u043a\u0443\u0440\u0442\u043a\u0430 Rab Nexus Wmn deep heather - \u041c\u0430\u0433\u0430\u0437\u0438\u043d Xstyle","description":"Jachet\u0103 Rab Nexus Wmn \u00een culoarea deep heather: stil, c\u0103ldur\u0103 \u0219i durabilitate. Corespunde standardelor Rab \u0219i utilizeaz\u0103 tehnologiile de termoreglare.","robots":{"index":"index","follow":"follow","max-snippet":"max-snippet:-1","max-image-preview":"max-image-preview:large","max-video-preview":"max-video-preview:-1"},"canonical":"https:\/\/xstyle.md\/ro\/produs\/kurtka-rab-nexus-wmn-deep-heather\/","og_locale":"ro_RO","og_type":"article","og_title":"\u0424\u043b\u0438\u0441\u043e\u0432\u0430\u044f \u043a\u0443\u0440\u0442\u043a\u0430 Rab Nexus Wmn deep heather - \u041c\u0430\u0433\u0430\u0437\u0438\u043d Xstyle","og_description":"\u041a\u0443\u0440\u0442\u043a\u0430 Rab Nexus Wmn \u0432 \u0446\u0432\u0435\u0442\u0435 deep heather: \u0441\u0442\u0438\u043b\u044c, \u0442\u0435\u043f\u043b\u043e \u0438 \u0443\u0441\u0442\u043e\u0439\u0447\u0438\u0432\u043e\u0441\u0442\u044c. \u0421\u043e\u043e\u0442\u0432\u0435\u0442\u0441\u0442\u0432\u0443\u0435\u0442 \u0441\u0442\u0430\u043d\u0434\u0430\u0440\u0442\u0430\u043c Rab \u0438 \u0438\u0441\u043f\u043e\u043b\u044c\u0437\u0443\u0435\u0442 \u0442\u0435\u0440\u043c\u043e\u0440\u0435\u0433\u0443\u043b\u0438\u0440\u0443\u044e\u0449\u0438\u0435 \u0442\u0435\u0445\u043d\u043e\u043b\u043e\u0433\u0438\u0438.","og_url":"https:\/\/xstyle.md\/ro\/produs\/kurtka-rab-nexus-wmn-deep-heather\/","og_site_name":"\u041c\u0430\u0433\u0430\u0437\u0438\u043d Xstyle","article_publisher":"https:\/\/www.facebook.com\/xstylemd","article_modified_time":"2026-03-19T14:16:36+00:00","og_image":[{"width":607,"height":639,"url":"https:\/\/xstyle.md\/wp-content\/uploads\/2023\/12\/rab-nexus-wmn-deep-heather.jpg","type":"image\/jpeg"}],"twitter_card":"summary_large_image","twitter_misc":{"Pre\u021b":"1.150&nbsp;MDL","Disponibilitate":"\u00cen stoc"},"schema":{"@context":"https:\/\/schema.org","@graph":[{"@type":"WebPage","@id":"https:\/\/xstyle.md\/product\/kurtka-rab-nexus-wmn-deep-heather\/","url":"https:\/\/xstyle.md\/product\/kurtka-rab-nexus-wmn-deep-heather\/","name":"\u0424\u043b\u0438\u0441\u043e\u0432\u0430\u044f \u043a\u0443\u0440\u0442\u043a\u0430 Rab Nexus Wmn deep heather - \u041c\u0430\u0433\u0430\u0437\u0438\u043d Xstyle","isPartOf":{"@id":"https:\/\/xstyle.md\/#website"},"primaryImageOfPage":{"@id":"https:\/\/xstyle.md\/product\/kurtka-rab-nexus-wmn-deep-heather\/#primaryimage"},"image":{"@id":"https:\/\/xstyle.md\/product\/kurtka-rab-nexus-wmn-deep-heather\/#primaryimage"},"thumbnailUrl":"https:\/\/xstyle.md\/wp-content\/uploads\/2023\/12\/rab-nexus-wmn-deep-heather.jpg","datePublished":"2023-12-21T09:14:37+00:00","dateModified":"2026-03-19T14:16:36+00:00","description":"Jachet\u0103 Rab Nexus Wmn \u00een culoarea deep heather: stil, c\u0103ldur\u0103 \u0219i durabilitate. Corespunde standardelor Rab \u0219i utilizeaz\u0103 tehnologiile de termoreglare.","breadcrumb":{"@id":"https:\/\/xstyle.md\/product\/kurtka-rab-nexus-wmn-deep-heather\/#breadcrumb"},"inLanguage":"ro-RO","potentialAction":[{"@type":"ReadAction","target":["https:\/\/xstyle.md\/product\/kurtka-rab-nexus-wmn-deep-heather\/"]}]},{"@type":"ImageObject","inLanguage":"ro-RO","@id":"https:\/\/xstyle.md\/product\/kurtka-rab-nexus-wmn-deep-heather\/#primaryimage","url":"https:\/\/xstyle.md\/wp-content\/uploads\/2023\/12\/rab-nexus-wmn-deep-heather.jpg","contentUrl":"https:\/\/xstyle.md\/wp-content\/uploads\/2023\/12\/rab-nexus-wmn-deep-heather.jpg","width":607,"height":639,"caption":"\u0424\u043b\u0438\u0441\u043e\u0432\u0430\u044f \u043a\u0443\u0440\u0442\u043a\u0430 Rab Nexus Wmn deep heather \u0434\u043b\u044f \u0430\u043a\u0442\u0438\u0432\u043d\u043e\u0433\u043e \u043e\u0442\u0434\u044b\u0445\u0430, \u0442\u0443\u0440\u0438\u0437\u043c\u0430 \u0438 \u043f\u043e\u0445\u043e\u0434\u043e\u0432 \u0432 \u0438\u043d\u0442\u0435\u0440\u043d\u0435\u0442-\u043c\u0430\u0433\u0430\u0437\u0438\u043d\u0435 \u0441\u043f\u043e\u0440\u0442\u0438\u0432\u043d\u043e\u0439 \u043e\u0434\u0435\u0436\u0434\u044b \u0438 \u043e\u0431\u0443\u0432\u0438 \u0434\u043b\u044f \u043b\u044e\u0431\u0438\u0442\u0435\u043b\u0435\u0439 \u0430\u043a\u0442\u0438\u0432\u043d\u043e\u0433\u043e \u043e\u0431\u0440\u0430\u0437\u0430 \u0436\u0438\u0437\u043d\u0438"},{"@type":"BreadcrumbList","@id":"https:\/\/xstyle.md\/product\/kurtka-rab-nexus-wmn-deep-heather\/#breadcrumb","itemListElement":[{"@type":"ListItem","position":1,"name":"\u0413\u043b\u0430\u0432\u043d\u0430\u044f \u0441\u0442\u0440\u0430\u043d\u0438\u0446\u0430","item":"https:\/\/xstyle.md\/"},{"@type":"ListItem","position":2,"name":"\u041c\u0430\u0433\u0430\u0437\u0438\u043d","item":"https:\/\/xstyle.md\/shop\/"},{"@type":"ListItem","position":3,"name":"\u0424\u043b\u0438\u0441\u043e\u0432\u0430\u044f \u043a\u0443\u0440\u0442\u043a\u0430 Rab Nexus Wmn deep heather"}]},{"@type":"WebSite","@id":"https:\/\/xstyle.md\/#website","url":"https:\/\/xstyle.md\/","name":"Magazinul X-Style","description":"Echipamente pentru turism \u0219i sporturi extreme \u00een Moldova. Pre\u021buri, fotografii, caracteristici \u00een Moldova.","publisher":{"@id":"https:\/\/xstyle.md\/#organization"},"alternateName":"X-Style","potentialAction":[{"@type":"SearchAction","target":{"@type":"EntryPoint","urlTemplate":"https:\/\/xstyle.md\/?s={search_term_string}"},"query-input":{"@type":"PropertyValueSpecification","valueRequired":true,"valueName":"search_term_string"}}],"inLanguage":"ro-RO"},{"@type":"Organization","@id":"https:\/\/xstyle.md\/#organization","name":"Magazinul X-Style","alternateName":"x-style","url":"https:\/\/xstyle.md\/","logo":{"@type":"ImageObject","inLanguage":"ro-RO","@id":"https:\/\/xstyle.md\/#\/schema\/logo\/image\/","url":"https:\/\/xstyle.md\/wp-content\/uploads\/2020\/06\/logoicon.svg","contentUrl":"https:\/\/xstyle.md\/wp-content\/uploads\/2020\/06\/logoicon.svg","caption":"\u041c\u0430\u0433\u0430\u0437\u0438\u043d Xstyle"},"image":{"@id":"https:\/\/xstyle.md\/#\/schema\/logo\/image\/"},"sameAs":["https:\/\/www.facebook.com\/xstylemd","https:\/\/www.instagram.com\/xstyle_md\/","https:\/\/t.me\/xstyle_outdoor"],"hasMerchantReturnPolicy":{"@type":"MerchantReturnPolicy","merchantReturnLink":"https:\/\/xstyle.md\/ro\/conditions\/"}}]},"product_price_amount":"1150.00","product_price_currency":"MDL","og_availability":"instock","product_availability":"instock","product_retailer_item_id":"5059913093239","product_condition":"new"},"post_mailing_queue_ids":[],"_links":{"self":[{"href":"https:\/\/xstyle.md\/ro\/wp-json\/wp\/v2\/product\/77396","targetHints":{"allow":["GET"]}}],"collection":[{"href":"https:\/\/xstyle.md\/ro\/wp-json\/wp\/v2\/product"}],"about":[{"href":"https:\/\/xstyle.md\/ro\/wp-json\/wp\/v2\/types\/product"}],"replies":[{"embeddable":true,"href":"https:\/\/xstyle.md\/ro\/wp-json\/wp\/v2\/comments?post=77396"}],"wp:featuredmedia":[{"embeddable":true,"href":"https:\/\/xstyle.md\/ro\/wp-json\/wp\/v2\/media\/77789"}],"wp:attachment":[{"href":"https:\/\/xstyle.md\/ro\/wp-json\/wp\/v2\/media?parent=77396"}],"wp:term":[{"taxonomy":"product_brand","embeddable":true,"href":"https:\/\/xstyle.md\/ro\/wp-json\/wp\/v2\/product_brand?post=77396"},{"taxonomy":"product_cat","embeddable":true,"href":"https:\/\/xstyle.md\/ro\/wp-json\/wp\/v2\/product_cat?post=77396"},{"taxonomy":"product_tag","embeddable":true,"href":"https:\/\/xstyle.md\/ro\/wp-json\/wp\/v2\/product_tag?post=77396"}],"curies":[{"name":"wp","href":"https:\/\/api.w.org\/{rel}","templated":true}]}}