{"id":77310,"date":"2023-12-18T18:30:43","date_gmt":"2023-12-18T15:30:43","guid":{"rendered":"https:\/\/xstyle.md\/?post_type=product&#038;p=77310"},"modified":"2026-01-28T15:10:33","modified_gmt":"2026-01-28T12:10:33","slug":"podarochnyj-sertifikat-na-1000-lej","status":"publish","type":"product","link":"https:\/\/xstyle.md\/ro\/produs\/podarochnyj-sertifikat-na-1000-lej\/","title":{"rendered":"Certificat Cadou \u00een valoare de 1000 lei"},"content":{"rendered":"<p><\/p>\n<p>Scap\u0103 de grija alegerii cadoului perfect \u0219i economise\u0219te timp! Cu Certificatul Cadou \u00een valoare de 1000 lei de la X-style, le oferi celor dragi libertatea de a-\u0219i alege exact ceea ce \u00ee\u0219i doresc.<\/p>\n<h3>Particularit\u0103\u021bi<\/h3>\n<ul>\n<li>De\u021bin\u0103torul certificatului \u00eel poate preschimba pe produse \u00een limita sumei (valorii nominale) indicate, \u00een magazinul X-style.<\/li>\n<li>La achitarea cump\u0103r\u0103turilor cu certificatul cadou, se aplic\u0103 toate reducerile prev\u0103zute \u00een programul de loialitate (cardul de reducere).<\/li>\n<li>Certificatul poate fi utilizat o singur\u0103 dat\u0103 de c\u0103tre posesor:<br \/>\n&#8212; Dac\u0103 valoarea produsului achizi\u021bionat este mai mic\u0103 dec\u00e2t valoarea nominal\u0103 a certificatului, diferen\u021ba nu se restituie.<br \/>\n&#8212; Dac\u0103 valoarea produsului este mai mare dec\u00e2t valoarea nominal\u0103, posesorul certificatului va achita diferen\u021ba de pre\u021b.<\/li>\n<li>La achizi\u021bionarea certificatelor cadou, cardul de reducere nu este aplicabil \u0219i nu se acumuleaz\u0103 puncte\/bonusuri pe acesta. Totu\u0219i, la utilizarea ulterioar\u0103 a certificatului pentru plat\u0103, toate reducerile programului de loialitate sunt valabile.<\/li>\n<li>Certificatul cadou nu poate fi returnat \u0219i, \u00een caz de pierdere, nu se elibereaz\u0103 un duplicat.<\/li>\n<li><strong>Aten\u021bie!<\/strong> Certificatele cadou au termen de valabilitate NELIMITAT!<br \/>\n<\/li>\n<\/ul>","protected":false},"excerpt":{"rendered":"","protected":false},"featured_media":77306,"comment_status":"open","ping_status":"closed","template":"","meta":{"_acf_changed":false,"inline_featured_image":false},"product_brand":[1482],"product_cat":[1138],"product_tag":[],"class_list":{"0":"post-77310","1":"product","2":"type-product","3":"status-publish","4":"has-post-thumbnail","6":"product_brand-xstyle","7":"product_cat-certificate","9":"first","10":"instock","11":"shipping-taxable","12":"purchasable","13":"product-type-simple"},"acf":[],"yoast_head":"<!-- This site is optimized with the Yoast SEO plugin v27.2 - https:\/\/yoast.com\/product\/yoast-seo-wordpress\/ -->\n<title>\u041f\u043e\u0434\u0430\u0440\u043e\u0447\u043d\u044b\u0439 \u0441\u0435\u0440\u0442\u0438\u0444\u0438\u043a\u0430\u0442 \u043d\u0430 1000 \u043b\u0435\u0439 - \u041c\u0430\u0433\u0430\u0437\u0438\u043d Xstyle<\/title>\n<meta name=\"description\" content=\"&quot;\u041f\u043e\u0434\u0430\u0440\u043e\u0447\u043d\u044b\u0439 \u0441\u0435\u0440\u0442\u0438\u0444\u0438\u043a\u0430\u0442 \u043d\u0430 1000 \u043b\u0435\u0439 \u043e\u0442 Xstylennn \u2014 \u0438\u0434\u0435\u0430\u043b\u044c\u043d\u044b\u0439 \u043f\u043e\u0434\u0430\u0440\u043e\u043a \u0434\u043b\u044f \u043b\u044e\u0431\u043e\u0433\u043e \u043f\u043e\u0432\u043e\u0434\u0430! \u041f\u043e\u0440\u0430\u0434\u0443\u0439\u0442\u0435 \u0441\u0432\u043e\u0438\u0445 \u0431\u043b\u0438\u0437\u043a\u0438\u0445 \u0441\u0442\u0438\u043b\u044c\u043d\u044b\u043c\u0438 \u043f\u043e\u043a\u0443\u043f\u043a\u0430\u043c\u0438!&quot;\" \/>\n<meta name=\"robots\" content=\"index, follow, max-snippet:-1, max-image-preview:large, max-video-preview:-1\" \/>\n<link rel=\"canonical\" href=\"https:\/\/xstyle.md\/ro\/produs\/podarochnyj-sertifikat-na-1000-lej\/\" \/>\n<meta property=\"og:locale\" content=\"ro_RO\" \/>\n<meta property=\"og:type\" content=\"article\" \/>\n<meta property=\"og:title\" content=\"\u041f\u043e\u0434\u0430\u0440\u043e\u0447\u043d\u044b\u0439 \u0441\u0435\u0440\u0442\u0438\u0444\u0438\u043a\u0430\u0442 \u043d\u0430 1000 \u043b\u0435\u0439 - \u041c\u0430\u0433\u0430\u0437\u0438\u043d Xstyle\" \/>\n<meta property=\"og:description\" content=\"&quot;\u041f\u043e\u0434\u0430\u0440\u043e\u0447\u043d\u044b\u0439 \u0441\u0435\u0440\u0442\u0438\u0444\u0438\u043a\u0430\u0442 \u043d\u0430 1000 \u043b\u0435\u0439 \u043e\u0442 Xstylennn \u2014 \u0438\u0434\u0435\u0430\u043b\u044c\u043d\u044b\u0439 \u043f\u043e\u0434\u0430\u0440\u043e\u043a \u0434\u043b\u044f \u043b\u044e\u0431\u043e\u0433\u043e \u043f\u043e\u0432\u043e\u0434\u0430! \u041f\u043e\u0440\u0430\u0434\u0443\u0439\u0442\u0435 \u0441\u0432\u043e\u0438\u0445 \u0431\u043b\u0438\u0437\u043a\u0438\u0445 \u0441\u0442\u0438\u043b\u044c\u043d\u044b\u043c\u0438 \u043f\u043e\u043a\u0443\u043f\u043a\u0430\u043c\u0438!&quot;\" \/>\n<meta property=\"og:url\" content=\"https:\/\/xstyle.md\/ro\/produs\/podarochnyj-sertifikat-na-1000-lej\/\" \/>\n<meta property=\"og:site_name\" content=\"\u041c\u0430\u0433\u0430\u0437\u0438\u043d Xstyle\" \/>\n<meta property=\"article:publisher\" content=\"https:\/\/www.facebook.com\/xstylemd\" \/>\n<meta property=\"article:modified_time\" content=\"2026-01-28T12:10:33+00:00\" \/>\n<meta property=\"og:image\" content=\"https:\/\/xstyle.md\/wp-content\/uploads\/2023\/12\/sert1000.jpg\" \/>\n\t<meta property=\"og:image:width\" content=\"1186\" \/>\n\t<meta property=\"og:image:height\" content=\"557\" \/>\n\t<meta property=\"og:image:type\" content=\"image\/jpeg\" \/>\n<meta name=\"twitter:card\" content=\"summary_large_image\" \/>\n<meta name=\"twitter:label1\" content=\"Pre\u021b\" \/>\n\t<meta name=\"twitter:data1\" content=\"1.000&nbsp;MDL\" \/>\n\t<meta name=\"twitter:label2\" content=\"Disponibilitate\" \/>\n\t<meta name=\"twitter:data2\" content=\"\u00cen stoc\" \/>\n<script type=\"application\/ld+json\" class=\"yoast-schema-graph\">{\"@context\":\"https:\/\/schema.org\",\"@graph\":[{\"@type\":\"WebPage\",\"@id\":\"https:\/\/xstyle.md\/product\/podarochnyj-sertifikat-na-1000-lej\/\",\"url\":\"https:\/\/xstyle.md\/product\/podarochnyj-sertifikat-na-1000-lej\/\",\"name\":\"\u041f\u043e\u0434\u0430\u0440\u043e\u0447\u043d\u044b\u0439 \u0441\u0435\u0440\u0442\u0438\u0444\u0438\u043a\u0430\u0442 \u043d\u0430 1000 \u043b\u0435\u0439 - \u041c\u0430\u0433\u0430\u0437\u0438\u043d Xstyle\",\"isPartOf\":{\"@id\":\"https:\/\/xstyle.md\/#website\"},\"primaryImageOfPage\":{\"@id\":\"https:\/\/xstyle.md\/product\/podarochnyj-sertifikat-na-1000-lej\/#primaryimage\"},\"image\":{\"@id\":\"https:\/\/xstyle.md\/product\/podarochnyj-sertifikat-na-1000-lej\/#primaryimage\"},\"thumbnailUrl\":\"https:\/\/xstyle.md\/wp-content\/uploads\/2023\/12\/sert1000.jpg\",\"datePublished\":\"2023-12-18T15:30:43+00:00\",\"dateModified\":\"2026-01-28T12:10:33+00:00\",\"description\":\"\\\"\u041f\u043e\u0434\u0430\u0440\u043e\u0447\u043d\u044b\u0439 \u0441\u0435\u0440\u0442\u0438\u0444\u0438\u043a\u0430\u0442 \u043d\u0430 1000 \u043b\u0435\u0439 \u043e\u0442 Xstylennn \u2014 \u0438\u0434\u0435\u0430\u043b\u044c\u043d\u044b\u0439 \u043f\u043e\u0434\u0430\u0440\u043e\u043a \u0434\u043b\u044f \u043b\u044e\u0431\u043e\u0433\u043e \u043f\u043e\u0432\u043e\u0434\u0430! \u041f\u043e\u0440\u0430\u0434\u0443\u0439\u0442\u0435 \u0441\u0432\u043e\u0438\u0445 \u0431\u043b\u0438\u0437\u043a\u0438\u0445 \u0441\u0442\u0438\u043b\u044c\u043d\u044b\u043c\u0438 \u043f\u043e\u043a\u0443\u043f\u043a\u0430\u043c\u0438!\\\"\",\"breadcrumb\":{\"@id\":\"https:\/\/xstyle.md\/product\/podarochnyj-sertifikat-na-1000-lej\/#breadcrumb\"},\"inLanguage\":\"ro-RO\",\"potentialAction\":[{\"@type\":\"ReadAction\",\"target\":[\"https:\/\/xstyle.md\/product\/podarochnyj-sertifikat-na-1000-lej\/\"]}]},{\"@type\":\"ImageObject\",\"inLanguage\":\"ro-RO\",\"@id\":\"https:\/\/xstyle.md\/product\/podarochnyj-sertifikat-na-1000-lej\/#primaryimage\",\"url\":\"https:\/\/xstyle.md\/wp-content\/uploads\/2023\/12\/sert1000.jpg\",\"contentUrl\":\"https:\/\/xstyle.md\/wp-content\/uploads\/2023\/12\/sert1000.jpg\",\"width\":1186,\"height\":557,\"caption\":\"\u041f\u043b\u0435\u0435\u0440 \u0441\u0435\u0440\u0442\u0438\u0444\u0438\u0446\u0438\u0440\u043e\u0432\u0430\u043d\u043d\u044b\u0439 \u0434\u043b\u044f \u0430\u043a\u0442\u0438\u0432\u043d\u043e\u0439 \u0436\u0438\u0437\u043d\u0438, \u043e\u0434\u0435\u0436\u0434\u044b \u0438 \u043e\u0431\u0443\u0432\u0438 \u0434\u043b\u044f \u043f\u043e\u0445\u043e\u0434\u043e\u0432, \u0430\u043b\u044c\u043f\u0438\u043d\u0438\u0437\u043c\u0430 \u0438 \u043f\u0443\u0442\u0435\u0448\u0435\u0441\u0442\u0432\u0438\u0439 \u0432 \u0438\u043d\u0442\u0435\u0440\u043d\u0435\u0442 \u043c\u0430\u0433\u0430\u0437\u0438\u043d\u0435 \u0430\u043a\u0442\u0438\u0432\u043d\u044b\u0445 \u0442\u043e\u0432\u0430\u0440\u043e\u0432\"},{\"@type\":\"BreadcrumbList\",\"@id\":\"https:\/\/xstyle.md\/product\/podarochnyj-sertifikat-na-1000-lej\/#breadcrumb\",\"itemListElement\":[{\"@type\":\"ListItem\",\"position\":1,\"name\":\"\u0413\u043b\u0430\u0432\u043d\u0430\u044f \u0441\u0442\u0440\u0430\u043d\u0438\u0446\u0430\",\"item\":\"https:\/\/xstyle.md\/\"},{\"@type\":\"ListItem\",\"position\":2,\"name\":\"\u041c\u0430\u0433\u0430\u0437\u0438\u043d\",\"item\":\"https:\/\/xstyle.md\/shop\/\"},{\"@type\":\"ListItem\",\"position\":3,\"name\":\"\u041f\u043e\u0434\u0430\u0440\u043e\u0447\u043d\u044b\u0439 \u0441\u0435\u0440\u0442\u0438\u0444\u0438\u043a\u0430\u0442 \u043d\u0430 1000 \u043b\u0435\u0439\"}]},{\"@type\":\"WebSite\",\"@id\":\"https:\/\/xstyle.md\/#website\",\"url\":\"https:\/\/xstyle.md\/\",\"name\":\"\u041c\u0430\u0433\u0430\u0437\u0438\u043d Xstyle\",\"description\":\"C\u043d\u0430\u0440\u044f\u0436\u0435\u043d\u0438\u0435 \u0434\u043b\u044f \u0442\u0443\u0440\u0438\u0437\u043c\u0430 \u0438 \u044d\u043a\u0441\u0442\u0440\u0435\u043c\u0430\u043b\u044c\u043d\u044b\u0445 \u0432\u0438\u0434\u043e\u0432 \u0441\u043f\u043e\u0440\u0442\u0430 \u0432 \u041c\u043e\u043b\u0434\u043e\u0432\u0435.. \u0426\u0435\u043d\u044b, \u0444\u043e\u0442\u043e, \u0445\u0430\u0440\u0430\u043a\u0442\u0435\u0440\u0438\u0441\u0442\u0438\u043a\u0438 \u0432 \u041c\u043e\u043b\u0434\u043e\u0432\u0435.\",\"publisher\":{\"@id\":\"https:\/\/xstyle.md\/#organization\"},\"alternateName\":\"X-Style\",\"potentialAction\":[{\"@type\":\"SearchAction\",\"target\":{\"@type\":\"EntryPoint\",\"urlTemplate\":\"https:\/\/xstyle.md\/?s={search_term_string}\"},\"query-input\":{\"@type\":\"PropertyValueSpecification\",\"valueRequired\":true,\"valueName\":\"search_term_string\"}}],\"inLanguage\":\"ro-RO\"},{\"@type\":\"Organization\",\"@id\":\"https:\/\/xstyle.md\/#organization\",\"name\":\"\u041c\u0430\u0433\u0430\u0437\u0438\u043d Xstyle\",\"alternateName\":\"x-style\",\"url\":\"https:\/\/xstyle.md\/\",\"logo\":{\"@type\":\"ImageObject\",\"inLanguage\":\"ro-RO\",\"@id\":\"https:\/\/xstyle.md\/#\/schema\/logo\/image\/\",\"url\":\"https:\/\/xstyle.md\/wp-content\/uploads\/2020\/06\/logoicon.svg\",\"contentUrl\":\"https:\/\/xstyle.md\/wp-content\/uploads\/2020\/06\/logoicon.svg\",\"caption\":\"\u041c\u0430\u0433\u0430\u0437\u0438\u043d Xstyle\"},\"image\":{\"@id\":\"https:\/\/xstyle.md\/#\/schema\/logo\/image\/\"},\"sameAs\":[\"https:\/\/www.facebook.com\/xstylemd\",\"https:\/\/www.instagram.com\/xstyle_md\/\",\"https:\/\/t.me\/xstyle_outdoor\"],\"hasMerchantReturnPolicy\":{\"@type\":\"MerchantReturnPolicy\",\"merchantReturnLink\":\"https:\/\/xstyle.md\/ro\/conditions\/\"}}]}<\/script>\n<meta property=\"product:price:amount\" content=\"1000.00\" \/>\n<meta property=\"product:price:currency\" content=\"MDL\" \/>\n<meta property=\"og:availability\" content=\"instock\" \/>\n<meta property=\"product:availability\" content=\"instock\" \/>\n<meta property=\"product:retailer_item_id\" content=\"xstsert1000\" \/>\n<meta property=\"product:condition\" content=\"new\" \/>\n<!-- \/ Yoast SEO plugin. -->","yoast_head_json":{"title":"Certificat cadou de 1000 lei - Magazin Xstyle","description":"\"\\u041f\\u043e\\u0434\\u0430\\u0440\\u043e\\u0447\\u043d\\u044b\\u0439 \\u0441\\u0435\\u0440\\u0442\\u0438\\u0444\\u0438\\u043a\\u0430\\u0442 \\u043d\\u0430 1000 \\u043b\\u0435\\u0439 \\u043e\\u0442 Xstylennn \\u2014 \\u0438\\u0434\\u0435\\u0430\\u043b\\u044c\\u043d\\u044b\\u0439 \\u043f\\u043e\\u0434\\u0430\\u0440\\u043e\\u043a \\u0434\\u043b\\u044f \\u043b\\u044e\\u0431\\u043e\\u0433\\u043e \\u043f\\u043e\\u0432\\u043e\\u0434\\u0430! \\u041f\\u043e\\u0440\\u0430\\u0434\\u0443\\u0439\\u0442\\u0435 \\u0441\\u0432\\u043e\\u0438\\u0445 \\u0431\\u043b\\u0438\\u0437\\u043a\\u0438\\u0445 \\u0441\\u0442\\u0438\\u043b\\u044c\\u043d\\u044b\\u043c\\u0438 \\u043f\\u043e\\u043a\\u0443\\u043f\\u043a\\u0430\\u043c\\u0438!\"","robots":{"index":"index","follow":"follow","max-snippet":"max-snippet:-1","max-image-preview":"max-image-preview:large","max-video-preview":"max-video-preview:-1"},"canonical":"https:\/\/xstyle.md\/ro\/produs\/podarochnyj-sertifikat-na-1000-lej\/","og_locale":"ro_RO","og_type":"article","og_title":"\u041f\u043e\u0434\u0430\u0440\u043e\u0447\u043d\u044b\u0439 \u0441\u0435\u0440\u0442\u0438\u0444\u0438\u043a\u0430\u0442 \u043d\u0430 1000 \u043b\u0435\u0439 - \u041c\u0430\u0433\u0430\u0437\u0438\u043d Xstyle","og_description":"\"\u041f\u043e\u0434\u0430\u0440\u043e\u0447\u043d\u044b\u0439 \u0441\u0435\u0440\u0442\u0438\u0444\u0438\u043a\u0430\u0442 \u043d\u0430 1000 \u043b\u0435\u0439 \u043e\u0442 Xstylennn \u2014 \u0438\u0434\u0435\u0430\u043b\u044c\u043d\u044b\u0439 \u043f\u043e\u0434\u0430\u0440\u043e\u043a \u0434\u043b\u044f \u043b\u044e\u0431\u043e\u0433\u043e \u043f\u043e\u0432\u043e\u0434\u0430! \u041f\u043e\u0440\u0430\u0434\u0443\u0439\u0442\u0435 \u0441\u0432\u043e\u0438\u0445 \u0431\u043b\u0438\u0437\u043a\u0438\u0445 \u0441\u0442\u0438\u043b\u044c\u043d\u044b\u043c\u0438 \u043f\u043e\u043a\u0443\u043f\u043a\u0430\u043c\u0438!\"","og_url":"https:\/\/xstyle.md\/ro\/produs\/podarochnyj-sertifikat-na-1000-lej\/","og_site_name":"\u041c\u0430\u0433\u0430\u0437\u0438\u043d Xstyle","article_publisher":"https:\/\/www.facebook.com\/xstylemd","article_modified_time":"2026-01-28T12:10:33+00:00","og_image":[{"width":1186,"height":557,"url":"https:\/\/xstyle.md\/wp-content\/uploads\/2023\/12\/sert1000.jpg","type":"image\/jpeg"}],"twitter_card":"summary_large_image","twitter_misc":{"Pre\u021b":"1.000&nbsp;MDL","Disponibilitate":"\u00cen stoc"},"schema":{"@context":"https:\/\/schema.org","@graph":[{"@type":"WebPage","@id":"https:\/\/xstyle.md\/product\/podarochnyj-sertifikat-na-1000-lej\/","url":"https:\/\/xstyle.md\/product\/podarochnyj-sertifikat-na-1000-lej\/","name":"Certificat cadou de 1000 lei - Magazin Xstyle","isPartOf":{"@id":"https:\/\/xstyle.md\/#website"},"primaryImageOfPage":{"@id":"https:\/\/xstyle.md\/product\/podarochnyj-sertifikat-na-1000-lej\/#primaryimage"},"image":{"@id":"https:\/\/xstyle.md\/product\/podarochnyj-sertifikat-na-1000-lej\/#primaryimage"},"thumbnailUrl":"https:\/\/xstyle.md\/wp-content\/uploads\/2023\/12\/sert1000.jpg","datePublished":"2023-12-18T15:30:43+00:00","dateModified":"2026-01-28T12:10:33+00:00","description":"\"\\u041f\\u043e\\u0434\\u0430\\u0440\\u043e\\u0447\\u043d\\u044b\\u0439 \\u0441\\u0435\\u0440\\u0442\\u0438\\u0444\\u0438\\u043a\\u0430\\u0442 \\u043d\\u0430 1000 \\u043b\\u0435\\u0439 \\u043e\\u0442 Xstylennn \\u2014 \\u0438\\u0434\\u0435\\u0430\\u043b\\u044c\\u043d\\u044b\\u0439 \\u043f\\u043e\\u0434\\u0430\\u0440\\u043e\\u043a \\u0434\\u043b\\u044f \\u043b\\u044e\\u0431\\u043e\\u0433\\u043e \\u043f\\u043e\\u0432\\u043e\\u0434\\u0430! \\u041f\\u043e\\u0440\\u0430\\u0434\\u0443\\u0439\\u0442\\u0435 \\u0441\\u0432\\u043e\\u0438\\u0445 \\u0431\\u043b\\u0438\\u0437\\u043a\\u0438\\u0445 \\u0441\\u0442\\u0438\\u043b\\u044c\\u043d\\u044b\\u043c\\u0438 \\u043f\\u043e\\u043a\\u0443\\u043f\\u043a\\u0430\\u043c\\u0438!\"","breadcrumb":{"@id":"https:\/\/xstyle.md\/product\/podarochnyj-sertifikat-na-1000-lej\/#breadcrumb"},"inLanguage":"ro-RO","potentialAction":[{"@type":"ReadAction","target":["https:\/\/xstyle.md\/product\/podarochnyj-sertifikat-na-1000-lej\/"]}]},{"@type":"ImageObject","inLanguage":"ro-RO","@id":"https:\/\/xstyle.md\/product\/podarochnyj-sertifikat-na-1000-lej\/#primaryimage","url":"https:\/\/xstyle.md\/wp-content\/uploads\/2023\/12\/sert1000.jpg","contentUrl":"https:\/\/xstyle.md\/wp-content\/uploads\/2023\/12\/sert1000.jpg","width":1186,"height":557,"caption":"\u041f\u043b\u0435\u0435\u0440 \u0441\u0435\u0440\u0442\u0438\u0444\u0438\u0446\u0438\u0440\u043e\u0432\u0430\u043d\u043d\u044b\u0439 \u0434\u043b\u044f \u0430\u043a\u0442\u0438\u0432\u043d\u043e\u0439 \u0436\u0438\u0437\u043d\u0438, \u043e\u0434\u0435\u0436\u0434\u044b \u0438 \u043e\u0431\u0443\u0432\u0438 \u0434\u043b\u044f \u043f\u043e\u0445\u043e\u0434\u043e\u0432, \u0430\u043b\u044c\u043f\u0438\u043d\u0438\u0437\u043c\u0430 \u0438 \u043f\u0443\u0442\u0435\u0448\u0435\u0441\u0442\u0432\u0438\u0439 \u0432 \u0438\u043d\u0442\u0435\u0440\u043d\u0435\u0442 \u043c\u0430\u0433\u0430\u0437\u0438\u043d\u0435 \u0430\u043a\u0442\u0438\u0432\u043d\u044b\u0445 \u0442\u043e\u0432\u0430\u0440\u043e\u0432"},{"@type":"BreadcrumbList","@id":"https:\/\/xstyle.md\/product\/podarochnyj-sertifikat-na-1000-lej\/#breadcrumb","itemListElement":[{"@type":"ListItem","position":1,"name":"\u0413\u043b\u0430\u0432\u043d\u0430\u044f \u0441\u0442\u0440\u0430\u043d\u0438\u0446\u0430","item":"https:\/\/xstyle.md\/"},{"@type":"ListItem","position":2,"name":"\u041c\u0430\u0433\u0430\u0437\u0438\u043d","item":"https:\/\/xstyle.md\/shop\/"},{"@type":"ListItem","position":3,"name":"\u041f\u043e\u0434\u0430\u0440\u043e\u0447\u043d\u044b\u0439 \u0441\u0435\u0440\u0442\u0438\u0444\u0438\u043a\u0430\u0442 \u043d\u0430 1000 \u043b\u0435\u0439"}]},{"@type":"WebSite","@id":"https:\/\/xstyle.md\/#website","url":"https:\/\/xstyle.md\/","name":"Magazinul X-Style","description":"Echipamente pentru turism \u0219i sporturi extreme \u00een Moldova. Pre\u021buri, fotografii, caracteristici \u00een Moldova.","publisher":{"@id":"https:\/\/xstyle.md\/#organization"},"alternateName":"X-Style","potentialAction":[{"@type":"SearchAction","target":{"@type":"EntryPoint","urlTemplate":"https:\/\/xstyle.md\/?s={search_term_string}"},"query-input":{"@type":"PropertyValueSpecification","valueRequired":true,"valueName":"search_term_string"}}],"inLanguage":"ro-RO"},{"@type":"Organization","@id":"https:\/\/xstyle.md\/#organization","name":"Magazinul X-Style","alternateName":"x-style","url":"https:\/\/xstyle.md\/","logo":{"@type":"ImageObject","inLanguage":"ro-RO","@id":"https:\/\/xstyle.md\/#\/schema\/logo\/image\/","url":"https:\/\/xstyle.md\/wp-content\/uploads\/2020\/06\/logoicon.svg","contentUrl":"https:\/\/xstyle.md\/wp-content\/uploads\/2020\/06\/logoicon.svg","caption":"\u041c\u0430\u0433\u0430\u0437\u0438\u043d Xstyle"},"image":{"@id":"https:\/\/xstyle.md\/#\/schema\/logo\/image\/"},"sameAs":["https:\/\/www.facebook.com\/xstylemd","https:\/\/www.instagram.com\/xstyle_md\/","https:\/\/t.me\/xstyle_outdoor"],"hasMerchantReturnPolicy":{"@type":"MerchantReturnPolicy","merchantReturnLink":"https:\/\/xstyle.md\/ro\/conditions\/"}}]},"product_price_amount":"1000.00","product_price_currency":"MDL","og_availability":"instock","product_availability":"instock","product_retailer_item_id":"xstsert1000","product_condition":"new"},"post_mailing_queue_ids":[],"_links":{"self":[{"href":"https:\/\/xstyle.md\/ro\/wp-json\/wp\/v2\/product\/77310","targetHints":{"allow":["GET"]}}],"collection":[{"href":"https:\/\/xstyle.md\/ro\/wp-json\/wp\/v2\/product"}],"about":[{"href":"https:\/\/xstyle.md\/ro\/wp-json\/wp\/v2\/types\/product"}],"replies":[{"embeddable":true,"href":"https:\/\/xstyle.md\/ro\/wp-json\/wp\/v2\/comments?post=77310"}],"wp:featuredmedia":[{"embeddable":true,"href":"https:\/\/xstyle.md\/ro\/wp-json\/wp\/v2\/media\/77306"}],"wp:attachment":[{"href":"https:\/\/xstyle.md\/ro\/wp-json\/wp\/v2\/media?parent=77310"}],"wp:term":[{"taxonomy":"product_brand","embeddable":true,"href":"https:\/\/xstyle.md\/ro\/wp-json\/wp\/v2\/product_brand?post=77310"},{"taxonomy":"product_cat","embeddable":true,"href":"https:\/\/xstyle.md\/ro\/wp-json\/wp\/v2\/product_cat?post=77310"},{"taxonomy":"product_tag","embeddable":true,"href":"https:\/\/xstyle.md\/ro\/wp-json\/wp\/v2\/product_tag?post=77310"}],"curies":[{"name":"wp","href":"https:\/\/api.w.org\/{rel}","templated":true}]}}