{"id":7728,"date":"2020-07-16T22:59:34","date_gmt":"2020-07-16T19:59:34","guid":{"rendered":"https:\/\/xstyle.md\/product\/palatka-hannah-tycoon-2"},"modified":"2025-10-24T12:37:24","modified_gmt":"2025-10-24T09:37:24","slug":"palatka-hannah-tycoon-2","status":"publish","type":"product","link":"https:\/\/xstyle.md\/ro\/produs\/palatka-hannah-tycoon-2\/","title":{"rendered":"Cort Hannah Tycoon 2"},"content":{"rendered":"<\/p>\n<p><strong>Cort Hannah Tycoon 2<\/strong> din seria corturilor Hannah Comfort, este potrivit pentru camping \u0219i drumetii.<\/p>\n<p><strong>Caracteristici:<\/strong><\/p>\n<ul>\n<li>1 vestibul, 1 intrare<\/li>\n<li>dimensiune impachetat: 18 x 45 cm<\/li>\n<li>dimensiune cort interior: 210 x 150 x 105 cm<\/li>\n<li>dimensiune exterior: 220 x 250 x 115 cm<\/li>\n<li>bete: fibra de sticla, \u22057.9mm, se monteaza pe interior<\/li>\n<li>coloana de apa: 3.000 mm\/24h<\/li>\n<li>podea: PE<\/li>\n<li>greutate: 3 kg<\/li>\n<\/ul>\n<p><strong>Specifica\u021bii:<\/strong><\/p>\n<table border=\"0\">\n<tbody>\n<tr>\n<td>Seria\/Activitate<\/td>\n<td>COMFORT<\/td>\n<\/tr>\n<tr>\n<td>Anotimp<\/td>\n<td>3<\/td>\n<\/tr>\n<tr>\n<td colspan=\"2\">Greutate:<\/td>\n<\/tr>\n<tr>\n<td>Minim<\/td>\n<td><\/td>\n<\/tr>\n<tr>\n<td>Maxim<\/td>\n<td>3 kg<\/td>\n<\/tr>\n<tr>\n<td colspan=\"2\">Dimensiuni:<\/td>\n<\/tr>\n<tr>\n<td>Interior<\/td>\n<td>220 x 250 x 115 cm<\/td>\n<\/tr>\n<tr>\n<td>\u00cen\u0103l\u021bime interior<\/td>\n<td>\u00a0115<\/td>\n<\/tr>\n<tr>\n<td>\u00cempachetat<\/td>\n<td>\u00a018 x 45 cm<\/td>\n<\/tr>\n<tr>\n<td colspan=\"2\">Material:<\/td>\n<\/tr>\n<tr>\n<td>Interior<\/td>\n<td>185T Polyester<\/td>\n<\/tr>\n<tr>\n<td>Exterior<\/td>\n<td>185T Polyester Ripstop<\/td>\n<\/tr>\n<tr>\n<td>Baz\u0103<\/td>\n<td>\u00a0PE 10&#215;10 120g\/m3<\/td>\n<\/tr>\n<tr>\n<td>Be\u021be<\/td>\n<td>Fiberglass<\/td>\n<\/tr>\n<tr>\n<td>Rezisten\u021b\u0103 la ap\u0103 tent<\/td>\n<td>3 000 mm<\/td>\n<\/tr>\n<tr>\n<td>Rezisten\u021b\u0103 la ap\u0103 baz\u0103<\/td>\n<td>PE 10&#215;10 120g\/m3<\/td>\n<\/tr>\n<tr>\n<td>Locuri<\/td>\n<td>2<\/td>\n<\/tr>\n<\/tbody>\n<\/table>\n<p><\/p>","protected":false},"excerpt":{"rendered":"<p>Cort Hannah Tycoon 2<\/p>","protected":false},"featured_media":7722,"comment_status":"open","ping_status":"closed","template":"","meta":{"_acf_changed":false,"inline_featured_image":false},"product_brand":[1271],"product_cat":[76],"product_tag":[],"class_list":{"0":"post-7728","1":"product","2":"type-product","3":"status-publish","4":"has-post-thumbnail","6":"product_brand-hannah","7":"product_cat-corturi-duble","9":"first","10":"instock","11":"shipping-taxable","12":"purchasable","13":"product-type-simple"},"acf":[],"yoast_head":"<!-- This site is optimized with the Yoast SEO plugin v27.2 - https:\/\/yoast.com\/product\/yoast-seo-wordpress\/ -->\n<title>\u041f\u0430\u043b\u0430\u0442\u043a\u0430 Hannah Tycoon 2 - \u041c\u0430\u0433\u0430\u0437\u0438\u043d Xstyle<\/title>\n<meta name=\"description\" content=\"\u041f\u0430\u043b\u0430\u0442\u043a\u0430 Hannah Tycoon 2 \u2014 \u0438\u0434\u0435\u0430\u043b\u044c\u043d\u044b\u0439 \u0432\u044b\u0431\u043e\u0440 \u0434\u043b\u044f \u043a\u0435\u043c\u043f\u0438\u043d\u0433\u0430 \u0438 \u043f\u043e\u0445\u043e\u0434\u043e\u0432. \u041a\u043e\u043c\u043f\u0430\u043a\u0442\u043d\u0430\u044f, \u0441 \u0445\u043e\u0440\u043e\u0448\u0435\u0439 \u0432\u0435\u043d\u0442\u0438\u043b\u044f\u0446\u0438\u0435\u0439 \u0438 \u043f\u0440\u043e\u0447\u043d\u043e\u0439 \u043a\u043e\u043d\u0441\u0442\u0440\u0443\u043a\u0446\u0438\u0435\u0439. \u0423\u0434\u043e\u0431\u043d\u044b\u0435 \u0440\u0430\u0437\u043c\u0435\u0440\u044b \u0438 \u043b\u0435\u0433\u043a\u0438\u0439 \u0432\u0435\u0441!\" \/>\n<meta name=\"robots\" content=\"index, follow, max-snippet:-1, max-image-preview:large, max-video-preview:-1\" \/>\n<link rel=\"canonical\" href=\"https:\/\/xstyle.md\/ro\/produs\/palatka-hannah-tycoon-2\/\" \/>\n<meta property=\"og:locale\" content=\"ro_RO\" \/>\n<meta property=\"og:type\" content=\"article\" \/>\n<meta property=\"og:title\" content=\"\u041f\u0430\u043b\u0430\u0442\u043a\u0430 Hannah Tycoon 2 - \u041c\u0430\u0433\u0430\u0437\u0438\u043d Xstyle\" \/>\n<meta property=\"og:description\" content=\"\u041f\u0430\u043b\u0430\u0442\u043a\u0430 Hannah Tycoon 2 \u2014 \u0438\u0434\u0435\u0430\u043b\u044c\u043d\u044b\u0439 \u0432\u044b\u0431\u043e\u0440 \u0434\u043b\u044f \u043a\u0435\u043c\u043f\u0438\u043d\u0433\u0430 \u0438 \u043f\u043e\u0445\u043e\u0434\u043e\u0432. \u041a\u043e\u043c\u043f\u0430\u043a\u0442\u043d\u0430\u044f, \u0441 \u0445\u043e\u0440\u043e\u0448\u0435\u0439 \u0432\u0435\u043d\u0442\u0438\u043b\u044f\u0446\u0438\u0435\u0439 \u0438 \u043f\u0440\u043e\u0447\u043d\u043e\u0439 \u043a\u043e\u043d\u0441\u0442\u0440\u0443\u043a\u0446\u0438\u0435\u0439. \u0423\u0434\u043e\u0431\u043d\u044b\u0435 \u0440\u0430\u0437\u043c\u0435\u0440\u044b \u0438 \u043b\u0435\u0433\u043a\u0438\u0439 \u0432\u0435\u0441!\" \/>\n<meta property=\"og:url\" content=\"https:\/\/xstyle.md\/ro\/produs\/palatka-hannah-tycoon-2\/\" \/>\n<meta property=\"og:site_name\" content=\"\u041c\u0430\u0433\u0430\u0437\u0438\u043d Xstyle\" \/>\n<meta property=\"article:publisher\" content=\"https:\/\/www.facebook.com\/xstylemd\" \/>\n<meta property=\"article:modified_time\" content=\"2025-10-24T09:37:24+00:00\" \/>\n<meta property=\"og:image\" content=\"https:\/\/xstyle.md\/wp-content\/uploads\/2020\/07\/1000_1__1.jpg\" \/>\n\t<meta property=\"og:image:width\" content=\"1000\" \/>\n\t<meta property=\"og:image:height\" content=\"431\" \/>\n\t<meta property=\"og:image:type\" content=\"image\/jpeg\" \/>\n<meta name=\"twitter:card\" content=\"summary_large_image\" \/>\n<meta name=\"twitter:label1\" content=\"Pre\u021b\" \/>\n\t<meta name=\"twitter:data1\" content=\"2.590&nbsp;MDL\" \/>\n\t<meta name=\"twitter:label2\" content=\"Disponibilitate\" \/>\n\t<meta name=\"twitter:data2\" content=\"\u00cen stoc\" \/>\n<script type=\"application\/ld+json\" class=\"yoast-schema-graph\">{\"@context\":\"https:\/\/schema.org\",\"@graph\":[{\"@type\":\"WebPage\",\"@id\":\"https:\/\/xstyle.md\/product\/palatka-hannah-tycoon-2\/\",\"url\":\"https:\/\/xstyle.md\/product\/palatka-hannah-tycoon-2\/\",\"name\":\"\u041f\u0430\u043b\u0430\u0442\u043a\u0430 Hannah Tycoon 2 - \u041c\u0430\u0433\u0430\u0437\u0438\u043d Xstyle\",\"isPartOf\":{\"@id\":\"https:\/\/xstyle.md\/#website\"},\"primaryImageOfPage\":{\"@id\":\"https:\/\/xstyle.md\/product\/palatka-hannah-tycoon-2\/#primaryimage\"},\"image\":{\"@id\":\"https:\/\/xstyle.md\/product\/palatka-hannah-tycoon-2\/#primaryimage\"},\"thumbnailUrl\":\"https:\/\/xstyle.md\/wp-content\/uploads\/2020\/07\/1000_1__1.jpg\",\"datePublished\":\"2020-07-16T19:59:34+00:00\",\"dateModified\":\"2025-10-24T09:37:24+00:00\",\"description\":\"\u041f\u0430\u043b\u0430\u0442\u043a\u0430 Hannah Tycoon 2 \u2014 \u0438\u0434\u0435\u0430\u043b\u044c\u043d\u044b\u0439 \u0432\u044b\u0431\u043e\u0440 \u0434\u043b\u044f \u043a\u0435\u043c\u043f\u0438\u043d\u0433\u0430 \u0438 \u043f\u043e\u0445\u043e\u0434\u043e\u0432. \u041a\u043e\u043c\u043f\u0430\u043a\u0442\u043d\u0430\u044f, \u0441 \u0445\u043e\u0440\u043e\u0448\u0435\u0439 \u0432\u0435\u043d\u0442\u0438\u043b\u044f\u0446\u0438\u0435\u0439 \u0438 \u043f\u0440\u043e\u0447\u043d\u043e\u0439 \u043a\u043e\u043d\u0441\u0442\u0440\u0443\u043a\u0446\u0438\u0435\u0439. \u0423\u0434\u043e\u0431\u043d\u044b\u0435 \u0440\u0430\u0437\u043c\u0435\u0440\u044b \u0438 \u043b\u0435\u0433\u043a\u0438\u0439 \u0432\u0435\u0441!\",\"breadcrumb\":{\"@id\":\"https:\/\/xstyle.md\/product\/palatka-hannah-tycoon-2\/#breadcrumb\"},\"inLanguage\":\"ro-RO\",\"potentialAction\":[{\"@type\":\"ReadAction\",\"target\":[\"https:\/\/xstyle.md\/product\/palatka-hannah-tycoon-2\/\"]}]},{\"@type\":\"ImageObject\",\"inLanguage\":\"ro-RO\",\"@id\":\"https:\/\/xstyle.md\/product\/palatka-hannah-tycoon-2\/#primaryimage\",\"url\":\"https:\/\/xstyle.md\/wp-content\/uploads\/2020\/07\/1000_1__1.jpg\",\"contentUrl\":\"https:\/\/xstyle.md\/wp-content\/uploads\/2020\/07\/1000_1__1.jpg\",\"width\":1000,\"height\":431},{\"@type\":\"BreadcrumbList\",\"@id\":\"https:\/\/xstyle.md\/product\/palatka-hannah-tycoon-2\/#breadcrumb\",\"itemListElement\":[{\"@type\":\"ListItem\",\"position\":1,\"name\":\"\u0413\u043b\u0430\u0432\u043d\u0430\u044f \u0441\u0442\u0440\u0430\u043d\u0438\u0446\u0430\",\"item\":\"https:\/\/xstyle.md\/\"},{\"@type\":\"ListItem\",\"position\":2,\"name\":\"\u041c\u0430\u0433\u0430\u0437\u0438\u043d\",\"item\":\"https:\/\/xstyle.md\/shop\/\"},{\"@type\":\"ListItem\",\"position\":3,\"name\":\"\u041f\u0430\u043b\u0430\u0442\u043a\u0430 Hannah Tycoon 2\"}]},{\"@type\":\"WebSite\",\"@id\":\"https:\/\/xstyle.md\/#website\",\"url\":\"https:\/\/xstyle.md\/\",\"name\":\"\u041c\u0430\u0433\u0430\u0437\u0438\u043d Xstyle\",\"description\":\"C\u043d\u0430\u0440\u044f\u0436\u0435\u043d\u0438\u0435 \u0434\u043b\u044f \u0442\u0443\u0440\u0438\u0437\u043c\u0430 \u0438 \u044d\u043a\u0441\u0442\u0440\u0435\u043c\u0430\u043b\u044c\u043d\u044b\u0445 \u0432\u0438\u0434\u043e\u0432 \u0441\u043f\u043e\u0440\u0442\u0430 \u0432 \u041c\u043e\u043b\u0434\u043e\u0432\u0435.. \u0426\u0435\u043d\u044b, \u0444\u043e\u0442\u043e, \u0445\u0430\u0440\u0430\u043a\u0442\u0435\u0440\u0438\u0441\u0442\u0438\u043a\u0438 \u0432 \u041c\u043e\u043b\u0434\u043e\u0432\u0435.\",\"publisher\":{\"@id\":\"https:\/\/xstyle.md\/#organization\"},\"alternateName\":\"X-Style\",\"potentialAction\":[{\"@type\":\"SearchAction\",\"target\":{\"@type\":\"EntryPoint\",\"urlTemplate\":\"https:\/\/xstyle.md\/?s={search_term_string}\"},\"query-input\":{\"@type\":\"PropertyValueSpecification\",\"valueRequired\":true,\"valueName\":\"search_term_string\"}}],\"inLanguage\":\"ro-RO\"},{\"@type\":\"Organization\",\"@id\":\"https:\/\/xstyle.md\/#organization\",\"name\":\"\u041c\u0430\u0433\u0430\u0437\u0438\u043d Xstyle\",\"alternateName\":\"x-style\",\"url\":\"https:\/\/xstyle.md\/\",\"logo\":{\"@type\":\"ImageObject\",\"inLanguage\":\"ro-RO\",\"@id\":\"https:\/\/xstyle.md\/#\/schema\/logo\/image\/\",\"url\":\"https:\/\/xstyle.md\/wp-content\/uploads\/2020\/06\/logoicon.svg\",\"contentUrl\":\"https:\/\/xstyle.md\/wp-content\/uploads\/2020\/06\/logoicon.svg\",\"caption\":\"\u041c\u0430\u0433\u0430\u0437\u0438\u043d Xstyle\"},\"image\":{\"@id\":\"https:\/\/xstyle.md\/#\/schema\/logo\/image\/\"},\"sameAs\":[\"https:\/\/www.facebook.com\/xstylemd\",\"https:\/\/www.instagram.com\/xstyle_md\/\",\"https:\/\/t.me\/xstyle_outdoor\"],\"hasMerchantReturnPolicy\":{\"@type\":\"MerchantReturnPolicy\",\"merchantReturnLink\":\"https:\/\/xstyle.md\/ro\/conditions\/\"}}]}<\/script>\n<meta property=\"product:price:amount\" content=\"2590.00\" \/>\n<meta property=\"product:price:currency\" content=\"MDL\" \/>\n<meta property=\"og:availability\" content=\"instock\" \/>\n<meta property=\"product:availability\" content=\"instock\" \/>\n<meta property=\"product:retailer_item_id\" content=\"8591203844222\" \/>\n<meta property=\"product:condition\" content=\"new\" \/>\n<!-- \/ Yoast SEO plugin. -->","yoast_head_json":{"title":"Cort Hannah Tycoon 2 - Magazin Xstyle","description":"Cortul Hannah Tycoon 2 \u2014 alegerea ideal\u0103 pentru camping \u0219i drume\u021bii. Compact, cu o bun\u0103 ventila\u021bie \u0219i o construc\u021bie solid\u0103. Dimensiuni convenabile \u0219i greutate u\u0219oar\u0103!","robots":{"index":"index","follow":"follow","max-snippet":"max-snippet:-1","max-image-preview":"max-image-preview:large","max-video-preview":"max-video-preview:-1"},"canonical":"https:\/\/xstyle.md\/ro\/produs\/palatka-hannah-tycoon-2\/","og_locale":"ro_RO","og_type":"article","og_title":"\u041f\u0430\u043b\u0430\u0442\u043a\u0430 Hannah Tycoon 2 - \u041c\u0430\u0433\u0430\u0437\u0438\u043d Xstyle","og_description":"\u041f\u0430\u043b\u0430\u0442\u043a\u0430 Hannah Tycoon 2 \u2014 \u0438\u0434\u0435\u0430\u043b\u044c\u043d\u044b\u0439 \u0432\u044b\u0431\u043e\u0440 \u0434\u043b\u044f \u043a\u0435\u043c\u043f\u0438\u043d\u0433\u0430 \u0438 \u043f\u043e\u0445\u043e\u0434\u043e\u0432. \u041a\u043e\u043c\u043f\u0430\u043a\u0442\u043d\u0430\u044f, \u0441 \u0445\u043e\u0440\u043e\u0448\u0435\u0439 \u0432\u0435\u043d\u0442\u0438\u043b\u044f\u0446\u0438\u0435\u0439 \u0438 \u043f\u0440\u043e\u0447\u043d\u043e\u0439 \u043a\u043e\u043d\u0441\u0442\u0440\u0443\u043a\u0446\u0438\u0435\u0439. \u0423\u0434\u043e\u0431\u043d\u044b\u0435 \u0440\u0430\u0437\u043c\u0435\u0440\u044b \u0438 \u043b\u0435\u0433\u043a\u0438\u0439 \u0432\u0435\u0441!","og_url":"https:\/\/xstyle.md\/ro\/produs\/palatka-hannah-tycoon-2\/","og_site_name":"\u041c\u0430\u0433\u0430\u0437\u0438\u043d Xstyle","article_publisher":"https:\/\/www.facebook.com\/xstylemd","article_modified_time":"2025-10-24T09:37:24+00:00","og_image":[{"width":1000,"height":431,"url":"https:\/\/xstyle.md\/wp-content\/uploads\/2020\/07\/1000_1__1.jpg","type":"image\/jpeg"}],"twitter_card":"summary_large_image","twitter_misc":{"Pre\u021b":"2.590&nbsp;MDL","Disponibilitate":"\u00cen stoc"},"schema":{"@context":"https:\/\/schema.org","@graph":[{"@type":"WebPage","@id":"https:\/\/xstyle.md\/product\/palatka-hannah-tycoon-2\/","url":"https:\/\/xstyle.md\/product\/palatka-hannah-tycoon-2\/","name":"Cort Hannah Tycoon 2 - Magazin Xstyle","isPartOf":{"@id":"https:\/\/xstyle.md\/#website"},"primaryImageOfPage":{"@id":"https:\/\/xstyle.md\/product\/palatka-hannah-tycoon-2\/#primaryimage"},"image":{"@id":"https:\/\/xstyle.md\/product\/palatka-hannah-tycoon-2\/#primaryimage"},"thumbnailUrl":"https:\/\/xstyle.md\/wp-content\/uploads\/2020\/07\/1000_1__1.jpg","datePublished":"2020-07-16T19:59:34+00:00","dateModified":"2025-10-24T09:37:24+00:00","description":"Cortul Hannah Tycoon 2 \u2014 alegerea ideal\u0103 pentru camping \u0219i drume\u021bii. Compact, cu o bun\u0103 ventila\u021bie \u0219i o construc\u021bie solid\u0103. Dimensiuni convenabile \u0219i greutate u\u0219oar\u0103!","breadcrumb":{"@id":"https:\/\/xstyle.md\/product\/palatka-hannah-tycoon-2\/#breadcrumb"},"inLanguage":"ro-RO","potentialAction":[{"@type":"ReadAction","target":["https:\/\/xstyle.md\/product\/palatka-hannah-tycoon-2\/"]}]},{"@type":"ImageObject","inLanguage":"ro-RO","@id":"https:\/\/xstyle.md\/product\/palatka-hannah-tycoon-2\/#primaryimage","url":"https:\/\/xstyle.md\/wp-content\/uploads\/2020\/07\/1000_1__1.jpg","contentUrl":"https:\/\/xstyle.md\/wp-content\/uploads\/2020\/07\/1000_1__1.jpg","width":1000,"height":431},{"@type":"BreadcrumbList","@id":"https:\/\/xstyle.md\/product\/palatka-hannah-tycoon-2\/#breadcrumb","itemListElement":[{"@type":"ListItem","position":1,"name":"\u0413\u043b\u0430\u0432\u043d\u0430\u044f \u0441\u0442\u0440\u0430\u043d\u0438\u0446\u0430","item":"https:\/\/xstyle.md\/"},{"@type":"ListItem","position":2,"name":"\u041c\u0430\u0433\u0430\u0437\u0438\u043d","item":"https:\/\/xstyle.md\/shop\/"},{"@type":"ListItem","position":3,"name":"\u041f\u0430\u043b\u0430\u0442\u043a\u0430 Hannah Tycoon 2"}]},{"@type":"WebSite","@id":"https:\/\/xstyle.md\/#website","url":"https:\/\/xstyle.md\/","name":"Magazinul X-Style","description":"Echipamente pentru turism \u0219i sporturi extreme \u00een Moldova. Pre\u021buri, fotografii, caracteristici \u00een Moldova.","publisher":{"@id":"https:\/\/xstyle.md\/#organization"},"alternateName":"X-Style","potentialAction":[{"@type":"SearchAction","target":{"@type":"EntryPoint","urlTemplate":"https:\/\/xstyle.md\/?s={search_term_string}"},"query-input":{"@type":"PropertyValueSpecification","valueRequired":true,"valueName":"search_term_string"}}],"inLanguage":"ro-RO"},{"@type":"Organization","@id":"https:\/\/xstyle.md\/#organization","name":"Magazinul X-Style","alternateName":"x-style","url":"https:\/\/xstyle.md\/","logo":{"@type":"ImageObject","inLanguage":"ro-RO","@id":"https:\/\/xstyle.md\/#\/schema\/logo\/image\/","url":"https:\/\/xstyle.md\/wp-content\/uploads\/2020\/06\/logoicon.svg","contentUrl":"https:\/\/xstyle.md\/wp-content\/uploads\/2020\/06\/logoicon.svg","caption":"\u041c\u0430\u0433\u0430\u0437\u0438\u043d Xstyle"},"image":{"@id":"https:\/\/xstyle.md\/#\/schema\/logo\/image\/"},"sameAs":["https:\/\/www.facebook.com\/xstylemd","https:\/\/www.instagram.com\/xstyle_md\/","https:\/\/t.me\/xstyle_outdoor"],"hasMerchantReturnPolicy":{"@type":"MerchantReturnPolicy","merchantReturnLink":"https:\/\/xstyle.md\/ro\/conditions\/"}}]},"product_price_amount":"2590.00","product_price_currency":"MDL","og_availability":"instock","product_availability":"instock","product_retailer_item_id":"8591203844222","product_condition":"new"},"post_mailing_queue_ids":[],"_links":{"self":[{"href":"https:\/\/xstyle.md\/ro\/wp-json\/wp\/v2\/product\/7728","targetHints":{"allow":["GET"]}}],"collection":[{"href":"https:\/\/xstyle.md\/ro\/wp-json\/wp\/v2\/product"}],"about":[{"href":"https:\/\/xstyle.md\/ro\/wp-json\/wp\/v2\/types\/product"}],"replies":[{"embeddable":true,"href":"https:\/\/xstyle.md\/ro\/wp-json\/wp\/v2\/comments?post=7728"}],"wp:featuredmedia":[{"embeddable":true,"href":"https:\/\/xstyle.md\/ro\/wp-json\/wp\/v2\/media\/7722"}],"wp:attachment":[{"href":"https:\/\/xstyle.md\/ro\/wp-json\/wp\/v2\/media?parent=7728"}],"wp:term":[{"taxonomy":"product_brand","embeddable":true,"href":"https:\/\/xstyle.md\/ro\/wp-json\/wp\/v2\/product_brand?post=7728"},{"taxonomy":"product_cat","embeddable":true,"href":"https:\/\/xstyle.md\/ro\/wp-json\/wp\/v2\/product_cat?post=7728"},{"taxonomy":"product_tag","embeddable":true,"href":"https:\/\/xstyle.md\/ro\/wp-json\/wp\/v2\/product_tag?post=7728"}],"curies":[{"name":"wp","href":"https:\/\/api.w.org\/{rel}","templated":true}]}}