{"id":77112,"date":"2023-12-15T18:01:40","date_gmt":"2023-12-15T15:01:40","guid":{"rendered":"https:\/\/xstyle.md\/?post_type=product&#038;p=77112"},"modified":"2025-11-11T18:08:51","modified_gmt":"2025-11-11T15:08:51","slug":"sumka-thule-paramount-crossbody-bag-14l","status":"publish","type":"product","link":"https:\/\/xstyle.md\/ro\/produs\/sumka-thule-paramount-crossbody-bag-14l\/","title":{"rendered":"Geant\u0103 Thule Paramount Crossbody Bag 14L"},"content":{"rendered":"<\/p>\n<p><strong>Thule Paramount Crossbody Bag 14L<\/strong> &#8212; geanta de um\u0103r modern\u0103 \u0219i versatil\u0103 de 14 litri, c\u0103ptu\u0219it\u0103 cu protec\u021bie pentru laptop, are toate caracteristicile care faciliteaz\u0103 deplasarea \u00een ora\u0219.<\/p>\n<h3>Particularit\u0103\u021bi<\/h3>\n<ul>\n<li>Hus\u0103 c\u0103ptu\u0219it\u0103 pentru un laptop sau o tablet\u0103 cu un ecran de p\u00e2n\u0103 la 14 inci<\/li>\n<li>Partea superioar\u0103 pliabil\u0103 protejeaz\u0103 con\u021binutul de intemperii<\/li>\n<li>Dou\u0103 moduri de acces la compartimentul principal &#8212; prin deschiderea cu fermoar din spate sau prin partea superioar\u0103 rabatabil\u0103.<\/li>\n<li>Buzunarul din fa\u021b\u0103 poate con\u021bine obiecte voluminoase sau lucruri care nu au ce c\u0103uta \u00een compartimentul principal.<\/li>\n<li>Buzunare interioare pentru accesorii \u0219i un \u0219nur cu breloc cu breloc \u00een buzunarul mare cu fermoar din plas\u0103 care \u021bine \u00een siguran\u021b\u0103 con\u021binutul<\/li>\n<li>Buzunarul din spate cu fermoar v\u0103 p\u0103streaz\u0103 telefonul, pa\u0219aportul \u0219i alte obiecte de valoare aproape de corp<\/li>\n<li>Fermoarele YKK de \u00eenalt\u0103 calitate, nailon 420D durabil, un strat rezistent la ap\u0103 f\u0103r\u0103 fluorocarburi d\u0103un\u0103toare \u0219i un strat special pe fundul gen\u021bii sporesc durabilitatea acesteia \u0219i protejeaz\u0103 \u00een mod fiabil con\u021binutul.<\/li>\n<li>Cureaua special\u0103 permite ca geanta s\u0103 fie ata\u0219at\u0103 \u00een siguran\u021b\u0103 la o valiz\u0103 cu ro\u021bi.<\/li>\n<li>Poate fi transportat\u0103 \u00een trei moduri: \u00een fa\u021b\u0103, \u00een spate sau lateral.<\/li>\n<li>Bluesign\u00ae este o certificare recunoscut\u0103 la nivel mondial care asigur\u0103 protec\u021bia angaja\u021bilor, a consumatorilor \u0219i a mediului \u00eenconjur\u0103tor.<\/li>\n<li>Datorit\u0103 buclei pentru lumina bicicletei \u0219i a elementelor reflectorizante, pute\u021bi fi reperat cu u\u0219urin\u021b\u0103 pe timp de noapte.<\/li>\n<\/ul>\n<h3>Caracteristici<\/h3>\n<ul>\n<li>Greutate &#8212; 700 g<\/li>\n<li>Dimensiuni &#8212; 27 x 4 x 29 cm (H x L x P)<\/li>\n<li>Material &#8212; nailon 420 denari<\/li>\n<li>Potrivit pentru bagajele de m\u00e2n\u0103<\/li>\n<li>Scop - drume\u021bii, ora\u0219<\/li>\n<li>Model &#8212; unisex<\/li>\n<\/ul>\n<h3>Marca<\/h3>\n<p>THULE este o companie interna\u021bional\u0103 de top, recunoscut\u0103 la nivel mondial ca produc\u0103tor de top de sisteme de bagaje \u0219i cutii auto. THULE fabric\u0103 produse premium, renumite pentru calitatea lor de neegalat, siguran\u021b\u0103, u\u0219urin\u021b\u0103 \u00een utilizare \u0219i design elegant. Produsele THULE sunt potrivite pentru persoanele care prefer\u0103 activit\u0103\u021bile \u00een aer liber, sunt pasionate de sport, c\u0103l\u0103toresc mult \u0219i apreciaz\u0103 solu\u021biile bine g\u00e2ndite.<\/p>\n<p><\/p>","protected":false},"excerpt":{"rendered":"","protected":false},"featured_media":77246,"comment_status":"open","ping_status":"closed","template":"","meta":{"_acf_changed":false,"inline_featured_image":false},"product_brand":[1269],"product_cat":[282],"product_tag":[],"class_list":{"0":"post-77112","1":"product","2":"type-product","3":"status-publish","4":"has-post-thumbnail","6":"product_brand-thule","7":"product_cat-barsetki","9":"first","10":"instock","11":"shipping-taxable","12":"purchasable","13":"product-type-simple"},"acf":[],"yoast_head":"<!-- This site is optimized with the Yoast SEO plugin v27.4 - https:\/\/yoast.com\/product\/yoast-seo-wordpress\/ -->\n<title>\u0421\u0443\u043c\u043a\u0430 Thule Paramount Crossbody Bag 14L - \u041c\u0430\u0433\u0430\u0437\u0438\u043d Xstyle<\/title>\n<meta name=\"description\" content=\"\u0421\u0443\u043c\u043a\u0430 Thule Paramount Crossbody Bag 14L \u2014 \u0438\u0434\u0435\u0430\u043b\u044c\u043d\u044b\u0439 \u0432\u044b\u0431\u043e\u0440 \u0434\u043b\u044f \u0433\u043e\u0440\u043e\u0434\u0430. \u041a\u043e\u043c\u043f\u0430\u043a\u0442\u043d\u0430\u044f, \u0441\u0442\u0438\u043b\u044c\u043d\u0430\u044f \u0438 \u0431\u0435\u0437\u043e\u043f\u0430\u0441\u043d\u0430\u044f \u0434\u043b\u044f \u043d\u043e\u0443\u0442\u0431\u0443\u043a\u0430 \u0434\u043e 14 \u0434\u044e\u0439\u043c\u043e\u0432. \u041f\u0443\u0442\u0435\u0448\u0435\u0441\u0442\u0432\u0443\u0439 \u0441 \u043a\u043e\u043c\u0444\u043e\u0440\u0442\u043e\u043c!\" \/>\n<meta name=\"robots\" content=\"index, follow, max-snippet:-1, max-image-preview:large, max-video-preview:-1\" \/>\n<link rel=\"canonical\" href=\"https:\/\/xstyle.md\/ro\/produs\/sumka-thule-paramount-crossbody-bag-14l\/\" \/>\n<meta property=\"og:locale\" content=\"ro_RO\" \/>\n<meta property=\"og:type\" content=\"article\" \/>\n<meta property=\"og:title\" content=\"\u0421\u0443\u043c\u043a\u0430 Thule Paramount Crossbody Bag 14L - \u041c\u0430\u0433\u0430\u0437\u0438\u043d Xstyle\" \/>\n<meta property=\"og:description\" content=\"\u0421\u0443\u043c\u043a\u0430 Thule Paramount Crossbody Bag 14L \u2014 \u0438\u0434\u0435\u0430\u043b\u044c\u043d\u044b\u0439 \u0432\u044b\u0431\u043e\u0440 \u0434\u043b\u044f \u0433\u043e\u0440\u043e\u0434\u0430. \u041a\u043e\u043c\u043f\u0430\u043a\u0442\u043d\u0430\u044f, \u0441\u0442\u0438\u043b\u044c\u043d\u0430\u044f \u0438 \u0431\u0435\u0437\u043e\u043f\u0430\u0441\u043d\u0430\u044f \u0434\u043b\u044f \u043d\u043e\u0443\u0442\u0431\u0443\u043a\u0430 \u0434\u043e 14 \u0434\u044e\u0439\u043c\u043e\u0432. \u041f\u0443\u0442\u0435\u0448\u0435\u0441\u0442\u0432\u0443\u0439 \u0441 \u043a\u043e\u043c\u0444\u043e\u0440\u0442\u043e\u043c!\" \/>\n<meta property=\"og:url\" content=\"https:\/\/xstyle.md\/ro\/produs\/sumka-thule-paramount-crossbody-bag-14l\/\" \/>\n<meta property=\"og:site_name\" content=\"\u041c\u0430\u0433\u0430\u0437\u0438\u043d Xstyle\" \/>\n<meta property=\"article:publisher\" content=\"https:\/\/www.facebook.com\/xstylemd\" \/>\n<meta property=\"article:modified_time\" content=\"2025-11-11T15:08:51+00:00\" \/>\n<meta property=\"og:image\" content=\"https:\/\/xstyle.md\/wp-content\/uploads\/2023\/12\/thule-paramount-crossbody-bag-14l-soft-green.jpg\" \/>\n\t<meta property=\"og:image:width\" content=\"500\" \/>\n\t<meta property=\"og:image:height\" content=\"500\" \/>\n\t<meta property=\"og:image:type\" content=\"image\/jpeg\" \/>\n<meta name=\"twitter:card\" content=\"summary_large_image\" \/>\n<meta name=\"twitter:label1\" content=\"Pre\u021b\" \/>\n\t<meta name=\"twitter:data1\" content=\"1.890&nbsp;MDL\" \/>\n\t<meta name=\"twitter:label2\" content=\"Disponibilitate\" \/>\n\t<meta name=\"twitter:data2\" content=\"\u00cen stoc\" \/>\n<script type=\"application\/ld+json\" class=\"yoast-schema-graph\">{\"@context\":\"https:\\\/\\\/schema.org\",\"@graph\":[{\"@type\":\"WebPage\",\"@id\":\"https:\\\/\\\/xstyle.md\\\/product\\\/sumka-thule-paramount-crossbody-bag-14l\\\/\",\"url\":\"https:\\\/\\\/xstyle.md\\\/product\\\/sumka-thule-paramount-crossbody-bag-14l\\\/\",\"name\":\"\u0421\u0443\u043c\u043a\u0430 Thule Paramount Crossbody Bag 14L - \u041c\u0430\u0433\u0430\u0437\u0438\u043d Xstyle\",\"isPartOf\":{\"@id\":\"https:\\\/\\\/xstyle.md\\\/#website\"},\"primaryImageOfPage\":{\"@id\":\"https:\\\/\\\/xstyle.md\\\/product\\\/sumka-thule-paramount-crossbody-bag-14l\\\/#primaryimage\"},\"image\":{\"@id\":\"https:\\\/\\\/xstyle.md\\\/product\\\/sumka-thule-paramount-crossbody-bag-14l\\\/#primaryimage\"},\"thumbnailUrl\":\"https:\\\/\\\/xstyle.md\\\/wp-content\\\/uploads\\\/2023\\\/12\\\/thule-paramount-crossbody-bag-14l-soft-green.jpg\",\"datePublished\":\"2023-12-15T15:01:40+00:00\",\"dateModified\":\"2025-11-11T15:08:51+00:00\",\"description\":\"\u0421\u0443\u043c\u043a\u0430 Thule Paramount Crossbody Bag 14L \u2014 \u0438\u0434\u0435\u0430\u043b\u044c\u043d\u044b\u0439 \u0432\u044b\u0431\u043e\u0440 \u0434\u043b\u044f \u0433\u043e\u0440\u043e\u0434\u0430. \u041a\u043e\u043c\u043f\u0430\u043a\u0442\u043d\u0430\u044f, \u0441\u0442\u0438\u043b\u044c\u043d\u0430\u044f \u0438 \u0431\u0435\u0437\u043e\u043f\u0430\u0441\u043d\u0430\u044f \u0434\u043b\u044f \u043d\u043e\u0443\u0442\u0431\u0443\u043a\u0430 \u0434\u043e 14 \u0434\u044e\u0439\u043c\u043e\u0432. \u041f\u0443\u0442\u0435\u0448\u0435\u0441\u0442\u0432\u0443\u0439 \u0441 \u043a\u043e\u043c\u0444\u043e\u0440\u0442\u043e\u043c!\",\"breadcrumb\":{\"@id\":\"https:\\\/\\\/xstyle.md\\\/product\\\/sumka-thule-paramount-crossbody-bag-14l\\\/#breadcrumb\"},\"inLanguage\":\"ro-RO\",\"potentialAction\":[{\"@type\":\"ReadAction\",\"target\":[\"https:\\\/\\\/xstyle.md\\\/product\\\/sumka-thule-paramount-crossbody-bag-14l\\\/\"]}]},{\"@type\":\"ImageObject\",\"inLanguage\":\"ro-RO\",\"@id\":\"https:\\\/\\\/xstyle.md\\\/product\\\/sumka-thule-paramount-crossbody-bag-14l\\\/#primaryimage\",\"url\":\"https:\\\/\\\/xstyle.md\\\/wp-content\\\/uploads\\\/2023\\\/12\\\/thule-paramount-crossbody-bag-14l-soft-green.jpg\",\"contentUrl\":\"https:\\\/\\\/xstyle.md\\\/wp-content\\\/uploads\\\/2023\\\/12\\\/thule-paramount-crossbody-bag-14l-soft-green.jpg\",\"width\":500,\"height\":500,\"caption\":\"\u0421\u0443\u043c\u043a\u0430 Thule Paramount Crossbody Bag 14L \u0434\u043b\u044f \u0430\u043a\u0442\u0438\u0432\u043d\u043e\u0433\u043e \u043e\u0442\u0434\u044b\u0445\u0430 \u043e\u0434\u0435\u0436\u0434\u044b \u0438 \u043e\u0431\u0443\u0432\u0438 \u0434\u043b\u044f \u043f\u043e\u0445\u043e\u0434\u043e\u0432 \u0438 \u043f\u0443\u0442\u0435\u0448\u0435\u0441\u0442\u0432\u0438\u0439 \u043d\u0430 \u0441\u0430\u0439\u0442\u0435 \u0438\u043d\u0442\u0435\u0440\u043d\u0435\u0442-\u043c\u0430\u0433\u0430\u0437\u0438\u043d\u0430 \u0430\u043a\u0442\u0438\u0432\u043d\u044b\u0445 \u0442\u043e\u0432\u0430\u0440\u043e\u0432\"},{\"@type\":\"BreadcrumbList\",\"@id\":\"https:\\\/\\\/xstyle.md\\\/product\\\/sumka-thule-paramount-crossbody-bag-14l\\\/#breadcrumb\",\"itemListElement\":[{\"@type\":\"ListItem\",\"position\":1,\"name\":\"\u0413\u043b\u0430\u0432\u043d\u0430\u044f \u0441\u0442\u0440\u0430\u043d\u0438\u0446\u0430\",\"item\":\"https:\\\/\\\/xstyle.md\\\/\"},{\"@type\":\"ListItem\",\"position\":2,\"name\":\"\u041c\u0430\u0433\u0430\u0437\u0438\u043d\",\"item\":\"https:\\\/\\\/xstyle.md\\\/shop\\\/\"},{\"@type\":\"ListItem\",\"position\":3,\"name\":\"\u0421\u0443\u043c\u043a\u0430 Thule Paramount Crossbody Bag 14L\"}]},{\"@type\":\"WebSite\",\"@id\":\"https:\\\/\\\/xstyle.md\\\/#website\",\"url\":\"https:\\\/\\\/xstyle.md\\\/\",\"name\":\"\u041c\u0430\u0433\u0430\u0437\u0438\u043d Xstyle\",\"description\":\"C\u043d\u0430\u0440\u044f\u0436\u0435\u043d\u0438\u0435 \u0434\u043b\u044f \u0442\u0443\u0440\u0438\u0437\u043c\u0430 \u0438 \u044d\u043a\u0441\u0442\u0440\u0435\u043c\u0430\u043b\u044c\u043d\u044b\u0445 \u0432\u0438\u0434\u043e\u0432 \u0441\u043f\u043e\u0440\u0442\u0430 \u0432 \u041c\u043e\u043b\u0434\u043e\u0432\u0435.. \u0426\u0435\u043d\u044b, \u0444\u043e\u0442\u043e, \u0445\u0430\u0440\u0430\u043a\u0442\u0435\u0440\u0438\u0441\u0442\u0438\u043a\u0438 \u0432 \u041c\u043e\u043b\u0434\u043e\u0432\u0435.\",\"publisher\":{\"@id\":\"https:\\\/\\\/xstyle.md\\\/#organization\"},\"alternateName\":\"X-Style\",\"potentialAction\":[{\"@type\":\"SearchAction\",\"target\":{\"@type\":\"EntryPoint\",\"urlTemplate\":\"https:\\\/\\\/xstyle.md\\\/?s={search_term_string}\"},\"query-input\":{\"@type\":\"PropertyValueSpecification\",\"valueRequired\":true,\"valueName\":\"search_term_string\"}}],\"inLanguage\":\"ro-RO\"},{\"@type\":\"Organization\",\"@id\":\"https:\\\/\\\/xstyle.md\\\/#organization\",\"name\":\"\u041c\u0430\u0433\u0430\u0437\u0438\u043d Xstyle\",\"alternateName\":\"x-style\",\"url\":\"https:\\\/\\\/xstyle.md\\\/\",\"logo\":{\"@type\":\"ImageObject\",\"inLanguage\":\"ro-RO\",\"@id\":\"https:\\\/\\\/xstyle.md\\\/#\\\/schema\\\/logo\\\/image\\\/\",\"url\":\"https:\\\/\\\/xstyle.md\\\/wp-content\\\/uploads\\\/2020\\\/06\\\/logoicon.svg\",\"contentUrl\":\"https:\\\/\\\/xstyle.md\\\/wp-content\\\/uploads\\\/2020\\\/06\\\/logoicon.svg\",\"caption\":\"\u041c\u0430\u0433\u0430\u0437\u0438\u043d Xstyle\"},\"image\":{\"@id\":\"https:\\\/\\\/xstyle.md\\\/#\\\/schema\\\/logo\\\/image\\\/\"},\"sameAs\":[\"https:\\\/\\\/www.facebook.com\\\/xstylemd\",\"https:\\\/\\\/www.instagram.com\\\/xstyle_md\\\/\",\"https:\\\/\\\/t.me\\\/xstyle_outdoor\"],\"hasMerchantReturnPolicy\":{\"@type\":\"MerchantReturnPolicy\",\"merchantReturnLink\":\"https:\\\/\\\/xstyle.md\\\/ro\\\/conditions\\\/\"}}]}<\/script>\n<meta property=\"product:price:amount\" content=\"1890.00\" \/>\n<meta property=\"product:price:currency\" content=\"MDL\" \/>\n<meta property=\"og:availability\" content=\"instock\" \/>\n<meta property=\"product:availability\" content=\"instock\" \/>\n<meta property=\"product:retailer_item_id\" content=\"85854255448\" \/>\n<meta property=\"product:condition\" content=\"new\" \/>\n<!-- \/ Yoast SEO plugin. -->","yoast_head_json":{"title":"Geant\u0103 Thule Paramount Crossbody Bag 14L - Magazin Xstyle","description":"Geanta Thule Paramount Crossbody Bag 14L este alegerea perfect\u0103 pentru ora\u0219. Compact\u0103, elegant\u0103 \u0219i sigur\u0103 pentru un laptop de p\u00e2n\u0103 la 14 inci. C\u0103l\u0103tore\u0219te cu confort!","robots":{"index":"index","follow":"follow","max-snippet":"max-snippet:-1","max-image-preview":"max-image-preview:large","max-video-preview":"max-video-preview:-1"},"canonical":"https:\/\/xstyle.md\/ro\/produs\/sumka-thule-paramount-crossbody-bag-14l\/","og_locale":"ro_RO","og_type":"article","og_title":"\u0421\u0443\u043c\u043a\u0430 Thule Paramount Crossbody Bag 14L - \u041c\u0430\u0433\u0430\u0437\u0438\u043d Xstyle","og_description":"\u0421\u0443\u043c\u043a\u0430 Thule Paramount Crossbody Bag 14L \u2014 \u0438\u0434\u0435\u0430\u043b\u044c\u043d\u044b\u0439 \u0432\u044b\u0431\u043e\u0440 \u0434\u043b\u044f \u0433\u043e\u0440\u043e\u0434\u0430. \u041a\u043e\u043c\u043f\u0430\u043a\u0442\u043d\u0430\u044f, \u0441\u0442\u0438\u043b\u044c\u043d\u0430\u044f \u0438 \u0431\u0435\u0437\u043e\u043f\u0430\u0441\u043d\u0430\u044f \u0434\u043b\u044f \u043d\u043e\u0443\u0442\u0431\u0443\u043a\u0430 \u0434\u043e 14 \u0434\u044e\u0439\u043c\u043e\u0432. \u041f\u0443\u0442\u0435\u0448\u0435\u0441\u0442\u0432\u0443\u0439 \u0441 \u043a\u043e\u043c\u0444\u043e\u0440\u0442\u043e\u043c!","og_url":"https:\/\/xstyle.md\/ro\/produs\/sumka-thule-paramount-crossbody-bag-14l\/","og_site_name":"\u041c\u0430\u0433\u0430\u0437\u0438\u043d Xstyle","article_publisher":"https:\/\/www.facebook.com\/xstylemd","article_modified_time":"2025-11-11T15:08:51+00:00","og_image":[{"width":500,"height":500,"url":"https:\/\/xstyle.md\/wp-content\/uploads\/2023\/12\/thule-paramount-crossbody-bag-14l-soft-green.jpg","type":"image\/jpeg"}],"twitter_card":"summary_large_image","twitter_misc":{"Pre\u021b":"1.890&nbsp;MDL","Disponibilitate":"\u00cen stoc"},"schema":{"@context":"https:\/\/schema.org","@graph":[{"@type":"WebPage","@id":"https:\/\/xstyle.md\/product\/sumka-thule-paramount-crossbody-bag-14l\/","url":"https:\/\/xstyle.md\/product\/sumka-thule-paramount-crossbody-bag-14l\/","name":"Geant\u0103 Thule Paramount Crossbody Bag 14L - Magazin Xstyle","isPartOf":{"@id":"https:\/\/xstyle.md\/#website"},"primaryImageOfPage":{"@id":"https:\/\/xstyle.md\/product\/sumka-thule-paramount-crossbody-bag-14l\/#primaryimage"},"image":{"@id":"https:\/\/xstyle.md\/product\/sumka-thule-paramount-crossbody-bag-14l\/#primaryimage"},"thumbnailUrl":"https:\/\/xstyle.md\/wp-content\/uploads\/2023\/12\/thule-paramount-crossbody-bag-14l-soft-green.jpg","datePublished":"2023-12-15T15:01:40+00:00","dateModified":"2025-11-11T15:08:51+00:00","description":"Geanta Thule Paramount Crossbody Bag 14L este alegerea perfect\u0103 pentru ora\u0219. Compact\u0103, elegant\u0103 \u0219i sigur\u0103 pentru un laptop de p\u00e2n\u0103 la 14 inci. C\u0103l\u0103tore\u0219te cu confort!","breadcrumb":{"@id":"https:\/\/xstyle.md\/product\/sumka-thule-paramount-crossbody-bag-14l\/#breadcrumb"},"inLanguage":"ro-RO","potentialAction":[{"@type":"ReadAction","target":["https:\/\/xstyle.md\/product\/sumka-thule-paramount-crossbody-bag-14l\/"]}]},{"@type":"ImageObject","inLanguage":"ro-RO","@id":"https:\/\/xstyle.md\/product\/sumka-thule-paramount-crossbody-bag-14l\/#primaryimage","url":"https:\/\/xstyle.md\/wp-content\/uploads\/2023\/12\/thule-paramount-crossbody-bag-14l-soft-green.jpg","contentUrl":"https:\/\/xstyle.md\/wp-content\/uploads\/2023\/12\/thule-paramount-crossbody-bag-14l-soft-green.jpg","width":500,"height":500,"caption":"\u0421\u0443\u043c\u043a\u0430 Thule Paramount Crossbody Bag 14L \u0434\u043b\u044f \u0430\u043a\u0442\u0438\u0432\u043d\u043e\u0433\u043e \u043e\u0442\u0434\u044b\u0445\u0430 \u043e\u0434\u0435\u0436\u0434\u044b \u0438 \u043e\u0431\u0443\u0432\u0438 \u0434\u043b\u044f \u043f\u043e\u0445\u043e\u0434\u043e\u0432 \u0438 \u043f\u0443\u0442\u0435\u0448\u0435\u0441\u0442\u0432\u0438\u0439 \u043d\u0430 \u0441\u0430\u0439\u0442\u0435 \u0438\u043d\u0442\u0435\u0440\u043d\u0435\u0442-\u043c\u0430\u0433\u0430\u0437\u0438\u043d\u0430 \u0430\u043a\u0442\u0438\u0432\u043d\u044b\u0445 \u0442\u043e\u0432\u0430\u0440\u043e\u0432"},{"@type":"BreadcrumbList","@id":"https:\/\/xstyle.md\/product\/sumka-thule-paramount-crossbody-bag-14l\/#breadcrumb","itemListElement":[{"@type":"ListItem","position":1,"name":"\u0413\u043b\u0430\u0432\u043d\u0430\u044f \u0441\u0442\u0440\u0430\u043d\u0438\u0446\u0430","item":"https:\/\/xstyle.md\/"},{"@type":"ListItem","position":2,"name":"\u041c\u0430\u0433\u0430\u0437\u0438\u043d","item":"https:\/\/xstyle.md\/shop\/"},{"@type":"ListItem","position":3,"name":"\u0421\u0443\u043c\u043a\u0430 Thule Paramount Crossbody Bag 14L"}]},{"@type":"WebSite","@id":"https:\/\/xstyle.md\/#website","url":"https:\/\/xstyle.md\/","name":"Magazinul X-Style","description":"Echipamente pentru turism \u0219i sporturi extreme \u00een Moldova. Pre\u021buri, fotografii, caracteristici \u00een Moldova.","publisher":{"@id":"https:\/\/xstyle.md\/#organization"},"alternateName":"X-Style","potentialAction":[{"@type":"SearchAction","target":{"@type":"EntryPoint","urlTemplate":"https:\/\/xstyle.md\/?s={search_term_string}"},"query-input":{"@type":"PropertyValueSpecification","valueRequired":true,"valueName":"search_term_string"}}],"inLanguage":"ro-RO"},{"@type":"Organization","@id":"https:\/\/xstyle.md\/#organization","name":"Magazinul X-Style","alternateName":"x-style","url":"https:\/\/xstyle.md\/","logo":{"@type":"ImageObject","inLanguage":"ro-RO","@id":"https:\/\/xstyle.md\/#\/schema\/logo\/image\/","url":"https:\/\/xstyle.md\/wp-content\/uploads\/2020\/06\/logoicon.svg","contentUrl":"https:\/\/xstyle.md\/wp-content\/uploads\/2020\/06\/logoicon.svg","caption":"\u041c\u0430\u0433\u0430\u0437\u0438\u043d Xstyle"},"image":{"@id":"https:\/\/xstyle.md\/#\/schema\/logo\/image\/"},"sameAs":["https:\/\/www.facebook.com\/xstylemd","https:\/\/www.instagram.com\/xstyle_md\/","https:\/\/t.me\/xstyle_outdoor"],"hasMerchantReturnPolicy":{"@type":"MerchantReturnPolicy","merchantReturnLink":"https:\/\/xstyle.md\/ro\/conditions\/"}}]},"product_price_amount":"1890.00","product_price_currency":"MDL","og_availability":"instock","product_availability":"instock","product_retailer_item_id":"85854255448","product_condition":"new"},"_links":{"self":[{"href":"https:\/\/xstyle.md\/ro\/wp-json\/wp\/v2\/product\/77112","targetHints":{"allow":["GET"]}}],"collection":[{"href":"https:\/\/xstyle.md\/ro\/wp-json\/wp\/v2\/product"}],"about":[{"href":"https:\/\/xstyle.md\/ro\/wp-json\/wp\/v2\/types\/product"}],"replies":[{"embeddable":true,"href":"https:\/\/xstyle.md\/ro\/wp-json\/wp\/v2\/comments?post=77112"}],"wp:featuredmedia":[{"embeddable":true,"href":"https:\/\/xstyle.md\/ro\/wp-json\/wp\/v2\/media\/77246"}],"wp:attachment":[{"href":"https:\/\/xstyle.md\/ro\/wp-json\/wp\/v2\/media?parent=77112"}],"wp:term":[{"taxonomy":"product_brand","embeddable":true,"href":"https:\/\/xstyle.md\/ro\/wp-json\/wp\/v2\/product_brand?post=77112"},{"taxonomy":"product_cat","embeddable":true,"href":"https:\/\/xstyle.md\/ro\/wp-json\/wp\/v2\/product_cat?post=77112"},{"taxonomy":"product_tag","embeddable":true,"href":"https:\/\/xstyle.md\/ro\/wp-json\/wp\/v2\/product_tag?post=77112"}],"curies":[{"name":"wp","href":"https:\/\/api.w.org\/{rel}","templated":true}]}}