{"id":77099,"date":"2023-12-15T18:01:36","date_gmt":"2023-12-15T15:01:36","guid":{"rendered":"https:\/\/xstyle.md\/?post_type=product&#038;p=77099"},"modified":"2026-02-23T17:03:08","modified_gmt":"2026-02-23T14:03:08","slug":"nozh-mora-wood-carving-122","status":"publish","type":"product","link":"https:\/\/xstyle.md\/ro\/produs\/nozh-mora-wood-carving-122\/","title":{"rendered":"Cu\u021bit Mora Wood Carving 122"},"content":{"rendered":"<p><\/p>\n<p><strong>Cu\u021bit Mora Wood Carving 122<\/strong> &#8212; este un cu\u021bit specializat pentru sculptura \u00een lemn, de\u0219i acest model poate fi utilizat \u00eentr-o multitudine de alte situa\u021bii. Cu\u021bitul este dotat cu o teac\u0103 din plastic care acoper\u0103 complet lama, f\u0103c\u00e2nd modelul Wood Carving u\u0219or de transportat oriunde ave\u021bi nevoie.<\/p>\n<p>Lama \u00eengust\u0103, fabricat\u0103 din o\u021bel carbon laminat \u00een trei straturi, se remarc\u0103 prin durabilitate \u0219i rezisten\u021b\u0103 la \u0219ocuri, fiind ideal\u0103 pentru lucr\u0103ri de degro\u0219are \u0219i sculptur\u0103 intens\u0103.<\/p>\n<p>M\u00e2nerul este realizat din lemn de mesteac\u0103n \u0219i este impregnat cu o substan\u021b\u0103 special\u0103 pentru protec\u021bie. Pentru a proteja partea frontal\u0103 a m\u00e2nerului, cu\u021bitul este prev\u0103zut cu un gard\u0103 (bolster) din o\u021bel. Pentru o depozitare sigur\u0103, cu\u021bitul vine \u00eenso\u021bit de o teac\u0103 din termoplastic.<\/p>\n<h3>Caracteristici<\/h3>\n<ul>\n<li>Tip cu\u021bit- fix<\/li>\n<li>Tip t\u0103i\u0219 &#8212; standard<\/li>\n<li>Lungime total\u0103 &#8212; 17 cm<\/li>\n<li>Lungime lam\u0103 &#8212; 7,7 cm<\/li>\n<li>Material m\u00e2ner &#8212; lemn de mesteac\u0103n<\/li>\n<li>Duritate o\u021bel &#8212; 59-61 HRC<\/li>\n<li>Marc\u0103 o\u021bel &#8212; o\u021bel laminat (Laminated Steel)<\/li>\n<li>Greutate &#8212; 69,5 g<\/li>\n<\/ul>\n<p><\/p>\n<h3>Marca<\/h3>\n<p>Cu\u021bitele Mora - sunt produse \u00een \u00d6stnor de mai bine de o sut\u0103 de ani. \u00cen trecut, acestea erau fabricate manual de c\u0103tre me\u0219te\u0219ugarii locali \u00een fiecare gospod\u0103rie, transmi\u021b\u00e2ndu-\u0219i abilit\u0103\u021bile din genera\u021bie \u00een genera\u021bie. Ast\u0103zi, aceste tradi\u021bii sunt reunite sub acela\u0219i acoperi\u0219 al fabricii, iar practic fiecare angajat poate \u00eemp\u0103rt\u0103\u0219i o poveste de familie \u00een care fabricarea cu\u021bitelor ocup\u0103 un loc central. La fel ca \u00een vremurile de demult, abordarea procesului de produc\u021bie r\u0103m\u00e2ne aceea\u0219i \u2013 se acord\u0103 aten\u021bie fiec\u0103rui detaliu, ca \u0219i cum cu\u021bitul ar fi fost creat manual de c\u0103tre un me\u0219ter. Singura schimbare este implementarea tehnologiilor moderne, care permit cre\u0219terea eficien\u021bei produc\u021biei \u0219i a calit\u0103\u021bii produselor, p\u0103str\u00e2nd \u00een acela\u0219i timp tradi\u021biile me\u0219te\u0219ug\u0103re\u0219ti \u0219i m\u0103iestria de odinioar\u0103.<\/p>","protected":false},"excerpt":{"rendered":"<p>\u0411\u0440\u0435\u043d\u0434 \u041d\u043e\u0436\u0438 Mora \u043f\u0440\u043e\u0438\u0437\u0432\u043e\u0434\u044f\u0442\u0441\u044f \u0432 \u041e\u0441\u0442\u043d\u043e\u0440\u0435 \u0443\u0436\u0435 \u0431\u043e\u043b\u0435\u0435 \u0441\u0442\u0430 \u043b\u0435\u0442. \u0420\u0430\u043d\u044c\u0448\u0435 \u0438\u0445 \u0438\u0437\u0433\u043e\u0442\u0430\u0432\u043b\u0438\u0432\u0430\u043b\u0438 \u0432\u0440\u0443\u0447\u043d\u0443\u044e \u043c\u0435\u0441\u0442\u043d\u044b\u0435 \u043c\u0430\u0441\u0442\u0435\u0440\u0430 \u0432 \u043a\u0430\u0436\u0434\u043e\u043c \u0434\u043e\u043c\u0435, \u043f\u0435\u0440\u0435\u0434\u0430\u0432\u0430\u044f \u0441\u0432\u043e\u0438 \u0443\u043c\u0435\u043d\u0438\u044f \u0438\u0437 \u043f\u043e\u043a\u043e\u043b\u0435\u043d\u0438\u044f \u0432 \u043f\u043e\u043a\u043e\u043b\u0435\u043d\u0438\u0435. \u0421\u0435\u0433\u043e\u0434\u043d\u044f \u044d\u0442\u0438 \u0442\u0440\u0430\u0434\u0438\u0446\u0438\u0438 \u0441\u043e\u0431\u0440\u0430\u043d\u044b \u043f\u043e\u0434 \u043e\u0434\u043d\u043e\u0439 \u043a\u0440\u044b\u0448\u0435\u0439 \u0444\u0430\u0431\u0440\u0438\u043a\u0438, \u0438 \u043f\u0440\u0430\u043a\u0442\u0438\u0447\u0435\u0441\u043a\u0438 \u043a\u0430\u0436\u0434\u044b\u0439 \u0441\u043e\u0442\u0440\u0443\u0434\u043d\u0438\u043a \u043c\u043e\u0436\u0435\u0442 \u043f\u043e\u0434\u0435\u043b\u0438\u0442\u044c\u0441\u044f \u0441\u0435\u043c\u0435\u0439\u043d\u043e\u0439 \u0438\u0441\u0442\u043e\u0440\u0438\u0435\u0439, \u0432 \u043a\u043e\u0442\u043e\u0440\u043e\u0439 \u0438\u0437\u0433\u043e\u0442\u043e\u0432\u043b\u0435\u043d\u0438\u0435 \u043d\u043e\u0436\u0435\u0439 \u0437\u0430\u043d\u0438\u043c\u0430\u0435\u0442 \u0432\u0430\u0436\u043d\u043e\u0435 \u043c\u0435\u0441\u0442\u043e. \u041a\u0430\u043a \u0438 \u0432 \u043f\u0440\u0435\u0436\u043d\u0438\u0435 \u0432\u0440\u0435\u043c\u0435\u043d\u0430, \u043f\u043e\u0434\u0445\u043e\u0434 [&hellip;]<\/p>\n","protected":false},"featured_media":77353,"comment_status":"open","ping_status":"closed","template":"","meta":{"_acf_changed":false,"inline_featured_image":false},"product_brand":[1368],"product_cat":[169],"product_tag":[],"class_list":{"0":"post-77099","1":"product","2":"type-product","3":"status-publish","4":"has-post-thumbnail","6":"product_brand-mora","7":"product_cat-knives","9":"first","10":"instock","11":"shipping-taxable","12":"purchasable","13":"product-type-simple"},"acf":[],"yoast_head":"<!-- This site is optimized with the Yoast SEO plugin v27.4 - https:\/\/yoast.com\/product\/yoast-seo-wordpress\/ -->\n<title>\u041d\u043e\u0436 Mora Wood Carving 122 - \u041c\u0430\u0433\u0430\u0437\u0438\u043d Xstyle<\/title>\n<meta name=\"description\" content=\"\u041e\u0442\u043a\u0440\u043e\u0439\u0442\u0435 \u0434\u043b\u044f \u0441\u0435\u0431\u044f \u043d\u043e\u0436 Mora Wood Carving 122 \u0434\u043b\u044f \u0440\u0435\u0437\u044c\u0431\u044b \u043f\u043e \u0434\u0435\u0440\u0435\u0432\u0443. \u0418\u0434\u0435\u0430\u043b\u0435\u043d \u0434\u043b\u044f \u043c\u0430\u0441\u0442\u0435\u0440\u043e\u0432, \u043f\u0440\u043e\u0447\u043d\u0430\u044f \u0441\u0442\u0430\u043b\u044c HRC 61 \u0438 \u0443\u0434\u043e\u0431\u043d\u044b\u0439 \u0445\u0432\u0430\u0442. \u0421\u043e\u0437\u0434\u0430\u0432\u0430\u0439\u0442\u0435 \u0448\u0435\u0434\u0435\u0432\u0440\u044b \u0441 Mora!\" \/>\n<meta name=\"robots\" content=\"index, follow, max-snippet:-1, max-image-preview:large, max-video-preview:-1\" \/>\n<link rel=\"canonical\" href=\"https:\/\/xstyle.md\/ro\/produs\/nozh-mora-wood-carving-122\/\" \/>\n<meta property=\"og:locale\" content=\"ro_RO\" \/>\n<meta property=\"og:type\" content=\"article\" \/>\n<meta property=\"og:title\" content=\"\u041d\u043e\u0436 Mora Wood Carving 122 - \u041c\u0430\u0433\u0430\u0437\u0438\u043d Xstyle\" \/>\n<meta property=\"og:description\" content=\"\u041e\u0442\u043a\u0440\u043e\u0439\u0442\u0435 \u0434\u043b\u044f \u0441\u0435\u0431\u044f \u043d\u043e\u0436 Mora Wood Carving 122 \u0434\u043b\u044f \u0440\u0435\u0437\u044c\u0431\u044b \u043f\u043e \u0434\u0435\u0440\u0435\u0432\u0443. \u0418\u0434\u0435\u0430\u043b\u0435\u043d \u0434\u043b\u044f \u043c\u0430\u0441\u0442\u0435\u0440\u043e\u0432, \u043f\u0440\u043e\u0447\u043d\u0430\u044f \u0441\u0442\u0430\u043b\u044c HRC 61 \u0438 \u0443\u0434\u043e\u0431\u043d\u044b\u0439 \u0445\u0432\u0430\u0442. \u0421\u043e\u0437\u0434\u0430\u0432\u0430\u0439\u0442\u0435 \u0448\u0435\u0434\u0435\u0432\u0440\u044b \u0441 Mora!\" \/>\n<meta property=\"og:url\" content=\"https:\/\/xstyle.md\/ro\/produs\/nozh-mora-wood-carving-122\/\" \/>\n<meta property=\"og:site_name\" content=\"\u041c\u0430\u0433\u0430\u0437\u0438\u043d Xstyle\" \/>\n<meta property=\"article:publisher\" content=\"https:\/\/www.facebook.com\/xstylemd\" \/>\n<meta property=\"article:modified_time\" content=\"2026-02-23T14:03:08+00:00\" \/>\n<meta property=\"og:image\" content=\"https:\/\/xstyle.md\/wp-content\/uploads\/2023\/12\/mora-wood-carving-122.jpg\" \/>\n\t<meta property=\"og:image:width\" content=\"1940\" \/>\n\t<meta property=\"og:image:height\" content=\"1940\" \/>\n\t<meta property=\"og:image:type\" content=\"image\/jpeg\" \/>\n<meta name=\"twitter:card\" content=\"summary_large_image\" \/>\n<meta name=\"twitter:label1\" content=\"Pre\u021b\" \/>\n\t<meta name=\"twitter:data1\" content=\"890&nbsp;MDL\" \/>\n\t<meta name=\"twitter:label2\" content=\"Disponibilitate\" \/>\n\t<meta name=\"twitter:data2\" content=\"\u00cen stoc\" \/>\n<script type=\"application\/ld+json\" class=\"yoast-schema-graph\">{\"@context\":\"https:\\\/\\\/schema.org\",\"@graph\":[{\"@type\":\"WebPage\",\"@id\":\"https:\\\/\\\/xstyle.md\\\/product\\\/nozh-mora-wood-carving-122\\\/\",\"url\":\"https:\\\/\\\/xstyle.md\\\/product\\\/nozh-mora-wood-carving-122\\\/\",\"name\":\"\u041d\u043e\u0436 Mora Wood Carving 122 - \u041c\u0430\u0433\u0430\u0437\u0438\u043d Xstyle\",\"isPartOf\":{\"@id\":\"https:\\\/\\\/xstyle.md\\\/#website\"},\"primaryImageOfPage\":{\"@id\":\"https:\\\/\\\/xstyle.md\\\/product\\\/nozh-mora-wood-carving-122\\\/#primaryimage\"},\"image\":{\"@id\":\"https:\\\/\\\/xstyle.md\\\/product\\\/nozh-mora-wood-carving-122\\\/#primaryimage\"},\"thumbnailUrl\":\"https:\\\/\\\/xstyle.md\\\/wp-content\\\/uploads\\\/2023\\\/12\\\/mora-wood-carving-122.jpg\",\"datePublished\":\"2023-12-15T15:01:36+00:00\",\"dateModified\":\"2026-02-23T14:03:08+00:00\",\"description\":\"\u041e\u0442\u043a\u0440\u043e\u0439\u0442\u0435 \u0434\u043b\u044f \u0441\u0435\u0431\u044f \u043d\u043e\u0436 Mora Wood Carving 122 \u0434\u043b\u044f \u0440\u0435\u0437\u044c\u0431\u044b \u043f\u043e \u0434\u0435\u0440\u0435\u0432\u0443. \u0418\u0434\u0435\u0430\u043b\u0435\u043d \u0434\u043b\u044f \u043c\u0430\u0441\u0442\u0435\u0440\u043e\u0432, \u043f\u0440\u043e\u0447\u043d\u0430\u044f \u0441\u0442\u0430\u043b\u044c HRC 61 \u0438 \u0443\u0434\u043e\u0431\u043d\u044b\u0439 \u0445\u0432\u0430\u0442. \u0421\u043e\u0437\u0434\u0430\u0432\u0430\u0439\u0442\u0435 \u0448\u0435\u0434\u0435\u0432\u0440\u044b \u0441 Mora!\",\"breadcrumb\":{\"@id\":\"https:\\\/\\\/xstyle.md\\\/product\\\/nozh-mora-wood-carving-122\\\/#breadcrumb\"},\"inLanguage\":\"ro-RO\",\"potentialAction\":[{\"@type\":\"ReadAction\",\"target\":[\"https:\\\/\\\/xstyle.md\\\/product\\\/nozh-mora-wood-carving-122\\\/\"]}]},{\"@type\":\"ImageObject\",\"inLanguage\":\"ro-RO\",\"@id\":\"https:\\\/\\\/xstyle.md\\\/product\\\/nozh-mora-wood-carving-122\\\/#primaryimage\",\"url\":\"https:\\\/\\\/xstyle.md\\\/wp-content\\\/uploads\\\/2023\\\/12\\\/mora-wood-carving-122.jpg\",\"contentUrl\":\"https:\\\/\\\/xstyle.md\\\/wp-content\\\/uploads\\\/2023\\\/12\\\/mora-wood-carving-122.jpg\",\"width\":1940,\"height\":1940,\"caption\":\"\u041f\u043e\u0440\u0442\u0430\u0442\u0438\u0432\u043d\u044b\u0439 \u043d\u043e\u0436 Mora Wood Carving 122 \u0434\u043b\u044f \u0430\u043a\u0442\u0438\u0432\u043d\u043e\u0433\u043e \u043e\u0442\u0434\u044b\u0445\u0430, \u0442\u0443\u0440\u0438\u0437\u043c\u0430 \u0438 \u0430\u043b\u044c\u043f\u0438\u043d\u0438\u0437\u043c\u0430 \u043d\u0430 \u0441\u0430\u0439\u0442\u0435 \u0438\u043d\u0442\u0435\u0440\u043d\u0435\u0442-\u043c\u0430\u0433\u0430\u0437\u0438\u043d\u0430 \u044d\u043a\u0438\u043f\u0438\u0440\u043e\u0432\u043a\u0438 \u0434\u043b\u044f \u043f\u0443\u0442\u0435\u0448\u0435\u0441\u0442\u0432\u0438\u0439 \u0438 outdoor \u0430\u043a\u0442\u0438\u0432\u043d\u043e\u0441\u0442\u0435\u0439\"},{\"@type\":\"BreadcrumbList\",\"@id\":\"https:\\\/\\\/xstyle.md\\\/product\\\/nozh-mora-wood-carving-122\\\/#breadcrumb\",\"itemListElement\":[{\"@type\":\"ListItem\",\"position\":1,\"name\":\"\u0413\u043b\u0430\u0432\u043d\u0430\u044f \u0441\u0442\u0440\u0430\u043d\u0438\u0446\u0430\",\"item\":\"https:\\\/\\\/xstyle.md\\\/\"},{\"@type\":\"ListItem\",\"position\":2,\"name\":\"\u041c\u0430\u0433\u0430\u0437\u0438\u043d\",\"item\":\"https:\\\/\\\/xstyle.md\\\/shop\\\/\"},{\"@type\":\"ListItem\",\"position\":3,\"name\":\"\u041d\u043e\u0436 Mora Wood Carving 122\"}]},{\"@type\":\"WebSite\",\"@id\":\"https:\\\/\\\/xstyle.md\\\/#website\",\"url\":\"https:\\\/\\\/xstyle.md\\\/\",\"name\":\"\u041c\u0430\u0433\u0430\u0437\u0438\u043d Xstyle\",\"description\":\"C\u043d\u0430\u0440\u044f\u0436\u0435\u043d\u0438\u0435 \u0434\u043b\u044f \u0442\u0443\u0440\u0438\u0437\u043c\u0430 \u0438 \u044d\u043a\u0441\u0442\u0440\u0435\u043c\u0430\u043b\u044c\u043d\u044b\u0445 \u0432\u0438\u0434\u043e\u0432 \u0441\u043f\u043e\u0440\u0442\u0430 \u0432 \u041c\u043e\u043b\u0434\u043e\u0432\u0435.. \u0426\u0435\u043d\u044b, \u0444\u043e\u0442\u043e, \u0445\u0430\u0440\u0430\u043a\u0442\u0435\u0440\u0438\u0441\u0442\u0438\u043a\u0438 \u0432 \u041c\u043e\u043b\u0434\u043e\u0432\u0435.\",\"publisher\":{\"@id\":\"https:\\\/\\\/xstyle.md\\\/#organization\"},\"alternateName\":\"X-Style\",\"potentialAction\":[{\"@type\":\"SearchAction\",\"target\":{\"@type\":\"EntryPoint\",\"urlTemplate\":\"https:\\\/\\\/xstyle.md\\\/?s={search_term_string}\"},\"query-input\":{\"@type\":\"PropertyValueSpecification\",\"valueRequired\":true,\"valueName\":\"search_term_string\"}}],\"inLanguage\":\"ro-RO\"},{\"@type\":\"Organization\",\"@id\":\"https:\\\/\\\/xstyle.md\\\/#organization\",\"name\":\"\u041c\u0430\u0433\u0430\u0437\u0438\u043d Xstyle\",\"alternateName\":\"x-style\",\"url\":\"https:\\\/\\\/xstyle.md\\\/\",\"logo\":{\"@type\":\"ImageObject\",\"inLanguage\":\"ro-RO\",\"@id\":\"https:\\\/\\\/xstyle.md\\\/#\\\/schema\\\/logo\\\/image\\\/\",\"url\":\"https:\\\/\\\/xstyle.md\\\/wp-content\\\/uploads\\\/2020\\\/06\\\/logoicon.svg\",\"contentUrl\":\"https:\\\/\\\/xstyle.md\\\/wp-content\\\/uploads\\\/2020\\\/06\\\/logoicon.svg\",\"caption\":\"\u041c\u0430\u0433\u0430\u0437\u0438\u043d Xstyle\"},\"image\":{\"@id\":\"https:\\\/\\\/xstyle.md\\\/#\\\/schema\\\/logo\\\/image\\\/\"},\"sameAs\":[\"https:\\\/\\\/www.facebook.com\\\/xstylemd\",\"https:\\\/\\\/www.instagram.com\\\/xstyle_md\\\/\",\"https:\\\/\\\/t.me\\\/xstyle_outdoor\"],\"hasMerchantReturnPolicy\":{\"@type\":\"MerchantReturnPolicy\",\"merchantReturnLink\":\"https:\\\/\\\/xstyle.md\\\/ro\\\/conditions\\\/\"}}]}<\/script>\n<meta property=\"product:price:amount\" content=\"890.00\" \/>\n<meta property=\"product:price:currency\" content=\"MDL\" \/>\n<meta property=\"og:availability\" content=\"instock\" \/>\n<meta property=\"product:availability\" content=\"instock\" \/>\n<meta property=\"product:retailer_item_id\" content=\"7316220016541\" \/>\n<meta property=\"product:condition\" content=\"new\" \/>\n<!-- \/ Yoast SEO plugin. -->","yoast_head_json":{"title":"Cu\u021bit Mora Wood Carving 122 - Magazin Xstyle","description":"Descoperi\u021bi cu\u021bitul Mora Wood Carving 122 pentru sculptura \u00een lemn. Ideal pentru me\u0219te\u0219ugari, o\u021belul rezistent HRC 61 \u0219i prinderea confortabil\u0103. Crea\u021bi capodopere cu Mora!","robots":{"index":"index","follow":"follow","max-snippet":"max-snippet:-1","max-image-preview":"max-image-preview:large","max-video-preview":"max-video-preview:-1"},"canonical":"https:\/\/xstyle.md\/ro\/produs\/nozh-mora-wood-carving-122\/","og_locale":"ro_RO","og_type":"article","og_title":"\u041d\u043e\u0436 Mora Wood Carving 122 - \u041c\u0430\u0433\u0430\u0437\u0438\u043d Xstyle","og_description":"\u041e\u0442\u043a\u0440\u043e\u0439\u0442\u0435 \u0434\u043b\u044f \u0441\u0435\u0431\u044f \u043d\u043e\u0436 Mora Wood Carving 122 \u0434\u043b\u044f \u0440\u0435\u0437\u044c\u0431\u044b \u043f\u043e \u0434\u0435\u0440\u0435\u0432\u0443. \u0418\u0434\u0435\u0430\u043b\u0435\u043d \u0434\u043b\u044f \u043c\u0430\u0441\u0442\u0435\u0440\u043e\u0432, \u043f\u0440\u043e\u0447\u043d\u0430\u044f \u0441\u0442\u0430\u043b\u044c HRC 61 \u0438 \u0443\u0434\u043e\u0431\u043d\u044b\u0439 \u0445\u0432\u0430\u0442. \u0421\u043e\u0437\u0434\u0430\u0432\u0430\u0439\u0442\u0435 \u0448\u0435\u0434\u0435\u0432\u0440\u044b \u0441 Mora!","og_url":"https:\/\/xstyle.md\/ro\/produs\/nozh-mora-wood-carving-122\/","og_site_name":"\u041c\u0430\u0433\u0430\u0437\u0438\u043d Xstyle","article_publisher":"https:\/\/www.facebook.com\/xstylemd","article_modified_time":"2026-02-23T14:03:08+00:00","og_image":[{"width":1940,"height":1940,"url":"https:\/\/xstyle.md\/wp-content\/uploads\/2023\/12\/mora-wood-carving-122.jpg","type":"image\/jpeg"}],"twitter_card":"summary_large_image","twitter_misc":{"Pre\u021b":"890&nbsp;MDL","Disponibilitate":"\u00cen stoc"},"schema":{"@context":"https:\/\/schema.org","@graph":[{"@type":"WebPage","@id":"https:\/\/xstyle.md\/product\/nozh-mora-wood-carving-122\/","url":"https:\/\/xstyle.md\/product\/nozh-mora-wood-carving-122\/","name":"Cu\u021bit Mora Wood Carving 122 - Magazin Xstyle","isPartOf":{"@id":"https:\/\/xstyle.md\/#website"},"primaryImageOfPage":{"@id":"https:\/\/xstyle.md\/product\/nozh-mora-wood-carving-122\/#primaryimage"},"image":{"@id":"https:\/\/xstyle.md\/product\/nozh-mora-wood-carving-122\/#primaryimage"},"thumbnailUrl":"https:\/\/xstyle.md\/wp-content\/uploads\/2023\/12\/mora-wood-carving-122.jpg","datePublished":"2023-12-15T15:01:36+00:00","dateModified":"2026-02-23T14:03:08+00:00","description":"Descoperi\u021bi cu\u021bitul Mora Wood Carving 122 pentru sculptura \u00een lemn. Ideal pentru me\u0219te\u0219ugari, o\u021belul rezistent HRC 61 \u0219i prinderea confortabil\u0103. Crea\u021bi capodopere cu Mora!","breadcrumb":{"@id":"https:\/\/xstyle.md\/product\/nozh-mora-wood-carving-122\/#breadcrumb"},"inLanguage":"ro-RO","potentialAction":[{"@type":"ReadAction","target":["https:\/\/xstyle.md\/product\/nozh-mora-wood-carving-122\/"]}]},{"@type":"ImageObject","inLanguage":"ro-RO","@id":"https:\/\/xstyle.md\/product\/nozh-mora-wood-carving-122\/#primaryimage","url":"https:\/\/xstyle.md\/wp-content\/uploads\/2023\/12\/mora-wood-carving-122.jpg","contentUrl":"https:\/\/xstyle.md\/wp-content\/uploads\/2023\/12\/mora-wood-carving-122.jpg","width":1940,"height":1940,"caption":"\u041f\u043e\u0440\u0442\u0430\u0442\u0438\u0432\u043d\u044b\u0439 \u043d\u043e\u0436 Mora Wood Carving 122 \u0434\u043b\u044f \u0430\u043a\u0442\u0438\u0432\u043d\u043e\u0433\u043e \u043e\u0442\u0434\u044b\u0445\u0430, \u0442\u0443\u0440\u0438\u0437\u043c\u0430 \u0438 \u0430\u043b\u044c\u043f\u0438\u043d\u0438\u0437\u043c\u0430 \u043d\u0430 \u0441\u0430\u0439\u0442\u0435 \u0438\u043d\u0442\u0435\u0440\u043d\u0435\u0442-\u043c\u0430\u0433\u0430\u0437\u0438\u043d\u0430 \u044d\u043a\u0438\u043f\u0438\u0440\u043e\u0432\u043a\u0438 \u0434\u043b\u044f \u043f\u0443\u0442\u0435\u0448\u0435\u0441\u0442\u0432\u0438\u0439 \u0438 outdoor \u0430\u043a\u0442\u0438\u0432\u043d\u043e\u0441\u0442\u0435\u0439"},{"@type":"BreadcrumbList","@id":"https:\/\/xstyle.md\/product\/nozh-mora-wood-carving-122\/#breadcrumb","itemListElement":[{"@type":"ListItem","position":1,"name":"\u0413\u043b\u0430\u0432\u043d\u0430\u044f \u0441\u0442\u0440\u0430\u043d\u0438\u0446\u0430","item":"https:\/\/xstyle.md\/"},{"@type":"ListItem","position":2,"name":"\u041c\u0430\u0433\u0430\u0437\u0438\u043d","item":"https:\/\/xstyle.md\/shop\/"},{"@type":"ListItem","position":3,"name":"\u041d\u043e\u0436 Mora Wood Carving 122"}]},{"@type":"WebSite","@id":"https:\/\/xstyle.md\/#website","url":"https:\/\/xstyle.md\/","name":"Magazinul X-Style","description":"Echipamente pentru turism \u0219i sporturi extreme \u00een Moldova. Pre\u021buri, fotografii, caracteristici \u00een Moldova.","publisher":{"@id":"https:\/\/xstyle.md\/#organization"},"alternateName":"X-Style","potentialAction":[{"@type":"SearchAction","target":{"@type":"EntryPoint","urlTemplate":"https:\/\/xstyle.md\/?s={search_term_string}"},"query-input":{"@type":"PropertyValueSpecification","valueRequired":true,"valueName":"search_term_string"}}],"inLanguage":"ro-RO"},{"@type":"Organization","@id":"https:\/\/xstyle.md\/#organization","name":"Magazinul X-Style","alternateName":"x-style","url":"https:\/\/xstyle.md\/","logo":{"@type":"ImageObject","inLanguage":"ro-RO","@id":"https:\/\/xstyle.md\/#\/schema\/logo\/image\/","url":"https:\/\/xstyle.md\/wp-content\/uploads\/2020\/06\/logoicon.svg","contentUrl":"https:\/\/xstyle.md\/wp-content\/uploads\/2020\/06\/logoicon.svg","caption":"\u041c\u0430\u0433\u0430\u0437\u0438\u043d Xstyle"},"image":{"@id":"https:\/\/xstyle.md\/#\/schema\/logo\/image\/"},"sameAs":["https:\/\/www.facebook.com\/xstylemd","https:\/\/www.instagram.com\/xstyle_md\/","https:\/\/t.me\/xstyle_outdoor"],"hasMerchantReturnPolicy":{"@type":"MerchantReturnPolicy","merchantReturnLink":"https:\/\/xstyle.md\/ro\/conditions\/"}}]},"product_price_amount":"890.00","product_price_currency":"MDL","og_availability":"instock","product_availability":"instock","product_retailer_item_id":"7316220016541","product_condition":"new"},"_links":{"self":[{"href":"https:\/\/xstyle.md\/ro\/wp-json\/wp\/v2\/product\/77099","targetHints":{"allow":["GET"]}}],"collection":[{"href":"https:\/\/xstyle.md\/ro\/wp-json\/wp\/v2\/product"}],"about":[{"href":"https:\/\/xstyle.md\/ro\/wp-json\/wp\/v2\/types\/product"}],"replies":[{"embeddable":true,"href":"https:\/\/xstyle.md\/ro\/wp-json\/wp\/v2\/comments?post=77099"}],"wp:featuredmedia":[{"embeddable":true,"href":"https:\/\/xstyle.md\/ro\/wp-json\/wp\/v2\/media\/77353"}],"wp:attachment":[{"href":"https:\/\/xstyle.md\/ro\/wp-json\/wp\/v2\/media?parent=77099"}],"wp:term":[{"taxonomy":"product_brand","embeddable":true,"href":"https:\/\/xstyle.md\/ro\/wp-json\/wp\/v2\/product_brand?post=77099"},{"taxonomy":"product_cat","embeddable":true,"href":"https:\/\/xstyle.md\/ro\/wp-json\/wp\/v2\/product_cat?post=77099"},{"taxonomy":"product_tag","embeddable":true,"href":"https:\/\/xstyle.md\/ro\/wp-json\/wp\/v2\/product_tag?post=77099"}],"curies":[{"name":"wp","href":"https:\/\/api.w.org\/{rel}","templated":true}]}}