{"id":77087,"date":"2023-12-15T18:01:34","date_gmt":"2023-12-15T15:01:34","guid":{"rendered":"https:\/\/xstyle.md\/?post_type=product&#038;p=77087"},"modified":"2026-03-19T17:16:21","modified_gmt":"2026-03-19T14:16:21","slug":"gornye-lyzhi-elan-primetime-44-fx-emx-12-0","status":"publish","type":"product","link":"https:\/\/xstyle.md\/ro\/produs\/gornye-lyzhi-elan-primetime-44-fx-emx-12-0\/","title":{"rendered":"Schi alpin Elan PRIMETIME 44 FX EMX 12.0"},"content":{"rendered":"<\/p>\n<p><strong>Elan PRIMETIME 44 FX EMX 12.0<\/strong> &#8212; este unul dintre modelele emblematice din gama de schiuri pentru p\u00e2rtii amenajate. Primetime 44 are o talie de 69 de milimetri pentru viraje ultra-rapide, \u00een stil sportiv. Sidecut cu raz\u0103 medie \u0219i construc\u021bia asimetric\u0103 permit schiatul confortabil pe tot parcursul zilei. Tehnologia PowerMatch este o evolu\u021bie a construc\u021biei asimetrice Amphibio. Partea interioar\u0103 a schiului este \u00eent\u0103rit\u0103 cu lemn mai gros \u0219i mai rigid pentru o aderen\u021b\u0103 excelent\u0103 la muchii \u0219i stabilitate. Partea exterioar\u0103 a schiului are mai pu\u021bin\u0103 rigiditate \u0219i grosime pentru greutate redus\u0103 \u0219i ini\u021bierea u\u0219oar\u0103 a virajelor. Un singur strat de Titanal este plasat de-a lungul interiorului schiului \u0219i func\u021bioneaz\u0103 \u00een tandem cu construc\u021bia PowerMatch pentru \u0219i mai mult\u0103 stabilitate \u0219i amortizare a vibra\u021biilor.<\/p>\n<h3>Particularit\u0103\u021bi<\/h3>\n<ul>\n<li>Miez Power Woodcore &#8212; combina\u021bie de lemn pe margini \u0219i spum\u0103 sintetic\u0103 \u00een mijloc pentru o distribu\u021bie optim\u0103 a rigidit\u0103\u021bii.<\/li>\n<li>Suprafa\u021b\u0103 de alunecare de \u00eenalt\u0103 calitate pentru o mai bun\u0103 absorb\u021bie a cerii \u0219i viteze mari.<\/li>\n<li>Construc\u021bie RST a pere\u021bilor laterali pentru un transfer rapid \u0219i precis al for\u021bei c\u0103tre margine.<\/li>\n<\/ul>\n<p><img decoding=\"async\" class=\"alignnone size-full wp-image-98414\" src=\"https:\/\/xstyle.md\/wp-content\/uploads\/2023\/12\/tehnologia-power-match-scaled.webp\" alt=\"\" width=\"2560\" height=\"1122\" srcset=\"https:\/\/xstyle.md\/wp-content\/uploads\/2023\/12\/tehnologia-power-match-scaled.webp 2560w, https:\/\/xstyle.md\/wp-content\/uploads\/2023\/12\/tehnologia-power-match-480x210.webp 480w, https:\/\/xstyle.md\/wp-content\/uploads\/2023\/12\/tehnologia-power-match-1440x631.webp 1440w, https:\/\/xstyle.md\/wp-content\/uploads\/2023\/12\/tehnologia-power-match-768x337.webp 768w, https:\/\/xstyle.md\/wp-content\/uploads\/2023\/12\/tehnologia-power-match-18x8.webp 18w, https:\/\/xstyle.md\/wp-content\/uploads\/2023\/12\/tehnologia-power-match-36x16.webp 36w, https:\/\/xstyle.md\/wp-content\/uploads\/2023\/12\/tehnologia-power-match-220x96.webp 220w, https:\/\/xstyle.md\/wp-content\/uploads\/2023\/12\/tehnologia-power-match-500x219.webp 500w, https:\/\/xstyle.md\/wp-content\/uploads\/2023\/12\/tehnologia-power-match-75x33.webp 75w\" sizes=\"(max-width: 2560px) 100vw, 2560px\" \/><\/p>\n<h3>Caracteristici<\/h3>\n<ul>\n<li>Construc\u021bie schi all-mountain &#8212; construc\u021bie a pere\u021bilor laterali<\/li>\n<li>Deviere Camber\/Rocker<\/li>\n<li>Leg\u0103turi &#8212; Tyrolia\/Elan EMX 12 GW<\/li>\n<li>Nivel &#8212; progresiv\/avansat<\/li>\n<li>Scop &#8212; pist\u0103<\/li>\n<\/ul>\n<p><iframe loading=\"lazy\" title=\"Elan Primetime Ski Series\" width=\"640\" height=\"360\" src=\"https:\/\/www.youtube.com\/embed\/0-umlj65UgI?feature=oembed\" frameborder=\"0\" allow=\"accelerometer; autoplay; clipboard-write; encrypted-media; gyroscope; picture-in-picture; web-share\" referrerpolicy=\"strict-origin-when-cross-origin\" allowfullscreen><\/iframe><\/p>\n<p>&nbsp;<\/p>\n<h3>Marca<\/h3>\n<p>Grupul Elan este un produc\u0103tor \u0219i furnizor de top de echipamente sportive \u0219i de agrement. Compania este prezent\u0103 pe aceast\u0103 pia\u021b\u0103 de mai bine de 60 de ani. Toate activit\u0103\u021bile Elan sunt axate pe dezvoltarea tehnic\u0103 a produselor \u0219i pe tehnologia avansat\u0103 exprimat\u0103 prin design progresiv. Activit\u0103\u021bile Grupului Elan includ: schi alpin \u0219i snowboarding, iahturi cu vele offshore \u0219i furnizarea de facilit\u0103\u021bi sportive cu toate echipamentele necesare.<\/p>\n<p><\/p>","protected":false},"excerpt":{"rendered":"","protected":false},"featured_media":77540,"comment_status":"open","ping_status":"closed","template":"","meta":{"_acf_changed":false,"inline_featured_image":false},"product_brand":[1315],"product_cat":[398],"product_tag":[],"class_list":{"0":"post-77087","1":"product","2":"type-product","3":"status-publish","4":"has-post-thumbnail","6":"product_brand-elan","7":"product_cat-ski","9":"first","10":"instock","11":"shipping-taxable","12":"purchasable","13":"product-type-simple"},"acf":[],"yoast_head":"<!-- This site is optimized with the Yoast SEO plugin v27.4 - https:\/\/yoast.com\/product\/yoast-seo-wordpress\/ -->\n<title>\u0413\u043e\u0440\u043d\u044b\u0435 \u043b\u044b\u0436\u0438 Elan PRIMETIME 44 FX EMX 12.0 - \u041c\u0430\u0433\u0430\u0437\u0438\u043d Xstyle<\/title>\n<meta name=\"description\" content=\"\u041e\u0442\u043a\u0440\u043e\u0439\u0442\u0435 \u0434\u043b\u044f \u0441\u0435\u0431\u044f \u0433\u043e\u0440\u043d\u044b\u0435 \u043b\u044b\u0436\u0438 Elan PRIMETIME 44 FX EMX 12.0. \u0421\u043f\u043e\u0440\u0442\u0438\u0432\u043d\u044b\u0439 \u0434\u0438\u0437\u0430\u0439\u043d \u0438 \u0430\u0441\u0438\u043c\u043c\u0435\u0442\u0440\u0438\u0447\u043d\u0430\u044f \u043a\u043e\u043d\u0441\u0442\u0440\u0443\u043a\u0446\u0438\u044f \u043e\u0431\u0435\u0441\u043f\u0435\u0447\u0438\u0432\u0430\u044e\u0442 \u043e\u0442\u043b\u0438\u0447\u043d\u0443\u044e \u043c\u0430\u043d\u0435\u0432\u0440\u0435\u043d\u043d\u043e\u0441\u0442\u044c \u0438 \u0441\u043a\u043e\u0440\u043e\u0441\u0442\u044c.\" \/>\n<meta name=\"robots\" content=\"index, follow, max-snippet:-1, max-image-preview:large, max-video-preview:-1\" \/>\n<link rel=\"canonical\" href=\"https:\/\/xstyle.md\/ro\/produs\/gornye-lyzhi-elan-primetime-44-fx-emx-12-0\/\" \/>\n<meta property=\"og:locale\" content=\"ro_RO\" \/>\n<meta property=\"og:type\" content=\"article\" \/>\n<meta property=\"og:title\" content=\"\u0413\u043e\u0440\u043d\u044b\u0435 \u043b\u044b\u0436\u0438 Elan PRIMETIME 44 FX EMX 12.0 - \u041c\u0430\u0433\u0430\u0437\u0438\u043d Xstyle\" \/>\n<meta property=\"og:description\" content=\"\u041e\u0442\u043a\u0440\u043e\u0439\u0442\u0435 \u0434\u043b\u044f \u0441\u0435\u0431\u044f \u0433\u043e\u0440\u043d\u044b\u0435 \u043b\u044b\u0436\u0438 Elan PRIMETIME 44 FX EMX 12.0. \u0421\u043f\u043e\u0440\u0442\u0438\u0432\u043d\u044b\u0439 \u0434\u0438\u0437\u0430\u0439\u043d \u0438 \u0430\u0441\u0438\u043c\u043c\u0435\u0442\u0440\u0438\u0447\u043d\u0430\u044f \u043a\u043e\u043d\u0441\u0442\u0440\u0443\u043a\u0446\u0438\u044f \u043e\u0431\u0435\u0441\u043f\u0435\u0447\u0438\u0432\u0430\u044e\u0442 \u043e\u0442\u043b\u0438\u0447\u043d\u0443\u044e \u043c\u0430\u043d\u0435\u0432\u0440\u0435\u043d\u043d\u043e\u0441\u0442\u044c \u0438 \u0441\u043a\u043e\u0440\u043e\u0441\u0442\u044c.\" \/>\n<meta property=\"og:url\" content=\"https:\/\/xstyle.md\/ro\/produs\/gornye-lyzhi-elan-primetime-44-fx-emx-12-0\/\" \/>\n<meta property=\"og:site_name\" content=\"\u041c\u0430\u0433\u0430\u0437\u0438\u043d Xstyle\" \/>\n<meta property=\"article:publisher\" content=\"https:\/\/www.facebook.com\/xstylemd\" \/>\n<meta property=\"article:modified_time\" content=\"2026-03-19T14:16:21+00:00\" \/>\n<meta property=\"og:image\" content=\"https:\/\/xstyle.md\/wp-content\/uploads\/2023\/12\/elan-primetime-44-fx-emx-12.0.jpg\" \/>\n\t<meta property=\"og:image:width\" content=\"1248\" \/>\n\t<meta property=\"og:image:height\" content=\"1328\" \/>\n\t<meta property=\"og:image:type\" content=\"image\/jpeg\" \/>\n<meta name=\"twitter:card\" content=\"summary_large_image\" \/>\n<meta name=\"twitter:label1\" content=\"Pre\u021b\" \/>\n\t<meta name=\"twitter:data1\" content=\"13.900&nbsp;MDL\" \/>\n\t<meta name=\"twitter:label2\" content=\"Disponibilitate\" \/>\n\t<meta name=\"twitter:data2\" content=\"\u00cen stoc\" \/>\n<script type=\"application\/ld+json\" class=\"yoast-schema-graph\">{\"@context\":\"https:\\\/\\\/schema.org\",\"@graph\":[{\"@type\":\"WebPage\",\"@id\":\"https:\\\/\\\/xstyle.md\\\/product\\\/gornye-lyzhi-elan-primetime-44-fx-emx-12-0\\\/\",\"url\":\"https:\\\/\\\/xstyle.md\\\/product\\\/gornye-lyzhi-elan-primetime-44-fx-emx-12-0\\\/\",\"name\":\"\u0413\u043e\u0440\u043d\u044b\u0435 \u043b\u044b\u0436\u0438 Elan PRIMETIME 44 FX EMX 12.0 - \u041c\u0430\u0433\u0430\u0437\u0438\u043d Xstyle\",\"isPartOf\":{\"@id\":\"https:\\\/\\\/xstyle.md\\\/#website\"},\"primaryImageOfPage\":{\"@id\":\"https:\\\/\\\/xstyle.md\\\/product\\\/gornye-lyzhi-elan-primetime-44-fx-emx-12-0\\\/#primaryimage\"},\"image\":{\"@id\":\"https:\\\/\\\/xstyle.md\\\/product\\\/gornye-lyzhi-elan-primetime-44-fx-emx-12-0\\\/#primaryimage\"},\"thumbnailUrl\":\"https:\\\/\\\/xstyle.md\\\/wp-content\\\/uploads\\\/2023\\\/12\\\/elan-primetime-44-fx-emx-12.0.jpg\",\"datePublished\":\"2023-12-15T15:01:34+00:00\",\"dateModified\":\"2026-03-19T14:16:21+00:00\",\"description\":\"\u041e\u0442\u043a\u0440\u043e\u0439\u0442\u0435 \u0434\u043b\u044f \u0441\u0435\u0431\u044f \u0433\u043e\u0440\u043d\u044b\u0435 \u043b\u044b\u0436\u0438 Elan PRIMETIME 44 FX EMX 12.0. \u0421\u043f\u043e\u0440\u0442\u0438\u0432\u043d\u044b\u0439 \u0434\u0438\u0437\u0430\u0439\u043d \u0438 \u0430\u0441\u0438\u043c\u043c\u0435\u0442\u0440\u0438\u0447\u043d\u0430\u044f \u043a\u043e\u043d\u0441\u0442\u0440\u0443\u043a\u0446\u0438\u044f \u043e\u0431\u0435\u0441\u043f\u0435\u0447\u0438\u0432\u0430\u044e\u0442 \u043e\u0442\u043b\u0438\u0447\u043d\u0443\u044e \u043c\u0430\u043d\u0435\u0432\u0440\u0435\u043d\u043d\u043e\u0441\u0442\u044c \u0438 \u0441\u043a\u043e\u0440\u043e\u0441\u0442\u044c.\",\"breadcrumb\":{\"@id\":\"https:\\\/\\\/xstyle.md\\\/product\\\/gornye-lyzhi-elan-primetime-44-fx-emx-12-0\\\/#breadcrumb\"},\"inLanguage\":\"ro-RO\",\"potentialAction\":[{\"@type\":\"ReadAction\",\"target\":[\"https:\\\/\\\/xstyle.md\\\/product\\\/gornye-lyzhi-elan-primetime-44-fx-emx-12-0\\\/\"]}]},{\"@type\":\"ImageObject\",\"inLanguage\":\"ro-RO\",\"@id\":\"https:\\\/\\\/xstyle.md\\\/product\\\/gornye-lyzhi-elan-primetime-44-fx-emx-12-0\\\/#primaryimage\",\"url\":\"https:\\\/\\\/xstyle.md\\\/wp-content\\\/uploads\\\/2023\\\/12\\\/elan-primetime-44-fx-emx-12.0.jpg\",\"contentUrl\":\"https:\\\/\\\/xstyle.md\\\/wp-content\\\/uploads\\\/2023\\\/12\\\/elan-primetime-44-fx-emx-12.0.jpg\",\"width\":1248,\"height\":1328,\"caption\":\"\u0422\u0435\u043f\u043b\u0430\u044f \u044d\u043a\u0438\u043f\u0438\u0440\u043e\u0432\u043a\u0430 \u0434\u043b\u044f \u0430\u043a\u0442\u0438\u0432\u043d\u043e\u0433\u043e \u043e\u0442\u0434\u044b\u0445\u0430 \u043d\u0430 \u0433\u043e\u0440\u043d\u044b\u0445 \u043b\u044b\u0436\u0430\u0445, \u043e\u0434\u0435\u0436\u0434\u0430 \u0438 \u043e\u0431\u0443\u0432\u044c \u0434\u043b\u044f \u043b\u044b\u0436\u043d\u0438\u043a\u043e\u0432, \u0433\u043e\u0440\u043d\u044b\u0435 \u043b\u044b\u0436\u0438 Elan PRIMETIME 44 FX EMX 12.0 \u0434\u043b\u044f \u043f\u043e\u0445\u043e\u0434\u043e\u0432 \u0438 \u043f\u0443\u0442\u0435\u0448\u0435\u0441\u0442\u0432\u0438\u0439 \u0432 \u0438\u043d\u0442\u0435\u0440\u043d\u0435\u0442-\u043c\u0430\u0433\u0430\u0437\u0438\u043d\u0435 \u0442\u043e\u0432\u0430\u0440\u043e\u0432 \u0434\u043b\u044f \u0430\u043a\u0442\u0438\u0432\u043d\u043e\u0439 \u0436\u0438\u0437\u043d\u0438\"},{\"@type\":\"BreadcrumbList\",\"@id\":\"https:\\\/\\\/xstyle.md\\\/product\\\/gornye-lyzhi-elan-primetime-44-fx-emx-12-0\\\/#breadcrumb\",\"itemListElement\":[{\"@type\":\"ListItem\",\"position\":1,\"name\":\"\u0413\u043b\u0430\u0432\u043d\u0430\u044f \u0441\u0442\u0440\u0430\u043d\u0438\u0446\u0430\",\"item\":\"https:\\\/\\\/xstyle.md\\\/\"},{\"@type\":\"ListItem\",\"position\":2,\"name\":\"\u041c\u0430\u0433\u0430\u0437\u0438\u043d\",\"item\":\"https:\\\/\\\/xstyle.md\\\/shop\\\/\"},{\"@type\":\"ListItem\",\"position\":3,\"name\":\"\u0413\u043e\u0440\u043d\u044b\u0435 \u043b\u044b\u0436\u0438 Elan PRIMETIME 44 FX EMX 12.0\"}]},{\"@type\":\"WebSite\",\"@id\":\"https:\\\/\\\/xstyle.md\\\/#website\",\"url\":\"https:\\\/\\\/xstyle.md\\\/\",\"name\":\"\u041c\u0430\u0433\u0430\u0437\u0438\u043d Xstyle\",\"description\":\"C\u043d\u0430\u0440\u044f\u0436\u0435\u043d\u0438\u0435 \u0434\u043b\u044f \u0442\u0443\u0440\u0438\u0437\u043c\u0430 \u0438 \u044d\u043a\u0441\u0442\u0440\u0435\u043c\u0430\u043b\u044c\u043d\u044b\u0445 \u0432\u0438\u0434\u043e\u0432 \u0441\u043f\u043e\u0440\u0442\u0430 \u0432 \u041c\u043e\u043b\u0434\u043e\u0432\u0435.. \u0426\u0435\u043d\u044b, \u0444\u043e\u0442\u043e, \u0445\u0430\u0440\u0430\u043a\u0442\u0435\u0440\u0438\u0441\u0442\u0438\u043a\u0438 \u0432 \u041c\u043e\u043b\u0434\u043e\u0432\u0435.\",\"publisher\":{\"@id\":\"https:\\\/\\\/xstyle.md\\\/#organization\"},\"alternateName\":\"X-Style\",\"potentialAction\":[{\"@type\":\"SearchAction\",\"target\":{\"@type\":\"EntryPoint\",\"urlTemplate\":\"https:\\\/\\\/xstyle.md\\\/?s={search_term_string}\"},\"query-input\":{\"@type\":\"PropertyValueSpecification\",\"valueRequired\":true,\"valueName\":\"search_term_string\"}}],\"inLanguage\":\"ro-RO\"},{\"@type\":\"Organization\",\"@id\":\"https:\\\/\\\/xstyle.md\\\/#organization\",\"name\":\"\u041c\u0430\u0433\u0430\u0437\u0438\u043d Xstyle\",\"alternateName\":\"x-style\",\"url\":\"https:\\\/\\\/xstyle.md\\\/\",\"logo\":{\"@type\":\"ImageObject\",\"inLanguage\":\"ro-RO\",\"@id\":\"https:\\\/\\\/xstyle.md\\\/#\\\/schema\\\/logo\\\/image\\\/\",\"url\":\"https:\\\/\\\/xstyle.md\\\/wp-content\\\/uploads\\\/2020\\\/06\\\/logoicon.svg\",\"contentUrl\":\"https:\\\/\\\/xstyle.md\\\/wp-content\\\/uploads\\\/2020\\\/06\\\/logoicon.svg\",\"caption\":\"\u041c\u0430\u0433\u0430\u0437\u0438\u043d Xstyle\"},\"image\":{\"@id\":\"https:\\\/\\\/xstyle.md\\\/#\\\/schema\\\/logo\\\/image\\\/\"},\"sameAs\":[\"https:\\\/\\\/www.facebook.com\\\/xstylemd\",\"https:\\\/\\\/www.instagram.com\\\/xstyle_md\\\/\",\"https:\\\/\\\/t.me\\\/xstyle_outdoor\"],\"hasMerchantReturnPolicy\":{\"@type\":\"MerchantReturnPolicy\",\"merchantReturnLink\":\"https:\\\/\\\/xstyle.md\\\/ro\\\/conditions\\\/\"}}]}<\/script>\n<meta property=\"product:price:amount\" content=\"13900.00\" \/>\n<meta property=\"product:price:currency\" content=\"MDL\" \/>\n<meta property=\"og:availability\" content=\"instock\" \/>\n<meta property=\"product:availability\" content=\"instock\" \/>\n<meta property=\"product:retailer_item_id\" content=\"3838855789774\" \/>\n<meta property=\"product:condition\" content=\"new\" \/>\n<!-- \/ Yoast SEO plugin. -->","yoast_head_json":{"title":"Schi alpin Elan PRIMETIME 44 FX EMX 12.0 - Magazin Xstyle","description":"Descoperi\u021bi schiurile alpine Elan PRIMETIME 44 FX EMX 12.0. Designul sportiv \u0219i construc\u021bia asimetric\u0103 ofer\u0103 o manevrabilitate excelent\u0103 \u0219i vitez\u0103.","robots":{"index":"index","follow":"follow","max-snippet":"max-snippet:-1","max-image-preview":"max-image-preview:large","max-video-preview":"max-video-preview:-1"},"canonical":"https:\/\/xstyle.md\/ro\/produs\/gornye-lyzhi-elan-primetime-44-fx-emx-12-0\/","og_locale":"ro_RO","og_type":"article","og_title":"\u0413\u043e\u0440\u043d\u044b\u0435 \u043b\u044b\u0436\u0438 Elan PRIMETIME 44 FX EMX 12.0 - \u041c\u0430\u0433\u0430\u0437\u0438\u043d Xstyle","og_description":"\u041e\u0442\u043a\u0440\u043e\u0439\u0442\u0435 \u0434\u043b\u044f \u0441\u0435\u0431\u044f \u0433\u043e\u0440\u043d\u044b\u0435 \u043b\u044b\u0436\u0438 Elan PRIMETIME 44 FX EMX 12.0. \u0421\u043f\u043e\u0440\u0442\u0438\u0432\u043d\u044b\u0439 \u0434\u0438\u0437\u0430\u0439\u043d \u0438 \u0430\u0441\u0438\u043c\u043c\u0435\u0442\u0440\u0438\u0447\u043d\u0430\u044f \u043a\u043e\u043d\u0441\u0442\u0440\u0443\u043a\u0446\u0438\u044f \u043e\u0431\u0435\u0441\u043f\u0435\u0447\u0438\u0432\u0430\u044e\u0442 \u043e\u0442\u043b\u0438\u0447\u043d\u0443\u044e \u043c\u0430\u043d\u0435\u0432\u0440\u0435\u043d\u043d\u043e\u0441\u0442\u044c \u0438 \u0441\u043a\u043e\u0440\u043e\u0441\u0442\u044c.","og_url":"https:\/\/xstyle.md\/ro\/produs\/gornye-lyzhi-elan-primetime-44-fx-emx-12-0\/","og_site_name":"\u041c\u0430\u0433\u0430\u0437\u0438\u043d Xstyle","article_publisher":"https:\/\/www.facebook.com\/xstylemd","article_modified_time":"2026-03-19T14:16:21+00:00","og_image":[{"width":1248,"height":1328,"url":"https:\/\/xstyle.md\/wp-content\/uploads\/2023\/12\/elan-primetime-44-fx-emx-12.0.jpg","type":"image\/jpeg"}],"twitter_card":"summary_large_image","twitter_misc":{"Pre\u021b":"13.900&nbsp;MDL","Disponibilitate":"\u00cen stoc"},"schema":{"@context":"https:\/\/schema.org","@graph":[{"@type":"WebPage","@id":"https:\/\/xstyle.md\/product\/gornye-lyzhi-elan-primetime-44-fx-emx-12-0\/","url":"https:\/\/xstyle.md\/product\/gornye-lyzhi-elan-primetime-44-fx-emx-12-0\/","name":"Schi alpin Elan PRIMETIME 44 FX EMX 12.0 - Magazin Xstyle","isPartOf":{"@id":"https:\/\/xstyle.md\/#website"},"primaryImageOfPage":{"@id":"https:\/\/xstyle.md\/product\/gornye-lyzhi-elan-primetime-44-fx-emx-12-0\/#primaryimage"},"image":{"@id":"https:\/\/xstyle.md\/product\/gornye-lyzhi-elan-primetime-44-fx-emx-12-0\/#primaryimage"},"thumbnailUrl":"https:\/\/xstyle.md\/wp-content\/uploads\/2023\/12\/elan-primetime-44-fx-emx-12.0.jpg","datePublished":"2023-12-15T15:01:34+00:00","dateModified":"2026-03-19T14:16:21+00:00","description":"Descoperi\u021bi schiurile alpine Elan PRIMETIME 44 FX EMX 12.0. Designul sportiv \u0219i construc\u021bia asimetric\u0103 ofer\u0103 o manevrabilitate excelent\u0103 \u0219i vitez\u0103.","breadcrumb":{"@id":"https:\/\/xstyle.md\/product\/gornye-lyzhi-elan-primetime-44-fx-emx-12-0\/#breadcrumb"},"inLanguage":"ro-RO","potentialAction":[{"@type":"ReadAction","target":["https:\/\/xstyle.md\/product\/gornye-lyzhi-elan-primetime-44-fx-emx-12-0\/"]}]},{"@type":"ImageObject","inLanguage":"ro-RO","@id":"https:\/\/xstyle.md\/product\/gornye-lyzhi-elan-primetime-44-fx-emx-12-0\/#primaryimage","url":"https:\/\/xstyle.md\/wp-content\/uploads\/2023\/12\/elan-primetime-44-fx-emx-12.0.jpg","contentUrl":"https:\/\/xstyle.md\/wp-content\/uploads\/2023\/12\/elan-primetime-44-fx-emx-12.0.jpg","width":1248,"height":1328,"caption":"\u0422\u0435\u043f\u043b\u0430\u044f \u044d\u043a\u0438\u043f\u0438\u0440\u043e\u0432\u043a\u0430 \u0434\u043b\u044f \u0430\u043a\u0442\u0438\u0432\u043d\u043e\u0433\u043e \u043e\u0442\u0434\u044b\u0445\u0430 \u043d\u0430 \u0433\u043e\u0440\u043d\u044b\u0445 \u043b\u044b\u0436\u0430\u0445, \u043e\u0434\u0435\u0436\u0434\u0430 \u0438 \u043e\u0431\u0443\u0432\u044c \u0434\u043b\u044f \u043b\u044b\u0436\u043d\u0438\u043a\u043e\u0432, \u0433\u043e\u0440\u043d\u044b\u0435 \u043b\u044b\u0436\u0438 Elan PRIMETIME 44 FX EMX 12.0 \u0434\u043b\u044f \u043f\u043e\u0445\u043e\u0434\u043e\u0432 \u0438 \u043f\u0443\u0442\u0435\u0448\u0435\u0441\u0442\u0432\u0438\u0439 \u0432 \u0438\u043d\u0442\u0435\u0440\u043d\u0435\u0442-\u043c\u0430\u0433\u0430\u0437\u0438\u043d\u0435 \u0442\u043e\u0432\u0430\u0440\u043e\u0432 \u0434\u043b\u044f \u0430\u043a\u0442\u0438\u0432\u043d\u043e\u0439 \u0436\u0438\u0437\u043d\u0438"},{"@type":"BreadcrumbList","@id":"https:\/\/xstyle.md\/product\/gornye-lyzhi-elan-primetime-44-fx-emx-12-0\/#breadcrumb","itemListElement":[{"@type":"ListItem","position":1,"name":"\u0413\u043b\u0430\u0432\u043d\u0430\u044f \u0441\u0442\u0440\u0430\u043d\u0438\u0446\u0430","item":"https:\/\/xstyle.md\/"},{"@type":"ListItem","position":2,"name":"\u041c\u0430\u0433\u0430\u0437\u0438\u043d","item":"https:\/\/xstyle.md\/shop\/"},{"@type":"ListItem","position":3,"name":"\u0413\u043e\u0440\u043d\u044b\u0435 \u043b\u044b\u0436\u0438 Elan PRIMETIME 44 FX EMX 12.0"}]},{"@type":"WebSite","@id":"https:\/\/xstyle.md\/#website","url":"https:\/\/xstyle.md\/","name":"Magazinul X-Style","description":"Echipamente pentru turism \u0219i sporturi extreme \u00een Moldova. Pre\u021buri, fotografii, caracteristici \u00een Moldova.","publisher":{"@id":"https:\/\/xstyle.md\/#organization"},"alternateName":"X-Style","potentialAction":[{"@type":"SearchAction","target":{"@type":"EntryPoint","urlTemplate":"https:\/\/xstyle.md\/?s={search_term_string}"},"query-input":{"@type":"PropertyValueSpecification","valueRequired":true,"valueName":"search_term_string"}}],"inLanguage":"ro-RO"},{"@type":"Organization","@id":"https:\/\/xstyle.md\/#organization","name":"Magazinul X-Style","alternateName":"x-style","url":"https:\/\/xstyle.md\/","logo":{"@type":"ImageObject","inLanguage":"ro-RO","@id":"https:\/\/xstyle.md\/#\/schema\/logo\/image\/","url":"https:\/\/xstyle.md\/wp-content\/uploads\/2020\/06\/logoicon.svg","contentUrl":"https:\/\/xstyle.md\/wp-content\/uploads\/2020\/06\/logoicon.svg","caption":"\u041c\u0430\u0433\u0430\u0437\u0438\u043d Xstyle"},"image":{"@id":"https:\/\/xstyle.md\/#\/schema\/logo\/image\/"},"sameAs":["https:\/\/www.facebook.com\/xstylemd","https:\/\/www.instagram.com\/xstyle_md\/","https:\/\/t.me\/xstyle_outdoor"],"hasMerchantReturnPolicy":{"@type":"MerchantReturnPolicy","merchantReturnLink":"https:\/\/xstyle.md\/ro\/conditions\/"}}]},"product_price_amount":"13900.00","product_price_currency":"MDL","og_availability":"instock","product_availability":"instock","product_retailer_item_id":"3838855789774","product_condition":"new"},"_links":{"self":[{"href":"https:\/\/xstyle.md\/ro\/wp-json\/wp\/v2\/product\/77087","targetHints":{"allow":["GET"]}}],"collection":[{"href":"https:\/\/xstyle.md\/ro\/wp-json\/wp\/v2\/product"}],"about":[{"href":"https:\/\/xstyle.md\/ro\/wp-json\/wp\/v2\/types\/product"}],"replies":[{"embeddable":true,"href":"https:\/\/xstyle.md\/ro\/wp-json\/wp\/v2\/comments?post=77087"}],"wp:featuredmedia":[{"embeddable":true,"href":"https:\/\/xstyle.md\/ro\/wp-json\/wp\/v2\/media\/77540"}],"wp:attachment":[{"href":"https:\/\/xstyle.md\/ro\/wp-json\/wp\/v2\/media?parent=77087"}],"wp:term":[{"taxonomy":"product_brand","embeddable":true,"href":"https:\/\/xstyle.md\/ro\/wp-json\/wp\/v2\/product_brand?post=77087"},{"taxonomy":"product_cat","embeddable":true,"href":"https:\/\/xstyle.md\/ro\/wp-json\/wp\/v2\/product_cat?post=77087"},{"taxonomy":"product_tag","embeddable":true,"href":"https:\/\/xstyle.md\/ro\/wp-json\/wp\/v2\/product_tag?post=77087"}],"curies":[{"name":"wp","href":"https:\/\/api.w.org\/{rel}","templated":true}]}}