{"id":7708,"date":"2020-07-16T22:58:05","date_gmt":"2020-07-16T19:58:05","guid":{"rendered":"https:\/\/xstyle.md\/product\/flazhok-m-wave-safety-flagpole"},"modified":"2026-04-07T15:22:48","modified_gmt":"2026-04-07T12:22:48","slug":"flazhok-m-wave-safety-flagpole","status":"publish","type":"product","link":"https:\/\/xstyle.md\/ro\/produs\/flazhok-m-wave-safety-flagpole\/","title":{"rendered":"Stegule\u021b reflectorizant M-WAVE safety flagpole"},"content":{"rendered":"<\/p>\n<p><strong>Stegule\u021b reflectorizant M-WAVE safety flagpole<\/strong> &#8212; un steag galben neon cu un cap\u0103t de siguran\u021b\u0103 pentru a-l ajuta pe biciclist s\u0103 devin\u0103 mai vizibil pe \u0219osea.<\/p>\n<h3>Particularit\u0103\u021bi<\/h3>\n<ul>\n<li>Are 1 LED ro\u0219u<\/li>\n<li>Senzor de mi\u0219care<\/li>\n<li>Design convenabil de pliere<\/li>\n<li>Pentru fixare pe suportul din spate sau pe scaun (8-20mm)<\/li>\n<li>Steag triunghiular cu band\u0103 reflectorizant\u0103<\/li>\n<\/ul>\n<h3>Caracteristici<\/h3>\n<ul>\n<li>Lungime de extensie &#8212; 360 mm<\/li>\n<li>Dimensiunea steagului &#8212; 200 x 120 mm<\/li>\n<\/ul>\n<p><\/p>","protected":false},"excerpt":{"rendered":"<p>Stegule\u021b reflectorizant M-WAVE safety flagpole<\/p>","protected":false},"featured_media":7706,"comment_status":"open","ping_status":"closed","template":"","meta":{"_acf_changed":false,"inline_featured_image":false},"product_brand":[1372],"product_cat":[406],"product_tag":[],"class_list":{"0":"post-7708","1":"product","2":"type-product","3":"status-publish","4":"has-post-thumbnail","6":"product_brand-messingschlager","7":"product_cat-bike-accessories","9":"first","10":"instock","11":"shipping-taxable","12":"purchasable","13":"product-type-simple"},"acf":[],"yoast_head":"<!-- This site is optimized with the Yoast SEO plugin v27.2 - https:\/\/yoast.com\/product\/yoast-seo-wordpress\/ -->\n<title>\u0424\u043b\u0430\u0436\u043e\u043a M-WAVE safety flagpole - \u041c\u0430\u0433\u0430\u0437\u0438\u043d Xstyle<\/title>\n<meta name=\"description\" content=\"\u0424\u043b\u0430\u0436\u043e\u043a M-WAVE - \u0431\u0435\u0437\u043e\u043f\u0430\u0441\u043d\u044b\u0439 \u0444\u043b\u0430\u0433 \u0434\u043b\u044f \u0432\u0435\u043b\u043e\u0441\u0438\u043f\u0435\u0434\u0438\u0441\u0442\u043e\u0432. \u042f\u0440\u043a\u0438\u0439 \u043d\u0435\u043e\u043d\u043e\u0432\u044b\u0439 \u0444\u043b\u0430\u0433, \u0441\u0432\u0435\u0442\u043e\u043e\u0442\u0440\u0430\u0436\u0430\u044e\u0449\u0430\u044f \u043b\u0435\u043d\u0442\u0430 \u0438 \u0443\u0434\u043e\u0431\u043d\u044b\u0439 \u0434\u0438\u0437\u0430\u0439\u043d \u0434\u043b\u044f \u043b\u0443\u0447\u0448\u0435\u0439 \u0432\u0438\u0434\u0438\u043c\u043e\u0441\u0442\u0438 \u043d\u0430 \u0434\u043e\u0440\u043e\u0433\u0435.\" \/>\n<meta name=\"robots\" content=\"index, follow, max-snippet:-1, max-image-preview:large, max-video-preview:-1\" \/>\n<link rel=\"canonical\" href=\"https:\/\/xstyle.md\/ro\/produs\/flazhok-m-wave-safety-flagpole\/\" \/>\n<meta property=\"og:locale\" content=\"ro_RO\" \/>\n<meta property=\"og:type\" content=\"article\" \/>\n<meta property=\"og:title\" content=\"\u0424\u043b\u0430\u0436\u043e\u043a M-WAVE safety flagpole - \u041c\u0430\u0433\u0430\u0437\u0438\u043d Xstyle\" \/>\n<meta property=\"og:description\" content=\"\u0424\u043b\u0430\u0436\u043e\u043a M-WAVE - \u0431\u0435\u0437\u043e\u043f\u0430\u0441\u043d\u044b\u0439 \u0444\u043b\u0430\u0433 \u0434\u043b\u044f \u0432\u0435\u043b\u043e\u0441\u0438\u043f\u0435\u0434\u0438\u0441\u0442\u043e\u0432. \u042f\u0440\u043a\u0438\u0439 \u043d\u0435\u043e\u043d\u043e\u0432\u044b\u0439 \u0444\u043b\u0430\u0433, \u0441\u0432\u0435\u0442\u043e\u043e\u0442\u0440\u0430\u0436\u0430\u044e\u0449\u0430\u044f \u043b\u0435\u043d\u0442\u0430 \u0438 \u0443\u0434\u043e\u0431\u043d\u044b\u0439 \u0434\u0438\u0437\u0430\u0439\u043d \u0434\u043b\u044f \u043b\u0443\u0447\u0448\u0435\u0439 \u0432\u0438\u0434\u0438\u043c\u043e\u0441\u0442\u0438 \u043d\u0430 \u0434\u043e\u0440\u043e\u0433\u0435.\" \/>\n<meta property=\"og:url\" content=\"https:\/\/xstyle.md\/ro\/produs\/flazhok-m-wave-safety-flagpole\/\" \/>\n<meta property=\"og:site_name\" content=\"\u041c\u0430\u0433\u0430\u0437\u0438\u043d Xstyle\" \/>\n<meta property=\"article:publisher\" content=\"https:\/\/www.facebook.com\/xstylemd\" \/>\n<meta property=\"article:modified_time\" content=\"2026-04-07T12:22:48+00:00\" \/>\n<meta property=\"og:image\" content=\"https:\/\/xstyle.md\/wp-content\/uploads\/2020\/07\/120970_v1_110511f.jpg\" \/>\n\t<meta property=\"og:image:width\" content=\"600\" \/>\n\t<meta property=\"og:image:height\" content=\"600\" \/>\n\t<meta property=\"og:image:type\" content=\"image\/jpeg\" \/>\n<meta name=\"twitter:card\" content=\"summary_large_image\" \/>\n<meta name=\"twitter:label1\" content=\"Pre\u021b\" \/>\n\t<meta name=\"twitter:data1\" content=\"240&nbsp;MDL\" \/>\n\t<meta name=\"twitter:label2\" content=\"Disponibilitate\" \/>\n\t<meta name=\"twitter:data2\" content=\"\u00cen stoc\" \/>\n<script type=\"application\/ld+json\" class=\"yoast-schema-graph\">{\"@context\":\"https:\/\/schema.org\",\"@graph\":[{\"@type\":\"WebPage\",\"@id\":\"https:\/\/xstyle.md\/product\/flazhok-m-wave-safety-flagpole\/\",\"url\":\"https:\/\/xstyle.md\/product\/flazhok-m-wave-safety-flagpole\/\",\"name\":\"\u0424\u043b\u0430\u0436\u043e\u043a M-WAVE safety flagpole - \u041c\u0430\u0433\u0430\u0437\u0438\u043d Xstyle\",\"isPartOf\":{\"@id\":\"https:\/\/xstyle.md\/#website\"},\"primaryImageOfPage\":{\"@id\":\"https:\/\/xstyle.md\/product\/flazhok-m-wave-safety-flagpole\/#primaryimage\"},\"image\":{\"@id\":\"https:\/\/xstyle.md\/product\/flazhok-m-wave-safety-flagpole\/#primaryimage\"},\"thumbnailUrl\":\"https:\/\/xstyle.md\/wp-content\/uploads\/2020\/07\/120970_v1_110511f.jpg\",\"datePublished\":\"2020-07-16T19:58:05+00:00\",\"dateModified\":\"2026-04-07T12:22:48+00:00\",\"description\":\"\u0424\u043b\u0430\u0436\u043e\u043a M-WAVE - \u0431\u0435\u0437\u043e\u043f\u0430\u0441\u043d\u044b\u0439 \u0444\u043b\u0430\u0433 \u0434\u043b\u044f \u0432\u0435\u043b\u043e\u0441\u0438\u043f\u0435\u0434\u0438\u0441\u0442\u043e\u0432. \u042f\u0440\u043a\u0438\u0439 \u043d\u0435\u043e\u043d\u043e\u0432\u044b\u0439 \u0444\u043b\u0430\u0433, \u0441\u0432\u0435\u0442\u043e\u043e\u0442\u0440\u0430\u0436\u0430\u044e\u0449\u0430\u044f \u043b\u0435\u043d\u0442\u0430 \u0438 \u0443\u0434\u043e\u0431\u043d\u044b\u0439 \u0434\u0438\u0437\u0430\u0439\u043d \u0434\u043b\u044f \u043b\u0443\u0447\u0448\u0435\u0439 \u0432\u0438\u0434\u0438\u043c\u043e\u0441\u0442\u0438 \u043d\u0430 \u0434\u043e\u0440\u043e\u0433\u0435.\",\"breadcrumb\":{\"@id\":\"https:\/\/xstyle.md\/product\/flazhok-m-wave-safety-flagpole\/#breadcrumb\"},\"inLanguage\":\"ro-RO\",\"potentialAction\":[{\"@type\":\"ReadAction\",\"target\":[\"https:\/\/xstyle.md\/product\/flazhok-m-wave-safety-flagpole\/\"]}]},{\"@type\":\"ImageObject\",\"inLanguage\":\"ro-RO\",\"@id\":\"https:\/\/xstyle.md\/product\/flazhok-m-wave-safety-flagpole\/#primaryimage\",\"url\":\"https:\/\/xstyle.md\/wp-content\/uploads\/2020\/07\/120970_v1_110511f.jpg\",\"contentUrl\":\"https:\/\/xstyle.md\/wp-content\/uploads\/2020\/07\/120970_v1_110511f.jpg\",\"width\":600,\"height\":600},{\"@type\":\"BreadcrumbList\",\"@id\":\"https:\/\/xstyle.md\/product\/flazhok-m-wave-safety-flagpole\/#breadcrumb\",\"itemListElement\":[{\"@type\":\"ListItem\",\"position\":1,\"name\":\"\u0413\u043b\u0430\u0432\u043d\u0430\u044f \u0441\u0442\u0440\u0430\u043d\u0438\u0446\u0430\",\"item\":\"https:\/\/xstyle.md\/\"},{\"@type\":\"ListItem\",\"position\":2,\"name\":\"\u041c\u0430\u0433\u0430\u0437\u0438\u043d\",\"item\":\"https:\/\/xstyle.md\/shop\/\"},{\"@type\":\"ListItem\",\"position\":3,\"name\":\"\u0424\u043b\u0430\u0436\u043e\u043a M-WAVE safety flagpole\"}]},{\"@type\":\"WebSite\",\"@id\":\"https:\/\/xstyle.md\/#website\",\"url\":\"https:\/\/xstyle.md\/\",\"name\":\"\u041c\u0430\u0433\u0430\u0437\u0438\u043d Xstyle\",\"description\":\"C\u043d\u0430\u0440\u044f\u0436\u0435\u043d\u0438\u0435 \u0434\u043b\u044f \u0442\u0443\u0440\u0438\u0437\u043c\u0430 \u0438 \u044d\u043a\u0441\u0442\u0440\u0435\u043c\u0430\u043b\u044c\u043d\u044b\u0445 \u0432\u0438\u0434\u043e\u0432 \u0441\u043f\u043e\u0440\u0442\u0430 \u0432 \u041c\u043e\u043b\u0434\u043e\u0432\u0435.. \u0426\u0435\u043d\u044b, \u0444\u043e\u0442\u043e, \u0445\u0430\u0440\u0430\u043a\u0442\u0435\u0440\u0438\u0441\u0442\u0438\u043a\u0438 \u0432 \u041c\u043e\u043b\u0434\u043e\u0432\u0435.\",\"publisher\":{\"@id\":\"https:\/\/xstyle.md\/#organization\"},\"alternateName\":\"X-Style\",\"potentialAction\":[{\"@type\":\"SearchAction\",\"target\":{\"@type\":\"EntryPoint\",\"urlTemplate\":\"https:\/\/xstyle.md\/?s={search_term_string}\"},\"query-input\":{\"@type\":\"PropertyValueSpecification\",\"valueRequired\":true,\"valueName\":\"search_term_string\"}}],\"inLanguage\":\"ro-RO\"},{\"@type\":\"Organization\",\"@id\":\"https:\/\/xstyle.md\/#organization\",\"name\":\"\u041c\u0430\u0433\u0430\u0437\u0438\u043d Xstyle\",\"alternateName\":\"x-style\",\"url\":\"https:\/\/xstyle.md\/\",\"logo\":{\"@type\":\"ImageObject\",\"inLanguage\":\"ro-RO\",\"@id\":\"https:\/\/xstyle.md\/#\/schema\/logo\/image\/\",\"url\":\"https:\/\/xstyle.md\/wp-content\/uploads\/2020\/06\/logoicon.svg\",\"contentUrl\":\"https:\/\/xstyle.md\/wp-content\/uploads\/2020\/06\/logoicon.svg\",\"caption\":\"\u041c\u0430\u0433\u0430\u0437\u0438\u043d Xstyle\"},\"image\":{\"@id\":\"https:\/\/xstyle.md\/#\/schema\/logo\/image\/\"},\"sameAs\":[\"https:\/\/www.facebook.com\/xstylemd\",\"https:\/\/www.instagram.com\/xstyle_md\/\",\"https:\/\/t.me\/xstyle_outdoor\"],\"hasMerchantReturnPolicy\":{\"@type\":\"MerchantReturnPolicy\",\"merchantReturnLink\":\"https:\/\/xstyle.md\/ro\/conditions\/\"}}]}<\/script>\n<meta property=\"product:price:amount\" content=\"240.00\" \/>\n<meta property=\"product:price:currency\" content=\"MDL\" \/>\n<meta property=\"og:availability\" content=\"instock\" \/>\n<meta property=\"product:availability\" content=\"instock\" \/>\n<meta property=\"product:retailer_item_id\" content=\"4015493120681\" \/>\n<meta property=\"product:condition\" content=\"new\" \/>\n<!-- \/ Yoast SEO plugin. -->","yoast_head_json":{"title":"Stegule\u021b reflectorizant M-WAVE safety flagpole - Magazin Xstyle","description":"Steagul M-WAVE - un steag sigur pentru bicicli\u0219ti. Steag neon str\u0103lucitor, band\u0103 reflectorizant\u0103 \u0219i design convenabil pentru o vizibilitate mai bun\u0103 pe drum.","robots":{"index":"index","follow":"follow","max-snippet":"max-snippet:-1","max-image-preview":"max-image-preview:large","max-video-preview":"max-video-preview:-1"},"canonical":"https:\/\/xstyle.md\/ro\/produs\/flazhok-m-wave-safety-flagpole\/","og_locale":"ro_RO","og_type":"article","og_title":"\u0424\u043b\u0430\u0436\u043e\u043a M-WAVE safety flagpole - \u041c\u0430\u0433\u0430\u0437\u0438\u043d Xstyle","og_description":"\u0424\u043b\u0430\u0436\u043e\u043a M-WAVE - \u0431\u0435\u0437\u043e\u043f\u0430\u0441\u043d\u044b\u0439 \u0444\u043b\u0430\u0433 \u0434\u043b\u044f \u0432\u0435\u043b\u043e\u0441\u0438\u043f\u0435\u0434\u0438\u0441\u0442\u043e\u0432. \u042f\u0440\u043a\u0438\u0439 \u043d\u0435\u043e\u043d\u043e\u0432\u044b\u0439 \u0444\u043b\u0430\u0433, \u0441\u0432\u0435\u0442\u043e\u043e\u0442\u0440\u0430\u0436\u0430\u044e\u0449\u0430\u044f \u043b\u0435\u043d\u0442\u0430 \u0438 \u0443\u0434\u043e\u0431\u043d\u044b\u0439 \u0434\u0438\u0437\u0430\u0439\u043d \u0434\u043b\u044f \u043b\u0443\u0447\u0448\u0435\u0439 \u0432\u0438\u0434\u0438\u043c\u043e\u0441\u0442\u0438 \u043d\u0430 \u0434\u043e\u0440\u043e\u0433\u0435.","og_url":"https:\/\/xstyle.md\/ro\/produs\/flazhok-m-wave-safety-flagpole\/","og_site_name":"\u041c\u0430\u0433\u0430\u0437\u0438\u043d Xstyle","article_publisher":"https:\/\/www.facebook.com\/xstylemd","article_modified_time":"2026-04-07T12:22:48+00:00","og_image":[{"width":600,"height":600,"url":"https:\/\/xstyle.md\/wp-content\/uploads\/2020\/07\/120970_v1_110511f.jpg","type":"image\/jpeg"}],"twitter_card":"summary_large_image","twitter_misc":{"Pre\u021b":"240&nbsp;MDL","Disponibilitate":"\u00cen stoc"},"schema":{"@context":"https:\/\/schema.org","@graph":[{"@type":"WebPage","@id":"https:\/\/xstyle.md\/product\/flazhok-m-wave-safety-flagpole\/","url":"https:\/\/xstyle.md\/product\/flazhok-m-wave-safety-flagpole\/","name":"Stegule\u021b reflectorizant M-WAVE safety flagpole - Magazin Xstyle","isPartOf":{"@id":"https:\/\/xstyle.md\/#website"},"primaryImageOfPage":{"@id":"https:\/\/xstyle.md\/product\/flazhok-m-wave-safety-flagpole\/#primaryimage"},"image":{"@id":"https:\/\/xstyle.md\/product\/flazhok-m-wave-safety-flagpole\/#primaryimage"},"thumbnailUrl":"https:\/\/xstyle.md\/wp-content\/uploads\/2020\/07\/120970_v1_110511f.jpg","datePublished":"2020-07-16T19:58:05+00:00","dateModified":"2026-04-07T12:22:48+00:00","description":"Steagul M-WAVE - un steag sigur pentru bicicli\u0219ti. Steag neon str\u0103lucitor, band\u0103 reflectorizant\u0103 \u0219i design convenabil pentru o vizibilitate mai bun\u0103 pe drum.","breadcrumb":{"@id":"https:\/\/xstyle.md\/product\/flazhok-m-wave-safety-flagpole\/#breadcrumb"},"inLanguage":"ro-RO","potentialAction":[{"@type":"ReadAction","target":["https:\/\/xstyle.md\/product\/flazhok-m-wave-safety-flagpole\/"]}]},{"@type":"ImageObject","inLanguage":"ro-RO","@id":"https:\/\/xstyle.md\/product\/flazhok-m-wave-safety-flagpole\/#primaryimage","url":"https:\/\/xstyle.md\/wp-content\/uploads\/2020\/07\/120970_v1_110511f.jpg","contentUrl":"https:\/\/xstyle.md\/wp-content\/uploads\/2020\/07\/120970_v1_110511f.jpg","width":600,"height":600},{"@type":"BreadcrumbList","@id":"https:\/\/xstyle.md\/product\/flazhok-m-wave-safety-flagpole\/#breadcrumb","itemListElement":[{"@type":"ListItem","position":1,"name":"\u0413\u043b\u0430\u0432\u043d\u0430\u044f \u0441\u0442\u0440\u0430\u043d\u0438\u0446\u0430","item":"https:\/\/xstyle.md\/"},{"@type":"ListItem","position":2,"name":"\u041c\u0430\u0433\u0430\u0437\u0438\u043d","item":"https:\/\/xstyle.md\/shop\/"},{"@type":"ListItem","position":3,"name":"\u0424\u043b\u0430\u0436\u043e\u043a M-WAVE safety flagpole"}]},{"@type":"WebSite","@id":"https:\/\/xstyle.md\/#website","url":"https:\/\/xstyle.md\/","name":"Magazinul X-Style","description":"Echipamente pentru turism \u0219i sporturi extreme \u00een Moldova. Pre\u021buri, fotografii, caracteristici \u00een Moldova.","publisher":{"@id":"https:\/\/xstyle.md\/#organization"},"alternateName":"X-Style","potentialAction":[{"@type":"SearchAction","target":{"@type":"EntryPoint","urlTemplate":"https:\/\/xstyle.md\/?s={search_term_string}"},"query-input":{"@type":"PropertyValueSpecification","valueRequired":true,"valueName":"search_term_string"}}],"inLanguage":"ro-RO"},{"@type":"Organization","@id":"https:\/\/xstyle.md\/#organization","name":"Magazinul X-Style","alternateName":"x-style","url":"https:\/\/xstyle.md\/","logo":{"@type":"ImageObject","inLanguage":"ro-RO","@id":"https:\/\/xstyle.md\/#\/schema\/logo\/image\/","url":"https:\/\/xstyle.md\/wp-content\/uploads\/2020\/06\/logoicon.svg","contentUrl":"https:\/\/xstyle.md\/wp-content\/uploads\/2020\/06\/logoicon.svg","caption":"\u041c\u0430\u0433\u0430\u0437\u0438\u043d Xstyle"},"image":{"@id":"https:\/\/xstyle.md\/#\/schema\/logo\/image\/"},"sameAs":["https:\/\/www.facebook.com\/xstylemd","https:\/\/www.instagram.com\/xstyle_md\/","https:\/\/t.me\/xstyle_outdoor"],"hasMerchantReturnPolicy":{"@type":"MerchantReturnPolicy","merchantReturnLink":"https:\/\/xstyle.md\/ro\/conditions\/"}}]},"product_price_amount":"240.00","product_price_currency":"MDL","og_availability":"instock","product_availability":"instock","product_retailer_item_id":"4015493120681","product_condition":"new"},"post_mailing_queue_ids":[],"_links":{"self":[{"href":"https:\/\/xstyle.md\/ro\/wp-json\/wp\/v2\/product\/7708","targetHints":{"allow":["GET"]}}],"collection":[{"href":"https:\/\/xstyle.md\/ro\/wp-json\/wp\/v2\/product"}],"about":[{"href":"https:\/\/xstyle.md\/ro\/wp-json\/wp\/v2\/types\/product"}],"replies":[{"embeddable":true,"href":"https:\/\/xstyle.md\/ro\/wp-json\/wp\/v2\/comments?post=7708"}],"wp:featuredmedia":[{"embeddable":true,"href":"https:\/\/xstyle.md\/ro\/wp-json\/wp\/v2\/media\/7706"}],"wp:attachment":[{"href":"https:\/\/xstyle.md\/ro\/wp-json\/wp\/v2\/media?parent=7708"}],"wp:term":[{"taxonomy":"product_brand","embeddable":true,"href":"https:\/\/xstyle.md\/ro\/wp-json\/wp\/v2\/product_brand?post=7708"},{"taxonomy":"product_cat","embeddable":true,"href":"https:\/\/xstyle.md\/ro\/wp-json\/wp\/v2\/product_cat?post=7708"},{"taxonomy":"product_tag","embeddable":true,"href":"https:\/\/xstyle.md\/ro\/wp-json\/wp\/v2\/product_tag?post=7708"}],"curies":[{"name":"wp","href":"https:\/\/api.w.org\/{rel}","templated":true}]}}