{"id":76660,"date":"2023-12-06T14:39:23","date_gmt":"2023-12-06T11:39:23","guid":{"rendered":"https:\/\/xstyle.md\/?post_type=product&#038;p=76660"},"modified":"2025-10-24T12:55:41","modified_gmt":"2025-10-24T09:55:41","slug":"nozh-mora-pathfinder-black-blade-high-carbonsteel","status":"publish","type":"product","link":"https:\/\/xstyle.md\/ro\/produs\/nozh-mora-pathfinder-black-blade-high-carbonsteel\/","title":{"rendered":"Cu\u021bit Mora Pathfinder Black Blade High CarbonSteel"},"content":{"rendered":"<\/p>\n<p><strong>Mora Pathfinder Black Blade High CarbonSteel<\/strong> &#8212; cu\u021bit din seria Bushcraft. Cuv\u00e2ntul &#171;bushcraft&#187; \u00eenseamn\u0103 literalmente abilitatea de a c\u0103l\u0103tori \u0219i de a exista \u00een natur\u0103 cu echipament minim \u0219i f\u0103r\u0103 ajutorul nim\u0103nui. Astfel, cu\u021bitele din aceast\u0103 serie sunt un instrument universal at\u00e2t \u00een natur\u0103, c\u00e2t \u0219i \u00een &#171;jungla de piatr\u0103&#187;.<\/p>\n<p>Lama cu\u021bitului este fabricat\u0103 din o\u021bel Sandvik 12C27. O\u021belul Sandvik 12C27 este probabil cel mai echilibrat o\u021bel pentru cu\u021bite, posed\u00e2nd \u00een acela\u0219i timp caracteristici excelente de ascu\u021bire, rezisten\u021b\u0103 ridicat\u0103 \u0219i rezisten\u021b\u0103 la coroziune. Aplica\u021bii recomandate pentru acest o\u021bel: cu\u021bite de v\u00e2n\u0103toare, cu\u021bite de camping, cu\u021bite de buzunar, cu\u021bite de buc\u0103t\u0103rie high-end \u0219i cu\u021bite tactice.<\/p>\n<p>Cu o duritate de 54-61 HRC*, o rezisten\u021b\u0103 ridicat\u0103 la impact, o excelent\u0103 p\u0103strare a t\u0103i\u0219ului \u0219i o bun\u0103 rezisten\u021b\u0103 la coroziune, 12C27 este cel mai recomandat o\u021bel pentru produc\u021bia de cu\u021bite de v\u00e2n\u0103toare \u0219i briceaguri, cu\u021bite de \u00eenalt\u0103 calitate pentru buc\u0103tari \u0219i cu\u021bite tactice.<\/p>\n<p>Cu\u021bitul are un m\u00e2ner din cauciuc texturat \u0219i este completat de o teac\u0103 din nailon cu ata\u0219are MOLLE, care asigur\u0103 un transport \u0219i o depozitare de calitate a cu\u021bitului, f\u0103r\u0103 teama de a deteriora hainele \u0219i de a v\u0103 t\u0103ia.<\/p>\n<h3>Caracteristici<\/h3>\n<ul>\n<li>Tip de cu\u021bit: nepliabil<\/li>\n<li>Teac\u0103 inclus\u0103<\/li>\n<li>Tip de t\u0103i\u0219: regulat<\/li>\n<li>Lungime total\u0103: 29,6 cm<\/li>\n<li>Lungimea lamei: 17,2 cm<\/li>\n<li>Material m\u00e2ner: plastic<\/li>\n<li>Duritatea o\u021belului: 54-61 HRC<\/li>\n<li>Calitatea o\u021belului: Sandvik12C27<\/li>\n<li>Greutate: 254 g.<\/li>\n<\/ul>\n<p><\/p>","protected":false},"excerpt":{"rendered":"","protected":false},"featured_media":77200,"comment_status":"open","ping_status":"closed","template":"","meta":{"_acf_changed":false,"inline_featured_image":false},"product_brand":[1368],"product_cat":[169],"product_tag":[],"class_list":{"0":"post-76660","1":"product","2":"type-product","3":"status-publish","4":"has-post-thumbnail","6":"product_brand-mora","7":"product_cat-knives","9":"first","10":"instock","11":"shipping-taxable","12":"purchasable","13":"product-type-simple"},"acf":[],"yoast_head":"<!-- This site is optimized with the Yoast SEO plugin v27.4 - https:\/\/yoast.com\/product\/yoast-seo-wordpress\/ -->\n<title>\u041d\u043e\u0436 Mora Pathfinder Black Blade High CarbonSteel - \u041c\u0430\u0433\u0430\u0437\u0438\u043d Xstyle<\/title>\n<meta name=\"description\" content=\"\u041a\u0443\u043f\u0438\u0442\u0435 \u043d\u043e\u0436 Mora Pathfinder \u0441 \u0447\u0435\u0440\u043d\u044b\u043c \u043b\u0435\u0437\u0432\u0438\u0435\u043c \u0438\u0437 \u0443\u0433\u043b\u0435\u0440\u043e\u0434\u043d\u043e\u0439 \u0441\u0442\u0430\u043b\u0438 Sandvik 12C27. \u0418\u0434\u0435\u0430\u043b\u0435\u043d \u0434\u043b\u044f \u0431\u0443\u0448\u043a\u0440\u0430\u0444\u0442\u0430 \u0438 \u0432\u044b\u0436\u0438\u0432\u0430\u043d\u0438\u044f \u043d\u0430 \u043f\u0440\u0438\u0440\u043e\u0434\u0435. \u0412\u044b\u0441\u043e\u043a\u043e\u0435 \u043a\u0430\u0447\u0435\u0441\u0442\u0432\u043e \u0438 \u043d\u0430\u0434\u0435\u0436\u043d\u043e\u0441\u0442\u044c!\" \/>\n<meta name=\"robots\" content=\"index, follow, max-snippet:-1, max-image-preview:large, max-video-preview:-1\" \/>\n<link rel=\"canonical\" href=\"https:\/\/xstyle.md\/ro\/produs\/nozh-mora-pathfinder-black-blade-high-carbonsteel\/\" \/>\n<meta property=\"og:locale\" content=\"ro_RO\" \/>\n<meta property=\"og:type\" content=\"article\" \/>\n<meta property=\"og:title\" content=\"\u041d\u043e\u0436 Mora Pathfinder Black Blade High CarbonSteel - \u041c\u0430\u0433\u0430\u0437\u0438\u043d Xstyle\" \/>\n<meta property=\"og:description\" content=\"\u041a\u0443\u043f\u0438\u0442\u0435 \u043d\u043e\u0436 Mora Pathfinder \u0441 \u0447\u0435\u0440\u043d\u044b\u043c \u043b\u0435\u0437\u0432\u0438\u0435\u043c \u0438\u0437 \u0443\u0433\u043b\u0435\u0440\u043e\u0434\u043d\u043e\u0439 \u0441\u0442\u0430\u043b\u0438 Sandvik 12C27. \u0418\u0434\u0435\u0430\u043b\u0435\u043d \u0434\u043b\u044f \u0431\u0443\u0448\u043a\u0440\u0430\u0444\u0442\u0430 \u0438 \u0432\u044b\u0436\u0438\u0432\u0430\u043d\u0438\u044f \u043d\u0430 \u043f\u0440\u0438\u0440\u043e\u0434\u0435. \u0412\u044b\u0441\u043e\u043a\u043e\u0435 \u043a\u0430\u0447\u0435\u0441\u0442\u0432\u043e \u0438 \u043d\u0430\u0434\u0435\u0436\u043d\u043e\u0441\u0442\u044c!\" \/>\n<meta property=\"og:url\" content=\"https:\/\/xstyle.md\/ro\/produs\/nozh-mora-pathfinder-black-blade-high-carbonsteel\/\" \/>\n<meta property=\"og:site_name\" content=\"\u041c\u0430\u0433\u0430\u0437\u0438\u043d Xstyle\" \/>\n<meta property=\"article:publisher\" content=\"https:\/\/www.facebook.com\/xstylemd\" \/>\n<meta property=\"article:modified_time\" content=\"2025-10-24T09:55:41+00:00\" \/>\n<meta property=\"og:image\" content=\"https:\/\/xstyle.md\/wp-content\/uploads\/2023\/12\/mora-pathfinder-black-blade-high-carbonsteel.jpg\" \/>\n\t<meta property=\"og:image:width\" content=\"1146\" \/>\n\t<meta property=\"og:image:height\" content=\"966\" \/>\n\t<meta property=\"og:image:type\" content=\"image\/jpeg\" \/>\n<meta name=\"twitter:card\" content=\"summary_large_image\" \/>\n<meta name=\"twitter:label1\" content=\"Pre\u021b\" \/>\n\t<meta name=\"twitter:data1\" content=\"2.190&nbsp;MDL\" \/>\n\t<meta name=\"twitter:label2\" content=\"Disponibilitate\" \/>\n\t<meta name=\"twitter:data2\" content=\"\u00cen stoc\" \/>\n<script type=\"application\/ld+json\" class=\"yoast-schema-graph\">{\"@context\":\"https:\\\/\\\/schema.org\",\"@graph\":[{\"@type\":\"WebPage\",\"@id\":\"https:\\\/\\\/xstyle.md\\\/product\\\/nozh-mora-pathfinder-black-blade-high-carbonsteel\\\/\",\"url\":\"https:\\\/\\\/xstyle.md\\\/product\\\/nozh-mora-pathfinder-black-blade-high-carbonsteel\\\/\",\"name\":\"\u041d\u043e\u0436 Mora Pathfinder Black Blade High CarbonSteel - \u041c\u0430\u0433\u0430\u0437\u0438\u043d Xstyle\",\"isPartOf\":{\"@id\":\"https:\\\/\\\/xstyle.md\\\/#website\"},\"primaryImageOfPage\":{\"@id\":\"https:\\\/\\\/xstyle.md\\\/product\\\/nozh-mora-pathfinder-black-blade-high-carbonsteel\\\/#primaryimage\"},\"image\":{\"@id\":\"https:\\\/\\\/xstyle.md\\\/product\\\/nozh-mora-pathfinder-black-blade-high-carbonsteel\\\/#primaryimage\"},\"thumbnailUrl\":\"https:\\\/\\\/xstyle.md\\\/wp-content\\\/uploads\\\/2023\\\/12\\\/mora-pathfinder-black-blade-high-carbonsteel.jpg\",\"datePublished\":\"2023-12-06T11:39:23+00:00\",\"dateModified\":\"2025-10-24T09:55:41+00:00\",\"description\":\"\u041a\u0443\u043f\u0438\u0442\u0435 \u043d\u043e\u0436 Mora Pathfinder \u0441 \u0447\u0435\u0440\u043d\u044b\u043c \u043b\u0435\u0437\u0432\u0438\u0435\u043c \u0438\u0437 \u0443\u0433\u043b\u0435\u0440\u043e\u0434\u043d\u043e\u0439 \u0441\u0442\u0430\u043b\u0438 Sandvik 12C27. \u0418\u0434\u0435\u0430\u043b\u0435\u043d \u0434\u043b\u044f \u0431\u0443\u0448\u043a\u0440\u0430\u0444\u0442\u0430 \u0438 \u0432\u044b\u0436\u0438\u0432\u0430\u043d\u0438\u044f \u043d\u0430 \u043f\u0440\u0438\u0440\u043e\u0434\u0435. \u0412\u044b\u0441\u043e\u043a\u043e\u0435 \u043a\u0430\u0447\u0435\u0441\u0442\u0432\u043e \u0438 \u043d\u0430\u0434\u0435\u0436\u043d\u043e\u0441\u0442\u044c!\",\"breadcrumb\":{\"@id\":\"https:\\\/\\\/xstyle.md\\\/product\\\/nozh-mora-pathfinder-black-blade-high-carbonsteel\\\/#breadcrumb\"},\"inLanguage\":\"ro-RO\",\"potentialAction\":[{\"@type\":\"ReadAction\",\"target\":[\"https:\\\/\\\/xstyle.md\\\/product\\\/nozh-mora-pathfinder-black-blade-high-carbonsteel\\\/\"]}]},{\"@type\":\"ImageObject\",\"inLanguage\":\"ro-RO\",\"@id\":\"https:\\\/\\\/xstyle.md\\\/product\\\/nozh-mora-pathfinder-black-blade-high-carbonsteel\\\/#primaryimage\",\"url\":\"https:\\\/\\\/xstyle.md\\\/wp-content\\\/uploads\\\/2023\\\/12\\\/mora-pathfinder-black-blade-high-carbonsteel.jpg\",\"contentUrl\":\"https:\\\/\\\/xstyle.md\\\/wp-content\\\/uploads\\\/2023\\\/12\\\/mora-pathfinder-black-blade-high-carbonsteel.jpg\",\"width\":1146,\"height\":966,\"caption\":\"\u0422\u043e\u0432\u0430\u0440\u044b \u0434\u043b\u044f \u0430\u043a\u0442\u0438\u0432\u043d\u043e\u0433\u043e \u043e\u0442\u0434\u044b\u0445\u0430, \u043e\u0434\u0435\u0436\u0434\u0430, \u043e\u0431\u0443\u0432\u044c \u0434\u043b\u044f \u0442\u0443\u0440\u0438\u0437\u043c\u0430 \u0438 \u0430\u043b\u044c\u043f\u0438\u043d\u0438\u0437\u043c\u0430 \u0434\u043b\u044f \u043f\u0443\u0442\u0435\u0448\u0435\u0441\u0442\u0432\u0438\u0439 \u043d\u0430 \u043f\u0440\u0438\u0440\u043e\u0434\u0435, \u043d\u043e\u0436 Mora Pathfinder Black Blade High CarbonSteel \u0432 \u043e\u043d\u043b\u0430\u0439\u043d \u043c\u0430\u0433\u0430\u0437\u0438\u043d\u0435\"},{\"@type\":\"BreadcrumbList\",\"@id\":\"https:\\\/\\\/xstyle.md\\\/product\\\/nozh-mora-pathfinder-black-blade-high-carbonsteel\\\/#breadcrumb\",\"itemListElement\":[{\"@type\":\"ListItem\",\"position\":1,\"name\":\"\u0413\u043b\u0430\u0432\u043d\u0430\u044f \u0441\u0442\u0440\u0430\u043d\u0438\u0446\u0430\",\"item\":\"https:\\\/\\\/xstyle.md\\\/\"},{\"@type\":\"ListItem\",\"position\":2,\"name\":\"\u041c\u0430\u0433\u0430\u0437\u0438\u043d\",\"item\":\"https:\\\/\\\/xstyle.md\\\/shop\\\/\"},{\"@type\":\"ListItem\",\"position\":3,\"name\":\"\u041d\u043e\u0436 Mora Pathfinder Black Blade High CarbonSteel\"}]},{\"@type\":\"WebSite\",\"@id\":\"https:\\\/\\\/xstyle.md\\\/#website\",\"url\":\"https:\\\/\\\/xstyle.md\\\/\",\"name\":\"\u041c\u0430\u0433\u0430\u0437\u0438\u043d Xstyle\",\"description\":\"C\u043d\u0430\u0440\u044f\u0436\u0435\u043d\u0438\u0435 \u0434\u043b\u044f \u0442\u0443\u0440\u0438\u0437\u043c\u0430 \u0438 \u044d\u043a\u0441\u0442\u0440\u0435\u043c\u0430\u043b\u044c\u043d\u044b\u0445 \u0432\u0438\u0434\u043e\u0432 \u0441\u043f\u043e\u0440\u0442\u0430 \u0432 \u041c\u043e\u043b\u0434\u043e\u0432\u0435.. \u0426\u0435\u043d\u044b, \u0444\u043e\u0442\u043e, \u0445\u0430\u0440\u0430\u043a\u0442\u0435\u0440\u0438\u0441\u0442\u0438\u043a\u0438 \u0432 \u041c\u043e\u043b\u0434\u043e\u0432\u0435.\",\"publisher\":{\"@id\":\"https:\\\/\\\/xstyle.md\\\/#organization\"},\"alternateName\":\"X-Style\",\"potentialAction\":[{\"@type\":\"SearchAction\",\"target\":{\"@type\":\"EntryPoint\",\"urlTemplate\":\"https:\\\/\\\/xstyle.md\\\/?s={search_term_string}\"},\"query-input\":{\"@type\":\"PropertyValueSpecification\",\"valueRequired\":true,\"valueName\":\"search_term_string\"}}],\"inLanguage\":\"ro-RO\"},{\"@type\":\"Organization\",\"@id\":\"https:\\\/\\\/xstyle.md\\\/#organization\",\"name\":\"\u041c\u0430\u0433\u0430\u0437\u0438\u043d Xstyle\",\"alternateName\":\"x-style\",\"url\":\"https:\\\/\\\/xstyle.md\\\/\",\"logo\":{\"@type\":\"ImageObject\",\"inLanguage\":\"ro-RO\",\"@id\":\"https:\\\/\\\/xstyle.md\\\/#\\\/schema\\\/logo\\\/image\\\/\",\"url\":\"https:\\\/\\\/xstyle.md\\\/wp-content\\\/uploads\\\/2020\\\/06\\\/logoicon.svg\",\"contentUrl\":\"https:\\\/\\\/xstyle.md\\\/wp-content\\\/uploads\\\/2020\\\/06\\\/logoicon.svg\",\"caption\":\"\u041c\u0430\u0433\u0430\u0437\u0438\u043d Xstyle\"},\"image\":{\"@id\":\"https:\\\/\\\/xstyle.md\\\/#\\\/schema\\\/logo\\\/image\\\/\"},\"sameAs\":[\"https:\\\/\\\/www.facebook.com\\\/xstylemd\",\"https:\\\/\\\/www.instagram.com\\\/xstyle_md\\\/\",\"https:\\\/\\\/t.me\\\/xstyle_outdoor\"],\"hasMerchantReturnPolicy\":{\"@type\":\"MerchantReturnPolicy\",\"merchantReturnLink\":\"https:\\\/\\\/xstyle.md\\\/ro\\\/conditions\\\/\"}}]}<\/script>\n<meta property=\"product:price:amount\" content=\"2190.00\" \/>\n<meta property=\"product:price:currency\" content=\"MDL\" \/>\n<meta property=\"og:availability\" content=\"instock\" \/>\n<meta property=\"product:availability\" content=\"instock\" \/>\n<meta property=\"product:retailer_item_id\" content=\"7391846015451\" \/>\n<meta property=\"product:condition\" content=\"new\" \/>\n<!-- \/ Yoast SEO plugin. -->","yoast_head_json":{"title":"Cu\u021bit Mora Pathfinder Black Blade High CarbonSteel - Magazin Xstyle","description":"Cump\u0103ra\u021bi cu\u021bitul Mora Pathfinder cu lam\u0103 neagr\u0103 din o\u021bel carbon Sandvik 12C27. Ideal pentru bushcraft \u0219i supravie\u021buire \u00een natur\u0103. Calitate \u00eenalt\u0103 \u0219i fiabilitate!","robots":{"index":"index","follow":"follow","max-snippet":"max-snippet:-1","max-image-preview":"max-image-preview:large","max-video-preview":"max-video-preview:-1"},"canonical":"https:\/\/xstyle.md\/ro\/produs\/nozh-mora-pathfinder-black-blade-high-carbonsteel\/","og_locale":"ro_RO","og_type":"article","og_title":"\u041d\u043e\u0436 Mora Pathfinder Black Blade High CarbonSteel - \u041c\u0430\u0433\u0430\u0437\u0438\u043d Xstyle","og_description":"\u041a\u0443\u043f\u0438\u0442\u0435 \u043d\u043e\u0436 Mora Pathfinder \u0441 \u0447\u0435\u0440\u043d\u044b\u043c \u043b\u0435\u0437\u0432\u0438\u0435\u043c \u0438\u0437 \u0443\u0433\u043b\u0435\u0440\u043e\u0434\u043d\u043e\u0439 \u0441\u0442\u0430\u043b\u0438 Sandvik 12C27. \u0418\u0434\u0435\u0430\u043b\u0435\u043d \u0434\u043b\u044f \u0431\u0443\u0448\u043a\u0440\u0430\u0444\u0442\u0430 \u0438 \u0432\u044b\u0436\u0438\u0432\u0430\u043d\u0438\u044f \u043d\u0430 \u043f\u0440\u0438\u0440\u043e\u0434\u0435. \u0412\u044b\u0441\u043e\u043a\u043e\u0435 \u043a\u0430\u0447\u0435\u0441\u0442\u0432\u043e \u0438 \u043d\u0430\u0434\u0435\u0436\u043d\u043e\u0441\u0442\u044c!","og_url":"https:\/\/xstyle.md\/ro\/produs\/nozh-mora-pathfinder-black-blade-high-carbonsteel\/","og_site_name":"\u041c\u0430\u0433\u0430\u0437\u0438\u043d Xstyle","article_publisher":"https:\/\/www.facebook.com\/xstylemd","article_modified_time":"2025-10-24T09:55:41+00:00","og_image":[{"width":1146,"height":966,"url":"https:\/\/xstyle.md\/wp-content\/uploads\/2023\/12\/mora-pathfinder-black-blade-high-carbonsteel.jpg","type":"image\/jpeg"}],"twitter_card":"summary_large_image","twitter_misc":{"Pre\u021b":"2.190&nbsp;MDL","Disponibilitate":"\u00cen stoc"},"schema":{"@context":"https:\/\/schema.org","@graph":[{"@type":"WebPage","@id":"https:\/\/xstyle.md\/product\/nozh-mora-pathfinder-black-blade-high-carbonsteel\/","url":"https:\/\/xstyle.md\/product\/nozh-mora-pathfinder-black-blade-high-carbonsteel\/","name":"Cu\u021bit Mora Pathfinder Black Blade High CarbonSteel - Magazin Xstyle","isPartOf":{"@id":"https:\/\/xstyle.md\/#website"},"primaryImageOfPage":{"@id":"https:\/\/xstyle.md\/product\/nozh-mora-pathfinder-black-blade-high-carbonsteel\/#primaryimage"},"image":{"@id":"https:\/\/xstyle.md\/product\/nozh-mora-pathfinder-black-blade-high-carbonsteel\/#primaryimage"},"thumbnailUrl":"https:\/\/xstyle.md\/wp-content\/uploads\/2023\/12\/mora-pathfinder-black-blade-high-carbonsteel.jpg","datePublished":"2023-12-06T11:39:23+00:00","dateModified":"2025-10-24T09:55:41+00:00","description":"Cump\u0103ra\u021bi cu\u021bitul Mora Pathfinder cu lam\u0103 neagr\u0103 din o\u021bel carbon Sandvik 12C27. Ideal pentru bushcraft \u0219i supravie\u021buire \u00een natur\u0103. Calitate \u00eenalt\u0103 \u0219i fiabilitate!","breadcrumb":{"@id":"https:\/\/xstyle.md\/product\/nozh-mora-pathfinder-black-blade-high-carbonsteel\/#breadcrumb"},"inLanguage":"ro-RO","potentialAction":[{"@type":"ReadAction","target":["https:\/\/xstyle.md\/product\/nozh-mora-pathfinder-black-blade-high-carbonsteel\/"]}]},{"@type":"ImageObject","inLanguage":"ro-RO","@id":"https:\/\/xstyle.md\/product\/nozh-mora-pathfinder-black-blade-high-carbonsteel\/#primaryimage","url":"https:\/\/xstyle.md\/wp-content\/uploads\/2023\/12\/mora-pathfinder-black-blade-high-carbonsteel.jpg","contentUrl":"https:\/\/xstyle.md\/wp-content\/uploads\/2023\/12\/mora-pathfinder-black-blade-high-carbonsteel.jpg","width":1146,"height":966,"caption":"\u0422\u043e\u0432\u0430\u0440\u044b \u0434\u043b\u044f \u0430\u043a\u0442\u0438\u0432\u043d\u043e\u0433\u043e \u043e\u0442\u0434\u044b\u0445\u0430, \u043e\u0434\u0435\u0436\u0434\u0430, \u043e\u0431\u0443\u0432\u044c \u0434\u043b\u044f \u0442\u0443\u0440\u0438\u0437\u043c\u0430 \u0438 \u0430\u043b\u044c\u043f\u0438\u043d\u0438\u0437\u043c\u0430 \u0434\u043b\u044f \u043f\u0443\u0442\u0435\u0448\u0435\u0441\u0442\u0432\u0438\u0439 \u043d\u0430 \u043f\u0440\u0438\u0440\u043e\u0434\u0435, \u043d\u043e\u0436 Mora Pathfinder Black Blade High CarbonSteel \u0432 \u043e\u043d\u043b\u0430\u0439\u043d \u043c\u0430\u0433\u0430\u0437\u0438\u043d\u0435"},{"@type":"BreadcrumbList","@id":"https:\/\/xstyle.md\/product\/nozh-mora-pathfinder-black-blade-high-carbonsteel\/#breadcrumb","itemListElement":[{"@type":"ListItem","position":1,"name":"\u0413\u043b\u0430\u0432\u043d\u0430\u044f \u0441\u0442\u0440\u0430\u043d\u0438\u0446\u0430","item":"https:\/\/xstyle.md\/"},{"@type":"ListItem","position":2,"name":"\u041c\u0430\u0433\u0430\u0437\u0438\u043d","item":"https:\/\/xstyle.md\/shop\/"},{"@type":"ListItem","position":3,"name":"\u041d\u043e\u0436 Mora Pathfinder Black Blade High CarbonSteel"}]},{"@type":"WebSite","@id":"https:\/\/xstyle.md\/#website","url":"https:\/\/xstyle.md\/","name":"Magazinul X-Style","description":"Echipamente pentru turism \u0219i sporturi extreme \u00een Moldova. Pre\u021buri, fotografii, caracteristici \u00een Moldova.","publisher":{"@id":"https:\/\/xstyle.md\/#organization"},"alternateName":"X-Style","potentialAction":[{"@type":"SearchAction","target":{"@type":"EntryPoint","urlTemplate":"https:\/\/xstyle.md\/?s={search_term_string}"},"query-input":{"@type":"PropertyValueSpecification","valueRequired":true,"valueName":"search_term_string"}}],"inLanguage":"ro-RO"},{"@type":"Organization","@id":"https:\/\/xstyle.md\/#organization","name":"Magazinul X-Style","alternateName":"x-style","url":"https:\/\/xstyle.md\/","logo":{"@type":"ImageObject","inLanguage":"ro-RO","@id":"https:\/\/xstyle.md\/#\/schema\/logo\/image\/","url":"https:\/\/xstyle.md\/wp-content\/uploads\/2020\/06\/logoicon.svg","contentUrl":"https:\/\/xstyle.md\/wp-content\/uploads\/2020\/06\/logoicon.svg","caption":"\u041c\u0430\u0433\u0430\u0437\u0438\u043d Xstyle"},"image":{"@id":"https:\/\/xstyle.md\/#\/schema\/logo\/image\/"},"sameAs":["https:\/\/www.facebook.com\/xstylemd","https:\/\/www.instagram.com\/xstyle_md\/","https:\/\/t.me\/xstyle_outdoor"],"hasMerchantReturnPolicy":{"@type":"MerchantReturnPolicy","merchantReturnLink":"https:\/\/xstyle.md\/ro\/conditions\/"}}]},"product_price_amount":"2190.00","product_price_currency":"MDL","og_availability":"instock","product_availability":"instock","product_retailer_item_id":"7391846015451","product_condition":"new"},"_links":{"self":[{"href":"https:\/\/xstyle.md\/ro\/wp-json\/wp\/v2\/product\/76660","targetHints":{"allow":["GET"]}}],"collection":[{"href":"https:\/\/xstyle.md\/ro\/wp-json\/wp\/v2\/product"}],"about":[{"href":"https:\/\/xstyle.md\/ro\/wp-json\/wp\/v2\/types\/product"}],"replies":[{"embeddable":true,"href":"https:\/\/xstyle.md\/ro\/wp-json\/wp\/v2\/comments?post=76660"}],"wp:featuredmedia":[{"embeddable":true,"href":"https:\/\/xstyle.md\/ro\/wp-json\/wp\/v2\/media\/77200"}],"wp:attachment":[{"href":"https:\/\/xstyle.md\/ro\/wp-json\/wp\/v2\/media?parent=76660"}],"wp:term":[{"taxonomy":"product_brand","embeddable":true,"href":"https:\/\/xstyle.md\/ro\/wp-json\/wp\/v2\/product_brand?post=76660"},{"taxonomy":"product_cat","embeddable":true,"href":"https:\/\/xstyle.md\/ro\/wp-json\/wp\/v2\/product_cat?post=76660"},{"taxonomy":"product_tag","embeddable":true,"href":"https:\/\/xstyle.md\/ro\/wp-json\/wp\/v2\/product_tag?post=76660"}],"curies":[{"name":"wp","href":"https:\/\/api.w.org\/{rel}","templated":true}]}}