{"id":7639,"date":"2020-07-16T22:54:34","date_gmt":"2020-07-16T19:54:34","guid":{"rendered":"https:\/\/xstyle.md\/product\/velosipednye-gripsy-velo-ergogel-d3-bar-bicycle-grips-135-mm"},"modified":"2026-03-19T16:34:14","modified_gmt":"2026-03-19T13:34:14","slug":"velosipednye-gripsy-velo-ergogel-d3-bar-bicycle-grips-135-mm","status":"publish","type":"product","link":"https:\/\/xstyle.md\/ro\/produs\/velosipednye-gripsy-velo-ergogel-d3-bar-bicycle-grips-135-mm\/","title":{"rendered":"Gripuri de biciclet\u0103 VELO Ergogel D3 Bar bicycle grips 135 mm"},"content":{"rendered":"<\/p>\n<p><strong>Gripuri de biciclet\u0103 VELO Ergogel D3 Bar bicycle grips 135 mm &#8212;\u00a0<\/strong>inser\u021biile de gel reduc presiunea \u0219i \u00eempiedic\u0103 amor\u021birea bra\u021belor. Estompeaz\u0103 excelent vibra\u021biile \u0219i \u0219ocurile.<\/p>\n<h3>Particularit\u0103\u021bi<\/h3>\n<ul>\n<li>Ofer\u0103 o distribu\u021bie optim\u0103 a presiunii pe \u00eentreaga suprafa\u021b\u0103<\/li>\n<li>Inser\u021biile de gel din trei zone reduc presiunea asupra plexurilor nervoase majore \u0219i evit\u0103 amor\u021beala degetelor \u0219i a m\u00e2inilor<\/li>\n<li>Amortizare excelent\u0103 a vibra\u021biilor<\/li>\n<li>Form\u0103 ergonomic\u0103<\/li>\n<li>Dopuri din plastic incluse<\/li>\n<li>Asamblare\/demontare u\u0219oar\u0103<\/li>\n<li>Conexiune filetat\u0103<\/li>\n<\/ul>\n<h3>Caracteristici<\/h3>\n<ul>\n<li>Material &#8212; cauciuc \/ gel<\/li>\n<li>Lungimea m\u00e2nerului &#8212; 135 mm<\/li>\n<\/ul>\n<p><\/p>","protected":false},"excerpt":{"rendered":"<p>Gripuri de biciclet\u0103 VELO Ergogel D3 Bar bicycle grips 135 mm<\/p>","protected":false},"featured_media":7638,"comment_status":"open","ping_status":"closed","template":"","meta":{"_acf_changed":false,"inline_featured_image":false},"product_brand":[1372],"product_cat":[406],"product_tag":[],"class_list":{"0":"post-7639","1":"product","2":"type-product","3":"status-publish","4":"has-post-thumbnail","6":"product_brand-messingschlager","7":"product_cat-bike-accessories","9":"first","10":"instock","11":"shipping-taxable","12":"purchasable","13":"product-type-simple"},"acf":[],"yoast_head":"<!-- This site is optimized with the Yoast SEO plugin v27.2 - https:\/\/yoast.com\/product\/yoast-seo-wordpress\/ -->\n<title>\u0412\u0435\u043b\u043e\u0441\u0438\u043f\u0435\u0434\u043d\u044b\u0435 \u0433\u0440\u0438\u043f\u0441\u044b VELO Ergogel D3 Bar bicycle grips 135 mm - \u041c\u0430\u0433\u0430\u0437\u0438\u043d Xstyle<\/title>\n<meta name=\"description\" content=\"\u0412\u0435\u043b\u043e\u0441\u0438\u043f\u0435\u0434\u043d\u044b\u0435 \u0433\u0440\u0438\u043f\u0441\u044b VELO Ergogel D3 135 \u043c\u043c \u0441 \u0433\u0435\u043b\u0435\u0432\u044b\u043c\u0438 \u0432\u0441\u0442\u0430\u0432\u043a\u0430\u043c\u0438 \u0443\u043c\u0435\u043d\u044c\u0448\u0430\u044e\u0442 \u0434\u0430\u0432\u043b\u0435\u043d\u0438\u0435, \u043f\u0440\u0435\u0434\u043e\u0442\u0432\u0440\u0430\u0449\u0430\u044e\u0442 \u043e\u043d\u0435\u043c\u0435\u043d\u0438\u0435 \u0438 \u043f\u0440\u0435\u043a\u0440\u0430\u0441\u043d\u043e \u0433\u0430\u0441\u044f\u0442 \u0432\u0438\u0431\u0440\u0430\u0446\u0438\u0438.\" \/>\n<meta name=\"robots\" content=\"index, follow, max-snippet:-1, max-image-preview:large, max-video-preview:-1\" \/>\n<link rel=\"canonical\" href=\"https:\/\/xstyle.md\/ro\/produs\/velosipednye-gripsy-velo-ergogel-d3-bar-bicycle-grips-135-mm\/\" \/>\n<meta property=\"og:locale\" content=\"ro_RO\" \/>\n<meta property=\"og:type\" content=\"article\" \/>\n<meta property=\"og:title\" content=\"\u0412\u0435\u043b\u043e\u0441\u0438\u043f\u0435\u0434\u043d\u044b\u0435 \u0433\u0440\u0438\u043f\u0441\u044b VELO Ergogel D3 Bar bicycle grips 135 mm - \u041c\u0430\u0433\u0430\u0437\u0438\u043d Xstyle\" \/>\n<meta property=\"og:description\" content=\"\u0412\u0435\u043b\u043e\u0441\u0438\u043f\u0435\u0434\u043d\u044b\u0435 \u0433\u0440\u0438\u043f\u0441\u044b VELO Ergogel D3 135 \u043c\u043c \u0441 \u0433\u0435\u043b\u0435\u0432\u044b\u043c\u0438 \u0432\u0441\u0442\u0430\u0432\u043a\u0430\u043c\u0438 \u0443\u043c\u0435\u043d\u044c\u0448\u0430\u044e\u0442 \u0434\u0430\u0432\u043b\u0435\u043d\u0438\u0435, \u043f\u0440\u0435\u0434\u043e\u0442\u0432\u0440\u0430\u0449\u0430\u044e\u0442 \u043e\u043d\u0435\u043c\u0435\u043d\u0438\u0435 \u0438 \u043f\u0440\u0435\u043a\u0440\u0430\u0441\u043d\u043e \u0433\u0430\u0441\u044f\u0442 \u0432\u0438\u0431\u0440\u0430\u0446\u0438\u0438.\" \/>\n<meta property=\"og:url\" content=\"https:\/\/xstyle.md\/ro\/produs\/velosipednye-gripsy-velo-ergogel-d3-bar-bicycle-grips-135-mm\/\" \/>\n<meta property=\"og:site_name\" content=\"\u041c\u0430\u0433\u0430\u0437\u0438\u043d Xstyle\" \/>\n<meta property=\"article:publisher\" content=\"https:\/\/www.facebook.com\/xstylemd\" \/>\n<meta property=\"article:modified_time\" content=\"2026-03-19T13:34:14+00:00\" \/>\n<meta property=\"og:image\" content=\"https:\/\/xstyle.md\/wp-content\/uploads\/2020\/07\/410466_110616.jpg\" \/>\n\t<meta property=\"og:image:width\" content=\"600\" \/>\n\t<meta property=\"og:image:height\" content=\"600\" \/>\n\t<meta property=\"og:image:type\" content=\"image\/jpeg\" \/>\n<meta name=\"twitter:card\" content=\"summary_large_image\" \/>\n<meta name=\"twitter:label1\" content=\"Pre\u021b\" \/>\n\t<meta name=\"twitter:data1\" content=\"470&nbsp;MDL\" \/>\n\t<meta name=\"twitter:label2\" content=\"Disponibilitate\" \/>\n\t<meta name=\"twitter:data2\" content=\"\u00cen stoc\" \/>\n<script type=\"application\/ld+json\" class=\"yoast-schema-graph\">{\"@context\":\"https:\/\/schema.org\",\"@graph\":[{\"@type\":\"WebPage\",\"@id\":\"https:\/\/xstyle.md\/product\/velosipednye-gripsy-velo-ergogel-d3-bar-bicycle-grips-135-mm\/\",\"url\":\"https:\/\/xstyle.md\/product\/velosipednye-gripsy-velo-ergogel-d3-bar-bicycle-grips-135-mm\/\",\"name\":\"\u0412\u0435\u043b\u043e\u0441\u0438\u043f\u0435\u0434\u043d\u044b\u0435 \u0433\u0440\u0438\u043f\u0441\u044b VELO Ergogel D3 Bar bicycle grips 135 mm - \u041c\u0430\u0433\u0430\u0437\u0438\u043d Xstyle\",\"isPartOf\":{\"@id\":\"https:\/\/xstyle.md\/#website\"},\"primaryImageOfPage\":{\"@id\":\"https:\/\/xstyle.md\/product\/velosipednye-gripsy-velo-ergogel-d3-bar-bicycle-grips-135-mm\/#primaryimage\"},\"image\":{\"@id\":\"https:\/\/xstyle.md\/product\/velosipednye-gripsy-velo-ergogel-d3-bar-bicycle-grips-135-mm\/#primaryimage\"},\"thumbnailUrl\":\"https:\/\/xstyle.md\/wp-content\/uploads\/2020\/07\/410466_110616.jpg\",\"datePublished\":\"2020-07-16T19:54:34+00:00\",\"dateModified\":\"2026-03-19T13:34:14+00:00\",\"description\":\"\u0412\u0435\u043b\u043e\u0441\u0438\u043f\u0435\u0434\u043d\u044b\u0435 \u0433\u0440\u0438\u043f\u0441\u044b VELO Ergogel D3 135 \u043c\u043c \u0441 \u0433\u0435\u043b\u0435\u0432\u044b\u043c\u0438 \u0432\u0441\u0442\u0430\u0432\u043a\u0430\u043c\u0438 \u0443\u043c\u0435\u043d\u044c\u0448\u0430\u044e\u0442 \u0434\u0430\u0432\u043b\u0435\u043d\u0438\u0435, \u043f\u0440\u0435\u0434\u043e\u0442\u0432\u0440\u0430\u0449\u0430\u044e\u0442 \u043e\u043d\u0435\u043c\u0435\u043d\u0438\u0435 \u0438 \u043f\u0440\u0435\u043a\u0440\u0430\u0441\u043d\u043e \u0433\u0430\u0441\u044f\u0442 \u0432\u0438\u0431\u0440\u0430\u0446\u0438\u0438.\",\"breadcrumb\":{\"@id\":\"https:\/\/xstyle.md\/product\/velosipednye-gripsy-velo-ergogel-d3-bar-bicycle-grips-135-mm\/#breadcrumb\"},\"inLanguage\":\"ro-RO\",\"potentialAction\":[{\"@type\":\"ReadAction\",\"target\":[\"https:\/\/xstyle.md\/product\/velosipednye-gripsy-velo-ergogel-d3-bar-bicycle-grips-135-mm\/\"]}]},{\"@type\":\"ImageObject\",\"inLanguage\":\"ro-RO\",\"@id\":\"https:\/\/xstyle.md\/product\/velosipednye-gripsy-velo-ergogel-d3-bar-bicycle-grips-135-mm\/#primaryimage\",\"url\":\"https:\/\/xstyle.md\/wp-content\/uploads\/2020\/07\/410466_110616.jpg\",\"contentUrl\":\"https:\/\/xstyle.md\/wp-content\/uploads\/2020\/07\/410466_110616.jpg\",\"width\":600,\"height\":600},{\"@type\":\"BreadcrumbList\",\"@id\":\"https:\/\/xstyle.md\/product\/velosipednye-gripsy-velo-ergogel-d3-bar-bicycle-grips-135-mm\/#breadcrumb\",\"itemListElement\":[{\"@type\":\"ListItem\",\"position\":1,\"name\":\"\u0413\u043b\u0430\u0432\u043d\u0430\u044f \u0441\u0442\u0440\u0430\u043d\u0438\u0446\u0430\",\"item\":\"https:\/\/xstyle.md\/\"},{\"@type\":\"ListItem\",\"position\":2,\"name\":\"\u041c\u0430\u0433\u0430\u0437\u0438\u043d\",\"item\":\"https:\/\/xstyle.md\/shop\/\"},{\"@type\":\"ListItem\",\"position\":3,\"name\":\"\u0412\u0435\u043b\u043e\u0441\u0438\u043f\u0435\u0434\u043d\u044b\u0435 \u0433\u0440\u0438\u043f\u0441\u044b VELO Ergogel D3 Bar bicycle grips 135 mm\"}]},{\"@type\":\"WebSite\",\"@id\":\"https:\/\/xstyle.md\/#website\",\"url\":\"https:\/\/xstyle.md\/\",\"name\":\"\u041c\u0430\u0433\u0430\u0437\u0438\u043d Xstyle\",\"description\":\"C\u043d\u0430\u0440\u044f\u0436\u0435\u043d\u0438\u0435 \u0434\u043b\u044f \u0442\u0443\u0440\u0438\u0437\u043c\u0430 \u0438 \u044d\u043a\u0441\u0442\u0440\u0435\u043c\u0430\u043b\u044c\u043d\u044b\u0445 \u0432\u0438\u0434\u043e\u0432 \u0441\u043f\u043e\u0440\u0442\u0430 \u0432 \u041c\u043e\u043b\u0434\u043e\u0432\u0435.. \u0426\u0435\u043d\u044b, \u0444\u043e\u0442\u043e, \u0445\u0430\u0440\u0430\u043a\u0442\u0435\u0440\u0438\u0441\u0442\u0438\u043a\u0438 \u0432 \u041c\u043e\u043b\u0434\u043e\u0432\u0435.\",\"publisher\":{\"@id\":\"https:\/\/xstyle.md\/#organization\"},\"alternateName\":\"X-Style\",\"potentialAction\":[{\"@type\":\"SearchAction\",\"target\":{\"@type\":\"EntryPoint\",\"urlTemplate\":\"https:\/\/xstyle.md\/?s={search_term_string}\"},\"query-input\":{\"@type\":\"PropertyValueSpecification\",\"valueRequired\":true,\"valueName\":\"search_term_string\"}}],\"inLanguage\":\"ro-RO\"},{\"@type\":\"Organization\",\"@id\":\"https:\/\/xstyle.md\/#organization\",\"name\":\"\u041c\u0430\u0433\u0430\u0437\u0438\u043d Xstyle\",\"alternateName\":\"x-style\",\"url\":\"https:\/\/xstyle.md\/\",\"logo\":{\"@type\":\"ImageObject\",\"inLanguage\":\"ro-RO\",\"@id\":\"https:\/\/xstyle.md\/#\/schema\/logo\/image\/\",\"url\":\"https:\/\/xstyle.md\/wp-content\/uploads\/2020\/06\/logoicon.svg\",\"contentUrl\":\"https:\/\/xstyle.md\/wp-content\/uploads\/2020\/06\/logoicon.svg\",\"caption\":\"\u041c\u0430\u0433\u0430\u0437\u0438\u043d Xstyle\"},\"image\":{\"@id\":\"https:\/\/xstyle.md\/#\/schema\/logo\/image\/\"},\"sameAs\":[\"https:\/\/www.facebook.com\/xstylemd\",\"https:\/\/www.instagram.com\/xstyle_md\/\",\"https:\/\/t.me\/xstyle_outdoor\"],\"hasMerchantReturnPolicy\":{\"@type\":\"MerchantReturnPolicy\",\"merchantReturnLink\":\"https:\/\/xstyle.md\/ro\/conditions\/\"}}]}<\/script>\n<meta property=\"product:price:amount\" content=\"470.00\" \/>\n<meta property=\"product:price:currency\" content=\"MDL\" \/>\n<meta property=\"og:availability\" content=\"instock\" \/>\n<meta property=\"product:availability\" content=\"instock\" \/>\n<meta property=\"product:retailer_item_id\" content=\"4015493410805\" \/>\n<meta property=\"product:condition\" content=\"new\" \/>\n<!-- \/ Yoast SEO plugin. -->","yoast_head_json":{"title":"Gripuri de biciclet\u0103 VELO Ergogel D3 Bar bicycle grips 135 mm - Magazin Xstyle","description":"M\u00e2nerele de biciclet\u0103 VELO Ergogel D3 de 135 mm cu inser\u021bii din gel reduc presiunea, previn amor\u021belile \u0219i amortizeaz\u0103 excelent vibra\u021biile.","robots":{"index":"index","follow":"follow","max-snippet":"max-snippet:-1","max-image-preview":"max-image-preview:large","max-video-preview":"max-video-preview:-1"},"canonical":"https:\/\/xstyle.md\/ro\/produs\/velosipednye-gripsy-velo-ergogel-d3-bar-bicycle-grips-135-mm\/","og_locale":"ro_RO","og_type":"article","og_title":"\u0412\u0435\u043b\u043e\u0441\u0438\u043f\u0435\u0434\u043d\u044b\u0435 \u0433\u0440\u0438\u043f\u0441\u044b VELO Ergogel D3 Bar bicycle grips 135 mm - \u041c\u0430\u0433\u0430\u0437\u0438\u043d Xstyle","og_description":"\u0412\u0435\u043b\u043e\u0441\u0438\u043f\u0435\u0434\u043d\u044b\u0435 \u0433\u0440\u0438\u043f\u0441\u044b VELO Ergogel D3 135 \u043c\u043c \u0441 \u0433\u0435\u043b\u0435\u0432\u044b\u043c\u0438 \u0432\u0441\u0442\u0430\u0432\u043a\u0430\u043c\u0438 \u0443\u043c\u0435\u043d\u044c\u0448\u0430\u044e\u0442 \u0434\u0430\u0432\u043b\u0435\u043d\u0438\u0435, \u043f\u0440\u0435\u0434\u043e\u0442\u0432\u0440\u0430\u0449\u0430\u044e\u0442 \u043e\u043d\u0435\u043c\u0435\u043d\u0438\u0435 \u0438 \u043f\u0440\u0435\u043a\u0440\u0430\u0441\u043d\u043e \u0433\u0430\u0441\u044f\u0442 \u0432\u0438\u0431\u0440\u0430\u0446\u0438\u0438.","og_url":"https:\/\/xstyle.md\/ro\/produs\/velosipednye-gripsy-velo-ergogel-d3-bar-bicycle-grips-135-mm\/","og_site_name":"\u041c\u0430\u0433\u0430\u0437\u0438\u043d Xstyle","article_publisher":"https:\/\/www.facebook.com\/xstylemd","article_modified_time":"2026-03-19T13:34:14+00:00","og_image":[{"width":600,"height":600,"url":"https:\/\/xstyle.md\/wp-content\/uploads\/2020\/07\/410466_110616.jpg","type":"image\/jpeg"}],"twitter_card":"summary_large_image","twitter_misc":{"Pre\u021b":"470&nbsp;MDL","Disponibilitate":"\u00cen stoc"},"schema":{"@context":"https:\/\/schema.org","@graph":[{"@type":"WebPage","@id":"https:\/\/xstyle.md\/product\/velosipednye-gripsy-velo-ergogel-d3-bar-bicycle-grips-135-mm\/","url":"https:\/\/xstyle.md\/product\/velosipednye-gripsy-velo-ergogel-d3-bar-bicycle-grips-135-mm\/","name":"Gripuri de biciclet\u0103 VELO Ergogel D3 Bar bicycle grips 135 mm - Magazin Xstyle","isPartOf":{"@id":"https:\/\/xstyle.md\/#website"},"primaryImageOfPage":{"@id":"https:\/\/xstyle.md\/product\/velosipednye-gripsy-velo-ergogel-d3-bar-bicycle-grips-135-mm\/#primaryimage"},"image":{"@id":"https:\/\/xstyle.md\/product\/velosipednye-gripsy-velo-ergogel-d3-bar-bicycle-grips-135-mm\/#primaryimage"},"thumbnailUrl":"https:\/\/xstyle.md\/wp-content\/uploads\/2020\/07\/410466_110616.jpg","datePublished":"2020-07-16T19:54:34+00:00","dateModified":"2026-03-19T13:34:14+00:00","description":"M\u00e2nerele de biciclet\u0103 VELO Ergogel D3 de 135 mm cu inser\u021bii din gel reduc presiunea, previn amor\u021belile \u0219i amortizeaz\u0103 excelent vibra\u021biile.","breadcrumb":{"@id":"https:\/\/xstyle.md\/product\/velosipednye-gripsy-velo-ergogel-d3-bar-bicycle-grips-135-mm\/#breadcrumb"},"inLanguage":"ro-RO","potentialAction":[{"@type":"ReadAction","target":["https:\/\/xstyle.md\/product\/velosipednye-gripsy-velo-ergogel-d3-bar-bicycle-grips-135-mm\/"]}]},{"@type":"ImageObject","inLanguage":"ro-RO","@id":"https:\/\/xstyle.md\/product\/velosipednye-gripsy-velo-ergogel-d3-bar-bicycle-grips-135-mm\/#primaryimage","url":"https:\/\/xstyle.md\/wp-content\/uploads\/2020\/07\/410466_110616.jpg","contentUrl":"https:\/\/xstyle.md\/wp-content\/uploads\/2020\/07\/410466_110616.jpg","width":600,"height":600},{"@type":"BreadcrumbList","@id":"https:\/\/xstyle.md\/product\/velosipednye-gripsy-velo-ergogel-d3-bar-bicycle-grips-135-mm\/#breadcrumb","itemListElement":[{"@type":"ListItem","position":1,"name":"\u0413\u043b\u0430\u0432\u043d\u0430\u044f \u0441\u0442\u0440\u0430\u043d\u0438\u0446\u0430","item":"https:\/\/xstyle.md\/"},{"@type":"ListItem","position":2,"name":"\u041c\u0430\u0433\u0430\u0437\u0438\u043d","item":"https:\/\/xstyle.md\/shop\/"},{"@type":"ListItem","position":3,"name":"\u0412\u0435\u043b\u043e\u0441\u0438\u043f\u0435\u0434\u043d\u044b\u0435 \u0433\u0440\u0438\u043f\u0441\u044b VELO Ergogel D3 Bar bicycle grips 135 mm"}]},{"@type":"WebSite","@id":"https:\/\/xstyle.md\/#website","url":"https:\/\/xstyle.md\/","name":"Magazinul X-Style","description":"Echipamente pentru turism \u0219i sporturi extreme \u00een Moldova. Pre\u021buri, fotografii, caracteristici \u00een Moldova.","publisher":{"@id":"https:\/\/xstyle.md\/#organization"},"alternateName":"X-Style","potentialAction":[{"@type":"SearchAction","target":{"@type":"EntryPoint","urlTemplate":"https:\/\/xstyle.md\/?s={search_term_string}"},"query-input":{"@type":"PropertyValueSpecification","valueRequired":true,"valueName":"search_term_string"}}],"inLanguage":"ro-RO"},{"@type":"Organization","@id":"https:\/\/xstyle.md\/#organization","name":"Magazinul X-Style","alternateName":"x-style","url":"https:\/\/xstyle.md\/","logo":{"@type":"ImageObject","inLanguage":"ro-RO","@id":"https:\/\/xstyle.md\/#\/schema\/logo\/image\/","url":"https:\/\/xstyle.md\/wp-content\/uploads\/2020\/06\/logoicon.svg","contentUrl":"https:\/\/xstyle.md\/wp-content\/uploads\/2020\/06\/logoicon.svg","caption":"\u041c\u0430\u0433\u0430\u0437\u0438\u043d Xstyle"},"image":{"@id":"https:\/\/xstyle.md\/#\/schema\/logo\/image\/"},"sameAs":["https:\/\/www.facebook.com\/xstylemd","https:\/\/www.instagram.com\/xstyle_md\/","https:\/\/t.me\/xstyle_outdoor"],"hasMerchantReturnPolicy":{"@type":"MerchantReturnPolicy","merchantReturnLink":"https:\/\/xstyle.md\/ro\/conditions\/"}}]},"product_price_amount":"470.00","product_price_currency":"MDL","og_availability":"instock","product_availability":"instock","product_retailer_item_id":"4015493410805","product_condition":"new"},"post_mailing_queue_ids":[],"_links":{"self":[{"href":"https:\/\/xstyle.md\/ro\/wp-json\/wp\/v2\/product\/7639","targetHints":{"allow":["GET"]}}],"collection":[{"href":"https:\/\/xstyle.md\/ro\/wp-json\/wp\/v2\/product"}],"about":[{"href":"https:\/\/xstyle.md\/ro\/wp-json\/wp\/v2\/types\/product"}],"replies":[{"embeddable":true,"href":"https:\/\/xstyle.md\/ro\/wp-json\/wp\/v2\/comments?post=7639"}],"wp:featuredmedia":[{"embeddable":true,"href":"https:\/\/xstyle.md\/ro\/wp-json\/wp\/v2\/media\/7638"}],"wp:attachment":[{"href":"https:\/\/xstyle.md\/ro\/wp-json\/wp\/v2\/media?parent=7639"}],"wp:term":[{"taxonomy":"product_brand","embeddable":true,"href":"https:\/\/xstyle.md\/ro\/wp-json\/wp\/v2\/product_brand?post=7639"},{"taxonomy":"product_cat","embeddable":true,"href":"https:\/\/xstyle.md\/ro\/wp-json\/wp\/v2\/product_cat?post=7639"},{"taxonomy":"product_tag","embeddable":true,"href":"https:\/\/xstyle.md\/ro\/wp-json\/wp\/v2\/product_tag?post=7639"}],"curies":[{"name":"wp","href":"https:\/\/api.w.org\/{rel}","templated":true}]}}